{"id":92660,"date":"2021-07-26T08:54:00","date_gmt":"2021-07-26T08:54:00","guid":{"rendered":"https:\/\/www.internetsociety.org\/special-interest-groups-sigs\/"},"modified":"2024-03-05T12:27:23","modified_gmt":"2024-03-05T12:27:23","slug":"special-interest-groups-sigs","status":"publish","type":"page","link":"https:\/\/www.internetsociety.org\/fr\/sigs\/","title":{"rendered":"Groupes d\u2019int\u00e9r\u00eats sp\u00e9ciaux et groupes permanents"},"content":{"rendered":"\n<section class=\"wp-block-uagb-columns uagb-columns__wrap uagb-columns__background-image uagb-columns__stack-mobile uagb-columns__valign- uagb-columns__gap-10 align uagb-block-d6a40f3e uagb-columns__columns-1 uagb-columns__max_width-theme background-image-fallback-black\"><div class=\"uagb-columns__overlay\"><\/div><div class=\"uagb-columns__inner-wrap uagb-columns__columns-1\">\n<div class=\"wp-block-uagb-column uagb-column__wrap uagb-column__background-undefined uagb-block-87a6a79b\"><div class=\"uagb-column__overlay\"><\/div>\n<h1 class=\"wp-block-heading has-neutral-white-color has-text-color\">Groupes d\u2019int\u00e9r\u00eats sp\u00e9ciaux et <br>groupes permanents<\/h1>\n<\/div>\n<\/div><\/section>\n\n\n\n<div class=\"wp-block-columns is-layout-flex wp-container-core-columns-is-layout-9d6595d7 wp-block-columns-is-layout-flex\">\n<div class=\"wp-block-column is-layout-flow wp-block-column-is-layout-flow\" style=\"flex-basis:10%\"><\/div>\n\n\n\n<div class=\"wp-block-column is-layout-flow wp-block-column-is-layout-flow\" style=\"flex-basis:80%\">\n<div style=\"height:40px\" aria-hidden=\"true\" class=\"wp-block-spacer\"><\/div>\n\n\n\n<h2 class=\"wp-block-heading has-accent-purple-color has-text-color has-48-font-size\">Associez-vous \u00e0 des personnes qui partagent vos aspirations sur les questions qui vous inspirent.&nbsp;O\u00f9 que vous soyez bas\u00e9 au monde.<\/h2>\n\n\n\n<div style=\"height:40px\" aria-hidden=\"true\" class=\"wp-block-spacer\"><\/div>\n\n\n\n<p class=\"has-18-font-size\">Engag\u00e9(e) \u00e0 rendre l\u2019Internet plus accessible ? Passionn\u00e9(e) par la technologie et la fa\u00e7on dont elle peut changer le monde ? Vous souhaitez partager vos connaissances et apprendre de vos pairs ?<\/p>\n\n\n\n<p class=\"has-18-font-size\">\u00c9tablissez des liens avec d\u2019autres membres autour des sujets qui vous passionnent &#8211; des sujets s\u00e9lectionn\u00e9s par la communaut\u00e9 de l\u2019Internet Society !<\/p>\n\n\n\n<div style=\"height:20px\" aria-hidden=\"true\" class=\"wp-block-spacer\"><\/div>\n\n\n\n<h3 class=\"wp-block-heading has-32-font-size\">Groupes de l\u2019int\u00e9r\u00eat sp\u00e9cial<\/h3>\n<\/div>\n\n\n\n<div class=\"wp-block-column is-layout-flow wp-block-column-is-layout-flow\" style=\"flex-basis:10%\"><\/div>\n<\/div>\n\n\n\n<div class=\"wp-block-columns is-layout-flex wp-container-core-columns-is-layout-9d6595d7 wp-block-columns-is-layout-flex\">\n<div class=\"wp-block-column is-layout-flow wp-block-column-is-layout-flow\" style=\"flex-basis:11%\"><\/div>\n\n\n\n<div class=\"wp-block-column is-layout-flow wp-block-column-is-layout-flow\" style=\"flex-basis:15%\">\n<figure class=\"wp-block-image size-full margin-bottom-0 vertical-align-bottom\"><img loading=\"lazy\" decoding=\"async\" width=\"450\" height=\"224\" src=\"https:\/\/www.internetsociety.org\/wp-content\/uploads\/2021\/10\/access.jpeg\" alt=\"un homme et une femme sur le toit d'un immeuble parmi les antennes\" class=\"wp-image-152725\" srcset=\"https:\/\/www.internetsociety.org\/wp-content\/uploads\/2021\/10\/access.jpeg 450w, https:\/\/www.internetsociety.org\/wp-content\/uploads\/2021\/10\/access-250x124.jpeg 250w\" sizes=\"auto, (max-width: 450px) 100vw, 450px\" \/><\/figure>\n\n\n\n<div class=\"wp-block-cover is-light\" style=\"min-height:50px;aspect-ratio:unset;\"><span aria-hidden=\"true\" class=\"wp-block-cover__background has-neutral-white-background-color has-background-dim-100 has-background-dim\"><\/span><div class=\"wp-block-cover__inner-container is-layout-flow wp-block-cover-is-layout-flow\">\n<h4 class=\"wp-block-heading has-depth-green-color has-text-color has-18-font-size\"><a href=\"https:\/\/www.internetsociety.org\/sigs\/affordable-internet-access\/\"><strong>Acc\u00e8s abordable \u00e0 Internet<\/strong><\/a><\/h4>\n<\/div><\/div>\n\n\n\n<div style=\"height:30px\" aria-hidden=\"true\" class=\"wp-block-spacer\"><\/div>\n<\/div>\n\n\n\n<div class=\"wp-block-column is-layout-flow wp-block-column-is-layout-flow\" style=\"flex-basis:15%\">\n<figure class=\"wp-block-image size-full margin-bottom-0 vertical-align-bottom\"><img loading=\"lazy\" decoding=\"async\" width=\"450\" height=\"225\" src=\"https:\/\/www.internetsociety.org\/wp-content\/uploads\/2021\/10\/cybersecurity.jpg\" alt=\"un \u00e9cran avec des cha\u00eenes de donn\u00e9es\" class=\"wp-image-152728\" srcset=\"https:\/\/www.internetsociety.org\/wp-content\/uploads\/2021\/10\/cybersecurity.jpg 450w, https:\/\/www.internetsociety.org\/wp-content\/uploads\/2021\/10\/cybersecurity-250x125.jpg 250w\" sizes=\"auto, (max-width: 450px) 100vw, 450px\" \/><\/figure>\n\n\n\n<div class=\"wp-block-cover is-light\" style=\"min-height:50px;aspect-ratio:unset;\"><span aria-hidden=\"true\" class=\"wp-block-cover__background has-neutral-white-background-color has-background-dim-100 has-background-dim\"><\/span><div class=\"wp-block-cover__inner-container is-layout-flow wp-block-cover-is-layout-flow\">\n<h4 class=\"wp-block-heading has-depth-green-color has-text-color has-18-font-size\"><strong><a href=\"https:\/\/www.internetsociety.org\/sigs\/cybersecurity\/\">Cybers\u00e9curit\u00e9<\/a><\/strong><\/h4>\n\n\n\n<div style=\"height:15px\" aria-hidden=\"true\" class=\"wp-block-spacer\"><\/div>\n<\/div><\/div>\n\n\n\n<div style=\"height:10px\" aria-hidden=\"true\" class=\"wp-block-spacer\"><\/div>\n<\/div>\n\n\n\n<div class=\"wp-block-column is-layout-flow wp-block-column-is-layout-flow\" style=\"flex-basis:15%\">\n<figure class=\"wp-block-image size-full margin-bottom-0 vertical-align-bottom\"><img loading=\"lazy\" decoding=\"async\" width=\"450\" height=\"225\" src=\"https:\/\/www.internetsociety.org\/wp-content\/uploads\/2024\/03\/data-girl-AI-SMALL.jpg\" alt=\"A woman standing in front of a large screen projected with water.\" class=\"wp-image-207683\" srcset=\"https:\/\/www.internetsociety.org\/wp-content\/uploads\/2024\/03\/data-girl-AI-SMALL.jpg 450w, https:\/\/www.internetsociety.org\/wp-content\/uploads\/2024\/03\/data-girl-AI-SMALL-250x125.jpg 250w\" sizes=\"auto, (max-width: 450px) 100vw, 450px\" \/><\/figure>\n\n\n\n<div class=\"wp-block-cover is-light\" style=\"min-height:50px;aspect-ratio:unset;\"><span aria-hidden=\"true\" class=\"wp-block-cover__background has-neutral-white-background-color has-background-dim-100 has-background-dim\"><\/span><div class=\"wp-block-cover__inner-container is-layout-flow wp-block-cover-is-layout-flow\">\n<h4 class=\"wp-block-heading has-depth-green-color has-text-color has-18-font-size\"><strong><a href=\"https:\/\/www.internetsociety.org\/sigs\/artificial-intelligence-ai\/\">Intelligence Artificielle (IA)<\/a><\/strong><\/h4>\n<\/div><\/div>\n\n\n\n<div style=\"height:30px\" aria-hidden=\"true\" class=\"wp-block-spacer\"><\/div>\n<\/div>\n\n\n\n<div class=\"wp-block-column is-layout-flow wp-block-column-is-layout-flow\" style=\"flex-basis:15%\">\n<figure class=\"wp-block-image size-full margin-bottom-0 vertical-align-bottom\"><img loading=\"lazy\" decoding=\"async\" width=\"450\" height=\"225\" src=\"https:\/\/www.internetsociety.org\/wp-content\/uploads\/2021\/10\/education.jpeg\" alt=\"un groupe d'\u00e9coli\u00e8res\" class=\"wp-image-152716\" srcset=\"https:\/\/www.internetsociety.org\/wp-content\/uploads\/2021\/10\/education.jpeg 450w, https:\/\/www.internetsociety.org\/wp-content\/uploads\/2021\/10\/education-250x125.jpeg 250w\" sizes=\"auto, (max-width: 450px) 100vw, 450px\" \/><\/figure>\n\n\n\n<div class=\"wp-block-cover is-light\" style=\"min-height:50px;aspect-ratio:unset;\"><span aria-hidden=\"true\" class=\"wp-block-cover__background has-neutral-white-background-color has-background-dim-100 has-background-dim\"><\/span><div class=\"wp-block-cover__inner-container is-layout-flow wp-block-cover-is-layout-flow\">\n<h4 class=\"wp-block-heading has-depth-green-color has-text-color has-link-color has-18-font-size wp-elements-4a959ad9a9ccaed96c4e648d5f61cab1\"><a href=\"https:\/\/www.internetsociety.org\/sigs\/internet-for-education\/\"><strong>Internet pour l\u2019\u00e9ducation<\/strong><\/a><\/h4>\n\n\n\n<div style=\"height:15px\" aria-hidden=\"true\" class=\"wp-block-spacer\"><\/div>\n<\/div><\/div>\n\n\n\n<div style=\"height:30px\" aria-hidden=\"true\" class=\"wp-block-spacer\"><\/div>\n<\/div>\n\n\n\n<div class=\"wp-block-column is-layout-flow wp-block-column-is-layout-flow\" style=\"flex-basis:15%\">\n<figure class=\"wp-block-image size-full margin-bottom-0 vertical-align-bottom\"><img loading=\"lazy\" decoding=\"async\" width=\"450\" height=\"225\" src=\"https:\/\/www.internetsociety.org\/wp-content\/uploads\/2021\/10\/online-safety.jpg\" alt=\"une femme assise sur le lit dans l'obscurit\u00e9 avec un ordinateur portable\" class=\"wp-image-152719\" srcset=\"https:\/\/www.internetsociety.org\/wp-content\/uploads\/2021\/10\/online-safety.jpg 450w, https:\/\/www.internetsociety.org\/wp-content\/uploads\/2021\/10\/online-safety-250x125.jpg 250w\" sizes=\"auto, (max-width: 450px) 100vw, 450px\" \/><\/figure>\n\n\n\n<div class=\"wp-block-cover is-light\" style=\"min-height:50px;aspect-ratio:unset;\"><span aria-hidden=\"true\" class=\"wp-block-cover__background has-neutral-white-background-color has-background-dim-100 has-background-dim\"><\/span><div class=\"wp-block-cover__inner-container is-layout-flow wp-block-cover-is-layout-flow\">\n<h4 class=\"wp-block-heading has-depth-green-color has-text-color has-18-font-size\"><a href=\"https:\/\/www.internetsociety.org\/sigs\/online-safety\/\"><strong>S\u00e9curit\u00e9 en ligne<\/strong><\/a><\/h4>\n\n\n\n<div style=\"height:15px\" aria-hidden=\"true\" class=\"wp-block-spacer\"><\/div>\n<\/div><\/div>\n\n\n\n<div style=\"height:30px\" aria-hidden=\"true\" class=\"wp-block-spacer\"><\/div>\n<\/div>\n\n\n\n<div class=\"wp-block-column is-layout-flow wp-block-column-is-layout-flow\" style=\"flex-basis:14%\"><\/div>\n<\/div>\n\n\n\n<div class=\"wp-block-columns is-layout-flex wp-container-core-columns-is-layout-9d6595d7 wp-block-columns-is-layout-flex\">\n<div class=\"wp-block-column is-layout-flow wp-block-column-is-layout-flow\" style=\"flex-basis:10%\"><\/div>\n\n\n\n<div class=\"wp-block-column is-layout-flow wp-block-column-is-layout-flow\" style=\"flex-basis:80%\">\n<h3 class=\"wp-block-heading has-32-font-size\">Groupes permanents<\/h3>\n<\/div>\n\n\n\n<div class=\"wp-block-column is-layout-flow wp-block-column-is-layout-flow\" style=\"flex-basis:10%\"><\/div>\n<\/div>\n\n\n\n<div class=\"wp-block-columns is-layout-flex wp-container-core-columns-is-layout-9d6595d7 wp-block-columns-is-layout-flex\">\n<div class=\"wp-block-column is-layout-flow wp-block-column-is-layout-flow\" style=\"flex-basis:11%\"><\/div>\n\n\n\n<div class=\"wp-block-column is-layout-flow wp-block-column-is-layout-flow\" style=\"flex-basis:15%\">\n<figure class=\"wp-block-image size-full margin-bottom-0 vertical-align-bottom\"><img loading=\"lazy\" decoding=\"async\" width=\"451\" height=\"224\" src=\"https:\/\/www.internetsociety.org\/wp-content\/uploads\/2021\/10\/accessibility-min.png\" alt=\"Gar\u00e7ons et filles travaillant devant des ordinateurs\" class=\"wp-image-152731\" srcset=\"https:\/\/www.internetsociety.org\/wp-content\/uploads\/2021\/10\/accessibility-min.png 451w, https:\/\/www.internetsociety.org\/wp-content\/uploads\/2021\/10\/accessibility-min-250x124.png 250w\" sizes=\"auto, (max-width: 451px) 100vw, 451px\" \/><\/figure>\n\n\n\n<div class=\"wp-block-cover is-light\" style=\"min-height:50px;aspect-ratio:unset;\"><span aria-hidden=\"true\" class=\"wp-block-cover__background has-neutral-white-background-color has-background-dim-100 has-background-dim\"><\/span><div class=\"wp-block-cover__inner-container is-layout-flow wp-block-cover-is-layout-flow\">\n<h4 class=\"wp-block-heading has-depth-green-color has-text-color has-18-font-size\"><strong><a href=\"https:\/\/www.internetsociety.org\/sigs\/accessibility\/\">Accessibilit\u00e9<\/a><\/strong><\/h4>\n<\/div><\/div>\n\n\n\n<div style=\"height:30px\" aria-hidden=\"true\" class=\"wp-block-spacer\"><\/div>\n<\/div>\n\n\n\n<div class=\"wp-block-column is-layout-flow wp-block-column-is-layout-flow\" style=\"flex-basis:15%\">\n<figure class=\"wp-block-image size-full margin-bottom-0 vertical-align-bottom\"><img loading=\"lazy\" decoding=\"async\" width=\"450\" height=\"225\" src=\"https:\/\/www.internetsociety.org\/wp-content\/uploads\/2021\/10\/gender.jpeg\" alt=\"Un homme et une femme assis \u00e0 la table lors d\u2019une conf\u00e9rence\" class=\"wp-image-152737\" srcset=\"https:\/\/www.internetsociety.org\/wp-content\/uploads\/2021\/10\/gender.jpeg 450w, https:\/\/www.internetsociety.org\/wp-content\/uploads\/2021\/10\/gender-250x125.jpeg 250w\" sizes=\"auto, (max-width: 450px) 100vw, 450px\" \/><\/figure>\n\n\n\n<div class=\"wp-block-cover is-light\" style=\"min-height:50px;aspect-ratio:unset;\"><span aria-hidden=\"true\" class=\"wp-block-cover__background has-neutral-white-background-color has-background-dim-100 has-background-dim\"><\/span><div class=\"wp-block-cover__inner-container is-layout-flow wp-block-cover-is-layout-flow\">\n<h4 class=\"wp-block-heading has-depth-green-color has-text-color has-18-font-size\"><a href=\"https:\/\/www.internetsociety.org\/sigs\/gender\/\"><strong>Genre<\/strong><\/a><\/h4>\n<\/div><\/div>\n\n\n\n<div style=\"height:10px\" aria-hidden=\"true\" class=\"wp-block-spacer\"><\/div>\n<\/div>\n\n\n\n<div class=\"wp-block-column is-layout-flow wp-block-column-is-layout-flow\" style=\"flex-basis:15%\">\n<figure class=\"wp-block-image size-full margin-bottom-0 vertical-align-bottom\"><img loading=\"lazy\" decoding=\"async\" width=\"450\" height=\"225\" src=\"https:\/\/www.internetsociety.org\/wp-content\/uploads\/2021\/10\/youth.jpg\" alt=\"Deux filles et deux gar\u00e7ons debout sur le toit et regardant une ville au loin\" class=\"wp-image-152734\" srcset=\"https:\/\/www.internetsociety.org\/wp-content\/uploads\/2021\/10\/youth.jpg 450w, https:\/\/www.internetsociety.org\/wp-content\/uploads\/2021\/10\/youth-250x125.jpg 250w\" sizes=\"auto, (max-width: 450px) 100vw, 450px\" \/><\/figure>\n\n\n\n<div class=\"wp-block-cover is-light\" style=\"min-height:50px;aspect-ratio:unset;\"><span aria-hidden=\"true\" class=\"wp-block-cover__background has-neutral-white-background-color has-background-dim-100 has-background-dim\"><\/span><div class=\"wp-block-cover__inner-container is-layout-flow wp-block-cover-is-layout-flow\">\n<h4 class=\"wp-block-heading has-depth-green-color has-text-color has-18-font-size\"><a href=\"https:\/\/www.internetsociety.org\/sigs\/youth-standing-group\/\"><strong>Jeunesse<\/strong><\/a><\/h4>\n<\/div><\/div>\n\n\n\n<div style=\"height:30px\" aria-hidden=\"true\" class=\"wp-block-spacer\"><\/div>\n<\/div>\n\n\n\n<div class=\"wp-block-column is-layout-flow wp-block-column-is-layout-flow\" style=\"flex-basis:15%\"><\/div>\n\n\n\n<div class=\"wp-block-column is-layout-flow wp-block-column-is-layout-flow\" style=\"flex-basis:15%\"><\/div>\n\n\n\n<div class=\"wp-block-column is-layout-flow wp-block-column-is-layout-flow\" style=\"flex-basis:14%\"><\/div>\n<\/div>\n\n\n\n<div class=\"wp-block-columns is-layout-flex wp-container-core-columns-is-layout-9d6595d7 wp-block-columns-is-layout-flex\">\n<div class=\"wp-block-column is-layout-flow wp-block-column-is-layout-flow\" style=\"flex-basis:10%\"><\/div>\n\n\n\n<div class=\"wp-block-column is-layout-flow wp-block-column-is-layout-flow\" style=\"flex-basis:80%\">\n<h4 class=\"wp-block-heading has-accent-purple-color has-text-color has-32-font-size\">Saisissez l\u2019occasion ! Contribuez \u00e0 un Internet bien meilleur.<\/h4>\n\n\n\n<div style=\"height:20px\" aria-hidden=\"true\" class=\"wp-block-spacer\"><\/div>\n\n\n\n<div class=\"wp-block-buttons is-vertical is-content-justification-left is-layout-flex wp-container-core-buttons-is-layout-c0ca7d81 wp-block-buttons-is-layout-flex\">\n<div class=\"wp-block-button\"><a class=\"wp-block-button__link has-neutral-white-color has-accent-purple-background-color has-text-color has-background wp-element-button\" href=\"https:\/\/community.internetsociety.org\/s\/searchdirectory?id=a2FUO0000000uIL&amp;locale=fr\">Rejoignez un Groupe de l\u2019int\u00e9r\u00eat sp\u00e9cial d\u00e8s aujourd\u2019hui<\/a><\/div>\n<\/div>\n\n\n\n<div style=\"height:30px\" aria-hidden=\"true\" class=\"wp-block-spacer\"><\/div>\n<\/div>\n\n\n\n<div class=\"wp-block-column is-layout-flow wp-block-column-is-layout-flow\" style=\"flex-basis:10%\"><\/div>\n<\/div>\n\n\n\n<div class=\"wp-block-columns margin-bottom-0 has-neutral-white-background-color has-background is-layout-flex wp-container-core-columns-is-layout-9d6595d7 wp-block-columns-is-layout-flex\">\n<div class=\"wp-block-column is-layout-flow wp-block-column-is-layout-flow\" style=\"flex-basis:10%\"><\/div>\n\n\n\n<div class=\"wp-block-column is-layout-flow wp-block-column-is-layout-flow\" style=\"flex-basis:80%\">\n<div style=\"height:30px\" aria-hidden=\"true\" class=\"wp-block-spacer\"><\/div>\n\n\n\n<h3 class=\"wp-block-heading\">Histoires d\u2019impact<\/h3>\n\n\n\n<div style=\"height:40px\" aria-hidden=\"true\" class=\"wp-block-spacer\"><\/div>\n\n\n\n<p class=\"has-18-font-size\">D\u00e9couvrez comment les Groupes de l\u2019int\u00e9r\u00eat sp\u00e9cial et les Chapitres font la diff\u00e9rence et fa\u00e7onnent l\u2019Internet de demain.<\/p>\n\n\n\n\t\t\t<div class=\"wp-block-uagb-post-grid uagb-post-grid  uagb-post__image-position-top uagb-post__image-disabled uagb-block-b4bd6225     uagb-post__items uagb-post__columns-3 is-grid uagb-post__columns-tablet-2 uagb-post__columns-mobile-1 uagb-post__equal-height\" data-total=\"0\" style=\"\">\n\n\t\t\t\t\t\t\t\t\t<p class=\"uagb-post__no-posts\">\n\t\t\t\t\t\tNo post found!\t\t\t\t\t<\/p>\n\t\t\t\t\t\t\t\t\t\t<div class=\"uagb-post-pagination-wrap\">\n\t\t\t\t\t\t\t\t\t\t\t<\/div>\n\t\t\t\t\t\t\t\t<\/div>\n\t\t\t\n\n\n<div style=\"height:30px\" aria-hidden=\"true\" class=\"wp-block-spacer\"><\/div>\n<\/div>\n\n\n\n<div class=\"wp-block-column is-layout-flow wp-block-column-is-layout-flow\" style=\"flex-basis:10%\"><\/div>\n<\/div>\n\n\n\n<p class=\"has-text-align-center has-white-color has-ground-navy-background-color has-text-color has-background has-12-font-size\">Droits d\u2019auteur: <br>Image principale: \u00a9 Chris Gregory, Internet pour l\u2019\u00e9ducation: \u00a9 Internet Society\/Nyani Quarmyne\/Panos Pictures, Acc\u00e8s abordable \u00e0 Internet: \u00a9 Chris Gregory, Genre: <meta charset=\"utf-8\">\u00a9Internet Society\/Nyani Quarmyne\/Panos Pictures<\/p>\n","protected":false},"excerpt":{"rendered":"<p><b>Associez-vous \u00e0 des personnes qui partagent vos aspirations sur les questions qui vous inspirent. O\u00f9 que vous soyez bas\u00e9 au monde.<br \/>\n<\/b><br \/>Quel que soit votre int\u00e9r\u00eat, il y a un groupe pour vous.<\/p>\n","protected":false},"author":46,"featured_media":153035,"parent":0,"menu_order":0,"comment_status":"closed","ping_status":"closed","template":"page-wide.php","meta":{"_acf_changed":false,"_uag_custom_page_level_css":"","footnotes":""},"categories":[5695,118],"tags":[2764],"region_news_regions":[],"content_category":[],"ppma_author":[4057],"class_list":["post-92660","page","type-page","status-publish","has-post-thumbnail","hentry","category-communaute","category-qui-sommes-nous","tag-sig"],"acf":[],"uagb_featured_image_src":{"full":["https:\/\/www.internetsociety.org\/wp-content\/uploads\/2021\/10\/CTG9096-min-e1634667126744-1.jpeg",600,274,false],"thumbnail":["https:\/\/www.internetsociety.org\/wp-content\/uploads\/2021\/10\/CTG9096-min-e1634667126744-1-150x150.jpeg",150,150,true],"medium":["https:\/\/www.internetsociety.org\/wp-content\/uploads\/2021\/10\/CTG9096-min-e1634667126744-1-450x206.jpeg",450,206,true],"medium_large":["https:\/\/www.internetsociety.org\/wp-content\/uploads\/2021\/10\/CTG9096-min-e1634667126744-1.jpeg",600,274,false],"large":["https:\/\/www.internetsociety.org\/wp-content\/uploads\/2021\/10\/CTG9096-min-e1634667126744-1.jpeg",600,274,false],"1536x1536":["https:\/\/www.internetsociety.org\/wp-content\/uploads\/2021\/10\/CTG9096-min-e1634667126744-1.jpeg",600,274,false],"2048x2048":["https:\/\/www.internetsociety.org\/wp-content\/uploads\/2021\/10\/CTG9096-min-e1634667126744-1.jpeg",600,274,false],"post-thumbnail":["https:\/\/www.internetsociety.org\/wp-content\/uploads\/2021\/10\/CTG9096-min-e1634667126744-1-250x114.jpeg",250,114,true],"square":["https:\/\/www.internetsociety.org\/wp-content\/uploads\/2021\/10\/CTG9096-min-e1634667126744-1.jpeg",600,274,false],"gform-image-choice-sm":["https:\/\/www.internetsociety.org\/wp-content\/uploads\/2021\/10\/CTG9096-min-e1634667126744-1.jpeg",300,137,false],"gform-image-choice-md":["https:\/\/www.internetsociety.org\/wp-content\/uploads\/2021\/10\/CTG9096-min-e1634667126744-1.jpeg",400,183,false],"gform-image-choice-lg":["https:\/\/www.internetsociety.org\/wp-content\/uploads\/2021\/10\/CTG9096-min-e1634667126744-1.jpeg",600,274,false]},"uagb_author_info":{"display_name":"Ivana Trbovic","author_link":"https:\/\/www.internetsociety.org\/fr\/author\/trbovic\/"},"uagb_comment_info":0,"uagb_excerpt":"Associez-vous \u00e0 des personnes qui partagent vos aspirations sur les questions qui vous inspirent. O\u00f9 que vous soyez bas\u00e9 au monde. Quel que soit votre int\u00e9r\u00eat, il y a un groupe pour vous.","_links":{"self":[{"href":"https:\/\/www.internetsociety.org\/fr\/wp-json\/wp\/v2\/pages\/92660","targetHints":{"allow":["GET"]}}],"collection":[{"href":"https:\/\/www.internetsociety.org\/fr\/wp-json\/wp\/v2\/pages"}],"about":[{"href":"https:\/\/www.internetsociety.org\/fr\/wp-json\/wp\/v2\/types\/page"}],"author":[{"embeddable":true,"href":"https:\/\/www.internetsociety.org\/fr\/wp-json\/wp\/v2\/users\/46"}],"replies":[{"embeddable":true,"href":"https:\/\/www.internetsociety.org\/fr\/wp-json\/wp\/v2\/comments?post=92660"}],"version-history":[{"count":0,"href":"https:\/\/www.internetsociety.org\/fr\/wp-json\/wp\/v2\/pages\/92660\/revisions"}],"wp:featuredmedia":[{"embeddable":true,"href":"https:\/\/www.internetsociety.org\/fr\/wp-json\/wp\/v2\/media\/153035"}],"wp:attachment":[{"href":"https:\/\/www.internetsociety.org\/fr\/wp-json\/wp\/v2\/media?parent=92660"}],"wp:term":[{"taxonomy":"category","embeddable":true,"href":"https:\/\/www.internetsociety.org\/fr\/wp-json\/wp\/v2\/categories?post=92660"},{"taxonomy":"post_tag","embeddable":true,"href":"https:\/\/www.internetsociety.org\/fr\/wp-json\/wp\/v2\/tags?post=92660"},{"taxonomy":"region_news_regions","embeddable":true,"href":"https:\/\/www.internetsociety.org\/fr\/wp-json\/wp\/v2\/region_news_regions?post=92660"},{"taxonomy":"content_category","embeddable":true,"href":"https:\/\/www.internetsociety.org\/fr\/wp-json\/wp\/v2\/content_category?post=92660"},{"taxonomy":"author","embeddable":true,"href":"https:\/\/www.internetsociety.org\/fr\/wp-json\/wp\/v2\/ppma_author?post=92660"}],"curies":[{"name":"wp","href":"https:\/\/api.w.org\/{rel}","templated":true}]}}