{"id":9103,"date":"2017-08-21T20:38:31","date_gmt":"2017-08-21T20:38:31","guid":{"rendered":"http:\/\/www.internetsociety.org\/contact-us\/"},"modified":"2025-10-10T17:05:02","modified_gmt":"2025-10-10T17:05:02","slug":"contact-us","status":"publish","type":"page","link":"https:\/\/www.internetsociety.org\/fr\/contact-us\/","title":{"rendered":"Contactez Nous"},"content":{"rendered":"\n<section class=\"wp-block-uagb-columns uagb-columns__wrap uagb-columns__background-image uagb-columns__stack-mobile uagb-columns__valign- uagb-columns__gap-10 align uagb-block-6fe1871c uagb-columns__columns-1 uagb-columns__max_width-theme background-image-fallback-black\"><div class=\"uagb-columns__overlay\"><\/div><div class=\"uagb-columns__inner-wrap uagb-columns__columns-1\">\n<div class=\"wp-block-uagb-column uagb-column__wrap uagb-column__background-undefined uagb-block-3c9f00aa\"><div class=\"uagb-column__overlay\"><\/div>\n<div style=\"height:100px\" aria-hidden=\"true\" class=\"wp-block-spacer\"><\/div>\n\n\n\n<h1 class=\"wp-block-heading has-neutral-white-color has-text-color\">Nous contacter<\/h1>\n\n\n\n<div style=\"height:100px\" aria-hidden=\"true\" class=\"wp-block-spacer\"><\/div>\n<\/div>\n<\/div><\/section>\n\n\n\n<div class=\"wp-block-columns is-not-stacked-on-mobile margin-bottom-0 is-layout-flex wp-container-core-columns-is-layout-9d6595d7 wp-block-columns-is-layout-flex\">\n<div class=\"wp-block-column is-layout-flow wp-block-column-is-layout-flow\" style=\"flex-basis:10%\"><\/div>\n\n\n\n<div class=\"wp-block-column is-layout-flow wp-block-column-is-layout-flow\" style=\"flex-basis:84%\">\n<div style=\"height:40px\" aria-hidden=\"true\" class=\"wp-block-spacer\"><\/div>\n\n\n\n<p class=\"has-18-font-size\">Si vous ne trouvez pas ce que vous recherchez sur Internet Society sur notre site Web, ou si vous avez besoin de plus d\u2019informations, envoyez-nous un courriel \u00e0 l\u2019une des adresses suivantes:<\/p>\n\n\n\n<div style=\"height:20px\" aria-hidden=\"true\" class=\"wp-block-spacer\"><\/div>\n\n\n\n<div class=\"wp-block-columns is-layout-flex wp-container-core-columns-is-layout-9d6595d7 wp-block-columns-is-layout-flex\">\n<div class=\"wp-block-column is-layout-flow wp-block-column-is-layout-flow\">\n<h2 class=\"wp-block-heading has-32-font-size\">Contacts g\u00e9n\u00e9raux<\/h2>\n\n\n\n<div style=\"height:20px\" aria-hidden=\"true\" class=\"wp-block-spacer\"><\/div>\n\n\n\n<p class=\"has-18-font-size\">Questions d\u2019ordre g\u00e9n\u00e9rale:<br><a href=\"mailto:isoc@isoc.org\">isoc@isoc.org<\/a><\/p>\n\n\n\n<p class=\"has-18-font-size\">Pr\u00e9sidente- directrice g\u00e9n\u00e9rale :<br><a href=\"mailto:ceo@isoc.org\">ceo@isoc.org<\/a><\/p>\n\n\n\n<p class=\"has-18-font-size\">Conseil d\u2019administration:<br><a href=\"mailto:board-chair@isoc.org\">board-chair@isoc.org<\/a><\/p>\n\n\n\n<p class=\"has-18-font-size\">Accessibilit\u00e9:<br><a href=\"mailto:accessibility@isoc.org\">accessibility@isoc.org<\/a><\/p>\n\n\n\n<p class=\"has-18-font-size\">Questions relatives aux chapitres:<br><a href=\"mailto:chapter-support@isoc.org\">chapter-support@isoc.org<\/a><\/p>\n\n\n\n<p class=\"has-18-font-size\">Dons:<br><a href=\"mailto:giving@isoc.org\">giving@isoc.org<\/a><\/p>\n\n\n\n<p class=\"has-18-font-size\">Adh\u00e9sion individuelle:<br><a href=\"mailto:globalmembership@isoc.org\">globalmembership@isoc.org<\/a><\/p>\n\n\n\n<p class=\"has-18-font-size\">Affiliation des organisations membres:<br><a href=\"mailto:orgmembership@isoc.org\">orgmembership@isoc.org<\/a><\/p>\n\n\n\n<p class=\"has-18-font-size\">Contact presse:<br><a href=\"mailto:media@isoc.org\">media@isoc.org<\/a><\/p>\n\n\n\n<p class=\"has-18-font-size\">Commentaires \u00e0 propos de ce site Web:<br><a href=\"mailto:webfeedback@isoc.org\">webfeedback@isoc.org<\/a><\/p>\n<\/div>\n\n\n\n<div class=\"wp-block-column is-layout-flow wp-block-column-is-layout-flow\">\n<h2 class=\"wp-block-heading has-32-font-size\">Contacts r\u00e9gionaux<\/h2>\n\n\n\n<div style=\"height:20px\" aria-hidden=\"true\" class=\"wp-block-spacer\"><\/div>\n\n\n\n<p class=\"has-18-font-size\">Afrique:<br><a href=\"mailto:africa@isoc.org\">africa@isoc.org<\/a><\/p>\n\n\n\n<p class=\"has-18-font-size\">Asie Pacifique:<br>6 Battery Road #38-04<br>Singapore 049909<br><a href=\"mailto:apac@isoc.org\">apac@isoc.org<\/a><\/p>\n\n\n\n<p class=\"has-18-font-size\">Europe:<br>Science Park 400<br>1098 XH Amsterdam<br>Pays-Bas<br><a href=\"mailto:eubureau@isoc.org\">eubureau@isoc.org<\/a><\/p>\n\n\n\n<p class=\"has-18-font-size\">Am\u00e9rique Latine:<br>Rambla Republica de Mexico 6125<br>11400 Montevideo, Uruguay<br>Email:&nbsp;<a href=\"mailto:lac@isoc.org\">lac@isoc.org<\/a><\/p>\n\n\n\n<p class=\"has-18-font-size\">Moyen-Orient:<br><a href=\"mailto:middleeast@isoc.org\">middleeast@isoc.org<\/a><\/p>\n\n\n\n<p class=\"has-18-font-size\">Am\u00e9rique du Nord:<br><a href=\"mailto:northamerica@isoc.org\" target=\"_blank\" rel=\"noreferrer noopener\">northamerica@isoc.org<\/a><\/p>\n<\/div>\n\n\n\n<div class=\"wp-block-column is-layout-flow wp-block-column-is-layout-flow\">\n<h2 class=\"wp-block-heading has-32-font-size\">Adresse postale<\/h2>\n\n\n\n<div style=\"height:20px\" aria-hidden=\"true\" class=\"wp-block-spacer\"><\/div>\n\n\n\n<p class=\"has-18-font-size\">Internet Society<br>1551 Emancipation Highway #1506<br>Fredericksburg, VA. 22401<br>U.S.A<\/p>\n\n\n\n<p class=\"has-18-font-size\">Tel: +1-703-439-2120<br>Fax: +1 703 439 2142<\/p>\n<\/div>\n<\/div>\n\n\n\n<div style=\"height:30px\" aria-hidden=\"true\" class=\"wp-block-spacer\"><\/div>\n<\/div>\n\n\n\n<div class=\"wp-block-column is-layout-flow wp-block-column-is-layout-flow\" style=\"flex-basis:10%\"><\/div>\n<\/div>\n\n\n\n<div class=\"wp-block-columns are-vertically-aligned-top is-not-stacked-on-mobile has-depth-blue-background-color has-background is-layout-flex wp-container-core-columns-is-layout-9d6595d7 wp-block-columns-is-layout-flex\">\n<div class=\"wp-block-column is-vertically-aligned-top is-layout-flow wp-block-column-is-layout-flow\" style=\"flex-basis:10%\"><\/div>\n\n\n\n<div class=\"wp-block-column is-vertically-aligned-top is-layout-flow wp-block-column-is-layout-flow\" style=\"flex-basis:80%\">\n<div style=\"height:30px\" aria-hidden=\"true\" class=\"wp-block-spacer\"><\/div>\n\n\n\n<div class=\"wp-block-columns are-vertically-aligned-center is-layout-flex wp-container-core-columns-is-layout-9d6595d7 wp-block-columns-is-layout-flex\">\n<div class=\"wp-block-column is-vertically-aligned-center is-layout-flow wp-block-column-is-layout-flow\" style=\"flex-basis:66.66%\">\n<h4 class=\"wp-block-heading has-neutral-white-color has-text-color has-26-font-size\">Contribuez \u00e0 garder Internet pour tout le monde. Faites un don \u00e0 notre cause.<\/h4>\n<\/div>\n\n\n\n<div class=\"wp-block-column is-vertically-aligned-center is-layout-flow wp-block-column-is-layout-flow\" style=\"flex-basis:33.33%\">\n<div class=\"wp-block-buttons is-vertical is-content-justification-left is-layout-flex wp-container-core-buttons-is-layout-0d4b66b7 wp-block-buttons-is-layout-flex\">\n<div class=\"wp-block-button hover-background-transparent hover-border-white is-style-fill\"><a class=\"wp-block-button__link has-ground-navy-color has-accent-yellow-background-color has-text-color has-background wp-element-button\" href=\"https:\/\/www.internetsociety.org\/donate\/\"><strong>\u2665 Faire un don<\/strong><\/a><\/div>\n<\/div>\n<\/div>\n<\/div>\n\n\n\n<div style=\"height:20px\" aria-hidden=\"true\" class=\"wp-block-spacer\"><\/div>\n<\/div>\n\n\n\n<div class=\"wp-block-column is-vertically-aligned-top is-layout-flow wp-block-column-is-layout-flow\" style=\"flex-basis:10%\"><\/div>\n<\/div>\n","protected":false},"excerpt":{"rendered":"<p>Les moyens par lesquels vous pouvez nous contacter<\/p>\n","protected":false},"author":46,"featured_media":0,"parent":0,"menu_order":0,"comment_status":"closed","ping_status":"closed","template":"page-wide.php","meta":{"_acf_changed":false,"_uag_custom_page_level_css":"","footnotes":""},"categories":[118],"tags":[],"region_news_regions":[],"content_category":[],"ppma_author":[4057],"class_list":["post-9103","page","type-page","status-publish","hentry","category-qui-sommes-nous"],"acf":[],"uagb_featured_image_src":{"full":false,"thumbnail":false,"medium":false,"medium_large":false,"large":false,"1536x1536":false,"2048x2048":false,"post-thumbnail":false,"square":false,"gform-image-choice-sm":false,"gform-image-choice-md":false,"gform-image-choice-lg":false},"uagb_author_info":{"display_name":"Ivana Trbovic","author_link":"https:\/\/www.internetsociety.org\/fr\/author\/trbovic\/"},"uagb_comment_info":0,"uagb_excerpt":"Les moyens par lesquels vous pouvez nous contacter","_links":{"self":[{"href":"https:\/\/www.internetsociety.org\/fr\/wp-json\/wp\/v2\/pages\/9103","targetHints":{"allow":["GET"]}}],"collection":[{"href":"https:\/\/www.internetsociety.org\/fr\/wp-json\/wp\/v2\/pages"}],"about":[{"href":"https:\/\/www.internetsociety.org\/fr\/wp-json\/wp\/v2\/types\/page"}],"author":[{"embeddable":true,"href":"https:\/\/www.internetsociety.org\/fr\/wp-json\/wp\/v2\/users\/46"}],"replies":[{"embeddable":true,"href":"https:\/\/www.internetsociety.org\/fr\/wp-json\/wp\/v2\/comments?post=9103"}],"version-history":[{"count":0,"href":"https:\/\/www.internetsociety.org\/fr\/wp-json\/wp\/v2\/pages\/9103\/revisions"}],"wp:attachment":[{"href":"https:\/\/www.internetsociety.org\/fr\/wp-json\/wp\/v2\/media?parent=9103"}],"wp:term":[{"taxonomy":"category","embeddable":true,"href":"https:\/\/www.internetsociety.org\/fr\/wp-json\/wp\/v2\/categories?post=9103"},{"taxonomy":"post_tag","embeddable":true,"href":"https:\/\/www.internetsociety.org\/fr\/wp-json\/wp\/v2\/tags?post=9103"},{"taxonomy":"region_news_regions","embeddable":true,"href":"https:\/\/www.internetsociety.org\/fr\/wp-json\/wp\/v2\/region_news_regions?post=9103"},{"taxonomy":"content_category","embeddable":true,"href":"https:\/\/www.internetsociety.org\/fr\/wp-json\/wp\/v2\/content_category?post=9103"},{"taxonomy":"author","embeddable":true,"href":"https:\/\/www.internetsociety.org\/fr\/wp-json\/wp\/v2\/ppma_author?post=9103"}],"curies":[{"name":"wp","href":"https:\/\/api.w.org\/{rel}","templated":true}]}}