{"id":9024,"date":"2017-05-19T12:50:36","date_gmt":"2017-05-19T12:50:36","guid":{"rendered":"http:\/\/www.internetsociety.org\/affiliated-sites\/"},"modified":"2025-05-21T06:31:40","modified_gmt":"2025-05-21T06:31:40","slug":"affiliated-sites","status":"publish","type":"page","link":"https:\/\/www.internetsociety.org\/fr\/affiliated-sites\/","title":{"rendered":"Sites affili\u00e9s"},"content":{"rendered":"\n<section class=\"wp-block-uagb-columns uagb-columns__wrap uagb-columns__background-image uagb-columns__stack-mobile uagb-columns__valign- uagb-columns__gap-10 align uagb-block-348970f6 uagb-columns__columns-1 uagb-columns__max_width-theme background-image-fallback-black\"><div class=\"uagb-columns__overlay\"><\/div><div class=\"uagb-columns__inner-wrap uagb-columns__columns-1\">\n<div class=\"wp-block-uagb-column uagb-column__wrap uagb-column__background-undefined uagb-block-630388c2\"><div class=\"uagb-column__overlay\"><\/div>\n<div style=\"height:100px\" aria-hidden=\"true\" class=\"wp-block-spacer\"><\/div>\n\n\n\n<h1 class=\"wp-block-heading has-neutral-white-color has-text-color\">Sites affili\u00e9s<\/h1>\n\n\n\n<div style=\"height:100px\" aria-hidden=\"true\" class=\"wp-block-spacer\"><\/div>\n<\/div>\n<\/div><\/section>\n\n\n\n<div class=\"wp-block-columns is-not-stacked-on-mobile margin-bottom-0 is-layout-flex wp-container-core-columns-is-layout-9d6595d7 wp-block-columns-is-layout-flex\">\n<div class=\"wp-block-column is-layout-flow wp-block-column-is-layout-flow\" style=\"flex-basis:10%\"><\/div>\n\n\n\n<div class=\"wp-block-column is-layout-flow wp-block-column-is-layout-flow\" style=\"flex-basis:84%\">\n<div style=\"height:40px\" aria-hidden=\"true\" class=\"wp-block-spacer\"><\/div>\n\n\n\n<p class=\"has-18-font-size\">L\u2019Internet Society soutient une gamme d\u2019autres projets, \u00e9v\u00e9nements et initiatives qui se trouvent sur d\u2019autres site Web. Certains de ces sites sont maintenus par l\u2019Internet Society et fonctionnent \u00e0 partir de notre infrastructure. Certains sont des projets directes de l\u2019Internet Society, tandis que d\u2019autres sont des sites que nous g\u00e9rons pour le compte d\u2019autres organisations ou communaut\u00e9s.<\/p>\n\n\n\n<p class=\"has-18-font-size\">Vous pouvez consulter les contenus les plus r\u00e9cents publi\u00e9s \u00e0 travers l\u2019ensemble de nos sites ici:&nbsp;<a href=\"https:\/\/news.internetsociety.org\/\">news.internetsociety.org<\/a>.<\/p>\n\n\n\n<div style=\"height:20px\" aria-hidden=\"true\" class=\"wp-block-spacer\"><\/div>\n\n\n\n<div class=\"wp-block-columns is-layout-flex wp-container-core-columns-is-layout-9d6595d7 wp-block-columns-is-layout-flex\">\n<div class=\"wp-block-column is-layout-flow wp-block-column-is-layout-flow\">\n<h2 class=\"wp-block-heading has-32-font-size\">Sites actuellement op\u00e9r\u00e9s par l\u2019Internet Society<\/h2>\n\n\n\n<div style=\"height:20px\" aria-hidden=\"true\" class=\"wp-block-spacer\"><\/div>\n\n\n\n<ul class=\"wp-block-list has-18-font-size\">\n<li><span class=\"tadv-color\" style=\"color:#2b72d6\"><a href=\"https:\/\/www.internetsociety.org\/fr\/\">Internet Society<\/a><\/span><\/li>\n\n\n\n<li><span class=\"tadv-color\" style=\"color:#1d69d3\"><a href=\"https:\/\/www.isocfoundation.org\/fr\/\">La Fondation Internet Society<\/a><\/span><\/li>\n\n\n\n<li><span class=\"tadv-color\" style=\"color:#1d69d3\"><a href=\"https:\/\/auth.internetsociety.org\/b2c_1a_signin\/oauth2\/v2.0\/authorize?response_type=code&amp;client_id=7af4cd7b-bfe1-442d-8e29-c0987523be52&amp;redirect_uri=https%3A%2F%2Fcommunity.internetsociety.org%2Fservices%2Fauthcallback%2FSSO&amp;scope=7af4cd7b-bfe1-442d-8e29-c0987523be52+openid+offline_access&amp;state=CAAAAZLE1NzTMDAwMDAwMDAwMDAwMDAwAAAA_J3EUc7xWbtVapD99tJjQ8iHDFcIUVKwHO2YODs_tehMiyDTRwZKoRJeH-NLc5CDoH8euZD6MUgI6GJkxSVt9bedtnRmFnbXj5hmiH5yMdB93iKAaJHD6gWBmUMhz1OcF0ySeASTdt5x4KirwRfjSo6HHfX-5eOViNMLmuFIEkU9Kc-0kFXbiDCwWDmWtGwMDK4-8lqFpfQFzE6MSAgCmcibrrA3RKzKlb7QeIyTzdUY06MRXxqzcnmQC6BHyJqkSQ%3D%3D\">Portail des membres de l\u2019Internet Society (Fonteva)<\/a><\/span><\/li>\n\n\n\n<li><span class=\"tadv-color\" style=\"color:#1d69d3\"><a href=\"https:\/\/auth.internetsociety.org\/b2c_1a_signin\/oauth2\/v2.0\/authorize?scope=openid+email&amp;response_type=code&amp;state=2sDt92rg8M264LRV&amp;redirect_uri=https%3A%2F%2Finternetsociety.xecurify.com%2Fmoas%2Fbroker%2Flogin%2Foauth%2Fcallback%2F314896&amp;client_id=92f4525b-9eac-4ae9-a557-129ea9aa099b\">Syst\u00e8me de gestion d\u2019apprentissage de l\u2019Internet Society (LMS)<\/a><\/span><\/li>\n\n\n\n<li><span class=\"tadv-color\" style=\"color:#1d69d3\"><a href=\"https:\/\/donate.internetsociety.org\/\">Dons \u00e0 l\u2019Internet Society<\/a><\/span><\/li>\n<\/ul>\n\n\n\n<div style=\"height:20px\" aria-hidden=\"true\" class=\"wp-block-spacer\"><\/div>\n\n\n\n<h3 class=\"wp-block-heading has-28-font-size\">Projet de l\u2019Internet Society<\/h3>\n\n\n\n<div style=\"height:20px\" aria-hidden=\"true\" class=\"wp-block-spacer\"><\/div>\n\n\n\n<ul class=\"wp-block-list has-18-font-size\">\n<li><span class=\"tadv-color\" style=\"color:#1d69d3\"><a href=\"https:\/\/www.internethalloffame.org\/\">Temple de la renomm\u00e9e d\u2019Internet (IHOF)<\/a><\/span><\/li>\n\n\n\n<li><span class=\"tadv-color\" style=\"color:#1d69d3\"><a href=\"https:\/\/pulse.internetsociety.org\/\">Internet Society Pulse<\/a><\/span><\/li>\n<\/ul>\n\n\n\n<div style=\"height:20px\" aria-hidden=\"true\" class=\"wp-block-spacer\"><\/div>\n\n\n\n<h3 class=\"wp-block-heading has-28-font-size\">Projets communautaires \/ en partenariat<\/h3>\n\n\n\n<div style=\"height:20px\" aria-hidden=\"true\" class=\"wp-block-spacer\"><\/div>\n\n\n\n<ul class=\"wp-block-list has-18-font-size\">\n<li><span class=\"tadv-color\" style=\"color:#1d69d3\"><a href=\"https:\/\/www.afpif.org\/fr\/accueil\/\">Forum africain sur le peering et l\u2019Interconnexion (AfPIF)<\/a><\/span><\/li>\n\n\n\n<li><span class=\"tadv-color\" style=\"color:#2b72d6\"><a href=\"https:\/\/www.globalencryption.org\/\">Global Encryption Coalition (GEC)<\/a><\/span><\/li>\n\n\n\n<li><span class=\"tadv-color\" style=\"color:#1d69d3\"><a href=\"https:\/\/www.ndss-symposium.org\/\">Symposium sur la s\u00e9curit\u00e9 des r\u00e9seaux et des syst\u00e8mes distribu\u00e9s (NDSS)<\/a><\/span><\/li>\n\n\n\n<li><span class=\"tadv-color\" style=\"color:#1d69d3\"><a href=\"https:\/\/www.internetac.org\/\">Comit\u00e9 consultatif technique de l\u2019Internet (ITAC)<\/a><\/span><\/li>\n\n\n\n<li><span class=\"tadv-color\" style=\"color:#1d69d3\"><a href=\"https:\/\/www.internetcollaboration.org\/\">Groupe de collabration technique concernant l\u2019Internet (ITCG)<\/a><\/span><\/li>\n<\/ul>\n\n\n\n<div style=\"height:20px\" aria-hidden=\"true\" class=\"wp-block-spacer\"><\/div>\n\n\n\n<h3 class=\"wp-block-heading has-28-font-size\">Sites Web des Chapitres, des groupes d\u2019int\u00e9r\u00eats sp\u00e9ciaux, et des groupes permanents de l\u2019Internet Society<\/h3>\n\n\n\n<div style=\"height:20px\" aria-hidden=\"true\" class=\"wp-block-spacer\"><\/div>\n\n\n\n<p class=\"has-18-font-size\">L\u2019Internet Society a des chapitres, des groupes d\u2019int\u00e9r\u00eats sp\u00e9ciaux (GIS), et des groupes permanents. Ces entit\u00e9s op\u00e8rent leurs propres sites Web. Cependant, nous maintenons&nbsp;<a href=\"https:\/\/www.internetsociety.org\/fr\/chapters\/\">une carte et une liste des chapitres<\/a>, ainsi qu\u2019une <a href=\"https:\/\/www.internetsociety.org\/fr\/sigs\/\">liste de groupes d\u2019int\u00e9r\u00eats sp\u00e9ciaux et de groupes permanents<\/a>&nbsp;qui comportent des liens vers leurs sites. Vous pouvez consulter sur <a href=\"https:\/\/news.internetsociety.org\/\">news.internetsociety.org<\/a> le contenu de ce que les chapitres, les GIS et les groupes permanents qui publient r\u00e9guli\u00e8rement, abordent. <\/p>\n\n\n\n<div style=\"height:20px\" aria-hidden=\"true\" class=\"wp-block-spacer\"><\/div>\n\n\n\n<h4 class=\"wp-block-heading has-28-font-size\">Sites des organisations avec lesquelles l\u2019Internet Society est en relation<\/h4>\n\n\n\n<div style=\"height:20px\" aria-hidden=\"true\" class=\"wp-block-spacer\"><\/div>\n\n\n\n<p class=\"has-18-font-size\">L\u2019 Internet Society soutient les activit\u00e9s de ces organisations mais n\u2019est pas directement impliqu\u00e9 dans le fonctionnement de leurs sites Web.<\/p>\n\n\n\n<ul class=\"wp-block-list has-18-font-size\">\n<li><span class=\"tadv-color\" style=\"color:#1d69d3\"><a href=\"https:\/\/www.ietf.org\/\">Groupe de travail sur l\u2019ing\u00e9nierie Internet (IETF)<\/a><\/span>\u2014Lire plus \u00e0 propos de&nbsp;<span class=\"tadv-color\" style=\"color:#1d69d3\"><a href=\"https:\/\/www.internetsociety.org\/fr\/about-the-ietf\/\">notre relation avec l\u2019 IETF<\/a><\/span>.<\/li>\n\n\n\n<li><span class=\"tadv-color\" style=\"color:#1d69d3\"><a href=\"https:\/\/manrs.org\/\">Normes pour la s\u00e9curisation du routage mutuellement agr\u00e9\u00e9es (MANRS)<\/a><\/span>\u2014Projet de l\u2019Internet Society qui a \u00e9t\u00e9 soutenu jusqu\u2019en janvier 2024, date \u00e0 laquelle la Global Cyber Alliance a pris le relais du secr\u00e9tariat et des fonctions op\u00e9rationnelles. Nous continuons de fournir un appui financier, de plaidoyer et de formation. <\/li>\n\n\n\n<li><span class=\"tadv-color\" style=\"color:#1d69d3\"><a href=\"https:\/\/pir.org\/\">Registre d\u2019int\u00e9r\u00eat public (PIR)<\/a><\/span>\u2014op\u00e9rateur \u00e0 but non lucratif des domaines .ORG et .NGO. Visitez&nbsp;<span class=\"tadv-color\" style=\"color:#1d69d3\"><a href=\"https:\/\/www.internetsociety.org\/pir\/\">nos pages \u00e0 propos du PIR<\/a><\/span>&nbsp;pour comprendre les relations entre les deux organisations. <\/li>\n<\/ul>\n<\/div>\n<\/div>\n\n\n\n<div style=\"height:30px\" aria-hidden=\"true\" class=\"wp-block-spacer\"><\/div>\n<\/div>\n\n\n\n<div class=\"wp-block-column is-layout-flow wp-block-column-is-layout-flow\" style=\"flex-basis:10%\"><\/div>\n<\/div>\n\n\n\n<div class=\"wp-block-columns is-not-stacked-on-mobile margin-bottom-0 has-neutral-white-background-color has-background is-layout-flex wp-container-core-columns-is-layout-9d6595d7 wp-block-columns-is-layout-flex\">\n<div class=\"wp-block-column is-layout-flow wp-block-column-is-layout-flow\" style=\"flex-basis:10%\"><\/div>\n\n\n\n<div class=\"wp-block-column is-layout-flow wp-block-column-is-layout-flow\" style=\"flex-basis:84%\">\n<div style=\"height:40px\" aria-hidden=\"true\" class=\"wp-block-spacer\"><\/div>\n\n\n\n<div class=\"wp-block-columns is-layout-flex wp-container-core-columns-is-layout-9d6595d7 wp-block-columns-is-layout-flex\">\n<div class=\"wp-block-column is-layout-flow wp-block-column-is-layout-flow\">\n<h3 class=\"wp-block-heading has-28-font-size\">Archives<\/h3>\n\n\n\n<div style=\"height:20px\" aria-hidden=\"true\" class=\"wp-block-spacer\"><\/div>\n\n\n\n<ul class=\"wp-block-list has-18-font-size\">\n<li><span class=\"tadv-color\" style=\"color:#1d69d3\"><a href=\"https:\/\/www.dnssec-deployment.org\/\">Initiatives de d\u00e9ploiement DNSSEC<\/a><\/span>&nbsp;(toujours maintenu par l\u2019Internet Society)<\/li>\n\n\n\n<li><span class=\"tadv-color\" style=\"color:#1d69d3\"><a href=\"https:\/\/www.worldipv6launch.org\/\">Lancement du partenariat mondial de l\u2019IPv6<\/a><\/span>&nbsp;(archiv\u00e9)<\/li>\n\n\n\n<li><span class=\"tadv-color\" style=\"color:#1d69d3\"><a href=\"https:\/\/www.ixptoolkit.org\/\">Bo\u00eete \u00e0 outil des points d\u2019\u00e9change Internet (IXP)<\/a><\/span> (archiv\u00e9)<\/li>\n\n\n\n<li><span class=\"tadv-color\" style=\"color:#1d69d3\"><a href=\"https:\/\/www.ietfjournal.org\/\">Journal de l\u2019IETF<\/a><\/span>&nbsp;(archiv\u00e9)<\/li>\n\n\n\n<li><span class=\"tadv-color\" style=\"color:#1d69d3\"><a href=\"https:\/\/www.networktimesecurity.org\/\">Network Time Security<\/a><\/span> (archiv\u00e9)<\/li>\n\n\n\n<li><span class=\"tadv-color\" style=\"color:#1d69d3\"><a href=\"https:\/\/www.openwsis2015.org\/\">Appel pour un processus pr\u00e9paratoire ouvert du SMSI+10 (2015)<\/a><\/span>&nbsp;(archiv\u00e9)<\/li>\n\n\n\n<li><span class=\"tadv-color\" style=\"color:#1d69d3\"><a href=\"http:\/\/www.eastafricasymposium.org\/\">Colloque du secteur TIC et de l\u2019enseignement sup\u00e9rieur de l\u2019Afrique de l\u2019Est (2010)<\/a><\/span>&nbsp;(archiv\u00e9)<\/li>\n<\/ul>\n<\/div>\n<\/div>\n\n\n\n<div style=\"height:30px\" aria-hidden=\"true\" class=\"wp-block-spacer\"><\/div>\n<\/div>\n\n\n\n<div class=\"wp-block-column is-layout-flow wp-block-column-is-layout-flow\" style=\"flex-basis:10%\"><\/div>\n<\/div>\n\n\n\n<div class=\"wp-block-columns are-vertically-aligned-top is-not-stacked-on-mobile has-depth-blue-background-color has-background is-layout-flex wp-container-core-columns-is-layout-9d6595d7 wp-block-columns-is-layout-flex\">\n<div class=\"wp-block-column is-vertically-aligned-top is-layout-flow wp-block-column-is-layout-flow\" style=\"flex-basis:10%\"><\/div>\n\n\n\n<div class=\"wp-block-column is-vertically-aligned-top is-layout-flow wp-block-column-is-layout-flow\" style=\"flex-basis:80%\">\n<div style=\"height:30px\" aria-hidden=\"true\" class=\"wp-block-spacer\"><\/div>\n\n\n\n<div class=\"wp-block-columns are-vertically-aligned-center is-layout-flex wp-container-core-columns-is-layout-9d6595d7 wp-block-columns-is-layout-flex\">\n<div class=\"wp-block-column is-vertically-aligned-center is-layout-flow wp-block-column-is-layout-flow\" style=\"flex-basis:66.66%\">\n<h4 class=\"wp-block-heading has-neutral-white-color has-text-color has-28-font-size\">Contribuez \u00e0 garder Internet pour tous. Faites un don \u00e0 notre cause. <\/h4>\n<\/div>\n\n\n\n<div class=\"wp-block-column is-vertically-aligned-center is-layout-flow wp-block-column-is-layout-flow\" style=\"flex-basis:33.33%\">\n<div class=\"wp-block-buttons is-vertical is-content-justification-left is-layout-flex wp-container-core-buttons-is-layout-0d4b66b7 wp-block-buttons-is-layout-flex\">\n<div class=\"wp-block-button hover-background-transparent hover-border-white is-style-fill\"><a class=\"wp-block-button__link has-ground-navy-color has-accent-yellow-background-color has-text-color has-background wp-element-button\" href=\"https:\/\/www.internetsociety.org\/fr\/donate\/\"><strong>\u2665 Faire un don<\/strong><\/a><\/div>\n<\/div>\n<\/div>\n<\/div>\n\n\n\n<div style=\"height:20px\" aria-hidden=\"true\" class=\"wp-block-spacer\"><\/div>\n<\/div>\n\n\n\n<div class=\"wp-block-column is-vertically-aligned-top is-layout-flow wp-block-column-is-layout-flow\" style=\"flex-basis:10%\"><\/div>\n<\/div>\n","protected":false},"excerpt":{"rendered":"<p>Sites affili\u00e9s L\u2019Internet Society soutient une gamme d\u2019autres projets, \u00e9v\u00e9nements et initiatives qui se trouvent sur d\u2019autres site Web. Certains de ces sites sont maintenus par l\u2019Internet Society et fonctionnent \u00e0 partir de notre infrastructure. Certains sont des projets directes de l\u2019Internet Society, tandis que d\u2019autres sont des sites que nous g\u00e9rons pour le compte [&hellip;]<\/p>\n","protected":false},"author":11,"featured_media":0,"parent":0,"menu_order":0,"comment_status":"closed","ping_status":"closed","template":"page-wide.php","meta":{"_acf_changed":false,"_uag_custom_page_level_css":"","footnotes":""},"categories":[],"tags":[],"region_news_regions":[],"content_category":[],"ppma_author":[4374],"class_list":["post-9024","page","type-page","status-publish","hentry"],"acf":[],"uagb_featured_image_src":{"full":false,"thumbnail":false,"medium":false,"medium_large":false,"large":false,"1536x1536":false,"2048x2048":false,"post-thumbnail":false,"square":false,"gform-image-choice-sm":false,"gform-image-choice-md":false,"gform-image-choice-lg":false},"uagb_author_info":{"display_name":"Internet Society","author_link":"https:\/\/www.internetsociety.org\/fr\/author\/isoc\/"},"uagb_comment_info":0,"uagb_excerpt":"Sites affili\u00e9s L\u2019Internet Society soutient une gamme d\u2019autres projets, \u00e9v\u00e9nements et initiatives qui se trouvent sur d\u2019autres site Web. Certains de ces sites sont maintenus par l\u2019Internet Society et fonctionnent \u00e0 partir de notre infrastructure. Certains sont des projets directes de l\u2019Internet Society, tandis que d\u2019autres sont des sites que nous g\u00e9rons pour le compte\u2026","_links":{"self":[{"href":"https:\/\/www.internetsociety.org\/fr\/wp-json\/wp\/v2\/pages\/9024","targetHints":{"allow":["GET"]}}],"collection":[{"href":"https:\/\/www.internetsociety.org\/fr\/wp-json\/wp\/v2\/pages"}],"about":[{"href":"https:\/\/www.internetsociety.org\/fr\/wp-json\/wp\/v2\/types\/page"}],"author":[{"embeddable":true,"href":"https:\/\/www.internetsociety.org\/fr\/wp-json\/wp\/v2\/users\/11"}],"replies":[{"embeddable":true,"href":"https:\/\/www.internetsociety.org\/fr\/wp-json\/wp\/v2\/comments?post=9024"}],"version-history":[{"count":0,"href":"https:\/\/www.internetsociety.org\/fr\/wp-json\/wp\/v2\/pages\/9024\/revisions"}],"wp:attachment":[{"href":"https:\/\/www.internetsociety.org\/fr\/wp-json\/wp\/v2\/media?parent=9024"}],"wp:term":[{"taxonomy":"category","embeddable":true,"href":"https:\/\/www.internetsociety.org\/fr\/wp-json\/wp\/v2\/categories?post=9024"},{"taxonomy":"post_tag","embeddable":true,"href":"https:\/\/www.internetsociety.org\/fr\/wp-json\/wp\/v2\/tags?post=9024"},{"taxonomy":"region_news_regions","embeddable":true,"href":"https:\/\/www.internetsociety.org\/fr\/wp-json\/wp\/v2\/region_news_regions?post=9024"},{"taxonomy":"content_category","embeddable":true,"href":"https:\/\/www.internetsociety.org\/fr\/wp-json\/wp\/v2\/content_category?post=9024"},{"taxonomy":"author","embeddable":true,"href":"https:\/\/www.internetsociety.org\/fr\/wp-json\/wp\/v2\/ppma_author?post=9024"}],"curies":[{"name":"wp","href":"https:\/\/api.w.org\/{rel}","templated":true}]}}