{"id":87060,"date":"2011-06-15T00:00:00","date_gmt":"2011-06-15T00:00:00","guid":{"rendered":"https:\/\/www.internetsociety.org\/programme-next-generation-leaders-ngl\/"},"modified":"2025-09-22T11:52:05","modified_gmt":"2025-09-22T11:52:05","slug":"next-generation-leaders-ngl-programme","status":"publish","type":"page","link":"https:\/\/www.internetsociety.org\/fr\/past-ngl-programs\/","title":{"rendered":"Programme Next Generation Leaders (NGL)"},"content":{"rendered":"\n<section class=\"wp-block-uagb-columns uagb-columns__wrap uagb-columns__background-color uagb-columns__stack-mobile uagb-columns__valign- uagb-columns__gap-10 align uagb-block-32a5044d uagb-columns__columns-2 uagb-columns__max_width-theme\"><div class=\"uagb-columns__overlay\"><\/div><div class=\"uagb-columns__inner-wrap uagb-columns__columns-2\">\n<div class=\"wp-block-uagb-column uagb-column__wrap uagb-column__background-color uagb-block-3e204170\"><div class=\"uagb-column__overlay\"><\/div>\n<div style=\"height:40px\" aria-hidden=\"true\" class=\"wp-block-spacer\"><\/div>\n\n\n\n<section class=\"wp-block-uagb-columns uagb-columns__wrap uagb-columns__background-color uagb-columns__stack-mobile uagb-columns__valign- uagb-columns__gap-10 align uagb-block-943614fa uagb-columns__columns-1 uagb-columns__max_width-theme\"><div class=\"uagb-columns__overlay\"><\/div><div class=\"uagb-columns__inner-wrap uagb-columns__columns-1\">\n<div class=\"wp-block-uagb-column uagb-column__wrap uagb-column__background-undefined uagb-block-fa3a8d2e\"><div class=\"uagb-column__overlay\"><\/div>\n<h5 class=\"has-accent-yellow-color has-text-color wp-block-heading\">Statut actuel: <br>Ferm\u00e9<\/h5>\n\n\n\n<div style=\"height:20px\" aria-hidden=\"true\" class=\"wp-block-spacer\"><\/div>\n\n\n\n<p class=\"has-neutral-white-color has-text-color has-18-font-size\">Ce programme a fini. Int\u00e9ress\u00e9 \u00e0 d\u00e9velopper votre potentiel en tant que champion d\u2019Internet?<\/p>\n<\/div>\n<\/div><\/section>\n\n\n\n<div style=\"height:20px\" aria-hidden=\"true\" class=\"wp-block-spacer\"><\/div>\n\n\n\n<div class=\"wp-block-buttons is-content-justification-center is-layout-flex wp-container-core-buttons-is-layout-16018d1d wp-block-buttons-is-layout-flex\">\n<div class=\"wp-block-button\"><a class=\"wp-block-button__link has-ground-navy-color has-accent-yellow-background-color has-text-color has-background wp-element-button\" href=\"https:\/\/www.internetsociety.org\/fr\/shaping-future-of-the-internet\/\">D\u00e9couvrez nos nouveaux programmes.<\/a><\/div>\n<\/div>\n<\/div>\n\n\n\n<div class=\"wp-block-uagb-column uagb-column__wrap uagb-column__background-undefined uagb-block-7f86c60e\"><div class=\"uagb-column__overlay\"><\/div>\n<div style=\"height:40px\" aria-hidden=\"true\" class=\"wp-block-spacer\"><\/div>\n\n\n\n<h1 class=\"has-text-align-left has-ground-navy-color has-text-color wp-block-heading\">Programme Next Generation Leaders (NGL)<\/h1>\n\n\n\n<div style=\"height:20px\" aria-hidden=\"true\" class=\"wp-block-spacer\"><\/div>\n\n\n\n<p>Le succ\u00e8s de l\u2019Internet n\u2019est pas accidentel et nous ne pouvons pas prendre l\u2019avenir pour acquis.&nbsp; C\u2019est la raison pour laquelle l\u2019Internet Society investit dans les leaders Internet de la prochaine g\u00e9n\u00e9ration.<\/p>\n\n\n\n<p>Le programme Next Generation Leaders (NGL ou Leaders de la prochaine g\u00e9n\u00e9ration) de l\u2019Internet Society aide les professionnels de l\u2019Internet, \u00e2g\u00e9s de 20 \u00e0 40 ans, \u00e0 d\u00e9velopper leur potentiel en leadership aux carrefours des technologies, du commerce, des politiques et de l\u2019\u00e9ducation.<\/p>\n\n\n\n<p>Les participants au programme NGL ont une chance unique de faire progresser leur potentiel professionnel et d\u2019acqu\u00e9rir l\u2019exp\u00e9rience et la confiance dont ils ont besoin pour diriger le d\u00e9veloppement au sein de leurs propres communaut\u00e9s locales et, de mani\u00e8re \u00e9largie, au sein de l\u2019\u00e9cosyst\u00e8me Internet.<\/p>\n\n\n\n<p>Le programme NGL est un m\u00e9lange unique de formations et d\u2019exp\u00e9riences pratiques qui pr\u00e9parent les jeunes professionnels du monde entier \u00e0 devenir la prochaine g\u00e9n\u00e9ration de leaders en technologie, politique et affaires de l\u2019Internet.<\/p>\n\n\n\n<div style=\"height:20px\" aria-hidden=\"true\" class=\"wp-block-spacer\"><\/div>\n\n\n\n<h3 class=\"has-ground-navy-color has-text-color wp-block-heading\">Le cursus du programme NGL<\/h3>\n\n\n\n<div style=\"height:20px\" aria-hidden=\"true\" class=\"wp-block-spacer\"><\/div>\n\n\n\n<p>Le cursus du programme NGL se compose de modules acad\u00e9miques et d\u2019exp\u00e9riences sur le terrain.&nbsp; Chaque composant du programme NGL peut \u00eatre suivi s\u00e9par\u00e9ment, ou \u00eatre associ\u00e9, selon vos int\u00e9r\u00eats personnels et de vos comp\u00e9tences.<\/p>\n\n\n\n<p>Les participants qui associent l\u2019apprentissage en ligne (eLearning) \u00e0 au moins un composant d\u2019exp\u00e9rience sur le terrain peuvent obtenir un certificat NGL et avoir la possibilit\u00e9 de proposer des projets ayant un impact au niveau local. Les meilleurs dipl\u00f4m\u00e9s obtiendront le titre de Laur\u00e9ats et recevront un soutien de l\u2019ISOC pour mener \u00e0 bien leurs projets et profiter de possibilit\u00e9s de formation suppl\u00e9mentaires.<\/p>\n\n\n\n<p>Les composants du programme NGL sont les suivants: <\/p>\n\n\n\n<ul class=\"wp-block-list\">\n<li><a href=\"https:\/\/www.internetsociety.org\/fr\/inforum\/shaping-internet\/\">Cours dirig\u00e9 en eLearning intitul\u00e9 \u00ab&nbsp;Fa\u00e7onner l\u2019Internet \u2013 Histoire et avenir&nbsp;\u00bb<\/a><\/li>\n\n\n\n<li><a href=\"https:\/\/www.internetsociety.org\/leadership\/fellowship-to-ietf\/\">Bourse de l\u2019Internet Society pour l\u2019Internet Engineering Task Force (IETF)<\/a>&nbsp;(Groupe d\u2019\u00e9tudes d\u2019ing\u00e9nierie de l\u2019Internet) (programme ferm\u00e9)<\/li>\n\n\n\n<li><a href=\"https:\/\/www.internetsociety.org\/fr\/leadership\/igf-ambassadors\/\">Le programme Ambassadeurs du Forum sur la Gouvernance de l\u2019Internet (IGF)<\/a>&nbsp;(programme ferm\u00e9)<\/li>\n\n\n\n<li><a href=\"https:\/\/www.internetsociety.org\/past-ngl-programs\/youth-igf-program\/\">Programme&nbsp;Jeunesse@IGF<\/a>&nbsp;(programme ferm\u00e9)<\/li>\n<\/ul>\n\n\n\n<div style=\"height:20px\" aria-hidden=\"true\" class=\"wp-block-spacer\"><\/div>\n\n\n\n<h3 class=\"has-ground-navy-color has-text-color wp-block-heading\">Informations suppl\u00e9mentaires<\/h3>\n\n\n\n<div style=\"height:20px\" aria-hidden=\"true\" class=\"wp-block-spacer\"><\/div>\n\n\n\n<p><a href=\"http:\/\/www.internetsociety.org\/next-generation-leaders-faq\">Foire aux questions NGL<\/a>&nbsp;(en anglais)<\/p>\n\n\n\n<p>Pour toute autre information, veuillez nous contacter \u00e0&nbsp;<a href=\"mailto:leaders@isoc.org\">leaders@isoc.org<\/a>.<\/p>\n\n\n\n<div style=\"height:20px\" aria-hidden=\"true\" class=\"wp-block-spacer\"><\/div>\n<\/div>\n<\/div><\/section>\n","protected":false},"excerpt":{"rendered":"<p>Le programme Next Generation Leaders (NGL ou Leaders de la prochaine g\u00e9n\u00e9ration) de l\u2019Internet Society aide les professionnels de l\u2019Internet, \u00e2g\u00e9s de 20 \u00e0 40 ans, \u00e0 d\u00e9velopper leur potentiel en leadership aux carrefours des technologies, du commerce, des politiques et de l\u2019\u00e9ducation.<\/p>\n","protected":false},"author":11,"featured_media":124674,"parent":224071,"menu_order":0,"comment_status":"closed","ping_status":"closed","template":"page-wide.php","meta":{"_acf_changed":false,"_uag_custom_page_level_css":"","footnotes":""},"categories":[5695,118],"tags":[6157],"region_news_regions":[6029],"content_category":[],"ppma_author":[4374],"class_list":["post-87060","page","type-page","status-publish","has-post-thumbnail","hentry","category-communaute","category-qui-sommes-nous","tag-bourses","region_news_regions-mondial"],"acf":[],"uagb_featured_image_src":{"full":["https:\/\/www.internetsociety.org\/wp-content\/uploads\/2020\/10\/blue-node-small.png",1400,375,false],"thumbnail":["https:\/\/www.internetsociety.org\/wp-content\/uploads\/2020\/10\/blue-node-small-150x150.png",150,150,true],"medium":["https:\/\/www.internetsociety.org\/wp-content\/uploads\/2020\/10\/blue-node-small-450x121.png",450,121,true],"medium_large":["https:\/\/www.internetsociety.org\/wp-content\/uploads\/2020\/10\/blue-node-small-768x206.png",768,206,true],"large":["https:\/\/www.internetsociety.org\/wp-content\/uploads\/2020\/10\/blue-node-small-1024x274.png",1024,274,true],"1536x1536":["https:\/\/www.internetsociety.org\/wp-content\/uploads\/2020\/10\/blue-node-small.png",1400,375,false],"2048x2048":["https:\/\/www.internetsociety.org\/wp-content\/uploads\/2020\/10\/blue-node-small.png",1400,375,false],"post-thumbnail":["https:\/\/www.internetsociety.org\/wp-content\/uploads\/2020\/10\/blue-node-small-250x67.png",250,67,true],"square":["https:\/\/www.internetsociety.org\/wp-content\/uploads\/2020\/10\/blue-node-small-600x375.png",600,375,true],"gform-image-choice-sm":["https:\/\/www.internetsociety.org\/wp-content\/uploads\/2020\/10\/blue-node-small.png",300,80,false],"gform-image-choice-md":["https:\/\/www.internetsociety.org\/wp-content\/uploads\/2020\/10\/blue-node-small.png",400,107,false],"gform-image-choice-lg":["https:\/\/www.internetsociety.org\/wp-content\/uploads\/2020\/10\/blue-node-small.png",600,161,false]},"uagb_author_info":{"display_name":"Internet Society","author_link":"https:\/\/www.internetsociety.org\/fr\/author\/isoc\/"},"uagb_comment_info":0,"uagb_excerpt":"Le programme Next Generation Leaders (NGL ou Leaders de la prochaine g\u00e9n\u00e9ration) de l\u2019Internet Society aide les professionnels de l\u2019Internet, \u00e2g\u00e9s de 20 \u00e0 40 ans, \u00e0 d\u00e9velopper leur potentiel en leadership aux carrefours des technologies, du commerce, des politiques et de l\u2019\u00e9ducation.","_links":{"self":[{"href":"https:\/\/www.internetsociety.org\/fr\/wp-json\/wp\/v2\/pages\/87060","targetHints":{"allow":["GET"]}}],"collection":[{"href":"https:\/\/www.internetsociety.org\/fr\/wp-json\/wp\/v2\/pages"}],"about":[{"href":"https:\/\/www.internetsociety.org\/fr\/wp-json\/wp\/v2\/types\/page"}],"author":[{"embeddable":true,"href":"https:\/\/www.internetsociety.org\/fr\/wp-json\/wp\/v2\/users\/11"}],"replies":[{"embeddable":true,"href":"https:\/\/www.internetsociety.org\/fr\/wp-json\/wp\/v2\/comments?post=87060"}],"version-history":[{"count":0,"href":"https:\/\/www.internetsociety.org\/fr\/wp-json\/wp\/v2\/pages\/87060\/revisions"}],"up":[{"embeddable":true,"href":"https:\/\/www.internetsociety.org\/fr\/wp-json\/wp\/v2\/pages\/224071"}],"wp:featuredmedia":[{"embeddable":true,"href":"https:\/\/www.internetsociety.org\/fr\/wp-json\/wp\/v2\/media\/124674"}],"wp:attachment":[{"href":"https:\/\/www.internetsociety.org\/fr\/wp-json\/wp\/v2\/media?parent=87060"}],"wp:term":[{"taxonomy":"category","embeddable":true,"href":"https:\/\/www.internetsociety.org\/fr\/wp-json\/wp\/v2\/categories?post=87060"},{"taxonomy":"post_tag","embeddable":true,"href":"https:\/\/www.internetsociety.org\/fr\/wp-json\/wp\/v2\/tags?post=87060"},{"taxonomy":"region_news_regions","embeddable":true,"href":"https:\/\/www.internetsociety.org\/fr\/wp-json\/wp\/v2\/region_news_regions?post=87060"},{"taxonomy":"content_category","embeddable":true,"href":"https:\/\/www.internetsociety.org\/fr\/wp-json\/wp\/v2\/content_category?post=87060"},{"taxonomy":"author","embeddable":true,"href":"https:\/\/www.internetsociety.org\/fr\/wp-json\/wp\/v2\/ppma_author?post=87060"}],"curies":[{"name":"wp","href":"https:\/\/api.w.org\/{rel}","templated":true}]}}