{"id":86973,"date":"2011-06-15T00:00:00","date_gmt":"2011-06-15T00:00:00","guid":{"rendered":"https:\/\/www.internetsociety.org\/igf-ambassadors-programme-2\/"},"modified":"2025-09-22T11:51:18","modified_gmt":"2025-09-22T11:51:18","slug":"igf-ambassadors-programme-2","status":"publish","type":"page","link":"https:\/\/www.internetsociety.org\/fr\/past-ngl-programs\/igf-ambassadors\/","title":{"rendered":"Les Ambassadeurs au Forum sur la gouvernance de l\u2019Internet (IGF)"},"content":{"rendered":"\n<section class=\"wp-block-uagb-columns uagb-columns__wrap uagb-columns__background-color uagb-columns__stack-mobile uagb-columns__valign- uagb-columns__gap-10 align uagb-block-e1a38b86 uagb-columns__columns-2 uagb-columns__max_width-theme\"><div class=\"uagb-columns__overlay\"><\/div><div class=\"uagb-columns__inner-wrap uagb-columns__columns-2\">\n<div class=\"wp-block-uagb-column uagb-column__wrap uagb-column__background-color uagb-block-78d4849f\"><div class=\"uagb-column__overlay\"><\/div>\n<div style=\"height:40px\" aria-hidden=\"true\" class=\"wp-block-spacer\"><\/div>\n\n\n\n<section class=\"wp-block-uagb-columns uagb-columns__wrap uagb-columns__background-color uagb-columns__stack-mobile uagb-columns__valign- uagb-columns__gap-10 align uagb-block-37414f53 uagb-columns__columns-1 uagb-columns__max_width-theme\"><div class=\"uagb-columns__overlay\"><\/div><div class=\"uagb-columns__inner-wrap uagb-columns__columns-1\">\n<div class=\"wp-block-uagb-column uagb-column__wrap uagb-column__background-undefined uagb-block-1bdd4710\"><div class=\"uagb-column__overlay\"><\/div>\n<h5 class=\"has-accent-yellow-color has-text-color wp-block-heading\">Statut actuel: <br>Ferm\u00e9<\/h5>\n\n\n\n<div style=\"height:20px\" aria-hidden=\"true\" class=\"wp-block-spacer\"><\/div>\n\n\n\n<p class=\"has-neutral-white-color has-text-color has-18-font-size\">Ce programme a fini. Depuis 2019, Internet Society a un nouveau programme qui combine celui-ci et le Programme Jeunes ambassadeurs FGI. <\/p>\n<\/div>\n<\/div><\/section>\n\n\n\n<div style=\"height:20px\" aria-hidden=\"true\" class=\"wp-block-spacer\"><\/div>\n\n\n\n<div class=\"wp-block-buttons is-content-justification-center is-layout-flex wp-container-core-buttons-is-layout-16018d1d wp-block-buttons-is-layout-flex\">\n<div class=\"wp-block-button\"><a class=\"wp-block-button__link has-ground-navy-color has-accent-yellow-background-color has-text-color has-background wp-element-button\" href=\"https:\/\/www.internetsociety.org\/fr\/policy-programs\/igf-youth-ambassadors\/\">En savoir plus sur Programme Jeunes ambassadeurs FGI<\/a><\/div>\n<\/div>\n<\/div>\n\n\n\n<div class=\"wp-block-uagb-column uagb-column__wrap uagb-column__background-undefined uagb-block-e1bc5d23\"><div class=\"uagb-column__overlay\"><\/div>\n<div style=\"height:40px\" aria-hidden=\"true\" class=\"wp-block-spacer\"><\/div>\n\n\n\n<h6 class=\"has-ground-navy-color has-text-color wp-block-heading\"><a href=\"https:\/\/www.internetsociety.org\/past-ngl-programs\/\">Programme Next Generation Leaders (NGL)<\/a> > Les Ambassadeurs au Forum sur la gouvernance de l\u2019Internet (IGF) <\/h6>\n\n\n\n<div style=\"height:30px\" aria-hidden=\"true\" class=\"wp-block-spacer\"><\/div>\n\n\n\n<h1 class=\"has-ground-navy-color has-text-color wp-block-heading\">Les Ambassadeurs au Forum sur la gouvernance de l\u2019Internet (IGF)<\/h1>\n\n\n\n<div style=\"height:20px\" aria-hidden=\"true\" class=\"wp-block-spacer\"><\/div>\n\n\n\n<p>Les Ambassadeurs aident \u00e0 expliquer et \u00e0 promouvoir les positions de l\u2019Internet Society en mati\u00e8re d\u2019affaires publiques li\u00e9es aux th\u00e8mes de l\u2019IGF et ils contribuent, par leurs avis et leur exp\u00e9rience au niveau local et r\u00e9gional, aux discussions et aux interventions au cours des s\u00e9ances et des ateliers. &nbsp;\u00c0 leur tour, les Ambassadeurs acqui\u00e8rent une exp\u00e9rience pr\u00e9cieuse \u00e0 travers leurs contacts avec diverses parties prenantes venues des quatre coins de l\u2019\u00e9cosyst\u00e8me de l\u2019Internet mondial et tirent profit de la forte visibilit\u00e9 de leur engagement.<\/p>\n\n\n\n<p>Des prix sont d\u00e9cern\u00e9s aux Ambassadeurs, nouveaux et anciens.<\/p>\n\n\n\n<div style=\"height:20px\" aria-hidden=\"true\" class=\"wp-block-spacer\"><\/div>\n\n\n\n<h3 class=\"has-ground-navy-color has-text-color wp-block-heading\">\u00c0 propos de l\u2019IGF<\/h3>\n\n\n\n<div style=\"height:20px\" aria-hidden=\"true\" class=\"wp-block-spacer\"><\/div>\n\n\n\n<p><a href=\"https:\/\/www.internetsociety.org\/fr\/igf-2\/\">L\u2019IGF<\/a>&nbsp;a \u00e9t\u00e9 cr\u00e9\u00e9 par le Secr\u00e9taire G\u00e9n\u00e9ral des Nations Unies afin de mener \u00e0 bien le mandat du Sommet Mondial sur la Soci\u00e9t\u00e9 de l\u2019Information (WSIS) par le biais de la mise en place d\u2019un nouveau forum pour le dialogue entre diverses parties prenantes sur les politiques. &nbsp;L\u2019IGF a d\u00e9marr\u00e9 en 2006 par une rencontre annuelle r\u00e9unissant des participants des gouvernements, du secteur priv\u00e9, de la soci\u00e9t\u00e9 civile et d\u2019organisations internationales en vue d\u2019un dialogue non-contractuel sur les questions de gouvernance de l\u2019Internet.<\/p>\n\n\n\n<div style=\"height:20px\" aria-hidden=\"true\" class=\"wp-block-spacer\"><\/div>\n\n\n\n<div class=\"wp-block-buttons is-vertical is-layout-flex wp-container-core-buttons-is-layout-8cf370e7 wp-block-buttons-is-layout-flex\">\n<div class=\"wp-block-button\"><a class=\"wp-block-button__link has-ground-navy-background-color has-background wp-element-button\" href=\"https:\/\/www.internetsociety.org\/leadership\/igf-ambassadors\/past\/\">Rencontrez tous les anciens ambassadeurs<\/a><\/div>\n<\/div>\n\n\n\n<div style=\"height:20px\" aria-hidden=\"true\" class=\"wp-block-spacer\"><\/div>\n\n\n\n<div style=\"height:20px\" aria-hidden=\"true\" class=\"wp-block-spacer\"><\/div>\n<\/div>\n<\/div><\/section>\n","protected":false},"excerpt":{"rendered":"<p>Les Ambassadeurs du Forum sur la gouvernance de l\u2019Internet (Internet Governance Forum &#8211; IGF) participent aux activit\u00e9s d\u2019engagement au niveau des politiques mondiales tout en fournissant une expertise et un savoir-faire pr\u00e9cieux aux concepteurs de politiques et aux d\u00e9cideurs qui participent aux r\u00e9unions de l\u2019IGF.<\/p>\n","protected":false},"author":46,"featured_media":124674,"parent":224071,"menu_order":0,"comment_status":"closed","ping_status":"closed","template":"page-wide.php","meta":{"_acf_changed":false,"_uag_custom_page_level_css":"","footnotes":""},"categories":[5695,118],"tags":[6157],"region_news_regions":[6029],"content_category":[],"ppma_author":[4057],"class_list":["post-86973","page","type-page","status-publish","has-post-thumbnail","hentry","category-communaute","category-qui-sommes-nous","tag-bourses","region_news_regions-mondial"],"acf":[],"uagb_featured_image_src":{"full":["https:\/\/www.internetsociety.org\/wp-content\/uploads\/2020\/10\/blue-node-small.png",1400,375,false],"thumbnail":["https:\/\/www.internetsociety.org\/wp-content\/uploads\/2020\/10\/blue-node-small-150x150.png",150,150,true],"medium":["https:\/\/www.internetsociety.org\/wp-content\/uploads\/2020\/10\/blue-node-small-450x121.png",450,121,true],"medium_large":["https:\/\/www.internetsociety.org\/wp-content\/uploads\/2020\/10\/blue-node-small-768x206.png",768,206,true],"large":["https:\/\/www.internetsociety.org\/wp-content\/uploads\/2020\/10\/blue-node-small-1024x274.png",1024,274,true],"1536x1536":["https:\/\/www.internetsociety.org\/wp-content\/uploads\/2020\/10\/blue-node-small.png",1400,375,false],"2048x2048":["https:\/\/www.internetsociety.org\/wp-content\/uploads\/2020\/10\/blue-node-small.png",1400,375,false],"post-thumbnail":["https:\/\/www.internetsociety.org\/wp-content\/uploads\/2020\/10\/blue-node-small-250x67.png",250,67,true],"square":["https:\/\/www.internetsociety.org\/wp-content\/uploads\/2020\/10\/blue-node-small-600x375.png",600,375,true],"gform-image-choice-sm":["https:\/\/www.internetsociety.org\/wp-content\/uploads\/2020\/10\/blue-node-small.png",300,80,false],"gform-image-choice-md":["https:\/\/www.internetsociety.org\/wp-content\/uploads\/2020\/10\/blue-node-small.png",400,107,false],"gform-image-choice-lg":["https:\/\/www.internetsociety.org\/wp-content\/uploads\/2020\/10\/blue-node-small.png",600,161,false]},"uagb_author_info":{"display_name":"Ivana Trbovic","author_link":"https:\/\/www.internetsociety.org\/fr\/author\/trbovic\/"},"uagb_comment_info":0,"uagb_excerpt":"Les Ambassadeurs du Forum sur la gouvernance de l\u2019Internet (Internet Governance Forum - IGF) participent aux activit\u00e9s d\u2019engagement au niveau des politiques mondiales tout en fournissant une expertise et un savoir-faire pr\u00e9cieux aux concepteurs de politiques et aux d\u00e9cideurs qui participent aux r\u00e9unions de l\u2019IGF.","_links":{"self":[{"href":"https:\/\/www.internetsociety.org\/fr\/wp-json\/wp\/v2\/pages\/86973","targetHints":{"allow":["GET"]}}],"collection":[{"href":"https:\/\/www.internetsociety.org\/fr\/wp-json\/wp\/v2\/pages"}],"about":[{"href":"https:\/\/www.internetsociety.org\/fr\/wp-json\/wp\/v2\/types\/page"}],"author":[{"embeddable":true,"href":"https:\/\/www.internetsociety.org\/fr\/wp-json\/wp\/v2\/users\/46"}],"replies":[{"embeddable":true,"href":"https:\/\/www.internetsociety.org\/fr\/wp-json\/wp\/v2\/comments?post=86973"}],"version-history":[{"count":0,"href":"https:\/\/www.internetsociety.org\/fr\/wp-json\/wp\/v2\/pages\/86973\/revisions"}],"up":[{"embeddable":true,"href":"https:\/\/www.internetsociety.org\/fr\/wp-json\/wp\/v2\/pages\/224071"}],"wp:featuredmedia":[{"embeddable":true,"href":"https:\/\/www.internetsociety.org\/fr\/wp-json\/wp\/v2\/media\/124674"}],"wp:attachment":[{"href":"https:\/\/www.internetsociety.org\/fr\/wp-json\/wp\/v2\/media?parent=86973"}],"wp:term":[{"taxonomy":"category","embeddable":true,"href":"https:\/\/www.internetsociety.org\/fr\/wp-json\/wp\/v2\/categories?post=86973"},{"taxonomy":"post_tag","embeddable":true,"href":"https:\/\/www.internetsociety.org\/fr\/wp-json\/wp\/v2\/tags?post=86973"},{"taxonomy":"region_news_regions","embeddable":true,"href":"https:\/\/www.internetsociety.org\/fr\/wp-json\/wp\/v2\/region_news_regions?post=86973"},{"taxonomy":"content_category","embeddable":true,"href":"https:\/\/www.internetsociety.org\/fr\/wp-json\/wp\/v2\/content_category?post=86973"},{"taxonomy":"author","embeddable":true,"href":"https:\/\/www.internetsociety.org\/fr\/wp-json\/wp\/v2\/ppma_author?post=86973"}],"curies":[{"name":"wp","href":"https:\/\/api.w.org\/{rel}","templated":true}]}}