{"id":80435,"date":"2018-05-24T13:23:58","date_gmt":"2018-05-24T13:23:58","guid":{"rendered":"https:\/\/www.internetsociety.org\/iot-trust-framework\/"},"modified":"2025-09-16T16:27:07","modified_gmt":"2025-09-16T16:27:07","slug":"iot-trust-framework","status":"publish","type":"page","link":"https:\/\/www.internetsociety.org\/fr\/iot\/trust-framework\/","title":{"rendered":"IoT Trust Framework"},"content":{"rendered":"<div class=\"content-container\"><main id=\"content\" class=\"content\"><\/p>\n<section class=\"component-row component-theme-background  padding-top padding-bottom row-text-white  \" style=\"background-repeat: no-repeat; background-size: cover; background-position: center center; background-color: #0c1c2c; background-image: url('https:\/\/www.internetsociety.org\/wp-content\/uploads\/2018\/05\/markus-spiske-197281-unsplash-768x1152.jpg');\" data-bgverylarge=\"https:\/\/www.internetsociety.org\/wp-content\/uploads\/2018\/05\/markus-spiske-197281-unsplash-e1638293270368.jpg\" data-bglarge=\"https:\/\/www.internetsociety.org\/wp-content\/uploads\/2018\/05\/markus-spiske-197281-unsplash-683x1024.jpg\" data-bgmediumlarge=\"https:\/\/www.internetsociety.org\/wp-content\/uploads\/2018\/05\/markus-spiske-197281-unsplash-768x1152.jpg\" data-bgmedium=\"https:\/\/www.internetsociety.org\/wp-content\/uploads\/2018\/05\/markus-spiske-197281-unsplash-200x300.jpg\" data-logo-color=\"row-text-white\">\n<div class=\"background-gradient\"><\/div>\n<div class=\"component-row-inner pure-g component-row-standard component-alignment-center \">\n<div class=\"column desktop-hidden tablet-hidden mobile-hidden component-theme-default\"><\/div>\n<div class=\"column  pure-u-lg--1 pure-u-md-1-1 pure-u-sm-1-1 component-theme-default \">\n<section class=\"component component-text\">\n<div class=\"content-wrapper\">\n<h1 class=\"headline2 align-center\">OTA IoT Trust Framework<\/h1>\n<h2 class=\"font-size:48px; headline6 align-center\">Le futur connect\u00e9 est ici &#8211; faisons-en un monde s\u00e9curis\u00e9<\/h2>\n<\/div>\n<\/section>\n<\/div>\n<\/div>\n<\/section>\n<section class=\"component-row component-theme-default  padding-top-small padding-bottom-small row-text-black  \" data-logo-color=\"row-text-black\">\n<div class=\"component-row-inner pure-g component-row-standard component-alignment-center \">\n<div class=\"column desktop-hidden tablet-hidden mobile-hidden component-theme-default\"><\/div>\n<div class=\"column  pure-u-lg--1 pure-u-md-1-1 pure-u-sm-1-1 component-theme-default \">\n<section class=\"component component-text\">\n<div class=\"content-wrapper\">\n<div class=\"body-text align-center\">\n<p class=\"p1\"><span class=\"s2\"><a href=\"https:\/\/www.internetsociety.org\/fr\/iot\/\">Internet des objets (IdO)<\/a> offre aux consommateurs, aux entreprises et aux gouvernements du monde entier des avantages innombrables. Comme avec la plupart des technologies \u00e9mergentes, on y observe des d\u00e9fis importants, que sont li\u00e9s \u00e0 leur apparition.\u00a0<a href=\"https:\/\/otalliance.org\/initiatives\/internet-things\"><span class=\"s1\">Online Trust Alliance (OTA)<\/span><\/a>, l\u2019initiative de l\u2019Internet Society, sur <b>le leadership, l\u2019innovation et la collaboration<\/b>, nous aide a surmonter ces d\u00e9fis et cr\u00e9er un monde connect\u00e9 digne de notre confiance. Adopter la s\u00e9curit\u00e9 et la confidentialit\u00e9 d\u00e8s la conception et l\u2019adoption des pratiques responsables en mati\u00e8re de confidentialit\u00e9.<\/span><\/p>\n<\/div>\n<\/div>\n<\/section>\n<\/div>\n<\/div>\n<\/section>\n<section class=\"component-row component-theme-neutral-green  padding-top-small padding-bottom-small row-text-black  \" data-logo-color=\"row-text-black\">\n<div class=\"component-row-inner pure-g component-row-standard component-alignment-center \">\n<div class=\"column desktop-hidden tablet-hidden mobile-hidden component-theme-default\"><\/div>\n<div class=\"column  pure-u-lg--1 pure-u-md-1-1 pure-u-sm-1-1 component-theme-default \">\n<section class=\"component component-text\">\n<div class=\"content-wrapper\">\n<h3 class=\"font-size:32px; eyebrow align-center\">IoT Trust Framework &#8211; R\u00e9sum\u00e9<\/h3>\n<h2 class=\"headline2 align-center\">IdO confiance par le Design<\/h2>\n<div class=\"body-text align-center\">\n<a href=\"https:\/\/www.internetsociety.org\/resources\/doc\/2018\/iot-trust-by-design\/\"><img loading=\"lazy\" decoding=\"async\" class=\"post-img post-img-left 79780 alignleft\" style=\"width: 250px; padding-right: 20px;\" src=\"https:\/\/www.internetsociety.org\/wp-content\/uploads\/2018\/05\/IoTtrustFrameworkOverviewCover.png\" alt=\"\" width=\"585\" height=\"848\" \/><\/a>\n<p class=\"p1\"><span class=\"s1\"><em>Le Cadre de confiance IdO<\/em>\u00a0ou <em>IoT Trust Framework<\/em> de Internet Society \u00e9nonce les exigences de base que les fabricants, les fournisseurs de services, les distributeurs \/ acheteurs et les d\u00e9cideurs ont besoin de comprendre, d\u2019\u00e9valuer et d\u2019adopter pour la s\u00e9curit\u00e9 et confidentialit\u00e9 des donn\u00e9es dans le cadre de l\u2019Internet des objets.<\/span><\/p>\n<p class=\"p1\"><span class=\"s1\">Bien qu\u2019il existe d\u2019autres cadres concernant l\u2019IdO, ce cadre est unique pour deux raisons suivantes :<\/span><\/p>\n<p class=\"p1\"><span class=\"s1\"><strong>1. Il couvre les questions de s\u00e9curit\u00e9, la confidentialit\u00e9 et la viabilit\u00e9 \u00e0 long terme (cycle de vie)<\/strong>. Beaucoup d\u2019autres se concentrent uniquement sur la s\u00e9curit\u00e9 ou l\u2019interop\u00e9rabilit\u00e9 ou la confidentialit\u00e9, et seulement quelques-uns tiennent compte des probl\u00e8mes du cycle de vie associ\u00e9s aux produits et services synth\u00e8se. Entre autres la fa\u00e7on dont la transition des donn\u00e9es et les comptes associ\u00e9s se d\u00e9roulent, ainsi que comment agir lorsque les mises \u00e0 jour de logiciels ne sont plus disponibles de dispositif \u00e0 longue dur\u00e9e de vie comme ouvre-porte de garage.<\/span><\/p>\n<p class=\"p1\"><span class=\"s1\"><strong>2. Il aborde de mani\u00e8re holistique l\u2019ensemble de l\u2019\u00e9cosyst\u00e8me.<\/strong> Cela inclut les appareils \/ capteurs, les applications mobiles et les services backend. La plupart des cadres se concentrent uniquement sur les appareils, mais un syst\u00e8me est aussi forte que son maillon le plus faible.<\/span><\/p>\n<p>La vue d\u2019ensemble du Cadre est disponible dans les langues suivantes:<\/p>\n<ul>\n<li><a href=\"https:\/\/www.internetsociety.org\/resources\/doc\/2018\/iot-trust-by-design\/\">English<\/a><\/li>\n<li><a href=\"https:\/\/www.internetsociety.org\/resources\/doc\/2018\/iot-trust-by-design\/\">French<\/a><\/li>\n<li><a href=\"https:\/\/www.internetsociety.org\/resources\/doc\/2018\/iot-trust-by-design\/\">Spanish<\/a><\/li>\n<li><a href=\"https:\/\/www.internetsociety.org\/wp-content\/uploads\/2018\/05\/ota_iot_framework_overview_Chinese_Simplified.pdf\" target=\"_blank\" rel=\"noopener\">Chinese<\/a><\/li>\n<\/ul>\n<\/div>\n<\/div>\n<\/section>\n<\/div>\n<\/div>\n<\/section>\n<section class=\"component-row component-theme-teal  padding-top-small padding-bottom-small row-text-white  \" data-logo-color=\"row-text-white\">\n<div class=\"component-row-inner pure-g component-row-standard component-alignment-center \">\n<div class=\"column desktop-hidden tablet-hidden mobile-hidden component-theme-default\"><\/div>\n<div class=\"column  pure-u-lg--1 pure-u-md-1-1 pure-u-sm-1-1 component-theme-default \">\n<section class=\"component component-text\">\n<div class=\"content-wrapper\">\n<h3 class=\"font-size:32px; eyebrow align-center\">IoT Trust Framework &#8211; Version enti\u00e8re<\/h3>\n<h2 class=\"headline2 align-center\">Full Framework v2.5<\/h2>\n<h3 class=\"headline6 align-center\">Ax\u00e9 sur les appareils et services de \u00abconsommation\u00bb pour la maison et l&rsquo;entreprise, y compris les technologies portables<\/h3>\n<div class=\"body-text align-center\">\n<p class=\"p1\"><span class=\"s1\">Le \u201cIoT Framework\u00ae\u201d comprend un ensemble de principes strat\u00e9giques n\u00e9cessaires pour aider \u00e0 s\u00e9curiser les dispositifs IdO et leurs donn\u00e9es Lorsque exp\u00e9di\u00e9s et tout au long de leur cycle de vie. Gr\u00e2ce \u00e0 un processus multipartite ax\u00e9e sur le consensus, les crit\u00e8res ont \u00e9t\u00e9 identifi\u00e9s pour la maison connect\u00e9e, bureau et technologies portables y compris les jouets, les trackers d\u2019activit\u00e9 et les appareils de fitness.<\/span><\/p>\n<p class=\"p1\"><span class=\"s1\">Le cadre est divis\u00e9 en quatre domaines cl\u00e9s:<\/span><\/p>\n<p class=\"p1\"><span class=\"s1\"><b>Principes de s\u00e9curit\u00e9<\/b> \u2013 Applicable \u00e0 tous les p\u00e9riph\u00e9riques et services de cloud ou back-end. Celles-ci vont de l\u2019application d\u2019un processus rigoureux de s\u00e9curit\u00e9 dans le domaine du d\u00e9veloppement des logiciels, bas\u00e9 sur le respect des principes de s\u00e9curit\u00e9 des donn\u00e9es pour les donn\u00e9es stock\u00e9es et<span class=\"Apple-converted-space\">\u00a0 <\/span>transmises par le dispositif, pour la gestion de supply chain, les programmes de tests de p\u00e9n\u00e9tration et les programmes des rapports de vuln\u00e9rabilit\u00e9. D\u2019autres principes soulignent la n\u00e9cessit\u00e9 de d\u00e9ploiement des patchs et correctifs logiciels.<\/span><\/p>\n<p class=\"p1\"><span class=\"s1\"><b>Acc\u00e8s et l\u2019identifiant utilisateur <\/b>\u2013 Exigence de cryptage de tous les mots de passe et noms d\u2019utilisateur, envoi de p\u00e9riph\u00e9riques avec des mots de passe uniques, impl\u00e9mentation de processus de r\u00e9initialisation de mot de passe g\u00e9n\u00e9ralement accept\u00e9s et l\u2019int\u00e9gration de m\u00e9canismes pour emp\u00eacher les tentatives de connexion.<\/span><\/p>\n<p class=\"p1\"><span class=\"s1\"><b>Confidentialit\u00e9, divulgation et transparence<\/b> \u2013 Exigences conformes aux principes de confidentialit\u00e9 g\u00e9n\u00e9ralement accept\u00e9s, y compris les divulgations importantes sur l\u2019emballage, les points de vente et \/ ou mises en ligne, capacit\u00e9 pour les utilisateurs de r\u00e9initialiser les appareils aux param\u00e8tres d\u2019usine et conformit\u00e9 aux exigences r\u00e9glementaires applicables par l\u2019Union europ\u00e9enne et le GDPR, ainsi que la r\u00e9glementation sur le confidentialit\u00e9 pour les enfants. La divulgation concerne \u00e9galement l\u2019impact sur les fonctionnalit\u00e9s du produit, au cas o\u00f9 la connection est coup\u00e9.<\/span><\/p>\n<p class=\"p1\"><span class=\"s1\"><b>Notifications et pratiques recommand\u00e9es<\/b> \u2013 La cl\u00e9 du maintien de la s\u00e9curit\u00e9 des appareils est d\u2019avoir des m\u00e9canismes et les processus pour informer rapidement un utilisateur des menaces existantes et des actions requises. Les principes doivent \u00eatre communiqu\u00e9s clairement aux utilisateurs \u00e0 tout moment. De plus, les exigences concernant l\u2019emballage endommag\u00e9, ou d\u2019accessibilit\u00e9 sont soulign\u00e9es.<\/span><\/p>\n<p class=\"p1\"><span class=\"s1\">Trouvez le Framework dans les langues suivantes:<\/span><\/p>\n<p class=\"p1\">\n<\/div>\n<\/div>\n<\/section>\n<\/div>\n<\/div>\n<\/section>\n<section class=\"component-row component-theme-orange  padding-top-small padding-bottom-small row-text-white  \" data-logo-color=\"row-text-white\">\n<div class=\"component-row-inner pure-g component-row-standard component-alignment-center \">\n<div class=\"column desktop-hidden tablet-hidden mobile-hidden component-theme-default\"><\/div>\n<div class=\"column  pure-u-lg-1-4 pure-u-md-1-4 pure-u-sm-4-4 component-theme-default \">\n<section class=\"component component-text\">\n<div class=\"content-wrapper\">\n<h3 class=\"headline6 align-center\">#Secureit<\/h3>\n<\/div>\n<\/section>\n<\/div>\n<div class=\"column desktop-hidden tablet-hidden mobile-hidden component-theme-default\"><\/div>\n<div class=\"column  pure-u-lg-3-4 pure-u-md-3-4 pure-u-sm-4-4 component-theme-default \">\n<section class=\"component component-text\">\n<div class=\"content-wrapper\">\n<div class=\"ctas align-center\"><a class=\"button button-secondary\" href=\"https:\/\/www.internetsociety.org\/resources\/doc\/2018\/iot-trust-framework-v2-5\/\" target=\"_blank\" rel=\"noopener\">Lire le document \u00ab\u00a0The IoT Trust Framework\u00a0\u00bb<\/a> <a class=\"button button-tertiary\" href=\"https:\/\/www.internetsociety.org\/fr\/iot\/\" target=\"_blank\" rel=\"noopener\">Savoir plus sur l&rsquo;Internet des objets<\/a><\/div>\n<\/div>\n<\/section>\n<\/div>\n<div class=\"column desktop-hidden tablet-hidden mobile-hidden component-theme-\"><\/div>\n<div class=\"column  pure-u-lg-- pure-u-md-1- pure-u-sm-- component-theme- \"><\/div>\n<\/div>\n<\/section>\n<section class=\"component-row component-theme-  padding-top padding-bottom row-text-black  \" data-logo-color=\"row-text-black\">\n<div class=\"component-row-inner pure-g component-row-standard component-alignment-center \">\n<div class=\"column desktop-hidden tablet-hidden mobile-hidden component-theme-\"><\/div>\n<div class=\"column  pure-u-lg-- pure-u-md-1- pure-u-sm-- component-theme- \"><\/div>\n<div class=\"column desktop-hidden tablet-hidden mobile-hidden component-theme-\"><\/div>\n<div class=\"column  pure-u-lg-- pure-u-md-1- pure-u-sm-- component-theme- \"><\/div>\n<\/div>\n<\/section>\n<p><\/main><\/div>\n","protected":false},"excerpt":{"rendered":"<p>OTA IoT Trust Framework Le futur connect\u00e9 est ici &#8211; faisons-en un monde s\u00e9curis\u00e9 Internet des objets (IdO) offre aux consommateurs, aux entreprises et aux gouvernements du monde entier des avantages innombrables. Comme avec la plupart des technologies \u00e9mergentes, on y observe des d\u00e9fis importants, que sont li\u00e9s \u00e0 leur apparition.\u00a0Online Trust Alliance (OTA), l\u2019initiative [&hellip;]<\/p>\n","protected":false},"author":46,"featured_media":0,"parent":81617,"menu_order":0,"comment_status":"closed","ping_status":"closed","template":"page-wide.php","meta":{"_acf_changed":false,"_uag_custom_page_level_css":"","footnotes":""},"categories":[156,4775],"tags":[],"region_news_regions":[6029],"content_category":[6105],"ppma_author":[4057],"class_list":["post-80435","page","type-page","status-publish","hentry","category-iot-fr","category-securite-fr","region_news_regions-mondial","content_category-resources-type"],"acf":[],"uagb_featured_image_src":{"full":false,"thumbnail":false,"medium":false,"medium_large":false,"large":false,"1536x1536":false,"2048x2048":false,"post-thumbnail":false,"square":false,"gform-image-choice-sm":false,"gform-image-choice-md":false,"gform-image-choice-lg":false},"uagb_author_info":{"display_name":"Ivana Trbovic","author_link":"https:\/\/www.internetsociety.org\/fr\/author\/trbovic\/"},"uagb_comment_info":0,"uagb_excerpt":"OTA IoT Trust Framework Le futur connect\u00e9 est ici &#8211; faisons-en un monde s\u00e9curis\u00e9 Internet des objets (IdO) offre aux consommateurs, aux entreprises et aux gouvernements du monde entier des avantages innombrables. Comme avec la plupart des technologies \u00e9mergentes, on y observe des d\u00e9fis importants, que sont li\u00e9s \u00e0 leur apparition.\u00a0Online Trust Alliance (OTA), l\u2019initiative\u2026","_links":{"self":[{"href":"https:\/\/www.internetsociety.org\/fr\/wp-json\/wp\/v2\/pages\/80435","targetHints":{"allow":["GET"]}}],"collection":[{"href":"https:\/\/www.internetsociety.org\/fr\/wp-json\/wp\/v2\/pages"}],"about":[{"href":"https:\/\/www.internetsociety.org\/fr\/wp-json\/wp\/v2\/types\/page"}],"author":[{"embeddable":true,"href":"https:\/\/www.internetsociety.org\/fr\/wp-json\/wp\/v2\/users\/46"}],"replies":[{"embeddable":true,"href":"https:\/\/www.internetsociety.org\/fr\/wp-json\/wp\/v2\/comments?post=80435"}],"version-history":[{"count":0,"href":"https:\/\/www.internetsociety.org\/fr\/wp-json\/wp\/v2\/pages\/80435\/revisions"}],"up":[{"embeddable":true,"href":"https:\/\/www.internetsociety.org\/fr\/wp-json\/wp\/v2\/pages\/81617"}],"wp:attachment":[{"href":"https:\/\/www.internetsociety.org\/fr\/wp-json\/wp\/v2\/media?parent=80435"}],"wp:term":[{"taxonomy":"category","embeddable":true,"href":"https:\/\/www.internetsociety.org\/fr\/wp-json\/wp\/v2\/categories?post=80435"},{"taxonomy":"post_tag","embeddable":true,"href":"https:\/\/www.internetsociety.org\/fr\/wp-json\/wp\/v2\/tags?post=80435"},{"taxonomy":"region_news_regions","embeddable":true,"href":"https:\/\/www.internetsociety.org\/fr\/wp-json\/wp\/v2\/region_news_regions?post=80435"},{"taxonomy":"content_category","embeddable":true,"href":"https:\/\/www.internetsociety.org\/fr\/wp-json\/wp\/v2\/content_category?post=80435"},{"taxonomy":"author","embeddable":true,"href":"https:\/\/www.internetsociety.org\/fr\/wp-json\/wp\/v2\/ppma_author?post=80435"}],"curies":[{"name":"wp","href":"https:\/\/api.w.org\/{rel}","templated":true}]}}