{"id":7995,"date":"2017-06-28T17:10:44","date_gmt":"2017-06-28T17:10:44","guid":{"rendered":"http:\/\/www.internetsociety.org\/governance-policies\/"},"modified":"2023-12-22T10:56:49","modified_gmt":"2023-12-22T10:56:49","slug":"governance-policies","status":"publish","type":"page","link":"https:\/\/www.internetsociety.org\/fr\/about-internet-society\/governance-policies\/","title":{"rendered":"La gouvernance et des politiques"},"content":{"rendered":"\n<section class=\"wp-block-uagb-columns uagb-columns__wrap uagb-columns__background-image uagb-columns__stack-mobile uagb-columns__valign- uagb-columns__gap-10 align uagb-block-27903c7e uagb-columns__columns-1 uagb-columns__max_width-theme\"><div class=\"uagb-columns__overlay\"><\/div><div class=\"uagb-columns__inner-wrap uagb-columns__columns-1\">\n<div class=\"wp-block-uagb-column uagb-column__wrap uagb-column__background-undefined uagb-block-f0e9e00f\"><div class=\"uagb-column__overlay\"><\/div>\n<div style=\"height:60px\" aria-hidden=\"true\" class=\"wp-block-spacer\"><\/div>\n\n\n\n<h1 class=\"wp-block-heading has-neutral-white-color has-text-color\">La gouvernance et des politiques<\/h1>\n\n\n\n<div style=\"height:60px\" aria-hidden=\"true\" class=\"wp-block-spacer\"><\/div>\n<\/div>\n<\/div><\/section>\n\n\n\n<div class=\"wp-block-columns are-vertically-aligned-top padding-0 margin-bottom-0 is-layout-flex wp-container-core-columns-is-layout-9d6595d7 wp-block-columns-is-layout-flex\">\n<div class=\"wp-block-column is-vertically-aligned-top is-layout-flow wp-block-column-is-layout-flow\" style=\"flex-basis:10%\"><\/div>\n\n\n\n<div class=\"wp-block-column is-vertically-aligned-top is-layout-flow wp-block-column-is-layout-flow\" style=\"flex-basis:80%\">\n<div style=\"height:40px\" aria-hidden=\"true\" class=\"wp-block-spacer\"><\/div>\n\n\n\n<p>Seulement les titres ont \u00e9t\u00e9 traduites. Toute la documentation juridique est disponible que dans la langue anglaise.<\/p>\n\n\n\n<h4 class=\"wp-block-heading has-depth-blue-color has-text-color\">Internet Society<\/h4>\n\n\n\n<div style=\"height:20px\" aria-hidden=\"true\" class=\"wp-block-spacer\"><\/div>\n\n\n\n<ul class=\"wp-block-list\">\n<li><span style=\"color:#2b72d6\" class=\"tadv-color\"><a href=\"https:\/\/www.internetsociety.org\/about-internet-society\/governance-policies\/by-laws\/\">Modification et mise \u00e0 jour des statuts de la soci\u00e9t\u00e9 Internet,<\/a> <\/span>17 mai 2021<\/li>\n\n\n\n<li><span style=\"color:#2b72d6\" class=\"tadv-color\"><a href=\"\/wp-content\/uploads\/2017\/06\/Form_1023_IRS.pdf\" target=\"_blank\" rel=\"noopener noreferrer\">Demande de reconnaissance d&rsquo;une exemption. Formulaire 1023<\/a><\/span><\/li>\n\n\n\n<li><span style=\"color:#2b72d6\" class=\"tadv-color\"><a href=\"https:\/\/www.internetsociety.org\/about-internet-society\/governance-policies\/articles-of-incorporation\/\">Articles d&rsquo;Incorporation de Internet Society<\/a><\/span><\/li>\n<\/ul>\n\n\n\n<div style=\"height:40px\" aria-hidden=\"true\" class=\"wp-block-spacer\"><\/div>\n\n\n\n<h4 class=\"wp-block-heading has-depth-blue-color has-text-color\">Conseil d\u2019administration de l\u2019Internet Society<\/h4>\n\n\n\n<div style=\"height:20px\" aria-hidden=\"true\" class=\"wp-block-spacer\"><\/div>\n\n\n\n<ul class=\"wp-block-list\" id=\"block-1defe907-0690-49d6-bfdb-7bd9b866022e\">\n<li><span style=\"color:#2b72d6\" class=\"tadv-color\"><a href=\"https:\/\/www.internetsociety.org\/about-internet-society\/governance-policies\/board-officer-code-ethics\/\">Code de d\u00e9onthologie du Conseil d\u2019administration<\/a><\/span><\/li>\n\n\n\n<li><span style=\"color:#2b72d6\" class=\"tadv-color\"><a href=\"\/wp-content\/uploads\/2017\/06\/conflictofinterest-trustees.pdf\">Les conflits d&rsquo;int\u00e9r\u00eats pour les fiduciaires et les dirigeants (PDF)<\/a><\/span><\/li>\n\n\n\n<li><span style=\"color:#2b72d6\" class=\"tadv-color\"><a href=\"https:\/\/www.internetsociety.org\/about-internet-society\/governance-policies\/fiduciary-obligations-trustees\/\">Obligations fiduciaires des administrateurs<\/a><\/span><\/li>\n\n\n\n<li><span style=\"color:#2b72d6\" class=\"tadv-color\"><a rel=\"noreferrer noopener\" href=\"https:\/\/www.internetsociety.org\/about-internet-society\/governance-policies\/guidelines-internet-society-board-trustees-liaison-ietf-nomination-committee\/\" target=\"_blank\"><\/a><a href=\"https:\/\/www.internetsociety.org\/about-internet-society\/governance-policies\/guidelines-internet-society-board-trustees-liaison-ietf-nomination-committee\/\">Lignes directrices pour la liaison de la Commission d&rsquo;administrateurs de Internet Society au comit\u00e9 de mise en candidature de l&rsquo;IETF<\/a><\/span><\/li>\n\n\n\n<li><span style=\"color:#2b72d6\" class=\"tadv-color\"><a rel=\"noreferrer noopener\" href=\"https:\/\/www.internetsociety.org\/about-internet-society\/governance-policies\/guidelines-internet-society-board-trustees-liaison-ietf-nomination-committee\/\" target=\"_blank\"><\/a><a href=\"https:\/\/www.internetsociety.org\/about-internet-society\/governance-policies\/procedures-selecting-trustees\/\">Proc\u00e9dures de s\u00e9lection des fiduciaires<\/a><\/span><\/li>\n\n\n\n<li><span style=\"color:#2b72d6\" class=\"tadv-color\"><a rel=\"noreferrer noopener\" href=\"https:\/\/www.internetsociety.org\/about-internet-society\/governance-policies\/guidelines-internet-society-board-trustees-liaison-ietf-nomination-committee\/\" target=\"_blank\"><\/a><a href=\"https:\/\/www.internetsociety.org\/about-internet-society\/governance-policies\/procedures-selecting-trustees\/\">Proc\u00e9dure pour la conduite des r\u00e9unions<\/a><\/span><\/li>\n\n\n\n<li><span style=\"color:#2b72d6\" class=\"tadv-color\"><a rel=\"noreferrer noopener\" href=\"https:\/\/www.internetsociety.org\/about-internet-society\/governance-policies\/guidelines-internet-society-board-trustees-liaison-ietf-nomination-committee\/\" target=\"_blank\"><\/a><a href=\"https:\/\/www.internetsociety.org\/about-internet-society\/governance-policies\/procedure-conducting-electronic-votes\/\">Proc\u00e9dure pour la tenue de votes \u00e9lectroniques<\/a><\/span><\/li>\n\n\n\n<li><span style=\"color:#2b72d6\" class=\"tadv-color\"><a rel=\"noreferrer noopener\" href=\"https:\/\/www.internetsociety.org\/about-internet-society\/governance-policies\/guidelines-internet-society-board-trustees-liaison-ietf-nomination-committee\/\" target=\"_blank\"><\/a><a href=\"https:\/\/www.internetsociety.org\/about-internet-society\/governance-policies\/procedure-conducting-election-officers-board\/\">Proc\u00e9dure d&rsquo;\u00e9lection des dirigeants du conseil<\/a><\/span><\/li>\n\n\n\n<li><span style=\"color:#2b72d6\" class=\"tadv-color\"><a rel=\"noreferrer noopener\" href=\"https:\/\/www.internetsociety.org\/about-internet-society\/governance-policies\/guidelines-internet-society-board-trustees-liaison-ietf-nomination-committee\/\" target=\"_blank\"><\/a><a href=\"https:\/\/www.internetsociety.org\/about-internet-society\/governance-policies\/procedure-mailing-lists\/\">Proc\u00e9dure pour les listes de mailing<\/a><\/span><\/li>\n\n\n\n<li><span style=\"color:#2b72d6\" class=\"tadv-color\"><a rel=\"noreferrer noopener\" href=\"https:\/\/www.internetsociety.org\/about-internet-society\/governance-policies\/guidelines-internet-society-board-trustees-liaison-ietf-nomination-committee\/\" target=\"_blank\"><\/a><a href=\"https:\/\/www.internetsociety.org\/about-internet-society\/governance-policies\/travel-policy-trustees\/\">Politique de voyage pour les fiduciaires<\/a><\/span><\/li>\n\n\n\n<li><span style=\"color:#2b72d6\" class=\"tadv-color\"><a rel=\"noreferrer noopener\" href=\"https:\/\/www.internetsociety.org\/about-internet-society\/governance-policies\/guidelines-internet-society-board-trustees-liaison-ietf-nomination-committee\/\" target=\"_blank\"><\/a><a href=\"https:\/\/www.internetsociety.org\/about-internet-society\/governance-policies\/trustee-payment-disclosure-policy\/\">Politique de divulgation du paiement des fiduciaires<\/a><\/span><\/li>\n<\/ul>\n\n\n\n<div style=\"height:40px\" aria-hidden=\"true\" class=\"wp-block-spacer\"><\/div>\n<\/div>\n\n\n\n<div class=\"wp-block-column is-vertically-aligned-top is-layout-flow wp-block-column-is-layout-flow\" style=\"flex-basis:10%\"><\/div>\n<\/div>\n","protected":false},"excerpt":{"rendered":"<p>Une liste des politiques de l&rsquo;Internet Society.<\/p>\n","protected":false},"author":46,"featured_media":0,"parent":27400,"menu_order":0,"comment_status":"closed","ping_status":"closed","template":"page-wide.php","meta":{"_acf_changed":false,"_uag_custom_page_level_css":"","footnotes":""},"categories":[118],"tags":[],"region_news_regions":[6029],"content_category":[6105],"ppma_author":[4057],"class_list":["post-7995","page","type-page","status-publish","hentry","category-qui-sommes-nous","region_news_regions-mondial","content_category-resources-type"],"acf":[],"uagb_featured_image_src":{"full":false,"thumbnail":false,"medium":false,"medium_large":false,"large":false,"1536x1536":false,"2048x2048":false,"post-thumbnail":false,"square":false,"gform-image-choice-sm":false,"gform-image-choice-md":false,"gform-image-choice-lg":false},"uagb_author_info":{"display_name":"Ivana Trbovic","author_link":"https:\/\/www.internetsociety.org\/fr\/author\/trbovic\/"},"uagb_comment_info":0,"uagb_excerpt":"Une liste des politiques de l'Internet Society.","_links":{"self":[{"href":"https:\/\/www.internetsociety.org\/fr\/wp-json\/wp\/v2\/pages\/7995","targetHints":{"allow":["GET"]}}],"collection":[{"href":"https:\/\/www.internetsociety.org\/fr\/wp-json\/wp\/v2\/pages"}],"about":[{"href":"https:\/\/www.internetsociety.org\/fr\/wp-json\/wp\/v2\/types\/page"}],"author":[{"embeddable":true,"href":"https:\/\/www.internetsociety.org\/fr\/wp-json\/wp\/v2\/users\/46"}],"replies":[{"embeddable":true,"href":"https:\/\/www.internetsociety.org\/fr\/wp-json\/wp\/v2\/comments?post=7995"}],"version-history":[{"count":0,"href":"https:\/\/www.internetsociety.org\/fr\/wp-json\/wp\/v2\/pages\/7995\/revisions"}],"up":[{"embeddable":true,"href":"https:\/\/www.internetsociety.org\/fr\/wp-json\/wp\/v2\/pages\/27400"}],"wp:attachment":[{"href":"https:\/\/www.internetsociety.org\/fr\/wp-json\/wp\/v2\/media?parent=7995"}],"wp:term":[{"taxonomy":"category","embeddable":true,"href":"https:\/\/www.internetsociety.org\/fr\/wp-json\/wp\/v2\/categories?post=7995"},{"taxonomy":"post_tag","embeddable":true,"href":"https:\/\/www.internetsociety.org\/fr\/wp-json\/wp\/v2\/tags?post=7995"},{"taxonomy":"region_news_regions","embeddable":true,"href":"https:\/\/www.internetsociety.org\/fr\/wp-json\/wp\/v2\/region_news_regions?post=7995"},{"taxonomy":"content_category","embeddable":true,"href":"https:\/\/www.internetsociety.org\/fr\/wp-json\/wp\/v2\/content_category?post=7995"},{"taxonomy":"author","embeddable":true,"href":"https:\/\/www.internetsociety.org\/fr\/wp-json\/wp\/v2\/ppma_author?post=7995"}],"curies":[{"name":"wp","href":"https:\/\/api.w.org\/{rel}","templated":true}]}}