{"id":75934,"date":"2017-07-05T17:52:32","date_gmt":"2017-07-05T17:52:32","guid":{"rendered":"https:\/\/www.internetsociety.org\/about-the-ietf\/"},"modified":"2025-09-16T16:28:20","modified_gmt":"2025-09-16T16:28:20","slug":"about-the-ietf","status":"publish","type":"page","link":"https:\/\/www.internetsociety.org\/fr\/about-the-ietf\/","title":{"rendered":"\u00c0 propos de IETF"},"content":{"rendered":"\n<section class=\"wp-block-uagb-columns uagb-columns__wrap uagb-columns__background-image uagb-columns__stack-mobile uagb-columns__valign- uagb-columns__gap-10 align uagb-block-dd033895 uagb-columns__columns-1 uagb-columns__max_width-theme background-image-fallback-black\"><div class=\"uagb-columns__overlay\"><\/div><div class=\"uagb-columns__inner-wrap uagb-columns__columns-1\">\n<div class=\"wp-block-uagb-column uagb-column__wrap uagb-column__background-undefined uagb-block-5b4fbef8\"><div class=\"uagb-column__overlay\"><\/div>\n<h1 class=\"has-neutral-white-color has-text-color wp-block-heading\">\u00c0 propos de l\u2019Internet Engineering Task Force (IETF)<\/h1>\n<\/div>\n<\/div><\/section>\n\n\n\n<div class=\"wp-block-columns is-layout-flex wp-container-core-columns-is-layout-9d6595d7 wp-block-columns-is-layout-flex\">\n<div class=\"wp-block-column is-layout-flow wp-block-column-is-layout-flow\" style=\"flex-basis:10%\"><\/div>\n\n\n\n<div class=\"wp-block-column is-layout-flow wp-block-column-is-layout-flow\" style=\"flex-basis:80%\">\n<div style=\"height:40px\" aria-hidden=\"true\" class=\"wp-block-spacer\"><\/div>\n\n\n<div class=\"wp-block-image\">\n<figure class=\"alignright size-full\"><img loading=\"lazy\" decoding=\"async\" width=\"139\" height=\"80\" src=\"https:\/\/www.internetsociety.org\/wp-content\/uploads\/2021\/11\/ietf-logo-200x115-1-e1664390923121.jpg\" alt=\"IETF logo\" class=\"wp-image-154939\"\/><\/figure>\n<\/div>\n\n\n<p class=\"has-18-font-size\">Le groupe de travail sur l\u2019ing\u00e9nierie Internet, soit l\u2019Internet Engineering Task Force (IETF) d\u00e9veloppe des standards ouverts par le biais de processus ouverts avec un objectif pr\u00e9cis d\u2019am\u00e9liorer le fonctionnement d\u2019Internet.<\/p>\n\n\n\n<p class=\"has-18-font-size\">L\u2019IETF qui est compos\u00e9 d\u2019une grande communaut\u00e9 internationale de concepteurs, d\u2019op\u00e9rateurs, de fournisseurs, et de chercheurs, se focalise sur l\u2019\u00e9volution de l\u2019architecture Internet, et le bon fonctionnement d\u2019Internet.\u00a0<\/p>\n\n\n\n<div class=\"wp-block-buttons is-layout-flex wp-block-buttons-is-layout-flex\">\n<div class=\"wp-block-button\"><a class=\"wp-block-button__link has-neutral-white-color has-depth-blue-background-color has-text-color has-background wp-element-button\" href=\"https:\/\/www.ietf.org\/\">En savoir plus sur IETF<\/a><\/div>\n<\/div>\n\n\n\n<div style=\"height:20px\" aria-hidden=\"true\" class=\"wp-block-spacer\"><\/div>\n<\/div>\n\n\n\n<div class=\"wp-block-column is-layout-flow wp-block-column-is-layout-flow\" style=\"flex-basis:10%\"><\/div>\n<\/div>\n\n\n\n<div class=\"wp-block-columns margin-bottom-0 has-neutral-white-background-color has-background is-layout-flex wp-container-core-columns-is-layout-9d6595d7 wp-block-columns-is-layout-flex\">\n<div class=\"wp-block-column is-layout-flow wp-block-column-is-layout-flow\" style=\"flex-basis:10%\"><\/div>\n\n\n\n<div class=\"wp-block-column is-layout-flow wp-block-column-is-layout-flow\" style=\"flex-basis:80%\">\n<div style=\"height:40px\" aria-hidden=\"true\" class=\"wp-block-spacer\"><\/div>\n\n\n\n<h2 class=\"has-32-font-size wp-block-heading\">L\u2019Internet Society et l\u2019IETF<\/h2>\n\n\n\n<div style=\"height:30px\" aria-hidden=\"true\" class=\"wp-block-spacer\"><\/div>\n\n\n\n<p class=\"has-18-font-size\">L\u2019IETF et l\u2019Internet Society sont align\u00e9s depuis longtemps sur leur vision en mati\u00e8re de la d\u00e9fense des processus multipartites, et des normes ouvertes. Depuis 1992, nous soutenons l\u2019IETF en servant de si\u00e8ge organisationnel \u00e0 l\u2019IETF LLC qui est le cadre administratif du travail de l\u2019IETF, et \u00e0 travers de financements annuels.<\/p>\n\n\n\n<p class=\"has-18-font-size\">Nous contribuons au processus de normalisation de l\u2019IETF en nommant le pr\u00e9sident du comit\u00e9 de nomination de l\u2019IETF, \u00e0 travers diverses activit\u00e9s telles que le programme des d\u00e9cideurs, et en encourageant d\u2019autres personnes \u00e0 soutenir le d\u00e9ploiement des normes de l\u2019IETF. Ce dernier joue pour sa part un r\u00f4le dans la gouvernance de l\u2019Internet Society en d\u00e9signant un ensemble d&rsquo;administrateurs au sein de notre conseil d\u2019administration.<\/p>\n\n\n\n<p class=\"has-18-font-size\">Lire plus \u00e0 propos de nos relations sous le RFC 8712. Vous pouvez \u00e9galement lire l\u2019histoire de la relation telle que pr\u00e9sent\u00e9e par Vint Cerf d\u00e8s juillet 1995.<\/p>\n\n\n\n<div style=\"height:30px\" aria-hidden=\"true\" class=\"wp-block-spacer\"><\/div>\n<\/div>\n\n\n\n<div class=\"wp-block-column is-layout-flow wp-block-column-is-layout-flow\" style=\"flex-basis:10%\"><\/div>\n<\/div>\n","protected":false},"excerpt":{"rendered":"<p>\u00c0 propos de l\u2019Internet Engineering Task Force (IETF) Le groupe de travail sur l\u2019ing\u00e9nierie Internet, soit l\u2019Internet Engineering Task Force (IETF) d\u00e9veloppe des standards ouverts par le biais de processus ouverts avec un objectif pr\u00e9cis d\u2019am\u00e9liorer le fonctionnement d\u2019Internet. L\u2019IETF qui est compos\u00e9 d\u2019une grande communaut\u00e9 internationale de concepteurs, d\u2019op\u00e9rateurs, de fournisseurs, et de chercheurs, [&hellip;]<\/p>\n","protected":false},"author":46,"featured_media":0,"parent":0,"menu_order":0,"comment_status":"closed","ping_status":"closed","template":"page-wide.php","meta":{"_acf_changed":false,"_uag_custom_page_level_css":"","footnotes":""},"categories":[118],"tags":[],"region_news_regions":[],"content_category":[],"ppma_author":[4057],"class_list":["post-75934","page","type-page","status-publish","hentry","category-qui-sommes-nous"],"acf":[],"uagb_featured_image_src":{"full":false,"thumbnail":false,"medium":false,"medium_large":false,"large":false,"1536x1536":false,"2048x2048":false,"post-thumbnail":false,"square":false,"gform-image-choice-sm":false,"gform-image-choice-md":false,"gform-image-choice-lg":false},"uagb_author_info":{"display_name":"Ivana Trbovic","author_link":"https:\/\/www.internetsociety.org\/fr\/author\/trbovic\/"},"uagb_comment_info":0,"uagb_excerpt":"\u00c0 propos de l\u2019Internet Engineering Task Force (IETF) Le groupe de travail sur l\u2019ing\u00e9nierie Internet, soit l\u2019Internet Engineering Task Force (IETF) d\u00e9veloppe des standards ouverts par le biais de processus ouverts avec un objectif pr\u00e9cis d\u2019am\u00e9liorer le fonctionnement d\u2019Internet. L\u2019IETF qui est compos\u00e9 d\u2019une grande communaut\u00e9 internationale de concepteurs, d\u2019op\u00e9rateurs, de fournisseurs, et de chercheurs,\u2026","_links":{"self":[{"href":"https:\/\/www.internetsociety.org\/fr\/wp-json\/wp\/v2\/pages\/75934","targetHints":{"allow":["GET"]}}],"collection":[{"href":"https:\/\/www.internetsociety.org\/fr\/wp-json\/wp\/v2\/pages"}],"about":[{"href":"https:\/\/www.internetsociety.org\/fr\/wp-json\/wp\/v2\/types\/page"}],"author":[{"embeddable":true,"href":"https:\/\/www.internetsociety.org\/fr\/wp-json\/wp\/v2\/users\/46"}],"replies":[{"embeddable":true,"href":"https:\/\/www.internetsociety.org\/fr\/wp-json\/wp\/v2\/comments?post=75934"}],"version-history":[{"count":0,"href":"https:\/\/www.internetsociety.org\/fr\/wp-json\/wp\/v2\/pages\/75934\/revisions"}],"wp:attachment":[{"href":"https:\/\/www.internetsociety.org\/fr\/wp-json\/wp\/v2\/media?parent=75934"}],"wp:term":[{"taxonomy":"category","embeddable":true,"href":"https:\/\/www.internetsociety.org\/fr\/wp-json\/wp\/v2\/categories?post=75934"},{"taxonomy":"post_tag","embeddable":true,"href":"https:\/\/www.internetsociety.org\/fr\/wp-json\/wp\/v2\/tags?post=75934"},{"taxonomy":"region_news_regions","embeddable":true,"href":"https:\/\/www.internetsociety.org\/fr\/wp-json\/wp\/v2\/region_news_regions?post=75934"},{"taxonomy":"content_category","embeddable":true,"href":"https:\/\/www.internetsociety.org\/fr\/wp-json\/wp\/v2\/content_category?post=75934"},{"taxonomy":"author","embeddable":true,"href":"https:\/\/www.internetsociety.org\/fr\/wp-json\/wp\/v2\/ppma_author?post=75934"}],"curies":[{"name":"wp","href":"https:\/\/api.w.org\/{rel}","templated":true}]}}