{"id":71023,"date":"2017-09-07T16:03:43","date_gmt":"2017-09-07T16:03:43","guid":{"rendered":"https:\/\/www.internetsociety.org\/internet-society-25\/25-under-25\/"},"modified":"2025-10-24T17:14:30","modified_gmt":"2025-10-24T17:14:30","slug":"25-under-25","status":"publish","type":"page","link":"https:\/\/www.internetsociety.org\/fr\/25th\/25-under-25\/","title":{"rendered":"25 under 25"},"content":{"rendered":"<div class=\"content-container\"><main id=\"content\" class=\"content\"><\/p>\n<section class=\"component-row component-theme-animated-large  padding-top padding-bottom row-text-white  \" data-logo-color=\"row-text-white\">\n<div class=\"component-row-inner pure-g component-row-standard component-alignment-center \">\n<div class=\"column desktop-hidden tablet-hidden mobile-hidden component-theme-default\"><\/div>\n<div class=\"column  pure-u-lg--1 pure-u-md-1-1 pure-u-sm-1-1 component-theme-default \">\n<section class=\"component component-text\">\n<div class=\"content-wrapper\">\n<h1 class=\"headline2 align-center\">25 Under 25<\/h1>\n<div class=\"body-text align-center\">\n<p>Les jeunes du monde entier changent d\u2019Internet en ce moment m\u00eame. Nous avons c\u00e9l\u00e9br\u00e9 25 d\u2019entre eux autour du monde qui fa\u00e7onnent demain en utilisant Internet comme une force pour le bien.<\/p>\n<\/div>\n<\/div>\n<\/section>\n<\/div>\n<\/div>\n<\/section>\n<section class=\"component-row component-theme-lt-gray  padding-top padding-bottom row-text-black  \" data-logo-color=\"row-text-black\">\n<div class=\"component-row-inner pure-g component-row-standard component-alignment-center \">\n<div class=\"column desktop-hidden tablet-hidden mobile-hidden component-theme-default\"><\/div>\n<div class=\"column  pure-u-lg--1 pure-u-md-1-1 pure-u-sm-1-1 component-theme-default \">\n<section class=\"component component-text\">\n<div class=\"content-wrapper\">\n<div class=\"body-text align-center\">\n<p><a href=\"https:\/\/www.internetsociety.org\/fr\/25th\/\">En 1992, l\u2019Internet Society a \u00e9t\u00e9 fond\u00e9e<\/a> par un groupe de personnes qui croyaient qu\u2019Internet \u00e9tait pour tout le monde. Nous rencontrons maintenant la prochaine g\u00e9n\u00e9ration d\u2019innovateurs en ligne, qui utilisent Internet d\u2019une mani\u00e8re que nous ne pouvons qu\u2019imaginer. Nous vous avons demand\u00e9 de nommer quelqu\u2019un que vous connaissez qui utilise Internet pour avoir un impact dans leur communaut\u00e9 et au-del\u00e0. Nous avons \u00e9t\u00e9 inspir\u00e9s \u00e0 lire les nombreuses nominations \u00e0 travers le monde. Les laur\u00e9ats ont \u00e9t\u00e9 r\u00e9compens\u00e9s lors d\u2019une c\u00e9r\u00e9monie sp\u00e9ciale \u00e0 Los Angeles le 18 septembre 2017:<\/p>\n<h2 style=\"font-size: 32px; text-align: center;\">Regardez la c\u00e9r\u00e9monie de la recompense:<\/h2>\n<p style=\"text-align: center;\">\n<div id=\"bQeiwrIf\" class=\"video-placeholder-youtube\" style=\"width: 560px; height: 315px; background-image: linear-gradient(rgba(76, 72, 72, 0.7), rgba(76, 72, 72, 0.7)), url('https:\/\/img.youtube.com\/vi\/4l751NRGTRI\/maxresdefault.jpg');\" data-cky-tag=\"video-placeholder\">\n<p class=\"video-placeholder-text-youtube\" style=\"display: block; border-color: #000000; background-color: #000000; color: #ffffff;\" data-cky-tag=\"placeholder-title\">Veuillez accepter le consentement des cookies<\/p>\n<\/div>\n<p style=\"text-align: center;\"><a href=\"https:\/\/www.internetsociety.org\/25th\/25-under-25\/awardees\/\">En savoir plus sur les 25 laur\u00e9ats de moins de 25 ans qui utilisent Internet pour fa\u00e7onner demain.<\/a><\/p>\n<\/div>\n<\/div>\n<\/section>\n<\/div>\n<\/div>\n<\/section>\n<p><\/main><\/div>\n","protected":false},"excerpt":{"rendered":"<p>25 Under 25 Les jeunes du monde entier changent d\u2019Internet en ce moment m\u00eame. Nous avons c\u00e9l\u00e9br\u00e9 25 d\u2019entre eux autour du monde qui fa\u00e7onnent demain en utilisant Internet comme une force pour le bien. En 1992, l\u2019Internet Society a \u00e9t\u00e9 fond\u00e9e par un groupe de personnes qui croyaient qu\u2019Internet \u00e9tait pour tout le monde. [&hellip;]<\/p>\n","protected":false},"author":46,"featured_media":0,"parent":68216,"menu_order":0,"comment_status":"closed","ping_status":"closed","template":"page-wide.php","meta":{"_acf_changed":false,"_uag_custom_page_level_css":"","footnotes":""},"categories":[99],"tags":[6050],"region_news_regions":[],"content_category":[],"ppma_author":[4057],"class_list":["post-71023","page","type-page","status-publish","hentry","category-about-internet-society","tag-25e-anniversaire"],"acf":[],"uagb_featured_image_src":{"full":false,"thumbnail":false,"medium":false,"medium_large":false,"large":false,"1536x1536":false,"2048x2048":false,"post-thumbnail":false,"square":false,"gform-image-choice-sm":false,"gform-image-choice-md":false,"gform-image-choice-lg":false},"uagb_author_info":{"display_name":"Ivana Trbovic","author_link":"https:\/\/www.internetsociety.org\/fr\/author\/trbovic\/"},"uagb_comment_info":0,"uagb_excerpt":"25 Under 25 Les jeunes du monde entier changent d\u2019Internet en ce moment m\u00eame. Nous avons c\u00e9l\u00e9br\u00e9 25 d\u2019entre eux autour du monde qui fa\u00e7onnent demain en utilisant Internet comme une force pour le bien. En 1992, l\u2019Internet Society a \u00e9t\u00e9 fond\u00e9e par un groupe de personnes qui croyaient qu\u2019Internet \u00e9tait pour tout le monde.\u2026","_links":{"self":[{"href":"https:\/\/www.internetsociety.org\/fr\/wp-json\/wp\/v2\/pages\/71023","targetHints":{"allow":["GET"]}}],"collection":[{"href":"https:\/\/www.internetsociety.org\/fr\/wp-json\/wp\/v2\/pages"}],"about":[{"href":"https:\/\/www.internetsociety.org\/fr\/wp-json\/wp\/v2\/types\/page"}],"author":[{"embeddable":true,"href":"https:\/\/www.internetsociety.org\/fr\/wp-json\/wp\/v2\/users\/46"}],"replies":[{"embeddable":true,"href":"https:\/\/www.internetsociety.org\/fr\/wp-json\/wp\/v2\/comments?post=71023"}],"version-history":[{"count":0,"href":"https:\/\/www.internetsociety.org\/fr\/wp-json\/wp\/v2\/pages\/71023\/revisions"}],"up":[{"embeddable":true,"href":"https:\/\/www.internetsociety.org\/fr\/wp-json\/wp\/v2\/pages\/68216"}],"wp:attachment":[{"href":"https:\/\/www.internetsociety.org\/fr\/wp-json\/wp\/v2\/media?parent=71023"}],"wp:term":[{"taxonomy":"category","embeddable":true,"href":"https:\/\/www.internetsociety.org\/fr\/wp-json\/wp\/v2\/categories?post=71023"},{"taxonomy":"post_tag","embeddable":true,"href":"https:\/\/www.internetsociety.org\/fr\/wp-json\/wp\/v2\/tags?post=71023"},{"taxonomy":"region_news_regions","embeddable":true,"href":"https:\/\/www.internetsociety.org\/fr\/wp-json\/wp\/v2\/region_news_regions?post=71023"},{"taxonomy":"content_category","embeddable":true,"href":"https:\/\/www.internetsociety.org\/fr\/wp-json\/wp\/v2\/content_category?post=71023"},{"taxonomy":"author","embeddable":true,"href":"https:\/\/www.internetsociety.org\/fr\/wp-json\/wp\/v2\/ppma_author?post=71023"}],"curies":[{"name":"wp","href":"https:\/\/api.w.org\/{rel}","templated":true}]}}