{"id":68216,"date":"2017-09-08T14:28:50","date_gmt":"2017-09-08T14:28:50","guid":{"rendered":"https:\/\/www.internetsociety.org\/internet-society-25\/"},"modified":"2023-09-04T17:30:42","modified_gmt":"2023-09-04T17:30:42","slug":"internet-society-25","status":"publish","type":"page","link":"https:\/\/www.internetsociety.org\/fr\/25th\/","title":{"rendered":"25 ans de Internet Society"},"content":{"rendered":"<div class=\"content-container\"><main id=\"content\" class=\"content\"><\/p>\n<section class=\"component-row component-theme-background  padding-top padding-bottom row-text-white  \" style=\"background-repeat: no-repeat; background-size: cover; background-position: center center; background-color: #0c1c2c; background-image: url('https:\/\/www.internetsociety.org\/wp-content\/uploads\/2017\/09\/ISOC-IMAGE-21-Fireworks-768x507.jpg');\" data-bgverylarge=\"https:\/\/www.internetsociety.org\/wp-content\/uploads\/2017\/09\/ISOC-IMAGE-21-Fireworks.jpg\" data-bglarge=\"https:\/\/www.internetsociety.org\/wp-content\/uploads\/2017\/09\/ISOC-IMAGE-21-Fireworks-1024x676.jpg\" data-bgmediumlarge=\"https:\/\/www.internetsociety.org\/wp-content\/uploads\/2017\/09\/ISOC-IMAGE-21-Fireworks-768x507.jpg\" data-bgmedium=\"https:\/\/www.internetsociety.org\/wp-content\/uploads\/2017\/09\/ISOC-IMAGE-21-Fireworks-300x198.jpg\" data-logo-color=\"row-text-white\">\n<div class=\"component-row-inner pure-g component-row-standard component-alignment-center \">\n<div class=\"column desktop-hidden tablet-hidden mobile-hidden component-theme-default\"><\/div>\n<div class=\"column  pure-u-lg--1 pure-u-md-1-1 pure-u-sm-1-1 component-theme-default \">\n<section class=\"component component-text\">\n<div class=\"content-wrapper\">\n<h1 class=\"headline2 align-center\">25 ans de Internet Society<\/h1>\n<\/div>\n<\/section>\n<\/div>\n<\/div>\n<\/section>\n<section class=\"component-row component-theme-white  row-text-black  \" data-logo-color=\"row-text-black\">\n<div class=\"component-row-inner pure-g component-row-standard component-alignment-center \">\n<div class=\"column desktop-hidden tablet-hidden mobile-hidden component-theme-default\"><\/div>\n<div class=\"column  pure-u-lg--1 pure-u-md-1-1 pure-u-sm-1-1 component-theme-default \">\n<section class=\"component component-subnav component-row-standard\" data-component-name=\"SubNav\">\n<div class=\"component-inner\">\n<nav class=\"align-center\"><span class=\"eyebrow subnav-item\" data-location=\"Temple\">Temple de la renomm\u00e9e Internet<\/span><span class=\"eyebrow subnav-item\" data-location=\"25under25\">25 Under 25<\/span><span class=\"eyebrow subnav-item\" data-location=\"LerapportInternet2017\">Le rapport Internet 2017<\/span><span class=\"eyebrow subnav-item\" data-location=\"InterCommunity\">InterCommunity<\/span><span class=\"eyebrow subnav-item\" data-location=\"Autresactivit\u00e9s\">Autres activit\u00e9s<\/span><span class=\"eyebrow subnav-item\" data-location=\"Actualit\u00e9s\">Actualit\u00e9s<\/span><\/nav>\n<\/div>\n<\/section>\n<\/div>\n<\/div>\n<\/section>\n<section class=\"component-row component-theme-lt-gray  padding-top padding-bottom row-text-black  \" data-logo-color=\"row-text-black\">\n<div class=\"component-row-inner pure-g component-row-standard component-alignment-center \">\n<div class=\"column desktop-hidden tablet-hidden mobile-hidden component-theme-default\"><\/div>\n<div class=\"column  pure-u-lg--1 pure-u-md-1-1 pure-u-sm-1-1 component-theme-default \">\n<section class=\"component component-text\">\n<div class=\"content-wrapper\">\n<div class=\"body-text align-center\">\n<img loading=\"lazy\" decoding=\"async\" class=\"post-img post-img-right alignright\" src=\"https:\/\/www.internetsociety.org\/wp-content\/uploads\/2017\/09\/ISOC-25Anniversary-Badge-Dark-RGB-400px.png\" alt=\"ISOC 25th Anniversary Badge\" width=\"400\" height=\"400\" \/>\n<p>Cette ann\u00e9e, nous c\u00e9l\u00e9brons la 25\u00e8me ann\u00e9e de plaidoyer de l\u2019Internet Society pour un Internet ouvert et fiable, accessible \u00e0 tous, partout. Aujourd\u2019hui, les d\u00e9fis li\u00e9s \u00e0 Internet ouvert n\u2019ont jamais \u00e9t\u00e9 aussi grands \u2013 et nous avons besoin que vous vous joigniez \u00e0 nous pour en\u00a0<a href=\"https:\/\/www.internetsociety.org\/shapetomorrow\/\">faire face<\/a>.<\/p>\n<p>En cette ann\u00e9e du 25e anniversaire, nous sommes impatients de nous joindre \u00e0 vous pour b\u00e2tir Internet Society meilleure et plus forte dans l\u2019avenir pour le monde entier. Rejoignez nous sur ce voyage pour fa\u00e7onner l\u2019avenir (<strong>#ShapeTomorrow)<\/strong>.<\/p>\n<\/div>\n<\/div>\n<\/section>\n<\/div>\n<\/div>\n<\/section>\n<section class=\"component-row component-theme-dark-teal  row-text-white  \" data-logo-color=\"row-text-white\">\n<div class=\"component-row-inner pure-g component-row-standard component-alignment-center \">\n<div class=\"column desktop-hidden tablet-hidden mobile-hidden component-theme-default\"><\/div>\n<div class=\"column  pure-u-lg--1 pure-u-md-1-1 pure-u-sm-1-1 component-theme-default \">\n<section class=\"component-video component\">\n<div class=\"content-wrapper\"><img decoding=\"async\" class=\"video-thumb\" title=\"video-thumbnail\" src=\"https:\/\/img.youtube.com\/vi\/WlEMim2Qj-A\/maxresdefault.jpg\" alt=\"video thumbnail\" \/> <mark id=\"playButton-WlEMim2Qj-A\" class=\"play-button\" data-video-id=\"WlEMim2Qj-A\"><\/mark><\/p>\n<div class=\"video-wrapper\"><\/div>\n<\/div>\n<div id=\"playerFrame-WlEMim2Qj-A\" class=\"video-popup\" data-video-id=\"WlEMim2Qj-A\"><mark id=\"closeVideo-WlEMim2Qj-A\" class=\"close\"><\/mark><\/p>\n<div class=\"video-wrapper\"><\/div>\n<\/div>\n<\/section>\n<p><script><br \/>\n      \/\/ 1. This code loads the IFrame Player API code asynchronously.<\/p>\n<p>      var tag = document.createElement('script');<\/p>\n<p>      tag.src = \"https:\/\/www.youtube.com\/iframe_api\";<br \/>\n      var firstScriptTag = document.getElementsByTagName('script')[0];<br \/>\n      firstScriptTag.parentNode.insertBefore(tag, firstScriptTag);<\/p>\n<p>      \/\/ 2. This function creates an <iframe> (and YouTube player)<br \/>\n      \/\/    after the API code downloads.<\/p>\n<p>      var players = {};<br \/>\n      var playerID;<\/p>\n<p>      function onYouTubeIframeAPIReady() {<br \/>\n        $('.video-popup').each(function(){<br \/>\n            player = this;<br \/>\n            playerID = $(player).data('video-id');<br \/>\n            var identifier = $(player).attr('id');<br \/>\n            if (playerID) {<br \/>\n                players[playerID] = new YT.Player(playerID, {<br \/>\n                    events: {<br \/>\n                        \"onReady\": createYTEvent(playerID, identifier)<br \/>\n                    }<br \/>\n                });<br \/>\n            }<br \/>\n         })<br \/>\n      }<\/p>\n<p>      \/\/3. play and pause functions<\/p>\n<p>      function createYTEvent(playerID, identifier) {<br \/>\n          return function (event) {<br \/>\n               \/\/ Set player reference<\/p>\n<p>              var playButton = document.getElementById('playButton-'+playerID);<br \/>\n              playButton.addEventListener('click', function() {<\/p>\n<p>                  playerID = $(this).data('video-id');<br \/>\n                  var player = players[playerID];<br \/>\n                  player.playVideo();<br \/>\n                  $('body').find('.video-popup[data-video-id=\"'+playerID+'\"]').addClass('playVideo');<br \/>\n              });<\/p>\n<p>              var closeButton = document.getElementById('closeVideo-'+playerID);<br \/>\n              closeButton.addEventListener('click', function() {<br \/>\n                  playerID = $(this).parent().data('video-id');<br \/>\n                  var player = players[playerID];<br \/>\n                  player.pauseVideo();<br \/>\n                  $('body').find('.playVideo').removeClass('playVideo');<br \/>\n             });<\/p>\n<p>          }<br \/>\n      }<\/p>\n<p><\/script><\/p>\n<\/div>\n<\/div>\n<\/section>\n<section id=\"Temple\" class=\"component-row component-theme-blue  padding-top padding-bottom row-text-white  \" data-logo-color=\"row-text-white\">\n<div class=\"component-row-inner pure-g component-row-standard component-alignment-center \">\n<div class=\"column desktop-hidden tablet-hidden mobile-hidden component-theme-default padding-right\"><\/div>\n<div class=\"column  pure-u-lg-1-2 pure-u-md-1-2 pure-u-sm-2-2 component-theme-default padding-right \">\n<section class=\"component component-text\">\n<div class=\"content-wrapper\">\n<h2 class=\"headline2 align-right\">Temple de la renomm\u00e9e<\/h2>\n<div class=\"body-text align-right\">\n<p>En septembre, nous avons annonc\u00e9 la cat\u00e9gorie des intronis\u00e9s 2017 au <a href=\"https:\/\/www.internethalloffame.org\/\/\">Temple de la renomm\u00e9e Internet<\/a>. Une c\u00e9r\u00e9monie sp\u00e9ciale a permis de reconna\u00eetre les personnes qui ont jou\u00e9 un r\u00f4le extraordinaire dans le d\u00e9veloppement et l\u2019avancement d\u2019Internet.<\/p>\n<\/div>\n<div class=\"ctas align-right\"><a class=\"button button-primary\" href=\"https:\/\/www.internethalloffame.org\/inductees\" target=\"_blank\" rel=\"noopener\">Rencontrez les intronis\u00e9es de 2017<\/a><\/div>\n<\/div>\n<\/section>\n<\/div>\n<div class=\"column desktop-hidden tablet-hidden mobile-hidden component-theme-default padding-left\"><\/div>\n<div class=\"column  pure-u-lg-1-2 pure-u-md-1-2 pure-u-sm-2-2 component-theme-default padding-left \">\n<section class=\"component component-text\">\n<div class=\"content-wrapper\">\n<div class=\"body-text align-center\">\n<div id=\"GVNTIaWd\" class=\"video-placeholder-youtube\" style=\"width: 500px; height: 281px; background-image: linear-gradient(rgba(76, 72, 72, 0.7), rgba(76, 72, 72, 0.7)), url('https:\/\/img.youtube.com\/vi\/U0AQ9lYgFRU\/maxresdefault.jpg');\" data-cky-tag=\"video-placeholder\">\n<p class=\"video-placeholder-text-youtube\" style=\"display: block; border-color: #000000; background-color: #000000; color: #ffffff;\" data-cky-tag=\"placeholder-title\">Veuillez accepter le consentement des cookies<\/p>\n<\/div>\n<\/div>\n<\/div>\n<\/section>\n<\/div>\n<\/div>\n<\/section>\n<section id=\"25under25\" class=\"component-row component-theme-purple  padding-top padding-bottom row-text-white  \" data-logo-color=\"row-text-white\">\n<div class=\"component-row-inner pure-g component-row-standard component-alignment-center \">\n<div class=\"column desktop-hidden tablet-hidden mobile-hidden component-theme-default padding-right\"><\/div>\n<div class=\"column  pure-u-lg-1-2 pure-u-md-1-2 pure-u-sm-2-2 component-theme-default padding-right \">\n<section class=\"component component-text\">\n<div class=\"content-wrapper\">\n<div class=\"body-text align-center\">\n<div id=\"sgcYbXru\" class=\"video-placeholder-youtube\" style=\"width: 500px; height: 281px; background-image: linear-gradient(rgba(76, 72, 72, 0.7), rgba(76, 72, 72, 0.7)), url('https:\/\/img.youtube.com\/vi\/4l751NRGTRI\/maxresdefault.jpg');\" data-cky-tag=\"video-placeholder\">\n<p class=\"video-placeholder-text-youtube\" style=\"display: block; border-color: #000000; background-color: #000000; color: #ffffff;\" data-cky-tag=\"placeholder-title\">Veuillez accepter le consentement des cookies<\/p>\n<\/div>\n<\/div>\n<\/div>\n<\/section>\n<\/div>\n<div class=\"column desktop-hidden tablet-hidden mobile-hidden component-theme-default padding-left\"><\/div>\n<div class=\"column  pure-u-lg-1-2 pure-u-md-1-2 pure-u-sm-2-2 component-theme-default padding-left \">\n<section class=\"component component-text\">\n<div class=\"content-wrapper\">\n<h2 class=\"headline2 align-left\">25 Under 25<\/h2>\n<div class=\"body-text align-left\">\n<p>Rencontrez la prochaine g\u00e9n\u00e9ration d\u2019innovateurs en ligne, qui utilisent Internet pour avoir un impact dans leurs communaut\u00e9s et au-del\u00e0. Les gagnants ont \u00e9t\u00e9 reconnus lors d\u2019une c\u00e9r\u00e9monie sp\u00e9cialement organis\u00e9 \u00e0 l\u2019occasion \u00e0 Los Angeles le 18 septembre 2017.<\/p>\n<\/div>\n<div class=\"ctas align-left\"><a class=\"button button-primary\" href=\"https:\/\/www.internetsociety.org\/fr\/blog\/2017\/09\/25-de-moins-de-25-ans-utilisant-linternet-pour-faire-la-difference-dans-leurs-communautes\/\">Savoir plus sur les boursiers<\/a><\/div>\n<\/div>\n<\/section>\n<\/div>\n<\/div>\n<\/section>\n<section id=\"LerapportInternet2017\" class=\"component-row component-theme-dark-teal  padding-top padding-bottom row-text-white  \" data-logo-color=\"row-text-white\">\n<div class=\"component-row-inner pure-g component-row-standard component-alignment-center \">\n<div class=\"column desktop-hidden tablet-hidden mobile-hidden component-theme-default padding-right\"><\/div>\n<div class=\"column  pure-u-lg-1-2 pure-u-md-1-2 pure-u-sm-2-2 component-theme-default padding-right \">\n<section class=\"component component-text\">\n<div class=\"content-wrapper\">\n<h2 class=\"headline2 align-right\">Le rapport Internet 2017 de l&rsquo;Internet Society :\u00a0Les chemins vers notre avenir num\u00e9rique<\/h2>\n<h3 class=\"headline6 align-right\">(The 2017 Internet Society Global Internet Report: Paths to Our Digital Future)<\/h3>\n<div class=\"body-text align-right\">\n<p>\u00c0 quoi ressemblera l\u2019avenir d\u2019Internet? En 2016, nous nous sommes lanc\u00e9s dans une initiative visant \u00e0 explorer les principales tendances et les moteurs susceptibles de changer l\u2019Internet tel que nous le connaissons.<a href=\"https:\/\/future.internetsociety.org\/fr\/\"> Le rapport Internet\u00a0 2017 de l\u2019Internet Society sur Internet\u00a0Les chemins vers notre avenir num\u00e9rique<\/a> a \u00e9t\u00e9 lanc\u00e9 en septembre avec un aper\u00e7u de ces forces motrices cl\u00e9s, ainsi que des recommandations pour l\u2019Internet que nous voulons \u00e0 l\u2019avenir.<\/p>\n<\/div>\n<div class=\"ctas align-right\"><a class=\"button button-primary\" href=\"https:\/\/future.internetsociety.org\/\" target=\"_blank\" rel=\"noopener\">Explorez le Rapport<\/a><\/div>\n<\/div>\n<\/section>\n<\/div>\n<div class=\"column desktop-hidden tablet-hidden mobile-hidden component-theme-default padding-left\"><\/div>\n<div class=\"column  pure-u-lg-1-2 pure-u-md-1-2 pure-u-sm-2-2 component-theme-default padding-left \">\n<section class=\"component component-text\">\n<div class=\"content-wrapper\">\n<div class=\"body-text align-center\">\n<div id=\"kGAMVJQQ\" class=\"video-placeholder-youtube\" style=\"width: 500px; height: 281px; background-image: linear-gradient(rgba(76, 72, 72, 0.7), rgba(76, 72, 72, 0.7)), url('https:\/\/img.youtube.com\/vi\/ZspQrSsx9ks\/maxresdefault.jpg');\" data-cky-tag=\"video-placeholder\">\n<p class=\"video-placeholder-text-youtube\" style=\"display: block; border-color: #000000; background-color: #000000; color: #ffffff;\" data-cky-tag=\"placeholder-title\">Veuillez accepter le consentement des cookies<\/p>\n<\/div>\n<\/div>\n<\/div>\n<\/section>\n<\/div>\n<\/div>\n<\/section>\n<section id=\"InterCommunity\" class=\"component-row component-theme-teal  padding-top padding-bottom row-text-white  \" data-logo-color=\"row-text-white\">\n<div class=\"component-row-inner pure-g component-row-standard component-alignment-center \">\n<div class=\"column desktop-hidden tablet-hidden mobile-hidden component-theme-default padding-right\"><\/div>\n<div class=\"column  pure-u-lg-1-2 pure-u-md-1-2 pure-u-sm-2-2 component-theme-default padding-right \">\n<section class=\"component component-text\">\n<div class=\"content-wrapper\">\n<div class=\"body-text align-center\">\n<div class=\"video-wrapper\">\n<div id=\"owJFZIbe\" class=\"video-placeholder-youtube\" style=\"width: 520px; height: 293px; background-image: linear-gradient(rgba(76, 72, 72, 0.7), rgba(76, 72, 72, 0.7)), url('https:\/\/img.youtube.com\/vi\/videoseries\/maxresdefault.jpg');\" data-cky-tag=\"video-placeholder\">\n<p class=\"video-placeholder-text-youtube\" style=\"display: block; border-color: #000000; background-color: #000000; color: #ffffff;\" data-cky-tag=\"placeholder-title\">Veuillez accepter le consentement des cookies<\/p>\n<\/div>\n<\/div>\n<\/div>\n<\/div>\n<\/section>\n<\/div>\n<div class=\"column desktop-hidden tablet-hidden mobile-hidden component-theme-default padding-left\"><\/div>\n<div class=\"column  pure-u-lg-1-2 pure-u-md-1-2 pure-u-sm-2-2 component-theme-default padding-left \">\n<section class=\"component component-text\">\n<div class=\"content-wrapper\">\n<h2 class=\"headline2 align-left\">InterCommunity<\/h2>\n<div class=\"body-text align-left\">\n<p>Notre r\u00e9union mondiale \u00abInterCommunity\u00bb a d\u00e9but\u00e9 avec la pr\u00e9sentation de la nouvelle classe des personnes intronis\u00e9s au Temple de la renomm\u00e9e Internet. Apr\u00e8s la c\u00e9r\u00e9monie, nous avons transmis le programme \u00e0 nos n\u0153uds du monde entier pour un dialogue communautaire sur des sujets tir\u00e9s du rapport sur l\u2019avenir de l\u2019Internet, ainsi qu\u2019un moment de c\u00e9l\u00e9bration.<\/p>\n<\/div>\n<div class=\"ctas align-left\"><a class=\"button button-primary\" href=\"https:\/\/www.internetsociety.org\/intercommunity\/2017\/videos\/\" target=\"_blank\" rel=\"noopener\">Regardez la c\u00e9r\u00e9monie<\/a><\/div>\n<\/div>\n<\/section>\n<\/div>\n<\/div>\n<\/section>\n<section id=\"Autresactivit\u00e9s\" class=\"component-row component-theme-white  padding-top padding-bottom row-text-black  \" data-logo-color=\"row-text-black\">\n<div class=\"component-row-inner pure-g component-row-standard component-alignment-center \">\n<div class=\"column desktop-hidden tablet-hidden mobile-hidden component-theme-default\"><\/div>\n<div class=\"column  pure-u-lg--1 pure-u-md-1-1 pure-u-sm-1-1 component-theme-default \">\n<section class=\"component component-boxes \">\n<div class=\"content-wrapper align-center\">\n<h2 class=\"headline2 align-center\">Autres activit\u00e9s<\/h2>\n<div class=\"boxes\">\n<div class=\"box-item row-text-white component-theme-blue\">\n<h3 class=\"font-size:32px; headline6\">Chatham House Roundtable<\/h3>\n<div class=\"body-text\">\n<p>26 Octobre 2017<br \/>\n<a href=\"https:\/\/www.internetsociety.org\/fr\/events\/chatham-house-roundtable-encryption-lawful-access\/\">Encryption and Lawful Access<\/a><\/p>\n<\/div>\n<\/div>\n<div class=\"box-item row-text-white component-theme-blue\">\n<h4 class=\"headline6\">Community Forum<\/h4>\n<div class=\"body-text\">\n<p>15 Juin 2017<br \/>\nComment l\u2019Internet influencera les soci\u00e9t\u00e9s? (<a href=\"https:\/\/www.internetsociety.org\/25th\/community-forum-15-june-2017\">How will the Internet Affect Societies?)<\/a><\/p>\n<\/div>\n<\/div>\n<div class=\"box-item row-text-white component-theme-blue\">\n<h4 class=\"headline6\">Chatham House Roundtable<\/h4>\n<div class=\"body-text\">\n<p>11 Mai 2017<br \/>\nLe nouveau monde : Comment Internet influence-t-il les soci\u00e9t\u00e9s?\u00a0\u00a0<a href=\"https:\/\/www.internetsociety.org\/25th\/roundtable-may11\" target=\"_blank\" rel=\"noopener\">A Brave New World: How does the Internet Affect Societies?<\/a><\/p>\n<\/div>\n<\/div>\n<\/div>\n<\/div>\n<\/section>\n<\/div>\n<div class=\"column desktop-hidden tablet-hidden mobile-hidden component-theme-default\"><\/div>\n<div class=\"column  pure-u-lg--1 pure-u-md-1-1 pure-u-sm-1-1 component-theme-default \">\n<section class=\"component component-boxes \">\n<div class=\"content-wrapper align-center\">\n<div class=\"boxes\">\n<div class=\"box-item row-text-white component-theme-blue\">\n<h4 class=\"headline6\">R\u00e9flexions communautaires sur Internet<\/h4>\n<div class=\"body-text\">\n<p>Un espace sur Connect, notre espace de discussion pour les membres, <a href=\"https:\/\/www.internetsociety.org\/25th\/reflections\">pour recueillir et partager vos histoires, racont\u00e9es de votre point de vue personnel, de vos souvenirs du d\u00e9but de l\u2019Internet dans votre r\u00e9gion.<\/a><\/p>\n<\/div>\n<\/div>\n<div class=\"box-item row-text-white component-theme-blue\">\n<h4 class=\"headline6\">Investir dans la Communaut\u00e9<\/h4>\n<div class=\"body-text\">\n<p>Nous avons fourni un ensemble d\u2019outils et de ressources pour aider nos sections \u00e0 promouvoir leur travail sur Internet et \u00e0 \u00e9tablir des relations locales et r\u00e9gionales.<\/p>\n<\/div>\n<\/div>\n<div class=\"box-item row-text-white component-theme-blue\">\n<h4 class=\"headline6\">Shape Tomorrow<\/h4>\n<div class=\"body-text\">\n<p><a href=\"https:\/\/www.internetsociety.org\/shapetomorrow\/\">Aidez de former l\u2019avenir digital qui fait passer les gens en premier<\/a><\/p>\n<p><a href=\"https:\/\/www.internetsociety.org\/shapetomorrow\/\">(Help shape a digital future that puts people first)<\/a><\/p>\n<\/div>\n<\/div>\n<\/div>\n<\/div>\n<\/section>\n<\/div>\n<\/div>\n<\/section>\n<section id=\"Actualit\u00e9s\" class=\"component-row component-theme-dark-teal  padding-top padding-bottom row-text-white  \" data-logo-color=\"row-text-white\">\n<div class=\"component-row-inner pure-g component-row-standard component-alignment-center \">\n<div class=\"column desktop-hidden tablet-hidden mobile-hidden component-theme-default\"><\/div>\n<div class=\"column  pure-u-lg--1 pure-u-md-1-1 pure-u-sm-1-1 component-theme-default \">\n<h2 class=\"headline2 align-center\">\u00c0 propos du 25e anniversaire<\/h2>\n<section class=\"component component-feed \" data-component-name=\"Feed\">\n<div class=\"content-wrapper align-center\">\n<div class=\"feed loadable masonryFeed\" style=\"position: relative; height: 0px;\" data-cat-exclude=\"\" data-tag=\"\" data-order=\"DESC\" data-orderby=\"date\" data-meta=\"0\" data-post-count=\"6\" data-taxonomy=\"\" data-region=\"\" data-search=\"\" data-post-parent=\"\" data-event-time=\"future\" data-category=\"116\" data-post-type=\"post,news\">\n<div class=\"grid-sizer\"><\/div>\n<div class=\"gutter-sizer\"><\/div>\n<\/div>\n<div class=\"content-wrapper align-center\"><button id=\"loadMore\" class=\"button component loadMore button-inactive\" tabindex=\"0\" data-component-name=\"LoadMore\">No items available<\/button><\/div>\n<\/div>\n<\/section>\n<\/div>\n<\/div>\n<\/section>\n<p><\/main><\/div>\n","protected":false},"excerpt":{"rendered":"<p>25 ans de Internet Society Temple de la renomm\u00e9e Internet25 Under 25Le rapport Internet 2017InterCommunityAutres activit\u00e9sActualit\u00e9s Cette ann\u00e9e, nous c\u00e9l\u00e9brons la 25\u00e8me ann\u00e9e de plaidoyer de l\u2019Internet Society pour un Internet ouvert et fiable, accessible \u00e0 tous, partout. Aujourd\u2019hui, les d\u00e9fis li\u00e9s \u00e0 Internet ouvert n\u2019ont jamais \u00e9t\u00e9 aussi grands \u2013 et nous avons besoin [&hellip;]<\/p>\n","protected":false},"author":46,"featured_media":0,"parent":0,"menu_order":0,"comment_status":"closed","ping_status":"closed","template":"page-wide.php","meta":{"_acf_changed":false,"_uag_custom_page_level_css":"","footnotes":""},"categories":[118],"tags":[6050],"region_news_regions":[],"content_category":[],"ppma_author":[4057],"class_list":["post-68216","page","type-page","status-publish","hentry","category-qui-sommes-nous","tag-25e-anniversaire"],"acf":[],"uagb_featured_image_src":{"full":false,"thumbnail":false,"medium":false,"medium_large":false,"large":false,"1536x1536":false,"2048x2048":false,"post-thumbnail":false,"square":false,"gform-image-choice-sm":false,"gform-image-choice-md":false,"gform-image-choice-lg":false},"uagb_author_info":{"display_name":"Ivana Trbovic","author_link":"https:\/\/www.internetsociety.org\/fr\/author\/trbovic\/"},"uagb_comment_info":0,"uagb_excerpt":"25 ans de Internet Society Temple de la renomm\u00e9e Internet25 Under 25Le rapport Internet 2017InterCommunityAutres activit\u00e9sActualit\u00e9s Cette ann\u00e9e, nous c\u00e9l\u00e9brons la 25\u00e8me ann\u00e9e de plaidoyer de l\u2019Internet Society pour un Internet ouvert et fiable, accessible \u00e0 tous, partout. Aujourd\u2019hui, les d\u00e9fis li\u00e9s \u00e0 Internet ouvert n\u2019ont jamais \u00e9t\u00e9 aussi grands \u2013 et nous avons besoin\u2026","_links":{"self":[{"href":"https:\/\/www.internetsociety.org\/fr\/wp-json\/wp\/v2\/pages\/68216","targetHints":{"allow":["GET"]}}],"collection":[{"href":"https:\/\/www.internetsociety.org\/fr\/wp-json\/wp\/v2\/pages"}],"about":[{"href":"https:\/\/www.internetsociety.org\/fr\/wp-json\/wp\/v2\/types\/page"}],"author":[{"embeddable":true,"href":"https:\/\/www.internetsociety.org\/fr\/wp-json\/wp\/v2\/users\/46"}],"replies":[{"embeddable":true,"href":"https:\/\/www.internetsociety.org\/fr\/wp-json\/wp\/v2\/comments?post=68216"}],"version-history":[{"count":0,"href":"https:\/\/www.internetsociety.org\/fr\/wp-json\/wp\/v2\/pages\/68216\/revisions"}],"wp:attachment":[{"href":"https:\/\/www.internetsociety.org\/fr\/wp-json\/wp\/v2\/media?parent=68216"}],"wp:term":[{"taxonomy":"category","embeddable":true,"href":"https:\/\/www.internetsociety.org\/fr\/wp-json\/wp\/v2\/categories?post=68216"},{"taxonomy":"post_tag","embeddable":true,"href":"https:\/\/www.internetsociety.org\/fr\/wp-json\/wp\/v2\/tags?post=68216"},{"taxonomy":"region_news_regions","embeddable":true,"href":"https:\/\/www.internetsociety.org\/fr\/wp-json\/wp\/v2\/region_news_regions?post=68216"},{"taxonomy":"content_category","embeddable":true,"href":"https:\/\/www.internetsociety.org\/fr\/wp-json\/wp\/v2\/content_category?post=68216"},{"taxonomy":"author","embeddable":true,"href":"https:\/\/www.internetsociety.org\/fr\/wp-json\/wp\/v2\/ppma_author?post=68216"}],"curies":[{"name":"wp","href":"https:\/\/api.w.org\/{rel}","templated":true}]}}