{"id":67589,"date":"2017-09-26T11:49:13","date_gmt":"2017-09-26T11:49:13","guid":{"rendered":"https:\/\/www.internetsociety.org\/chapters\/chapters-advisory-council\/"},"modified":"2025-08-05T18:18:31","modified_gmt":"2025-08-05T18:18:31","slug":"chapters-advisory-council","status":"publish","type":"page","link":"https:\/\/www.internetsociety.org\/fr\/chapters\/chapters-advisory-council\/","title":{"rendered":"Conseil Consultatif des Chapitres"},"content":{"rendered":"\n<section class=\"wp-block-uagb-columns uagb-columns__wrap uagb-columns__background-image uagb-columns__stack-mobile uagb-columns__valign- uagb-columns__gap-10 align uagb-block-a43b87e9 uagb-columns__columns-1 uagb-columns__max_width-theme background-image-fallback-black\"><div class=\"uagb-columns__overlay\"><\/div><div class=\"uagb-columns__inner-wrap uagb-columns__columns-1\">\n<div class=\"wp-block-uagb-column uagb-column__wrap uagb-column__background-undefined uagb-block-1d3af8d7\"><div class=\"uagb-column__overlay\"><\/div>\n<div style=\"height:60px\" aria-hidden=\"true\" class=\"wp-block-spacer\"><\/div>\n\n\n\n<p class=\"has-neutral-white-color has-text-color has-18-font-size\"><a href=\"https:\/\/www.internetsociety.org\/fr\/chapters\/\">Chapitres<\/a> &gt; Conseil Consultatif des Chapitres<\/p>\n\n\n\n<div style=\"height:30px\" aria-hidden=\"true\" class=\"wp-block-spacer\"><\/div>\n\n\n\n<h1 class=\"wp-block-heading has-neutral-white-color has-text-color\">Conseil Consultatif des Chapitres<\/h1>\n\n\n\n<div style=\"height:60px\" aria-hidden=\"true\" class=\"wp-block-spacer\"><\/div>\n<\/div>\n<\/div><\/section>\n\n\n\n<div class=\"wp-block-columns is-layout-flex wp-container-core-columns-is-layout-9d6595d7 wp-block-columns-is-layout-flex\">\n<div class=\"wp-block-column is-layout-flow wp-block-column-is-layout-flow\" style=\"flex-basis:10%\"><\/div>\n\n\n\n<div class=\"wp-block-column is-layout-flow wp-block-column-is-layout-flow\" style=\"flex-basis:80%\">\n<div style=\"height:30px\" aria-hidden=\"true\" class=\"wp-block-spacer\"><\/div>\n\n\n\n<p class=\"has-18-font-size\">Le Conseil Consultatif des Chapitres de l\u2019Internet Society est un organe consultatif de l\u2019Internet Society repr\u00e9sentant ses Chapitres, tel qu\u2019autoris\u00e9 \u00e0 l\u2019Article VIII, Section 2 des Statuts de l\u2019ISOC.<\/p>\n\n\n\n<p class=\"has-18-font-size\">L\u2019objectif principal du Conseil consultatif des Chapitres sera de canaliser et de faciliter les conseils et les recommandations au pr\u00e9sident et au Conseil d\u2019administration de l\u2019Internet Society de mani\u00e8re ascendante, sur toute question d\u2019int\u00e9r\u00eat ou d\u2019int\u00e9r\u00eat pour les Chapitres du CA et de l\u2019ISOC.&nbsp; Ces conseils et recommandations peuvent concerner les politiques, strat\u00e9gies et op\u00e9rations de l\u2019ISOC, en particulier en ce qui concerne les besoins et les priorit\u00e9s des sections et de leurs membres.<\/p>\n\n\n\n<p class=\"has-18-font-size\">Le Conseil consultatif des sections encouragera et facilitera la communication et la collaboration entre les Chapitres, les administrateurs, le personnel de l\u2019ISOC et les autres membres de la communaut\u00e9 de l\u2019ISOC.<\/p>\n\n\n\n<p class=\"has-18-font-size\">De plus, le Conseil consultatif des Chapitres peut servir d\u2019organe consultatif au pr\u00e9sident et aux administrateurs, en cas de diff\u00e9rends ou de changements de statut li\u00e9s aux chapitres.<\/p>\n\n\n\n<p class=\"has-18-font-size\">Chaque Chapitre en r\u00e8gle peut nommer un d\u00e9l\u00e9gu\u00e9 au Conseil consultatif des sections conform\u00e9ment \u00e0 ses propres proc\u00e9dures de s\u00e9lection.<\/p>\n\n\n\n<p class=\"has-18-font-size\">Pour toute question concernant le Conseil veuillez contacter&nbsp;<a href=\"mailto:chapter-support@isoc.org\">chapter-support@isoc.org<\/a><\/p>\n\n\n\n<div style=\"height:20px\" aria-hidden=\"true\" class=\"wp-block-spacer\"><\/div>\n\n\n\n<h2 class=\"wp-block-heading has-accent-purple-color has-text-color has-32-font-size\">Comit\u00e9 de direction<\/h2>\n\n\n\n<div style=\"height:30px\" aria-hidden=\"true\" class=\"wp-block-spacer\"><\/div>\n\n\n\n<p class=\"has-18-font-size\">Un comit\u00e9 de direction est compos\u00e9 de neuf (9) membres \u00e9lus ou nomm\u00e9s parmi les d\u00e9l\u00e9gu\u00e9s de la section.<\/p>\n\n\n\n<div style=\"height:20px\" aria-hidden=\"true\" class=\"wp-block-spacer\"><\/div>\n\n\n\n<h3 class=\"wp-block-heading has-accent-purple-color has-text-color has-32-font-size\">Repr\u00e9sentants des Chapitres<\/h3>\n\n\n\n<div style=\"height:30px\" aria-hidden=\"true\" class=\"wp-block-spacer\"><\/div>\n\n\n\n<p class=\"has-18-font-size\">La liste des repr\u00e9sentants actuels des Chapitres <a href=\"https:\/\/www.internetsociety.org\/chapters\/chapters-advisory-council\/list-of-representatives\/\">est disponible ici<\/a>.<\/p>\n\n\n\n<div style=\"height:30px\" aria-hidden=\"true\" class=\"wp-block-spacer\"><\/div>\n\n\n\n<h4 class=\"wp-block-heading has-accent-purple-color has-text-color\">Plus d&rsquo;information (en anglais)<\/h4>\n\n\n\n<div style=\"height:30px\" aria-hidden=\"true\" class=\"wp-block-spacer\"><\/div>\n\n\n\n<ul class=\"wp-block-list has-18-font-size\">\n<li><a href=\"https:\/\/www.internetsociety.org\/chapters\/chapters-advisory-council\/charter\/\">Charte du Conseil Consultatif des Chapitres<\/a><\/li>\n\n\n\n<li><a href=\"https:\/\/www.internetsociety.org\/wp-content\/uploads\/2017\/12\/ISOC-ChaptersAC-Rulesandprocedures_Dec2017.pdf\">R\u00e8gles et Procedures du Conseil Consultatif des Chapitres<\/a><\/li>\n\n\n\n<li><a href=\"https:\/\/www.internetsociety.org\/chapters\/chapters-advisory-council\/steering-committee\/\">Comit\u00e9 de direction de la section AC<\/a><\/li>\n<\/ul>\n\n\n\n<div style=\"height:40px\" aria-hidden=\"true\" class=\"wp-block-spacer\"><\/div>\n<\/div>\n\n\n\n<div class=\"wp-block-column is-layout-flow wp-block-column-is-layout-flow\" style=\"flex-basis:10%\"><\/div>\n<\/div>\n","protected":false},"excerpt":{"rendered":"<p>Chapitres &gt; Conseil Consultatif des Chapitres Conseil Consultatif des Chapitres Le Conseil Consultatif des Chapitres de l\u2019Internet Society est un organe consultatif de l\u2019Internet Society repr\u00e9sentant ses Chapitres, tel qu\u2019autoris\u00e9 \u00e0 l\u2019Article VIII, Section 2 des Statuts de l\u2019ISOC. L\u2019objectif principal du Conseil consultatif des Chapitres sera de canaliser et de faciliter les conseils et [&hellip;]<\/p>\n","protected":false},"author":46,"featured_media":0,"parent":62276,"menu_order":0,"comment_status":"closed","ping_status":"closed","template":"page-wide.php","meta":{"_acf_changed":false,"_uag_custom_page_level_css":"","footnotes":""},"categories":[5695],"tags":[],"region_news_regions":[],"content_category":[],"ppma_author":[4057],"class_list":["post-67589","page","type-page","status-publish","hentry","category-communaute"],"acf":[],"uagb_featured_image_src":{"full":false,"thumbnail":false,"medium":false,"medium_large":false,"large":false,"1536x1536":false,"2048x2048":false,"post-thumbnail":false,"square":false,"gform-image-choice-sm":false,"gform-image-choice-md":false,"gform-image-choice-lg":false},"uagb_author_info":{"display_name":"Ivana Trbovic","author_link":"https:\/\/www.internetsociety.org\/fr\/author\/trbovic\/"},"uagb_comment_info":0,"uagb_excerpt":"Chapitres &gt; Conseil Consultatif des Chapitres Conseil Consultatif des Chapitres Le Conseil Consultatif des Chapitres de l\u2019Internet Society est un organe consultatif de l\u2019Internet Society repr\u00e9sentant ses Chapitres, tel qu\u2019autoris\u00e9 \u00e0 l\u2019Article VIII, Section 2 des Statuts de l\u2019ISOC. L\u2019objectif principal du Conseil consultatif des Chapitres sera de canaliser et de faciliter les conseils et\u2026","_links":{"self":[{"href":"https:\/\/www.internetsociety.org\/fr\/wp-json\/wp\/v2\/pages\/67589","targetHints":{"allow":["GET"]}}],"collection":[{"href":"https:\/\/www.internetsociety.org\/fr\/wp-json\/wp\/v2\/pages"}],"about":[{"href":"https:\/\/www.internetsociety.org\/fr\/wp-json\/wp\/v2\/types\/page"}],"author":[{"embeddable":true,"href":"https:\/\/www.internetsociety.org\/fr\/wp-json\/wp\/v2\/users\/46"}],"replies":[{"embeddable":true,"href":"https:\/\/www.internetsociety.org\/fr\/wp-json\/wp\/v2\/comments?post=67589"}],"version-history":[{"count":0,"href":"https:\/\/www.internetsociety.org\/fr\/wp-json\/wp\/v2\/pages\/67589\/revisions"}],"up":[{"embeddable":true,"href":"https:\/\/www.internetsociety.org\/fr\/wp-json\/wp\/v2\/pages\/62276"}],"wp:attachment":[{"href":"https:\/\/www.internetsociety.org\/fr\/wp-json\/wp\/v2\/media?parent=67589"}],"wp:term":[{"taxonomy":"category","embeddable":true,"href":"https:\/\/www.internetsociety.org\/fr\/wp-json\/wp\/v2\/categories?post=67589"},{"taxonomy":"post_tag","embeddable":true,"href":"https:\/\/www.internetsociety.org\/fr\/wp-json\/wp\/v2\/tags?post=67589"},{"taxonomy":"region_news_regions","embeddable":true,"href":"https:\/\/www.internetsociety.org\/fr\/wp-json\/wp\/v2\/region_news_regions?post=67589"},{"taxonomy":"content_category","embeddable":true,"href":"https:\/\/www.internetsociety.org\/fr\/wp-json\/wp\/v2\/content_category?post=67589"},{"taxonomy":"author","embeddable":true,"href":"https:\/\/www.internetsociety.org\/fr\/wp-json\/wp\/v2\/ppma_author?post=67589"}],"curies":[{"name":"wp","href":"https:\/\/api.w.org\/{rel}","templated":true}]}}