{"id":65462,"date":"2017-09-12T22:52:35","date_gmt":"2017-09-12T22:52:35","guid":{"rendered":"https:\/\/www.internetsociety.org\/about-the-internet\/how-it-works\/"},"modified":"2025-10-02T10:52:41","modified_gmt":"2025-10-02T10:52:41","slug":"how-it-works","status":"publish","type":"page","link":"https:\/\/www.internetsociety.org\/fr\/internet\/how-it-works\/","title":{"rendered":"Comment cela fonctionne"},"content":{"rendered":"\n<section class=\"wp-block-uagb-columns uagb-columns__wrap uagb-columns__background-image uagb-columns__stack-mobile uagb-columns__valign- uagb-columns__gap-10 align uagb-block-f7c6edc4 uagb-columns__columns-1 uagb-columns__max_width-theme\"><div class=\"uagb-columns__overlay\"><\/div><div class=\"uagb-columns__inner-wrap uagb-columns__columns-1\">\n<div class=\"wp-block-uagb-column uagb-column__wrap uagb-column__background-undefined uagb-block-12a54794\"><div class=\"uagb-column__overlay\"><\/div>\n<h1 class=\"wp-block-heading has-neutral-white-color has-text-color has-link-color wp-elements-fc64003861e584c2bdb087f733df1d3f\">Comment cela fonctionne<\/h1>\n<\/div>\n<\/div><\/section>\n\n\n\n<div class=\"wp-block-columns is-layout-flex wp-container-core-columns-is-layout-9d6595d7 wp-block-columns-is-layout-flex\">\n<div class=\"wp-block-column is-layout-flow wp-block-column-is-layout-flow\" style=\"flex-basis:10%\"><\/div>\n\n\n\n<div class=\"wp-block-column is-layout-flow wp-block-column-is-layout-flow\" style=\"flex-basis:80%\">\n<p>Internet fonctionne parce que des standards ouverts permettent \u00e0 tous les r\u00e9seaux de s\u2019interconnecter.<\/p>\n\n\n\n<p>C\u2019est ce qui permet \u00e0 tout un chacun de cr\u00e9er des contenus, d\u2019offrir des services et de vendre des produits sans demander l\u2019autorisation d\u2019une quelconque autorit\u00e9 centrale.<\/p>\n\n\n\n<p>Cela permet \u00e0 tout le monde de participer et c\u2019est la raison pour laquelle nous disposons d\u2019une grande vari\u00e9t\u00e9 d\u2019applications et de services que nous sommes nombreux \u00e0 appr\u00e9cier aujourd\u2019hui.<\/p>\n\n\n\n<h2 class=\"wp-block-heading\">Qui est responsable d\u2019Internet&nbsp;?<\/h2>\n\n\n\n<p>Personne et en m\u00eame temps, tout le monde.<\/p>\n\n\n\n<p>Contrairement au r\u00e9seau t\u00e9l\u00e9phonique, qui est depuis des ann\u00e9es, dans la plupart des pays, exploit\u00e9 par une seule entreprise, Internet est compos\u00e9 de dizaines de milliers de r\u00e9seaux interconnect\u00e9s exploit\u00e9s par des fournisseurs de services, des entreprises, des universit\u00e9s, des gouvernements, etc\u2026<\/p>\n\n\n\n<h2 class=\"wp-block-heading\">A quoi ressemble l\u2019infrastructure d\u2019Internet&nbsp;?<\/h2>\n\n\n\n<p>Internet est un r\u00e9seau de r\u00e9seaux qui doit fonctionner dans le monde entier comme un seul r\u00e9seau.<\/p>\n\n\n\n<p>\u00c0 l\u2019image des politiques, la coordination technique d\u2019Internet poss\u00e8de des caract\u00e9ristiques communes&nbsp;:<\/p>\n\n\n\n<ul class=\"wp-block-list\">\n<li>Ouverte,<\/li>\n\n\n\n<li>Ind\u00e9pendante,<\/li>\n\n\n\n<li>G\u00e9r\u00e9e par des organisations membres \u00e0 but non lucratif qui collaborent afin de r\u00e9pondre aux besoins de tous.<\/li>\n<\/ul>\n\n\n\n<p>Cette autor\u00e9gulation a \u00e9t\u00e9 la cl\u00e9 de la croissance r\u00e9ussie d\u2019Internet et est assez flexible pour s\u2019adapter aux exigences futures.<\/p>\n\n\n\n<p>Vous pouvez en savoir plus sur <a href=\"http:\/\/212.110.167.151\/internet\/how-it-works\/technical-aspects\">les aspects techniques d\u2019Internet ici<\/a>(Uniquement en Anglais).<\/p>\n\n\n\n<h2 class=\"wp-block-heading\">Comment pouvez-vous aider \u00e0 faire en sorte qu\u2019Internet demeure une plateforme ouverte et accessible&nbsp;?<\/h2>\n\n\n\n<p>\u00c0 une \u00e9poque o\u00f9 nombre de processus existants \u00e0 l\u2019origine du d\u00e9veloppement et de l\u2019administration d\u2019Internet sont remis en question, il est plus que jamais important que vous vous impliquiez dans son avenir.<br>L\u2019Internet Society \u00e9duque et informe le public sur les avantages de b\u00e9n\u00e9ficier de structures &amp; processus ouverts et fond\u00e9s sur le consensus.<\/p>\n\n\n\n<p>Nous \u00e9tablissons aussi un contact avec certains organismes de r\u00e9glementation, des organismes publics et des ONG.<\/p>\n\n\n\n<p>Peu importe que vous soyez une entreprise, une ONG, un d\u00e9cideur politique ou un particulier&nbsp;\u2013 nous avons besoin de vous.<\/p>\n\n\n\n<p><a href=\"https:\/\/www.internetsociety.org\/fr\/become-a-member\/\">Rejoignez Internet Society aujourd&rsquo;hui.<\/a><\/p>\n<\/div>\n\n\n\n<div class=\"wp-block-column is-layout-flow wp-block-column-is-layout-flow\" style=\"flex-basis:10%\"><\/div>\n<\/div>\n\n\n","protected":false},"excerpt":{"rendered":"<p>Comment cela fonctionne Internet fonctionne parce que des standards ouverts permettent \u00e0 tous les r\u00e9seaux de s\u2019interconnecter. C\u2019est ce qui permet \u00e0 tout un chacun de cr\u00e9er des contenus, d\u2019offrir des services et de vendre des produits sans demander l\u2019autorisation d\u2019une quelconque autorit\u00e9 centrale. Cela permet \u00e0 tout le monde de participer et c\u2019est la [&hellip;]<\/p>\n","protected":false},"author":15,"featured_media":0,"parent":62646,"menu_order":0,"comment_status":"closed","ping_status":"closed","template":"","meta":{"_acf_changed":false,"_uag_custom_page_level_css":"","footnotes":""},"categories":[],"tags":[],"region_news_regions":[6029],"content_category":[6105],"ppma_author":[4040],"class_list":["post-65462","page","type-page","status-publish","hentry","region_news_regions-mondial","content_category-resources-type"],"acf":[],"uagb_featured_image_src":{"full":false,"thumbnail":false,"medium":false,"medium_large":false,"large":false,"1536x1536":false,"2048x2048":false,"post-thumbnail":false,"square":false,"gform-image-choice-sm":false,"gform-image-choice-md":false,"gform-image-choice-lg":false},"uagb_author_info":{"display_name":"April Froncek","author_link":"https:\/\/www.internetsociety.org\/fr\/author\/froncek\/"},"uagb_comment_info":0,"uagb_excerpt":"Comment cela fonctionne Internet fonctionne parce que des standards ouverts permettent \u00e0 tous les r\u00e9seaux de s\u2019interconnecter. C\u2019est ce qui permet \u00e0 tout un chacun de cr\u00e9er des contenus, d\u2019offrir des services et de vendre des produits sans demander l\u2019autorisation d\u2019une quelconque autorit\u00e9 centrale. Cela permet \u00e0 tout le monde de participer et c\u2019est la\u2026","_links":{"self":[{"href":"https:\/\/www.internetsociety.org\/fr\/wp-json\/wp\/v2\/pages\/65462","targetHints":{"allow":["GET"]}}],"collection":[{"href":"https:\/\/www.internetsociety.org\/fr\/wp-json\/wp\/v2\/pages"}],"about":[{"href":"https:\/\/www.internetsociety.org\/fr\/wp-json\/wp\/v2\/types\/page"}],"author":[{"embeddable":true,"href":"https:\/\/www.internetsociety.org\/fr\/wp-json\/wp\/v2\/users\/15"}],"replies":[{"embeddable":true,"href":"https:\/\/www.internetsociety.org\/fr\/wp-json\/wp\/v2\/comments?post=65462"}],"version-history":[{"count":0,"href":"https:\/\/www.internetsociety.org\/fr\/wp-json\/wp\/v2\/pages\/65462\/revisions"}],"up":[{"embeddable":true,"href":"https:\/\/www.internetsociety.org\/fr\/wp-json\/wp\/v2\/pages\/62646"}],"wp:attachment":[{"href":"https:\/\/www.internetsociety.org\/fr\/wp-json\/wp\/v2\/media?parent=65462"}],"wp:term":[{"taxonomy":"category","embeddable":true,"href":"https:\/\/www.internetsociety.org\/fr\/wp-json\/wp\/v2\/categories?post=65462"},{"taxonomy":"post_tag","embeddable":true,"href":"https:\/\/www.internetsociety.org\/fr\/wp-json\/wp\/v2\/tags?post=65462"},{"taxonomy":"region_news_regions","embeddable":true,"href":"https:\/\/www.internetsociety.org\/fr\/wp-json\/wp\/v2\/region_news_regions?post=65462"},{"taxonomy":"content_category","embeddable":true,"href":"https:\/\/www.internetsociety.org\/fr\/wp-json\/wp\/v2\/content_category?post=65462"},{"taxonomy":"author","embeddable":true,"href":"https:\/\/www.internetsociety.org\/fr\/wp-json\/wp\/v2\/ppma_author?post=65462"}],"curies":[{"name":"wp","href":"https:\/\/api.w.org\/{rel}","templated":true}]}}