{"id":63999,"date":"2017-05-30T14:17:50","date_gmt":"2017-05-30T14:17:50","guid":{"rendered":"https:\/\/www.internetsociety.org\/mission\/"},"modified":"2025-10-31T13:02:01","modified_gmt":"2025-10-31T13:02:01","slug":"mission","status":"publish","type":"page","link":"https:\/\/www.internetsociety.org\/fr\/mission\/","title":{"rendered":"Notre mission"},"content":{"rendered":"\n<section class=\"wp-block-uagb-columns uagb-columns__wrap uagb-columns__background-image uagb-columns__stack-mobile uagb-columns__valign- uagb-columns__gap-10 align uagb-block-d6a40f3e uagb-columns__columns-1 uagb-columns__max_width-custom\"><div class=\"uagb-columns__overlay\"><\/div><div class=\"uagb-columns__inner-wrap uagb-columns__columns-1\">\n<div class=\"wp-block-uagb-column uagb-column__wrap uagb-column__background-undefined uagb-block-87a6a79b\"><div class=\"uagb-column__overlay\"><\/div>\n<h1 class=\"wp-block-heading\">Notre mission<\/h1>\n<\/div>\n<\/div><\/section>\n\n\n\n<section class=\"wp-block-uagb-columns uagb-columns__wrap uagb-columns__background-color uagb-columns__stack-tablet uagb-columns__valign- uagb-columns__gap-10 align uagb-block-29daa086 uagb-columns__columns-1 uagb-columns__max_width-custom\"><div class=\"uagb-columns__overlay\"><\/div><div class=\"uagb-columns__inner-wrap uagb-columns__columns-1\">\n<div class=\"wp-block-uagb-column uagb-column__wrap uagb-column__background-undefined uagb-block-48634806\"><div class=\"uagb-column__overlay\"><\/div>\n<h2 class=\"wp-block-heading has-text-align-left has-accent-purple-color has-text-color has-32-font-size\"><strong>Notre vision: Internet est pour tout le monde.<\/strong><\/h2>\n\n\n\n<div style=\"height:40px\" aria-hidden=\"true\" class=\"wp-block-spacer\"><\/div>\n\n\n\n<h3 class=\"wp-block-heading has-green-color has-text-color has-32-font-size\">Notre mission<\/h3>\n\n\n\n<div style=\"height:30px\" aria-hidden=\"true\" class=\"wp-block-spacer\"><\/div>\n\n\n\n<p class=\"has-18-font-size\">L&rsquo;Internet Society soutient et promeut le d\u00e9veloppement d&rsquo;Internet en tant qu&rsquo;infrastructure technique mondiale. Elle est une ressource pour enrichir la vie des individus, et en faire une force pour le bien de la soci\u00e9t\u00e9.<\/p>\n\n\n\n<p class=\"has-18-font-size\">&nbsp;Notre travail correspond \u00e0 nos objectifs pour qu\u2019Internet soit ouvert, connect\u00e9 \u00e0 l\u2019\u00e9chelle mondiale, s\u00e9curis\u00e9 et digne de confiance. Nous recherchons ainsi \u00e0 collaborer avec tous ceux qui partagent ces objectifs.<\/p>\n\n\n\n<p class=\"has-18-font-size\">Ensemble, nous nous focalisons sur le fait de :<\/p>\n\n\n\n<ul class=\"wp-block-list has-18-font-size\">\n<li>Cr\u00e9er et soutenir les communaut\u00e9s qui font fonctionner Internet <\/li>\n\n\n\n<li>Faire avancer le d\u00e9veloppement et l\u2019application de l\u2019infrastructure Internet, des technologies, et des normes ouvertes<\/li>\n\n\n\n<li>Promouvoir une politique qui soit conforme \u00e0 notre vision d\u2019Internet<\/li>\n<\/ul>\n\n\n\n<div style=\"height:30px\" aria-hidden=\"true\" class=\"wp-block-spacer\"><\/div>\n\n\n\n<h4 class=\"wp-block-heading has-green-color has-text-color\">Aper\u00e7u des activit\u00e9s<\/h4>\n\n\n\n<div style=\"height:30px\" aria-hidden=\"true\" class=\"wp-block-spacer\"><\/div>\n\n\n\n<p class=\"has-18-font-size\">Pour aider \u00e0 r\u00e9aliser notre mission, Internet Society :<\/p>\n\n\n\n<ul class=\"wp-block-list has-18-font-size\">\n<li>Facilite le d\u00e9veloppement de normes ouvertes, de protocoles, d\u2019administration et de l\u2019infrastructure technique d\u2019Internet.<\/li>\n\n\n\n<li>Soutient l\u2019\u00e9ducation dans les pays en d\u00e9veloppement en particulier, et partout o\u00f9 le besoin existe.<\/li>\n\n\n\n<li>Favorise le d\u00e9veloppement professionnel, et renforce la communaut\u00e9 pour favoriser la participation et le leadership dans les domaines importants pour l\u2019\u00e9volution d\u2019Internet.<\/li>\n\n\n\n<li>Fournit des informations fiables sur Internet.<\/li>\n\n\n\n<li>Fournit des forums de discussion sur les questions qui affectent l\u2019\u00e9volution, le d\u00e9veloppement et l\u2019utilisation d\u2019Internet sur les plans technique, commercial, social et autres.<\/li>\n\n\n\n<li>Favorise un environnement de coop\u00e9ration internationale, de communaut\u00e9 et de culture qui permettent \u00e0 l\u2019auto-gouvernance de fonctionner.<\/li>\n\n\n\n<li>Sert de point focal pour les efforts de coop\u00e9ration visant \u00e0 promouvoir Internet en tant qu\u2019outil positif au profit de toutes les personnes \u00e0 travers le monde.<\/li>\n\n\n\n<li>Assure la gestion et la coordination des initiatives strat\u00e9giques et des efforts de sensibilisation aux niveaux humanitaire, \u00e9ducatif, social et autres.<\/li>\n<\/ul>\n<\/div>\n<\/div><\/section>\n\n\n\n<section class=\"wp-block-uagb-columns uagb-columns__wrap uagb-columns__background-color uagb-columns__stack-tablet uagb-columns__valign-top uagb-columns__gap-10 align uagb-block-28598c2e uagb-columns__columns-2 uagb-columns__max_width-custom\"><div class=\"uagb-columns__overlay\"><\/div><div class=\"uagb-columns__inner-wrap uagb-columns__columns-2\">\n<div class=\"wp-block-uagb-column uagb-column__wrap uagb-column__background-color uagb-block-0876264a\"><div class=\"uagb-column__overlay\"><\/div>\n<h5 class=\"wp-block-heading has-depth-teal-color has-text-color\">Contribuez \u00e0 garder Internet pour tous. Faites un don \u00e0 notre cause.<\/h5>\n<\/div>\n\n\n\n<div class=\"wp-block-uagb-column uagb-column__wrap uagb-column__background-color uagb-block-e26e6e61\"><div class=\"uagb-column__overlay\"><\/div>\n<div class=\"wp-block-buttons is-horizontal is-content-justification-center is-layout-flex wp-container-core-buttons-is-layout-499968f5 wp-block-buttons-is-layout-flex\">\n<div class=\"wp-block-button animated fadeIn is-style-outline is-style-outline--1\"><a class=\"wp-block-button__link has-depth-teal-color has-text-color wp-element-button\" href=\"https:\/\/internetsociety.org\/fr\/donate\/\"><strong><strong>\u2665 Faire un don<\/strong><\/strong><\/a><\/div>\n<\/div>\n<\/div>\n<\/div><\/section>\n","protected":false},"excerpt":{"rendered":"<p>Notre mission Notre vision: Internet est pour tout le monde. Notre mission L&rsquo;Internet Society soutient et promeut le d\u00e9veloppement d&rsquo;Internet en tant qu&rsquo;infrastructure technique mondiale. Elle est une ressource pour enrichir la vie des individus, et en faire une force pour le bien de la soci\u00e9t\u00e9. &nbsp;Notre travail correspond \u00e0 nos objectifs pour qu\u2019Internet soit [&hellip;]<\/p>\n","protected":false},"author":11,"featured_media":106715,"parent":0,"menu_order":0,"comment_status":"closed","ping_status":"closed","template":"page-wide.php","meta":{"_acf_changed":false,"_uag_custom_page_level_css":"","footnotes":""},"categories":[118],"tags":[],"region_news_regions":[],"content_category":[],"ppma_author":[4374],"class_list":["post-63999","page","type-page","status-publish","has-post-thumbnail","hentry","category-qui-sommes-nous"],"acf":[],"uagb_featured_image_src":{"full":["https:\/\/www.internetsociety.org\/wp-content\/uploads\/2019\/10\/isoc-purple.jpg",1400,637,false],"thumbnail":["https:\/\/www.internetsociety.org\/wp-content\/uploads\/2019\/10\/isoc-purple-150x150.jpg",150,150,true],"medium":["https:\/\/www.internetsociety.org\/wp-content\/uploads\/2019\/10\/isoc-purple-450x205.jpg",450,205,true],"medium_large":["https:\/\/www.internetsociety.org\/wp-content\/uploads\/2019\/10\/isoc-purple-768x349.jpg",768,349,true],"large":["https:\/\/www.internetsociety.org\/wp-content\/uploads\/2019\/10\/isoc-purple-1024x466.jpg",1024,466,true],"1536x1536":["https:\/\/www.internetsociety.org\/wp-content\/uploads\/2019\/10\/isoc-purple.jpg",1400,637,false],"2048x2048":["https:\/\/www.internetsociety.org\/wp-content\/uploads\/2019\/10\/isoc-purple.jpg",1400,637,false],"post-thumbnail":["https:\/\/www.internetsociety.org\/wp-content\/uploads\/2019\/10\/isoc-purple-250x114.jpg",250,114,true],"square":["https:\/\/www.internetsociety.org\/wp-content\/uploads\/2019\/10\/isoc-purple-600x600.jpg",600,600,true],"gform-image-choice-sm":["https:\/\/www.internetsociety.org\/wp-content\/uploads\/2019\/10\/isoc-purple.jpg",300,137,false],"gform-image-choice-md":["https:\/\/www.internetsociety.org\/wp-content\/uploads\/2019\/10\/isoc-purple.jpg",400,182,false],"gform-image-choice-lg":["https:\/\/www.internetsociety.org\/wp-content\/uploads\/2019\/10\/isoc-purple.jpg",600,273,false]},"uagb_author_info":{"display_name":"Internet Society","author_link":"https:\/\/www.internetsociety.org\/fr\/author\/isoc\/"},"uagb_comment_info":0,"uagb_excerpt":"Notre mission Notre vision: Internet est pour tout le monde. Notre mission L&rsquo;Internet Society soutient et promeut le d\u00e9veloppement d&rsquo;Internet en tant qu&rsquo;infrastructure technique mondiale. Elle est une ressource pour enrichir la vie des individus, et en faire une force pour le bien de la soci\u00e9t\u00e9. &nbsp;Notre travail correspond \u00e0 nos objectifs pour qu\u2019Internet soit\u2026","_links":{"self":[{"href":"https:\/\/www.internetsociety.org\/fr\/wp-json\/wp\/v2\/pages\/63999","targetHints":{"allow":["GET"]}}],"collection":[{"href":"https:\/\/www.internetsociety.org\/fr\/wp-json\/wp\/v2\/pages"}],"about":[{"href":"https:\/\/www.internetsociety.org\/fr\/wp-json\/wp\/v2\/types\/page"}],"author":[{"embeddable":true,"href":"https:\/\/www.internetsociety.org\/fr\/wp-json\/wp\/v2\/users\/11"}],"replies":[{"embeddable":true,"href":"https:\/\/www.internetsociety.org\/fr\/wp-json\/wp\/v2\/comments?post=63999"}],"version-history":[{"count":0,"href":"https:\/\/www.internetsociety.org\/fr\/wp-json\/wp\/v2\/pages\/63999\/revisions"}],"wp:featuredmedia":[{"embeddable":true,"href":"https:\/\/www.internetsociety.org\/fr\/wp-json\/wp\/v2\/media\/106715"}],"wp:attachment":[{"href":"https:\/\/www.internetsociety.org\/fr\/wp-json\/wp\/v2\/media?parent=63999"}],"wp:term":[{"taxonomy":"category","embeddable":true,"href":"https:\/\/www.internetsociety.org\/fr\/wp-json\/wp\/v2\/categories?post=63999"},{"taxonomy":"post_tag","embeddable":true,"href":"https:\/\/www.internetsociety.org\/fr\/wp-json\/wp\/v2\/tags?post=63999"},{"taxonomy":"region_news_regions","embeddable":true,"href":"https:\/\/www.internetsociety.org\/fr\/wp-json\/wp\/v2\/region_news_regions?post=63999"},{"taxonomy":"content_category","embeddable":true,"href":"https:\/\/www.internetsociety.org\/fr\/wp-json\/wp\/v2\/content_category?post=63999"},{"taxonomy":"author","embeddable":true,"href":"https:\/\/www.internetsociety.org\/fr\/wp-json\/wp\/v2\/ppma_author?post=63999"}],"curies":[{"name":"wp","href":"https:\/\/api.w.org\/{rel}","templated":true}]}}