{"id":62646,"date":"2017-05-29T12:14:52","date_gmt":"2017-05-29T12:14:52","guid":{"rendered":"https:\/\/www.internetsociety.org\/about-the-internet\/"},"modified":"2025-09-16T16:29:49","modified_gmt":"2025-09-16T16:29:49","slug":"about-the-internet","status":"publish","type":"page","link":"https:\/\/www.internetsociety.org\/fr\/internet\/","title":{"rendered":"\u00c0 propos d&rsquo;Internet"},"content":{"rendered":"<div class=\"content-container\"><main id=\"content\" class=\"content\"><\/p>\n<section class=\"component-row component-theme-animated-large  padding-top padding-bottom row-text-white  \" data-logo-color=\"row-text-white\">\n<div class=\"component-row-inner pure-g component-row-standard component-alignment-center \">\n<div class=\"column desktop-hidden tablet-hidden mobile-hidden component-theme-default\"><\/div>\n<div class=\"column  pure-u-lg--1 pure-u-md-1-1 pure-u-sm-1-1 component-theme-default \">\n<section class=\"component component-text\">\n<div class=\"content-wrapper\">\n<h1 class=\"headline1 page-header align-center\">\u00c0 propos d\u2019Internet<\/h1>\n<\/div>\n<\/section>\n<\/div>\n<\/div>\n<\/section>\n<section class=\"component-row component-theme-lt-gray  padding-top padding-bottom row-text-black  \" data-logo-color=\"row-text-black\">\n<div class=\"component-row-inner pure-g component-row-standard component-alignment-center \">\n<div class=\"column desktop-hidden tablet-hidden mobile-hidden component-theme-default\"><\/div>\n<div class=\"column  pure-u-lg--1 pure-u-md-1-1 pure-u-sm-1-1 component-theme-default \">\n<section class=\"component component-text\">\n<div class=\"content-wrapper\"><img decoding=\"async\" class=\"text-icon align-center \" title=\"ISOC-Iconography-Settings-RGB\" src=\"https:\/\/www.internetsociety.org\/wp-content\/uploads\/2017\/05\/ISOC-Iconography-Settings-RGB.svg\" alt=\"ISOC-Iconography-Settings-RGB\" \/><\/p>\n<h2 class=\"headline2 align-center\">Comment \u00e7a marche ?<\/h2>\n<div class=\"body-text align-center\">\n<p style=\"text-align: center;\">Contrairement au r\u00e9seau t\u00e9l\u00e9phonique, qui pendant des ann\u00e9es dans la plupart des pays \u00e9tait g\u00e9r\u00e9 par une seule entreprise, Internet \u00a0se compose de dizaines de milliers de r\u00e9seaux interconnect\u00e9s g\u00e9r\u00e9s mondialement par les fournisseurs de services, des entreprises individuelles, des universit\u00e9s, des gouvernements et d\u2019autres entit\u00e9s. Les standards ouverts permettent \u00e0 ce r\u00e9seau de r\u00e9seaux de communiquer. Cela permet \u00e0 quiconque de cr\u00e9er du contenu, d\u2019offrir des services et de vendre des produits sans avoir \u00e0 demander la permission d\u2019une autorit\u00e9 centrale.<\/p>\n<\/div>\n<div class=\"ctas align-center\"><a class=\"button button-primary\" href=\"https:\/\/www.internetsociety.org\/fr\/internet\/how-it-works\/\">Savoir plus<\/a><\/div>\n<\/div>\n<\/section>\n<\/div>\n<\/div>\n<\/section>\n<section class=\"component-row component-theme-background  padding-top padding-bottom row-text-white  \" style=\"background-repeat: no-repeat; background-size: auto 580px; background-position: right top; background-color: #0c1c2c; background-image: url('https:\/\/www.internetsociety.org\/wp-content\/uploads\/2017\/05\/hands-768x533.png');\" data-bgverylarge=\"https:\/\/www.internetsociety.org\/wp-content\/uploads\/2017\/05\/hands.png\" data-bglarge=\"https:\/\/www.internetsociety.org\/wp-content\/uploads\/2017\/05\/hands-1024x711.png\" data-bgmediumlarge=\"https:\/\/www.internetsociety.org\/wp-content\/uploads\/2017\/05\/hands-768x533.png\" data-bgmedium=\"https:\/\/www.internetsociety.org\/wp-content\/uploads\/2017\/05\/hands-300x208.png\" data-logo-color=\"row-text-white\">\n<div class=\"component-row-inner pure-g component-row-standard component-alignment-top \">\n<div class=\"column desktop-hidden tablet-hidden mobile-hidden component-theme-default\"><\/div>\n<div class=\"column  pure-u-lg-6-12 pure-u-md-6-12 pure-u-sm-12-12 component-theme-default \">\n<section class=\"component component-text\">\n<div class=\"content-wrapper\">\n<h2 class=\"headline2 align-left\">Qui le fait fonctionner ?<\/h2>\n<div class=\"body-text align-left\">\n<p>L\u2019\u00e9cosyst\u00e8me Internet est compos\u00e9 de nombreuses organisations et communaut\u00e9s qui aident Internet \u00e0 marcher et \u00e0 \u00e9voluer. Le d\u00e9veloppement rapide et continu et l\u2019adoption des technologies d\u2019Internet peuvent \u00eatre attribu\u00e9s \u00e0 la participation d\u2019un large \u00e9ventail de personnes et d\u2019organisations; des processus ouverts, transparents et collaboratifs; ainsi que de l\u2019utilisation de produits et d\u2019infrastructures avec une propri\u00e9t\u00e9 et un contr\u00f4le dispers\u00e9s.<\/p>\n<\/div>\n<div class=\"ctas align-left\"><a class=\"button button-primary\" href=\"https:\/\/www.internetsociety.org\/internet\/who-makes-it-work\/\">Savoir plus<\/a><\/div>\n<\/div>\n<\/section>\n<\/div>\n<div class=\"column pure-u-lg-1-12 pure-u-md-1-12 mobile-hidden component-theme-blue padding-top padding-bottom padding-right padding-left\"><\/div>\n<div class=\"column  pure-u-lg-5-12 pure-u-md-5-12 pure-u-sm-12-12 component-theme-blue padding-top padding-bottom padding-right padding-left \">\n<section class=\"component component-text\">\n<div class=\"content-wrapper\">\n<div class=\"body-text align-center\">\n<h3>\u201cThe Internet belongs to everyone and no one.\u201d<\/h3>\n<p><cite>\u2013 Bruce Sterling, Short History of the Internet<\/cite><\/p>\n<\/div>\n<\/div>\n<\/section>\n<\/div>\n<\/div>\n<\/section>\n<section id=\"facts\" class=\"component-row component-theme-lt-gray  padding-top padding-bottom row-text-black  \" data-logo-color=\"row-text-black\">\n<div class=\"component-row-inner pure-g component-row-standard component-alignment-top \">\n<div class=\"column desktop-hidden tablet-hidden mobile-hidden component-theme-default\"><\/div>\n<div class=\"column  pure-u-lg--1 pure-u-md-1-1 pure-u-sm-1-1 component-theme-default \">\n<section class=\"component component-text\">\n<div class=\"content-wrapper\">\n<h2 class=\"headline2 align-center\">Faits et chiffres<\/h2>\n<div class=\"body-text align-center\">\n<p style=\"text-align: center;\">Qui utilise Internet ? Comment est-il utilis\u00e9 ? Comment cela nous affecte-t-il ? Internet est en constante \u00e9volution, essayer de le comprendre ou le mesurer constitue un d\u00e9fi. Nous avons r\u00e9uni pour vous des nombreuses ressources pour vous pr\u00e9senter les statistiques, les tendances et les donn\u00e9es d\u00e9mographiques concernant Internet.<\/p>\n<\/div>\n<\/div>\n<\/section>\n<\/div>\n<div class=\"column desktop-hidden tablet-hidden mobile-hidden component-theme-default padding-top-small padding-right\"><\/div>\n<div class=\"column  pure-u-lg-1-2 pure-u-md-1-2 pure-u-sm-2-2 component-theme-default padding-top-small padding-right \">\n<section class=\"component component-text\">\n<div class=\"content-wrapper\">\n<div class=\"body-text align-center\">\n<h3>Nonprofit<\/h3>\n<p><a href=\"https:\/\/pulse.internetsociety.org\/\">The Internet Society\u2019s Pulse Platform<\/a><br \/>\nCurates data from trusted sources to help everyone understand the health, availability and evolution of the global Internet.<\/p>\n<p><a href=\"https:\/\/www.internetsociety.org\/globalinternetreport\/\">The Internet Society\u2019s Global Internet Report<\/a><br \/>\nThe forces of change that will shape the Internet.<\/p>\n<p><a href=\"http:\/\/www.caida.org\/data\/overview\/\">Center\u00a0for Applied\u00a0Internet\u00a0Data\u00a0Analysis (CAIDA)<\/a><br \/>\nInternet data from and across a wide variety of Internet infrastructure.<\/p>\n<p><a href=\"https:\/\/internethealthreport.org\/\">Mozilla\u2019s Internet Health Report<\/a><br \/>\nWhat\u2019s happening to the health of the Internet.<\/p>\n<p><a href=\"https:\/\/nsrc.org\/networkstatus\">NSRC Connectivity Providers Database<\/a><br \/>\nInternational networking developments and Internet connectivity providers, with major emphasis on countries in Asia, Africa, Latin America and the Caribbean, the Middle East, and Oceania.<\/p>\n<p><a href=\"https:\/\/atlas.ripe.net\/results\/analyses\/\">RIPE Atlas Analyses and Use Cases<\/a><br \/>\nA global network of probes that measure Internet connectivity and reachability, providing an understanding of the state of the Internet in real time.<\/p>\n<p><a href=\"https:\/\/data.worldbank.org\/indicator\/IT.NET.USER.ZS\">The World Bank<\/a><br \/>\nIndividuals using the Internet (% of population).<\/p>\n<\/div>\n<\/div>\n<\/section>\n<\/div>\n<div class=\"column desktop-hidden tablet-hidden mobile-hidden component-theme-default padding-top-small padding-left\"><\/div>\n<div class=\"column  pure-u-lg-1-2 pure-u-md-1-2 pure-u-sm-2-2 component-theme-default padding-top-small padding-left \">\n<section class=\"component component-text\">\n<div class=\"content-wrapper\">\n<div class=\"body-text align-center\">\n<h3>Commercial<\/h3>\n<p><a href=\"http:\/\/internettrafficreport.com\/\">Internet Traffic Report<\/a><br \/>\nThe flow of data around the world.<\/p>\n<p><a href=\"https:\/\/www.akamai.com\/us\/en\/about\/our-thinking\/state-of-the-internet-report\/\">Akamai Research<\/a><br \/>\nThe state of the Internet.<\/p>\n<p><a href=\"https:\/\/www.statista.com\/topics\/1145\/internet-usage-worldwide\/\">Statista<\/a><br \/>\nInternet usage worldwide: statistics and facts.<\/p>\n<p>Unfamiliar with an Internet term? <a href=\"https:\/\/www.internetsociety.org\/internet\/glossary-internet-terms\/\">Learn what it means<\/a>.<\/p>\n<\/div>\n<\/div>\n<\/section>\n<\/div>\n<\/div>\n<\/section>\n<section class=\"component-row component-theme-background  row-text-white  medium-hero\" style=\"background-repeat: no-repeat; background-size: cover; background-position: center center; background-color: #0c1c2c; background-image: url('https:\/\/www.internetsociety.org\/wp-content\/uploads\/2017\/09\/Berners-Lee-Cerf_BriefHistory-768x346.jpg');\" data-bgverylarge=\"https:\/\/www.internetsociety.org\/wp-content\/uploads\/2017\/09\/Berners-Lee-Cerf_BriefHistory-e1521121950635.jpg\" data-bglarge=\"https:\/\/www.internetsociety.org\/wp-content\/uploads\/2017\/09\/Berners-Lee-Cerf_BriefHistory-1024x461.jpg\" data-bgmediumlarge=\"https:\/\/www.internetsociety.org\/wp-content\/uploads\/2017\/09\/Berners-Lee-Cerf_BriefHistory-768x346.jpg\" data-bgmedium=\"https:\/\/www.internetsociety.org\/wp-content\/uploads\/2017\/09\/Berners-Lee-Cerf_BriefHistory-300x135.jpg\" data-logo-color=\"row-text-white\">\n<div class=\"component-row-inner pure-g component-row-standard component-alignment-center \">\n<div class=\"column desktop-hidden tablet-hidden mobile-hidden component-theme-default\"><\/div>\n<div class=\"column  pure-u-lg--1 pure-u-md-1-1 pure-u-sm-1-1 component-theme-default \">\n<section class=\"component component-text\">\n<div class=\"content-wrapper\">\n<h2 class=\"headline2 align-center\">La historique d&rsquo;Internet<\/h2>\n<div class=\"body-text align-center\">\n<p>Internet est aujourd\u2019hui une infrastructure d\u2019information tr\u00e8s r\u00e9pandue, le prototype initial de ce qu\u2019on appelle souvent l\u2019infrastructure d\u2019information nationale (ou mondiale ou galactique). Son histoire est complexe et implique de nombreuses facettes.<\/p>\n<\/div>\n<div class=\"ctas align-center\"><a class=\"button button-secondary\" href=\"https:\/\/www.internetsociety.org\/fr\/internet\/history-internet\/brief-history-internet\/\" target=\"_blank\" rel=\"noopener\">Lire un bref historique d\u2019Internet, \u00e9crit par ceux qui ont fait son histoire<\/a> <a class=\"button button-tertiary\" href=\"https:\/\/www.internetsociety.org\/fr\/internet\/history-internet\/\" target=\"_blank\" rel=\"noopener\">Trouver plus d&rsquo;histoires<\/a><\/div>\n<\/div>\n<\/section>\n<\/div>\n<\/div>\n<\/section>\n<section class=\"component-row component-theme-background  padding-top row-text-white tall-hero \" style=\"background-repeat: no-repeat; background-size: cover; background-position: center bottom; background-color: #0c1c2c; background-image: url('https:\/\/www.internetsociety.org\/wp-content\/uploads\/2017\/05\/evolving-768x454.png');\" data-bgverylarge=\"https:\/\/www.internetsociety.org\/wp-content\/uploads\/2017\/05\/evolving.png\" data-bglarge=\"https:\/\/www.internetsociety.org\/wp-content\/uploads\/2017\/05\/evolving-1024x606.png\" data-bgmediumlarge=\"https:\/\/www.internetsociety.org\/wp-content\/uploads\/2017\/05\/evolving-768x454.png\" data-bgmedium=\"https:\/\/www.internetsociety.org\/wp-content\/uploads\/2017\/05\/evolving-300x178.png\" data-logo-color=\"row-text-white\">\n<div class=\"component-row-inner pure-g component-row-standard component-alignment-top \">\n<div class=\"column desktop-hidden tablet-hidden mobile-hidden component-theme-default\"><\/div>\n<div class=\"column  pure-u-lg--1 pure-u-md-1-1 pure-u-sm-1-1 component-theme-default \">\n<section class=\"component component-text\">\n<div class=\"content-wrapper\">\n<h2 class=\"headline2 align-center\">Comment Internet \u00e9volue-t-il ?<\/h2>\n<div class=\"body-text align-center\">\n<p style=\"text-align: center;\">L\u2019\u00e9volution d\u2019Internet est en train de se produire. \u00a0Son infrastructure, comment nous l\u2019utilisons et o\u00f9 nous l\u2019utilisons pour se connecter sont dans un \u00e9tat de changement continu. \u00c0 quoi pourrait ressembler Internet dans 10 ans? Quels sont les plus grands d\u00e9fis auxquels nous sommes confront\u00e9s et comment pouvons-nous assurer le d\u00e9veloppement continu d\u2019un Internet ouvert pour tout le monde, partout?<\/p>\n<p style=\"text-align: center;\">Explorer les possibilit\u00e9s pour le d\u00e9veloppement futur de l\u2019Internet et des strat\u00e9gies pour l\u2019aider \u00e0 \u00e9voluer de la meilleure fa\u00e7on possible.<\/p>\n<\/div>\n<div class=\"ctas align-center\"><a class=\"button button-secondary\" href=\"https:\/\/future.internetsociety.org\/fr\/\" target=\"_blank\" rel=\"noopener\">Savoir plus<\/a><\/div>\n<\/div>\n<\/section>\n<\/div>\n<\/div>\n<\/section>\n<section class=\"component-row component-theme-background  padding-top padding-bottom row-text-white  \" style=\"background-repeat: no-repeat; background-size: cover; background-position: center center; background-color: #0c1c2c; background-image: url('&quot;&quot;');\" data-bgverylarge=\"\" data-bglarge=\"\" data-bgmediumlarge=\"\" data-bgmedium=\"\" data-logo-color=\"row-text-white\">\n<div class=\"component-row-inner pure-g component-row-standard component-alignment-center \">\n<div class=\"column desktop-hidden tablet-hidden mobile-hidden component-theme-default\"><\/div>\n<div class=\"column  pure-u-lg--1 pure-u-md-1-1 pure-u-sm-1-1 component-theme-default \">\n<section class=\"component component-text\">\n<div class=\"content-wrapper\">\n<h2 class=\"headline2 align-left\">Shape tomorrow<\/h2>\n<div class=\"body-text align-left\">\n<p>Vous avez besoin d&rsquo;aide pour mettre en action votre passion pour Internet ? Faire un don est l&rsquo;une des fa\u00e7ons les plus simples de contribuer.<\/p>\n<\/div>\n<div class=\"ctas align-left\"><a class=\"button button-secondary\" href=\"https:\/\/www.internetsociety.org\/fr\/donate\/\">Faire un don<\/a><\/div>\n<\/div>\n<\/section>\n<\/div>\n<\/div>\n<\/section>\n<p><\/main><\/div>\n","protected":false},"excerpt":{"rendered":"<p>\u00c0 propos d\u2019Internet Comment \u00e7a marche ? Contrairement au r\u00e9seau t\u00e9l\u00e9phonique, qui pendant des ann\u00e9es dans la plupart des pays \u00e9tait g\u00e9r\u00e9 par une seule entreprise, Internet \u00a0se compose de dizaines de milliers de r\u00e9seaux interconnect\u00e9s g\u00e9r\u00e9s mondialement par les fournisseurs de services, des entreprises individuelles, des universit\u00e9s, des gouvernements et d\u2019autres entit\u00e9s. Les standards [&hellip;]<\/p>\n","protected":false},"author":46,"featured_media":0,"parent":0,"menu_order":0,"comment_status":"closed","ping_status":"closed","template":"page-wide.php","meta":{"_acf_changed":false,"_uag_custom_page_level_css":"","footnotes":""},"categories":[],"tags":[],"region_news_regions":[6029],"content_category":[6105],"ppma_author":[4057],"class_list":["post-62646","page","type-page","status-publish","hentry","region_news_regions-mondial","content_category-resources-type"],"acf":[],"uagb_featured_image_src":{"full":false,"thumbnail":false,"medium":false,"medium_large":false,"large":false,"1536x1536":false,"2048x2048":false,"post-thumbnail":false,"square":false,"gform-image-choice-sm":false,"gform-image-choice-md":false,"gform-image-choice-lg":false},"uagb_author_info":{"display_name":"Ivana Trbovic","author_link":"https:\/\/www.internetsociety.org\/fr\/author\/trbovic\/"},"uagb_comment_info":0,"uagb_excerpt":"\u00c0 propos d\u2019Internet Comment \u00e7a marche ? Contrairement au r\u00e9seau t\u00e9l\u00e9phonique, qui pendant des ann\u00e9es dans la plupart des pays \u00e9tait g\u00e9r\u00e9 par une seule entreprise, Internet \u00a0se compose de dizaines de milliers de r\u00e9seaux interconnect\u00e9s g\u00e9r\u00e9s mondialement par les fournisseurs de services, des entreprises individuelles, des universit\u00e9s, des gouvernements et d\u2019autres entit\u00e9s. Les standards\u2026","_links":{"self":[{"href":"https:\/\/www.internetsociety.org\/fr\/wp-json\/wp\/v2\/pages\/62646","targetHints":{"allow":["GET"]}}],"collection":[{"href":"https:\/\/www.internetsociety.org\/fr\/wp-json\/wp\/v2\/pages"}],"about":[{"href":"https:\/\/www.internetsociety.org\/fr\/wp-json\/wp\/v2\/types\/page"}],"author":[{"embeddable":true,"href":"https:\/\/www.internetsociety.org\/fr\/wp-json\/wp\/v2\/users\/46"}],"replies":[{"embeddable":true,"href":"https:\/\/www.internetsociety.org\/fr\/wp-json\/wp\/v2\/comments?post=62646"}],"version-history":[{"count":0,"href":"https:\/\/www.internetsociety.org\/fr\/wp-json\/wp\/v2\/pages\/62646\/revisions"}],"wp:attachment":[{"href":"https:\/\/www.internetsociety.org\/fr\/wp-json\/wp\/v2\/media?parent=62646"}],"wp:term":[{"taxonomy":"category","embeddable":true,"href":"https:\/\/www.internetsociety.org\/fr\/wp-json\/wp\/v2\/categories?post=62646"},{"taxonomy":"post_tag","embeddable":true,"href":"https:\/\/www.internetsociety.org\/fr\/wp-json\/wp\/v2\/tags?post=62646"},{"taxonomy":"region_news_regions","embeddable":true,"href":"https:\/\/www.internetsociety.org\/fr\/wp-json\/wp\/v2\/region_news_regions?post=62646"},{"taxonomy":"content_category","embeddable":true,"href":"https:\/\/www.internetsociety.org\/fr\/wp-json\/wp\/v2\/content_category?post=62646"},{"taxonomy":"author","embeddable":true,"href":"https:\/\/www.internetsociety.org\/fr\/wp-json\/wp\/v2\/ppma_author?post=62646"}],"curies":[{"name":"wp","href":"https:\/\/api.w.org\/{rel}","templated":true}]}}