{"id":60547,"date":"2017-09-13T01:51:28","date_gmt":"2017-09-13T01:51:28","guid":{"rendered":"https:\/\/www.internetsociety.org\/youthigf-programme\/"},"modified":"2025-09-22T11:52:32","modified_gmt":"2025-09-22T11:52:32","slug":"youthigf-programme","status":"publish","type":"page","link":"https:\/\/www.internetsociety.org\/fr\/past-ngl-programs\/youth-igf-program\/","title":{"rendered":"Programme Jeunesse@IGF"},"content":{"rendered":"\n<section class=\"wp-block-uagb-columns uagb-columns__wrap uagb-columns__background-color uagb-columns__stack-mobile uagb-columns__valign- uagb-columns__gap-10 align uagb-block-ee6db409 uagb-columns__columns-2 uagb-columns__max_width-theme\"><div class=\"uagb-columns__overlay\"><\/div><div class=\"uagb-columns__inner-wrap uagb-columns__columns-2\">\n<div class=\"wp-block-uagb-column uagb-column__wrap uagb-column__background-color uagb-block-6c209776\"><div class=\"uagb-column__overlay\"><\/div>\n<div style=\"height:40px\" aria-hidden=\"true\" class=\"wp-block-spacer\"><\/div>\n\n\n\n<section class=\"wp-block-uagb-columns uagb-columns__wrap uagb-columns__background-color uagb-columns__stack-mobile uagb-columns__valign- uagb-columns__gap-10 align uagb-block-ee493a74 uagb-columns__columns-1 uagb-columns__max_width-theme\"><div class=\"uagb-columns__overlay\"><\/div><div class=\"uagb-columns__inner-wrap uagb-columns__columns-1\">\n<div class=\"wp-block-uagb-column uagb-column__wrap uagb-column__background-undefined uagb-block-f42770d7\"><div class=\"uagb-column__overlay\"><\/div>\n<h5 class=\"has-accent-yellow-color has-text-color wp-block-heading\">Statut actuel: <br>Ferm\u00e9<\/h5>\n\n\n\n<div style=\"height:20px\" aria-hidden=\"true\" class=\"wp-block-spacer\"><\/div>\n\n\n\n<p class=\"has-neutral-white-color has-text-color has-18-font-size\">Ce programme a fini. Depuis 2019, Internet Society a un nouveau programme qui combine celui-ci et le <a href=\"https:\/\/www.internetsociety.org\/fr\/policy-programs\/igf-youth-ambassadors\/\">Programme Jeunes ambassadeurs FGI<\/a>. <\/p>\n<\/div>\n<\/div><\/section>\n\n\n\n<div style=\"height:20px\" aria-hidden=\"true\" class=\"wp-block-spacer\"><\/div>\n\n\n\n<div class=\"wp-block-buttons is-content-justification-center is-layout-flex wp-container-core-buttons-is-layout-16018d1d wp-block-buttons-is-layout-flex\">\n<div class=\"wp-block-button\"><a class=\"wp-block-button__link has-ground-navy-color has-accent-yellow-background-color has-text-color has-background wp-element-button\" href=\"https:\/\/www.internetsociety.org\/fr\/policy-programs\/igf-youth-ambassadors\/\">En savoir plus sur Programme Jeunes ambassadeurs FGI<\/a><\/div>\n<\/div>\n<\/div>\n\n\n\n<div class=\"wp-block-uagb-column uagb-column__wrap uagb-column__background-undefined uagb-block-d82ca0c4\"><div class=\"uagb-column__overlay\"><\/div>\n<div style=\"height:40px\" aria-hidden=\"true\" class=\"wp-block-spacer\"><\/div>\n\n\n\n<h6 class=\"has-ground-navy-color has-text-color wp-block-heading\"><a href=\"https:\/\/www.internetsociety.org\/past-ngl-programs\/\">Programme Next Generation Leaders (NGL)<\/a> > Programme\u00a0Jeunesse@IGF <\/h6>\n\n\n\n<div style=\"height:30px\" aria-hidden=\"true\" class=\"wp-block-spacer\"><\/div>\n\n\n\n<h1 class=\"has-ground-navy-color has-text-color wp-block-heading\">Programme\u00a0Jeunesse@IGF<\/h1>\n\n\n\n<div style=\"height:20px\" aria-hidden=\"true\" class=\"wp-block-spacer\"><\/div>\n\n\n\n<p>Beaucoup de jeunes de 18 \u00e0 25 ans font partie de la premi\u00e8re g\u00e9n\u00e9ration d\u2019adultes n\u2019imaginant pas le monde sans l\u2019Internet. Pour ceux qui n\u2019y ont pas acc\u00e8s, certains travaillent dur pour y parvenir.<\/p>\n\n\n\n<p>Les jeunes fa\u00e7onnent la culture en ligne \u00e0 bien des \u00e9gards. Ils utilisent l\u2019Internet pour rencontrer des gens \u00e0 travers le monde, cr\u00e9er des vid\u00e9os virales, concevoir l\u2019art qui nous \u00e9meut, et lancer et soutenir des mouvements sociaux en ligne qui nous font r\u00e9fl\u00e9chir.<\/p>\n\n\n\n<p>Ils construisent l\u2019Internet de leurs r\u00eaves.<\/p>\n\n\n\n<p>Et pourtant, lorsqu\u2019il est question de politiques, la plupart d\u2019entre eux ne participent pas \u00e0 la discussion.<\/p>\n\n\n\n<p>Internet Society, en collaboration avec CGI.br, a voulu en 2015 changer cela.<\/p>\n\n\n\n<p>Ensemble avec des partenaires comme NIC.MX, le gouvernement du Mexique, Microsoft et Verizon, nous avons amen\u00e9 plus de 200 jeunes \u00e0 l\u2019IGF 2015, 2016, 2017 et 2018, sous le Programme&nbsp;Jeunesse@IGF.<\/p>\n\n\n\n<p>Cela s\u2019inscrit dans le cadre de l\u2019engagement de l\u2019Internet Society et de ses partenaires afin de garantir que la prochaine g\u00e9n\u00e9ration de leaders de l\u2019Internet soit pr\u00eate \u00e0 faire avancer l\u2019Internet des opportunit\u00e9s pour tous. \u00c0 la suite de ces efforts, de nombreux jeunes contribuent maintenant au Groupe d\u2019Int\u00e9r\u00eat Sp\u00e9cial pour les Jeunes et \u00e0 des r\u00e9unions r\u00e9gionales, telles que le Sommet Afrique Internet, l\u2019EuroDIG et d\u2019autres. De plus, certains des Fellows du programme ont cr\u00e9\u00e9 des organisations de la soci\u00e9t\u00e9 civile, telles que&nbsp;<a href=\"https:\/\/www.digitalgrassroots.org\/\" target=\"_blank\" rel=\"noreferrer noopener\">Digital Grassroots.<\/a><\/p>\n\n\n\n<div style=\"height:20px\" aria-hidden=\"true\" class=\"wp-block-spacer\"><\/div>\n<\/div>\n<\/div><\/section>\n\n\n\n<section class=\"wp-block-uagb-columns uagb-columns__wrap uagb-columns__background-color uagb-columns__stack-mobile uagb-columns__valign- uagb-columns__gap-10 align uagb-block-1a169d3e uagb-columns__columns-2 uagb-columns__max_width-theme\"><div class=\"uagb-columns__overlay\"><\/div><div class=\"uagb-columns__inner-wrap uagb-columns__columns-2\">\n<div class=\"wp-block-uagb-column uagb-column__wrap uagb-column__background-color uagb-block-d4d3c6ee\"><div class=\"uagb-column__overlay\"><\/div>\n<section class=\"wp-block-uagb-columns uagb-columns__wrap uagb-columns__background-none uagb-columns__stack-mobile uagb-columns__valign- uagb-columns__gap-10 align uagb-block-13857458 uagb-columns__columns-1 uagb-columns__max_width-theme\"><div class=\"uagb-columns__overlay\"><\/div><div class=\"uagb-columns__inner-wrap uagb-columns__columns-1\">\n<div class=\"wp-block-uagb-column uagb-column__wrap uagb-column__background-undefined uagb-block-97c97791\"><div class=\"uagb-column__overlay\"><\/div><\/div>\n<\/div><\/section>\n<\/div>\n\n\n\n<div class=\"wp-block-uagb-column uagb-column__wrap uagb-column__background-undefined uagb-block-b578baca\"><div class=\"uagb-column__overlay\"><\/div>\n<h3 class=\"has-ground-navy-color has-text-color wp-block-heading\">Objectifs du programme<\/h3>\n\n\n\n<div style=\"height:20px\" aria-hidden=\"true\" class=\"wp-block-spacer\"><\/div>\n\n\n\n<p>Le programme a soutenu les futurs dirigeants de l\u2019Internet \u00e0 travers de: <\/p>\n\n\n\n<div style=\"height:20px\" aria-hidden=\"true\" class=\"wp-block-spacer\"><\/div>\n\n\n\n<ul class=\"wp-block-list\">\n<li>La formation pour renforcer les capacit\u00e9s r\u00e9gionales et globales<\/li>\n\n\n\n<li>Le soutien direct aux nouveaux leaders de l\u2019Internet qui sont motiv\u00e9s \u00e0 apprendre, s\u2019engager et agir dans leurs r\u00e9gions et au-del\u00e0<\/li>\n\n\n\n<li>La mobilisation des jeunes au-del\u00e0 des questions sp\u00e9cifiques de l\u2019IG<\/li>\n\n\n\n<li>La collaboration avec plusieurs organisations afin d\u2019\u00e9largir l\u2019impact<\/li>\n<\/ul>\n\n\n\n<div style=\"height:20px\" aria-hidden=\"true\" class=\"wp-block-spacer\"><\/div>\n\n\n\n\n<div style=\"height:20px\" aria-hidden=\"true\" class=\"wp-block-spacer\"><\/div>\n\n\n\n<h3 class=\"has-ground-navy-color has-text-color wp-block-heading\">Sponsors du programme<\/h3>\n\n\n\n<div style=\"height:20px\" aria-hidden=\"true\" class=\"wp-block-spacer\"><\/div>\n\n\n\n<div class=\"wp-block-columns is-layout-flex wp-container-core-columns-is-layout-9d6595d7 wp-block-columns-is-layout-flex\">\n<div class=\"wp-block-column is-vertically-aligned-center is-layout-flow wp-block-column-is-layout-flow\" style=\"flex-basis:25%\">\n<figure class=\"wp-block-image size-large\"><a href=\"https:\/\/www.google.com\/\"><img decoding=\"async\" src=\"https:\/\/www.internetsociety.org\/wp-content\/uploads\/2018\/11\/800px-Google_2015_logo-450x152.png\" alt=\"\"\/><\/a><\/figure>\n<\/div>\n\n\n\n<div class=\"wp-block-column is-vertically-aligned-center is-layout-flow wp-block-column-is-layout-flow\" style=\"flex-basis:25%\">\n<figure class=\"wp-block-image size-large\"><a href=\"https:\/\/www.microsoft.com\/\"><img decoding=\"async\" src=\"https:\/\/www.internetsociety.org\/wp-content\/uploads\/2018\/10\/Microsoft-logo_rgb_gray-450x202.png\" alt=\"\"\/><\/a><\/figure>\n<\/div>\n\n\n\n<div class=\"wp-block-column is-layout-flow wp-block-column-is-layout-flow\" style=\"flex-basis:25%\"><\/div>\n\n\n\n<div class=\"wp-block-column is-layout-flow wp-block-column-is-layout-flow\" style=\"flex-basis:25%\"><\/div>\n<\/div>\n\n\n\n\n<div style=\"height:10px\" aria-hidden=\"true\" class=\"wp-block-spacer\"><\/div>\n<\/div>\n<\/div><\/section>\n","protected":false},"excerpt":{"rendered":"<p>Pour construire un meilleur Internet, nous avons besoin de la contribution des jeunes.<\/p>\n","protected":false},"author":46,"featured_media":81558,"parent":224071,"menu_order":0,"comment_status":"closed","ping_status":"closed","template":"page-wide.php","meta":{"_acf_changed":false,"_uag_custom_page_level_css":"","footnotes":""},"categories":[5695,118],"tags":[6157],"region_news_regions":[6029],"content_category":[],"ppma_author":[4057],"class_list":["post-60547","page","type-page","status-publish","has-post-thumbnail","hentry","category-communaute","category-qui-sommes-nous","tag-bourses","region_news_regions-mondial"],"acf":[],"uagb_featured_image_src":{"full":["https:\/\/www.internetsociety.org\/wp-content\/uploads\/2018\/06\/ISOC-IMAGE-73-RGB.jpg",1280,853,false],"thumbnail":["https:\/\/www.internetsociety.org\/wp-content\/uploads\/2018\/06\/ISOC-IMAGE-73-RGB-150x150.jpg",150,150,true],"medium":["https:\/\/www.internetsociety.org\/wp-content\/uploads\/2018\/06\/ISOC-IMAGE-73-RGB-300x200.jpg",300,200,true],"medium_large":["https:\/\/www.internetsociety.org\/wp-content\/uploads\/2018\/06\/ISOC-IMAGE-73-RGB-768x512.jpg",768,512,true],"large":["https:\/\/www.internetsociety.org\/wp-content\/uploads\/2018\/06\/ISOC-IMAGE-73-RGB-1024x682.jpg",1024,682,true],"1536x1536":["https:\/\/www.internetsociety.org\/wp-content\/uploads\/2018\/06\/ISOC-IMAGE-73-RGB.jpg",1280,853,false],"2048x2048":["https:\/\/www.internetsociety.org\/wp-content\/uploads\/2018\/06\/ISOC-IMAGE-73-RGB.jpg",1280,853,false],"post-thumbnail":["https:\/\/www.internetsociety.org\/wp-content\/uploads\/2018\/06\/ISOC-IMAGE-73-RGB-250x167.jpg",250,167,true],"square":["https:\/\/www.internetsociety.org\/wp-content\/uploads\/2018\/06\/ISOC-IMAGE-73-RGB-600x600.jpg",600,600,true],"gform-image-choice-sm":["https:\/\/www.internetsociety.org\/wp-content\/uploads\/2018\/06\/ISOC-IMAGE-73-RGB.jpg",300,200,false],"gform-image-choice-md":["https:\/\/www.internetsociety.org\/wp-content\/uploads\/2018\/06\/ISOC-IMAGE-73-RGB.jpg",400,267,false],"gform-image-choice-lg":["https:\/\/www.internetsociety.org\/wp-content\/uploads\/2018\/06\/ISOC-IMAGE-73-RGB.jpg",600,400,false]},"uagb_author_info":{"display_name":"Ivana Trbovic","author_link":"https:\/\/www.internetsociety.org\/fr\/author\/trbovic\/"},"uagb_comment_info":0,"uagb_excerpt":"Pour construire un meilleur Internet, nous avons besoin de la contribution des jeunes.","_links":{"self":[{"href":"https:\/\/www.internetsociety.org\/fr\/wp-json\/wp\/v2\/pages\/60547","targetHints":{"allow":["GET"]}}],"collection":[{"href":"https:\/\/www.internetsociety.org\/fr\/wp-json\/wp\/v2\/pages"}],"about":[{"href":"https:\/\/www.internetsociety.org\/fr\/wp-json\/wp\/v2\/types\/page"}],"author":[{"embeddable":true,"href":"https:\/\/www.internetsociety.org\/fr\/wp-json\/wp\/v2\/users\/46"}],"replies":[{"embeddable":true,"href":"https:\/\/www.internetsociety.org\/fr\/wp-json\/wp\/v2\/comments?post=60547"}],"version-history":[{"count":0,"href":"https:\/\/www.internetsociety.org\/fr\/wp-json\/wp\/v2\/pages\/60547\/revisions"}],"up":[{"embeddable":true,"href":"https:\/\/www.internetsociety.org\/fr\/wp-json\/wp\/v2\/pages\/224071"}],"wp:featuredmedia":[{"embeddable":true,"href":"https:\/\/www.internetsociety.org\/fr\/wp-json\/wp\/v2\/media\/81558"}],"wp:attachment":[{"href":"https:\/\/www.internetsociety.org\/fr\/wp-json\/wp\/v2\/media?parent=60547"}],"wp:term":[{"taxonomy":"category","embeddable":true,"href":"https:\/\/www.internetsociety.org\/fr\/wp-json\/wp\/v2\/categories?post=60547"},{"taxonomy":"post_tag","embeddable":true,"href":"https:\/\/www.internetsociety.org\/fr\/wp-json\/wp\/v2\/tags?post=60547"},{"taxonomy":"region_news_regions","embeddable":true,"href":"https:\/\/www.internetsociety.org\/fr\/wp-json\/wp\/v2\/region_news_regions?post=60547"},{"taxonomy":"content_category","embeddable":true,"href":"https:\/\/www.internetsociety.org\/fr\/wp-json\/wp\/v2\/content_category?post=60547"},{"taxonomy":"author","embeddable":true,"href":"https:\/\/www.internetsociety.org\/fr\/wp-json\/wp\/v2\/ppma_author?post=60547"}],"curies":[{"name":"wp","href":"https:\/\/api.w.org\/{rel}","templated":true}]}}