{"id":28943,"date":"2011-12-06T20:02:00","date_gmt":"2011-12-06T20:02:00","guid":{"rendered":"http:\/\/www.internetsociety.org\/deploy360\/etudes-de-cas-ipv6\/"},"modified":"2017-08-31T15:08:07","modified_gmt":"2017-08-31T15:08:07","slug":"etudes-de-cas-ipv6","status":"publish","type":"page","link":"https:\/\/www.internetsociety.org\/fr\/etudes-de-cas-ipv6\/","title":{"rendered":"\u00c9tudes de cas IPv6"},"content":{"rendered":"<p>Les \u00e9tudes de cas suivantes donnent des exemples de d\u00e9ploiement d&rsquo;IPv6 pour diff\u00e9rents types d&rsquo;organisations. La date entre parenth\u00e8ses indique l\u2019ann\u00e9e de publication de l&rsquo;\u00e9tude de cas. \u00a0<strong>SI VOUS SOUHAITEZ AJOUTER VOTRE \u00c9TUDE DE CAS ICI,<\/strong> ou si vous connaissez une \u00e9tude de cas que nous devrions publier,\u00a0\u00a0<em><a href=\"https:\/\/www.internetsociety.org\/deploy360\/?page_id=288\">veuillez nous le faire savoir !<\/a><\/em><\/p>\n<p><strong>Op\u00e9rateurs de r\u00e9seau\/fournisseurs d\u2019acc\u00e8s \u00e0 Internet (FAI) :<\/strong><\/p>\n<ul>\n<li><a title=\"\u00c9tude de cas : AXTEL au Mexique d\u00e9crit les phases de d\u00e9ploiement IPv6 et les recommandations\" href=\"http:\/\/www.internetsociety.org\/deploy360\/resources\/case-study-mexicos-axtel-ipv6-deployment\/\">AXTEL, Mexique<\/a> (2014)<\/li>\n<li><a title=\"\u00c9tude de cas : Forthnet passe \u00e0 IPv6 et utilise DS-Lite pour faciliter la transition\" href=\"http:\/\/www.internetsociety.org\/deploy360\/resources\/case-study-forthnet-moves-to-ipv6-and-uses-ds-lite-to-aid-in-the-transition\/\">Forthnet, Gr\u00e8ce<\/a> (2013)<\/li>\n<li><a title=\"\u00c9tude de cas : Comment RCS &#038; RDS a d\u00e9ploy\u00e9 IPv6 en Roumanie\" href=\"http:\/\/www.internetsociety.org\/deploy360\/resources\/case-study-how-romanias-rcsrds-deployed-ipv6\/\">RCS &#038; RDS, Roumanie<\/a>\u00a0(2014)<\/li>\n<li><a href=\"http:\/\/www.internetsociety.org\/deploy360\/resources\/case-study-t-mobile-us-goes-ipv6-only-using-464xlat\/\" target=\"_blank\">T-Mobile aux \u00c9tats-Unis passe \u00e0 IPv6 en utilisant 464XLAT<\/a> (2014)<\/li>\n<\/ul>\n<p><strong>Fournisseurs d&rsquo;h\u00e9bergement :<\/strong><\/p>\n<ul>\n<li><a title=\"\u00c9tude de cas IPv6 : Carpathia\" href=\"http:\/\/www.internetsociety.org\/deploy360\/resources\/case-study-carpathia\/\">Carpathia Hosting Inc.<\/a><span style=\"text-decoration: underline;\">\u00a0<\/span>(2010)<\/li>\n<\/ul>\n<p><strong>Entreprises :<\/strong><\/p>\n<ul>\n<li><a title=\"\u00c9tude de cas : ARIN\" href=\"http:\/\/www.internetsociety.org\/deploy360\/resources\/case-study-arin\/\">American Registry for Internet Numbers (ARIN)<\/a>\u00a0(2010)<\/li>\n<li><a title=\"\u00c9tude de cas : IPv6 chez Cisco\" href=\"http:\/\/www.internetsociety.org\/deploy360\/resources\/case-study-ipv6-at-cisco\/\">Cisco<\/a> (2013) &#8211;\u00a0\u00a0<em>notez qu\u2019il s\u2019agit du propre r\u00e9seau interne de Cisco<\/em><\/li>\n<li><a title=\"\u00c9tude de cas : Hurricane Electric\" href=\"http:\/\/www.internetsociety.org\/deploy360\/resources\/case-study-hurricane-electric\/\">Hurricane Electric<\/a>\u00a0(2010)<\/li>\n<li><a title=\"\u00c9tude de cas : IPv6 chez Xtracta\" href=\"http:\/\/www.internetsociety.org\/deploy360\/resources\/case-study-ipv6-at-xtracta\/\">Xtracta<\/a> (2013) &#8211;\u00a0\u00a0<em>soci\u00e9t\u00e9 de d\u00e9veloppement de logiciels en Nouvelle-Z\u00e9lande <\/em><\/li>\n<\/ul>\n<p><strong> R\u00e9seaux sociaux :<\/strong><\/p>\n<ul>\n<li><a title=\"\u00c9tude de cas : Facebook\u00a0passe son\u00a0r\u00e9seau\u00a0interne\u00a0en\u00a0IPv6\" href=\"http:\/\/www.internetsociety.org\/deploy360\/resources\/case-study-facebook-moving-to-an-ipv6-only-internal-network\/\">Facebook\u00a0passe son\u00a0r\u00e9seau\u00a0interne\u00a0en\u00a0IPv6 <\/a> (2014)<\/li>\n<li><a title=\"\u00c9tude de cas : SMTP sur IPv6 chez LinkedIn\" href=\"http:\/\/www.internetsociety.org\/deploy360\/resources\/case-study-smtp-over-ipv6-at-linkedin\/\"> SMTP sur IPv6 chez LinkedIn <\/a> (2014)<\/li>\n<\/ul>\n<p><strong>Universit\u00e9s :<\/strong><\/p>\n<ul>\n<li><a title=\"\u00c9tude de cas : D\u00e9ploiement d\u2019IPv6 chez CERN\" href=\"http:\/\/www.internetsociety.org\/deploy360\/resources\/case-study-ipv6-deployment-at-cern\/\">CERN<\/a> (2014)<\/li>\n<li><a title=\"\u00c9tude de cas : Universit\u00e9 d\u2019Oxford \" href=\"http:\/\/www.internetsociety.org\/deploy360\/resources\/case-study-oxford-university\/\">Universit\u00e9 d&rsquo;Oxford<\/a>\u00a0(2010)<\/li>\n<li><a title=\"\u00c9tude de cas : IPv6 \u00e0 l\u2019University College Dublin\" href=\"http:\/\/www.internetsociety.org\/deploy360\/resources\/case-study-ipv6-at-university-college-dublin\/\">University College Dublin<\/a> (2014)<\/li>\n<\/ul>\n<p><strong>Gouvernements :<\/strong><\/p>\n<ul>\n<li><strong>\u00a0<\/strong><a title=\"\u00c9tude de cas : IPv6 au bureau\u00a0du recensement des \u00c9tats-Unis\" href=\"http:\/\/www.internetsociety.org\/deploy360\/resources\/case-study-ipv6-at-the-u-s-census-bureau\/\">Bureau du recensement des \u00c9tats-Unis<\/a>\u00a0(2014)<\/li>\n<\/ul>\n<p><strong>Points d&rsquo;\u00e9change Internet (IXP) :<\/strong><\/p>\n<ul>\n<li><strong>\u00a0<\/strong><a title=\"\u00c9tude de cas : IPv6 chez AMS-IX\" href=\"http:\/\/www.internetsociety.org\/deploy360\/resources\/case-study-ipv6-at-ams-ix\/\">AMS-IX \u00e0 Amsterdam<\/a> (2014)<\/li>\n<\/ul>\n<p><strong>R\u00e9seaux domestiques :<\/strong><\/p>\n<ul>\n<li><a title=\"\u00c9tude de cas : NLnet Labs\" href=\"http:\/\/www.internetsociety.org\/deploy360\/resources\/case-study-nlnet-labs\/\">Membre du personnel de NLnet Labs<\/a>\u00a0(2011)<\/li>\n<\/ul>\n<p>Si vous souhaitez faire la transition vers IPv6, consultez \u00a0<a href=\"https:\/\/www.internetsociety.org\/deploy360\/?page_id=90\" target=\"_blank\">notre liste de ressources IPv6<\/a>\u00a0ou\u00a0\u00a0<a href=\"https:\/\/www.internetsociety.org\/deploy360\/?page_id=18453\" target=\"_blank\">notre page \u00ab\u00a0Commencer ici\u00a0\u00bb<\/a>\u00a0pour trouver les ressources les plus appropri\u00e9es \u00e0 votre type d&rsquo;organisation.<\/p>\n","protected":false},"excerpt":{"rendered":"<p>Les \u00e9tudes de cas suivantes donnent des exemples de d\u00e9ploiement d&rsquo;IPv6 pour diff\u00e9rents types d&rsquo;organisations. La date entre parenth\u00e8ses indique l\u2019ann\u00e9e de publication de l&rsquo;\u00e9tude de cas. \u00a0SI VOUS SOUHAITEZ AJOUTER VOTRE \u00c9TUDE DE CAS ICI, ou si vous connaissez une \u00e9tude de cas que nous devrions publier,\u00a0\u00a0veuillez nous le faire savoir ! Op\u00e9rateurs de [&hellip;]<\/p>\n","protected":false},"author":14,"featured_media":0,"parent":0,"menu_order":0,"comment_status":"closed","ping_status":"closed","template":"","meta":{"_acf_changed":false,"_uag_custom_page_level_css":"","footnotes":""},"categories":[6147],"tags":[],"region_news_regions":[5931],"content_category":[6090],"ppma_author":[4048],"class_list":["post-28943","page","type-page","status-publish","hentry","category-how-the-internet-works","region_news_regions-global","content_category-resources-type"],"acf":[],"uagb_featured_image_src":{"full":false,"thumbnail":false,"medium":false,"medium_large":false,"large":false,"1536x1536":false,"2048x2048":false,"post-thumbnail":false,"square":false,"gform-image-choice-sm":false,"gform-image-choice-md":false,"gform-image-choice-lg":false},"uagb_author_info":{"display_name":"Dan York","author_link":"https:\/\/www.internetsociety.org\/fr\/author\/york\/"},"uagb_comment_info":0,"uagb_excerpt":"Les \u00e9tudes de cas suivantes donnent des exemples de d\u00e9ploiement d&rsquo;IPv6 pour diff\u00e9rents types d&rsquo;organisations. La date entre parenth\u00e8ses indique l\u2019ann\u00e9e de publication de l&rsquo;\u00e9tude de cas. \u00a0SI VOUS SOUHAITEZ AJOUTER VOTRE \u00c9TUDE DE CAS ICI, ou si vous connaissez une \u00e9tude de cas que nous devrions publier,\u00a0\u00a0veuillez nous le faire savoir ! Op\u00e9rateurs de\u2026","_links":{"self":[{"href":"https:\/\/www.internetsociety.org\/fr\/wp-json\/wp\/v2\/pages\/28943","targetHints":{"allow":["GET"]}}],"collection":[{"href":"https:\/\/www.internetsociety.org\/fr\/wp-json\/wp\/v2\/pages"}],"about":[{"href":"https:\/\/www.internetsociety.org\/fr\/wp-json\/wp\/v2\/types\/page"}],"author":[{"embeddable":true,"href":"https:\/\/www.internetsociety.org\/fr\/wp-json\/wp\/v2\/users\/14"}],"replies":[{"embeddable":true,"href":"https:\/\/www.internetsociety.org\/fr\/wp-json\/wp\/v2\/comments?post=28943"}],"version-history":[{"count":0,"href":"https:\/\/www.internetsociety.org\/fr\/wp-json\/wp\/v2\/pages\/28943\/revisions"}],"wp:attachment":[{"href":"https:\/\/www.internetsociety.org\/fr\/wp-json\/wp\/v2\/media?parent=28943"}],"wp:term":[{"taxonomy":"category","embeddable":true,"href":"https:\/\/www.internetsociety.org\/fr\/wp-json\/wp\/v2\/categories?post=28943"},{"taxonomy":"post_tag","embeddable":true,"href":"https:\/\/www.internetsociety.org\/fr\/wp-json\/wp\/v2\/tags?post=28943"},{"taxonomy":"region_news_regions","embeddable":true,"href":"https:\/\/www.internetsociety.org\/fr\/wp-json\/wp\/v2\/region_news_regions?post=28943"},{"taxonomy":"content_category","embeddable":true,"href":"https:\/\/www.internetsociety.org\/fr\/wp-json\/wp\/v2\/content_category?post=28943"},{"taxonomy":"author","embeddable":true,"href":"https:\/\/www.internetsociety.org\/fr\/wp-json\/wp\/v2\/ppma_author?post=28943"}],"curies":[{"name":"wp","href":"https:\/\/api.w.org\/{rel}","templated":true}]}}