{"id":247939,"date":"2026-04-09T12:33:23","date_gmt":"2026-04-09T12:33:23","guid":{"rendered":"https:\/\/www.internetsociety.org\/?page_id=247939"},"modified":"2026-04-23T17:10:46","modified_gmt":"2026-04-23T17:10:46","slug":"keep-canada-protected","status":"publish","type":"page","link":"https:\/\/www.internetsociety.org\/fr\/our-work\/internet-policy\/keep-canada-protected\/","title":{"rendered":"Assurer la protection du Canada"},"content":{"rendered":"\n<section class=\"wp-block-uagb-columns uagb-columns__wrap uagb-columns__background-image uagb-columns__stack-mobile uagb-columns__valign- uagb-columns__gap-10 align uagb-block-d6a40f3e uagb-columns__columns-1 uagb-columns__max_width-custom background-image-fallback-black\"><div class=\"uagb-columns__overlay\"><\/div><div class=\"uagb-columns__inner-wrap uagb-columns__columns-1\">\n<div class=\"wp-block-uagb-column uagb-column__wrap uagb-column__background-undefined uagb-block-87a6a79b\"><div class=\"uagb-column__overlay\"><\/div>\n<p class=\"has-neutral-white-color has-text-color has-18-font-size\"><a href=\"https:\/\/www.internetsociety.org\/fr\/our-work\/internet-policy\/\" type=\"link\" id=\"https:\/\/www.internetsociety.org\/fr\/our-work\/internet-policy\/\">Politiques Internet<\/a> &gt; Assurer la protection du Canada<\/p>\n\n\n\n<div style=\"height:30px\" aria-hidden=\"true\" class=\"wp-block-spacer\"><\/div>\n\n\n\n<h1 class=\"wp-block-heading has-neutral-white-color has-text-color\">Assurer la protection du Canada<\/h1>\n<\/div>\n<\/div><\/section>\n\n\n\n<section class=\"wp-block-uagb-columns uagb-columns__wrap uagb-columns__background-color uagb-columns__stack-tablet uagb-columns__valign- uagb-columns__gap-10 align uagb-block-29daa086 uagb-columns__columns-1 uagb-columns__max_width-custom grid-post-filter-view\"><div class=\"uagb-columns__overlay\"><\/div><div class=\"uagb-columns__inner-wrap uagb-columns__columns-1\">\n<div class=\"wp-block-uagb-column uagb-column__wrap uagb-column__background-undefined uagb-block-48634806\"><div class=\"uagb-column__overlay\"><\/div>\n<p class=\"has-18-font-size\">Le gouvernement affirme que les pouvoirs d\u2019acc\u00e8s l\u00e9gal pr\u00e9vus par le projet de loi C-22 contribueront \u00e0 lutter contre la criminalit\u00e9, mais \u00ab Faites-nous simplement confiance \u00bb ne suffit pas pour assurer la s\u00e9curit\u00e9 en ligne des Canadiens. Les failles de s\u00e9curit\u00e9 ne proviennent pas de la malveillance des personnes, mais de leur nature humaine. Cr\u00e9er des portes d\u00e9rob\u00e9es dans les communications et les renseignements personnels revient \u00e0 donner une cl\u00e9 \u00e0 toute personne qui souhaite y acc\u00e9der, mettant en danger les individus, l\u2019\u00e9conomie et la s\u00e9curit\u00e9 nationale, tant en ligne que hors ligne. Il suffit d\u2019un seul faux pas pour tout compromettre.<\/p>\n\n\n\n<h2 class=\"wp-block-heading has-accent-purple-color has-text-color has-link-color has-26-font-size wp-elements-1dc3110b18e121af9e692c859cbe2f64\"><strong>\u00c9crivez \u00e0 votre d\u00e9put\u00e9 pour lui demander de rejeter le projet de loi C-22.<\/strong><\/h2>\n\n\n\n<div style=\"height:40px\" aria-hidden=\"true\" class=\"wp-block-spacer\"><\/div>\n\n\n\n<section class=\"wp-block-uagb-columns uagb-columns__wrap uagb-columns__background-none uagb-columns__stack-mobile uagb-columns__valign- uagb-columns__gap-10 align uagb-block-7253a166 uagb-columns__columns-1 uagb-columns__max_width-theme\"><div class=\"uagb-columns__overlay\"><\/div><div class=\"uagb-columns__inner-wrap uagb-columns__columns-1\">\n<div class=\"wp-block-uagb-column uagb-column__wrap uagb-column__background-undefined uagb-block-c0a26499\"><div class=\"uagb-column__overlay\"><\/div>\n<p class=\"has-18-font-size\">Nous avons besoin de plus d\u2019outils pour nous prot\u00e9ger en ligne, pas de moins.<\/p>\n\n\n\n<p class=\"has-18-font-size\">En tant que personne vivant dans votre circonscription, je vous exhorte \u00e0 emp\u00eacher le projet de loi C-22,&nbsp;<em>Loi sur l\u2019acc\u00e8s l\u00e9gal<\/em>, d\u2019\u00eatre adopt\u00e9. Le projet de loi C-22 menace la s\u00e9curit\u00e9, les moyens de subsistance et la s\u00e9curit\u00e9 nationale de l\u2019ensemble des Canadiens. Le projet de loi C-22, en accordant des pouvoirs d\u2019acc\u00e8s l\u00e9gal, donnera aux criminels, aux adversaires \u00e9trangers et aux entreprises d\u2019IA un acc\u00e8s d\u00e9rob\u00e9 \u00e0 nos communications priv\u00e9es et \u00e0 nos renseignements personnels. Si le projet de loi C-22 est adopt\u00e9, les cons\u00e9quences seraient d\u00e9sastreuses pour vous, pour moi, pour nos familles, pour vos \u00e9lecteurs et pour l\u2019ensemble des Canadiens.<\/p>\n\n\n\n<p class=\"has-18-font-size\">Voici ce que le projet de loi C-22 signifierait pour moi :<\/p>\n\n\n\n<ul class=\"wp-block-list has-18-font-size\">\n<li><strong>Le projet de loi C-22 rendrait mes communications avec ma famille et mes proches moins priv\u00e9es et moins s\u00e9curis\u00e9es<\/strong>.&nbsp;Les experts en cybers\u00e9curit\u00e9 s\u2019entendent pour dire qu\u2019il permettrait au gouvernement de forcer les entreprises \u00e0 compromettre la s\u00e9curit\u00e9 et la confidentialit\u00e9 de leurs services afin de donner aux forces de l&rsquo;ordre acc\u00e8s \u00e0 nos renseignements les plus sensibles. Cela rendrait tout ce que nous faisons en ligne, comme le partage de photos familiales priv\u00e9es, les op\u00e9rations bancaires en ligne et la t\u00e9l\u00e9m\u00e9decine, plus vuln\u00e9rable aux entreprises d\u2019IA, ainsi qu\u2019aux cybercriminels et aux menaces \u00e9trang\u00e8res cherchant \u00e0 exploiter nos donn\u00e9es \u00e0 des fins malveillantes, y compris pour commettre les m\u00eames crimes que le gouvernement pr\u00e9tend vouloir pr\u00e9venir.<\/li>\n\n\n\n<li><strong>Le projet de loi C-22 d\u00e9sarmerait l\u2019\u00e9conomie num\u00e9rique du Canada et rendrait la vie plus co\u00fbteuse pour tout le monde<\/strong>.&nbsp;Forcer les services num\u00e9riques \u00e0 affaiblir leur s\u00e9curit\u00e9 et \u00e0 mettre en place des syst\u00e8mes de surveillance ferait du Canada un terrain propice aux cyberincidents, et les consommateurs canadiens en assumeraient les cons\u00e9quences et les co\u00fbts. Selon Statistique Canada, <a href=\"https:\/\/www150.statcan.gc.ca\/n1\/daily-quotidien\/241021\/dq241021a-fra.htm\" type=\"link\" id=\"https:\/\/www150.statcan.gc.ca\/n1\/daily-quotidien\/241021\/dq241021a-eng.htm\">les entreprises canadiennes ont d\u00e9pens\u00e9 1,2 milliard de dollars en 2023 pour se remettre de cyberincidents<\/a>. Le projet de loi C-22 ferait encore augmenter ce montant. Toute loi qui pourrait obliger secr\u00e8tement les fournisseurs des services que nous utilisons chaque jour \u00e0 ajouter de nouvelles fonctionnalit\u00e9s uniquement pour permettre la surveillance ne ferait que miner la confiance des Canadiens, sans r\u00e9el avantage. Le projet de loi C-22 forcerait les entreprises \u00e0 choisir entre affaiblir leur s\u00e9curit\u00e9 et continuer d\u2019exercer dans un secteur technologique devenu peu fiable, ou se retirer compl\u00e8tement du Canada. Comme le secteur technologique&nbsp;<a href=\"https:\/\/www.investircanada.ca\/industries\/technologie\" type=\"link\" id=\"http:\/\/www.investcanada.ca\/industries\/technology\">emploie actuellement 2,2 millions de Canadiens<\/a>, les cons\u00e9quences \u00e9conomiques d&rsquo;une telle perturbation seraient importantes.<\/li>\n\n\n\n<li><strong>Le projet de loi C-22affaiblirait la s\u00e9curit\u00e9 nationale au moment m\u00eame o\u00f9 nous en avons le plus besoin<\/strong>. Offrir aux criminels et aux adversaires \u00e9trangers des portes d\u00e9rob\u00e9es vers nos vies priv\u00e9es et nos syst\u00e8mes essentiels compromet les efforts du Canada pour renforcer sa s\u00e9curit\u00e9 nationale dans un contexte d\u2019incertitude g\u00e9opolitique. Forcer les services en ligne \u00e0 cr\u00e9er des failles dans nos m\u00e9canismes de s\u00e9curit\u00e9 num\u00e9rique les plus robustes contre l\u2019ing\u00e9rence \u00e9trang\u00e8re menace les processus d\u00e9mocratiques comme les \u00e9lections, met en p\u00e9ril la s\u00e9curit\u00e9 des repr\u00e9sentants de l\u2019\u00c9tat et fait peser un risque sur la s\u00e9curit\u00e9 nationale.<\/li>\n<\/ul>\n\n\n\n<p class=\"has-18-font-size\">\u00ab Faites-nous simplement confiance \u00bb ne suffit pas lorsqu\u2019il s\u2019agit d&rsquo;assurer la s\u00e9curit\u00e9 en ligne des Canadiens. Les chercheurs en s\u00e9curit\u00e9 et d\u2019autres experts techniques affirment depuis longtemps qu&rsquo;il n\u2019existe pas de portes d\u00e9rob\u00e9es dans le chiffrement que seuls les \u00ab gentils \u00bb pourraient utiliser. Il suffit d&rsquo;une seule erreur pour que les mauvaises personnes y acc\u00e8dent. La meilleure solution est donc l\u2019absence totale de portes d\u00e9rob\u00e9es. En p\u00e9riode d\u2019incertitude, nous avons besoin de plus d\u2019outils pour nous prot\u00e9ger en ligne, pas de moins. Des outils comme le chiffrement robuste aident chaque Canadien \u00e0 prot\u00e9ger ce qui compte le plus pour lui, en ligne comme hors ligne.<\/p>\n\n\n\n<p class=\"has-accent-purple-color has-text-color has-link-color has-26-font-size wp-elements-fc1564cad052460d6e5547d5b1b9eaa2\">En tant que d\u00e9put\u00e9 qui me repr\u00e9sente, je vous demande d\u2019\u00e9couter les experts en s\u00e9curit\u00e9 et de rejeter le projet de loi C-22.<\/p>\n\n\n\n<div class=\"wp-block-cover is-light\"><span aria-hidden=\"true\" class=\"wp-block-cover__background has-neutral-white-background-color has-background-dim-100 has-background-dim\"><\/span><div class=\"wp-block-cover__inner-container is-layout-constrained wp-block-cover-is-layout-constrained\">\n<div id=\"can-letter-area-assurer-la-protection-du-canada\" style=\"width:100%\"><\/div>\n\n<script src='https:\/\/actionnetwork.org\/widgets\/v6\/letter\/assurer-la-protection-du-canada?format=js&#038;source=widget'><\/script>\n\n\n<script>\n(function () {\n  const containerId = 'can-letter-area-assurer-la-protection-du-canada';\n\n  function cleanActionNetworkForm() {\n    const root = document.getElementById(containerId);\n    if (!root) return;\n\n    \/\/ Remove empty duplicate labels like:\n    \/\/ <label class=\"control-label disabled\" for=\"form-first_name\"><\/label>\n    root.querySelectorAll('label.control-label[for]').forEach(label => {\n      const text = (label.textContent || '').trim();\n      if (text === '') {\n        label.remove();\n      }\n    });\n\n    \/\/ Fix vague \"Click here\" link text\n    root.querySelectorAll('a#log-out').forEach(link => {\n    const text = (link.textContent || '').trim().toLowerCase();\n\n    if (text === 'click here') {\n      link.textContent = 'Start over with this form';\n      link.setAttribute('aria-label', 'Start over with this form');\n    }\n    });\n\n    \/\/ Fix heading level (h4 \u2192 h3)\n    root.querySelectorAll('h4.lined_after_title').forEach(h4 => {\n      const h3 = document.createElement('h3');\n\n      \/\/ copy content\n      h3.innerHTML = h4.innerHTML;\n\n      \/\/ copy classes\n      h3.className = h4.className;\n\n      h4.replaceWith(h3);\n    });\n\n    \/\/ Optional: simplify float-label wrappers for styling\/accessibility clarity\n    root.querySelectorAll('.floatlabel-wrapper').forEach(wrapper => {\n      const input = wrapper.querySelector('input, select, textarea');\n      const label = wrapper.querySelector('label[for]');\n\n      if (!input || !label) return;\n\n      \/\/ Remove placeholder when a visible label exists\n      input.removeAttribute('placeholder');\n\n      \/\/ Remove float-label classes if you don't want that behavior\n      label.classList.remove('floatlabel-label', 'floatlabel-label-inactive');\n      input.classList.remove('floatlabel-input');\n    });\n\n    \/\/ Fix radio groups: convert label + radios into fieldset + legend\n    root.querySelectorAll('.js-affirmative_optin_control_group').forEach(group => {\n      if (group.tagName.toLowerCase() === 'fieldset') return;\n\n      const questionLabel = group.querySelector('label.check_radio_label');\n      const controls = group.querySelector('.check_radio_field');\n\n      if (!questionLabel || !controls) return;\n\n      const fieldset = document.createElement('fieldset');\n      fieldset.className = group.className;\n\n      const legend = document.createElement('legend');\n      legend.className = questionLabel.className;\n      legend.textContent = questionLabel.textContent.trim();\n\n      fieldset.appendChild(legend);\n\n      Array.from(group.childNodes).forEach(node => {\n        if (node !== questionLabel) {\n          fieldset.appendChild(node.cloneNode(true));\n        }\n      });\n\n      group.replaceWith(fieldset);\n    });\n  }\n\n  const observer = new MutationObserver(() => {\n    cleanActionNetworkForm();\n  });\n\n  function startObserver() {\n    const root = document.getElementById(containerId);\n    if (!root) return false;\n\n    observer.observe(root, {\n      childList: true,\n      subtree: true\n    });\n\n    cleanActionNetworkForm();\n    return true;\n  }\n\n  if (!startObserver()) {\n    const boot = new MutationObserver(() => {\n      if (startObserver()) {\n        boot.disconnect();\n      }\n    });\n\n    boot.observe(document.body, {\n      childList: true,\n      subtree: true\n    });\n  }\n})();\n<\/script>\n\n<style>\n  #can-letter-area-assurer-la-protection-du-canada .core_field,\n  #can-letter-area-assurer-la-protection-du-canada .control-group {\n    margin-bottom: 1rem;\n    list-style: none;\n  }\n\n  #can-letter-area-assurer-la-protection-du-canada label {\n    display: block;\n    margin-bottom: 0.375rem;\n    font-weight: 600;\n    font-size: 1rem;\n  }\n\n  #can-letter-area-assurer-la-protection-du-canada input[type=\"text\"],\n  #can-letter-area-assurer-la-protection-du-canada input[type=\"email\"],\n  #can-letter-area-assurer-la-protection-du-canada select {\n    width: 100%;\n    max-width: 100%;\n    box-sizing: border-box;\n    padding: 0.75rem;\n    border: 1px solid #c7c7c7;\n    font-size: 1rem;\n    border-radius: 6px;\n    font: inherit;\n  }\n\n  #can-letter-area-assurer-la-protection-du-canada input[type=\"submit\"] {\n    margin-top: 2rem;\n    margin-bottom: 2rem;\n    padding: 1.3rem 1.3rem;\n    border: 0;\n    border-radius: 40px;\n    font: inherit;\n    font-weight: 700;\n    font-size: 1.2rem;\n    background-color: #085856;\n    color: #eff2ec;\n    cursor: pointer;\n  }\n\n  #can-letter-area-assurer-la-protection-du-canada .disabled {\n    display: none;\n  }\n\n  #can-letter-area-assurer-la-protection-du-canada fieldset.control-group {\n    margin: 0 0 1rem 0;\n    padding: 0;\n    border: 0;\n    min-width: 0;\n  }\n\n  #can-letter-area-assurer-la-protection-du-canada legend.control-label {\n    display: block;\n    width: 100%;\n    margin: 0 0 0.375rem 0;\n    padding: 0;\n    font-weight: 600;\n  }\n\n  #can-letter-area-assurer-la-protection-du-canada .check_radio_field label.radio {\n    display: block;\n    margin-bottom: 0.5rem;\n    font-weight: 400;\n  }\n\n  #can-letter-area-assurer-la-protection-du-canada .check_radio_field input[type=\"radio\"] {\n    width: auto;\n    margin-right: 0.5rem;\n  }\n#can-letter-area-assurer-la-protection-du-canada ul {\n  list-style: none;\n  padding-left: 0;\n  margin-left: 0;\n}\n\n#can-letter-area-assurer-la-protection-du-canada li {\n  list-style: none;\n}\n\n#form_col2 {\n  margin-top: 30px\n}\n\nh3 { \nmargin-top: 30px;\nmargin-bottom: 20px;\nfont-size: 32px\n}\n\n#can-letter-area-assurer-la-protection-du-canada p { \nmargin-top: 10px;\nmargin-bottom: 10px;\nfont-size: 1rem\n}\n\n#can-letter-area-assurer-la-protection-du-canada span { \nfont-size: 1rem\n}\n\n#can-letter-area-assurer-la-protection-du-canada h2 { display: none; font-size: 32px}\n\n.left div { margin-bottom: 20px; font-size: 1rem; }\n\n#can-letter-area-assurer-la-protection-du-canada legend.control-label {\n    margin-bottom: 20px;\n    font-size: 1rem;\n}\n\n#can-letter-area-assurer-la-protection-du-canada .check_radio_field input[type=\"radio\"] {\n  transform: scale(1.8);\n  margin-right: 0.5rem;\n  cursor: pointer;\n}\n\n#can-letter-area-assurer-la-protection-du-canada .check_radio_field label.radio {\n  display: block;\n  margin-bottom: 20px;\n}\n\nimg.ajax-loading { display: none }\n#action_info { display: none; margin-top: 40px; font-size: 1rem; }\n#donate_disclaimer { display: none; margin-top: 20px; font-size: 1rem; }\n#logo_wrap { margin-top: 30px }\n\n#action_welcome_message_inner small {\n  font-size: 1rem;\n}\n\n#can-letter-area-assurer-la-protection-du-canada select.hasCustomSelect {\n  position: static !important;\n  width: 100% !important;\n  height: auto !important;\n  opacity: 1 !important;\n  color: #0c1c2c !important;\n  font-size: 1rem !important;\n  background-color: #fff !important;\n  appearance: auto !important;\n}\n\n#can-letter-area-assurer-la-protection-du-canada .can_select > .can_selectInner {\n  display: none !important;\n}\n\n.error_checkbox, .alert_message { color: #D0011B;}\n.alert_message { font-size:1rem}\n.error_input {\n    border: 2px solid #e00000 !important;\n    background-color: #fff5f5 !important;\n}\n#message {\nheight: 200px; \nwidth: 100%;\npadding: 10px;\n}\n.floatlabel-wrapper {margin-top: 20px }\n\n<\/style>\n\n\n\n<div style=\"height:30px\" aria-hidden=\"true\" class=\"wp-block-spacer\"><\/div>\n\n\n\n<p class=\"has-18-font-size\">L&rsquo;Internet Society sollicite vos donn\u00e9es personnelles afin de communiquer avec vous de mani\u00e8re pertinente dans le cadre du traitement de votre demande. Ces informations ne seront utilis\u00e9es qu&rsquo;\u00e0 cette fin, sauf si vous consentez \u00e0 leur utilisation \u00e0 d&rsquo;autres fins.<\/p>\n<\/div><\/div>\n<\/div>\n<\/div><\/section>\n<\/div>\n<\/div><\/section>\n","protected":false},"excerpt":{"rendered":"<p>Le gouvernement affirme que les pouvoirs d\u2019acc\u00e8s l\u00e9gal pr\u00e9vus par le projet de loi C-22 contribueront \u00e0 lutter contre la criminalit\u00e9, mais \u00ab Faites-nous simplement confiance \u00bb ne suffit pas pour assurer la s\u00e9curit\u00e9 en ligne des Canadiens. \u00c9crivez \u00e0 votre d\u00e9put\u00e9 pour lui demander de rejeter le projet de loi C-22.<\/p>\n","protected":false},"author":48,"featured_media":247072,"parent":244691,"menu_order":0,"comment_status":"closed","ping_status":"closed","template":"page-wide.php","meta":{"_acf_changed":false,"_uag_custom_page_level_css":"","footnotes":""},"categories":[170,4316,4909,4775],"tags":[],"region_news_regions":[142],"content_category":[6126],"ppma_author":[4039],"class_list":["post-247939","page","type-page","status-publish","has-post-thumbnail","hentry","category-confidentialite","category-cryptage","category-renforcer-internet","category-securite-fr","region_news_regions-amerique-du-nord","content_category-campaigns-type"],"acf":[],"uagb_featured_image_src":{"full":["https:\/\/www.internetsociety.org\/wp-content\/uploads\/2026\/04\/canada-protected.png",1500,600,false],"thumbnail":["https:\/\/www.internetsociety.org\/wp-content\/uploads\/2026\/04\/canada-protected-150x150.png",150,150,true],"medium":["https:\/\/www.internetsociety.org\/wp-content\/uploads\/2026\/04\/canada-protected-450x180.png",450,180,true],"medium_large":["https:\/\/www.internetsociety.org\/wp-content\/uploads\/2026\/04\/canada-protected-768x307.png",768,307,true],"large":["https:\/\/www.internetsociety.org\/wp-content\/uploads\/2026\/04\/canada-protected-1024x410.png",1024,410,true],"1536x1536":["https:\/\/www.internetsociety.org\/wp-content\/uploads\/2026\/04\/canada-protected.png",1500,600,false],"2048x2048":["https:\/\/www.internetsociety.org\/wp-content\/uploads\/2026\/04\/canada-protected.png",1500,600,false],"post-thumbnail":["https:\/\/www.internetsociety.org\/wp-content\/uploads\/2026\/04\/canada-protected-250x100.png",250,100,true],"square":["https:\/\/www.internetsociety.org\/wp-content\/uploads\/2026\/04\/canada-protected-600x600.png",600,600,true],"gform-image-choice-sm":["https:\/\/www.internetsociety.org\/wp-content\/uploads\/2026\/04\/canada-protected.png",300,120,false],"gform-image-choice-md":["https:\/\/www.internetsociety.org\/wp-content\/uploads\/2026\/04\/canada-protected.png",400,160,false],"gform-image-choice-lg":["https:\/\/www.internetsociety.org\/wp-content\/uploads\/2026\/04\/canada-protected.png",600,240,false]},"uagb_author_info":{"display_name":"Henri Wohlfarth","author_link":"https:\/\/www.internetsociety.org\/fr\/author\/wohlfarth\/"},"uagb_comment_info":0,"uagb_excerpt":"Le gouvernement affirme que les pouvoirs d\u2019acc\u00e8s l\u00e9gal pr\u00e9vus par le projet de loi C-22 contribueront \u00e0 lutter contre la criminalit\u00e9, mais \u00ab Faites-nous simplement confiance \u00bb ne suffit pas pour assurer la s\u00e9curit\u00e9 en ligne des Canadiens. \u00c9crivez \u00e0 votre d\u00e9put\u00e9 pour lui demander de rejeter le projet de loi C-22.","_links":{"self":[{"href":"https:\/\/www.internetsociety.org\/fr\/wp-json\/wp\/v2\/pages\/247939","targetHints":{"allow":["GET"]}}],"collection":[{"href":"https:\/\/www.internetsociety.org\/fr\/wp-json\/wp\/v2\/pages"}],"about":[{"href":"https:\/\/www.internetsociety.org\/fr\/wp-json\/wp\/v2\/types\/page"}],"author":[{"embeddable":true,"href":"https:\/\/www.internetsociety.org\/fr\/wp-json\/wp\/v2\/users\/48"}],"replies":[{"embeddable":true,"href":"https:\/\/www.internetsociety.org\/fr\/wp-json\/wp\/v2\/comments?post=247939"}],"version-history":[{"count":3,"href":"https:\/\/www.internetsociety.org\/fr\/wp-json\/wp\/v2\/pages\/247939\/revisions"}],"predecessor-version":[{"id":247959,"href":"https:\/\/www.internetsociety.org\/fr\/wp-json\/wp\/v2\/pages\/247939\/revisions\/247959"}],"up":[{"embeddable":true,"href":"https:\/\/www.internetsociety.org\/fr\/wp-json\/wp\/v2\/pages\/244691"}],"wp:featuredmedia":[{"embeddable":true,"href":"https:\/\/www.internetsociety.org\/fr\/wp-json\/wp\/v2\/media\/247072"}],"wp:attachment":[{"href":"https:\/\/www.internetsociety.org\/fr\/wp-json\/wp\/v2\/media?parent=247939"}],"wp:term":[{"taxonomy":"category","embeddable":true,"href":"https:\/\/www.internetsociety.org\/fr\/wp-json\/wp\/v2\/categories?post=247939"},{"taxonomy":"post_tag","embeddable":true,"href":"https:\/\/www.internetsociety.org\/fr\/wp-json\/wp\/v2\/tags?post=247939"},{"taxonomy":"region_news_regions","embeddable":true,"href":"https:\/\/www.internetsociety.org\/fr\/wp-json\/wp\/v2\/region_news_regions?post=247939"},{"taxonomy":"content_category","embeddable":true,"href":"https:\/\/www.internetsociety.org\/fr\/wp-json\/wp\/v2\/content_category?post=247939"},{"taxonomy":"author","embeddable":true,"href":"https:\/\/www.internetsociety.org\/fr\/wp-json\/wp\/v2\/ppma_author?post=247939"}],"curies":[{"name":"wp","href":"https:\/\/api.w.org\/{rel}","templated":true}]}}