{"id":247563,"date":"2026-04-10T21:35:45","date_gmt":"2026-04-10T21:35:45","guid":{"rendered":"https:\/\/www.internetsociety.org\/?page_id=247563"},"modified":"2026-04-20T17:05:26","modified_gmt":"2026-04-20T17:05:26","slug":"defending-the-open-internet-in-the-dna-consultation","status":"publish","type":"page","link":"https:\/\/www.internetsociety.org\/fr\/defending-the-open-internet-in-the-dna-consultation\/","title":{"rendered":"Passez \u00e0 l\u2019action : d\u00e9fendez l\u2019Internet ouvert dans le cadre de la consultation sur le DNA de la Commission europ\u00e9enne"},"content":{"rendered":"\n<section class=\"wp-block-uagb-columns uagb-columns__wrap uagb-columns__background-image uagb-columns__stack-mobile uagb-columns__valign- uagb-columns__gap-10 align uagb-block-d6a40f3e uagb-columns__columns-1 uagb-columns__max_width-custom background-image-fallback-black uag-hide-mob\"><div class=\"uagb-columns__overlay\"><\/div><div class=\"uagb-columns__inner-wrap uagb-columns__columns-1\">\n<div class=\"wp-block-uagb-column uagb-column__wrap uagb-column__background-undefined uagb-block-87a6a79b\"><div class=\"uagb-column__overlay\"><\/div>\n<p class=\"has-neutral-white-color has-text-color has-link-color has-18-font-size wp-elements-77faba420dd65d06a1b788e9aee7adf4\"><a href=\"https:\/\/www.internetsociety.org\/community\/news\/\">Community News<\/a> > Passez \u00e0 l\u2019action : d\u00e9fendez l\u2019Internet ouvert dans le cadre de la consultation sur le DNA de la Commission europ\u00e9enne<\/p>\n\n\n\n<p class=\"has-neutral-white-color has-text-color has-link-color has-18-font-size wp-elements-5572a985825bdaf30cd86ffc0f3271fa\">10 avril 2026<\/p>\n\n\n\n<div style=\"height:30px\" aria-hidden=\"true\" class=\"wp-block-spacer\"><\/div>\n\n\n\n<h1 class=\"wp-block-heading has-text-color has-link-color wp-elements-e8fd20c85fda154017b7c4c706dbbd93\" style=\"color:#ffffff\">Passez \u00e0 l\u2019action : d\u00e9fendez l\u2019Internet ouvert dans le cadre de la consultation sur le DNA de la Commission europ\u00e9enne<\/h1>\n<\/div>\n<\/div><\/section>\n\n\n\n<section class=\"wp-block-uagb-columns uagb-columns__wrap uagb-columns__background-color uagb-columns__stack-tablet uagb-columns__valign- uagb-columns__gap-10 align uagb-block-29daa086 uagb-columns__columns-1 uagb-columns__max_width-custom\"><div class=\"uagb-columns__overlay\"><\/div><div class=\"uagb-columns__inner-wrap uagb-columns__columns-1\">\n<div class=\"wp-block-uagb-column uagb-column__wrap uagb-column__background-undefined uagb-block-48634806\"><div class=\"uagb-column__overlay\"><\/div>\n<h2 class=\"wp-block-heading has-32-font-size\">Passez \u00e0 l\u2019action : d\u00e9fendez l\u2019Internet ouvert dans le cadre de la consultation sur le DNA de la Commission europ\u00e9enne<\/h2>\n\n\n\n<div style=\"height:10px\" aria-hidden=\"true\" class=\"wp-block-spacer\"><\/div>\n\n\n\n<p class=\"has-18-font-size\">La Commission europ\u00e9enne a ouvert une consultation publique sur le <a href=\"https:\/\/ec.europa.eu\/info\/law\/better-regulation\/have-your-say\/initiatives\/14709-Acte-legislatif-sur-les-reseaux-numeriques_fr\" type=\"link\" id=\"https:\/\/ec.europa.eu\/info\/law\/better-regulation\/have-your-say\/initiatives\/14709-Acte-legislatif-sur-les-reseaux-numeriques_fr\">Digital Networks Act (DNA)<\/a>, une proposition qui pourrait transformer en profondeur la mani\u00e8re dont le trafic Internet est \u00e9chang\u00e9 en Europe et ailleurs. Nous invitons la communaut\u00e9 mondiale de l\u2019Internet Society \u00e0 r\u00e9agir, en r\u00e9affirmant les principes d\u2019un Internet ouvert et mondialement connect\u00e9, et en mettant en lumi\u00e8re les enjeux li\u00e9s \u00e0 la mise en \u0153uvre de cette proposition. <\/p>\n\n\n\n<div style=\"height:20px\" aria-hidden=\"true\" class=\"wp-block-spacer\"><\/div>\n\n\n\n<h2 class=\"wp-block-heading has-32-font-size\">Comment contribuer<\/h2>\n\n\n\n<div style=\"height:10px\" aria-hidden=\"true\" class=\"wp-block-spacer\"><\/div>\n\n\n\n<p class=\"has-18-font-size\">Les contributions peuvent \u00eatre soumises \u00e0 titre individuel ou collectif, notamment par les chapitres de l\u2019Internet Society et les groupes d\u2019int\u00e9r\u00eat sp\u00e9cial. <a href=\"https:\/\/www.internetsociety.org\/community\/news\/join-a-regional-working-group\/\" type=\"link\" id=\"https:\/\/www.internetsociety.org\/community\/news\/join-a-regional-working-group\/\">Les groupes de travail r\u00e9gionaux de la communaut\u00e9<\/a> peuvent envisager de : <\/p>\n\n\n\n<ul class=\"wp-block-list has-18-font-size\">\n<li>Coordonner des contributions conjointes ou des \u00e9l\u00e9ments de langage communs<\/li>\n\n\n\n<li>Organiser des discussions locales ou r\u00e9gionales afin de recueillir des points de vue<\/li>\n\n\n\n<li>Traduire les pr\u00e9occupations principales en exemples adapt\u00e9s au contexte sp\u00e9cifique<\/li>\n\n\n\n<li>Impliquer les organismes de r\u00e9glementation et d\u00e9cideurs politiques nationaux parall\u00e8lement \u00e0 ce processus europ\u00e9en, afin de souligner les valeurs d\u2019un Internet ouvert et mondial dans les d\u00e9bats politiques en cours<\/li>\n<\/ul>\n\n\n\n<p class=\"has-18-font-size\">La date limite de soumission est le 5 juin 2026.<\/p>\n\n\n\n<p class=\"has-18-font-size\">Pour en savoir plus sur l\u2019impact potentiel du DNA sur un Internet ouvert et acc\u00e9der \u00e0 des ressources utiles pour pr\u00e9parer vos contributions, consultez les informations ci-dessous.<\/p>\n\n\n\n<div style=\"height:20px\" aria-hidden=\"true\" class=\"wp-block-spacer\"><\/div>\n\n\n\n<h2 class=\"wp-block-heading has-32-font-size\">Pourquoi c\u2019est important<\/h2>\n\n\n\n<div style=\"height:10px\" aria-hidden=\"true\" class=\"wp-block-spacer\"><\/div>\n\n\n\n<p class=\"has-18-font-size\">Le DNA propos\u00e9 repr\u00e9sente un changement significatif dans la politique des t\u00e9l\u00e9communications de l\u2019UE. Au c\u0153ur de la proposition figurent des m\u00e9canismes dits de \u00ab Fair Share \u00bb (contribution \u00e9quitable) ou de redevance d\u2019utilisation des r\u00e9seaux, qui introduiraient des obligations de paiement pour certains types de trafic Internet. Pr\u00e9sent\u00e9es comme une r\u00e9ponse aux d\u00e9fis d\u2019investissement dans les infrastructures, ces mesures suscitent de vives inqui\u00e9tudes quant aux fondements m\u00eames de l\u2019architecture d\u2019Internet. Internet s\u2019est d\u00e9velopp\u00e9 et a prosp\u00e9r\u00e9 parce qu\u2019il est :<\/p>\n\n\n\n<ul class=\"wp-block-list has-18-font-size\">\n<li>D\u00e9centralis\u00e9, et non soumis \u00e0 une tarification ou \u00e0 une r\u00e9gulation centralis\u00e9e<\/li>\n\n\n\n<li>Interop\u00e9rable, permettant aux r\u00e9seaux de se connecter librement \u00e0 l\u2019\u00e9chelle mondiale<\/li>\n\n\n\n<li>Ouvert \u00e0 l\u2019innovation, favorisant l\u2019\u00e9mergence de nouveaux services sans interm\u00e9diaires contraignants<\/li>\n<\/ul>\n\n\n\n<p class=\"has-18-font-size\">Imposer des paiements li\u00e9s au trafic risque de remplacer ce mod\u00e8le par un syst\u00e8me qui favorise les acteurs dominants, renforce la position des op\u00e9rateurs en place et affaiblit la dimension mondiale d\u2019Internet.<\/p>\n\n\n\n<div style=\"height:20px\" aria-hidden=\"true\" class=\"wp-block-spacer\"><\/div>\n\n\n\n<h2 class=\"wp-block-heading has-32-font-size\">Enjeux en cas de mise en \u0153uvre du DNA<\/h2>\n\n\n\n<div style=\"height:10px\" aria-hidden=\"true\" class=\"wp-block-spacer\"><\/div>\n\n\n\n<ul class=\"wp-block-list has-18-font-size\">\n<li><strong>Interconnexion fragilis\u00e9e<\/strong> : Internet repose sur le peering sans compensation financi\u00e8re et sur des accords de transit n\u00e9goci\u00e9s, et non sur des mod\u00e8les r\u00e9glement\u00e9s de type \u00ab l\u2019\u00e9metteur paie \u00bb. L\u2019introduction de redevances obligatoires perturbe ces accords \u00e9tablis de longue date et risque de conduire \u00e0 un acheminement moins efficace du trafic. <\/li>\n\n\n\n<li><strong>Atteinte \u00e0 la concurrence et \u00e0 l\u2019innovation<\/strong> : Les petits fournisseurs de contenu, les startups, les r\u00e9seaux communautaires et les services non commerciaux pourraient \u00eatre confront\u00e9s \u00e0 des obstacles accrus pour atteindre les utilisateurs, ce qui limiterait la diversit\u00e9 en ligne et l\u2019innovation.<\/li>\n\n\n\n<li><strong>Fragmentation de l\u2019Internet mondial<\/strong> : Si diff\u00e9rentes r\u00e9gions imposent des r\u00e9gimes de paiement du trafic incompatibles, le r\u00e9sultat pourrait \u00eatre un Internet plus fragment\u00e9, avec un acc\u00e8s in\u00e9gal et des performances d\u00e9grad\u00e9es d\u2019un pays \u00e0 l\u2019autre.<\/li>\n<\/ul>\n\n\n\n<div style=\"height:20px\" aria-hidden=\"true\" class=\"wp-block-spacer\"><\/div>\n\n\n\n<h2 class=\"wp-block-heading has-32-font-size\">Opportunit\u00e9s pour d\u00e9fendre et promouvoir notre mission<\/h2>\n\n\n\n<div style=\"height:20px\" aria-hidden=\"true\" class=\"wp-block-spacer\"><\/div>\n\n\n\n<h3 class=\"wp-block-heading has-26-font-size\">D\u00e9fendre les r\u00e9seaux communautaires<\/h3>\n\n\n\n<div style=\"height:10px\" aria-hidden=\"true\" class=\"wp-block-spacer\"><\/div>\n\n\n\n<p class=\"has-18-font-size\">Le Digital Networks Act (DNA) vise \u00e0 acc\u00e9l\u00e9rer le d\u00e9ploiement des r\u00e9seaux gigabit, \u00e0 mettre en place un ensemble de r\u00e8gles communes \u00e0 l\u2019\u00e9chelle de l\u2019UE et \u00e0 moderniser la gestion du spectre. Cependant, sans prise en compte des besoins de la connectivit\u00e9 centr\u00e9e sur la communaut\u00e9 (CCC), certaines dispositions du DNA risquent d\u2019accro\u00eetre les obstacles pour les op\u00e9rateurs de petite taille, locaux, \u00e0 but non lucratif, municipaux, coop\u00e9ratifs et communautaires \u2013 en particulier lors de l\u2019attribution du spectre et des transitions li\u00e9es \u00e0 la fermeture des r\u00e9seaux cuivre.<\/p>\n\n\n\n<figure class=\"wp-block-table has-18-font-size\"><table class=\"has-fixed-layout\"><thead><tr><th><strong>Dans notre analyse du DNA, nous constatons :<\/strong><\/th><th><strong>Pour votre propre contribution, vous pouvez envisager de :<\/strong><\/th><\/tr><\/thead><tbody><tr><td>Au c\u0153ur de la proposition figurent des m\u00e9canismes de \u00ab <em>Fair Share<\/em> \u00bb ou de redevance d\u2019utilisation des r\u00e9seaux \u2013 sous l\u2019appellation d\u00e9guis\u00e9e de \u00ab <em>m\u00e9canismes de conciliation<\/em> \u00bb \u2013 qui introduiraient des obligations de paiement pour certains types de trafic Internet.<br><br>Pr\u00e9sent\u00e9es comme une r\u00e9ponse aux d\u00e9fis d\u2019investissement dans les infrastructures, ces propositions de mesures suscitent de vives inqui\u00e9tudes quant aux fondements m\u00eames de l\u2019architecture d\u2019Internet.<\/td><td><em>Expliquer<\/em> comment l\u2019imposition de paiements\u2011 li\u00e9s au trafic risque de remplacer ce mod\u00e8le par un syst\u00e8me qui favorise les acteurs dominants, renforce la position des op\u00e9rateurs en place et affaiblit la dimension mondiale d\u2019Internet.<br><br><em>Rappeler<\/em> \u00e0 la Commission europ\u00e9enne que les <a href=\"https:\/\/www.berec.europa.eu\/en\/document-categories\/berec\/opinions\/berec-preliminary-assessment-of-the-underlying-assumptions-of-payments-from-large-caps-to-isps\" type=\"link\" id=\"https:\/\/www.berec.europa.eu\/en\/document-categories\/berec\/opinions\/berec-preliminary-assessment-of-the-underlying-assumptions-of-payments-from-large-caps-to-isps\">enqu\u00eates<\/a> de BEREC ont syst\u00e9matiquement conclu que les march\u00e9s d\u2019interconnexion IP fonctionnent de mani\u00e8re concurrentielle, sans preuve de d\u00e9faillance de march\u00e9 justifiant ce type d\u2019intervention r\u00e9glementaire.<\/td><\/tr><tr><td>Le DNA int\u00e8gre le r\u00e8glement sur l\u2019Internet ouvert (OIR). Int\u00e9gr\u00e9e \u00e0 un acte l\u00e9gislatif plus large, la neutralit\u00e9 du Net n\u2019est plus un instrument autonome de protection des utilisateurs finaux, mais doit d\u00e9sormais \u00eatre interpr\u00e9t\u00e9e \u00e0 la lumi\u00e8re d\u2019objectifs tels que la r\u00e9silience, la performance et la coop\u00e9ration de l\u2019\u00e9cosyst\u00e8me.<\/td><td><em>Souligner<\/em> que ce changement n\u2019affaiblit pas la neutralit\u00e9 du r\u00e9seau sur le papier, <strong><u>MAIS<\/u><\/strong> qu\u2019il en fragilise les fondements dans la pratique et facilite de futures r\u00e9interpr\u00e9tations. Maintenir le r\u00e8glement sur l\u2019Internet ouvert (OIR) en tant que texte autonome est essentiel : cela pr\u00e9serve l\u2019autonomie d\u2019interpr\u00e9tation et emp\u00eache les d\u00e9rives d\u2019interpr\u00e9tation li\u00e9es \u00e0 son int\u00e9gration dans un cadre plus large.<\/td><\/tr><tr><td><strong>Spectre (1) : <\/strong>la proposition privil\u00e9gie les attributions nationales de type IMT et la s\u00e9curit\u00e9 des investissements, <em>sans objectifs explicites<\/em> en mati\u00e8re d\u2019acc\u00e8s local, partag\u00e9 ou sous licence libre ; la CCC reste ainsi structurellement exclue, malgr\u00e9 le fait qu\u2019elle constitue l\u2019un des rares mod\u00e8les capables d\u2019assurer la connectivit\u00e9 du dernier kilom\u00e8tre dans les zones \u00e0 co\u00fbt \u00e9lev\u00e9.<\/td><td><em>Promotion<\/em> du spectre pour la CCC : le DNA pourrait int\u00e9grer et garantir les besoins de la CCC \u00e0 l\u2019article 17 afin que la feuille de route pr\u00e9voie des outils d\u2019acc\u00e8s local et partag\u00e9.<\/td><\/tr><tr><td><strong>Spectre (2) :<\/strong> l\u2019article 27 impose aux op\u00e9rateurs de t\u00e9l\u00e9communications d\u2019\u00ab organiser, permettre et proposer \u00bb le partage du spectre lorsque cela est techniquement possible, mais leur accorde ensuite le droit de refuser ce partage s\u2019ils d\u00e9montrent qu\u2019ils utilisent d\u00e9j\u00e0 le spectre ou qu\u2019ils ont des \u00ab projets \u00bb d\u2019utilisation \u00ab dans un avenir pr\u00e9visible \u00bb, ce qui permet un <em>blocage de facto<\/em> de l\u2019usage partag\u00e9 sur la base des motifs pr\u00e9vus \u00e0 l\u2019article 26(3). <\/td><td><em>Mettre en \u00e9vidence<\/em> l\u2019impact sur la CCC : la CCC n\u00e9cessite l\u2019acc\u00e8s au spectre, et en l\u2019\u00e9tat actuel du texte, aucun dispositif sp\u00e9cifique ne prend en compte les besoins des populations des zones isol\u00e9es. De plus, dans la formulation actuelle, les d\u00e9tenteurs de spectre pourraient trouver une faille pour \u00e9viter de partager le spectre avec les parties int\u00e9ress\u00e9es.<\/td><\/tr><tr><td><strong>Fermeture du r\u00e9seau cuivre :<\/strong> le DNA impose la fermeture du r\u00e9seau cuivre d\u2019ici le 31 d\u00e9cembre 2035 (articles 54 \u00e0 61). Il exige que les plans de fermeture des op\u00e9rateurs incluent des \u00ab dispositions pour la migration des demandeurs d\u2019acc\u00e8s et des utilisateurs finaux \u00bb (article 60). Si le processus de fermeture ne pr\u00e9voit pas de continuit\u00e9 juridiquement contraignante pour les demandeurs d\u2019acc\u00e8s, la CCC pourrait \u00eatre d\u00e9connect\u00e9e avant que des offres de gros sur la fibre \u00e9quivalentes et abordables ne soient disponibles. La formulation actuelle permet la fermeture des r\u00e9seaux cuivre dans une zone donn\u00e9e si 95 % des clients de la zone sont desservis par la fibre, sans mentionner ce qu\u2019il advient des 5 % restants.<\/td><td><em>Expliquer<\/em> comment les r\u00e9seaux cuivre peuvent encore constituer une solution de connectivit\u00e9 adapt\u00e9e pour de nombreux usagers, y compris ceux situ\u00e9s dans des zones isol\u00e9es.<\/td><\/tr><\/tbody><\/table><\/figure>\n\n\n\n<div style=\"height:20px\" aria-hidden=\"true\" class=\"wp-block-spacer\"><\/div>\n\n\n\n<h3 class=\"wp-block-heading has-26-font-size\">Promouvoir l\u2019Open Fiber Data Standard (OFDS)<\/h3>\n\n\n\n<div style=\"height:10px\" aria-hidden=\"true\" class=\"wp-block-spacer\"><\/div>\n\n\n\n<p class=\"has-18-font-size\">L\u2019Open Fiber Data Standard (<a href=\"https:\/\/www.internetsociety.org\/blog\/2025\/04\/the-open-fibre-data-standard\/\" type=\"link\" id=\"https:\/\/www.internetsociety.org\/blog\/2025\/04\/the-open-fibre-data-standard\/\">OFDS<\/a>) est une initiative de donn\u00e9es ouvertes et de normes ouvertes soutenue par l\u2019Internet Society. L\u2019initiative vise \u00e0 d\u00e9velopper et \u00e0 mettre en \u0153uvre une m\u00e9thode standardis\u00e9e de description des r\u00e9seaux terrestres de fibre optique, con\u00e7ue pour permettre un partage et une agr\u00e9gation efficaces des informations entre les organismes de r\u00e9glementation et les op\u00e9rateurs de t\u00e9l\u00e9communications. <\/p>\n\n\n\n<figure class=\"wp-block-table has-18-font-size\"><table class=\"has-fixed-layout\"><thead><tr><th><strong>Dans notre analyse du DNA, nous constatons :<\/strong><\/th><th><strong>Pour votre propre contribution, vous pouvez envisager de :<\/strong><\/th><\/tr><\/thead><tbody><tr><td>Aucune mention de l\u2019OFDS ne figure dans le DNA.<\/td><td>Promouvoir l\u2019utilisation de l\u2019OFDS lors de la transition des r\u00e9seaux cuivre vers les r\u00e9seaux fibre dans vos contributions.<\/td><\/tr><\/tbody><\/table><\/figure>\n\n\n\n<div style=\"height:20px\" aria-hidden=\"true\" class=\"wp-block-spacer\"><\/div>\n\n\n\n<h2 class=\"wp-block-heading has-32-font-size\">Ressources pour appuyer votre contribution<\/h2>\n\n\n\n<div style=\"height:10px\" aria-hidden=\"true\" class=\"wp-block-spacer\"><\/div>\n\n\n\n<p class=\"has-18-font-size\">Lors de la pr\u00e9paration de vos contributions, d\u00e9clarations ou discussions internes, les documents suivants peuvent vous \u00eatre utiles :<\/p>\n\n\n\n<div style=\"height:20px\" aria-hidden=\"true\" class=\"wp-block-spacer\"><\/div>\n\n\n\n<h3 class=\"wp-block-heading has-26-font-size\">Analyse<\/h3>\n\n\n\n<div style=\"height:10px\" aria-hidden=\"true\" class=\"wp-block-spacer\"><\/div>\n\n\n\n<p class=\"has-18-font-size\">Analyse de l\u2019Internet Society sur les th\u00e8mes du \u00ab m\u00e9canisme de conciliation \u00bb \u2013 nouvelle appellation de la Fair Share \u2013, de la \u00ab coop\u00e9ration sur les questions techniques \u00bb et de la menace pesant sur les r\u00e8gles de neutralit\u00e9 du r\u00e9seau.<\/p>\n\n\n\n<ul class=\"wp-block-list\">\n<li class=\"has-18-font-size\"><a href=\"https:\/\/www.internetsociety.org\/blog\/2026\/01\/fair-share-and-the-digital-networks-act-dna-three-concerns\/\" type=\"link\" id=\"https:\/\/www.internetsociety.org\/blog\/2026\/01\/fair-share-and-the-digital-networks-act-dna-three-concerns\/\">Fair share et Digital Networks Act (DNA) : trois pr\u00e9occupations<\/a> (2026)<\/li>\n<\/ul>\n\n\n\n<div style=\"height:20px\" aria-hidden=\"true\" class=\"wp-block-spacer\"><\/div>\n\n\n\n<h3 class=\"wp-block-heading has-26-font-size\">Contributions pr\u00e9c\u00e9dentes<\/h3>\n\n\n\n<div style=\"height:10px\" aria-hidden=\"true\" class=\"wp-block-spacer\"><\/div>\n\n\n\n<p class=\"has-18-font-size\">Contributions pr\u00e9c\u00e9dentes de l\u2019Internet Society dans les consultations sur la Fair Share :<\/p>\n\n\n\n<ul class=\"wp-block-list has-18-font-size\">\n<li>2024 \u2013 <a href=\"https:\/\/www.internetsociety.org\/resources\/doc\/2024\/internet-societys-submission-to-the-consultation-on-the-european-commissions-white-paper-on-how-to-master-europes-digital-infrastructure-needs\/\" type=\"link\" id=\"https:\/\/www.internetsociety.org\/resources\/doc\/2024\/internet-societys-submission-to-the-consultation-on-the-european-commissions-white-paper-on-how-to-master-europes-digital-infrastructure-needs\/\">Contribution au Livre blanc de la Commission sur les besoins en infrastructures num\u00e9riques<\/a><\/li>\n\n\n\n<li>2023 \u2013 <a href=\"https:\/\/www.internetsociety.org\/resources\/doc\/2023\/submission-to-ec-future-of-the-electronic-communications-sector-and-its-infrastructure\/\" type=\"link\" id=\"https:\/\/www.internetsociety.org\/resources\/doc\/2023\/submission-to-ec-future-of-the-electronic-communications-sector-and-its-infrastructure\/\">Contribution sur l\u2019avenir du secteur des communications \u00e9lectroniques<\/a><\/li>\n<\/ul>\n\n\n\n<div style=\"height:20px\" aria-hidden=\"true\" class=\"wp-block-spacer\"><\/div>\n\n\n\n<h3 class=\"wp-block-heading has-26-font-size\">Fiches d\u2019orientation et commentaires<\/h3>\n\n\n\n<div style=\"height:10px\" aria-hidden=\"true\" class=\"wp-block-spacer\"><\/div>\n\n\n\n<p class=\"has-18-font-size\">Fiches d\u2019orientation et commentaires de l\u2019Internet Society :<\/p>\n\n\n\n<ul class=\"wp-block-list has-18-font-size\">\n<li><a href=\"https:\/\/www.internetsociety.org\/fr\/resources\/policybriefs\/2025\/interconnexion-et-obligations-de-trafic-reglemente\/\" type=\"link\" id=\"https:\/\/www.internetsociety.org\/fr\/resources\/policybriefs\/2025\/interconnexion-et-obligations-de-trafic-reglemente\/\">Interconnexion et obligations de trafic r\u00e9glement\u00e9<\/a> (document d\u2019orientation 2025)<\/li>\n\n\n\n<li><a href=\"https:\/\/www.internetsociety.org\/blog\/2025\/04\/the-open-fibre-data-standard\/\" type=\"link\" id=\"https:\/\/www.internetsociety.org\/blog\/2025\/04\/the-open-fibre-data-standard\/\">Open Data Fibre Standard<\/a> (commentaires 2025)<\/li>\n\n\n\n<li><a href=\"https:\/\/www.internetsociety.org\/fr\/resources\/policybriefs\/doc\/2025\/spectrum-policy\/\" type=\"link\" id=\"https:\/\/www.internetsociety.org\/fr\/resources\/policybriefs\/doc\/2025\/spectrum-policy\/\">Fiche d\u2019orientation sur les cadres du spectre pour la connectivit\u00e9 centr\u00e9e sur la communaut\u00e9<\/a> (2025)<\/li>\n\n\n\n<li><a href=\"https:\/\/www.internetsociety.org\/fr\/resources\/policybriefs\/2025\/approches-doctroi-de-licences-pour-la-connectivite-centree-sur-la-communaute\/\" type=\"link\" id=\"https:\/\/www.internetsociety.org\/fr\/resources\/policybriefs\/2025\/approches-doctroi-de-licences-pour-la-connectivite-centree-sur-la-communaute\/\">Fiche d\u2019orientation : approches en mati\u00e8re de licences pour la connectivit\u00e9 centr\u00e9e sur la communaut\u00e9<\/a> (2025)<\/li>\n\n\n\n<li><a href=\"https:\/\/www.internetsociety.org\/blog\/2023\/10\/network-usage-fees-the-european-commission-plays-politics-with-the-global-internet\/\" type=\"link\" id=\"https:\/\/www.internetsociety.org\/blog\/2023\/10\/network-usage-fees-the-european-commission-plays-politics-with-the-global-internet\/\">Redevances d\u2019utilisation des r\u00e9seaux : la Commission europ\u00e9enne fait de la politique avec l\u2019Internet mondial <\/a>(2023)<\/li>\n\n\n\n<li><a href=\"https:\/\/www.internetsociety.org\/blog\/2023\/02\/in-one-corner-large-telecom-operators-in-the-other-everybody-else\/\" type=\"link\" id=\"https:\/\/www.internetsociety.org\/blog\/2023\/02\/in-one-corner-large-telecom-operators-in-the-other-everybody-else\/\">D\u2019un c\u00f4t\u00e9, les grands op\u00e9rateurs de t\u00e9l\u00e9communications. De l\u2019autre, tous les autres<\/a> (2023)<\/li>\n\n\n\n<li><a href=\"https:\/\/www.internetsociety.org\/fr\/blog\/2022\/05\/pourquoi-lexpediteur-payeur-est-une-menace-directe-pour-linternet\/\" type=\"link\" id=\"https:\/\/www.internetsociety.org\/fr\/blog\/2022\/05\/pourquoi-lexpediteur-payeur-est-une-menace-directe-pour-linternet\/\">Anciennes r\u00e8gles dans de nouvelles r\u00e9glementations : pourquoi le principe de l\u2019\u00e9metteur payeur constitue une menace directe pour Internet <\/a>(2022)<\/li>\n\n\n\n<li><a href=\"https:\/\/www.politico.eu\/article\/new-eu-telecom-rules-will-leave-everyone-worse-off-internet-network\/\">Les nouvelles r\u00e8gles europ\u00e9ennes en mati\u00e8re de t\u00e9l\u00e9communications laisseront tout le monde perdant<\/a> (Politico op\u2011ed, 2022)<\/li>\n<\/ul>\n\n\n\n<div style=\"height:30px\" aria-hidden=\"true\" class=\"wp-block-spacer\"><\/div>\n<\/div>\n<\/div><\/section>\n","protected":false},"excerpt":{"rendered":"<p>Community News > Passez \u00e0 l\u2019action : d\u00e9fendez l\u2019Internet ouvert dans le cadre de la consultation sur le DNA de la Commission europ\u00e9enne 10 avril 2026 Passez \u00e0 l\u2019action : d\u00e9fendez l\u2019Internet ouvert dans le cadre de la consultation sur le DNA de la Commission europ\u00e9enne Passez \u00e0 l\u2019action : d\u00e9fendez l\u2019Internet ouvert dans le [&hellip;]<\/p>\n","protected":false},"author":1844,"featured_media":0,"parent":0,"menu_order":0,"comment_status":"closed","ping_status":"closed","template":"page-wide.php","meta":{"_acf_changed":false,"_uag_custom_page_level_css":"","footnotes":""},"categories":[172,4909],"tags":[],"region_news_regions":[138],"content_category":[6126],"ppma_author":[5969],"class_list":["post-247563","page","type-page","status-publish","hentry","category-politique-publique","category-renforcer-internet","region_news_regions-europe","content_category-campaigns-type"],"acf":[],"uagb_featured_image_src":{"full":false,"thumbnail":false,"medium":false,"medium_large":false,"large":false,"1536x1536":false,"2048x2048":false,"post-thumbnail":false,"square":false,"gform-image-choice-sm":false,"gform-image-choice-md":false,"gform-image-choice-lg":false},"uagb_author_info":{"display_name":"Celia Richardson","author_link":"https:\/\/www.internetsociety.org\/fr\/author\/richardson\/"},"uagb_comment_info":0,"uagb_excerpt":"Community News > Passez \u00e0 l\u2019action : d\u00e9fendez l\u2019Internet ouvert dans le cadre de la consultation sur le DNA de la Commission europ\u00e9enne 10 avril 2026 Passez \u00e0 l\u2019action : d\u00e9fendez l\u2019Internet ouvert dans le cadre de la consultation sur le DNA de la Commission europ\u00e9enne Passez \u00e0 l\u2019action : d\u00e9fendez l\u2019Internet ouvert dans le\u2026","_links":{"self":[{"href":"https:\/\/www.internetsociety.org\/fr\/wp-json\/wp\/v2\/pages\/247563","targetHints":{"allow":["GET"]}}],"collection":[{"href":"https:\/\/www.internetsociety.org\/fr\/wp-json\/wp\/v2\/pages"}],"about":[{"href":"https:\/\/www.internetsociety.org\/fr\/wp-json\/wp\/v2\/types\/page"}],"author":[{"embeddable":true,"href":"https:\/\/www.internetsociety.org\/fr\/wp-json\/wp\/v2\/users\/1844"}],"replies":[{"embeddable":true,"href":"https:\/\/www.internetsociety.org\/fr\/wp-json\/wp\/v2\/comments?post=247563"}],"version-history":[{"count":3,"href":"https:\/\/www.internetsociety.org\/fr\/wp-json\/wp\/v2\/pages\/247563\/revisions"}],"predecessor-version":[{"id":247683,"href":"https:\/\/www.internetsociety.org\/fr\/wp-json\/wp\/v2\/pages\/247563\/revisions\/247683"}],"wp:attachment":[{"href":"https:\/\/www.internetsociety.org\/fr\/wp-json\/wp\/v2\/media?parent=247563"}],"wp:term":[{"taxonomy":"category","embeddable":true,"href":"https:\/\/www.internetsociety.org\/fr\/wp-json\/wp\/v2\/categories?post=247563"},{"taxonomy":"post_tag","embeddable":true,"href":"https:\/\/www.internetsociety.org\/fr\/wp-json\/wp\/v2\/tags?post=247563"},{"taxonomy":"region_news_regions","embeddable":true,"href":"https:\/\/www.internetsociety.org\/fr\/wp-json\/wp\/v2\/region_news_regions?post=247563"},{"taxonomy":"content_category","embeddable":true,"href":"https:\/\/www.internetsociety.org\/fr\/wp-json\/wp\/v2\/content_category?post=247563"},{"taxonomy":"author","embeddable":true,"href":"https:\/\/www.internetsociety.org\/fr\/wp-json\/wp\/v2\/ppma_author?post=247563"}],"curies":[{"name":"wp","href":"https:\/\/api.w.org\/{rel}","templated":true}]}}