{"id":228245,"date":"2023-10-31T09:35:00","date_gmt":"2023-10-31T09:35:00","guid":{"rendered":"https:\/\/www.internetsociety.org\/?page_id=228245"},"modified":"2025-08-11T15:20:12","modified_gmt":"2025-08-11T15:20:12","slug":"7-determiner-la-structure-organisationnelle","status":"publish","type":"page","link":"https:\/\/www.internetsociety.org\/fr\/resources\/community-network-diy-toolkit\/decide-on-organization-structure\/","title":{"rendered":"7. D\u00e9terminer la structure organisationnelle\u00a0"},"content":{"rendered":"\n<section class=\"wp-block-uagb-columns uagb-columns__wrap uagb-columns__background-image uagb-columns__stack-mobile uagb-columns__valign- uagb-columns__gap-10 align uagb-block-1b60d478 uagb-columns__columns-1 uagb-columns__max_width-theme background-image-fallback-black uag-hide-tab uag-hide-mob\"><div class=\"uagb-columns__overlay\"><\/div><div class=\"uagb-columns__inner-wrap uagb-columns__columns-1\">\n<div class=\"wp-block-uagb-column uagb-column__wrap uagb-column__background-undefined uagb-block-6da44868\"><div class=\"uagb-column__overlay\"><\/div>\n<p class=\"has-neutral-white-color has-text-color has-18-font-size\"><a href=\"https:\/\/internetsociety.org\/fr\/resources\/community-network-diy-toolkit\/\">Bo\u00eete \u00e0 outils pour r\u00e9seaux communautaires<\/a> &gt; D\u00e9terminer la structure organisationnelle&nbsp;<\/p>\n\n\n\n<div style=\"height:30px\" aria-hidden=\"true\" class=\"wp-block-spacer\"><\/div>\n\n\n\n<h1 class=\"wp-block-heading has-neutral-white-color has-text-color\">7. D\u00e9terminer<br>la structure organisationnelle<\/h1>\n<\/div>\n<\/div><\/section>\n\n\n\n<div class=\"wp-block-columns uag-hide-desktop is-layout-flex wp-container-core-columns-is-layout-9d6595d7 wp-block-columns-is-layout-flex\">\n<div class=\"wp-block-column uag-hide-tab uag-hide-mob is-layout-flow wp-block-column-is-layout-flow\" style=\"flex-basis:10%\"><\/div>\n\n\n\n<div class=\"wp-block-column is-layout-flow wp-block-column-is-layout-flow\" style=\"flex-basis:80%\">\n<div style=\"height:30px\" aria-hidden=\"true\" class=\"wp-block-spacer uag-hide-desktop\"><\/div>\n\n\n\n<p class=\"has-text-align-left has-18-font-size\"><a href=\"https:\/\/internetsociety.org\/fr\/resources\/community-network-diy-toolkit\/\">Bo\u00eete \u00e0 outils pour r\u00e9seaux communautaires<\/a> &gt;<\/p>\n\n\n\n<div style=\"height:10px\" aria-hidden=\"true\" class=\"wp-block-spacer\"><\/div>\n\n\n\n<h1 class=\"wp-block-heading has-text-align-left\">7. D\u00e9terminer la structure organisationnelle&nbsp;<\/h1>\n\n\n\n<div style=\"height:30px\" aria-hidden=\"true\" class=\"wp-block-spacer uag-hide-desktop\"><\/div>\n\n\n\n<figure class=\"wp-block-image size-large\"><img loading=\"lazy\" decoding=\"async\" width=\"1299\" height=\"600\" src=\"https:\/\/www.internetsociety.org\/wp-content\/uploads\/2023\/10\/Sel16-e1698759635152.jpg\" alt=\"four woman next to the computers posing for a photo\" class=\"wp-image-201711\" srcset=\"https:\/\/www.internetsociety.org\/wp-content\/uploads\/2023\/10\/Sel16-e1698759635152.jpg 1299w, https:\/\/www.internetsociety.org\/wp-content\/uploads\/2023\/10\/Sel16-e1698759635152-450x208.jpg 450w, https:\/\/www.internetsociety.org\/wp-content\/uploads\/2023\/10\/Sel16-e1698759635152-1024x473.jpg 1024w, https:\/\/www.internetsociety.org\/wp-content\/uploads\/2023\/10\/Sel16-e1698759635152-768x355.jpg 768w, https:\/\/www.internetsociety.org\/wp-content\/uploads\/2023\/10\/Sel16-e1698759635152-250x115.jpg 250w\" sizes=\"auto, (max-width: 1299px) 100vw, 1299px\" \/><\/figure>\n<\/div>\n\n\n\n<div class=\"wp-block-column uag-hide-tab uag-hide-mob is-layout-flow wp-block-column-is-layout-flow\" style=\"flex-basis:10%\"><\/div>\n<\/div>\n\n\n\n<div class=\"wp-block-columns is-layout-flex wp-container-core-columns-is-layout-9d6595d7 wp-block-columns-is-layout-flex\">\n<div class=\"wp-block-column uag-hide-tab uag-hide-mob is-layout-flow wp-block-column-is-layout-flow\" style=\"flex-basis:10%\"><\/div>\n\n\n\n<div class=\"wp-block-column is-layout-flow wp-block-column-is-layout-flow\" style=\"flex-basis:80%\">\n<div style=\"height:40px\" aria-hidden=\"true\" class=\"wp-block-spacer uag-hide-tab uag-hide-mob\"><\/div>\n\n\n\n<div style=\"height:20px\" aria-hidden=\"true\" class=\"wp-block-spacer uag-hide-desktop\"><\/div>\n\n\n\n<h2 class=\"wp-block-heading has-accent-purple-color has-text-color has-48-font-size\" id=\"we-will-equip-the-global-encryption-coalition-and-the-internet-society-community-with-the-tools-needed-to-help-increase-awareness-of-the-value-of-encryption\">\u00c0 qui appartient votre r\u00e9seau communautaire ?<br>Qui prend les d\u00e9cisions ?<\/h2>\n\n\n\n<div style=\"height:30px\" aria-hidden=\"true\" class=\"wp-block-spacer\"><\/div>\n\n\n\n<p class=\"has-18-font-size\">Voici une s\u00e9rie de questions critiques: comment votre r\u00e9seau communautaire est-il \u00e9tabli en mati\u00e8re juridique ? Est-ce une organisation \u00e0 but non lucratif ou une coop\u00e9rative ? Appartient-il \u00e0 une autorit\u00e9 locale ou municipale ? S\u2019agit-il d\u2019une soci\u00e9t\u00e9 priv\u00e9e ? Quelle est sa mode de gouvernance ? Comment prendre des d\u00e9cisions ? Son \u00e9quipe dirigeante est-elle \u00e9lue ou nomm\u00e9e ? Consiste t-il de personnel ou de b\u00e9n\u00e9voles ? Il y a tellement de questions \u00e0 se poser et \u00e0 r\u00e9soudre en fonction de votre cas particulier.<\/p>\n\n\n\n<div class=\"wp-block-columns is-not-stacked-on-mobile has-neutral-white-background-color has-background is-layout-flex wp-container-core-columns-is-layout-9d6595d7 wp-block-columns-is-layout-flex\">\n<div class=\"wp-block-column is-layout-flow wp-block-column-is-layout-flow\" style=\"flex-basis:2%\"><\/div>\n\n\n\n<div class=\"wp-block-column is-layout-flow wp-block-column-is-layout-flow\" style=\"flex-basis:90%\">\n<div style=\"height:30px\" aria-hidden=\"true\" class=\"wp-block-spacer\"><\/div>\n\n\n\n<h3 class=\"wp-block-heading has-32-font-size\">Points cl\u00e9s<\/h3>\n\n\n\n<div style=\"height:20px\" aria-hidden=\"true\" class=\"wp-block-spacer\"><\/div>\n\n\n\n<ul class=\"wp-block-list has-18-font-size\">\n<li>La structure organisationnelle de votre r\u00e9seau communautaire doit \u00e9ventuellement permettre une participation maximale \u00e0 la communaut\u00e9 et un b\u00e9n\u00e9fice mutuel entre le r\u00e9seau et les utilisateurs.<\/li>\n\n\n\n<li>Cependant, la base juridique sp\u00e9cifique et le mod\u00e8le de propri\u00e9tariat a \u00e9galement une incidence sur des facteurs cruciaux tels que l\u2019acc\u00e8s aux licenses, les options de partenariat viables, les structures de gouvernance et les limites.<\/li>\n\n\n\n<li>La gestion d\u2019un r\u00e9seau communautaire exige le rapprochement entre les r\u00e9alit\u00e9s qui s\u2019av\u00e8rent tr\u00e8s diff\u00e9rentes entre le contexte de la communaut\u00e9 et le secteur formel des t\u00e9l\u00e9communications.<\/li>\n\n\n\n<li>Pour assurer la durabilit\u00e9, les partenariats avec les organisations externes peuvent fournir des comp\u00e9tences essentielles et des ressources qui ne sont pas largement disponibles au sein des communaut\u00e9s.<\/li>\n<\/ul>\n\n\n\n<div style=\"height:30px\" aria-hidden=\"true\" class=\"wp-block-spacer\"><\/div>\n<\/div>\n\n\n\n<div class=\"wp-block-column is-layout-flow wp-block-column-is-layout-flow\" style=\"flex-basis:2%\"><\/div>\n<\/div>\n\n\n\n<div style=\"height:20px\" aria-hidden=\"true\" class=\"wp-block-spacer uag-hide-tab uag-hide-mob\"><\/div>\n<\/div>\n\n\n\n<div class=\"wp-block-column uag-hide-tab uag-hide-mob is-layout-flow wp-block-column-is-layout-flow\" style=\"flex-basis:10%\"><\/div>\n<\/div>\n\n\n\n<section class=\"wp-block-uagb-columns uagb-columns__wrap uagb-columns__background-color uagb-columns__stack-mobile uagb-columns__valign- uagb-columns__gap-10 align uagb-block-3fc73a6d uagb-columns__columns-1 uagb-columns__max_width-theme\"><div class=\"uagb-columns__overlay\"><\/div><div class=\"uagb-columns__inner-wrap uagb-columns__columns-1\">\n<div class=\"wp-block-uagb-column uagb-column__wrap uagb-column__background-undefined uagb-block-cf0d325a\"><div class=\"uagb-column__overlay\"><\/div>\n<h4 class=\"wp-block-heading has-depth-green-color has-text-color\" id=\"how-the-ndss-symposium-helps-to-strengthen-the-internet\">Participer<\/h4>\n\n\n\n<div style=\"height:20px\" aria-hidden=\"true\" class=\"wp-block-spacer\"><\/div>\n\n\n\n<div class=\"wp-block-columns is-layout-flex wp-container-core-columns-is-layout-9d6595d7 wp-block-columns-is-layout-flex\">\n<div class=\"wp-block-column is-layout-flow wp-block-column-is-layout-flow\">\n<div class=\"wp-block-cover alignfull is-light has-custom-content-position is-position-bottom-center\" style=\"margin-top:0;padding-top:48px;padding-right:48px;padding-bottom:48px;padding-left:48px\"><img loading=\"lazy\" decoding=\"async\" width=\"1498\" height=\"617\" class=\"wp-block-cover__image-background wp-image-177059\" alt=\"people talking while showing notes to each other\" src=\"https:\/\/www.internetsociety.org\/wp-content\/uploads\/2022\/08\/people-talk-e1661869350107.jpg\" data-object-fit=\"cover\" srcset=\"https:\/\/www.internetsociety.org\/wp-content\/uploads\/2022\/08\/people-talk-e1661869350107.jpg 1498w, https:\/\/www.internetsociety.org\/wp-content\/uploads\/2022\/08\/people-talk-e1661869350107-450x185.jpg 450w, https:\/\/www.internetsociety.org\/wp-content\/uploads\/2022\/08\/people-talk-e1661869350107-1024x422.jpg 1024w, https:\/\/www.internetsociety.org\/wp-content\/uploads\/2022\/08\/people-talk-e1661869350107-768x316.jpg 768w, https:\/\/www.internetsociety.org\/wp-content\/uploads\/2022\/08\/people-talk-e1661869350107-250x103.jpg 250w\" sizes=\"auto, (max-width: 1498px) 100vw, 1498px\" \/><span aria-hidden=\"true\" class=\"wp-block-cover__background has-background-dim-30 has-background-dim\"><\/span><div class=\"wp-block-cover__inner-container is-layout-flow wp-block-cover-is-layout-flow\">\n<div class=\"wp-block-cover background-image-fallback-black has-neutral-white-color has-text-color has-18-font-size\" style=\"min-height:100px;aspect-ratio:unset;\"><span aria-hidden=\"true\" class=\"wp-block-cover__background has-depth-teal-background-color has-background-dim-100 has-background-dim\"><\/span><div class=\"wp-block-cover__inner-container is-layout-constrained wp-block-cover-is-layout-constrained\">\n<p class=\"has-text-align-left has-18-font-size\">Identifier les types de structures juridiques potentielles.<\/p>\n<\/div><\/div>\n<\/div><\/div>\n<\/div>\n\n\n\n<div class=\"wp-block-column is-layout-flow wp-block-column-is-layout-flow\">\n<div class=\"wp-block-cover alignfull has-custom-content-position is-position-bottom-center\" style=\"margin-top:0;padding-top:48px;padding-right:48px;padding-bottom:48px;padding-left:48px\"><img loading=\"lazy\" decoding=\"async\" width=\"600\" height=\"400\" class=\"wp-block-cover__image-background wp-image-201178\" alt=\"People sit around a semicircle attentively listening to a man talk\" src=\"https:\/\/www.internetsociety.org\/wp-content\/uploads\/2023\/10\/Community-network-India-2.jpg\" data-object-fit=\"cover\" srcset=\"https:\/\/www.internetsociety.org\/wp-content\/uploads\/2023\/10\/Community-network-India-2.jpg 600w, https:\/\/www.internetsociety.org\/wp-content\/uploads\/2023\/10\/Community-network-India-2-450x300.jpg 450w, https:\/\/www.internetsociety.org\/wp-content\/uploads\/2023\/10\/Community-network-India-2-250x167.jpg 250w\" sizes=\"auto, (max-width: 600px) 100vw, 600px\" \/><span aria-hidden=\"true\" class=\"wp-block-cover__background has-background-dim-30 has-background-dim\"><\/span><div class=\"wp-block-cover__inner-container is-layout-flow wp-block-cover-is-layout-flow\">\n<div class=\"wp-block-cover background-image-fallback-black has-neutral-white-color has-text-color has-18-font-size\" style=\"min-height:100px;aspect-ratio:unset;\"><span aria-hidden=\"true\" class=\"wp-block-cover__background has-depth-teal-background-color has-background-dim-100 has-background-dim\"><\/span><div class=\"wp-block-cover__inner-container is-layout-constrained wp-block-cover-is-layout-constrained\">\n<p class=\"has-text-align-left has-18-font-size\">D\u00e9terminer la capacit\u00e9 et les comp\u00e9tences initiales requises pour pouvoir op\u00e9rer.<\/p>\n<\/div><\/div>\n<\/div><\/div>\n<\/div>\n<\/div>\n\n\n\n<div class=\"wp-block-columns is-layout-flex wp-container-core-columns-is-layout-9d6595d7 wp-block-columns-is-layout-flex\">\n<div class=\"wp-block-column is-layout-flow wp-block-column-is-layout-flow\">\n<div class=\"wp-block-cover alignfull has-custom-content-position is-position-bottom-center\" style=\"margin-top:0;padding-top:48px;padding-right:48px;padding-bottom:48px;padding-left:48px\"><img loading=\"lazy\" decoding=\"async\" width=\"1350\" height=\"725\" class=\"wp-block-cover__image-background wp-image-201126\" alt=\"Two men and a woman standing and talking\" src=\"https:\/\/www.internetsociety.org\/wp-content\/uploads\/2023\/10\/Summit-on-Community-Networks-in-Africa-2.jpg\" data-object-fit=\"cover\" srcset=\"https:\/\/www.internetsociety.org\/wp-content\/uploads\/2023\/10\/Summit-on-Community-Networks-in-Africa-2.jpg 1350w, https:\/\/www.internetsociety.org\/wp-content\/uploads\/2023\/10\/Summit-on-Community-Networks-in-Africa-2-450x242.jpg 450w, https:\/\/www.internetsociety.org\/wp-content\/uploads\/2023\/10\/Summit-on-Community-Networks-in-Africa-2-1024x550.jpg 1024w, https:\/\/www.internetsociety.org\/wp-content\/uploads\/2023\/10\/Summit-on-Community-Networks-in-Africa-2-768x412.jpg 768w, https:\/\/www.internetsociety.org\/wp-content\/uploads\/2023\/10\/Summit-on-Community-Networks-in-Africa-2-250x134.jpg 250w\" sizes=\"auto, (max-width: 1350px) 100vw, 1350px\" \/><span aria-hidden=\"true\" class=\"wp-block-cover__background has-background-dim-30 has-background-dim\"><\/span><div class=\"wp-block-cover__inner-container is-layout-flow wp-block-cover-is-layout-flow\">\n<div class=\"wp-block-cover background-image-fallback-black has-neutral-white-color has-text-color has-18-font-size\" style=\"min-height:100px;aspect-ratio:unset;\"><span aria-hidden=\"true\" class=\"wp-block-cover__background has-depth-teal-background-color has-background-dim-100 has-background-dim\"><\/span><div class=\"wp-block-cover__inner-container is-layout-constrained wp-block-cover-is-layout-constrained\">\n<p class=\"has-text-align-left has-18-font-size\">D\u00e9finir les roles de la gouvernance et des syst\u00e8mes de responsabilisation.<\/p>\n<\/div><\/div>\n<\/div><\/div>\n<\/div>\n\n\n\n<div class=\"wp-block-column is-layout-flow wp-block-column-is-layout-flow\">\n<div class=\"wp-block-cover alignfull is-light has-custom-content-position is-position-bottom-center\" style=\"margin-top:0;padding-top:48px;padding-right:48px;padding-bottom:48px;padding-left:48px\"><img loading=\"lazy\" decoding=\"async\" width=\"600\" height=\"400\" class=\"wp-block-cover__image-background wp-image-201172\" alt=\"A woman writes on a large piece of paper during the Africa CN summit\" src=\"https:\/\/www.internetsociety.org\/wp-content\/uploads\/2023\/10\/Community-Networks-Summit-South-Africa.jpg\" data-object-fit=\"cover\" srcset=\"https:\/\/www.internetsociety.org\/wp-content\/uploads\/2023\/10\/Community-Networks-Summit-South-Africa.jpg 600w, https:\/\/www.internetsociety.org\/wp-content\/uploads\/2023\/10\/Community-Networks-Summit-South-Africa-450x300.jpg 450w, https:\/\/www.internetsociety.org\/wp-content\/uploads\/2023\/10\/Community-Networks-Summit-South-Africa-250x167.jpg 250w\" sizes=\"auto, (max-width: 600px) 100vw, 600px\" \/><span aria-hidden=\"true\" class=\"wp-block-cover__background has-background-dim-30 has-background-dim\"><\/span><div class=\"wp-block-cover__inner-container is-layout-flow wp-block-cover-is-layout-flow\">\n<div class=\"wp-block-cover background-image-fallback-black has-neutral-white-color has-text-color has-18-font-size\" style=\"min-height:100px;aspect-ratio:unset;\"><span aria-hidden=\"true\" class=\"wp-block-cover__background has-depth-teal-background-color has-background-dim-100 has-background-dim\"><\/span><div class=\"wp-block-cover__inner-container is-layout-constrained wp-block-cover-is-layout-constrained\">\n<p class=\"has-text-align-left has-18-font-size\">\u00c9tablir une liste des parties prenantes externes.<\/p>\n<\/div><\/div>\n<\/div><\/div>\n<\/div>\n<\/div>\n<\/div>\n<\/div><\/section>\n\n\n\n<div class=\"wp-block-columns margin-bottom-0 is-layout-flex wp-container-core-columns-is-layout-9d6595d7 wp-block-columns-is-layout-flex\">\n<div class=\"wp-block-column is-layout-flow wp-block-column-is-layout-flow\" style=\"flex-basis:10%\"><\/div>\n\n\n\n<div class=\"wp-block-column is-layout-flow wp-block-column-is-layout-flow\" style=\"flex-basis:80%\">\n<div style=\"height:40px\" aria-hidden=\"true\" class=\"wp-block-spacer uag-hide-tab uag-hide-mob\"><\/div>\n\n\n\n<h4 class=\"wp-block-heading has-text-align-left\">En savoir plus<\/h4>\n\n\n\n<div style=\"height:20px\" aria-hidden=\"true\" class=\"wp-block-spacer\"><\/div>\n\n\n\n<ul class=\"wp-block-list has-18-font-size\">\n<li><span class=\"tadv-color\" style=\"color:#2b72d6\"><a href=\"https:\/\/www.internetsociety.org\/fr\/resources\/doc\/2022\/manuel-devaluation-de-letat-de-preparation-des-reseaux-communautaires\/\">Manuel d\u2019\u00e9valuation de l\u2019\u00e9tat de pr\u00e9paration des r\u00e9seaux communautaires<\/a><\/span> sous la section intitul\u00e9e \u201cStructures organisationnelles et partenariats strat\u00e9giques et durables\u201d<\/li>\n\n\n\n<li><span class=\"tadv-color\" style=\"color:#2b72d6\"><a href=\"https:\/\/connecthumanity.fund\/story\/structuring-a-community-connectivity-provider\/\">Structuration d\u2019un fournisseur de connectivit\u00e9 communautaire: Choix d\u2019un mod\u00e8le de propri\u00e9tariat <\/a><\/span>(Connect Humanity)<\/li>\n<\/ul>\n\n\n\n<p class=\"has-18-font-size\"><a href=\"https:\/\/www.internetsociety.org\/fr\/resources\/community-network-diy-toolkit\/engage-with-stakeholders\/\">Suite -&gt; 8. Collaborer avec les parties prenantes<\/a><\/p>\n\n\n\n<div style=\"height:30px\" aria-hidden=\"true\" class=\"wp-block-spacer uag-hide-tab uag-hide-mob\"><\/div>\n<\/div>\n\n\n\n<div class=\"wp-block-column is-layout-flow wp-block-column-is-layout-flow\" style=\"flex-basis:10%\"><\/div>\n<\/div>\n\n\n\n<p class=\"has-text-align-center has-neutral-white-color has-ground-navy-background-color has-text-color has-background has-12-font-size\">Droits d\u2019auteur:<br>\u00a9 Gustavo Castellanos Echaz\u00fa, \u00a9 Urban Pixel Lebanon, \u00a9 Atul Loke, \u00a9 Nyani Quarmyne, \u00a9 Nyani Quarmyne<\/p>\n\n\n\n<p><\/p>\n","protected":false},"excerpt":{"rendered":"<p><b>Qui d\u00e9tient votre r\u00e9seau communautaire ? Qui prend les d\u00e9cisions ? <\/b><br \/>La structuration de votre r\u00e9seau communautaire est une \u00e9tape cruciale. S\u2019agit-il d\u2019une organisation \u00e0 but non lucratif ou d\u2019une coop\u00e9rative ? S\u2019inscrit-il dans le cadre d\u2019une administration locale ou municipale ? S\u2019agit-il d\u2019une entreprise priv\u00e9e ? Dispose-t-il d\u2019une \u00e9quipe de direction \u00e9lue ou nomm\u00e9e ?<\/p>\n","protected":false},"author":11,"featured_media":201712,"parent":227206,"menu_order":0,"comment_status":"closed","ping_status":"closed","template":"page-wide.php","meta":{"_acf_changed":false,"_uag_custom_page_level_css":"","footnotes":""},"categories":[32],"tags":[],"region_news_regions":[6029],"content_category":[6105],"ppma_author":[6073],"class_list":["post-228245","page","type-page","status-publish","has-post-thumbnail","hentry","category-internet-access","region_news_regions-mondial","content_category-resources-type"],"acf":[],"uagb_featured_image_src":{"full":["https:\/\/www.internetsociety.org\/wp-content\/uploads\/2023\/10\/Sel16-e1698759635152.jpg",1370,600,false],"thumbnail":["https:\/\/www.internetsociety.org\/wp-content\/uploads\/2023\/10\/Sel16-150x150.jpg",150,150,true],"medium":["https:\/\/www.internetsociety.org\/wp-content\/uploads\/2023\/10\/Sel16-450x197.jpg",450,197,true],"medium_large":["https:\/\/www.internetsociety.org\/wp-content\/uploads\/2023\/10\/Sel16-768x336.jpg",768,336,true],"large":["https:\/\/www.internetsociety.org\/wp-content\/uploads\/2023\/10\/Sel16-1024x448.jpg",1024,448,true],"1536x1536":["https:\/\/www.internetsociety.org\/wp-content\/uploads\/2023\/10\/Sel16-e1698759635152.jpg",1370,600,false],"2048x2048":["https:\/\/www.internetsociety.org\/wp-content\/uploads\/2023\/10\/Sel16-e1698759635152.jpg",1370,600,false],"post-thumbnail":["https:\/\/www.internetsociety.org\/wp-content\/uploads\/2023\/10\/Sel16-250x109.jpg",250,109,true],"square":["https:\/\/www.internetsociety.org\/wp-content\/uploads\/2023\/10\/Sel16-600x600.jpg",600,600,true],"gform-image-choice-sm":["https:\/\/www.internetsociety.org\/wp-content\/uploads\/2023\/10\/Sel16-e1698759635152.jpg",300,131,false],"gform-image-choice-md":["https:\/\/www.internetsociety.org\/wp-content\/uploads\/2023\/10\/Sel16-e1698759635152.jpg",400,175,false],"gform-image-choice-lg":["https:\/\/www.internetsociety.org\/wp-content\/uploads\/2023\/10\/Sel16-e1698759635152.jpg",600,263,false]},"uagb_author_info":{"display_name":"Internet Society","author_link":"https:\/\/www.internetsociety.org\/fr\/author\/isoc\/"},"uagb_comment_info":0,"uagb_excerpt":"Qui d\u00e9tient votre r\u00e9seau communautaire ? Qui prend les d\u00e9cisions ? La structuration de votre r\u00e9seau communautaire est une \u00e9tape cruciale. S\u2019agit-il d\u2019une organisation \u00e0 but non lucratif ou d\u2019une coop\u00e9rative ? S\u2019inscrit-il dans le cadre d\u2019une administration locale ou municipale ? S\u2019agit-il d\u2019une entreprise priv\u00e9e ? Dispose-t-il d\u2019une \u00e9quipe de direction \u00e9lue ou nomm\u00e9e\u2026","_links":{"self":[{"href":"https:\/\/www.internetsociety.org\/fr\/wp-json\/wp\/v2\/pages\/228245","targetHints":{"allow":["GET"]}}],"collection":[{"href":"https:\/\/www.internetsociety.org\/fr\/wp-json\/wp\/v2\/pages"}],"about":[{"href":"https:\/\/www.internetsociety.org\/fr\/wp-json\/wp\/v2\/types\/page"}],"author":[{"embeddable":true,"href":"https:\/\/www.internetsociety.org\/fr\/wp-json\/wp\/v2\/users\/11"}],"replies":[{"embeddable":true,"href":"https:\/\/www.internetsociety.org\/fr\/wp-json\/wp\/v2\/comments?post=228245"}],"version-history":[{"count":0,"href":"https:\/\/www.internetsociety.org\/fr\/wp-json\/wp\/v2\/pages\/228245\/revisions"}],"up":[{"embeddable":true,"href":"https:\/\/www.internetsociety.org\/fr\/wp-json\/wp\/v2\/pages\/227206"}],"wp:featuredmedia":[{"embeddable":true,"href":"https:\/\/www.internetsociety.org\/fr\/wp-json\/wp\/v2\/media\/201712"}],"wp:attachment":[{"href":"https:\/\/www.internetsociety.org\/fr\/wp-json\/wp\/v2\/media?parent=228245"}],"wp:term":[{"taxonomy":"category","embeddable":true,"href":"https:\/\/www.internetsociety.org\/fr\/wp-json\/wp\/v2\/categories?post=228245"},{"taxonomy":"post_tag","embeddable":true,"href":"https:\/\/www.internetsociety.org\/fr\/wp-json\/wp\/v2\/tags?post=228245"},{"taxonomy":"region_news_regions","embeddable":true,"href":"https:\/\/www.internetsociety.org\/fr\/wp-json\/wp\/v2\/region_news_regions?post=228245"},{"taxonomy":"content_category","embeddable":true,"href":"https:\/\/www.internetsociety.org\/fr\/wp-json\/wp\/v2\/content_category?post=228245"},{"taxonomy":"author","embeddable":true,"href":"https:\/\/www.internetsociety.org\/fr\/wp-json\/wp\/v2\/ppma_author?post=228245"}],"curies":[{"name":"wp","href":"https:\/\/api.w.org\/{rel}","templated":true}]}}