{"id":228170,"date":"2023-10-31T09:31:00","date_gmt":"2023-10-31T09:31:00","guid":{"rendered":"https:\/\/www.internetsociety.org\/?page_id=228170"},"modified":"2025-08-13T10:05:46","modified_gmt":"2025-08-13T10:05:46","slug":"ressources-supplementaires","status":"publish","type":"page","link":"https:\/\/www.internetsociety.org\/fr\/resources\/community-network-diy-toolkit\/additional-resources\/","title":{"rendered":"Ressources suppl\u00e9mentaires"},"content":{"rendered":"\n<section class=\"wp-block-uagb-columns uagb-columns__wrap uagb-columns__background-image uagb-columns__stack-mobile uagb-columns__valign- uagb-columns__gap-10 align uagb-block-1b60d478 uagb-columns__columns-1 uagb-columns__max_width-theme background-image-fallback-black uag-hide-tab uag-hide-mob\"><div class=\"uagb-columns__overlay\"><\/div><div class=\"uagb-columns__inner-wrap uagb-columns__columns-1\">\n<div class=\"wp-block-uagb-column uagb-column__wrap uagb-column__background-undefined uagb-block-6da44868\"><div class=\"uagb-column__overlay\"><\/div>\n<p class=\"has-neutral-white-color has-text-color has-18-font-size\"><a href=\"https:\/\/internetsociety.org\/fr\/resources\/community-network-diy-toolkit\/\">Bo\u00eete \u00e0 outils Do-It-Yourself (DIY) des r\u00e9seaux communautaires<\/a> &gt; Ressources suppl\u00e9mentaires<\/p>\n\n\n\n<div style=\"height:30px\" aria-hidden=\"true\" class=\"wp-block-spacer\"><\/div>\n\n\n\n<h1 class=\"wp-block-heading has-neutral-white-color has-text-color\">Ressources<br>suppl\u00e9mentaires<\/h1>\n<\/div>\n<\/div><\/section>\n\n\n\n<div class=\"wp-block-columns uag-hide-desktop is-layout-flex wp-container-core-columns-is-layout-9d6595d7 wp-block-columns-is-layout-flex\">\n<div class=\"wp-block-column uag-hide-tab uag-hide-mob is-layout-flow wp-block-column-is-layout-flow\" style=\"flex-basis:10%\"><\/div>\n\n\n\n<div class=\"wp-block-column is-layout-flow wp-block-column-is-layout-flow\" style=\"flex-basis:80%\">\n<div style=\"height:30px\" aria-hidden=\"true\" class=\"wp-block-spacer uag-hide-desktop\"><\/div>\n\n\n\n<p class=\"has-text-align-left has-18-font-size\"><a href=\"\/fr?resource_types=community-network-diy-toolkit\">Community Network Do-It-Yourself Toolkit<\/a> &gt;<\/p>\n\n\n\n<div style=\"height:10px\" aria-hidden=\"true\" class=\"wp-block-spacer\"><\/div>\n\n\n\n<h1 class=\"wp-block-heading has-text-align-left\">Ressources<br>suppl\u00e9mentaires<\/h1>\n\n\n\n<div style=\"height:30px\" aria-hidden=\"true\" class=\"wp-block-spacer uag-hide-desktop\"><\/div>\n\n\n\n<figure class=\"wp-block-image size-large\"><img loading=\"lazy\" decoding=\"async\" width=\"1300\" height=\"601\" src=\"https:\/\/www.internetsociety.org\/wp-content\/uploads\/2023\/11\/people-on-roof-computer-e1702056081636.jpg\" alt=\"two men holding a laptop looking at the screen on a house roof \" class=\"wp-image-202498\" srcset=\"https:\/\/www.internetsociety.org\/wp-content\/uploads\/2023\/11\/people-on-roof-computer-e1702056081636.jpg 1300w, https:\/\/www.internetsociety.org\/wp-content\/uploads\/2023\/11\/people-on-roof-computer-e1702056081636-450x208.jpg 450w, https:\/\/www.internetsociety.org\/wp-content\/uploads\/2023\/11\/people-on-roof-computer-e1702056081636-1024x473.jpg 1024w, https:\/\/www.internetsociety.org\/wp-content\/uploads\/2023\/11\/people-on-roof-computer-e1702056081636-768x355.jpg 768w, https:\/\/www.internetsociety.org\/wp-content\/uploads\/2023\/11\/people-on-roof-computer-e1702056081636-250x116.jpg 250w\" sizes=\"auto, (max-width: 1300px) 100vw, 1300px\" \/><\/figure>\n<\/div>\n\n\n\n<div class=\"wp-block-column uag-hide-tab uag-hide-mob is-layout-flow wp-block-column-is-layout-flow\" style=\"flex-basis:10%\"><\/div>\n<\/div>\n\n\n\n<div class=\"wp-block-columns margin-bottom-0 is-layout-flex wp-container-core-columns-is-layout-9d6595d7 wp-block-columns-is-layout-flex\">\n<div class=\"wp-block-column uag-hide-tab uag-hide-mob is-layout-flow wp-block-column-is-layout-flow\" style=\"flex-basis:10%\"><\/div>\n\n\n\n<div class=\"wp-block-column is-layout-flow wp-block-column-is-layout-flow\" style=\"flex-basis:80%\">\n<div style=\"height:40px\" aria-hidden=\"true\" class=\"wp-block-spacer uag-hide-tab uag-hide-mob\"><\/div>\n\n\n\n<div style=\"height:20px\" aria-hidden=\"true\" class=\"wp-block-spacer uag-hide-desktop\"><\/div>\n\n\n\n<h2 class=\"wp-block-heading has-text-align-left has-32-font-size\">Documents<\/h2>\n\n\n\n<div style=\"height:20px\" aria-hidden=\"true\" class=\"wp-block-spacer\"><\/div>\n\n\n\n<ul class=\"wp-block-list has-18-font-size\">\n<li><span class=\"tadv-color\" style=\"color:#2b72d6\"><a href=\"https:\/\/internetsociety.org\/fr\/resources\/doc\/2022\/manuel-devaluation-de-letat-de-preparation-des-reseaux-communautaires\/\">Manuel d\u2019\u00e9valuation de l\u2019\u00e9tat de pr\u00e9paration des r\u00e9seaux communautaires<\/a><\/span> (Internet Society)<\/li>\n\n\n\n<li><span class=\"tadv-color\" style=\"color:#2b72d6\"><a href=\"https:\/\/www.internetsociety.org\/fr\/resources\/doc\/2019\/solutions-pour-le-trafic-de-retour-dans-les-reseaux-communautaires\/\">Solutions pour le trafic de retour dans les r\u00e9seaux communautaires<\/a><\/span> (Internet Society)<\/li>\n\n\n\n<li><span class=\"tadv-color\" style=\"color:#2b72d6\"><a href=\"https:\/\/oasis.col.org\/items\/c0e7e530-d617-4f9d-a4ec-2842a2a7193c\">Configuration de r\u00e9seaux sans fil: Une formation pour les ing\u00e9nieurs de r\u00e9seaux sans fil aux pieds nus<\/a><\/span> (Le Commonwealth of Learning, OAsis)<\/li>\n\n\n\n<li><span class=\"tadv-color\" style=\"color:#2b72d6\"><a href=\"https:\/\/internetsociety.org\/resources\/doc\/2020\/telecommunications-reclaimed-a-hands-on-guide-to-networking-communities\/\">Reconqu\u00eate des t\u00e9l\u00e9communications : Guide pratique pour la mise en r\u00e9seau des communaut\u00e9s<\/a><\/span> (Internet Society, netCommons, Association pour le Progr\u00e8s des Communications (APC))<\/li>\n\n\n\n<li><span class=\"tadv-color\" style=\"color:#2b72d6\"><a href=\"https:\/\/wndw.net\/\">R\u00e9seaux sans fil dans le monde en d\u00e9veloppement<\/a><\/span> (The WNDW Project)<\/li>\n\n\n\n<li><span class=\"tadv-color\" style=\"color:#2b72d6\"><a href=\"https:\/\/internetsociety.org\/resources\/doc\/2022\/financing-mechanisms-for-locally-owned-internet-infrastructure\/\">M\u00e9canismes de financement pour les infrastructures Internet locales<\/a><\/span> (Internet Society)<\/li>\n\n\n\n<li><span class=\"tadv-color\" style=\"color:#2b72d6\"><a href=\"https:\/\/comconnectivity.org\/wp-content\/uploads\/2021\/12\/Community-Networks-Towards-Sustainable-Funding-Models.pdf\">R\u00e9seaux communautaires : Vers des mod\u00e8les de financement durables<\/a><\/span> (Coalition dynamique sur la connectivit\u00e9 communautaire)<\/li>\n<\/ul>\n\n\n\n<div style=\"height:20px\" aria-hidden=\"true\" class=\"wp-block-spacer\"><\/div>\n\n\n\n<h2 class=\"wp-block-heading has-32-font-size\">Cours de formations en ligne<\/h2>\n\n\n\n<div style=\"height:20px\" aria-hidden=\"true\" class=\"wp-block-spacer\"><\/div>\n\n\n\n<ul class=\"wp-block-list has-18-font-size\">\n<li><span class=\"tadv-color\" style=\"color:#2b72d6\"><a href=\"https:\/\/internetsociety.org\/fr\/learning\/community-network-readiness\/\" target=\"_blank\" rel=\"noreferrer noopener\">\u00c9valuation de l\u2019\u00e9tat de pr\u00e9paration d\u2019un r\u00e9seau communautaire<\/a><\/span> (Internet Society)<\/li>\n\n\n\n<li><span class=\"tadv-color\" style=\"color:#2b72d6\"><a href=\"https:\/\/www.internetsociety.org\/fr\/learning\/ddcn\/\">Les bases de la conception et du d\u00e9ploiement de r\u00e9seaux informatiques<\/a><\/span> (Internet Society)<\/li>\n\n\n\n<li><span class=\"tadv-color\" style=\"color:#2b72d6\"><a href=\"https:\/\/www.internetsociety.org\/fr\/learning\/network-operations\/\">Introduction aux op\u00e9rations de r\u00e9seau<\/a><\/span> (Internet Society)<\/li>\n\n\n\n<li><span class=\"tadv-color\" style=\"color:#2b72d6\"><a href=\"http:\/\/internetsociety.org\/fr\/learning\/advanced-network-operations\/\">Gestion de r\u00e9seaux avanc\u00e9e 2.0<\/a><\/span> (Internet Society)<\/li>\n<\/ul>\n\n\n\n<div style=\"height:20px\" aria-hidden=\"true\" class=\"wp-block-spacer\"><\/div>\n\n\n\n<h2 class=\"wp-block-heading has-32-font-size\">\u00c9tudes de cas<\/h2>\n\n\n\n<div style=\"height:20px\" aria-hidden=\"true\" class=\"wp-block-spacer\"><\/div>\n\n\n\n<ul class=\"wp-block-list has-18-font-size\">\n<li><span class=\"tadv-color\" style=\"color:#2b72d6\"><a href=\"https:\/\/internetsociety.org\/fr\/issues\/community-networks\/success-stories\/\" target=\"_blank\" rel=\"noreferrer noopener\">Exemples de r\u00e9ussite des r\u00e9seaux communautaires<\/a> <\/span>(Internet Society)<\/li>\n\n\n\n<li><span class=\"tadv-color\" style=\"color:#2b72d6\"><a href=\"https:\/\/www.isocfoundation.org\/stories\/\">Histoires d\u2019impacts<\/a><\/span> (Fondation Internet Society)<\/li>\n\n\n\n<li><span class=\"tadv-color\" style=\"color:#2b72d6\"><a href=\"https:\/\/cnlearning.apc.org\/fr\/\">Espace d\u2019apprentissage des r\u00e9seaux communautaires<\/a><\/span> (Association pour le Progr\u00e8s des Communications (APC), Rhizomatica)<\/li>\n<\/ul>\n\n\n\n<div style=\"height:30px\" aria-hidden=\"true\" class=\"wp-block-spacer uag-hide-tab uag-hide-mob\"><\/div>\n<\/div>\n\n\n\n<div class=\"wp-block-column is-layout-flow wp-block-column-is-layout-flow\" style=\"flex-basis:10%\"><\/div>\n<\/div>\n\n\n\n<p class=\"has-text-align-center has-neutral-white-color has-ground-navy-background-color has-text-color has-background has-12-font-size\">Droits d\u2019auteur:<br>\u00a9 Christian O&rsquo;Flaherty<\/p>\n","protected":false},"excerpt":{"rendered":"<p><b>Ressources suppl\u00e9mentaires<\/b><br \/>Vous trouverez des documents suppl\u00e9mentaires, des \u00e9tudes de cas, des formations en ligne et des ressources pour vous aider \u00e0 planifier et \u00e0 d\u00e9ployer des r\u00e9seaux communautaires.<\/p>\n","protected":false},"author":11,"featured_media":202499,"parent":227206,"menu_order":0,"comment_status":"closed","ping_status":"closed","template":"page-wide.php","meta":{"_acf_changed":false,"_uag_custom_page_level_css":"","footnotes":""},"categories":[32],"tags":[],"region_news_regions":[6029],"content_category":[6105],"ppma_author":[6073],"class_list":["post-228170","page","type-page","status-publish","has-post-thumbnail","hentry","category-internet-access","region_news_regions-mondial","content_category-resources-type"],"acf":[],"uagb_featured_image_src":{"full":["https:\/\/www.internetsociety.org\/wp-content\/uploads\/2023\/11\/people-on-roof-computer-e1702056081636.jpg",1450,601,false],"thumbnail":["https:\/\/www.internetsociety.org\/wp-content\/uploads\/2023\/11\/people-on-roof-computer-150x150.jpg",150,150,true],"medium":["https:\/\/www.internetsociety.org\/wp-content\/uploads\/2023\/11\/people-on-roof-computer-450x187.jpg",450,187,true],"medium_large":["https:\/\/www.internetsociety.org\/wp-content\/uploads\/2023\/11\/people-on-roof-computer-768x318.jpg",768,318,true],"large":["https:\/\/www.internetsociety.org\/wp-content\/uploads\/2023\/11\/people-on-roof-computer-1024x424.jpg",1024,424,true],"1536x1536":["https:\/\/www.internetsociety.org\/wp-content\/uploads\/2023\/11\/people-on-roof-computer-e1702056081636.jpg",1450,601,false],"2048x2048":["https:\/\/www.internetsociety.org\/wp-content\/uploads\/2023\/11\/people-on-roof-computer-e1702056081636.jpg",1450,601,false],"post-thumbnail":["https:\/\/www.internetsociety.org\/wp-content\/uploads\/2023\/11\/people-on-roof-computer-250x104.jpg",250,104,true],"square":["https:\/\/www.internetsociety.org\/wp-content\/uploads\/2023\/11\/people-on-roof-computer-600x600.jpg",600,600,true],"gform-image-choice-sm":["https:\/\/www.internetsociety.org\/wp-content\/uploads\/2023\/11\/people-on-roof-computer-e1702056081636.jpg",300,124,false],"gform-image-choice-md":["https:\/\/www.internetsociety.org\/wp-content\/uploads\/2023\/11\/people-on-roof-computer-e1702056081636.jpg",400,166,false],"gform-image-choice-lg":["https:\/\/www.internetsociety.org\/wp-content\/uploads\/2023\/11\/people-on-roof-computer-e1702056081636.jpg",600,249,false]},"uagb_author_info":{"display_name":"Internet Society","author_link":"https:\/\/www.internetsociety.org\/fr\/author\/isoc\/"},"uagb_comment_info":0,"uagb_excerpt":"Ressources suppl\u00e9mentairesVous trouverez des documents suppl\u00e9mentaires, des \u00e9tudes de cas, des formations en ligne et des ressources pour vous aider \u00e0 planifier et \u00e0 d\u00e9ployer des r\u00e9seaux communautaires.","_links":{"self":[{"href":"https:\/\/www.internetsociety.org\/fr\/wp-json\/wp\/v2\/pages\/228170","targetHints":{"allow":["GET"]}}],"collection":[{"href":"https:\/\/www.internetsociety.org\/fr\/wp-json\/wp\/v2\/pages"}],"about":[{"href":"https:\/\/www.internetsociety.org\/fr\/wp-json\/wp\/v2\/types\/page"}],"author":[{"embeddable":true,"href":"https:\/\/www.internetsociety.org\/fr\/wp-json\/wp\/v2\/users\/11"}],"replies":[{"embeddable":true,"href":"https:\/\/www.internetsociety.org\/fr\/wp-json\/wp\/v2\/comments?post=228170"}],"version-history":[{"count":0,"href":"https:\/\/www.internetsociety.org\/fr\/wp-json\/wp\/v2\/pages\/228170\/revisions"}],"up":[{"embeddable":true,"href":"https:\/\/www.internetsociety.org\/fr\/wp-json\/wp\/v2\/pages\/227206"}],"wp:featuredmedia":[{"embeddable":true,"href":"https:\/\/www.internetsociety.org\/fr\/wp-json\/wp\/v2\/media\/202499"}],"wp:attachment":[{"href":"https:\/\/www.internetsociety.org\/fr\/wp-json\/wp\/v2\/media?parent=228170"}],"wp:term":[{"taxonomy":"category","embeddable":true,"href":"https:\/\/www.internetsociety.org\/fr\/wp-json\/wp\/v2\/categories?post=228170"},{"taxonomy":"post_tag","embeddable":true,"href":"https:\/\/www.internetsociety.org\/fr\/wp-json\/wp\/v2\/tags?post=228170"},{"taxonomy":"region_news_regions","embeddable":true,"href":"https:\/\/www.internetsociety.org\/fr\/wp-json\/wp\/v2\/region_news_regions?post=228170"},{"taxonomy":"content_category","embeddable":true,"href":"https:\/\/www.internetsociety.org\/fr\/wp-json\/wp\/v2\/content_category?post=228170"},{"taxonomy":"author","embeddable":true,"href":"https:\/\/www.internetsociety.org\/fr\/wp-json\/wp\/v2\/ppma_author?post=228170"}],"curies":[{"name":"wp","href":"https:\/\/api.w.org\/{rel}","templated":true}]}}