{"id":227259,"date":"2023-10-31T09:32:00","date_gmt":"2023-10-31T09:32:00","guid":{"rendered":"https:\/\/www.internetsociety.org\/?page_id=227259"},"modified":"2025-08-11T15:22:20","modified_gmt":"2025-08-11T15:22:20","slug":"10-controler-entretenir-et-ameliorer","status":"publish","type":"page","link":"https:\/\/www.internetsociety.org\/fr\/resources\/community-network-diy-toolkit\/monitor-maintain-and-improve\/","title":{"rendered":"10. Contr\u00f4ler, entretenir et am\u00e9liorer"},"content":{"rendered":"\n<section class=\"wp-block-uagb-columns uagb-columns__wrap uagb-columns__background-image uagb-columns__stack-mobile uagb-columns__valign- uagb-columns__gap-10 align uagb-block-1b60d478 uagb-columns__columns-1 uagb-columns__max_width-theme background-image-fallback-black uag-hide-tab uag-hide-mob\"><div class=\"uagb-columns__overlay\"><\/div><div class=\"uagb-columns__inner-wrap uagb-columns__columns-1\">\n<div class=\"wp-block-uagb-column uagb-column__wrap uagb-column__background-undefined uagb-block-6da44868\"><div class=\"uagb-column__overlay\"><\/div>\n<p class=\"has-neutral-white-color has-text-color has-18-font-size\"><a href=\"https:\/\/internetsociety.org\/fr\/resources\/community-network-diy-toolkit\/\">Bo\u00eete \u00e0 outils pour r\u00e9seaux communautaires<\/a> &gt; Contr\u00f4ler, entretenir et am\u00e9liorer<\/p>\n\n\n\n<div style=\"height:30px\" aria-hidden=\"true\" class=\"wp-block-spacer\"><\/div>\n\n\n\n<h1 class=\"wp-block-heading has-neutral-white-color has-text-color\">10. Contr\u00f4ler,<br>entretenir et am\u00e9liorer<\/h1>\n<\/div>\n<\/div><\/section>\n\n\n\n<div class=\"wp-block-columns uag-hide-desktop is-layout-flex wp-container-core-columns-is-layout-9d6595d7 wp-block-columns-is-layout-flex\">\n<div class=\"wp-block-column uag-hide-tab uag-hide-mob is-layout-flow wp-block-column-is-layout-flow\" style=\"flex-basis:10%\"><\/div>\n\n\n\n<div class=\"wp-block-column is-layout-flow wp-block-column-is-layout-flow\" style=\"flex-basis:80%\">\n<div style=\"height:30px\" aria-hidden=\"true\" class=\"wp-block-spacer uag-hide-desktop\"><\/div>\n\n\n\n<p class=\"has-text-align-left has-18-font-size\"><a href=\"https:\/\/internetsociety.org\/fr\/resources\/community-network-diy-toolkit\/\">Bo\u00eete \u00e0 outils pour r\u00e9seaux communautaires<\/a> &gt;<\/p>\n\n\n\n<div style=\"height:10px\" aria-hidden=\"true\" class=\"wp-block-spacer\"><\/div>\n\n\n\n<h1 class=\"wp-block-heading has-text-align-left\">10. Contr\u00f4ler, entretenir et am\u00e9liorer<\/h1>\n\n\n\n<div style=\"height:30px\" aria-hidden=\"true\" class=\"wp-block-spacer uag-hide-desktop\"><\/div>\n\n\n\n<figure class=\"wp-block-image size-large\"><img loading=\"lazy\" decoding=\"async\" width=\"1024\" height=\"424\" src=\"https:\/\/www.internetsociety.org\/wp-content\/uploads\/2023\/10\/man-roof-NY-1024x424.jpg\" alt=\"a man on roof installing antenna looking at sky\" class=\"wp-image-201679\" srcset=\"https:\/\/www.internetsociety.org\/wp-content\/uploads\/2023\/10\/man-roof-NY-1024x424.jpg 1024w, https:\/\/www.internetsociety.org\/wp-content\/uploads\/2023\/10\/man-roof-NY-450x186.jpg 450w, https:\/\/www.internetsociety.org\/wp-content\/uploads\/2023\/10\/man-roof-NY-768x318.jpg 768w, https:\/\/www.internetsociety.org\/wp-content\/uploads\/2023\/10\/man-roof-NY-250x104.jpg 250w, https:\/\/www.internetsociety.org\/wp-content\/uploads\/2023\/10\/man-roof-NY.jpg 1448w\" sizes=\"auto, (max-width: 1024px) 100vw, 1024px\" \/><\/figure>\n<\/div>\n\n\n\n<div class=\"wp-block-column uag-hide-tab uag-hide-mob is-layout-flow wp-block-column-is-layout-flow\" style=\"flex-basis:10%\"><\/div>\n<\/div>\n\n\n\n<div class=\"wp-block-columns is-layout-flex wp-container-core-columns-is-layout-9d6595d7 wp-block-columns-is-layout-flex\">\n<div class=\"wp-block-column uag-hide-tab uag-hide-mob is-layout-flow wp-block-column-is-layout-flow\" style=\"flex-basis:10%\"><\/div>\n\n\n\n<div class=\"wp-block-column is-layout-flow wp-block-column-is-layout-flow\" style=\"flex-basis:80%\">\n<div style=\"height:40px\" aria-hidden=\"true\" class=\"wp-block-spacer uag-hide-tab uag-hide-mob\"><\/div>\n\n\n\n<div style=\"height:20px\" aria-hidden=\"true\" class=\"wp-block-spacer uag-hide-desktop\"><\/div>\n\n\n\n<h2 class=\"wp-block-heading has-accent-purple-color has-text-color has-48-font-size\" id=\"we-will-equip-the-global-encryption-coalition-and-the-internet-society-community-with-the-tools-needed-to-help-increase-awareness-of-the-value-of-encryption\">Votre r\u00e9seau est-il utilis\u00e9 ? Comment l\u2019am\u00e9liorer ?<\/h2>\n\n\n\n<div style=\"height:30px\" aria-hidden=\"true\" class=\"wp-block-spacer\"><\/div>\n\n\n\n<p class=\"has-18-font-size\">Votre r\u00e9seau communautaire \u00e9tant d\u00e9sormais d\u00e9ploy\u00e9, vous pouvez vous concentrer sur la surveillance du syst\u00e8me et la compr\u00e9hension de son utilisation. Qu\u2019est-ce qui fonctionne bien pour vos utilisateurs ? Quels sont les points \u00e0 am\u00e9liorer ? Quelles sont les demandes de vos utilisateurs ? Vous devrez mettre en place un plan pour non seulement surveiller les performances du r\u00e9seau, mais aussi contr\u00f4ler l\u2019exp\u00e9rience utilisateur, le mod\u00e8le \u00e9conomique et la technologie.<\/p>\n\n\n\n<div class=\"wp-block-columns is-not-stacked-on-mobile has-neutral-white-background-color has-background is-layout-flex wp-container-core-columns-is-layout-9d6595d7 wp-block-columns-is-layout-flex\">\n<div class=\"wp-block-column is-layout-flow wp-block-column-is-layout-flow\" style=\"flex-basis:2%\"><\/div>\n\n\n\n<div class=\"wp-block-column is-layout-flow wp-block-column-is-layout-flow\" style=\"flex-basis:90%\">\n<div style=\"height:30px\" aria-hidden=\"true\" class=\"wp-block-spacer\"><\/div>\n\n\n\n<h3 class=\"wp-block-heading has-32-font-size\">Points cl\u00e9s<\/h3>\n\n\n\n<div style=\"height:20px\" aria-hidden=\"true\" class=\"wp-block-spacer\"><\/div>\n\n\n\n<ul class=\"wp-block-list has-18-font-size\">\n<li>\u00c0 mesure que vos utilisateurs commencent \u00e0 utiliser le r\u00e9seau, ils peuvent trouver de plus en plus d\u2019applications et de services qu\u2019ils souhaitent utiliser, ce qui peut peser sur vos capacit\u00e9s.<\/li>\n\n\n\n<li>Les syst\u00e8mes et p\u00e9riph\u00e9riques de l\u2019infrastructure r\u00e9seau n\u00e9cessitent des mises \u00e0 niveau similaires et vous devez vous assurer de disposer d\u2019un plan pour assurer la mise \u00e0 jour de vos syst\u00e8mes.<\/li>\n\n\n\n<li>La technologie \u00e9volue et vous devez tenir vos \u00e9quipements \u00e0 jour. Vous ne voudriez pas avoir de mat\u00e9riel pour lequel il n\u2019existe plus de pi\u00e8ces d\u00e9tach\u00e9es.<\/li>\n<\/ul>\n\n\n\n<div style=\"height:30px\" aria-hidden=\"true\" class=\"wp-block-spacer\"><\/div>\n<\/div>\n\n\n\n<div class=\"wp-block-column is-layout-flow wp-block-column-is-layout-flow\" style=\"flex-basis:2%\"><\/div>\n<\/div>\n\n\n\n<div style=\"height:20px\" aria-hidden=\"true\" class=\"wp-block-spacer uag-hide-tab uag-hide-mob\"><\/div>\n<\/div>\n\n\n\n<div class=\"wp-block-column uag-hide-tab uag-hide-mob is-layout-flow wp-block-column-is-layout-flow\" style=\"flex-basis:10%\"><\/div>\n<\/div>\n\n\n\n<section class=\"wp-block-uagb-columns uagb-columns__wrap uagb-columns__background-color uagb-columns__stack-mobile uagb-columns__valign- uagb-columns__gap-10 align uagb-block-3fc73a6d uagb-columns__columns-1 uagb-columns__max_width-theme\"><div class=\"uagb-columns__overlay\"><\/div><div class=\"uagb-columns__inner-wrap uagb-columns__columns-1\">\n<div class=\"wp-block-uagb-column uagb-column__wrap uagb-column__background-undefined uagb-block-cf0d325a\"><div class=\"uagb-column__overlay\"><\/div>\n<h4 class=\"wp-block-heading has-depth-green-color has-text-color\" id=\"how-the-ndss-symposium-helps-to-strengthen-the-internet\">Passer \u00e0 l\u2019action<\/h4>\n\n\n\n<div style=\"height:20px\" aria-hidden=\"true\" class=\"wp-block-spacer\"><\/div>\n\n\n\n<div class=\"wp-block-columns is-layout-flex wp-container-core-columns-is-layout-9d6595d7 wp-block-columns-is-layout-flex\">\n<div class=\"wp-block-column is-layout-flow wp-block-column-is-layout-flow\">\n<div class=\"wp-block-cover alignfull has-custom-content-position is-position-bottom-center\" style=\"margin-top:0;padding-top:48px;padding-right:48px;padding-bottom:48px;padding-left:48px\"><img loading=\"lazy\" decoding=\"async\" width=\"600\" height=\"400\" class=\"wp-block-cover__image-background wp-image-201231\" alt=\"A group of people examining installations\" src=\"https:\/\/www.internetsociety.org\/wp-content\/uploads\/2023\/10\/Community-network-India-10.jpg\" data-object-fit=\"cover\" srcset=\"https:\/\/www.internetsociety.org\/wp-content\/uploads\/2023\/10\/Community-network-India-10.jpg 600w, https:\/\/www.internetsociety.org\/wp-content\/uploads\/2023\/10\/Community-network-India-10-450x300.jpg 450w, https:\/\/www.internetsociety.org\/wp-content\/uploads\/2023\/10\/Community-network-India-10-250x167.jpg 250w\" sizes=\"auto, (max-width: 600px) 100vw, 600px\" \/><span aria-hidden=\"true\" class=\"wp-block-cover__background has-background-dim-30 has-background-dim\"><\/span><div class=\"wp-block-cover__inner-container is-layout-flow wp-block-cover-is-layout-flow\">\n<div class=\"wp-block-cover background-image-fallback-black has-neutral-white-color has-text-color\" style=\"min-height:100px;aspect-ratio:unset;\"><span aria-hidden=\"true\" class=\"wp-block-cover__background has-depth-teal-background-color has-background-dim-100 has-background-dim\"><\/span><div class=\"wp-block-cover__inner-container is-layout-constrained wp-block-cover-is-layout-constrained\">\n<p class=\"has-text-align-left has-18-font-size\">Assurez-vous de disposer d\u2019un syst\u00e8me de suivi des performances de votre r\u00e9seau.<\/p>\n<\/div><\/div>\n<\/div><\/div>\n<\/div>\n\n\n\n<div class=\"wp-block-column is-layout-flow wp-block-column-is-layout-flow\">\n<div class=\"wp-block-cover alignfull is-light has-custom-content-position is-position-bottom-center\" style=\"margin-top:0;padding-top:48px;padding-right:48px;padding-bottom:48px;padding-left:48px\"><img loading=\"lazy\" decoding=\"async\" width=\"600\" height=\"400\" class=\"wp-block-cover__image-background wp-image-201684\" alt=\"Several people looking at mobile phones and a laptop\" src=\"https:\/\/www.internetsociety.org\/wp-content\/uploads\/2023\/10\/Africa-summit-people-mobile.jpg\" data-object-fit=\"cover\" srcset=\"https:\/\/www.internetsociety.org\/wp-content\/uploads\/2023\/10\/Africa-summit-people-mobile.jpg 600w, https:\/\/www.internetsociety.org\/wp-content\/uploads\/2023\/10\/Africa-summit-people-mobile-450x300.jpg 450w, https:\/\/www.internetsociety.org\/wp-content\/uploads\/2023\/10\/Africa-summit-people-mobile-250x167.jpg 250w\" sizes=\"auto, (max-width: 600px) 100vw, 600px\" \/><span aria-hidden=\"true\" class=\"wp-block-cover__background has-background-dim-30 has-background-dim\"><\/span><div class=\"wp-block-cover__inner-container is-layout-flow wp-block-cover-is-layout-flow\">\n<div class=\"wp-block-cover has-custom-content-position is-position-bottom-center background-image-fallback-black has-neutral-white-color has-text-color\" style=\"min-height:100px;aspect-ratio:unset;\"><span aria-hidden=\"true\" class=\"wp-block-cover__background has-depth-teal-background-color has-background-dim-100 has-background-dim\"><\/span><div class=\"wp-block-cover__inner-container is-layout-constrained wp-block-cover-is-layout-constrained\">\n<p class=\"has-text-align-left has-18-font-size\">Explorez comment utiliser des enqu\u00eates et d\u2019autres m\u00e9canismes pour recueillir les commentaires de vos utilisateurs.<\/p>\n<\/div><\/div>\n<\/div><\/div>\n<\/div>\n<\/div>\n\n\n\n<div class=\"wp-block-columns is-layout-flex wp-container-core-columns-is-layout-9d6595d7 wp-block-columns-is-layout-flex\">\n<div class=\"wp-block-column is-layout-flow wp-block-column-is-layout-flow\">\n<div class=\"wp-block-cover alignfull is-light has-custom-content-position is-position-bottom-center\" style=\"margin-top:0;padding-top:48px;padding-right:48px;padding-bottom:48px;padding-left:48px\"><img loading=\"lazy\" decoding=\"async\" width=\"1450\" height=\"600\" class=\"wp-block-cover__image-background wp-image-198807\" alt=\"a group of people sitting around the table\" src=\"https:\/\/www.internetsociety.org\/wp-content\/uploads\/2022\/11\/Canada-Ontario-training-min.jpg\" data-object-fit=\"cover\" srcset=\"https:\/\/www.internetsociety.org\/wp-content\/uploads\/2022\/11\/Canada-Ontario-training-min.jpg 1450w, https:\/\/www.internetsociety.org\/wp-content\/uploads\/2022\/11\/Canada-Ontario-training-min-450x186.jpg 450w, https:\/\/www.internetsociety.org\/wp-content\/uploads\/2022\/11\/Canada-Ontario-training-min-1024x424.jpg 1024w, https:\/\/www.internetsociety.org\/wp-content\/uploads\/2022\/11\/Canada-Ontario-training-min-768x318.jpg 768w, https:\/\/www.internetsociety.org\/wp-content\/uploads\/2022\/11\/Canada-Ontario-training-min-250x103.jpg 250w\" sizes=\"auto, (max-width: 1450px) 100vw, 1450px\" \/><span aria-hidden=\"true\" class=\"wp-block-cover__background has-background-dim-30 has-background-dim\"><\/span><div class=\"wp-block-cover__inner-container is-layout-flow wp-block-cover-is-layout-flow\">\n<div class=\"wp-block-cover background-image-fallback-black has-neutral-white-color has-text-color\" style=\"min-height:100px;aspect-ratio:unset;\"><span aria-hidden=\"true\" class=\"wp-block-cover__background has-depth-teal-background-color has-background-dim-100 has-background-dim\"><\/span><div class=\"wp-block-cover__inner-container is-layout-constrained wp-block-cover-is-layout-constrained\">\n<p class=\"has-text-align-left has-18-font-size\">Planifiez des \u00e9valuations p\u00e9riodiques des performances du r\u00e9seau, de la satisfaction des utilisateurs et des finances.<\/p>\n<\/div><\/div>\n<\/div><\/div>\n<\/div>\n\n\n\n<div class=\"wp-block-column is-layout-flow wp-block-column-is-layout-flow\">\n<div class=\"wp-block-cover alignfull is-light has-custom-content-position is-position-bottom-center\" style=\"margin-top:0;padding-top:48px;padding-right:48px;padding-bottom:48px;padding-left:48px\"><img loading=\"lazy\" decoding=\"async\" width=\"1350\" height=\"452\" class=\"wp-block-cover__image-background wp-image-169729\" alt=\"a man holding an antenna on ladder\" src=\"https:\/\/www.internetsociety.org\/wp-content\/uploads\/2022\/05\/man-antenna-ladder-e1652800516948.jpg\" data-object-fit=\"cover\" srcset=\"https:\/\/www.internetsociety.org\/wp-content\/uploads\/2022\/05\/man-antenna-ladder-e1652800516948.jpg 1350w, https:\/\/www.internetsociety.org\/wp-content\/uploads\/2022\/05\/man-antenna-ladder-e1652800516948-450x151.jpg 450w, https:\/\/www.internetsociety.org\/wp-content\/uploads\/2022\/05\/man-antenna-ladder-e1652800516948-1024x343.jpg 1024w, https:\/\/www.internetsociety.org\/wp-content\/uploads\/2022\/05\/man-antenna-ladder-e1652800516948-768x257.jpg 768w, https:\/\/www.internetsociety.org\/wp-content\/uploads\/2022\/05\/man-antenna-ladder-e1652800516948-250x84.jpg 250w\" sizes=\"auto, (max-width: 1350px) 100vw, 1350px\" \/><span aria-hidden=\"true\" class=\"wp-block-cover__background has-background-dim-30 has-background-dim\"><\/span><div class=\"wp-block-cover__inner-container is-layout-flow wp-block-cover-is-layout-flow\">\n<div class=\"wp-block-cover has-custom-content-position is-position-bottom-center background-image-fallback-black has-neutral-white-color has-text-color\" style=\"min-height:100px;aspect-ratio:unset;\"><span aria-hidden=\"true\" class=\"wp-block-cover__background has-depth-teal-background-color has-background-dim-100 has-background-dim\"><\/span><div class=\"wp-block-cover__inner-container is-layout-constrained wp-block-cover-is-layout-constrained\">\n<p class=\"has-text-align-left has-18-font-size\">\u00c9laborez un plan pour garantir la mise \u00e0 niveau et le remplacement de l\u2019infrastructure r\u00e9seau si n\u00e9cessaire.<\/p>\n<\/div><\/div>\n<\/div><\/div>\n<\/div>\n<\/div>\n<\/div>\n<\/div><\/section>\n\n\n\n<div class=\"wp-block-columns margin-bottom-0 is-layout-flex wp-container-core-columns-is-layout-9d6595d7 wp-block-columns-is-layout-flex\">\n<div class=\"wp-block-column is-layout-flow wp-block-column-is-layout-flow\" style=\"flex-basis:10%\"><\/div>\n\n\n\n<div class=\"wp-block-column is-layout-flow wp-block-column-is-layout-flow\" style=\"flex-basis:80%\">\n<div style=\"height:40px\" aria-hidden=\"true\" class=\"wp-block-spacer uag-hide-tab uag-hide-mob\"><\/div>\n\n\n\n<h4 class=\"wp-block-heading has-text-align-left\">En savoir plus<\/h4>\n\n\n\n<div style=\"height:20px\" aria-hidden=\"true\" class=\"wp-block-spacer\"><\/div>\n\n\n\n<ul class=\"wp-block-list has-18-font-size\">\n<li><span class=\"tadv-color\" style=\"color:#2b72d6\"><a href=\"https:\/\/wndw.net\/\">R\u00e9seaux sans fil dans les pays en d\u00e9veloppement<\/a>,<\/span> section \u00ab Maintenance, surveillance et durabilit\u00e9 \u00bb \u00e0 partir de la page 270 (Projet WNDW)<\/li>\n\n\n\n<li><span class=\"tadv-color\" style=\"color:#2b72d6\"><a href=\"https:\/\/www.internetsociety.org\/resources\/doc\/2020\/telecommunications-reclaimed-a-hands-on-guide-to-networking-communities\/\">T\u00e9l\u00e9communications r\u00e9cup\u00e9r\u00e9es : Guide pratique pour les communaut\u00e9s de r\u00e9seautage<\/a><\/span>, section \u00ab Surveillance et gestion de votre r\u00e9seau \u00bb \u00e0 partir de la page 151 (Internet Society, netCommons, Association for Progressive Communications)<\/li>\n<\/ul>\n\n\n\n<p class=\"has-18-font-size\"><a href=\"https:\/\/www.internetsociety.org\/fr\/resources\/community-network-diy-toolkit\/additional-resources\/\">Suite -&gt; Ressources suppl\u00e9mentaires<\/a><\/p>\n\n\n\n<div style=\"height:20px\" aria-hidden=\"true\" class=\"wp-block-spacer\"><\/div>\n\n\n\n<div style=\"height:30px\" aria-hidden=\"true\" class=\"wp-block-spacer uag-hide-tab uag-hide-mob\"><\/div>\n<\/div>\n\n\n\n<div class=\"wp-block-column is-layout-flow wp-block-column-is-layout-flow\" style=\"flex-basis:10%\"><\/div>\n<\/div>\n\n\n\n<p class=\"has-text-align-center has-neutral-white-color has-ground-navy-background-color has-text-color has-background has-12-font-size\">Droits d\u2019auteur:<br>\u00a9 Chris Gregory, \u00a9 Atul Loke, \u00a9 Nyani Quarmyne, \u00a9 Jennifer Miller, \u00a9 Chris Gregory<\/p>\n\n\n\n<p><\/p>\n","protected":false},"excerpt":{"rendered":"<p><b>Votre r\u00e9seau est-il utilis\u00e9 ? Comment l\u2019am\u00e9liorer ? <\/b><br \/>Une fois votre r\u00e9seau lanc\u00e9, qu\u2019est-ce qui fonctionne bien pour vos utilisateurs ? Quelles sont les demandes de vos utilisateurs ?<\/p>\n","protected":false},"author":11,"featured_media":201680,"parent":227206,"menu_order":0,"comment_status":"closed","ping_status":"closed","template":"page-wide.php","meta":{"_acf_changed":false,"_uag_custom_page_level_css":"","footnotes":""},"categories":[120],"tags":[],"region_news_regions":[6029],"content_category":[6105],"ppma_author":[6073],"class_list":["post-227259","page","type-page","status-publish","has-post-thumbnail","hentry","category-acces","region_news_regions-mondial","content_category-resources-type"],"acf":[],"uagb_featured_image_src":{"full":["https:\/\/www.internetsociety.org\/wp-content\/uploads\/2023\/10\/man-roof-NY.jpg",1448,600,false],"thumbnail":["https:\/\/www.internetsociety.org\/wp-content\/uploads\/2023\/10\/man-roof-NY-150x150.jpg",150,150,true],"medium":["https:\/\/www.internetsociety.org\/wp-content\/uploads\/2023\/10\/man-roof-NY-450x186.jpg",450,186,true],"medium_large":["https:\/\/www.internetsociety.org\/wp-content\/uploads\/2023\/10\/man-roof-NY-768x318.jpg",768,318,true],"large":["https:\/\/www.internetsociety.org\/wp-content\/uploads\/2023\/10\/man-roof-NY-1024x424.jpg",1024,424,true],"1536x1536":["https:\/\/www.internetsociety.org\/wp-content\/uploads\/2023\/10\/man-roof-NY.jpg",1448,600,false],"2048x2048":["https:\/\/www.internetsociety.org\/wp-content\/uploads\/2023\/10\/man-roof-NY.jpg",1448,600,false],"post-thumbnail":["https:\/\/www.internetsociety.org\/wp-content\/uploads\/2023\/10\/man-roof-NY-250x104.jpg",250,104,true],"square":["https:\/\/www.internetsociety.org\/wp-content\/uploads\/2023\/10\/man-roof-NY-600x600.jpg",600,600,true],"gform-image-choice-sm":["https:\/\/www.internetsociety.org\/wp-content\/uploads\/2023\/10\/man-roof-NY.jpg",300,124,false],"gform-image-choice-md":["https:\/\/www.internetsociety.org\/wp-content\/uploads\/2023\/10\/man-roof-NY.jpg",400,166,false],"gform-image-choice-lg":["https:\/\/www.internetsociety.org\/wp-content\/uploads\/2023\/10\/man-roof-NY.jpg",600,249,false]},"uagb_author_info":{"display_name":"Internet Society","author_link":"https:\/\/www.internetsociety.org\/fr\/author\/isoc\/"},"uagb_comment_info":0,"uagb_excerpt":"Votre r\u00e9seau est-il utilis\u00e9 ? Comment l\u2019am\u00e9liorer ? Une fois votre r\u00e9seau lanc\u00e9, qu\u2019est-ce qui fonctionne bien pour vos utilisateurs ? Quelles sont les demandes de vos utilisateurs ?","_links":{"self":[{"href":"https:\/\/www.internetsociety.org\/fr\/wp-json\/wp\/v2\/pages\/227259","targetHints":{"allow":["GET"]}}],"collection":[{"href":"https:\/\/www.internetsociety.org\/fr\/wp-json\/wp\/v2\/pages"}],"about":[{"href":"https:\/\/www.internetsociety.org\/fr\/wp-json\/wp\/v2\/types\/page"}],"author":[{"embeddable":true,"href":"https:\/\/www.internetsociety.org\/fr\/wp-json\/wp\/v2\/users\/11"}],"replies":[{"embeddable":true,"href":"https:\/\/www.internetsociety.org\/fr\/wp-json\/wp\/v2\/comments?post=227259"}],"version-history":[{"count":0,"href":"https:\/\/www.internetsociety.org\/fr\/wp-json\/wp\/v2\/pages\/227259\/revisions"}],"up":[{"embeddable":true,"href":"https:\/\/www.internetsociety.org\/fr\/wp-json\/wp\/v2\/pages\/227206"}],"wp:featuredmedia":[{"embeddable":true,"href":"https:\/\/www.internetsociety.org\/fr\/wp-json\/wp\/v2\/media\/201680"}],"wp:attachment":[{"href":"https:\/\/www.internetsociety.org\/fr\/wp-json\/wp\/v2\/media?parent=227259"}],"wp:term":[{"taxonomy":"category","embeddable":true,"href":"https:\/\/www.internetsociety.org\/fr\/wp-json\/wp\/v2\/categories?post=227259"},{"taxonomy":"post_tag","embeddable":true,"href":"https:\/\/www.internetsociety.org\/fr\/wp-json\/wp\/v2\/tags?post=227259"},{"taxonomy":"region_news_regions","embeddable":true,"href":"https:\/\/www.internetsociety.org\/fr\/wp-json\/wp\/v2\/region_news_regions?post=227259"},{"taxonomy":"content_category","embeddable":true,"href":"https:\/\/www.internetsociety.org\/fr\/wp-json\/wp\/v2\/content_category?post=227259"},{"taxonomy":"author","embeddable":true,"href":"https:\/\/www.internetsociety.org\/fr\/wp-json\/wp\/v2\/ppma_author?post=227259"}],"curies":[{"name":"wp","href":"https:\/\/api.w.org\/{rel}","templated":true}]}}