{"id":227251,"date":"2023-10-31T09:34:00","date_gmt":"2023-10-31T09:34:00","guid":{"rendered":"https:\/\/www.internetsociety.org\/?page_id=227251"},"modified":"2025-08-11T15:21:13","modified_gmt":"2025-08-11T15:21:13","slug":"8-collaborer-avec-les-parties-prenantes","status":"publish","type":"page","link":"https:\/\/www.internetsociety.org\/fr\/resources\/community-network-diy-toolkit\/engage-with-stakeholders\/","title":{"rendered":"8. Collaborer avec les parties prenantes"},"content":{"rendered":"\n<section class=\"wp-block-uagb-columns uagb-columns__wrap uagb-columns__background-image uagb-columns__stack-mobile uagb-columns__valign- uagb-columns__gap-10 align uagb-block-1b60d478 uagb-columns__columns-1 uagb-columns__max_width-theme background-image-fallback-black uag-hide-tab uag-hide-mob\"><div class=\"uagb-columns__overlay\"><\/div><div class=\"uagb-columns__inner-wrap uagb-columns__columns-1\">\n<div class=\"wp-block-uagb-column uagb-column__wrap uagb-column__background-undefined uagb-block-6da44868\"><div class=\"uagb-column__overlay\"><\/div>\n<p class=\"has-neutral-white-color has-text-color has-18-font-size\"><a href=\"https:\/\/internetsociety.org\/fr\/resources\/community-network-diy-toolkit\/\">Bo\u00eete \u00e0 outils pour r\u00e9seaux communautaires<\/a> &gt; Collaborer avec les parties prenantes<\/p>\n\n\n\n<div style=\"height:30px\" aria-hidden=\"true\" class=\"wp-block-spacer\"><\/div>\n\n\n\n<h1 class=\"wp-block-heading has-neutral-white-color has-text-color\">8. Collaborer<br>avec les parties prenantes<\/h1>\n<\/div>\n<\/div><\/section>\n\n\n\n<div class=\"wp-block-columns uag-hide-desktop is-layout-flex wp-container-core-columns-is-layout-9d6595d7 wp-block-columns-is-layout-flex\">\n<div class=\"wp-block-column uag-hide-tab uag-hide-mob is-layout-flow wp-block-column-is-layout-flow\" style=\"flex-basis:10%\"><\/div>\n\n\n\n<div class=\"wp-block-column is-layout-flow wp-block-column-is-layout-flow\" style=\"flex-basis:80%\">\n<div style=\"height:30px\" aria-hidden=\"true\" class=\"wp-block-spacer uag-hide-desktop\"><\/div>\n\n\n\n<p class=\"has-text-align-left has-18-font-size\"><a href=\"https:\/\/internetsociety.org\/fr\/resources\/community-network-diy-toolkit\/\">Bo\u00eete \u00e0 outils pour r\u00e9seaux communautaires<\/a> &gt;<\/p>\n\n\n\n<div style=\"height:10px\" aria-hidden=\"true\" class=\"wp-block-spacer\"><\/div>\n\n\n\n<h1 class=\"wp-block-heading has-text-align-left\">8. Collaborer avec les parties prenantes<\/h1>\n\n\n\n<div style=\"height:30px\" aria-hidden=\"true\" class=\"wp-block-spacer uag-hide-desktop\"><\/div>\n\n\n\n<figure class=\"wp-block-image size-large\"><img loading=\"lazy\" decoding=\"async\" width=\"1350\" height=\"600\" src=\"https:\/\/www.internetsociety.org\/wp-content\/uploads\/2023\/10\/Community-Networks-Summit-South-Africa-1350x725-1-e1698690237110.jpg\" alt=\"Several people sitting and listening to a speaker\" class=\"wp-image-201198\" srcset=\"https:\/\/www.internetsociety.org\/wp-content\/uploads\/2023\/10\/Community-Networks-Summit-South-Africa-1350x725-1-e1698690237110.jpg 1350w, https:\/\/www.internetsociety.org\/wp-content\/uploads\/2023\/10\/Community-Networks-Summit-South-Africa-1350x725-1-e1698690237110-450x200.jpg 450w, https:\/\/www.internetsociety.org\/wp-content\/uploads\/2023\/10\/Community-Networks-Summit-South-Africa-1350x725-1-e1698690237110-1024x455.jpg 1024w, https:\/\/www.internetsociety.org\/wp-content\/uploads\/2023\/10\/Community-Networks-Summit-South-Africa-1350x725-1-e1698690237110-768x341.jpg 768w, https:\/\/www.internetsociety.org\/wp-content\/uploads\/2023\/10\/Community-Networks-Summit-South-Africa-1350x725-1-e1698690237110-250x111.jpg 250w\" sizes=\"auto, (max-width: 1350px) 100vw, 1350px\" \/><\/figure>\n<\/div>\n\n\n\n<div class=\"wp-block-column uag-hide-tab uag-hide-mob is-layout-flow wp-block-column-is-layout-flow\" style=\"flex-basis:10%\"><\/div>\n<\/div>\n\n\n\n<div class=\"wp-block-columns is-layout-flex wp-container-core-columns-is-layout-9d6595d7 wp-block-columns-is-layout-flex\">\n<div class=\"wp-block-column uag-hide-tab uag-hide-mob is-layout-flow wp-block-column-is-layout-flow\" style=\"flex-basis:10%\"><\/div>\n\n\n\n<div class=\"wp-block-column is-layout-flow wp-block-column-is-layout-flow\" style=\"flex-basis:80%\">\n<div style=\"height:40px\" aria-hidden=\"true\" class=\"wp-block-spacer uag-hide-tab uag-hide-mob\"><\/div>\n\n\n\n<div style=\"height:20px\" aria-hidden=\"true\" class=\"wp-block-spacer uag-hide-desktop\"><\/div>\n\n\n\n<h2 class=\"wp-block-heading has-accent-purple-color has-text-color has-48-font-size\" id=\"we-will-equip-the-global-encryption-coalition-and-the-internet-society-community-with-the-tools-needed-to-help-increase-awareness-of-the-value-of-encryption\">Comment susciter l\u2019enthousiasme et l\u2019adh\u00e9sion de votre communaut\u00e9 au lancement de votre r\u00e9seau ?<\/h2>\n\n\n\n<div style=\"height:30px\" aria-hidden=\"true\" class=\"wp-block-spacer\"><\/div>\n\n\n\n<p class=\"has-18-font-size\">Id\u00e9alement, vous \u00eates toujours parvenu \u00e0 impliquer diff\u00e9rents membres de votre communaut\u00e9 pour vous aider \u00e0 approfondir vos recherches et \u00e0 d\u00e9velopper vos plans. Au cours de votre processus, vous devez chercher \u00e0 impliquer l\u2019ensemble de votre communaut\u00e9. Vous devez les convaincre d\u2019adh\u00e9rer \u00e0 la vision et au succ\u00e8s de ce r\u00e9seau communautaire.<\/p>\n\n\n\n<div class=\"wp-block-columns is-not-stacked-on-mobile has-neutral-white-background-color has-background is-layout-flex wp-container-core-columns-is-layout-9d6595d7 wp-block-columns-is-layout-flex\">\n<div class=\"wp-block-column is-layout-flow wp-block-column-is-layout-flow\" style=\"flex-basis:2%\"><\/div>\n\n\n\n<div class=\"wp-block-column is-layout-flow wp-block-column-is-layout-flow\" style=\"flex-basis:90%\">\n<div style=\"height:30px\" aria-hidden=\"true\" class=\"wp-block-spacer\"><\/div>\n\n\n\n<h3 class=\"wp-block-heading has-32-font-size\">Points cl\u00e9s<\/h3>\n\n\n\n<div style=\"height:20px\" aria-hidden=\"true\" class=\"wp-block-spacer\"><\/div>\n\n\n\n<ul class=\"wp-block-list has-18-font-size\">\n<li>L\u2019engagement des parties prenantes peut prendre diff\u00e9rentes formes en fonction du type de r\u00e9seau que vous cr\u00e9ez et de la taille de votre communaut\u00e9. Les strat\u00e9gies utilis\u00e9es seront diff\u00e9rentes selon qu\u2019il s&rsquo;agit d\u2019une petite commune de 50 habitants ou d\u2019une r\u00e9gion de plusieurs milliers d\u2019habitants.<\/li>\n\n\n\n<li>Les promoteurs locaux sont essentiels, car ils peuvent vous aider \u00e0 vous y retrouver dans la politique locale et vous mettre en relation avec les bonnes personnes.<\/li>\n\n\n\n<li>Il existe de nombreux mod\u00e8les et outils d\u2019organisation pour vous aider \u00e0 pr\u00e9parer les r\u00e9unions communautaires.<\/li>\n<\/ul>\n\n\n\n<div style=\"height:30px\" aria-hidden=\"true\" class=\"wp-block-spacer\"><\/div>\n<\/div>\n\n\n\n<div class=\"wp-block-column is-layout-flow wp-block-column-is-layout-flow\" style=\"flex-basis:2%\"><\/div>\n<\/div>\n\n\n\n<div style=\"height:20px\" aria-hidden=\"true\" class=\"wp-block-spacer uag-hide-tab uag-hide-mob\"><\/div>\n<\/div>\n\n\n\n<div class=\"wp-block-column uag-hide-tab uag-hide-mob is-layout-flow wp-block-column-is-layout-flow\" style=\"flex-basis:10%\"><\/div>\n<\/div>\n\n\n\n<section class=\"wp-block-uagb-columns uagb-columns__wrap uagb-columns__background-color uagb-columns__stack-mobile uagb-columns__valign- uagb-columns__gap-10 align uagb-block-3fc73a6d uagb-columns__columns-1 uagb-columns__max_width-theme\"><div class=\"uagb-columns__overlay\"><\/div><div class=\"uagb-columns__inner-wrap uagb-columns__columns-1\">\n<div class=\"wp-block-uagb-column uagb-column__wrap uagb-column__background-undefined uagb-block-cf0d325a\"><div class=\"uagb-column__overlay\"><\/div>\n<h4 class=\"wp-block-heading has-depth-green-color has-text-color\" id=\"how-the-ndss-symposium-helps-to-strengthen-the-internet\">Passer \u00e0 l\u2019action<\/h4>\n\n\n\n<div style=\"height:20px\" aria-hidden=\"true\" class=\"wp-block-spacer\"><\/div>\n\n\n\n<div class=\"wp-block-columns is-layout-flex wp-container-core-columns-is-layout-9d6595d7 wp-block-columns-is-layout-flex\">\n<div class=\"wp-block-column is-layout-flow wp-block-column-is-layout-flow\">\n<div class=\"wp-block-cover alignfull is-light has-custom-content-position is-position-bottom-center\" style=\"margin-top:0;padding-top:48px;padding-right:48px;padding-bottom:48px;padding-left:48px\"><img loading=\"lazy\" decoding=\"async\" width=\"600\" height=\"400\" class=\"wp-block-cover__image-background wp-image-201487\" alt=\"people talking and laughing\" src=\"https:\/\/www.internetsociety.org\/wp-content\/uploads\/2023\/10\/Waimanalo-community.jpg\" data-object-fit=\"cover\" srcset=\"https:\/\/www.internetsociety.org\/wp-content\/uploads\/2023\/10\/Waimanalo-community.jpg 600w, https:\/\/www.internetsociety.org\/wp-content\/uploads\/2023\/10\/Waimanalo-community-450x300.jpg 450w, https:\/\/www.internetsociety.org\/wp-content\/uploads\/2023\/10\/Waimanalo-community-250x167.jpg 250w\" sizes=\"auto, (max-width: 600px) 100vw, 600px\" \/><span aria-hidden=\"true\" class=\"wp-block-cover__background has-background-dim-30 has-background-dim\"><\/span><div class=\"wp-block-cover__inner-container is-layout-flow wp-block-cover-is-layout-flow\">\n<div class=\"wp-block-cover background-image-fallback-black has-neutral-white-color has-text-color has-18-font-size\" style=\"min-height:100px;aspect-ratio:unset;\"><span aria-hidden=\"true\" class=\"wp-block-cover__background has-depth-teal-background-color has-background-dim-100 has-background-dim\"><\/span><div class=\"wp-block-cover__inner-container is-layout-constrained wp-block-cover-is-layout-constrained\">\n<p class=\"has-text-align-left has-18-font-size\">Organisez des r\u00e9unions publiques avec votre communaut\u00e9 pour lui pr\u00e9senter tout ce que vous avez fait jusqu\u2019\u00e0 pr\u00e9sent et l\u2019inciter \u00e0 s\u2019impliquer.<br><\/p>\n<\/div><\/div>\n<\/div><\/div>\n<\/div>\n\n\n\n<div class=\"wp-block-column is-layout-flow wp-block-column-is-layout-flow\">\n<div class=\"wp-block-cover alignfull has-custom-content-position is-position-bottom-center\" style=\"margin-top:0;padding-top:48px;padding-right:48px;padding-bottom:48px;padding-left:48px\"><img loading=\"lazy\" decoding=\"async\" width=\"600\" height=\"400\" class=\"wp-block-cover__image-background wp-image-201468\" alt=\"two people talking at an event during a break\" src=\"https:\/\/www.internetsociety.org\/wp-content\/uploads\/2023\/10\/people-at-CN-Europe.jpg\" style=\"object-position:63% 50%\" data-object-fit=\"cover\" data-object-position=\"63% 50%\" srcset=\"https:\/\/www.internetsociety.org\/wp-content\/uploads\/2023\/10\/people-at-CN-Europe.jpg 600w, https:\/\/www.internetsociety.org\/wp-content\/uploads\/2023\/10\/people-at-CN-Europe-450x300.jpg 450w, https:\/\/www.internetsociety.org\/wp-content\/uploads\/2023\/10\/people-at-CN-Europe-250x167.jpg 250w\" sizes=\"auto, (max-width: 600px) 100vw, 600px\" \/><span aria-hidden=\"true\" class=\"wp-block-cover__background has-background-dim-30 has-background-dim\"><\/span><div class=\"wp-block-cover__inner-container is-layout-flow wp-block-cover-is-layout-flow\">\n<div class=\"wp-block-cover background-image-fallback-black has-neutral-white-color has-text-color has-18-font-size\" style=\"min-height:100px;aspect-ratio:unset;\"><span aria-hidden=\"true\" class=\"wp-block-cover__background has-depth-teal-background-color has-background-dim-100 has-background-dim\"><\/span><div class=\"wp-block-cover__inner-container is-layout-constrained wp-block-cover-is-layout-constrained\">\n<p class=\"has-text-align-left has-18-font-size\">Contactez les groupes communautaires locaux et les organisations de services locales pour voir comment ils peuvent vous aider dans votre projet.<br><\/p>\n<\/div><\/div>\n<\/div><\/div>\n<\/div>\n\n\n\n<div class=\"wp-block-column is-layout-flow wp-block-column-is-layout-flow\">\n<div class=\"wp-block-cover alignfull has-custom-content-position is-position-bottom-center\" style=\"margin-top:0;padding-top:48px;padding-right:48px;padding-bottom:48px;padding-left:48px\"><img loading=\"lazy\" decoding=\"async\" width=\"600\" height=\"400\" class=\"wp-block-cover__image-background wp-image-201195\" alt=\"A woman gives a presentation during the Africa CN summit\" src=\"https:\/\/www.internetsociety.org\/wp-content\/uploads\/2023\/10\/Community-Networks-Summit-South-Africa-5.jpg\" data-object-fit=\"cover\" srcset=\"https:\/\/www.internetsociety.org\/wp-content\/uploads\/2023\/10\/Community-Networks-Summit-South-Africa-5.jpg 600w, https:\/\/www.internetsociety.org\/wp-content\/uploads\/2023\/10\/Community-Networks-Summit-South-Africa-5-450x300.jpg 450w, https:\/\/www.internetsociety.org\/wp-content\/uploads\/2023\/10\/Community-Networks-Summit-South-Africa-5-250x167.jpg 250w\" sizes=\"auto, (max-width: 600px) 100vw, 600px\" \/><span aria-hidden=\"true\" class=\"wp-block-cover__background has-background-dim-30 has-background-dim\"><\/span><div class=\"wp-block-cover__inner-container is-layout-flow wp-block-cover-is-layout-flow\">\n<div class=\"wp-block-cover background-image-fallback-black has-neutral-white-color has-text-color has-18-font-size\" style=\"min-height:100px;aspect-ratio:unset;\"><span aria-hidden=\"true\" class=\"wp-block-cover__background has-depth-teal-background-color has-background-dim-100 has-background-dim\"><\/span><div class=\"wp-block-cover__inner-container is-layout-constrained wp-block-cover-is-layout-constrained\">\n<p class=\"has-text-align-left has-18-font-size\">Fournissez des enregistrements et un historique accessible au public sur l\u2019implication des parties prenantes afin d\u2019assurer la transparence de votre action.<br><\/p>\n<\/div><\/div>\n<\/div><\/div>\n<\/div>\n<\/div>\n<\/div>\n<\/div><\/section>\n\n\n\n<div class=\"wp-block-columns margin-bottom-0 is-layout-flex wp-container-core-columns-is-layout-9d6595d7 wp-block-columns-is-layout-flex\">\n<div class=\"wp-block-column is-layout-flow wp-block-column-is-layout-flow\" style=\"flex-basis:10%\"><\/div>\n\n\n\n<div class=\"wp-block-column is-layout-flow wp-block-column-is-layout-flow\" style=\"flex-basis:80%\">\n<div style=\"height:40px\" aria-hidden=\"true\" class=\"wp-block-spacer uag-hide-tab uag-hide-mob\"><\/div>\n\n\n\n<h4 class=\"wp-block-heading has-text-align-left\">En savoir plus<\/h4>\n\n\n\n<div style=\"height:20px\" aria-hidden=\"true\" class=\"wp-block-spacer\"><\/div>\n\n\n\n<ul class=\"wp-block-list has-18-font-size\">\n<li><span class=\"tadv-color\" style=\"color:#2b72d6\"><a href=\"https:\/\/www.internetsociety.org\/fr\/resources\/doc\/2022\/manuel-devaluation-de-letat-de-preparation-des-reseaux-communautaires\/\">Manuel d\u2019\u00e9valuation de l\u2019\u00e9tat de pr\u00e9paration des r\u00e9seaux communautaires:<\/a><\/span><br>Section \u00ab \u00c9tape 2 \u2013 Implication des parties prenantes \u00bb<\/li>\n<\/ul>\n\n\n\n<p class=\"has-18-font-size\"><a href=\"https:\/\/www.internetsociety.org\/fr\/resources\/community-network-diy-toolkit\/deploy-the-community-network\/\">Suite -&gt; 9. D\u00e9ployer le r\u00e9seau communautaire<\/a><\/p>\n\n\n\n<div style=\"height:30px\" aria-hidden=\"true\" class=\"wp-block-spacer uag-hide-tab uag-hide-mob\"><\/div>\n<\/div>\n\n\n\n<div class=\"wp-block-column is-layout-flow wp-block-column-is-layout-flow\" style=\"flex-basis:10%\"><\/div>\n<\/div>\n\n\n\n<p class=\"has-text-align-center has-neutral-white-color has-ground-navy-background-color has-text-color has-background has-12-font-size\">Droits d\u2019auteur:<br>\u00a9 Nyani Quarmyne, \u00a9 Elyse Butler, \u00a9 Levani Zhorzholiani, \u00a9 Nyani Quarmyne<\/p>\n","protected":false},"excerpt":{"rendered":"<p><b>Comment susciter l\u2019enthousiasme et l\u2019adh\u00e9sion de votre communaut\u00e9 au lancement de votre r\u00e9seau ?<\/b><br \/>L\u2019\u00e9tape suivante consiste \u00e0 planifier des r\u00e9unions publiques et d\u2019autres moyens de mobiliser votre communaut\u00e9.<\/p>\n","protected":false},"author":11,"featured_media":201199,"parent":227206,"menu_order":0,"comment_status":"closed","ping_status":"closed","template":"page-wide.php","meta":{"_acf_changed":false,"_uag_custom_page_level_css":"","footnotes":""},"categories":[32],"tags":[],"region_news_regions":[6029],"content_category":[6105],"ppma_author":[6073],"class_list":["post-227251","page","type-page","status-publish","has-post-thumbnail","hentry","category-internet-access","region_news_regions-mondial","content_category-resources-type"],"acf":[],"uagb_featured_image_src":{"full":["https:\/\/www.internetsociety.org\/wp-content\/uploads\/2023\/10\/Community-Networks-Summit-South-Africa-1350x725-1-e1698690237110.jpg",1350,725,false],"thumbnail":["https:\/\/www.internetsociety.org\/wp-content\/uploads\/2023\/10\/Community-Networks-Summit-South-Africa-1350x725-1-150x150.jpg",150,150,true],"medium":["https:\/\/www.internetsociety.org\/wp-content\/uploads\/2023\/10\/Community-Networks-Summit-South-Africa-1350x725-1-450x242.jpg",450,242,true],"medium_large":["https:\/\/www.internetsociety.org\/wp-content\/uploads\/2023\/10\/Community-Networks-Summit-South-Africa-1350x725-1-768x412.jpg",768,412,true],"large":["https:\/\/www.internetsociety.org\/wp-content\/uploads\/2023\/10\/Community-Networks-Summit-South-Africa-1350x725-1-1024x550.jpg",1024,550,true],"1536x1536":["https:\/\/www.internetsociety.org\/wp-content\/uploads\/2023\/10\/Community-Networks-Summit-South-Africa-1350x725-1-e1698690237110.jpg",1350,725,false],"2048x2048":["https:\/\/www.internetsociety.org\/wp-content\/uploads\/2023\/10\/Community-Networks-Summit-South-Africa-1350x725-1-e1698690237110.jpg",1350,725,false],"post-thumbnail":["https:\/\/www.internetsociety.org\/wp-content\/uploads\/2023\/10\/Community-Networks-Summit-South-Africa-1350x725-1-250x134.jpg",250,134,true],"square":["https:\/\/www.internetsociety.org\/wp-content\/uploads\/2023\/10\/Community-Networks-Summit-South-Africa-1350x725-1-600x600.jpg",600,600,true],"gform-image-choice-sm":["https:\/\/www.internetsociety.org\/wp-content\/uploads\/2023\/10\/Community-Networks-Summit-South-Africa-1350x725-1-e1698690237110.jpg",300,161,false],"gform-image-choice-md":["https:\/\/www.internetsociety.org\/wp-content\/uploads\/2023\/10\/Community-Networks-Summit-South-Africa-1350x725-1-e1698690237110.jpg",400,215,false],"gform-image-choice-lg":["https:\/\/www.internetsociety.org\/wp-content\/uploads\/2023\/10\/Community-Networks-Summit-South-Africa-1350x725-1-e1698690237110.jpg",600,322,false]},"uagb_author_info":{"display_name":"Internet Society","author_link":"https:\/\/www.internetsociety.org\/fr\/author\/isoc\/"},"uagb_comment_info":0,"uagb_excerpt":"Comment susciter l\u2019enthousiasme et l\u2019adh\u00e9sion de votre communaut\u00e9 au lancement de votre r\u00e9seau ?L\u2019\u00e9tape suivante consiste \u00e0 planifier des r\u00e9unions publiques et d\u2019autres moyens de mobiliser votre communaut\u00e9.","_links":{"self":[{"href":"https:\/\/www.internetsociety.org\/fr\/wp-json\/wp\/v2\/pages\/227251","targetHints":{"allow":["GET"]}}],"collection":[{"href":"https:\/\/www.internetsociety.org\/fr\/wp-json\/wp\/v2\/pages"}],"about":[{"href":"https:\/\/www.internetsociety.org\/fr\/wp-json\/wp\/v2\/types\/page"}],"author":[{"embeddable":true,"href":"https:\/\/www.internetsociety.org\/fr\/wp-json\/wp\/v2\/users\/11"}],"replies":[{"embeddable":true,"href":"https:\/\/www.internetsociety.org\/fr\/wp-json\/wp\/v2\/comments?post=227251"}],"version-history":[{"count":0,"href":"https:\/\/www.internetsociety.org\/fr\/wp-json\/wp\/v2\/pages\/227251\/revisions"}],"up":[{"embeddable":true,"href":"https:\/\/www.internetsociety.org\/fr\/wp-json\/wp\/v2\/pages\/227206"}],"wp:featuredmedia":[{"embeddable":true,"href":"https:\/\/www.internetsociety.org\/fr\/wp-json\/wp\/v2\/media\/201199"}],"wp:attachment":[{"href":"https:\/\/www.internetsociety.org\/fr\/wp-json\/wp\/v2\/media?parent=227251"}],"wp:term":[{"taxonomy":"category","embeddable":true,"href":"https:\/\/www.internetsociety.org\/fr\/wp-json\/wp\/v2\/categories?post=227251"},{"taxonomy":"post_tag","embeddable":true,"href":"https:\/\/www.internetsociety.org\/fr\/wp-json\/wp\/v2\/tags?post=227251"},{"taxonomy":"region_news_regions","embeddable":true,"href":"https:\/\/www.internetsociety.org\/fr\/wp-json\/wp\/v2\/region_news_regions?post=227251"},{"taxonomy":"content_category","embeddable":true,"href":"https:\/\/www.internetsociety.org\/fr\/wp-json\/wp\/v2\/content_category?post=227251"},{"taxonomy":"author","embeddable":true,"href":"https:\/\/www.internetsociety.org\/fr\/wp-json\/wp\/v2\/ppma_author?post=227251"}],"curies":[{"name":"wp","href":"https:\/\/api.w.org\/{rel}","templated":true}]}}