{"id":227245,"date":"2023-10-31T09:35:00","date_gmt":"2023-10-31T09:35:00","guid":{"rendered":"https:\/\/www.internetsociety.org\/?page_id=227245"},"modified":"2025-08-11T15:19:40","modified_gmt":"2025-08-11T15:19:40","slug":"rechercher-la-viabilite-financiere","status":"publish","type":"page","link":"https:\/\/www.internetsociety.org\/fr\/resources\/community-network-diy-toolkit\/research-financial-sustainability\/","title":{"rendered":"6. Rechercher la viabilit\u00e9 financi\u00e8re"},"content":{"rendered":"\n<section class=\"wp-block-uagb-columns uagb-columns__wrap uagb-columns__background-image uagb-columns__stack-mobile uagb-columns__valign- uagb-columns__gap-10 align uagb-block-1b60d478 uagb-columns__columns-1 uagb-columns__max_width-theme background-image-fallback-black uag-hide-tab uag-hide-mob\"><div class=\"uagb-columns__overlay\"><\/div><div class=\"uagb-columns__inner-wrap uagb-columns__columns-1\">\n<div class=\"wp-block-uagb-column uagb-column__wrap uagb-column__background-undefined uagb-block-6da44868\"><div class=\"uagb-column__overlay\"><\/div>\n<p class=\"has-neutral-white-color has-text-color has-18-font-size\"><a href=\"https:\/\/internetsociety.org\/fr\/resources\/community-network-diy-toolkit\/\">Bo\u00eete \u00e0 outils pour r\u00e9seaux communautaires<\/a> &gt; Rechercher la viabilit\u00e9 financi\u00e8re<\/p>\n\n\n\n<div style=\"height:30px\" aria-hidden=\"true\" class=\"wp-block-spacer\"><\/div>\n\n\n\n<h1 class=\"wp-block-heading has-neutral-white-color has-text-color\">6. Rechercher<br>la viabilit\u00e9 financi\u00e8re<\/h1>\n<\/div>\n<\/div><\/section>\n\n\n\n<div class=\"wp-block-columns uag-hide-desktop is-layout-flex wp-container-core-columns-is-layout-9d6595d7 wp-block-columns-is-layout-flex\">\n<div class=\"wp-block-column uag-hide-tab uag-hide-mob is-layout-flow wp-block-column-is-layout-flow\" style=\"flex-basis:10%\"><\/div>\n\n\n\n<div class=\"wp-block-column is-layout-flow wp-block-column-is-layout-flow\" style=\"flex-basis:80%\">\n<div style=\"height:30px\" aria-hidden=\"true\" class=\"wp-block-spacer uag-hide-desktop\"><\/div>\n\n\n\n<p class=\"has-text-align-left has-18-font-size\"><a href=\"https:\/\/internetsociety.org\/fr\/resources\/community-network-diy-toolkit\/\">Bo\u00eete \u00e0 outils pour r\u00e9seaux communautaires<\/a> &gt;<\/p>\n\n\n\n<div style=\"height:10px\" aria-hidden=\"true\" class=\"wp-block-spacer\"><\/div>\n\n\n\n<h1 class=\"wp-block-heading has-text-align-left\">6. Rechercher la viabilit\u00e9 financi\u00e8re<\/h1>\n\n\n\n<div style=\"height:30px\" aria-hidden=\"true\" class=\"wp-block-spacer uag-hide-desktop\"><\/div>\n\n\n\n<figure class=\"wp-block-image size-full\"><img loading=\"lazy\" decoding=\"async\" width=\"600\" height=\"275\" src=\"https:\/\/www.internetsociety.org\/wp-content\/uploads\/2023\/10\/woman-looking-at-phone-hill.jpg\" alt=\"a woman looking at the phone sitting at the top of the hill\" class=\"wp-image-200044\" srcset=\"https:\/\/www.internetsociety.org\/wp-content\/uploads\/2023\/10\/woman-looking-at-phone-hill.jpg 600w, https:\/\/www.internetsociety.org\/wp-content\/uploads\/2023\/10\/woman-looking-at-phone-hill-450x206.jpg 450w, https:\/\/www.internetsociety.org\/wp-content\/uploads\/2023\/10\/woman-looking-at-phone-hill-250x115.jpg 250w\" sizes=\"auto, (max-width: 600px) 100vw, 600px\" \/><\/figure>\n<\/div>\n\n\n\n<div class=\"wp-block-column uag-hide-tab uag-hide-mob is-layout-flow wp-block-column-is-layout-flow\" style=\"flex-basis:10%\"><\/div>\n<\/div>\n\n\n\n<div class=\"wp-block-columns is-layout-flex wp-container-core-columns-is-layout-9d6595d7 wp-block-columns-is-layout-flex\">\n<div class=\"wp-block-column uag-hide-tab uag-hide-mob is-layout-flow wp-block-column-is-layout-flow\" style=\"flex-basis:10%\"><\/div>\n\n\n\n<div class=\"wp-block-column is-layout-flow wp-block-column-is-layout-flow\" style=\"flex-basis:80%\">\n<div style=\"height:40px\" aria-hidden=\"true\" class=\"wp-block-spacer uag-hide-tab uag-hide-mob\"><\/div>\n\n\n\n<div style=\"height:20px\" aria-hidden=\"true\" class=\"wp-block-spacer uag-hide-desktop\"><\/div>\n\n\n\n<h2 class=\"wp-block-heading has-accent-purple-color has-text-color has-48-font-size\" id=\"we-will-equip-the-global-encryption-coalition-and-the-internet-society-community-with-the-tools-needed-to-help-increase-awareness-of-the-value-of-encryption\">Comment financer votre r\u00e9seau communautaire sur le long terme ?<\/h2>\n\n\n\n<div style=\"height:30px\" aria-hidden=\"true\" class=\"wp-block-spacer\"><\/div>\n\n\n\n<p class=\"has-18-font-size\">Bien que des subventions et des dons puissent \u00eatre disponibles pour lancer un r\u00e9seau communautaire, ce type de financement n\u2019est pas viable \u00e0 long terme. Un travail consid\u00e9rable sera n\u00e9cessaire pour d\u00e9velopper un mod\u00e8le \u00e9conomique adapt\u00e9 \u00e0 votre situation afin de garantir la p\u00e9rennit\u00e9 des ressources humaines et technologiques, et des processus.<\/p>\n\n\n\n<div class=\"wp-block-columns is-not-stacked-on-mobile has-neutral-white-background-color has-background is-layout-flex wp-container-core-columns-is-layout-9d6595d7 wp-block-columns-is-layout-flex\">\n<div class=\"wp-block-column is-layout-flow wp-block-column-is-layout-flow\" style=\"flex-basis:2%\"><\/div>\n\n\n\n<div class=\"wp-block-column is-layout-flow wp-block-column-is-layout-flow\" style=\"flex-basis:90%\">\n<div style=\"height:30px\" aria-hidden=\"true\" class=\"wp-block-spacer\"><\/div>\n\n\n\n<h3 class=\"wp-block-heading has-32-font-size\">Points cl\u00e9s<\/h3>\n\n\n\n<div style=\"height:20px\" aria-hidden=\"true\" class=\"wp-block-spacer\"><\/div>\n\n\n\n<ul class=\"wp-block-list has-18-font-size\">\n<li>Diff\u00e9rents mod\u00e8les de financement et de revenus s\u2019appliquent souvent aux phases distinctes de d\u00e9marrage, d\u2019encadrement et d\u2019exploitation d\u2019un r\u00e9seau communautaire. Les co\u00fbts, les flux de revenus et les besoins \u00e9voluent au cours de ces \u00e9tapes.<\/li>\n\n\n\n<li>M\u00eame si des frais d\u2019utilisation ou de service permettent de g\u00e9n\u00e9rer des revenus, ces frais doivent tenir compte des valeurs et des moyens de la communaut\u00e9.<\/li>\n\n\n\n<li>Le d\u00e9veloppement de l\u2019efficacit\u00e9 financi\u00e8re et de flux de revenus suffisants permet d\u2019assurer la viabilit\u00e9 \u00e0 long terme.<\/li>\n\n\n\n<li>Des projections financi\u00e8res d\u00e9taill\u00e9es permettent de tester en profondeur les id\u00e9es et les mod\u00e8les commerciaux, mais les projections doivent \u00eatre solidement ancr\u00e9es dans la r\u00e9alit\u00e9 op\u00e9rationnelle.<\/li>\n\n\n\n<li>Des approches strat\u00e9giques telles que la g\u00e9n\u00e9ration de revenus localis\u00e9s et le partage de services avec d\u2019autres r\u00e9seaux peuvent avoir un impact positif sur la durabilit\u00e9.<\/li>\n<\/ul>\n\n\n\n<div style=\"height:30px\" aria-hidden=\"true\" class=\"wp-block-spacer\"><\/div>\n<\/div>\n\n\n\n<div class=\"wp-block-column is-layout-flow wp-block-column-is-layout-flow\" style=\"flex-basis:2%\"><\/div>\n<\/div>\n\n\n\n<div style=\"height:20px\" aria-hidden=\"true\" class=\"wp-block-spacer uag-hide-tab uag-hide-mob\"><\/div>\n<\/div>\n\n\n\n<div class=\"wp-block-column uag-hide-tab uag-hide-mob is-layout-flow wp-block-column-is-layout-flow\" style=\"flex-basis:10%\"><\/div>\n<\/div>\n\n\n\n<section class=\"wp-block-uagb-columns uagb-columns__wrap uagb-columns__background-color uagb-columns__stack-mobile uagb-columns__valign- uagb-columns__gap-10 align uagb-block-3fc73a6d uagb-columns__columns-1 uagb-columns__max_width-theme\"><div class=\"uagb-columns__overlay\"><\/div><div class=\"uagb-columns__inner-wrap uagb-columns__columns-1\">\n<div class=\"wp-block-uagb-column uagb-column__wrap uagb-column__background-undefined uagb-block-cf0d325a\"><div class=\"uagb-column__overlay\"><\/div>\n<h4 class=\"wp-block-heading has-depth-green-color has-text-color\" id=\"how-the-ndss-symposium-helps-to-strengthen-the-internet\">Passer \u00e0 l\u2019action<\/h4>\n\n\n\n<div style=\"height:20px\" aria-hidden=\"true\" class=\"wp-block-spacer\"><\/div>\n\n\n\n<div class=\"wp-block-columns is-layout-flex wp-container-core-columns-is-layout-9d6595d7 wp-block-columns-is-layout-flex\">\n<div class=\"wp-block-column is-layout-flow wp-block-column-is-layout-flow\">\n<div class=\"wp-block-cover alignfull has-custom-content-position is-position-bottom-center\" style=\"margin-top:0;padding-top:48px;padding-right:48px;padding-bottom:48px;padding-left:48px\"><img loading=\"lazy\" decoding=\"async\" width=\"1000\" height=\"667\" class=\"wp-block-cover__image-background wp-image-138137\" alt=\"a group of people around the computer searching for something online\" src=\"https:\/\/www.internetsociety.org\/wp-content\/uploads\/2021\/04\/Medium-WaimanaloInternetSociety002.jpg\" data-object-fit=\"cover\" srcset=\"https:\/\/www.internetsociety.org\/wp-content\/uploads\/2021\/04\/Medium-WaimanaloInternetSociety002.jpg 1000w, https:\/\/www.internetsociety.org\/wp-content\/uploads\/2021\/04\/Medium-WaimanaloInternetSociety002-450x300.jpg 450w, https:\/\/www.internetsociety.org\/wp-content\/uploads\/2021\/04\/Medium-WaimanaloInternetSociety002-768x512.jpg 768w, https:\/\/www.internetsociety.org\/wp-content\/uploads\/2021\/04\/Medium-WaimanaloInternetSociety002-250x167.jpg 250w\" sizes=\"auto, (max-width: 1000px) 100vw, 1000px\" \/><span aria-hidden=\"true\" class=\"wp-block-cover__background has-background-dim-30 has-background-dim\"><\/span><div class=\"wp-block-cover__inner-container is-layout-flow wp-block-cover-is-layout-flow\">\n<div class=\"wp-block-cover background-image-fallback-black has-neutral-white-color has-text-color has-18-font-size\" style=\"min-height:100px;aspect-ratio:unset;\"><span aria-hidden=\"true\" class=\"wp-block-cover__background has-depth-teal-background-color has-background-dim-100 has-background-dim\"><\/span><div class=\"wp-block-cover__inner-container is-layout-constrained wp-block-cover-is-layout-constrained\">\n<p class=\"has-text-align-left has-18-font-size\">R\u00e9aliser des \u00e9tudes de march\u00e9. D\u00e9terminer ce que les gens d\u00e9pensent actuellement pour la connectivit\u00e9 et quelles sont les limites de l\u2019accessibilit\u00e9 financi\u00e8re.<br><\/p>\n<\/div><\/div>\n<\/div><\/div>\n<\/div>\n\n\n\n<div class=\"wp-block-column is-layout-flow wp-block-column-is-layout-flow\">\n<div class=\"wp-block-cover alignfull is-light has-custom-content-position is-position-bottom-center\" style=\"margin-top:0;padding-top:48px;padding-right:48px;padding-bottom:48px;padding-left:48px\"><img loading=\"lazy\" decoding=\"async\" width=\"600\" height=\"400\" class=\"wp-block-cover__image-background wp-image-201165\" alt=\"Three women looking at the paper\" src=\"https:\/\/www.internetsociety.org\/wp-content\/uploads\/2023\/10\/Summit-on-Community-Networks-in-Africa-3.jpg\" data-object-fit=\"cover\" srcset=\"https:\/\/www.internetsociety.org\/wp-content\/uploads\/2023\/10\/Summit-on-Community-Networks-in-Africa-3.jpg 600w, https:\/\/www.internetsociety.org\/wp-content\/uploads\/2023\/10\/Summit-on-Community-Networks-in-Africa-3-450x300.jpg 450w, https:\/\/www.internetsociety.org\/wp-content\/uploads\/2023\/10\/Summit-on-Community-Networks-in-Africa-3-250x167.jpg 250w\" sizes=\"auto, (max-width: 600px) 100vw, 600px\" \/><span aria-hidden=\"true\" class=\"wp-block-cover__background has-background-dim-30 has-background-dim\"><\/span><div class=\"wp-block-cover__inner-container is-layout-flow wp-block-cover-is-layout-flow\">\n<div class=\"wp-block-cover background-image-fallback-black has-neutral-white-color has-text-color has-18-font-size\" style=\"min-height:100px;aspect-ratio:unset;\"><span aria-hidden=\"true\" class=\"wp-block-cover__background has-depth-teal-background-color has-background-dim-100 has-background-dim\"><\/span><div class=\"wp-block-cover__inner-container is-layout-constrained wp-block-cover-is-layout-constrained\">\n<p class=\"has-text-align-left has-18-font-size\">Dressez la liste des premiers types de co\u00fbts li\u00e9s \u00e0 la mise en place et au fonctionnement du r\u00e9seau communautaire.<\/p>\n<\/div><\/div>\n<\/div><\/div>\n<\/div>\n<\/div>\n\n\n\n<div class=\"wp-block-columns is-layout-flex wp-container-core-columns-is-layout-9d6595d7 wp-block-columns-is-layout-flex\">\n<div class=\"wp-block-column is-layout-flow wp-block-column-is-layout-flow\">\n<div class=\"wp-block-cover alignfull has-custom-content-position is-position-bottom-center\" style=\"margin-top:0;padding-top:48px;padding-right:48px;padding-bottom:48px;padding-left:48px\"><img loading=\"lazy\" decoding=\"async\" width=\"1280\" height=\"550\" class=\"wp-block-cover__image-background wp-image-119340\" alt=\"A woman holds a tablet while a group of people look at it together in India\" src=\"https:\/\/www.internetsociety.org\/wp-content\/uploads\/2020\/07\/community-networks-covid-india.jpg\" style=\"object-position:49% 63%\" data-object-fit=\"cover\" data-object-position=\"49% 63%\" srcset=\"https:\/\/www.internetsociety.org\/wp-content\/uploads\/2020\/07\/community-networks-covid-india.jpg 1280w, https:\/\/www.internetsociety.org\/wp-content\/uploads\/2020\/07\/community-networks-covid-india-450x193.jpg 450w, https:\/\/www.internetsociety.org\/wp-content\/uploads\/2020\/07\/community-networks-covid-india-1024x440.jpg 1024w, https:\/\/www.internetsociety.org\/wp-content\/uploads\/2020\/07\/community-networks-covid-india-768x330.jpg 768w, https:\/\/www.internetsociety.org\/wp-content\/uploads\/2020\/07\/community-networks-covid-india-250x107.jpg 250w\" sizes=\"auto, (max-width: 1280px) 100vw, 1280px\" \/><span aria-hidden=\"true\" class=\"wp-block-cover__background has-background-dim-30 has-background-dim\"><\/span><div class=\"wp-block-cover__inner-container is-layout-flow wp-block-cover-is-layout-flow\">\n<div class=\"wp-block-cover background-image-fallback-black has-neutral-white-color has-text-color\" style=\"min-height:100px;aspect-ratio:unset;\"><span aria-hidden=\"true\" class=\"wp-block-cover__background has-depth-teal-background-color has-background-dim-100 has-background-dim\"><\/span><div class=\"wp-block-cover__inner-container is-layout-constrained wp-block-cover-is-layout-constrained\">\n<p class=\"has-text-align-left has-18-font-size\">\u00c9laborer un plan financier solide.<\/p>\n<\/div><\/div>\n<\/div><\/div>\n<\/div>\n\n\n\n<div class=\"wp-block-column is-layout-flow wp-block-column-is-layout-flow\">\n<div class=\"wp-block-cover alignfull is-light has-custom-content-position is-position-bottom-center\" style=\"margin-top:0;padding-top:48px;padding-right:48px;padding-bottom:48px;padding-left:48px\"><img loading=\"lazy\" decoding=\"async\" width=\"600\" height=\"400\" class=\"wp-block-cover__image-background wp-image-201722\" alt=\"a group of women surfing the Internet in a huge conference room\" src=\"https:\/\/www.internetsociety.org\/wp-content\/uploads\/2023\/10\/NANUM-classroom.jpg\" data-object-fit=\"cover\" srcset=\"https:\/\/www.internetsociety.org\/wp-content\/uploads\/2023\/10\/NANUM-classroom.jpg 600w, https:\/\/www.internetsociety.org\/wp-content\/uploads\/2023\/10\/NANUM-classroom-450x300.jpg 450w, https:\/\/www.internetsociety.org\/wp-content\/uploads\/2023\/10\/NANUM-classroom-250x167.jpg 250w\" sizes=\"auto, (max-width: 600px) 100vw, 600px\" \/><span aria-hidden=\"true\" class=\"wp-block-cover__background has-background-dim-30 has-background-dim\"><\/span><div class=\"wp-block-cover__inner-container is-layout-flow wp-block-cover-is-layout-flow\">\n<div class=\"wp-block-cover background-image-fallback-black has-neutral-white-color has-text-color has-18-font-size\" style=\"min-height:100px;aspect-ratio:unset;\"><span aria-hidden=\"true\" class=\"wp-block-cover__background has-depth-teal-background-color has-background-dim-100 has-background-dim\"><\/span><div class=\"wp-block-cover__inner-container is-layout-constrained wp-block-cover-is-layout-constrained\">\n<p class=\"has-text-align-left has-18-font-size\">Chercher les <a href=\"https:\/\/www.internetsociety.org\/fr\/funding-areas\/connecting-the-unconnected\/\">subventions disponibles<\/a>.<\/p>\n<\/div><\/div>\n<\/div><\/div>\n<\/div>\n<\/div>\n<\/div>\n<\/div><\/section>\n\n\n\n<div class=\"wp-block-columns margin-bottom-0 is-layout-flex wp-container-core-columns-is-layout-9d6595d7 wp-block-columns-is-layout-flex\">\n<div class=\"wp-block-column is-layout-flow wp-block-column-is-layout-flow\" style=\"flex-basis:10%\"><\/div>\n\n\n\n<div class=\"wp-block-column is-layout-flow wp-block-column-is-layout-flow\" style=\"flex-basis:80%\">\n<div style=\"height:40px\" aria-hidden=\"true\" class=\"wp-block-spacer uag-hide-tab uag-hide-mob\"><\/div>\n\n\n\n<h4 class=\"wp-block-heading has-text-align-left\">En savoir plus<\/h4>\n\n\n\n<div style=\"height:20px\" aria-hidden=\"true\" class=\"wp-block-spacer\"><\/div>\n\n\n\n<ul class=\"wp-block-list has-18-font-size\">\n<li><span class=\"tadv-color\" style=\"color:#2b72d6\"><a href=\"https:\/\/www.internetsociety.org\/fr\/resources\/doc\/2022\/manuel-devaluation-de-letat-de-preparation-des-reseaux-communautaires\/\">Manuel sur l\u2019\u00e9tat de pr\u00e9paration du r\u00e9seau communautaire<\/a><\/span> section \u00ab Durabilit\u00e9 financi\u00e8re \u00bb et la feuille de calcul Excel \u00ab Outil technico-\u00e9conomique pour remplir le cahier de financement \u00bb<\/li>\n\n\n\n<li><span class=\"tadv-color\" style=\"color:#2b72d6\"><a href=\"https:\/\/www.internetsociety.org\/resources\/doc\/2022\/financing-mechanisms-for-locally-owned-internet-infrastructure\/\">M\u00e9canismes de financement des infrastructures Internet locales<\/a><\/span><\/li>\n\n\n\n<li><span class=\"tadv-color\" style=\"color:#2b72d6\"><a href=\"https:\/\/www.internetsociety.org\/fr\/funding-areas\/connecting-the-unconnected\/\">Programme de subventions \u00ab Connecter les non-connect\u00e9s \u00bb<\/a><\/span> (Fondation Internet Society)<\/li>\n\n\n\n<li><span class=\"tadv-color\" style=\"color:#2b72d6\"><a href=\"https:\/\/comconnectivity.org\/wp-content\/uploads\/2021\/12\/Community-Networks-Towards-Sustainable-Funding-Models.pdf\">R\u00e9seaux communautaires : Vers des mod\u00e8les de financement durables<\/a><\/span> (Dynamic Coalition on Community Connectivity)<\/li>\n\n\n\n<li><span class=\"tadv-color\" style=\"color:#2b72d6\"><a href=\"https:\/\/www.internetsociety.org\/resources\/doc\/2021\/guide-to-broadband-funding-opportunities-in-us\/\">Guide des opportunit\u00e9s de financement f\u00e9d\u00e9ral du haut d\u00e9bit aux \u00c9tats-Unis<\/a><\/span><\/li>\n<\/ul>\n\n\n\n<p class=\"has-18-font-size\"><a href=\"https:\/\/www.internetsociety.org\/fr\/resources\/community-network-diy-toolkit\/decide-on-organization-structure\/\">Suite -&gt; 7. D\u00e9finir la structure organisationnelle<\/a><\/p>\n\n\n\n<div style=\"height:30px\" aria-hidden=\"true\" class=\"wp-block-spacer uag-hide-tab uag-hide-mob\"><\/div>\n<\/div>\n\n\n\n<div class=\"wp-block-column is-layout-flow wp-block-column-is-layout-flow\" style=\"flex-basis:10%\"><\/div>\n<\/div>\n\n\n\n<p class=\"has-text-align-center has-neutral-white-color has-ground-navy-background-color has-text-color has-background has-12-font-size\">Droits d\u2019auteur:<br>\u00a9 Nyani Quarmyne, \u00a9 Elyse Butler, \u00a9 Nyani Quarmyne, \u00a9 Atul Loke, \u00a9 Gustavo Castellanos Echaz\u00fa<\/p>\n","protected":false},"excerpt":{"rendered":"<p><b>Comment financer votre r\u00e9seau communautaire \u00e0 long terme ? <\/b><br \/>Vous devez d\u00e9velopper un mod\u00e8le \u00e9conomique performant pour garantir la p\u00e9rennit\u00e9 des personnes, des technologies et des processus.<\/p>\n","protected":false},"author":11,"featured_media":176881,"parent":227206,"menu_order":0,"comment_status":"closed","ping_status":"closed","template":"page-wide.php","meta":{"_acf_changed":false,"_uag_custom_page_level_css":"","footnotes":""},"categories":[32],"tags":[],"region_news_regions":[6029],"content_category":[6105],"ppma_author":[6073],"class_list":["post-227245","page","type-page","status-publish","has-post-thumbnail","hentry","category-internet-access","region_news_regions-mondial","content_category-resources-type"],"acf":[],"uagb_featured_image_src":{"full":["https:\/\/www.internetsociety.org\/wp-content\/uploads\/2022\/08\/woman-looking-at-phone-hill.jpeg",1300,800,false],"thumbnail":["https:\/\/www.internetsociety.org\/wp-content\/uploads\/2022\/08\/woman-looking-at-phone-hill-150x150.jpeg",150,150,true],"medium":["https:\/\/www.internetsociety.org\/wp-content\/uploads\/2022\/08\/woman-looking-at-phone-hill-450x277.jpeg",450,277,true],"medium_large":["https:\/\/www.internetsociety.org\/wp-content\/uploads\/2022\/08\/woman-looking-at-phone-hill-768x473.jpeg",768,473,true],"large":["https:\/\/www.internetsociety.org\/wp-content\/uploads\/2022\/08\/woman-looking-at-phone-hill-1024x630.jpeg",1024,630,true],"1536x1536":["https:\/\/www.internetsociety.org\/wp-content\/uploads\/2022\/08\/woman-looking-at-phone-hill.jpeg",1300,800,false],"2048x2048":["https:\/\/www.internetsociety.org\/wp-content\/uploads\/2022\/08\/woman-looking-at-phone-hill.jpeg",1300,800,false],"post-thumbnail":["https:\/\/www.internetsociety.org\/wp-content\/uploads\/2022\/08\/woman-looking-at-phone-hill-250x154.jpeg",250,154,true],"square":["https:\/\/www.internetsociety.org\/wp-content\/uploads\/2022\/08\/woman-looking-at-phone-hill-600x600.jpeg",600,600,true],"gform-image-choice-sm":["https:\/\/www.internetsociety.org\/wp-content\/uploads\/2022\/08\/woman-looking-at-phone-hill.jpeg",300,185,false],"gform-image-choice-md":["https:\/\/www.internetsociety.org\/wp-content\/uploads\/2022\/08\/woman-looking-at-phone-hill.jpeg",400,246,false],"gform-image-choice-lg":["https:\/\/www.internetsociety.org\/wp-content\/uploads\/2022\/08\/woman-looking-at-phone-hill.jpeg",600,369,false]},"uagb_author_info":{"display_name":"Internet Society","author_link":"https:\/\/www.internetsociety.org\/fr\/author\/isoc\/"},"uagb_comment_info":0,"uagb_excerpt":"Comment financer votre r\u00e9seau communautaire \u00e0 long terme ? Vous devez d\u00e9velopper un mod\u00e8le \u00e9conomique performant pour garantir la p\u00e9rennit\u00e9 des personnes, des technologies et des processus.","_links":{"self":[{"href":"https:\/\/www.internetsociety.org\/fr\/wp-json\/wp\/v2\/pages\/227245","targetHints":{"allow":["GET"]}}],"collection":[{"href":"https:\/\/www.internetsociety.org\/fr\/wp-json\/wp\/v2\/pages"}],"about":[{"href":"https:\/\/www.internetsociety.org\/fr\/wp-json\/wp\/v2\/types\/page"}],"author":[{"embeddable":true,"href":"https:\/\/www.internetsociety.org\/fr\/wp-json\/wp\/v2\/users\/11"}],"replies":[{"embeddable":true,"href":"https:\/\/www.internetsociety.org\/fr\/wp-json\/wp\/v2\/comments?post=227245"}],"version-history":[{"count":0,"href":"https:\/\/www.internetsociety.org\/fr\/wp-json\/wp\/v2\/pages\/227245\/revisions"}],"up":[{"embeddable":true,"href":"https:\/\/www.internetsociety.org\/fr\/wp-json\/wp\/v2\/pages\/227206"}],"wp:featuredmedia":[{"embeddable":true,"href":"https:\/\/www.internetsociety.org\/fr\/wp-json\/wp\/v2\/media\/176881"}],"wp:attachment":[{"href":"https:\/\/www.internetsociety.org\/fr\/wp-json\/wp\/v2\/media?parent=227245"}],"wp:term":[{"taxonomy":"category","embeddable":true,"href":"https:\/\/www.internetsociety.org\/fr\/wp-json\/wp\/v2\/categories?post=227245"},{"taxonomy":"post_tag","embeddable":true,"href":"https:\/\/www.internetsociety.org\/fr\/wp-json\/wp\/v2\/tags?post=227245"},{"taxonomy":"region_news_regions","embeddable":true,"href":"https:\/\/www.internetsociety.org\/fr\/wp-json\/wp\/v2\/region_news_regions?post=227245"},{"taxonomy":"content_category","embeddable":true,"href":"https:\/\/www.internetsociety.org\/fr\/wp-json\/wp\/v2\/content_category?post=227245"},{"taxonomy":"author","embeddable":true,"href":"https:\/\/www.internetsociety.org\/fr\/wp-json\/wp\/v2\/ppma_author?post=227245"}],"curies":[{"name":"wp","href":"https:\/\/api.w.org\/{rel}","templated":true}]}}