{"id":227241,"date":"2023-10-31T09:36:00","date_gmt":"2023-10-31T09:36:00","guid":{"rendered":"https:\/\/www.internetsociety.org\/?page_id=227241"},"modified":"2025-08-12T19:37:20","modified_gmt":"2025-08-12T19:37:20","slug":"identifier-les-besoins-technologiques","status":"publish","type":"page","link":"https:\/\/www.internetsociety.org\/fr\/resources\/community-network-diy-toolkit\/determine-technology-requirements\/","title":{"rendered":"5. Identifier les besoins technologiques"},"content":{"rendered":"\n<section class=\"wp-block-uagb-columns uagb-columns__wrap uagb-columns__background-image uagb-columns__stack-mobile uagb-columns__valign- uagb-columns__gap-10 align uagb-block-1b60d478 uagb-columns__columns-1 uagb-columns__max_width-theme background-image-fallback-black uag-hide-tab uag-hide-mob\"><div class=\"uagb-columns__overlay\"><\/div><div class=\"uagb-columns__inner-wrap uagb-columns__columns-1\">\n<div class=\"wp-block-uagb-column uagb-column__wrap uagb-column__background-undefined uagb-block-6da44868\"><div class=\"uagb-column__overlay\"><\/div>\n<p class=\"has-neutral-white-color has-text-color has-18-font-size\"><a href=\"https:\/\/internetsociety.org\/fr\/resources\/community-network-diy-toolkit\/\">Bo\u00eete \u00e0 outils pour r\u00e9seaux communautaires<\/a> &gt; Identifier les besoins technologiques<\/p>\n\n\n\n<div style=\"height:30px\" aria-hidden=\"true\" class=\"wp-block-spacer\"><\/div>\n\n\n\n<h1 class=\"wp-block-heading has-neutral-white-color has-text-color\">5. Identifier<br>les besoins technologiques<\/h1>\n<\/div>\n<\/div><\/section>\n\n\n\n<div class=\"wp-block-columns uag-hide-desktop is-layout-flex wp-container-core-columns-is-layout-9d6595d7 wp-block-columns-is-layout-flex\">\n<div class=\"wp-block-column uag-hide-tab uag-hide-mob is-layout-flow wp-block-column-is-layout-flow\" style=\"flex-basis:10%\"><\/div>\n\n\n\n<div class=\"wp-block-column is-layout-flow wp-block-column-is-layout-flow\" style=\"flex-basis:80%\">\n<div style=\"height:30px\" aria-hidden=\"true\" class=\"wp-block-spacer uag-hide-desktop\"><\/div>\n\n\n\n<p class=\"has-text-align-left has-18-font-size\"><a href=\"https:\/\/internetsociety.org\/fr\/resources\/community-network-diy-toolkit\/\">Bo\u00eete \u00e0 outils pour r\u00e9seaux communautaires<\/a> &gt;<\/p>\n\n\n\n<div style=\"height:10px\" aria-hidden=\"true\" class=\"wp-block-spacer\"><\/div>\n\n\n\n<h1 class=\"wp-block-heading has-text-align-left\">5. Identifier les besoins technologiques<\/h1>\n\n\n\n<div style=\"height:30px\" aria-hidden=\"true\" class=\"wp-block-spacer uag-hide-desktop\"><\/div>\n\n\n\n<figure class=\"wp-block-image size-large\"><img decoding=\"async\" src=\"https:\/\/www.internetsociety.org\/wp-content\/uploads\/2019\/10\/20170705_191315_DSCF3774.jpg\" alt=\"a man in a field checking if antenna is aligned\" class=\"wp-image-105907\"\/><\/figure>\n<\/div>\n\n\n\n<div class=\"wp-block-column uag-hide-tab uag-hide-mob is-layout-flow wp-block-column-is-layout-flow\" style=\"flex-basis:10%\"><\/div>\n<\/div>\n\n\n\n<div class=\"wp-block-columns is-layout-flex wp-container-core-columns-is-layout-9d6595d7 wp-block-columns-is-layout-flex\">\n<div class=\"wp-block-column uag-hide-tab uag-hide-mob is-layout-flow wp-block-column-is-layout-flow\" style=\"flex-basis:10%\"><\/div>\n\n\n\n<div class=\"wp-block-column is-layout-flow wp-block-column-is-layout-flow\" style=\"flex-basis:80%\">\n<div style=\"height:40px\" aria-hidden=\"true\" class=\"wp-block-spacer uag-hide-tab uag-hide-mob\"><\/div>\n\n\n\n<div style=\"height:20px\" aria-hidden=\"true\" class=\"wp-block-spacer uag-hide-desktop\"><\/div>\n\n\n\n<h2 class=\"wp-block-heading has-accent-purple-color has-text-color has-48-font-size\" id=\"we-will-equip-the-global-encryption-coalition-and-the-internet-society-community-with-the-tools-needed-to-help-increase-awareness-of-the-value-of-encryption\">Comment connecter votre r\u00e9seau \u00e0 Internet ? Comment vos utilisateurs se connectent-ils \u00e0 votre r\u00e9seau ?<\/h2>\n\n\n\n<div style=\"height:30px\" aria-hidden=\"true\" class=\"wp-block-spacer\"><\/div>\n\n\n\n<p class=\"has-18-font-size\">Voici la question cl\u00e9 : quelle technologie d\u00e9ployer ? Malheureusement, il n\u2019existe pas de solution technologique unique qui convienne \u00e0 tous les r\u00e9seaux communautaires. Chaque r\u00e9seau sera con\u00e7u en fonction des contraintes et des besoins g\u00e9ographiques, \u00e9conomiques et r\u00e9glementaires de la communaut\u00e9. La partie \u00ab liaison terrestre \u00bb relie le r\u00e9seau \u00e0 l\u2019infrastructure dorsale nationale, tandis que la partie \u00ab acc\u00e8s local \u00bb relie les utilisateurs individuels. Les choix technologiques n\u00e9cessitent de mettre en balance les facteurs tels que le cadre r\u00e9glementaire, les co\u00fbts, les comp\u00e9tences requises, la disponibilit\u00e9 locale des \u00e9quipements, les restrictions en mati\u00e8re de licences, etc.<br><\/p>\n\n\n\n<div class=\"wp-block-columns is-not-stacked-on-mobile has-neutral-white-background-color has-background is-layout-flex wp-container-core-columns-is-layout-9d6595d7 wp-block-columns-is-layout-flex\">\n<div class=\"wp-block-column is-layout-flow wp-block-column-is-layout-flow\" style=\"flex-basis:2%\"><\/div>\n\n\n\n<div class=\"wp-block-column is-layout-flow wp-block-column-is-layout-flow\" style=\"flex-basis:90%\">\n<div style=\"height:30px\" aria-hidden=\"true\" class=\"wp-block-spacer\"><\/div>\n\n\n\n<h3 class=\"wp-block-heading has-32-font-size\">Points cl\u00e9s<\/h3>\n\n\n\n<div style=\"height:20px\" aria-hidden=\"true\" class=\"wp-block-spacer\"><\/div>\n\n\n\n<ul class=\"wp-block-list has-18-font-size\">\n<li>Vous devrez \u00e9tudier les possibilit\u00e9s et choisir la technologie que vous utiliserez pour permettre aux utilisateurs d\u2019acc\u00e9der \u00e0 votre syst\u00e8me et celle que vous utiliserez pour vous connecter au reste d\u2019Internet.<\/li>\n\n\n\n<li>L\u2019acc\u00e8s local est g\u00e9n\u00e9ralement assur\u00e9 par des technologies Wi-Fi ou cellulaires.<\/li>\n\n\n\n<li>La liaison \u00ab dorsale \u00bb vers l\u2019Internet public peut prendre de nombreuses formes, y compris des c\u00e2bles de fibre optique, des antennes sans fil, des connexions \u00e0 hyperfr\u00e9quences et des syst\u00e8mes satellitaires.<\/li>\n\n\n\n<li>L\u2019alimentation \u00e9lectrique disponible influence \u00e9galement de mani\u00e8re significative la faisabilit\u00e9 des diff\u00e9rentes options technologiques.<\/li>\n\n\n\n<li>Vous devez prendre en compte la r\u00e9silience de votre syst\u00e8me face aux pannes de courant ou aux \u00e9v\u00e9nements m\u00e9t\u00e9orologiques.<\/li>\n<\/ul>\n\n\n\n<div style=\"height:30px\" aria-hidden=\"true\" class=\"wp-block-spacer\"><\/div>\n<\/div>\n\n\n\n<div class=\"wp-block-column is-layout-flow wp-block-column-is-layout-flow\" style=\"flex-basis:2%\"><\/div>\n<\/div>\n\n\n\n<div style=\"height:20px\" aria-hidden=\"true\" class=\"wp-block-spacer uag-hide-tab uag-hide-mob\"><\/div>\n<\/div>\n\n\n\n<div class=\"wp-block-column uag-hide-tab uag-hide-mob is-layout-flow wp-block-column-is-layout-flow\" style=\"flex-basis:10%\"><\/div>\n<\/div>\n\n\n\n<section class=\"wp-block-uagb-columns uagb-columns__wrap uagb-columns__background-color uagb-columns__stack-mobile uagb-columns__valign- uagb-columns__gap-10 align uagb-block-3fc73a6d uagb-columns__columns-1 uagb-columns__max_width-theme\"><div class=\"uagb-columns__overlay\"><\/div><div class=\"uagb-columns__inner-wrap uagb-columns__columns-1\">\n<div class=\"wp-block-uagb-column uagb-column__wrap uagb-column__background-undefined uagb-block-cf0d325a\"><div class=\"uagb-column__overlay\"><\/div>\n<h4 class=\"wp-block-heading has-depth-green-color has-text-color\" id=\"how-the-ndss-symposium-helps-to-strengthen-the-internet\">Passer \u00e0 l\u2019action<\/h4>\n\n\n\n<div style=\"height:20px\" aria-hidden=\"true\" class=\"wp-block-spacer\"><\/div>\n\n\n\n<div class=\"wp-block-columns is-layout-flex wp-container-core-columns-is-layout-9d6595d7 wp-block-columns-is-layout-flex\">\n<div class=\"wp-block-column is-layout-flow wp-block-column-is-layout-flow\">\n<div class=\"wp-block-cover alignfull is-light has-custom-content-position is-position-bottom-center\" style=\"margin-top:0;padding-top:48px;padding-right:48px;padding-bottom:48px;padding-left:48px\"><img loading=\"lazy\" decoding=\"async\" width=\"600\" height=\"400\" class=\"wp-block-cover__image-background wp-image-201133\" alt=\"A man writes on a large paper on the wall where it\u2019s possible to see drawings of a network structure\" src=\"https:\/\/www.internetsociety.org\/wp-content\/uploads\/2023\/10\/Network-requirements-scheme.jpg\" data-object-fit=\"cover\" srcset=\"https:\/\/www.internetsociety.org\/wp-content\/uploads\/2023\/10\/Network-requirements-scheme.jpg 600w, https:\/\/www.internetsociety.org\/wp-content\/uploads\/2023\/10\/Network-requirements-scheme-450x300.jpg 450w, https:\/\/www.internetsociety.org\/wp-content\/uploads\/2023\/10\/Network-requirements-scheme-250x167.jpg 250w\" sizes=\"auto, (max-width: 600px) 100vw, 600px\" \/><span aria-hidden=\"true\" class=\"wp-block-cover__background has-background-dim-30 has-background-dim\"><\/span><div class=\"wp-block-cover__inner-container is-layout-flow wp-block-cover-is-layout-flow\">\n<div class=\"wp-block-cover background-image-fallback-black has-neutral-white-color has-text-color has-18-font-size\" style=\"min-height:100px;aspect-ratio:unset;\"><span aria-hidden=\"true\" class=\"wp-block-cover__background has-depth-teal-background-color has-background-dim-100 has-background-dim\"><\/span><div class=\"wp-block-cover__inner-container is-layout-constrained wp-block-cover-is-layout-constrained\">\n<p class=\"has-text-align-left has-18-font-size\">Identifier la technologie (type et marques disponibles) n\u00e9cessaire pour fournir les services souhait\u00e9s.<br><\/p>\n<\/div><\/div>\n<\/div><\/div>\n<\/div>\n\n\n\n<div class=\"wp-block-column is-layout-flow wp-block-column-is-layout-flow\">\n<div class=\"wp-block-cover alignfull has-custom-content-position is-position-bottom-center\" style=\"margin-top:0;padding-top:48px;padding-right:48px;padding-bottom:48px;padding-left:48px\"><img loading=\"lazy\" decoding=\"async\" width=\"600\" height=\"400\" class=\"wp-block-cover__image-background wp-image-201136\" alt=\"A woman and a man stand by an antenna in Kenya\" src=\"https:\/\/www.internetsociety.org\/wp-content\/uploads\/2023\/10\/Infrastructure-in-Africa.jpg\" data-object-fit=\"cover\" srcset=\"https:\/\/www.internetsociety.org\/wp-content\/uploads\/2023\/10\/Infrastructure-in-Africa.jpg 600w, https:\/\/www.internetsociety.org\/wp-content\/uploads\/2023\/10\/Infrastructure-in-Africa-450x300.jpg 450w, https:\/\/www.internetsociety.org\/wp-content\/uploads\/2023\/10\/Infrastructure-in-Africa-250x167.jpg 250w\" sizes=\"auto, (max-width: 600px) 100vw, 600px\" \/><span aria-hidden=\"true\" class=\"wp-block-cover__background has-background-dim-30 has-background-dim\"><\/span><div class=\"wp-block-cover__inner-container is-layout-flow wp-block-cover-is-layout-flow\">\n<div class=\"wp-block-cover has-custom-content-position is-position-bottom-center background-image-fallback-black has-neutral-white-color has-text-color has-18-font-size\" style=\"min-height:100px;aspect-ratio:unset;\"><span aria-hidden=\"true\" class=\"wp-block-cover__background has-depth-teal-background-color has-background-dim-100 has-background-dim\"><\/span><div class=\"wp-block-cover__inner-container is-layout-constrained wp-block-cover-is-layout-constrained\">\n<p class=\"has-text-align-left has-18-font-size\">Identifier les options, les sources et les services disponibles en mati\u00e8re de liaison terrestre.<\/p>\n<\/div><\/div>\n<\/div><\/div>\n<\/div>\n\n\n\n<div class=\"wp-block-column is-layout-flow wp-block-column-is-layout-flow\">\n<div class=\"wp-block-cover alignfull has-custom-content-position is-position-bottom-center\" style=\"margin-top:0;padding-top:48px;padding-right:48px;padding-bottom:48px;padding-left:48px\"><img loading=\"lazy\" decoding=\"async\" width=\"600\" height=\"400\" class=\"wp-block-cover__image-background wp-image-201139\" alt=\"A hand holding a phone with CCTV images on the screen\" src=\"https:\/\/www.internetsociety.org\/wp-content\/uploads\/2023\/10\/CCTV-camera-on-a-phone.jpg\" style=\"object-position:41% 56%\" data-object-fit=\"cover\" data-object-position=\"41% 56%\" srcset=\"https:\/\/www.internetsociety.org\/wp-content\/uploads\/2023\/10\/CCTV-camera-on-a-phone.jpg 600w, https:\/\/www.internetsociety.org\/wp-content\/uploads\/2023\/10\/CCTV-camera-on-a-phone-450x300.jpg 450w, https:\/\/www.internetsociety.org\/wp-content\/uploads\/2023\/10\/CCTV-camera-on-a-phone-250x167.jpg 250w\" sizes=\"auto, (max-width: 600px) 100vw, 600px\" \/><span aria-hidden=\"true\" class=\"wp-block-cover__background has-background-dim-30 has-background-dim\"><\/span><div class=\"wp-block-cover__inner-container is-layout-flow wp-block-cover-is-layout-flow\">\n<div class=\"wp-block-cover background-image-fallback-black has-neutral-white-color has-text-color\" style=\"min-height:100px;aspect-ratio:unset;\"><span aria-hidden=\"true\" class=\"wp-block-cover__background has-depth-teal-background-color has-background-dim-100 has-background-dim\"><\/span><div class=\"wp-block-cover__inner-container is-layout-constrained wp-block-cover-is-layout-constrained\">\n<p class=\"has-text-align-left has-18-font-size\">R\u00e9aliser une \u00e9bauche du r\u00e9seau (droits techniques et de d\u00e9ploiement).<br><\/p>\n<\/div><\/div>\n<\/div><\/div>\n<\/div>\n<\/div>\n<\/div>\n<\/div><\/section>\n\n\n\n<div class=\"wp-block-columns margin-bottom-0 is-layout-flex wp-container-core-columns-is-layout-9d6595d7 wp-block-columns-is-layout-flex\">\n<div class=\"wp-block-column is-layout-flow wp-block-column-is-layout-flow\" style=\"flex-basis:10%\"><\/div>\n\n\n\n<div class=\"wp-block-column is-layout-flow wp-block-column-is-layout-flow\" style=\"flex-basis:80%\">\n<div style=\"height:40px\" aria-hidden=\"true\" class=\"wp-block-spacer uag-hide-tab uag-hide-mob\"><\/div>\n\n\n\n<h4 class=\"wp-block-heading has-text-align-left\">En savoir plus<\/h4>\n\n\n\n<div style=\"height:20px\" aria-hidden=\"true\" class=\"wp-block-spacer\"><\/div>\n\n\n\n<ul class=\"wp-block-list has-18-font-size\">\n<li>Sections du <span class=\"tadv-color\" style=\"color:#2b72d6\"><a href=\"https:\/\/www.internetsociety.org\/fr\/resources\/doc\/2022\/manuel-devaluation-de-letat-de-preparation-des-reseaux-communautaires\/\">Manuel de pr\u00e9paration aux r\u00e9seaux communautaires<\/a><\/span> sur les \u00ab Consid\u00e9rations techniques sur le r\u00e9seau \u00bb<\/li>\n\n\n\n<li><span class=\"tadv-color\" style=\"color:#2b72d6\"><a href=\"https:\/\/oasis.col.org\/items\/c0e7e530-d617-4f9d-a4ec-2842a2a7193c\">Configuration des r\u00e9seaux sans fil : Un cours pour les ing\u00e9nieurs sans fil<\/a><\/span> (OAsis, Commonwealth of Learning)<\/li>\n\n\n\n<li><span class=\"tadv-color\" style=\"color:#2b72d6\"><a href=\"https:\/\/www.internetsociety.org\/fr\/resources\/doc\/2019\/solutions-pour-le-trafic-de-retour-dans-les-reseaux-communautaires\/\">Solutions pour la liaison terrestre du trafic dans les r\u00e9seaux communautaires<\/a><\/span><\/li>\n\n\n\n<li>Formations en ligne :\n<ul class=\"wp-block-list\">\n<li><span class=\"tadv-color\" style=\"color:#2b72d6\"><a href=\"https:\/\/www.internetsociety.org\/fr\/learning\/ddcn\/\">Les bases de la conception et du d\u00e9ploiement de r\u00e9seaux informatiques<\/a><\/span><\/li>\n\n\n\n<li><span class=\"tadv-color\" style=\"color:#2b72d6\"><a href=\"https:\/\/www.internetsociety.org\/fr\/learning\/network-operations\/\">Introduction aux op\u00e9rations de r\u00e9seau<\/a><\/span><\/li>\n\n\n\n<li><span class=\"tadv-color\" style=\"color:#2b72d6\"><a href=\"http:\/\/internetsociety.org\/fr\/learning\/advanced-network-operations\/\">Op\u00e9rations r\u00e9seau avanc\u00e9es 2.0<\/a><\/span><\/li>\n<\/ul>\n<\/li>\n<\/ul>\n\n\n\n<p class=\"has-18-font-size\"><a href=\"https:\/\/www.internetsociety.org\/fr\/resources\/community-network-diy-toolkit\/research-financial-sustainability\/\">Suite -&gt; 6 : Rechercher la durabilit\u00e9 financi\u00e8re<\/a><\/p>\n\n\n\n<div style=\"height:30px\" aria-hidden=\"true\" class=\"wp-block-spacer uag-hide-tab uag-hide-mob\"><\/div>\n<\/div>\n\n\n\n<div class=\"wp-block-column is-layout-flow wp-block-column-is-layout-flow\" style=\"flex-basis:10%\"><\/div>\n<\/div>\n\n\n\n<p class=\"has-text-align-center has-neutral-white-color has-ground-navy-background-color has-text-color has-background has-12-font-size\">Droits d\u2019auteur:<br>\u00a9 Atul Loke, \u00a9 Atul Loke, \u00a9 Nyani Quarmyne, \u00a9 Nyani Quarmyne<\/p>\n","protected":false},"excerpt":{"rendered":"<p><b>Quelle technologie utilisez-vous pour connecter vos utilisateurs ? Pour vous connecter \u00e0 Internet ?<\/b><br \/>Malheureusement, il n\u2019existe pas de solution technologique unique qui convienne \u00e0 tous les r\u00e9seaux communautaires.<\/p>\n","protected":false},"author":11,"featured_media":105908,"parent":227206,"menu_order":0,"comment_status":"closed","ping_status":"closed","template":"page-wide.php","meta":{"_acf_changed":false,"_uag_custom_page_level_css":"","footnotes":""},"categories":[32],"tags":[],"region_news_regions":[6029],"content_category":[6105],"ppma_author":[6073],"class_list":["post-227241","page","type-page","status-publish","has-post-thumbnail","hentry","category-internet-access","region_news_regions-mondial","content_category-resources-type"],"acf":[],"uagb_featured_image_src":{"full":["https:\/\/www.internetsociety.org\/wp-content\/uploads\/2019\/10\/20170705_191315_DSCF3774.jpg",1400,746,false],"thumbnail":["https:\/\/www.internetsociety.org\/wp-content\/uploads\/2019\/10\/20170705_191315_DSCF3774-150x150.jpg",150,150,true],"medium":["https:\/\/www.internetsociety.org\/wp-content\/uploads\/2019\/10\/20170705_191315_DSCF3774-450x240.jpg",450,240,true],"medium_large":["https:\/\/www.internetsociety.org\/wp-content\/uploads\/2019\/10\/20170705_191315_DSCF3774-768x409.jpg",768,409,true],"large":["https:\/\/www.internetsociety.org\/wp-content\/uploads\/2019\/10\/20170705_191315_DSCF3774-1024x546.jpg",1024,546,true],"1536x1536":["https:\/\/www.internetsociety.org\/wp-content\/uploads\/2019\/10\/20170705_191315_DSCF3774.jpg",1400,746,false],"2048x2048":["https:\/\/www.internetsociety.org\/wp-content\/uploads\/2019\/10\/20170705_191315_DSCF3774.jpg",1400,746,false],"post-thumbnail":["https:\/\/www.internetsociety.org\/wp-content\/uploads\/2019\/10\/20170705_191315_DSCF3774-250x133.jpg",250,133,true],"square":["https:\/\/www.internetsociety.org\/wp-content\/uploads\/2019\/10\/20170705_191315_DSCF3774-600x600.jpg",600,600,true],"gform-image-choice-sm":["https:\/\/www.internetsociety.org\/wp-content\/uploads\/2019\/10\/20170705_191315_DSCF3774.jpg",300,160,false],"gform-image-choice-md":["https:\/\/www.internetsociety.org\/wp-content\/uploads\/2019\/10\/20170705_191315_DSCF3774.jpg",400,213,false],"gform-image-choice-lg":["https:\/\/www.internetsociety.org\/wp-content\/uploads\/2019\/10\/20170705_191315_DSCF3774.jpg",600,320,false]},"uagb_author_info":{"display_name":"Internet Society","author_link":"https:\/\/www.internetsociety.org\/fr\/author\/isoc\/"},"uagb_comment_info":0,"uagb_excerpt":"Quelle technologie utilisez-vous pour connecter vos utilisateurs ? Pour vous connecter \u00e0 Internet ?Malheureusement, il n\u2019existe pas de solution technologique unique qui convienne \u00e0 tous les r\u00e9seaux communautaires.","_links":{"self":[{"href":"https:\/\/www.internetsociety.org\/fr\/wp-json\/wp\/v2\/pages\/227241","targetHints":{"allow":["GET"]}}],"collection":[{"href":"https:\/\/www.internetsociety.org\/fr\/wp-json\/wp\/v2\/pages"}],"about":[{"href":"https:\/\/www.internetsociety.org\/fr\/wp-json\/wp\/v2\/types\/page"}],"author":[{"embeddable":true,"href":"https:\/\/www.internetsociety.org\/fr\/wp-json\/wp\/v2\/users\/11"}],"replies":[{"embeddable":true,"href":"https:\/\/www.internetsociety.org\/fr\/wp-json\/wp\/v2\/comments?post=227241"}],"version-history":[{"count":0,"href":"https:\/\/www.internetsociety.org\/fr\/wp-json\/wp\/v2\/pages\/227241\/revisions"}],"up":[{"embeddable":true,"href":"https:\/\/www.internetsociety.org\/fr\/wp-json\/wp\/v2\/pages\/227206"}],"wp:featuredmedia":[{"embeddable":true,"href":"https:\/\/www.internetsociety.org\/fr\/wp-json\/wp\/v2\/media\/105908"}],"wp:attachment":[{"href":"https:\/\/www.internetsociety.org\/fr\/wp-json\/wp\/v2\/media?parent=227241"}],"wp:term":[{"taxonomy":"category","embeddable":true,"href":"https:\/\/www.internetsociety.org\/fr\/wp-json\/wp\/v2\/categories?post=227241"},{"taxonomy":"post_tag","embeddable":true,"href":"https:\/\/www.internetsociety.org\/fr\/wp-json\/wp\/v2\/tags?post=227241"},{"taxonomy":"region_news_regions","embeddable":true,"href":"https:\/\/www.internetsociety.org\/fr\/wp-json\/wp\/v2\/region_news_regions?post=227241"},{"taxonomy":"content_category","embeddable":true,"href":"https:\/\/www.internetsociety.org\/fr\/wp-json\/wp\/v2\/content_category?post=227241"},{"taxonomy":"author","embeddable":true,"href":"https:\/\/www.internetsociety.org\/fr\/wp-json\/wp\/v2\/ppma_author?post=227241"}],"curies":[{"name":"wp","href":"https:\/\/api.w.org\/{rel}","templated":true}]}}