{"id":227218,"date":"2023-10-31T09:38:00","date_gmt":"2023-10-31T09:38:00","guid":{"rendered":"https:\/\/www.internetsociety.org\/?page_id=227218"},"modified":"2025-08-11T15:17:57","modified_gmt":"2025-08-11T15:17:57","slug":"3-definir-les-fonctions-et-les-services","status":"publish","type":"page","link":"https:\/\/www.internetsociety.org\/fr\/resources\/community-network-diy-toolkit\/define-the-functions-and-services\/","title":{"rendered":"3. D\u00e9finir les fonctions et les services"},"content":{"rendered":"\n<section class=\"wp-block-uagb-columns uagb-columns__wrap uagb-columns__background-image uagb-columns__stack-mobile uagb-columns__valign- uagb-columns__gap-10 align uagb-block-1b60d478 uagb-columns__columns-1 uagb-columns__max_width-theme background-image-fallback-black uag-hide-tab uag-hide-mob\"><div class=\"uagb-columns__overlay\"><\/div><div class=\"uagb-columns__inner-wrap uagb-columns__columns-1\">\n<div class=\"wp-block-uagb-column uagb-column__wrap uagb-column__background-undefined uagb-block-6da44868\"><div class=\"uagb-column__overlay\"><\/div>\n<p class=\"has-neutral-white-color has-text-color has-18-font-size\"><a href=\"https:\/\/internetsociety.org\/fr\/resources\/community-network-diy-toolkit\/\">Bo\u00eete \u00e0 outils pour r\u00e9seaux communautaires<\/a> &gt; D\u00e9finir les fonctions et les services<\/p>\n\n\n\n<div style=\"height:30px\" aria-hidden=\"true\" class=\"wp-block-spacer\"><\/div>\n\n\n\n<h1 class=\"wp-block-heading has-neutral-white-color has-text-color\">3. D\u00e9finir<br>les fonctions et les services<\/h1>\n<\/div>\n<\/div><\/section>\n\n\n\n<div class=\"wp-block-columns uag-hide-desktop is-layout-flex wp-container-core-columns-is-layout-9d6595d7 wp-block-columns-is-layout-flex\">\n<div class=\"wp-block-column uag-hide-tab uag-hide-mob is-layout-flow wp-block-column-is-layout-flow\" style=\"flex-basis:10%\"><\/div>\n\n\n\n<div class=\"wp-block-column is-layout-flow wp-block-column-is-layout-flow\" style=\"flex-basis:80%\">\n<div style=\"height:30px\" aria-hidden=\"true\" class=\"wp-block-spacer uag-hide-desktop\"><\/div>\n\n\n\n<p class=\"has-text-align-left has-18-font-size\"><a href=\"https:\/\/internetsociety.org\/fr\/resources\/community-network-diy-toolkit\/\">Bo\u00eete \u00e0 outils pour r\u00e9seaux communautaires<\/a> &gt;<\/p>\n\n\n\n<div style=\"height:10px\" aria-hidden=\"true\" class=\"wp-block-spacer\"><\/div>\n\n\n\n<h1 class=\"wp-block-heading has-text-align-left\">3. D\u00e9finir les fonctions et les services<\/h1>\n\n\n\n<div style=\"height:30px\" aria-hidden=\"true\" class=\"wp-block-spacer uag-hide-desktop\"><\/div>\n\n\n\n<figure class=\"wp-block-image size-large\"><img loading=\"lazy\" decoding=\"async\" width=\"1201\" height=\"501\" src=\"https:\/\/www.internetsociety.org\/wp-content\/uploads\/2019\/12\/2019-nyc-mesh-installathon-e1698658856234.jpg\" alt=\"a girl holding laptop on a roof\" class=\"wp-image-108550\" srcset=\"https:\/\/www.internetsociety.org\/wp-content\/uploads\/2019\/12\/2019-nyc-mesh-installathon-e1698658856234.jpg 1201w, https:\/\/www.internetsociety.org\/wp-content\/uploads\/2019\/12\/2019-nyc-mesh-installathon-e1698658856234-450x188.jpg 450w, https:\/\/www.internetsociety.org\/wp-content\/uploads\/2019\/12\/2019-nyc-mesh-installathon-e1698658856234-1024x427.jpg 1024w, https:\/\/www.internetsociety.org\/wp-content\/uploads\/2019\/12\/2019-nyc-mesh-installathon-e1698658856234-768x320.jpg 768w, https:\/\/www.internetsociety.org\/wp-content\/uploads\/2019\/12\/2019-nyc-mesh-installathon-e1698658856234-250x104.jpg 250w\" sizes=\"auto, (max-width: 1201px) 100vw, 1201px\" \/><\/figure>\n<\/div>\n\n\n\n<div class=\"wp-block-column uag-hide-tab uag-hide-mob is-layout-flow wp-block-column-is-layout-flow\" style=\"flex-basis:10%\"><\/div>\n<\/div>\n\n\n\n<div class=\"wp-block-columns is-layout-flex wp-container-core-columns-is-layout-9d6595d7 wp-block-columns-is-layout-flex\">\n<div class=\"wp-block-column uag-hide-tab uag-hide-mob is-layout-flow wp-block-column-is-layout-flow\" style=\"flex-basis:10%\"><\/div>\n\n\n\n<div class=\"wp-block-column is-layout-flow wp-block-column-is-layout-flow\" style=\"flex-basis:80%\">\n<div style=\"height:40px\" aria-hidden=\"true\" class=\"wp-block-spacer uag-hide-tab uag-hide-mob\"><\/div>\n\n\n\n<div style=\"height:20px\" aria-hidden=\"true\" class=\"wp-block-spacer uag-hide-desktop\"><\/div>\n\n\n\n<h2 class=\"wp-block-heading has-accent-purple-color has-text-color has-48-font-size\" id=\"we-will-equip-the-global-encryption-coalition-and-the-internet-society-community-with-the-tools-needed-to-help-increase-awareness-of-the-value-of-encryption\">De quels services la communaut\u00e9 a-t-elle besoin ? Quelles sont les failles dans la connectivit\u00e9 ?<\/h2>\n\n\n\n<div style=\"height:30px\" aria-hidden=\"true\" class=\"wp-block-spacer\"><\/div>\n\n\n\n<p class=\"has-18-font-size\">Une fois que vous comprenez bien la communaut\u00e9, vous devez vous pencher attentivement sur les services que votre r\u00e9seau communautaire peut lui fournir. Certains r\u00e9seaux ne fournissent que quelques points d\u2019acc\u00e8s. D\u2019autres peuvent fournir un acc\u00e8s par l\u2019interm\u00e9diaire d\u2019un \u00ab centre communautaire \u00bb tel qu\u2019une \u00e9cole ou une biblioth\u00e8que. D\u2019autres encore peuvent fournir une connectivit\u00e9 directe \u00e0 des maisons ou des entreprises individuelles. Certains r\u00e9seaux se contentent de fournir une connectivit\u00e9, tandis que d\u2019autres aident les utilisateurs locaux \u00e0 cr\u00e9er du contenu ou fournissent d\u2019autres services de d\u00e9veloppement.<\/p>\n\n\n\n<div class=\"wp-block-columns is-not-stacked-on-mobile has-neutral-white-background-color has-background is-layout-flex wp-container-core-columns-is-layout-9d6595d7 wp-block-columns-is-layout-flex\">\n<div class=\"wp-block-column is-layout-flow wp-block-column-is-layout-flow\" style=\"flex-basis:2%\"><\/div>\n\n\n\n<div class=\"wp-block-column is-layout-flow wp-block-column-is-layout-flow\" style=\"flex-basis:90%\">\n<div style=\"height:30px\" aria-hidden=\"true\" class=\"wp-block-spacer\"><\/div>\n\n\n\n<h3 class=\"wp-block-heading has-32-font-size\">Points cl\u00e9s<\/h3>\n\n\n\n<div style=\"height:20px\" aria-hidden=\"true\" class=\"wp-block-spacer\"><\/div>\n\n\n\n<ul class=\"wp-block-list has-18-font-size\">\n<li>Les services et les fonctions d\u2019un r\u00e9seau communautaire doivent correspondre directement aux valeurs et aux priorit\u00e9s des membres de la communaut\u00e9. La participation locale \u00e0 ce processus est essentielle.<\/li>\n\n\n\n<li>Au-del\u00e0 de la prestation de services, les r\u00e9seaux communautaires peuvent jouer un r\u00f4le social et \u00e9conomique important au sein des communaut\u00e9s elles-m\u00eames.<\/li>\n\n\n\n<li>Lorsque de nouvelles technologies sont introduites, les diff\u00e9rents publics les adoptent \u00e0 des rythmes diff\u00e9rents, de sorte qu\u2019il n\u2019est pas r\u00e9aliste de s\u2019attendre \u00e0 une adoption imm\u00e9diate et homog\u00e8ne.<\/li>\n\n\n\n<li>Lors des discussions sur la connectivit\u00e9, les champions ont la responsabilit\u00e9 de couvrir \u00e0 la fois les risques et les avantages des technologies num\u00e9riques et de l\u2019acc\u00e8s \u00e0 Internet.<\/li>\n\n\n\n<li>La conception des services et des messages de sensibilisation doit tenir compte des membres de la communaut\u00e9 dont les capacit\u00e9s et les niveaux d\u2019alphab\u00e9tisation sont tr\u00e8s diff\u00e9rents. L\u2019accessibilit\u00e9 est importante<\/li>\n<\/ul>\n\n\n\n<div style=\"height:30px\" aria-hidden=\"true\" class=\"wp-block-spacer\"><\/div>\n<\/div>\n\n\n\n<div class=\"wp-block-column is-layout-flow wp-block-column-is-layout-flow\" style=\"flex-basis:2%\"><\/div>\n<\/div>\n\n\n\n<div style=\"height:20px\" aria-hidden=\"true\" class=\"wp-block-spacer uag-hide-tab uag-hide-mob\"><\/div>\n<\/div>\n\n\n\n<div class=\"wp-block-column uag-hide-tab uag-hide-mob is-layout-flow wp-block-column-is-layout-flow\" style=\"flex-basis:10%\"><\/div>\n<\/div>\n\n\n\n<section class=\"wp-block-uagb-columns uagb-columns__wrap uagb-columns__background-color uagb-columns__stack-mobile uagb-columns__valign- uagb-columns__gap-10 align uagb-block-3fc73a6d uagb-columns__columns-1 uagb-columns__max_width-theme\"><div class=\"uagb-columns__overlay\"><\/div><div class=\"uagb-columns__inner-wrap uagb-columns__columns-1\">\n<div class=\"wp-block-uagb-column uagb-column__wrap uagb-column__background-undefined uagb-block-cf0d325a\"><div class=\"uagb-column__overlay\"><\/div>\n<h4 class=\"wp-block-heading has-depth-green-color has-text-color\" id=\"how-the-ndss-symposium-helps-to-strengthen-the-internet\">Passer \u00e0 l\u2019action<\/h4>\n\n\n\n<div style=\"height:20px\" aria-hidden=\"true\" class=\"wp-block-spacer\"><\/div>\n\n\n\n<div class=\"wp-block-columns is-layout-flex wp-container-core-columns-is-layout-9d6595d7 wp-block-columns-is-layout-flex\">\n<div class=\"wp-block-column is-layout-flow wp-block-column-is-layout-flow\">\n<div class=\"wp-block-cover alignfull has-custom-content-position is-position-bottom-center has-18-font-size\" style=\"margin-top:0;padding-top:48px;padding-right:48px;padding-bottom:48px;padding-left:48px\"><img loading=\"lazy\" decoding=\"async\" width=\"600\" height=\"400\" class=\"wp-block-cover__image-background wp-image-201100\" alt=\"Three little girls studying from a school textbook in Nepal\" src=\"https:\/\/www.internetsociety.org\/wp-content\/uploads\/2023\/10\/Children-in-Nepal.jpg\" data-object-fit=\"cover\" srcset=\"https:\/\/www.internetsociety.org\/wp-content\/uploads\/2023\/10\/Children-in-Nepal.jpg 600w, https:\/\/www.internetsociety.org\/wp-content\/uploads\/2023\/10\/Children-in-Nepal-450x300.jpg 450w, https:\/\/www.internetsociety.org\/wp-content\/uploads\/2023\/10\/Children-in-Nepal-250x167.jpg 250w\" sizes=\"auto, (max-width: 600px) 100vw, 600px\" \/><span aria-hidden=\"true\" class=\"wp-block-cover__background has-background-dim-30 has-background-dim\"><\/span><div class=\"wp-block-cover__inner-container is-layout-flow wp-block-cover-is-layout-flow\">\n<div class=\"wp-block-cover background-image-fallback-black has-neutral-white-color has-text-color\" style=\"min-height:100px;aspect-ratio:unset;\"><span aria-hidden=\"true\" class=\"wp-block-cover__background has-depth-teal-background-color has-background-dim-100 has-background-dim\"><\/span><div class=\"wp-block-cover__inner-container is-layout-constrained wp-block-cover-is-layout-constrained\">\n<p class=\"has-text-align-left has-18-font-size\">Identifier les \u00e9carts de connectivit\u00e9 dans la communaut\u00e9.<\/p>\n<\/div><\/div>\n<\/div><\/div>\n<\/div>\n\n\n\n<div class=\"wp-block-column is-layout-flow wp-block-column-is-layout-flow\">\n<div class=\"wp-block-cover alignfull is-light has-custom-content-position is-position-bottom-center has-18-font-size\" style=\"margin-top:0;padding-top:48px;padding-right:48px;padding-bottom:48px;padding-left:48px\"><img loading=\"lazy\" decoding=\"async\" width=\"1000\" height=\"667\" class=\"wp-block-cover__image-background wp-image-197159\" alt=\"a man in a winter jacket sitting in a computer room\" src=\"https:\/\/www.internetsociety.org\/wp-content\/uploads\/2023\/08\/Chhepal-computer-room.jpg\" data-object-fit=\"cover\" srcset=\"https:\/\/www.internetsociety.org\/wp-content\/uploads\/2023\/08\/Chhepal-computer-room.jpg 1000w, https:\/\/www.internetsociety.org\/wp-content\/uploads\/2023\/08\/Chhepal-computer-room-450x300.jpg 450w, https:\/\/www.internetsociety.org\/wp-content\/uploads\/2023\/08\/Chhepal-computer-room-768x512.jpg 768w, https:\/\/www.internetsociety.org\/wp-content\/uploads\/2023\/08\/Chhepal-computer-room-250x167.jpg 250w\" sizes=\"auto, (max-width: 1000px) 100vw, 1000px\" \/><span aria-hidden=\"true\" class=\"wp-block-cover__background has-background-dim-30 has-background-dim\"><\/span><div class=\"wp-block-cover__inner-container is-layout-flow wp-block-cover-is-layout-flow\">\n<div class=\"wp-block-cover has-custom-content-position is-position-bottom-center background-image-fallback-black has-neutral-white-color has-text-color\" style=\"min-height:100px;aspect-ratio:unset;\"><span aria-hidden=\"true\" class=\"wp-block-cover__background has-depth-teal-background-color has-background-dim-100 has-background-dim\"><\/span><div class=\"wp-block-cover__inner-container is-layout-constrained wp-block-cover-is-layout-constrained\">\n<p class=\"has-text-align-left has-18-font-size\">Dresser une liste des fonctions, services et r\u00f4les potentiels du r\u00e9seau communautaire.<\/p>\n<\/div><\/div>\n<\/div><\/div>\n<\/div>\n\n\n\n<div class=\"wp-block-column is-layout-flow wp-block-column-is-layout-flow\">\n<div class=\"wp-block-cover alignfull has-custom-content-position is-position-bottom-center has-18-font-size\" style=\"margin-top:0;padding-top:48px;padding-right:48px;padding-bottom:48px;padding-left:48px\"><img loading=\"lazy\" decoding=\"async\" width=\"600\" height=\"400\" class=\"wp-block-cover__image-background wp-image-201297\" alt=\"Several women stare at a computer screen in Bolivia\" src=\"https:\/\/www.internetsociety.org\/wp-content\/uploads\/2023\/10\/NANUM-ladies.jpg\" data-object-fit=\"cover\" srcset=\"https:\/\/www.internetsociety.org\/wp-content\/uploads\/2023\/10\/NANUM-ladies.jpg 600w, https:\/\/www.internetsociety.org\/wp-content\/uploads\/2023\/10\/NANUM-ladies-450x300.jpg 450w, https:\/\/www.internetsociety.org\/wp-content\/uploads\/2023\/10\/NANUM-ladies-250x167.jpg 250w\" sizes=\"auto, (max-width: 600px) 100vw, 600px\" \/><span aria-hidden=\"true\" class=\"wp-block-cover__background has-background-dim-30 has-background-dim\"><\/span><div class=\"wp-block-cover__inner-container is-layout-flow wp-block-cover-is-layout-flow\">\n<div class=\"wp-block-cover background-image-fallback-black has-neutral-white-color has-text-color\" style=\"min-height:100px;aspect-ratio:unset;\"><span aria-hidden=\"true\" class=\"wp-block-cover__background has-depth-teal-background-color has-background-dim-100 has-background-dim\"><\/span><div class=\"wp-block-cover__inner-container is-layout-constrained wp-block-cover-is-layout-constrained\">\n<p class=\"has-text-align-left has-18-font-size\">Pr\u00e9senter, discuter et documenter les services, la fonction et le r\u00f4le potentiels que le r\u00e9seau communautaire pourrait offrir (y compris une liste des services prioritaires et des zones de connectivit\u00e9).<\/p>\n<\/div><\/div>\n<\/div><\/div>\n<\/div>\n<\/div>\n<\/div>\n<\/div><\/section>\n\n\n\n<div class=\"wp-block-columns margin-bottom-0 is-layout-flex wp-container-core-columns-is-layout-9d6595d7 wp-block-columns-is-layout-flex\">\n<div class=\"wp-block-column is-layout-flow wp-block-column-is-layout-flow\" style=\"flex-basis:10%\"><\/div>\n\n\n\n<div class=\"wp-block-column is-layout-flow wp-block-column-is-layout-flow\" style=\"flex-basis:80%\">\n<div style=\"height:40px\" aria-hidden=\"true\" class=\"wp-block-spacer uag-hide-tab uag-hide-mob\"><\/div>\n\n\n\n<h4 class=\"wp-block-heading has-text-align-left\">En savoir plus<\/h4>\n\n\n\n<div style=\"height:20px\" aria-hidden=\"true\" class=\"wp-block-spacer\"><\/div>\n\n\n\n<ul class=\"wp-block-list has-18-font-size\">\n<li><span class=\"tadv-color\" style=\"color:#2b72d6\"><a href=\"https:\/\/www.internetsociety.org\/fr\/resources\/doc\/2022\/manuel-devaluation-de-letat-de-preparation-des-reseaux-communautaires\/\">Sections du Manuel de pr\u00e9paration des r\u00e9seaux communautaires<\/a><\/span> sur \u00ab La fonction et les services du r\u00e9seau communautaire \u00bb<\/li>\n<\/ul>\n\n\n\n<p class=\"has-18-font-size\"><a href=\"https:\/\/www.internetsociety.org\/fr\/resources\/community-network-diy-toolkit\/identify-the-regulatory-requirements\/\">Suite -&gt; 4 : Identifier les exigences r\u00e9glementaires<\/a><\/p>\n\n\n\n<div style=\"height:30px\" aria-hidden=\"true\" class=\"wp-block-spacer uag-hide-tab uag-hide-mob\"><\/div>\n<\/div>\n\n\n\n<div class=\"wp-block-column is-layout-flow wp-block-column-is-layout-flow\" style=\"flex-basis:10%\"><\/div>\n<\/div>\n\n\n\n<p class=\"has-text-align-center has-neutral-white-color has-ground-navy-background-color has-text-color has-background has-12-font-size\">Droits d\u2019auteur:<br>\u00a9 Chris Gregory, \u00a9 Nyani Quarmyne, \u00a9 Nyani Quarmyne, \u00a9 Gustavo Castellanos Echaz\u00fa<\/p>\n","protected":false},"excerpt":{"rendered":"<p><b>Quels services et fonctions votre r\u00e9seau peut-il offrir \u00e0 votre communaut\u00e9 ? <\/b><br \/>Ce sont des questions essentielles auxquelles il faut r\u00e9pondre lors de la planification de votre r\u00e9seau.<\/p>\n","protected":false},"author":11,"featured_media":108551,"parent":227206,"menu_order":0,"comment_status":"closed","ping_status":"closed","template":"page-wide.php","meta":{"_acf_changed":false,"_uag_custom_page_level_css":"","footnotes":""},"categories":[32],"tags":[],"region_news_regions":[6029],"content_category":[6105],"ppma_author":[6073],"class_list":["post-227218","page","type-page","status-publish","has-post-thumbnail","hentry","category-internet-access","region_news_regions-mondial","content_category-resources-type"],"acf":[],"uagb_featured_image_src":{"full":["https:\/\/www.internetsociety.org\/wp-content\/uploads\/2019\/12\/2019-nyc-mesh-installathon-e1698658856234.jpg",1280,550,false],"thumbnail":["https:\/\/www.internetsociety.org\/wp-content\/uploads\/2019\/12\/2019-nyc-mesh-installathon-150x150.jpg",150,150,true],"medium":["https:\/\/www.internetsociety.org\/wp-content\/uploads\/2019\/12\/2019-nyc-mesh-installathon-450x193.jpg",450,193,true],"medium_large":["https:\/\/www.internetsociety.org\/wp-content\/uploads\/2019\/12\/2019-nyc-mesh-installathon-768x330.jpg",768,330,true],"large":["https:\/\/www.internetsociety.org\/wp-content\/uploads\/2019\/12\/2019-nyc-mesh-installathon-1024x440.jpg",1024,440,true],"1536x1536":["https:\/\/www.internetsociety.org\/wp-content\/uploads\/2019\/12\/2019-nyc-mesh-installathon-e1698658856234.jpg",1280,550,false],"2048x2048":["https:\/\/www.internetsociety.org\/wp-content\/uploads\/2019\/12\/2019-nyc-mesh-installathon-e1698658856234.jpg",1280,550,false],"post-thumbnail":["https:\/\/www.internetsociety.org\/wp-content\/uploads\/2019\/12\/2019-nyc-mesh-installathon-250x107.jpg",250,107,true],"square":["https:\/\/www.internetsociety.org\/wp-content\/uploads\/2019\/12\/2019-nyc-mesh-installathon-600x550.jpg",600,550,true],"gform-image-choice-sm":["https:\/\/www.internetsociety.org\/wp-content\/uploads\/2019\/12\/2019-nyc-mesh-installathon-e1698658856234.jpg",300,129,false],"gform-image-choice-md":["https:\/\/www.internetsociety.org\/wp-content\/uploads\/2019\/12\/2019-nyc-mesh-installathon-e1698658856234.jpg",400,172,false],"gform-image-choice-lg":["https:\/\/www.internetsociety.org\/wp-content\/uploads\/2019\/12\/2019-nyc-mesh-installathon-e1698658856234.jpg",600,258,false]},"uagb_author_info":{"display_name":"Internet Society","author_link":"https:\/\/www.internetsociety.org\/fr\/author\/isoc\/"},"uagb_comment_info":0,"uagb_excerpt":"Quels services et fonctions votre r\u00e9seau peut-il offrir \u00e0 votre communaut\u00e9 ? Ce sont des questions essentielles auxquelles il faut r\u00e9pondre lors de la planification de votre r\u00e9seau.","_links":{"self":[{"href":"https:\/\/www.internetsociety.org\/fr\/wp-json\/wp\/v2\/pages\/227218","targetHints":{"allow":["GET"]}}],"collection":[{"href":"https:\/\/www.internetsociety.org\/fr\/wp-json\/wp\/v2\/pages"}],"about":[{"href":"https:\/\/www.internetsociety.org\/fr\/wp-json\/wp\/v2\/types\/page"}],"author":[{"embeddable":true,"href":"https:\/\/www.internetsociety.org\/fr\/wp-json\/wp\/v2\/users\/11"}],"replies":[{"embeddable":true,"href":"https:\/\/www.internetsociety.org\/fr\/wp-json\/wp\/v2\/comments?post=227218"}],"version-history":[{"count":0,"href":"https:\/\/www.internetsociety.org\/fr\/wp-json\/wp\/v2\/pages\/227218\/revisions"}],"up":[{"embeddable":true,"href":"https:\/\/www.internetsociety.org\/fr\/wp-json\/wp\/v2\/pages\/227206"}],"wp:featuredmedia":[{"embeddable":true,"href":"https:\/\/www.internetsociety.org\/fr\/wp-json\/wp\/v2\/media\/108551"}],"wp:attachment":[{"href":"https:\/\/www.internetsociety.org\/fr\/wp-json\/wp\/v2\/media?parent=227218"}],"wp:term":[{"taxonomy":"category","embeddable":true,"href":"https:\/\/www.internetsociety.org\/fr\/wp-json\/wp\/v2\/categories?post=227218"},{"taxonomy":"post_tag","embeddable":true,"href":"https:\/\/www.internetsociety.org\/fr\/wp-json\/wp\/v2\/tags?post=227218"},{"taxonomy":"region_news_regions","embeddable":true,"href":"https:\/\/www.internetsociety.org\/fr\/wp-json\/wp\/v2\/region_news_regions?post=227218"},{"taxonomy":"content_category","embeddable":true,"href":"https:\/\/www.internetsociety.org\/fr\/wp-json\/wp\/v2\/content_category?post=227218"},{"taxonomy":"author","embeddable":true,"href":"https:\/\/www.internetsociety.org\/fr\/wp-json\/wp\/v2\/ppma_author?post=227218"}],"curies":[{"name":"wp","href":"https:\/\/api.w.org\/{rel}","templated":true}]}}