{"id":227212,"date":"2023-10-31T09:39:00","date_gmt":"2023-10-31T09:39:00","guid":{"rendered":"https:\/\/www.internetsociety.org\/?page_id=227212"},"modified":"2025-08-11T15:17:37","modified_gmt":"2025-08-11T15:17:37","slug":"2-identifier-la-communaute-et-ses-champions","status":"publish","type":"page","link":"https:\/\/www.internetsociety.org\/fr\/resources\/community-network-diy-toolkit\/identify-the-community-and-champions\/","title":{"rendered":"2. Identifier la communaut\u00e9 et ses champions"},"content":{"rendered":"\n<section class=\"wp-block-uagb-columns uagb-columns__wrap uagb-columns__background-image uagb-columns__stack-mobile uagb-columns__valign- uagb-columns__gap-10 align uagb-block-1b60d478 uagb-columns__columns-1 uagb-columns__max_width-theme background-image-fallback-black uag-hide-tab uag-hide-mob\"><div class=\"uagb-columns__overlay\"><\/div><div class=\"uagb-columns__inner-wrap uagb-columns__columns-1\">\n<div class=\"wp-block-uagb-column uagb-column__wrap uagb-column__background-undefined uagb-block-6da44868\"><div class=\"uagb-column__overlay\"><\/div>\n<p class=\"has-neutral-white-color has-text-color has-18-font-size\"><a href=\"https:\/\/internetsociety.org\/fr\/resources\/community-network-diy-toolkit\/\">Bo\u00eete \u00e0 outils pour r\u00e9seaux communautaires<\/a> &gt; Identifier la communaut\u00e9 et ses champions<\/p>\n\n\n\n<div style=\"height:30px\" aria-hidden=\"true\" class=\"wp-block-spacer\"><\/div>\n\n\n\n<h1 class=\"wp-block-heading has-neutral-white-color has-text-color\">2. Identifier<br>la communaut\u00e9 et ses champions<\/h1>\n<\/div>\n<\/div><\/section>\n\n\n\n<div class=\"wp-block-columns uag-hide-desktop is-layout-flex wp-container-core-columns-is-layout-9d6595d7 wp-block-columns-is-layout-flex\">\n<div class=\"wp-block-column uag-hide-tab uag-hide-mob is-layout-flow wp-block-column-is-layout-flow\" style=\"flex-basis:10%\"><\/div>\n\n\n\n<div class=\"wp-block-column is-layout-flow wp-block-column-is-layout-flow\" style=\"flex-basis:80%\">\n<div style=\"height:30px\" aria-hidden=\"true\" class=\"wp-block-spacer uag-hide-desktop\"><\/div>\n\n\n\n<p class=\"has-text-align-left has-18-font-size\"><a href=\"https:\/\/internetsociety.org\/fr\/resources\/community-network-diy-toolkit\/\">Bo\u00eete \u00e0 outils pour r\u00e9seaux communautaires<\/a> &gt;<\/p>\n\n\n\n<div style=\"height:10px\" aria-hidden=\"true\" class=\"wp-block-spacer\"><\/div>\n\n\n\n<h1 class=\"wp-block-heading has-text-align-left\">2. Identifier la communaut\u00e9 et ses champions<\/h1>\n\n\n\n<div style=\"height:30px\" aria-hidden=\"true\" class=\"wp-block-spacer uag-hide-desktop\"><\/div>\n\n\n\n<figure class=\"wp-block-image size-large\"><img loading=\"lazy\" decoding=\"async\" width=\"1024\" height=\"544\" src=\"https:\/\/www.internetsociety.org\/wp-content\/uploads\/2023\/10\/Khumbu-region-of-Nepal-1024x544.jpg\" alt=\"A man talking on the phone and a woman standing next to him and smiling\" class=\"wp-image-201691\" srcset=\"https:\/\/www.internetsociety.org\/wp-content\/uploads\/2023\/10\/Khumbu-region-of-Nepal-1024x544.jpg 1024w, https:\/\/www.internetsociety.org\/wp-content\/uploads\/2023\/10\/Khumbu-region-of-Nepal-450x239.jpg 450w, https:\/\/www.internetsociety.org\/wp-content\/uploads\/2023\/10\/Khumbu-region-of-Nepal-768x408.jpg 768w, https:\/\/www.internetsociety.org\/wp-content\/uploads\/2023\/10\/Khumbu-region-of-Nepal-250x133.jpg 250w, https:\/\/www.internetsociety.org\/wp-content\/uploads\/2023\/10\/Khumbu-region-of-Nepal.jpg 1299w\" sizes=\"auto, (max-width: 1024px) 100vw, 1024px\" \/><\/figure>\n<\/div>\n\n\n\n<div class=\"wp-block-column uag-hide-tab uag-hide-mob is-layout-flow wp-block-column-is-layout-flow\" style=\"flex-basis:10%\"><\/div>\n<\/div>\n\n\n\n<div class=\"wp-block-columns is-layout-flex wp-container-core-columns-is-layout-9d6595d7 wp-block-columns-is-layout-flex\">\n<div class=\"wp-block-column uag-hide-tab uag-hide-mob is-layout-flow wp-block-column-is-layout-flow\" style=\"flex-basis:10%\"><\/div>\n\n\n\n<div class=\"wp-block-column is-layout-flow wp-block-column-is-layout-flow\" style=\"flex-basis:80%\">\n<div style=\"height:40px\" aria-hidden=\"true\" class=\"wp-block-spacer uag-hide-tab uag-hide-mob\"><\/div>\n\n\n\n<div style=\"height:20px\" aria-hidden=\"true\" class=\"wp-block-spacer uag-hide-desktop\"><\/div>\n\n\n\n<h2 class=\"wp-block-heading has-accent-purple-color has-text-color has-48-font-size\" id=\"we-will-equip-the-global-encryption-coalition-and-the-internet-society-community-with-the-tools-needed-to-help-increase-awareness-of-the-value-of-encryption\">Quelle est la communaut\u00e9 que vous cherchez \u00e0 servir ? Qui sont les dirigeants ou les organisations qui peuvent aider \u00e0 promouvoir votre travail ?<\/h2>\n\n\n\n<div style=\"height:30px\" aria-hidden=\"true\" class=\"wp-block-spacer\"><\/div>\n\n\n\n<p class=\"has-18-font-size\">La communaut\u00e9 est au centre d\u2019un r\u00e9seau communautaire. \u00c0 qui souhaitez-vous vous adresser ? S\u2019agit-il de votre ville ? Votre r\u00e9gion ? Un groupe ethnique ou linguistique sp\u00e9cifique ? Existe-t-il une organisation ou une structure de gouvernance ? Votre premi\u00e8re t\u00e2che consiste \u00e0 d\u00e9finir clairement la \u00ab communaut\u00e9 \u00bb de votre r\u00e9seau.<\/p>\n\n\n\n<div class=\"wp-block-columns is-not-stacked-on-mobile has-neutral-white-background-color has-background is-layout-flex wp-container-core-columns-is-layout-9d6595d7 wp-block-columns-is-layout-flex\">\n<div class=\"wp-block-column is-layout-flow wp-block-column-is-layout-flow\" style=\"flex-basis:2%\"><\/div>\n\n\n\n<div class=\"wp-block-column is-layout-flow wp-block-column-is-layout-flow\" style=\"flex-basis:90%\">\n<div style=\"height:30px\" aria-hidden=\"true\" class=\"wp-block-spacer\"><\/div>\n\n\n\n<h3 class=\"wp-block-heading has-32-font-size\">Points cl\u00e9s<\/h3>\n\n\n\n<div style=\"height:20px\" aria-hidden=\"true\" class=\"wp-block-spacer\"><\/div>\n\n\n\n<ul class=\"wp-block-list has-18-font-size\">\n<li>Les communaut\u00e9s sont compos\u00e9es de groupes divers dont les besoins et les valeurs \u00e9voluent au fil du temps.<\/li>\n\n\n\n<li>Une compr\u00e9hension approfondie de l\u2019ensemble de la communaut\u00e9 gr\u00e2ce \u00e0 une large participation est essentielle pour comprendre ses besoins, ses d\u00e9fis et ses aspirations sp\u00e9cifiques. Cette connaissance approfondie peut \u00e9galement r\u00e9v\u00e9ler des diff\u00e9rences au sein d\u2019une communaut\u00e9.<\/li>\n\n\n\n<li>\u00c0 tous les niveaux, les champions d\u2019Internet sont des partenaires essentiels et de confiance pour faire avancer les initiatives.<\/li>\n\n\n\n<li>L\u2019\u00e9tablissement de relations de confiance n\u00e9cessite un dialogue continu, ouvert et transparent entre tous les partenaires.<\/li>\n\n\n\n<li>Les questions li\u00e9es \u00e0 la discrimination, \u00e0 l\u2019inclusion et \u00e0 l\u2019\u00e9galit\u00e9 sont tr\u00e8s sensibles et n\u00e9cessitent des discussions approfondies et continues, ainsi que des mesures d\u2019att\u00e9nuation, afin d\u2019\u00e9viter de reproduire ou d\u2019aggraver les divisions.<\/li>\n<\/ul>\n\n\n\n<div style=\"height:30px\" aria-hidden=\"true\" class=\"wp-block-spacer\"><\/div>\n<\/div>\n\n\n\n<div class=\"wp-block-column is-layout-flow wp-block-column-is-layout-flow\" style=\"flex-basis:2%\"><\/div>\n<\/div>\n\n\n\n<div style=\"height:20px\" aria-hidden=\"true\" class=\"wp-block-spacer uag-hide-tab uag-hide-mob\"><\/div>\n<\/div>\n\n\n\n<div class=\"wp-block-column uag-hide-tab uag-hide-mob is-layout-flow wp-block-column-is-layout-flow\" style=\"flex-basis:10%\"><\/div>\n<\/div>\n\n\n\n<section class=\"wp-block-uagb-columns uagb-columns__wrap uagb-columns__background-color uagb-columns__stack-mobile uagb-columns__valign- uagb-columns__gap-10 align uagb-block-3fc73a6d uagb-columns__columns-1 uagb-columns__max_width-theme\"><div class=\"uagb-columns__overlay\"><\/div><div class=\"uagb-columns__inner-wrap uagb-columns__columns-1\">\n<div class=\"wp-block-uagb-column uagb-column__wrap uagb-column__background-undefined uagb-block-cf0d325a\"><div class=\"uagb-column__overlay\"><\/div>\n<h4 class=\"wp-block-heading has-depth-green-color has-text-color\" id=\"how-the-ndss-symposium-helps-to-strengthen-the-internet\">Passer \u00e0 l\u2019action<\/h4>\n\n\n\n<div style=\"height:20px\" aria-hidden=\"true\" class=\"wp-block-spacer\"><\/div>\n\n\n\n<div class=\"wp-block-columns is-layout-flex wp-container-core-columns-is-layout-9d6595d7 wp-block-columns-is-layout-flex\">\n<div class=\"wp-block-column is-layout-flow wp-block-column-is-layout-flow\">\n<div class=\"wp-block-cover alignfull has-custom-content-position is-position-bottom-center\" style=\"margin-top:0;padding-top:48px;padding-right:48px;padding-bottom:48px;padding-left:48px\"><img loading=\"lazy\" decoding=\"async\" width=\"600\" height=\"399\" class=\"wp-block-cover__image-background wp-image-201276\" alt=\"A group of women and men gather around a computer in Bolivia\" src=\"https:\/\/www.internetsociety.org\/wp-content\/uploads\/2023\/10\/NANUM-people-around-computer.jpg\" data-object-fit=\"cover\" srcset=\"https:\/\/www.internetsociety.org\/wp-content\/uploads\/2023\/10\/NANUM-people-around-computer.jpg 600w, https:\/\/www.internetsociety.org\/wp-content\/uploads\/2023\/10\/NANUM-people-around-computer-450x299.jpg 450w, https:\/\/www.internetsociety.org\/wp-content\/uploads\/2023\/10\/NANUM-people-around-computer-250x166.jpg 250w\" sizes=\"auto, (max-width: 600px) 100vw, 600px\" \/><span aria-hidden=\"true\" class=\"wp-block-cover__background has-background-dim-30 has-background-dim\"><\/span><div class=\"wp-block-cover__inner-container is-layout-flow wp-block-cover-is-layout-flow\">\n<div class=\"wp-block-cover background-image-fallback-black has-neutral-white-color has-text-color has-18-font-size\" style=\"min-height:100px;aspect-ratio:unset;\"><span aria-hidden=\"true\" class=\"wp-block-cover__background has-depth-teal-background-color has-background-dim-100 has-background-dim\"><\/span><div class=\"wp-block-cover__inner-container is-layout-constrained wp-block-cover-is-layout-constrained\">\n<p class=\"has-text-align-left has-18-font-size\">Identifier la communaut\u00e9.<\/p>\n<\/div><\/div>\n<\/div><\/div>\n\n\n\n<div style=\"height:20px\" aria-hidden=\"true\" class=\"wp-block-spacer\"><\/div>\n\n\n\n<ul class=\"wp-block-list has-18-font-size\">\n<li>Regroupez les donn\u00e9es g\u00e9ographiques et d\u00e9mographiques de la communaut\u00e9 : Carte g\u00e9ographique et informations d\u00e9mographiques ; population par \u00e2ge, sexe, informations socio-\u00e9conomiques, p\u00e9n\u00e9tration d\u2019Internet, Mod\u00e8les physiques 3D, documentation graphique et \u00e9crite d\u00e9crivant la communaut\u00e9 sur le plan g\u00e9ographique, d\u00e9mographique et en termes d\u2019activit\u00e9s des personnes.<\/li>\n<\/ul>\n<\/div>\n\n\n\n<div class=\"wp-block-column is-layout-flow wp-block-column-is-layout-flow\">\n<div class=\"wp-block-cover alignfull is-light has-custom-content-position is-position-bottom-center\" style=\"margin-top:0;padding-top:48px;padding-right:48px;padding-bottom:48px;padding-left:48px\"><img loading=\"lazy\" decoding=\"async\" width=\"600\" height=\"400\" class=\"wp-block-cover__image-background wp-image-201281\" alt=\"A group of women sitting side by side in front of a stone wall in Nepal\" src=\"https:\/\/www.internetsociety.org\/wp-content\/uploads\/2023\/10\/Nepal-women-at-wall.jpg\" data-object-fit=\"cover\" srcset=\"https:\/\/www.internetsociety.org\/wp-content\/uploads\/2023\/10\/Nepal-women-at-wall.jpg 600w, https:\/\/www.internetsociety.org\/wp-content\/uploads\/2023\/10\/Nepal-women-at-wall-450x300.jpg 450w, https:\/\/www.internetsociety.org\/wp-content\/uploads\/2023\/10\/Nepal-women-at-wall-250x167.jpg 250w\" sizes=\"auto, (max-width: 600px) 100vw, 600px\" \/><span aria-hidden=\"true\" class=\"wp-block-cover__background has-background-dim-30 has-background-dim\"><\/span><div class=\"wp-block-cover__inner-container is-layout-flow wp-block-cover-is-layout-flow\">\n<div class=\"wp-block-cover background-image-fallback-black has-neutral-white-color has-text-color has-18-font-size\" style=\"min-height:100px;aspect-ratio:unset;\"><span aria-hidden=\"true\" class=\"wp-block-cover__background has-depth-teal-background-color has-background-dim-100 has-background-dim\"><\/span><div class=\"wp-block-cover__inner-container is-layout-constrained wp-block-cover-is-layout-constrained\">\n<p class=\"has-text-align-left has-18-font-size\">Identifier les promoteurs potentiels.<\/p>\n<\/div><\/div>\n<\/div><\/div>\n\n\n\n<div style=\"height:20px\" aria-hidden=\"true\" class=\"wp-block-spacer\"><\/div>\n\n\n\n<ul class=\"wp-block-list has-18-font-size\">\n<li>Cr\u00e9er une liste des personnes essentielles \u00e0 impliquer<\/li>\n\n\n\n<li>Cr\u00e9er une liste des groupes d\u2019utilisateurs : dresser une liste des groupes d\u2019utilisateurs et de leurs habitudes d\u2019utilisation. Liste des premiers groupes d\u2019utilisateurs potentiels (groupes de population, nombre d\u2019\u00e9coles, entreprises locales, etc.)<\/li>\n<\/ul>\n<\/div>\n\n\n\n<div class=\"wp-block-column is-layout-flow wp-block-column-is-layout-flow\">\n<div class=\"wp-block-cover alignfull has-custom-content-position is-position-bottom-center\" style=\"margin-top:0;padding-top:48px;padding-right:48px;padding-bottom:48px;padding-left:48px\"><img loading=\"lazy\" decoding=\"async\" width=\"600\" height=\"400\" class=\"wp-block-cover__image-background wp-image-201063\" alt=\"A woman interviewing another woman sitting on the sofa\" src=\"https:\/\/www.internetsociety.org\/wp-content\/uploads\/2023\/10\/Community-Networks-Africa.jpg\" style=\"object-position:50% 50%\" data-object-fit=\"cover\" data-object-position=\"50% 50%\" srcset=\"https:\/\/www.internetsociety.org\/wp-content\/uploads\/2023\/10\/Community-Networks-Africa.jpg 600w, https:\/\/www.internetsociety.org\/wp-content\/uploads\/2023\/10\/Community-Networks-Africa-450x300.jpg 450w, https:\/\/www.internetsociety.org\/wp-content\/uploads\/2023\/10\/Community-Networks-Africa-250x167.jpg 250w\" sizes=\"auto, (max-width: 600px) 100vw, 600px\" \/><span aria-hidden=\"true\" class=\"wp-block-cover__background has-background-dim-30 has-background-dim\"><\/span><div class=\"wp-block-cover__inner-container is-layout-flow wp-block-cover-is-layout-flow\">\n<div class=\"wp-block-cover background-image-fallback-black has-neutral-white-color has-text-color has-18-font-size\" style=\"min-height:100px;aspect-ratio:unset;\"><span aria-hidden=\"true\" class=\"wp-block-cover__background has-depth-teal-background-color has-background-dim-100 has-background-dim\"><\/span><div class=\"wp-block-cover__inner-container is-layout-constrained wp-block-cover-is-layout-constrained\">\n<p class=\"has-text-align-left has-18-font-size\">D\u00e9velopper et documenter la vision communautaire et les principes directeurs du r\u00e9seau communautaire.<\/p>\n<\/div><\/div>\n<\/div><\/div>\n\n\n\n<div style=\"height:20px\" aria-hidden=\"true\" class=\"wp-block-spacer\"><\/div>\n\n\n\n<ul class=\"wp-block-list has-18-font-size\">\n<li>Noter les services que d\u00e9sire la communaut\u00e9 : Une description visuelle, audio ou \u00e9crite des services souhait\u00e9s par la communaut\u00e9, de la fonction et du r\u00f4le du r\u00e9seau communautaire en fonction des diff\u00e9rents groupes d\u2019utilisateurs et par ordre de priorit\u00e9.<\/li>\n<\/ul>\n<\/div>\n<\/div>\n<\/div>\n<\/div><\/section>\n\n\n\n<div class=\"wp-block-columns margin-bottom-0 is-layout-flex wp-container-core-columns-is-layout-9d6595d7 wp-block-columns-is-layout-flex\">\n<div class=\"wp-block-column is-layout-flow wp-block-column-is-layout-flow\" style=\"flex-basis:10%\"><\/div>\n\n\n\n<div class=\"wp-block-column is-layout-flow wp-block-column-is-layout-flow\" style=\"flex-basis:80%\">\n<div style=\"height:40px\" aria-hidden=\"true\" class=\"wp-block-spacer uag-hide-tab uag-hide-mob\"><\/div>\n\n\n\n<h4 class=\"wp-block-heading has-text-align-left\">En savoir plus<\/h4>\n\n\n\n<div style=\"height:20px\" aria-hidden=\"true\" class=\"wp-block-spacer\"><\/div>\n\n\n\n<ul class=\"wp-block-list has-18-font-size\">\n<li><span class=\"tadv-color\" style=\"color:#2b72d6\"><a href=\"https:\/\/www.internetsociety.org\/fr\/resources\/doc\/2022\/manuel-devaluation-de-letat-de-preparation-des-reseaux-communautaires\/\">Sections du Manuel de pr\u00e9paration des r\u00e9seaux communautaires<\/a><\/span> sur \u00ab La communaut\u00e9 \u00bb<\/li>\n<\/ul>\n\n\n\n<p class=\"has-18-font-size\"><a href=\"https:\/\/www.internetsociety.org\/fr\/resources\/community-network-diy-toolkit\/define-the-functions-and-services\/\">Suite -&gt; 3 : d\u00e9finir les fonctions et les services<\/a><\/p>\n\n\n\n<div style=\"height:30px\" aria-hidden=\"true\" class=\"wp-block-spacer uag-hide-tab uag-hide-mob\"><\/div>\n<\/div>\n\n\n\n<div class=\"wp-block-column is-layout-flow wp-block-column-is-layout-flow\" style=\"flex-basis:10%\"><\/div>\n<\/div>\n\n\n\n<p class=\"has-text-align-center has-neutral-white-color has-ground-navy-background-color has-text-color has-background has-12-font-size\">Droits d\u2019auteur:<br>\u00a9 Nyani Quarmyne, \u00a9 Gustavo Castellanos Echaz\u00fa, \u00a9 Nyani Quarmyne, \u00a9 Nyani Quarmyne<\/p>\n","protected":false},"excerpt":{"rendered":"<p><b>Quelle est la communaut\u00e9 que vous cherchez \u00e0 servir ?<\/b><br \/>Qui sont les dirigeants ou les organisations qui peuvent aider \u00e0 promouvoir votre travail ? Votre premi\u00e8re t\u00e2che consiste \u00e0 d\u00e9finir clairement la \u00ab communaut\u00e9 \u00bb de votre r\u00e9seau.<\/p>\n","protected":false},"author":11,"featured_media":201692,"parent":227206,"menu_order":0,"comment_status":"closed","ping_status":"closed","template":"page-wide.php","meta":{"_acf_changed":false,"_uag_custom_page_level_css":"","footnotes":""},"categories":[32],"tags":[],"region_news_regions":[6029],"content_category":[6105],"ppma_author":[6073],"class_list":["post-227212","page","type-page","status-publish","has-post-thumbnail","hentry","category-internet-access","region_news_regions-mondial","content_category-resources-type"],"acf":[],"uagb_featured_image_src":{"full":["https:\/\/www.internetsociety.org\/wp-content\/uploads\/2023\/10\/Khumbu-region-of-Nepal.jpg",1299,690,false],"thumbnail":["https:\/\/www.internetsociety.org\/wp-content\/uploads\/2023\/10\/Khumbu-region-of-Nepal-150x150.jpg",150,150,true],"medium":["https:\/\/www.internetsociety.org\/wp-content\/uploads\/2023\/10\/Khumbu-region-of-Nepal-450x239.jpg",450,239,true],"medium_large":["https:\/\/www.internetsociety.org\/wp-content\/uploads\/2023\/10\/Khumbu-region-of-Nepal-768x408.jpg",768,408,true],"large":["https:\/\/www.internetsociety.org\/wp-content\/uploads\/2023\/10\/Khumbu-region-of-Nepal-1024x544.jpg",1024,544,true],"1536x1536":["https:\/\/www.internetsociety.org\/wp-content\/uploads\/2023\/10\/Khumbu-region-of-Nepal.jpg",1299,690,false],"2048x2048":["https:\/\/www.internetsociety.org\/wp-content\/uploads\/2023\/10\/Khumbu-region-of-Nepal.jpg",1299,690,false],"post-thumbnail":["https:\/\/www.internetsociety.org\/wp-content\/uploads\/2023\/10\/Khumbu-region-of-Nepal-250x133.jpg",250,133,true],"square":["https:\/\/www.internetsociety.org\/wp-content\/uploads\/2023\/10\/Khumbu-region-of-Nepal-600x600.jpg",600,600,true],"gform-image-choice-sm":["https:\/\/www.internetsociety.org\/wp-content\/uploads\/2023\/10\/Khumbu-region-of-Nepal.jpg",300,159,false],"gform-image-choice-md":["https:\/\/www.internetsociety.org\/wp-content\/uploads\/2023\/10\/Khumbu-region-of-Nepal.jpg",400,212,false],"gform-image-choice-lg":["https:\/\/www.internetsociety.org\/wp-content\/uploads\/2023\/10\/Khumbu-region-of-Nepal.jpg",600,319,false]},"uagb_author_info":{"display_name":"Internet Society","author_link":"https:\/\/www.internetsociety.org\/fr\/author\/isoc\/"},"uagb_comment_info":0,"uagb_excerpt":"Quelle est la communaut\u00e9 que vous cherchez \u00e0 servir ?Qui sont les dirigeants ou les organisations qui peuvent aider \u00e0 promouvoir votre travail ? Votre premi\u00e8re t\u00e2che consiste \u00e0 d\u00e9finir clairement la \u00ab communaut\u00e9 \u00bb de votre r\u00e9seau.","_links":{"self":[{"href":"https:\/\/www.internetsociety.org\/fr\/wp-json\/wp\/v2\/pages\/227212","targetHints":{"allow":["GET"]}}],"collection":[{"href":"https:\/\/www.internetsociety.org\/fr\/wp-json\/wp\/v2\/pages"}],"about":[{"href":"https:\/\/www.internetsociety.org\/fr\/wp-json\/wp\/v2\/types\/page"}],"author":[{"embeddable":true,"href":"https:\/\/www.internetsociety.org\/fr\/wp-json\/wp\/v2\/users\/11"}],"replies":[{"embeddable":true,"href":"https:\/\/www.internetsociety.org\/fr\/wp-json\/wp\/v2\/comments?post=227212"}],"version-history":[{"count":0,"href":"https:\/\/www.internetsociety.org\/fr\/wp-json\/wp\/v2\/pages\/227212\/revisions"}],"up":[{"embeddable":true,"href":"https:\/\/www.internetsociety.org\/fr\/wp-json\/wp\/v2\/pages\/227206"}],"wp:featuredmedia":[{"embeddable":true,"href":"https:\/\/www.internetsociety.org\/fr\/wp-json\/wp\/v2\/media\/201692"}],"wp:attachment":[{"href":"https:\/\/www.internetsociety.org\/fr\/wp-json\/wp\/v2\/media?parent=227212"}],"wp:term":[{"taxonomy":"category","embeddable":true,"href":"https:\/\/www.internetsociety.org\/fr\/wp-json\/wp\/v2\/categories?post=227212"},{"taxonomy":"post_tag","embeddable":true,"href":"https:\/\/www.internetsociety.org\/fr\/wp-json\/wp\/v2\/tags?post=227212"},{"taxonomy":"region_news_regions","embeddable":true,"href":"https:\/\/www.internetsociety.org\/fr\/wp-json\/wp\/v2\/region_news_regions?post=227212"},{"taxonomy":"content_category","embeddable":true,"href":"https:\/\/www.internetsociety.org\/fr\/wp-json\/wp\/v2\/content_category?post=227212"},{"taxonomy":"author","embeddable":true,"href":"https:\/\/www.internetsociety.org\/fr\/wp-json\/wp\/v2\/ppma_author?post=227212"}],"curies":[{"name":"wp","href":"https:\/\/api.w.org\/{rel}","templated":true}]}}