{"id":227179,"date":"2023-10-31T09:39:59","date_gmt":"2023-10-31T09:39:59","guid":{"rendered":"https:\/\/www.internetsociety.org\/?page_id=227179"},"modified":"2025-08-25T09:48:59","modified_gmt":"2025-08-25T09:48:59","slug":"comprendre-les-exemples-de-reseaux-communautaires","status":"publish","type":"page","link":"https:\/\/www.internetsociety.org\/fr\/resources\/community-network-diy-toolkit\/understand-community-network-examples\/","title":{"rendered":"1. Comprendre les exemples de r\u00e9seaux communautaires"},"content":{"rendered":"\n<section class=\"wp-block-uagb-columns uagb-columns__wrap uagb-columns__background-image uagb-columns__stack-mobile uagb-columns__valign- uagb-columns__gap-10 align uagb-block-1b60d478 uagb-columns__columns-1 uagb-columns__max_width-theme background-image-fallback-black uag-hide-tab uag-hide-mob\"><div class=\"uagb-columns__overlay\"><\/div><div class=\"uagb-columns__inner-wrap uagb-columns__columns-1\">\n<div class=\"wp-block-uagb-column uagb-column__wrap uagb-column__background-undefined uagb-block-6da44868\"><div class=\"uagb-column__overlay\"><\/div>\n<p class=\"has-neutral-white-color has-text-color has-18-font-size\"><a href=\"https:\/\/internetsociety.org\/fr\/resources\/community-network-diy-toolkit\/\">Bo\u00eete \u00e0 outils pour r\u00e9seaux communautaires<\/a> &gt; Comprendre les exemples de r\u00e9seaux communautaires<\/p>\n\n\n\n<div style=\"height:30px\" aria-hidden=\"true\" class=\"wp-block-spacer\"><\/div>\n\n\n\n<h1 class=\"wp-block-heading has-neutral-white-color has-text-color\">1. Comprendre les<br>exemples de r\u00e9seaux communautaires<\/h1>\n<\/div>\n<\/div><\/section>\n\n\n\n<div class=\"wp-block-columns uag-hide-desktop is-layout-flex wp-container-core-columns-is-layout-9d6595d7 wp-block-columns-is-layout-flex\">\n<div class=\"wp-block-column uag-hide-tab uag-hide-mob is-layout-flow wp-block-column-is-layout-flow\" style=\"flex-basis:10%\"><\/div>\n\n\n\n<div class=\"wp-block-column is-layout-flow wp-block-column-is-layout-flow\" style=\"flex-basis:80%\">\n<div style=\"height:30px\" aria-hidden=\"true\" class=\"wp-block-spacer uag-hide-desktop\"><\/div>\n\n\n\n<p class=\"has-text-align-left has-18-font-size\"><a href=\"\/fr?resource_types=community-network-diy-toolkit\"><\/a><a href=\"https:\/\/internetsociety.org\/fr\/resources\/community-network-diy-toolkit\/\">Bo\u00eete \u00e0 outils pour r\u00e9seaux communautaires<\/a> &gt;<\/p>\n\n\n\n<div style=\"height:10px\" aria-hidden=\"true\" class=\"wp-block-spacer\"><\/div>\n\n\n\n<h1 class=\"wp-block-heading has-text-align-left\">1. Comprendre les exemples de r\u00e9seaux communautaires<\/h1>\n\n\n\n<div style=\"height:30px\" aria-hidden=\"true\" class=\"wp-block-spacer uag-hide-desktop\"><\/div>\n\n\n\n<figure class=\"wp-block-image size-large\"><img loading=\"lazy\" decoding=\"async\" width=\"1350\" height=\"725\" src=\"https:\/\/www.internetsociety.org\/wp-content\/uploads\/2021\/06\/20170702_190023_DSCF2655-e1624638648784.jpg\" alt=\"People putting up a tower for Internet access\" class=\"wp-image-145585\" srcset=\"https:\/\/www.internetsociety.org\/wp-content\/uploads\/2021\/06\/20170702_190023_DSCF2655-e1624638648784.jpg 1350w, https:\/\/www.internetsociety.org\/wp-content\/uploads\/2021\/06\/20170702_190023_DSCF2655-e1624638648784-450x242.jpg 450w, https:\/\/www.internetsociety.org\/wp-content\/uploads\/2021\/06\/20170702_190023_DSCF2655-e1624638648784-1024x550.jpg 1024w, https:\/\/www.internetsociety.org\/wp-content\/uploads\/2021\/06\/20170702_190023_DSCF2655-e1624638648784-768x412.jpg 768w, https:\/\/www.internetsociety.org\/wp-content\/uploads\/2021\/06\/20170702_190023_DSCF2655-e1624638648784-250x134.jpg 250w\" sizes=\"auto, (max-width: 1350px) 100vw, 1350px\" \/><\/figure>\n<\/div>\n\n\n\n<div class=\"wp-block-column uag-hide-tab uag-hide-mob is-layout-flow wp-block-column-is-layout-flow\" style=\"flex-basis:10%\"><\/div>\n<\/div>\n\n\n\n<div class=\"wp-block-columns is-layout-flex wp-container-core-columns-is-layout-9d6595d7 wp-block-columns-is-layout-flex\">\n<div class=\"wp-block-column uag-hide-tab uag-hide-mob is-layout-flow wp-block-column-is-layout-flow\" style=\"flex-basis:10%\"><\/div>\n\n\n\n<div class=\"wp-block-column is-layout-flow wp-block-column-is-layout-flow\" style=\"flex-basis:80%\">\n<div style=\"height:20px\" aria-hidden=\"true\" class=\"wp-block-spacer uag-hide-desktop\"><\/div>\n\n\n\n<div style=\"height:40px\" aria-hidden=\"true\" class=\"wp-block-spacer uag-hide-tab uag-hide-mob\"><\/div>\n\n\n\n<h2 class=\"wp-block-heading has-accent-purple-color has-text-color has-48-font-size\" id=\"we-will-equip-the-global-encryption-coalition-and-the-internet-society-community-with-the-tools-needed-to-help-increase-awareness-of-the-value-of-encryption\">Que pouvez-vous apprendre des autres r\u00e9seaux communautaires ?<\/h2>\n\n\n\n<div style=\"height:30px\" aria-hidden=\"true\" class=\"wp-block-spacer\"><\/div>\n\n\n\n<p class=\"has-18-font-size\">Lorsque vous r\u00e9fl\u00e9chissez \u00e0 vos propres besoins en mati\u00e8re de connectivit\u00e9 Internet, il est utile de comprendre certains des exemples des centaines de r\u00e9seaux communautaires d\u00e9j\u00e0 existants. Partout dans le monde, les gens se regroupent pour construire et entretenir leurs propres connexions Internet en mettant en place des r\u00e9seaux municipaux et communautaires, des coop\u00e9ratives et d\u2019autres solutions d\u2019acc\u00e8s compl\u00e9mentaires. Ils mettent en relation les personnes non-connect\u00e9es. Vous pouvez les rejoindre !<\/p>\n\n\n\n<div class=\"wp-block-columns is-not-stacked-on-mobile has-neutral-white-background-color has-background is-layout-flex wp-container-core-columns-is-layout-9d6595d7 wp-block-columns-is-layout-flex\">\n<div class=\"wp-block-column is-layout-flow wp-block-column-is-layout-flow\" style=\"flex-basis:2%\"><\/div>\n\n\n\n<div class=\"wp-block-column is-layout-flow wp-block-column-is-layout-flow\" style=\"flex-basis:90%\">\n<div style=\"height:30px\" aria-hidden=\"true\" class=\"wp-block-spacer\"><\/div>\n\n\n\n<h3 class=\"wp-block-heading has-32-font-size\">Points cl\u00e9s<\/h3>\n\n\n\n<div style=\"height:20px\" aria-hidden=\"true\" class=\"wp-block-spacer\"><\/div>\n\n\n\n<ul class=\"wp-block-list has-18-font-size\">\n<li>Un r\u00e9seau communautaire peut \u00eatre aussi petit qu\u2019un simple point d\u2019acc\u00e8s Wi-Fi ou aussi grand qu\u2019un petit pays (si l\u2019on compte une f\u00e9d\u00e9ration de r\u00e9seaux locaux reli\u00e9s entre eux, comme Guifinet en Espagne).<\/li>\n\n\n\n<li>Un r\u00e9seau communautaire peut se trouver dans une r\u00e9gion \u00e9loign\u00e9e ou dans une grande ville (comme le r\u00e9seau Mesh de la ville de New York).<\/li>\n\n\n\n<li>Il peut prendre la forme d\u2019une s\u00e9rie de c\u00e2bles Ethernet (comme \u00e0 Cuba), d\u2019un syst\u00e8me cellulaire local (comme au Mexique) ou, le plus souvent, d\u2019un r\u00e9seau Wi-Fi (NYC Mesh et Guifinet compl\u00e8tent le leur par une dorsale en fibre optique).<\/li>\n\n\n\n<li>Il peut fournir des services allant des ressources hors ligne h\u00e9berg\u00e9es localement aux appels vocaux locaux uniquement, en passant par la connectivit\u00e9 \u00e0 haut d\u00e9bit.<\/li>\n<\/ul>\n\n\n\n<div style=\"height:30px\" aria-hidden=\"true\" class=\"wp-block-spacer\"><\/div>\n<\/div>\n\n\n\n<div class=\"wp-block-column is-layout-flow wp-block-column-is-layout-flow\" style=\"flex-basis:2%\"><\/div>\n<\/div>\n\n\n\n<div style=\"height:20px\" aria-hidden=\"true\" class=\"wp-block-spacer uag-hide-tab uag-hide-mob\"><\/div>\n<\/div>\n\n\n\n<div class=\"wp-block-column uag-hide-tab uag-hide-mob is-layout-flow wp-block-column-is-layout-flow\" style=\"flex-basis:10%\"><\/div>\n<\/div>\n\n\n\n<section class=\"wp-block-uagb-columns uagb-columns__wrap uagb-columns__background-color uagb-columns__stack-mobile uagb-columns__valign- uagb-columns__gap-10 align uagb-block-3fc73a6d uagb-columns__columns-1 uagb-columns__max_width-theme\"><div class=\"uagb-columns__overlay\"><\/div><div class=\"uagb-columns__inner-wrap uagb-columns__columns-1\">\n<div class=\"wp-block-uagb-column uagb-column__wrap uagb-column__background-undefined uagb-block-cf0d325a\"><div class=\"uagb-column__overlay\"><\/div>\n<h4 class=\"wp-block-heading has-depth-green-color has-text-color\" id=\"how-the-ndss-symposium-helps-to-strengthen-the-internet\">Passer \u00e0 l\u2019action<\/h4>\n\n\n\n<div style=\"height:20px\" aria-hidden=\"true\" class=\"wp-block-spacer\"><\/div>\n\n\n\n<div class=\"wp-block-columns is-layout-flex wp-container-core-columns-is-layout-9d6595d7 wp-block-columns-is-layout-flex\">\n<div class=\"wp-block-column is-layout-flow wp-block-column-is-layout-flow\">\n<div class=\"wp-block-cover alignfull has-custom-content-position is-position-bottom-center\" style=\"margin-top:0;padding-top:48px;padding-right:48px;padding-bottom:48px;padding-left:48px\"><img loading=\"lazy\" decoding=\"async\" width=\"600\" height=\"400\" class=\"wp-block-cover__image-background wp-image-200826\" alt=\"A woman writing on a post-it note surrounded by people doing a group dynamic\" src=\"https:\/\/www.internetsociety.org\/wp-content\/uploads\/2023\/10\/woman-at-CN-summit.jpg\" data-object-fit=\"cover\" srcset=\"https:\/\/www.internetsociety.org\/wp-content\/uploads\/2023\/10\/woman-at-CN-summit.jpg 600w, https:\/\/www.internetsociety.org\/wp-content\/uploads\/2023\/10\/woman-at-CN-summit-450x300.jpg 450w, https:\/\/www.internetsociety.org\/wp-content\/uploads\/2023\/10\/woman-at-CN-summit-250x167.jpg 250w\" sizes=\"auto, (max-width: 600px) 100vw, 600px\" \/><span aria-hidden=\"true\" class=\"wp-block-cover__background has-background-dim-30 has-background-dim\"><\/span><div class=\"wp-block-cover__inner-container is-layout-flow wp-block-cover-is-layout-flow\">\n<div class=\"wp-block-cover background-image-fallback-black has-neutral-white-color has-text-color has-18-font-size\" style=\"min-height:100px;aspect-ratio:unset;\"><span aria-hidden=\"true\" class=\"wp-block-cover__background has-depth-teal-background-color has-background-dim-100 has-background-dim\"><\/span><div class=\"wp-block-cover__inner-container is-layout-constrained wp-block-cover-is-layout-constrained\">\n<p class=\"has-text-align-left has-18-font-size\"><a href=\"\/issues\/community-networks\/success-stories\/\">Consultez les nombreux t\u00e9moignages de r\u00e9ussite<\/a> et identifiez ceux qui se rapprochent de votre situation.<\/p>\n<\/div><\/div>\n<\/div><\/div>\n<\/div>\n\n\n\n<div class=\"wp-block-column is-layout-flow wp-block-column-is-layout-flow\">\n<div class=\"wp-block-cover alignfull has-custom-content-position is-position-bottom-center\" style=\"margin-top:0;padding-top:48px;padding-right:48px;padding-bottom:48px;padding-left:48px\"><img loading=\"lazy\" decoding=\"async\" width=\"666\" height=\"507\" class=\"wp-block-cover__image-background wp-image-107819\" alt=\"Three men talking Waimanalo Internet\" src=\"https:\/\/www.internetsociety.org\/wp-content\/uploads\/2019\/11\/Medium-WaimanaloInternetSociety057-e1682072686264.jpg\" data-object-fit=\"cover\" srcset=\"https:\/\/www.internetsociety.org\/wp-content\/uploads\/2019\/11\/Medium-WaimanaloInternetSociety057-e1682072686264.jpg 666w, https:\/\/www.internetsociety.org\/wp-content\/uploads\/2019\/11\/Medium-WaimanaloInternetSociety057-e1682072686264-450x343.jpg 450w, https:\/\/www.internetsociety.org\/wp-content\/uploads\/2019\/11\/Medium-WaimanaloInternetSociety057-e1682072686264-250x190.jpg 250w\" sizes=\"auto, (max-width: 666px) 100vw, 666px\" \/><span aria-hidden=\"true\" class=\"wp-block-cover__background has-background-dim-30 has-background-dim\"><\/span><div class=\"wp-block-cover__inner-container is-layout-flow wp-block-cover-is-layout-flow\">\n<div class=\"wp-block-cover background-image-fallback-black has-neutral-white-color has-text-color has-18-font-size\" style=\"min-height:100px;aspect-ratio:unset;\"><span aria-hidden=\"true\" class=\"wp-block-cover__background has-depth-teal-background-color has-background-dim-100 has-background-dim\"><\/span><div class=\"wp-block-cover__inner-container is-layout-constrained wp-block-cover-is-layout-constrained\">\n<p class=\"has-text-align-left has-18-font-size\">En vous basant sur ces t\u00e9moignages et d\u2019autres exemples, d\u00e9veloppez votre vision initiale de votre objectif final : comment d\u00e9finissez-vous le \u00ab succ\u00e8s \u00bb ?<\/p>\n<\/div><\/div>\n<\/div><\/div>\n<\/div>\n<\/div>\n<\/div>\n<\/div><\/section>\n\n\n\n<div class=\"wp-block-columns margin-bottom-0 is-layout-flex wp-container-core-columns-is-layout-9d6595d7 wp-block-columns-is-layout-flex\">\n<div class=\"wp-block-column is-layout-flow wp-block-column-is-layout-flow\" style=\"flex-basis:10%\"><\/div>\n\n\n\n<div class=\"wp-block-column is-layout-flow wp-block-column-is-layout-flow\" style=\"flex-basis:80%\">\n<div style=\"height:40px\" aria-hidden=\"true\" class=\"wp-block-spacer uag-hide-tab uag-hide-mob\"><\/div>\n\n\n\n<h4 class=\"wp-block-heading has-text-align-left\">En savoir plus<\/h4>\n\n\n\n<div style=\"height:20px\" aria-hidden=\"true\" class=\"wp-block-spacer\"><\/div>\n\n\n\n<ul class=\"wp-block-list has-18-font-size\">\n<li><span class=\"tadv-color\" style=\"color:#2b72d6\"><a href=\"https:\/\/www.internetsociety.org\/issues\/community-networks\/success-stories\/\">T\u00e9moignages de r\u00e9ussite des r\u00e9seaux communautaires<\/a><\/span><\/li>\n\n\n\n<li><span class=\"tadv-color\" style=\"color:#2b72d6\"><a href=\"https:\/\/www.isocfoundation.org\/stories\/\">T\u00e9moignages d\u2019impact<\/a><\/span> (Fondation Internet Society)<\/li>\n\n\n\n<li><span class=\"tadv-color\" style=\"color:#2b72d6\"><a href=\"https:\/\/www.internetsociety.org\/fr\/resources\/doc\/2022\/manuel-devaluation-de-letat-de-preparation-des-reseaux-communautaires\/\" target=\"_blank\" rel=\"noreferrer noopener\">Manuel de pr\u00e9paration des r\u00e9seaux communautaires<\/a><\/span><\/li>\n\n\n\n<li>Formations en ligne :\n<ul class=\"wp-block-list\">\n<li><span class=\"tadv-color\" style=\"color:#2b72d6\"><a href=\"https:\/\/internetsociety.org\/fr\/learning\/community-network-readiness\/\" target=\"_blank\" rel=\"noreferrer noopener\">\u00c9valuation de l\u2019\u00e9tat de pr\u00e9paration du r\u00e9seau communautaire<\/a><\/span><\/li>\n\n\n\n<li><span class=\"tadv-color\" style=\"color:#2b72d6\"><a href=\"https:\/\/www.internetsociety.org\/fr\/learning\/ddcn\/\" target=\"_blank\" rel=\"noreferrer noopener\">Les bases de la conception et du d\u00e9ploiement de r\u00e9seaux informatiques<\/a><\/span><\/li>\n<\/ul>\n<\/li>\n<\/ul>\n\n\n\n<p class=\"has-18-font-size\"><a href=\"https:\/\/www.internetsociety.org\/fr\/resources\/community-network-diy-toolkit\/identify-the-community-and-champions\/\">Suite &gt;: 2. Identifier la communaut\u00e9 et ses promoteurs<\/a><\/p>\n\n\n\n<div style=\"height:30px\" aria-hidden=\"true\" class=\"wp-block-spacer uag-hide-tab uag-hide-mob\"><\/div>\n<\/div>\n\n\n\n<div class=\"wp-block-column is-layout-flow wp-block-column-is-layout-flow\" style=\"flex-basis:10%\"><\/div>\n<\/div>\n\n\n\n<p class=\"has-text-align-center has-neutral-white-color has-ground-navy-background-color has-text-color has-background has-12-font-size\">Droits d\u2019auteur:<br>\u00a9 Nyani Quarmyne, \u00a9 Nyani Quarmyne, \u00a9 Elyse Butler<\/p>\n","protected":false},"excerpt":{"rendered":"<p><b>Que pouvez-vous apprendre des autres r\u00e9seaux communautaires ?<\/b><br \/>Partout dans le monde, les gens se regroupent pour construire et entretenir leurs propres connexions Internet en mettant en place des r\u00e9seaux municipaux et communautaires, des coop\u00e9ratives et d\u2019autres solutions d\u2019acc\u00e8s compl\u00e9mentaires.<\/p>\n","protected":false},"author":11,"featured_media":145586,"parent":227206,"menu_order":0,"comment_status":"closed","ping_status":"closed","template":"page-wide.php","meta":{"_acf_changed":false,"_uag_custom_page_level_css":"","footnotes":""},"categories":[120],"tags":[],"region_news_regions":[6029],"content_category":[6105],"ppma_author":[6073],"class_list":["post-227179","page","type-page","status-publish","has-post-thumbnail","hentry","category-acces","region_news_regions-mondial","content_category-resources-type"],"acf":[],"uagb_featured_image_src":{"full":["https:\/\/www.internetsociety.org\/wp-content\/uploads\/2021\/06\/20170702_190023_DSCF2655-e1624638648784.jpg",1350,900,false],"thumbnail":["https:\/\/www.internetsociety.org\/wp-content\/uploads\/2021\/06\/20170702_190023_DSCF2655-150x150.jpg",150,150,true],"medium":["https:\/\/www.internetsociety.org\/wp-content\/uploads\/2021\/06\/20170702_190023_DSCF2655-450x300.jpg",450,300,true],"medium_large":["https:\/\/www.internetsociety.org\/wp-content\/uploads\/2021\/06\/20170702_190023_DSCF2655-768x512.jpg",768,512,true],"large":["https:\/\/www.internetsociety.org\/wp-content\/uploads\/2021\/06\/20170702_190023_DSCF2655-1024x683.jpg",1024,683,true],"1536x1536":["https:\/\/www.internetsociety.org\/wp-content\/uploads\/2021\/06\/20170702_190023_DSCF2655-e1624638648784.jpg",1350,900,false],"2048x2048":["https:\/\/www.internetsociety.org\/wp-content\/uploads\/2021\/06\/20170702_190023_DSCF2655-e1624638648784.jpg",1350,900,false],"post-thumbnail":["https:\/\/www.internetsociety.org\/wp-content\/uploads\/2021\/06\/20170702_190023_DSCF2655-250x167.jpg",250,167,true],"square":["https:\/\/www.internetsociety.org\/wp-content\/uploads\/2021\/06\/20170702_190023_DSCF2655-600x600.jpg",600,600,true],"gform-image-choice-sm":["https:\/\/www.internetsociety.org\/wp-content\/uploads\/2021\/06\/20170702_190023_DSCF2655-e1624638648784.jpg",300,200,false],"gform-image-choice-md":["https:\/\/www.internetsociety.org\/wp-content\/uploads\/2021\/06\/20170702_190023_DSCF2655-e1624638648784.jpg",400,267,false],"gform-image-choice-lg":["https:\/\/www.internetsociety.org\/wp-content\/uploads\/2021\/06\/20170702_190023_DSCF2655-e1624638648784.jpg",600,400,false]},"uagb_author_info":{"display_name":"Internet Society","author_link":"https:\/\/www.internetsociety.org\/fr\/author\/isoc\/"},"uagb_comment_info":0,"uagb_excerpt":"Que pouvez-vous apprendre des autres r\u00e9seaux communautaires ?Partout dans le monde, les gens se regroupent pour construire et entretenir leurs propres connexions Internet en mettant en place des r\u00e9seaux municipaux et communautaires, des coop\u00e9ratives et d\u2019autres solutions d\u2019acc\u00e8s compl\u00e9mentaires.","_links":{"self":[{"href":"https:\/\/www.internetsociety.org\/fr\/wp-json\/wp\/v2\/pages\/227179","targetHints":{"allow":["GET"]}}],"collection":[{"href":"https:\/\/www.internetsociety.org\/fr\/wp-json\/wp\/v2\/pages"}],"about":[{"href":"https:\/\/www.internetsociety.org\/fr\/wp-json\/wp\/v2\/types\/page"}],"author":[{"embeddable":true,"href":"https:\/\/www.internetsociety.org\/fr\/wp-json\/wp\/v2\/users\/11"}],"replies":[{"embeddable":true,"href":"https:\/\/www.internetsociety.org\/fr\/wp-json\/wp\/v2\/comments?post=227179"}],"version-history":[{"count":0,"href":"https:\/\/www.internetsociety.org\/fr\/wp-json\/wp\/v2\/pages\/227179\/revisions"}],"up":[{"embeddable":true,"href":"https:\/\/www.internetsociety.org\/fr\/wp-json\/wp\/v2\/pages\/227206"}],"wp:featuredmedia":[{"embeddable":true,"href":"https:\/\/www.internetsociety.org\/fr\/wp-json\/wp\/v2\/media\/145586"}],"wp:attachment":[{"href":"https:\/\/www.internetsociety.org\/fr\/wp-json\/wp\/v2\/media?parent=227179"}],"wp:term":[{"taxonomy":"category","embeddable":true,"href":"https:\/\/www.internetsociety.org\/fr\/wp-json\/wp\/v2\/categories?post=227179"},{"taxonomy":"post_tag","embeddable":true,"href":"https:\/\/www.internetsociety.org\/fr\/wp-json\/wp\/v2\/tags?post=227179"},{"taxonomy":"region_news_regions","embeddable":true,"href":"https:\/\/www.internetsociety.org\/fr\/wp-json\/wp\/v2\/region_news_regions?post=227179"},{"taxonomy":"content_category","embeddable":true,"href":"https:\/\/www.internetsociety.org\/fr\/wp-json\/wp\/v2\/content_category?post=227179"},{"taxonomy":"author","embeddable":true,"href":"https:\/\/www.internetsociety.org\/fr\/wp-json\/wp\/v2\/ppma_author?post=227179"}],"curies":[{"name":"wp","href":"https:\/\/api.w.org\/{rel}","templated":true}]}}