{"id":223916,"date":"2025-03-06T16:46:53","date_gmt":"2025-03-06T16:46:53","guid":{"rendered":"https:\/\/www.internetsociety.org\/?page_id=223916"},"modified":"2025-09-16T10:55:12","modified_gmt":"2025-09-16T10:55:12","slug":"ameliorer-la-connectivite-au-sein-des-communautes","status":"publish","type":"page","link":"https:\/\/www.internetsociety.org\/fr\/resources\/advancing-community-connectivity\/","title":{"rendered":"Am\u00e9liorer la connectivit\u00e9 au sein des communaut\u00e9s"},"content":{"rendered":"\n<section class=\"wp-block-uagb-columns uagb-columns__wrap uagb-columns__background-image uagb-columns__stack-mobile uagb-columns__valign- uagb-columns__gap-10 align uagb-block-23a23ee5 uagb-columns__columns-1 uagb-columns__max_width-theme background-image-fallback-black uag-hide-tab uag-hide-mob\"><div class=\"uagb-columns__overlay\"><\/div><div class=\"uagb-columns__inner-wrap uagb-columns__columns-1\">\n<div class=\"wp-block-uagb-column uagb-column__wrap uagb-column__background-undefined uagb-block-2cac500f\"><div class=\"uagb-column__overlay\"><\/div>\n<h1 class=\"wp-block-heading has-neutral-white-color has-text-color\">Am\u00e9liorer la connectivit\u00e9 au sein des communaut\u00e9s<\/h1>\n\n\n\n<div style=\"height:40px\" aria-hidden=\"true\" class=\"wp-block-spacer\"><\/div>\n\n\n\n<h2 class=\"wp-block-heading has-neutral-white-color has-text-color has-32-font-size\"><strong>Strat\u00e9gies politiques visant \u00e0 r\u00e9duire la fracture num\u00e9rique<\/strong><\/h2>\n<\/div>\n<\/div><\/section>\n\n\n\n<section class=\"wp-block-uagb-columns uagb-columns__wrap uagb-columns__background-none uagb-columns__stack-tablet uagb-columns__valign-top uagb-columns__gap-10 align uagb-block-de3d1d5d uagb-columns__columns-1 uagb-columns__max_width-theme uag-hide-desktop\"><div class=\"uagb-columns__overlay\"><\/div><div class=\"uagb-columns__inner-wrap uagb-columns__columns-1\">\n<div class=\"wp-block-uagb-column uagb-column__wrap uagb-column__background-undefined uagb-block-f338041f\"><div class=\"uagb-column__overlay\"><\/div>\n<h1 class=\"wp-block-heading has-text-align-left\">Am\u00e9liorer la connectivit\u00e9 au sein des communaut\u00e9s<\/h1>\n\n\n\n<div style=\"height:20px\" aria-hidden=\"true\" class=\"wp-block-spacer\"><\/div>\n\n\n\n<h2 class=\"wp-block-heading has-text-align-left\"><strong>Strat\u00e9gies politiques visant \u00e0 r\u00e9duire la fracture num\u00e9rique<\/strong><\/h2>\n\n\n\n<div style=\"height:30px\" aria-hidden=\"true\" class=\"wp-block-spacer\"><\/div>\n\n\n\n<figure class=\"wp-block-image size-large\"><img loading=\"lazy\" decoding=\"async\" width=\"1024\" height=\"768\" src=\"https:\/\/www.internetsociety.org\/wp-content\/uploads\/2024\/04\/Nepal-phone-1024x768.jpg\" alt=\"Femme capturant un village de montagne pittoresque avec son appareil photo.\" class=\"wp-image-209287\" srcset=\"https:\/\/www.internetsociety.org\/wp-content\/uploads\/2024\/04\/Nepal-phone-1024x768.jpg 1024w, https:\/\/www.internetsociety.org\/wp-content\/uploads\/2024\/04\/Nepal-phone-450x338.jpg 450w, https:\/\/www.internetsociety.org\/wp-content\/uploads\/2024\/04\/Nepal-phone-768x576.jpg 768w, https:\/\/www.internetsociety.org\/wp-content\/uploads\/2024\/04\/Nepal-phone-250x188.jpg 250w, https:\/\/www.internetsociety.org\/wp-content\/uploads\/2024\/04\/Nepal-phone.jpg 1440w\" sizes=\"auto, (max-width: 1024px) 100vw, 1024px\" \/><\/figure>\n<\/div>\n<\/div><\/section>\n\n\n\n<section class=\"wp-block-uagb-columns uagb-columns__wrap uagb-columns__background-none uagb-columns__stack-tablet uagb-columns__valign-top uagb-columns__gap-10 align uagb-block-7fc96a50 uagb-columns__columns-1 uagb-columns__max_width-theme\"><div class=\"uagb-columns__overlay\"><\/div><div class=\"uagb-columns__inner-wrap uagb-columns__columns-1\">\n<div class=\"wp-block-uagb-column uagb-column__wrap uagb-column__background-undefined uagb-block-8e5712d6\"><div class=\"uagb-column__overlay\"><\/div>\n<p class=\"has-18-font-size\">Les r\u00e9seaux communautaires, les fournisseurs d\u2019acc\u00e8s \u00e0 Internet (FAI) locaux et d\u2019autres solutions de connectivit\u00e9 \u00e0 petite \u00e9chelle peuvent contribuer \u00e0 offrir un Internet de qualit\u00e9 et abordable \u00e0 chaque individu et foyer. Ces types d\u2019initiatives locales, fond\u00e9es sur les connaissances du terrain, peuvent r\u00e9pondre aux besoins non couverts par les mod\u00e8les traditionnels.<\/p>\n\n\n\n<p class=\"has-18-font-size\">Cependant, la fracture num\u00e9rique persiste en raison des d\u00e9faillances du march\u00e9 et des politiques. La combler d\u00e9finitivement implique de cr\u00e9er un environnement r\u00e9glementaire ouvert \u00e0 toutes les formes de connectivit\u00e9. Un Internet pour tout le monde n\u00e9cessite des approches et des mod\u00e8les vari\u00e9s, capables de r\u00e9pondre \u00e0 des besoins divers, ce qui est tout \u00e0 fait r\u00e9alisable.<\/p>\n\n\n\n<p class=\"has-18-font-size\">Ces conseils, ressources et exemples peuvent vous aider \u00e0 r\u00e9fl\u00e9chir aux politiques qui comptent pour votre pays ou votre communaut\u00e9, \u00e0 vous inspirer d\u2019exp\u00e9riences r\u00e9ussies, ou \u00e0 \u00e9carter les approches inefficaces. Vous pourrez ainsi progresser vers un environnement r\u00e9glementaire favorable \u00e0 la r\u00e9ussite des initiatives locales en mati\u00e8re de connectivit\u00e9.<\/p>\n\n\n\n<div style=\"height:40px\" aria-hidden=\"true\" class=\"wp-block-spacer uag-hide-tab uag-hide-mob\"><\/div>\n\n\n\n<h3 class=\"wp-block-heading has-32-font-size uag-hide-tab uag-hide-mob\">L\u2019am\u00e9lioration des politiques repose sur trois axes principaux :<\/h3>\n\n\n\n<h3 class=\"wp-block-heading uag-hide-desktop\">L\u2019am\u00e9lioration des politiques repose sur trois axes principaux :<\/h3>\n\n\n\n<section class=\"wp-block-uagb-columns uagb-columns__wrap uagb-columns__background-color uagb-columns__stack-tablet uagb-columns__valign-top uagb-columns__gap-10 align uagb-block-0c8abc1f uagb-columns__columns-3 uagb-columns__max_width-theme\"><div class=\"uagb-columns__overlay\"><\/div><div class=\"uagb-columns__inner-wrap uagb-columns__columns-3\">\n<div class=\"wp-block-uagb-column uagb-column__wrap uagb-column__background-color uagb-block-c5cbb46e\"><div class=\"uagb-column__overlay\"><\/div>\n<figure class=\"wp-block-image size-full is-style-default margin-bottom-0 vertical-align-bottom\"><img loading=\"lazy\" decoding=\"async\" width=\"1002\" height=\"932\" src=\"https:\/\/www.internetsociety.org\/wp-content\/uploads\/2020\/07\/DSC_7717-e1594837456289.jpg\" alt=\"Une femme se tient avec assurance devant une grande antenne parabolique.\" class=\"wp-image-118421\" style=\"aspect-ratio:1;object-fit:cover\" srcset=\"https:\/\/www.internetsociety.org\/wp-content\/uploads\/2020\/07\/DSC_7717-e1594837456289.jpg 1002w, https:\/\/www.internetsociety.org\/wp-content\/uploads\/2020\/07\/DSC_7717-e1594837456289-450x419.jpg 450w, https:\/\/www.internetsociety.org\/wp-content\/uploads\/2020\/07\/DSC_7717-e1594837456289-768x714.jpg 768w, https:\/\/www.internetsociety.org\/wp-content\/uploads\/2020\/07\/DSC_7717-e1594837456289-250x233.jpg 250w\" sizes=\"auto, (max-width: 1002px) 100vw, 1002px\" \/><\/figure>\n\n\n\n<div style=\"height:20px\" aria-hidden=\"true\" class=\"wp-block-spacer\"><\/div>\n\n\n\n<div class=\"wp-block-uagb-info-box uagb-block-6e38d95b uagb-infobox__content-wrap  uagb-infobox-icon-above-title uagb-infobox-image-valign-top\"><div class=\"uagb-ifb-content\"><div class=\"uagb-ifb-title-wrap\"><h4 class=\"uagb-ifb-title\"><strong>Financement<\/strong><\/h4><\/div><p class=\"uagb-ifb-desc\">La connectivit\u00e9 centr\u00e9e sur la communaut\u00e9 doit \u00eatre financi\u00e8rement viable : elle ne peut pas reposer sur un mod\u00e8le caritatif. <a href=\"https:\/\/www.internetsociety.org\/resources\/advancing-community-connectivity\/financing\/\">Conseils pour am\u00e9liorer l\u2019acc\u00e8s aux Fonds de service universel et \u00e0 d\u2019autres sources de financement.<\/a><\/p><\/div><\/div>\n<\/div>\n\n\n\n<div class=\"wp-block-uagb-column uagb-column__wrap uagb-column__background-color uagb-block-74b7a2c7\"><div class=\"uagb-column__overlay\"><\/div>\n<figure class=\"wp-block-image size-full\"><img loading=\"lazy\" decoding=\"async\" width=\"667\" height=\"615\" src=\"https:\/\/www.internetsociety.org\/wp-content\/uploads\/2025\/02\/woman-man-discussing.jpg\" alt=\"Un homme et une femme en pleine conversation.\" class=\"wp-image-220550\" style=\"aspect-ratio:1;object-fit:cover\" srcset=\"https:\/\/www.internetsociety.org\/wp-content\/uploads\/2025\/02\/woman-man-discussing.jpg 667w, https:\/\/www.internetsociety.org\/wp-content\/uploads\/2025\/02\/woman-man-discussing-450x415.jpg 450w, https:\/\/www.internetsociety.org\/wp-content\/uploads\/2025\/02\/woman-man-discussing-250x231.jpg 250w\" sizes=\"auto, (max-width: 667px) 100vw, 667px\" \/><\/figure>\n\n\n\n<div style=\"height:20px\" aria-hidden=\"true\" class=\"wp-block-spacer\"><\/div>\n\n\n\n<div class=\"wp-block-uagb-info-box uagb-block-8afe33bc uagb-infobox__content-wrap  uagb-infobox-icon-above-title uagb-infobox-image-valign-top\"><div class=\"uagb-ifb-content\"><div class=\"uagb-ifb-title-wrap\"><h4 class=\"uagb-ifb-title\"><strong>Octroi de licence<\/strong><\/h4><\/div><p class=\"uagb-ifb-desc\">Dans certaines r\u00e9gions, seuls les grands fournisseurs parviennent \u00e0 obtenir une licence d\u2019exploitation. <a href=\"https:\/\/www.internetsociety.org\/resources\/advancing-community-connectivity\/licensing\/\">D\u00e9couvrez quelques moyens de r\u00e9duire les obstacles pour les acteurs plus modestes qui souhaitent obtenir une licence.<\/a><\/p><\/div><\/div>\n<\/div>\n\n\n\n<div class=\"wp-block-uagb-column uagb-column__wrap uagb-column__background-color uagb-block-4d8f3576\"><div class=\"uagb-column__overlay\"><\/div>\n<figure class=\"wp-block-image size-full is-style-default\"><img decoding=\"async\" src=\"https:\/\/www.internetsociety.org\/wp-content\/uploads\/2019\/12\/Medium-20170702_181556_DSCF2583.jpg\" alt=\"Un homme grimpe sur une tour pour ajuster du mat\u00e9riel. Il est en Touch\u00e9tie.\" class=\"wp-image-108816\" style=\"aspect-ratio:1;object-fit:cover\"\/><\/figure>\n\n\n\n<div style=\"height:20px\" aria-hidden=\"true\" class=\"wp-block-spacer\"><\/div>\n\n\n\n<div class=\"wp-block-uagb-info-box uagb-block-4be958dc uagb-infobox__content-wrap  uagb-infobox-icon-above-title uagb-infobox-image-valign-top\"><div class=\"uagb-ifb-content\"><div class=\"uagb-ifb-title-wrap\"><h4 class=\"uagb-ifb-title\"><strong>Attribution du spectre<\/strong><\/h4><\/div><p class=\"uagb-ifb-desc\">Il existe souvent des portions du spectre inutilis\u00e9es ou sous-utilis\u00e9es, qui pourraient \u00eatre lib\u00e9r\u00e9es pour permettre \u00e0 une plus grande diversit\u00e9 d\u2019acteurs d\u2019y acc\u00e9der. <a href=\"https:\/\/www.internetsociety.org\/resources\/advancing-community-connectivity\/spectrum-allocation\/\">D\u00e9couvrez comment les changements de politiques peuvent aider les fournisseurs d\u2019acc\u00e8s Internet \u00e0 partager le spectre plus efficacement et \u00e0 connecter davantage de personnes.<\/a><\/p><\/div><\/div>\n<\/div>\n<\/div><\/section>\n<\/div>\n<\/div><\/section>\n\n\n\n<section class=\"wp-block-uagb-columns uagb-columns__wrap uagb-columns__background-image uagb-columns__stack-none uagb-columns__valign- uagb-columns__gap-10 align uagb-block-9a8ef2fd uagb-columns__columns-1 uagb-columns__max_width-theme background-image-fallback-white\"><div class=\"uagb-columns__overlay\"><\/div><div class=\"uagb-columns__inner-wrap uagb-columns__columns-1\">\n<div class=\"wp-block-uagb-column uagb-column__wrap uagb-column__background-undefined uagb-block-9d52efac\"><div class=\"uagb-column__overlay\"><\/div>\n<h3 class=\"wp-block-heading has-32-font-size uag-hide-tab uag-hide-mob\">Que puis-je faire d\u2019autre ?<\/h3>\n\n\n\n<h2 class=\"wp-block-heading uag-hide-desktop\">Que puis-je faire d\u2019autre ?<\/h2>\n\n\n\n<section class=\"wp-block-uagb-columns uagb-columns__wrap uagb-columns__background-color uagb-columns__stack-tablet uagb-columns__valign-top uagb-columns__gap-10 align uagb-block-ab3abb2e uagb-columns__columns-2 uagb-columns__max_width-theme\"><div class=\"uagb-columns__overlay\"><\/div><div class=\"uagb-columns__inner-wrap uagb-columns__columns-2\">\n<div class=\"wp-block-uagb-column uagb-column__wrap uagb-column__background-color uagb-block-4b15ad8e\"><div class=\"uagb-column__overlay\"><\/div>\n<div class=\"wp-block-uagb-info-box uagb-block-ae320300 uagb-infobox__content-wrap  uagb-infobox-icon-above-title uagb-infobox-image-valign-top\"><div class=\"uagb-ifb-content\"><div class=\"uagb-ifb-title-wrap\"><h4 class=\"uagb-ifb-title\"><strong>Effectuez une analyse SWOT des politiques en place<\/strong><\/h4><\/div><p class=\"uagb-ifb-desc\"><a href=\"https:\/\/www.internetsociety.org\/wp-content\/uploads\/2025\/04\/Policy-SWOT-FR.pdf\">Utilisez l\u2019exercice d\u2019analyse SWOT des politiques de connectivit\u00e9 centr\u00e9es sur la communaut\u00e9 <\/a>(forces, faiblesses, opportunit\u00e9s et menaces) pour identifier les priorit\u00e9s, rep\u00e9rer les probl\u00e8mes potentiels et comprendre les opportunit\u00e9s de changement. T\u00e9l\u00e9chargez la fiche d\u2019analyse ou appuyez-vous sur les questions pour alimenter vos discussions<\/p><\/div><\/div>\n<\/div>\n\n\n\n<div class=\"wp-block-uagb-column uagb-column__wrap uagb-column__background-color uagb-block-ae4d75dc\"><div class=\"uagb-column__overlay\"><\/div>\n<div class=\"wp-block-uagb-info-box uagb-block-ef81fd99 uagb-infobox__content-wrap  uagb-infobox-icon-above-title uagb-infobox-image-valign-top\"><div class=\"uagb-ifb-content\"><div class=\"uagb-ifb-title-wrap\"><h4 class=\"uagb-ifb-title\"><strong>Utilisez la bo\u00eete \u00e0 outils DIY des r\u00e9seaux communautaires<\/strong><\/h4><\/div><p class=\"uagb-ifb-desc\">Si vous \u00eates convaincu qu\u2019un r\u00e9seau communautaire est la voie \u00e0 suivre, <a href=\"https:\/\/internetsociety.org\/fr\/resources\/community-network-diy-toolkit\/\">consultez la bo\u00eete \u00e0 outils DIY<\/a> pour en savoir plus sur sa mise en \u0153uvre. Tout y est expliqu\u00e9 \u00e9tape par \u00e9tape : du choix du mat\u00e9riel aux structures organisationnelles, en passant par la planification de l\u2019installation.<\/p><\/div><\/div>\n<\/div>\n<\/div><\/section>\n\n\n\n<p class=\"has-ground-navy-color has-text-color has-link-color has-18-font-size wp-elements-e8b197965fe7ba663e12f12fefc2876a\"><span style=\"font-weight: 400;\">Si vous avez besoin de conseils suppl\u00e9mentaires sur les mises \u00e0 jour politiques ou si vous ne savez pas par o\u00f9 commencer, nous serons ravis de vous aider. <\/span><a href=\"mailto:connectivity@isoc.org\"><span style=\"font-weight: 400;\">Contactez-nous.<\/span><\/a><\/p>\n\n\n\n<p class=\"has-ground-navy-color has-text-color has-link-color has-18-font-size wp-elements-0e367c25158b1d26fcb90840be87ed02\"><span style=\"font-weight: 400;\">Vous pouvez \u00e9galement <\/span><a href=\"https:\/\/www.internetsociety.org\/wp-content\/uploads\/2025\/06\/2025_Advancing_Community_Connectivity-FR.pdf\"><span style=\"font-weight: 400;\">t\u00e9l\u00e9charger le document \u00ab\u202fStrat\u00e9gies politiques visant \u00e0 r\u00e9duire la fracture num\u00e9rique\u202f\u00bb au format PDF<\/span><\/a><span style=\"font-weight: 400;\">.<\/span><\/p>\n<\/div>\n<\/div><\/section>\n\n\n\n<p class=\"has-text-align-center has-neutral-white-color has-ground-navy-background-color has-text-color has-background has-12-font-size\">Droits d\u00e1uteur:<br>\u00a9 Jo\u00e3o Aguiar\/Internet Society, \u00a9 Angela Gzowski, \u00a9 Internet Society Rwanda, \u00a9 Nyani Quarmyne<\/p>\n","protected":false},"excerpt":{"rendered":"<p>Explorez des conseils, des ressources et des histoires de r\u00e9ussite pour cr\u00e9er des politiques Internet inclusives qui renforcent les solutions de connectivit\u00e9 locale.<\/p>\n","protected":false},"author":46,"featured_media":0,"parent":229393,"menu_order":0,"comment_status":"closed","ping_status":"closed","template":"page-wide.php","meta":{"_acf_changed":false,"_uag_custom_page_level_css":"","footnotes":""},"categories":[121,120],"tags":[],"region_news_regions":[6029],"content_category":[6105],"ppma_author":[4057],"class_list":["post-223916","page","type-page","status-publish","hentry","category-reseaux-communautaires","category-acces","region_news_regions-mondial","content_category-resources-type"],"acf":[],"uagb_featured_image_src":{"full":false,"thumbnail":false,"medium":false,"medium_large":false,"large":false,"1536x1536":false,"2048x2048":false,"post-thumbnail":false,"square":false,"gform-image-choice-sm":false,"gform-image-choice-md":false,"gform-image-choice-lg":false},"uagb_author_info":{"display_name":"Ivana Trbovic","author_link":"https:\/\/www.internetsociety.org\/fr\/author\/trbovic\/"},"uagb_comment_info":0,"uagb_excerpt":"Explorez des conseils, des ressources et des histoires de r\u00e9ussite pour cr\u00e9er des politiques Internet inclusives qui renforcent les solutions de connectivit\u00e9 locale.","_links":{"self":[{"href":"https:\/\/www.internetsociety.org\/fr\/wp-json\/wp\/v2\/pages\/223916","targetHints":{"allow":["GET"]}}],"collection":[{"href":"https:\/\/www.internetsociety.org\/fr\/wp-json\/wp\/v2\/pages"}],"about":[{"href":"https:\/\/www.internetsociety.org\/fr\/wp-json\/wp\/v2\/types\/page"}],"author":[{"embeddable":true,"href":"https:\/\/www.internetsociety.org\/fr\/wp-json\/wp\/v2\/users\/46"}],"replies":[{"embeddable":true,"href":"https:\/\/www.internetsociety.org\/fr\/wp-json\/wp\/v2\/comments?post=223916"}],"version-history":[{"count":0,"href":"https:\/\/www.internetsociety.org\/fr\/wp-json\/wp\/v2\/pages\/223916\/revisions"}],"up":[{"embeddable":true,"href":"https:\/\/www.internetsociety.org\/fr\/wp-json\/wp\/v2\/pages\/229393"}],"wp:attachment":[{"href":"https:\/\/www.internetsociety.org\/fr\/wp-json\/wp\/v2\/media?parent=223916"}],"wp:term":[{"taxonomy":"category","embeddable":true,"href":"https:\/\/www.internetsociety.org\/fr\/wp-json\/wp\/v2\/categories?post=223916"},{"taxonomy":"post_tag","embeddable":true,"href":"https:\/\/www.internetsociety.org\/fr\/wp-json\/wp\/v2\/tags?post=223916"},{"taxonomy":"region_news_regions","embeddable":true,"href":"https:\/\/www.internetsociety.org\/fr\/wp-json\/wp\/v2\/region_news_regions?post=223916"},{"taxonomy":"content_category","embeddable":true,"href":"https:\/\/www.internetsociety.org\/fr\/wp-json\/wp\/v2\/content_category?post=223916"},{"taxonomy":"author","embeddable":true,"href":"https:\/\/www.internetsociety.org\/fr\/wp-json\/wp\/v2\/ppma_author?post=223916"}],"curies":[{"name":"wp","href":"https:\/\/api.w.org\/{rel}","templated":true}]}}