{"id":223219,"date":"2025-04-01T15:36:19","date_gmt":"2025-04-01T15:36:19","guid":{"rendered":"https:\/\/www.internetsociety.org\/?page_id=223219"},"modified":"2025-07-08T18:26:48","modified_gmt":"2025-07-08T18:26:48","slug":"supporting-a-secure-and-trustworthy-internet","status":"publish","type":"page","link":"https:\/\/www.internetsociety.org\/fr\/our-work\/supporting-a-secure-and-trustworthy-internet\/","title":{"rendered":"Promouvoir un Internet s\u00fbr et digne de confiance"},"content":{"rendered":"\n<section class=\"wp-block-uagb-columns uagb-columns__wrap uagb-columns__background-image uagb-columns__stack-mobile uagb-columns__valign- uagb-columns__gap-10 align uagb-block-97cd7c03 uagb-columns__columns-1 uagb-columns__max_width-theme background-image-fallback-black uag-hide-tab uag-hide-mob\"><div class=\"uagb-columns__overlay\"><\/div><div class=\"uagb-columns__inner-wrap uagb-columns__columns-1\">\n<div class=\"wp-block-uagb-column uagb-column__wrap uagb-column__background-color uagb-block-6c4fbb6d\"><div class=\"uagb-column__overlay\"><\/div>\n<h1 class=\"wp-block-heading has-neutral-white-color has-text-color\">Promouvoir <br>un Internet s\u00fbr et <br>digne de confiance<\/h1>\n<\/div>\n<\/div><\/section>\n\n\n\n<section class=\"wp-block-uagb-columns uagb-columns__wrap uagb-columns__background-none uagb-columns__stack-tablet uagb-columns__valign-top uagb-columns__gap-10 align uagb-block-de3d1d5d uagb-columns__columns-1 uagb-columns__max_width-theme uag-hide-desktop\"><div class=\"uagb-columns__overlay\"><\/div><div class=\"uagb-columns__inner-wrap uagb-columns__columns-1\">\n<div class=\"wp-block-uagb-column uagb-column__wrap uagb-column__background-undefined uagb-block-f338041f\"><div class=\"uagb-column__overlay\"><\/div>\n<h1 class=\"wp-block-heading has-text-align-left\">Promouvoir un Internet s\u00fbr et digne de confiance<\/h1>\n\n\n\n<div style=\"height:30px\" aria-hidden=\"true\" class=\"wp-block-spacer\"><\/div>\n\n\n\n<figure class=\"wp-block-image size-full\"><img loading=\"lazy\" decoding=\"async\" width=\"1280\" height=\"550\" src=\"https:\/\/www.internetsociety.org\/wp-content\/uploads\/2020\/04\/Kids-Need-Encryption.jpg\" alt=\"Indian father and child with smartphone\" class=\"wp-image-113656\" srcset=\"https:\/\/www.internetsociety.org\/wp-content\/uploads\/2020\/04\/Kids-Need-Encryption.jpg 1280w, https:\/\/www.internetsociety.org\/wp-content\/uploads\/2020\/04\/Kids-Need-Encryption-450x193.jpg 450w, https:\/\/www.internetsociety.org\/wp-content\/uploads\/2020\/04\/Kids-Need-Encryption-1024x440.jpg 1024w, https:\/\/www.internetsociety.org\/wp-content\/uploads\/2020\/04\/Kids-Need-Encryption-768x330.jpg 768w, https:\/\/www.internetsociety.org\/wp-content\/uploads\/2020\/04\/Kids-Need-Encryption-250x107.jpg 250w\" sizes=\"auto, (max-width: 1280px) 100vw, 1280px\" \/><\/figure>\n<\/div>\n<\/div><\/section>\n\n\n\n<section class=\"wp-block-uagb-columns uagb-columns__wrap uagb-columns__background-none uagb-columns__stack-tablet uagb-columns__valign-top uagb-columns__gap-10 align uagb-block-7fc96a50 uagb-columns__columns-1 uagb-columns__max_width-theme\"><div class=\"uagb-columns__overlay\"><\/div><div class=\"uagb-columns__inner-wrap uagb-columns__columns-1\">\n<div class=\"wp-block-uagb-column uagb-column__wrap uagb-column__background-undefined uagb-block-8e5712d6\"><div class=\"uagb-column__overlay\"><\/div>\n<h2 class=\"wp-block-heading has-accent-purple-color has-text-color has-32-font-size\"><strong>Les gens ont besoin d\u2019un Internet digne de confiance. Nous nous battons pour y parvenir.<\/strong><\/h2>\n\n\n\n<div style=\"height:20px\" aria-hidden=\"true\" class=\"wp-block-spacer\"><\/div>\n\n\n\n<p class=\"has-18-font-size\">Chaque minute de chaque heure, des personnes se connectent en ligne pour partager des informations, des id\u00e9es et des r\u00eaves.<\/p>\n\n\n\n<p class=\"has-18-font-size\">En travaillant avec notre communaut\u00e9 mondiale, nous contribuons \u00e0 faire de l\u2019Internet un lieu digne de confiance. Ensemble, nous d\u00e9fendons un Internet r\u00e9silient et fonctionnel, tout en sensibilisant les gens \u00e0 faire des choix plus s\u00fbrs en ligne.<\/p>\n\n\n\n<div style=\"height:40px\" aria-hidden=\"true\" class=\"wp-block-spacer uag-hide-tab uag-hide-mob\"><\/div>\n\n\n\n<div style=\"height:20px\" aria-hidden=\"true\" class=\"wp-block-spacer uag-hide-desktop\"><\/div>\n\n\n\n<h3 class=\"wp-block-heading has-32-font-size\">Ce que nous faisons pour r\u00e9tablir la confiance en ligne<\/h3>\n\n\n\n<div style=\"height:20px\" aria-hidden=\"true\" class=\"wp-block-spacer\"><\/div>\n\n\n\n<p class=\"has-18-font-size\">Nous veillons \u00e0 ce que les \u00e9volutions politiques et technologiques soutiennent ce dont Internet a besoin pour rester une ressource mondiale pour tout le monde.<\/p>\n\n\n\n<p class=\"has-18-font-size\"><a href=\"https:\/\/www.internetsociety.org\/fr\/action-plan\/encryption\/\">\u00c9tendre le cryptage<\/a><br>Pour que les gens puissent avoir confiance en Internet, il est crucial qu\u2019ils se sentent en s\u00e9curit\u00e9 lorsqu\u2019ils l\u2019utilisent. Le cryptage y contribue en s\u00e9curisant nos actions en ligne. Nous mettons en avant les bienfaits du cryptage aupr\u00e8s des l\u00e9gislateurs pour emp\u00eacher l\u2019adoption de lois qui fragiliseraient cette ressource essentielle.<\/p>\n\n\n\n<p class=\"has-18-font-size\"><a href=\"https:\/\/www.internetsociety.org\/fr\/amicus-program\/\">Influencer la l\u00e9gislation relative \u00e0 l\u2019Internet<\/a><br>Les juridictions sont r\u00e9guli\u00e8rement amen\u00e9es \u00e0 statuer sur des questions juridiques et \u00e0 interpr\u00e9ter les lois et r\u00e8gles ayant un impact sur le fonctionnement de l\u2019Internet. Nous exprimons nos opinions aupr\u00e8s des juridictions pour garantir que les lois adopt\u00e9es soutiennent un Internet ouvert, connect\u00e9 \u00e0 l\u2019\u00e9chelle mondiale, s\u00e9curis\u00e9 et digne de confiance.<\/p>\n\n\n\n<p class=\"has-18-font-size\"><a href=\"https:\/\/www.internetsociety.org\/fr\/action-plan\/ndss-symposium\/\">Partager les derni\u00e8res d\u00e9couvertes en mati\u00e8re de s\u00e9curit\u00e9<\/a><br>Gr\u00e2ce au partage collaboratif des recherches de pointe sur la s\u00e9curit\u00e9 des syst\u00e8mes, le symposium NDSS aide la communaut\u00e9 Internet \u00e0 rendre le r\u00e9seau plus s\u00fbr.<\/p>\n\n\n\n<p class=\"has-18-font-size\"><a href=\"https:\/\/internetsociety.org\/fr\/issues\/internet-governance\/\">Promouvoir et d\u00e9fendre un mod\u00e8le de gouvernance multipartite de l&rsquo;Internet<br><\/a>Nous \u0153uvrons pour lever les obstacles \u00e0 l\u2019adoption des normes et permettre \u00e0 chaque personne de s\u2019exprimer sur l\u2019\u00e9laboration des politiques et des normes de l\u2019Internet.<\/p>\n\n\n\n<p class=\"has-18-font-size\"><a href=\"https:\/\/www.internetsociety.org\/fr\/action-plan\/countering-internet-threats\/\">Prot\u00e9ger un Internet ouvert<\/a><br>Qu\u2019elles soient intentionnelles ou non, les politiques publiques et les d\u00e9cisions commerciales peuvent menacer les principes m\u00eames qui ont fait le succ\u00e8s de l\u2019Internet et compromettre sa s\u00e9curit\u00e9. Nous \u0153uvrons en faveur de politiques qui pr\u00e9servent l\u2019Internet, au lieu de le fragiliser.<\/p>\n\n\n\n<p class=\"has-18-font-size\"><a href=\"https:\/\/www.internetsociety.org\/fr\/action-plan\/online-trust-and-safety\/\">Soutenir la confiance et la s\u00e9curit\u00e9 en ligne<br><\/a>Nous travaillons afin d\u2019aider les personnes nouvellement connect\u00e9es \u00e0 avoir une exp\u00e9rience en ligne plus s\u00fbre.<\/p>\n<\/div>\n<\/div><\/section>\n\n\n\n<section class=\"wp-block-uagb-columns uagb-columns__wrap uagb-columns__background-image uagb-columns__stack-none uagb-columns__valign- uagb-columns__gap-10 align uagb-block-4d9bf2bb uagb-columns__columns-1 uagb-columns__max_width-theme background-image-fallback-white\"><div class=\"uagb-columns__overlay\"><\/div><div class=\"uagb-columns__inner-wrap uagb-columns__columns-1\">\n<div class=\"wp-block-uagb-column uagb-column__wrap uagb-column__background-undefined uagb-block-4c678b85\"><div class=\"uagb-column__overlay\"><\/div>\n<h3 class=\"wp-block-heading has-32-font-size\"><strong>Mesures que nous avons prises pour un Internet plus digne de confiance<\/strong><\/h3>\n\n\n\n<div style=\"height:20px\" aria-hidden=\"true\" class=\"wp-block-spacer\"><\/div>\n\n\n\n<div class=\"wp-block-uagb-slider uagb-block-ad603c61 uagb-slider-container\"><div class=\"uagb-slides uagb-swiper\"><div class=\"swiper-wrapper\">\n<div class=\"wp-block-uagb-slider-child uagb-slider-child-wrap swiper-slide uagb-block-be2a7d87\"><div class=\"swiper-content\">\n<div class=\"wp-block-uagb-container uagb-block-b5f2db99 default uagb-is-root-container\">\n<section class=\"wp-block-uagb-columns uagb-columns__wrap uagb-columns__background-none uagb-columns__stack-tablet uagb-columns__valign-center uagb-columns__gap-10 align uagb-columns__reverse-tablet uagb-block-28598c2e uagb-columns__columns-2 uagb-columns__max_width-theme\"><div class=\"uagb-columns__overlay\"><\/div><div class=\"uagb-columns__inner-wrap uagb-columns__columns-2\">\n<div class=\"wp-block-uagb-column uagb-column__wrap uagb-column__background-color uagb-block-0876264a\"><div class=\"uagb-column__overlay\"><\/div>\n<h3 class=\"wp-block-heading has-28-font-size\">Promouvoir le cryptage pour un Internet plus s\u00fbr<\/h3>\n\n\n\n<div style=\"height:20px\" aria-hidden=\"true\" class=\"wp-block-spacer\"><\/div>\n\n\n\n<p class=\"has-18-font-size\">Plus le cryptage de bout en bout est utilis\u00e9, plus Internet est s\u00e9curis\u00e9 et fiable pour tout le monde.<\/p>\n\n\n\n<p class=\"has-18-font-size\">Jessica Dickinson Goodman, membre de l\u2019Internet Society de la r\u00e9gion de la baie de San Francisco, <a href=\"https:\/\/www.youtube.com\/watch?v=CrUTpl6S95I\" target=\"_blank\" rel=\"noreferrer noopener\">se bat pour une adoption plus large du cryptage de bout en bout<\/a> et pour la s\u00e9curit\u00e9 des enfants en ligne.<\/p>\n<\/div>\n\n\n\n<div class=\"wp-block-uagb-column uagb-column__wrap uagb-column__background-color uagb-block-e26e6e61\"><div class=\"uagb-column__overlay\"><\/div><div class=\"wp-block-image\">\n<figure class=\"alignleft size-full\"><img loading=\"lazy\" decoding=\"async\" width=\"1200\" height=\"550\" src=\"https:\/\/www.internetsociety.org\/wp-content\/uploads\/2024\/12\/Kid-On-Computer.jpg\" alt=\"The back of a kid's head as he looks at a computer.\" class=\"wp-image-217110\" style=\"aspect-ratio:1;object-fit:cover\" srcset=\"https:\/\/www.internetsociety.org\/wp-content\/uploads\/2024\/12\/Kid-On-Computer.jpg 1200w, https:\/\/www.internetsociety.org\/wp-content\/uploads\/2024\/12\/Kid-On-Computer-450x206.jpg 450w, https:\/\/www.internetsociety.org\/wp-content\/uploads\/2024\/12\/Kid-On-Computer-1024x469.jpg 1024w, https:\/\/www.internetsociety.org\/wp-content\/uploads\/2024\/12\/Kid-On-Computer-768x352.jpg 768w, https:\/\/www.internetsociety.org\/wp-content\/uploads\/2024\/12\/Kid-On-Computer-250x115.jpg 250w\" sizes=\"auto, (max-width: 1200px) 100vw, 1200px\" \/><\/figure>\n<\/div><\/div>\n<\/div><\/section>\n<\/div>\n<\/div><\/div>\n\n\n\n<div class=\"wp-block-uagb-slider-child uagb-slider-child-wrap swiper-slide uagb-block-a93aaebc\"><div class=\"swiper-content\">\n<div class=\"wp-block-uagb-container uagb-block-3017b8a1 default uagb-is-root-container\">\n<section class=\"wp-block-uagb-columns uagb-columns__wrap uagb-columns__background-none uagb-columns__stack-tablet uagb-columns__valign-center uagb-columns__gap-10 align uagb-columns__reverse-tablet uagb-block-7013c569 uagb-columns__columns-2 uagb-columns__max_width-theme\"><div class=\"uagb-columns__overlay\"><\/div><div class=\"uagb-columns__inner-wrap uagb-columns__columns-2\">\n<div class=\"wp-block-uagb-column uagb-column__wrap uagb-column__background-color uagb-block-3d73278c\"><div class=\"uagb-column__overlay\"><\/div>\n<h3 class=\"wp-block-heading has-28-font-size\">Renforcer les comp\u00e9tences num\u00e9riques des personnes \u00e2g\u00e9es au Mexique<\/h3>\n\n\n\n<div style=\"height:20px\" aria-hidden=\"true\" class=\"wp-block-spacer\"><\/div>\n\n\n\n<p class=\"has-18-font-size\"><a href=\"https:\/\/www.internetsociety.org\/blog\/2025\/01\/digitally-empowering-older-adults-in-mexico\/\" target=\"_blank\" rel=\"noreferrer noopener\">Les personnes \u00e2g\u00e9es au Mexique acqui\u00e8rent des comp\u00e9tences pour identifier les arnaques<\/a>, gr\u00e2ce \u00e0 la formation dispens\u00e9e par le chapitre mexicain de l\u2019Internet Society.<\/p>\n\n\n\n<p class=\"has-18-font-size\">\u00c0 ce jour, plus de 200 participants sont en mesure d\u2019utiliser l\u2019Internet de mani\u00e8re plus s\u00e9curis\u00e9e, et les outils ainsi que les connaissances qu\u2019ils ont acquis les aident \u00e0 pr\u00e9venir les fraudes en ligne.<\/p>\n<\/div>\n\n\n\n<div class=\"wp-block-uagb-column uagb-column__wrap uagb-column__background-color uagb-block-7779069c\"><div class=\"uagb-column__overlay\"><\/div><div class=\"wp-block-image\">\n<figure class=\"alignleft size-full\"><img loading=\"lazy\" decoding=\"async\" width=\"1000\" height=\"890\" src=\"https:\/\/www.internetsociety.org\/wp-content\/uploads\/2025\/01\/Jeffry-and-Man.jpg\" alt=\"Two men stand together next to an Internet Society Mexico Chapter sign\" class=\"wp-image-218566\" style=\"aspect-ratio:1;object-fit:cover\" srcset=\"https:\/\/www.internetsociety.org\/wp-content\/uploads\/2025\/01\/Jeffry-and-Man.jpg 1000w, https:\/\/www.internetsociety.org\/wp-content\/uploads\/2025\/01\/Jeffry-and-Man-450x401.jpg 450w, https:\/\/www.internetsociety.org\/wp-content\/uploads\/2025\/01\/Jeffry-and-Man-768x684.jpg 768w, https:\/\/www.internetsociety.org\/wp-content\/uploads\/2025\/01\/Jeffry-and-Man-250x223.jpg 250w\" sizes=\"auto, (max-width: 1000px) 100vw, 1000px\" \/><\/figure>\n<\/div><\/div>\n<\/div><\/section>\n<\/div>\n<\/div><\/div>\n\n\n\n<div class=\"wp-block-uagb-slider-child uagb-slider-child-wrap swiper-slide uagb-block-907235a6\"><div class=\"swiper-content\">\n<div class=\"wp-block-uagb-container uagb-block-00c745d0 default uagb-is-root-container\">\n<section class=\"wp-block-uagb-columns uagb-columns__wrap uagb-columns__background-none uagb-columns__stack-tablet uagb-columns__valign-center uagb-columns__gap-10 align uagb-columns__reverse-tablet uagb-block-239643ad uagb-columns__columns-2 uagb-columns__max_width-theme\"><div class=\"uagb-columns__overlay\"><\/div><div class=\"uagb-columns__inner-wrap uagb-columns__columns-2\">\n<div class=\"wp-block-uagb-column uagb-column__wrap uagb-column__background-color uagb-block-d94f760c\"><div class=\"uagb-column__overlay\"><\/div>\n<h3 class=\"wp-block-heading has-28-font-size\">Cr\u00e9ation d\u2019un acc\u00e8s num\u00e9rique \u00e9quitable au Pakistan<\/h3>\n\n\n\n<div style=\"height:20px\" aria-hidden=\"true\" class=\"wp-block-spacer\"><\/div>\n\n\n\n<p class=\"has-18-font-size\">Avocate sp\u00e9cialis\u00e9e en droits humains et militante pour les droits num\u00e9riques, Nighat Dad estime que les in\u00e9galit\u00e9s de genre pr\u00e9sentes hors ligne au Pakistan se refl\u00e8tent \u00e9galement dans les espaces en ligne.<\/p>\n\n\n\n<p class=\"has-18-font-size\">Elle travaille activement \u00e0 <a href=\"https:\/\/vimeo.com\/873715149\" target=\"_blank\" rel=\"noreferrer noopener\">offrir une tribune aux voix marginalis\u00e9es<\/a> afin qu\u2019elles puissent \u00eatre entendues.<\/p>\n<\/div>\n\n\n\n<div class=\"wp-block-uagb-column uagb-column__wrap uagb-column__background-color uagb-block-338ce41f\"><div class=\"uagb-column__overlay\"><\/div><div class=\"wp-block-image\">\n<figure class=\"alignleft size-full\"><img loading=\"lazy\" decoding=\"async\" width=\"1000\" height=\"666\" src=\"https:\/\/www.internetsociety.org\/wp-content\/uploads\/2024\/11\/Woman-in-mask.jpg\" alt=\"A woman wearing a mask sits in a group\" class=\"wp-image-215801\" style=\"aspect-ratio:1;object-fit:cover\" srcset=\"https:\/\/www.internetsociety.org\/wp-content\/uploads\/2024\/11\/Woman-in-mask.jpg 1000w, https:\/\/www.internetsociety.org\/wp-content\/uploads\/2024\/11\/Woman-in-mask-450x300.jpg 450w, https:\/\/www.internetsociety.org\/wp-content\/uploads\/2024\/11\/Woman-in-mask-768x511.jpg 768w, https:\/\/www.internetsociety.org\/wp-content\/uploads\/2024\/11\/Woman-in-mask-250x167.jpg 250w\" sizes=\"auto, (max-width: 1000px) 100vw, 1000px\" \/><\/figure>\n<\/div><\/div>\n<\/div><\/section>\n<\/div>\n<\/div><\/div>\n<\/div><\/div><div class=\"swiper-pagination\"><\/div><div class=\"swiper-button-prev\"><\/div><div class=\"swiper-button-next\"><\/div><\/div>\n<\/div>\n<\/div><\/section>\n\n\n\n<section class=\"wp-block-uagb-columns uagb-columns__wrap uagb-columns__background-image uagb-columns__stack-mobile uagb-columns__valign- uagb-columns__gap-10 align uagb-block-e5f94c96 uagb-columns__columns-1 uagb-columns__max_width-theme background-image-fallback-black uag-hide-tab uag-hide-mob\"><div class=\"uagb-columns__overlay\"><\/div><div class=\"uagb-columns__inner-wrap uagb-columns__columns-1\">\n<div class=\"wp-block-uagb-column uagb-column__wrap uagb-column__background-color uagb-block-c7dd5692\"><div class=\"uagb-column__overlay\"><\/div>\n<h3 class=\"wp-block-heading has-white-color has-text-color has-48-font-size\"><strong>Ensemble, nous pouvons lutter contre le manque de confiance envers l\u2019Internet.<\/strong><\/h3>\n\n\n\n<div style=\"height:30px\" aria-hidden=\"true\" class=\"wp-block-spacer\"><\/div>\n\n\n\n<p class=\"has-neutral-white-color has-text-color has-18-font-size\">R\u00e9tablir la confiance envers l\u2019Internet exige un effort collectif. Que vous soyez une simple personne, une organisation ou une personne charg\u00e9e de l\u2019\u00e9laboration politique, votre voix et vos actions comptent.<\/p>\n\n\n\n<p class=\"has-neutral-white-color has-text-color has-18-font-size\">Ensemble, nous pouvons habiliter les personnes et les communaut\u00e9s \u00e0 faire des choix plus s\u00fbrs, plaider pour le changement et r\u00e9tablir la confiance envers l\u2019Internet en tant que ressource publique mondiale.<\/p>\n\n\n\n<div style=\"height:20px\" aria-hidden=\"true\" class=\"wp-block-spacer\"><\/div>\n\n\n\n<div class=\"wp-block-buttons is-horizontal is-content-justification-left is-layout-flex wp-container-core-buttons-is-layout-92fc3979 wp-block-buttons-is-layout-flex\">\n<div class=\"wp-block-button hover-background-transparent hover-border-white is-style-fill\"><a class=\"wp-block-button__link has-ground-navy-color has-accent-yellow-background-color has-text-color has-background wp-element-button\" href=\"https:\/\/www.internetsociety.org\/fr\/get-involved\/\"><strong>Participer<\/strong><\/a><\/div>\n<\/div>\n<\/div>\n<\/div><\/section>\n\n\n\n<section class=\"wp-block-uagb-columns uagb-columns__wrap uagb-columns__background-color uagb-columns__stack-tablet uagb-columns__valign-top uagb-columns__gap-10 align uagb-block-456ebeaf uagb-columns__columns-1 uagb-columns__max_width-theme uag-hide-desktop\"><div class=\"uagb-columns__overlay\"><\/div><div class=\"uagb-columns__inner-wrap uagb-columns__columns-1\">\n<div class=\"wp-block-uagb-column uagb-column__wrap uagb-column__background-undefined uagb-block-a85a1003\"><div class=\"uagb-column__overlay\"><\/div>\n<h3 class=\"wp-block-heading has-ground-navy-color has-text-color has-32-font-size\"><strong>Ensemble, nous pouvons lutter contre le manque de confiance envers l\u2019Internet.<\/strong><\/h3>\n\n\n\n<div style=\"height:30px\" aria-hidden=\"true\" class=\"wp-block-spacer\"><\/div>\n\n\n\n<figure class=\"wp-block-image size-full\"><img loading=\"lazy\" decoding=\"async\" width=\"599\" height=\"275\" src=\"https:\/\/www.internetsociety.org\/wp-content\/uploads\/2024\/05\/NANUM-dancing-kids-small.jpg\" alt=\"\" class=\"wp-image-210955\" srcset=\"https:\/\/www.internetsociety.org\/wp-content\/uploads\/2024\/05\/NANUM-dancing-kids-small.jpg 599w, https:\/\/www.internetsociety.org\/wp-content\/uploads\/2024\/05\/NANUM-dancing-kids-small-450x207.jpg 450w, https:\/\/www.internetsociety.org\/wp-content\/uploads\/2024\/05\/NANUM-dancing-kids-small-250x115.jpg 250w\" sizes=\"auto, (max-width: 599px) 100vw, 599px\" \/><\/figure>\n\n\n\n<div style=\"height:30px\" aria-hidden=\"true\" class=\"wp-block-spacer\"><\/div>\n\n\n\n<p class=\"has-18-font-size\">R\u00e9tablir la confiance envers l\u2019Internet exige un effort collectif. Que vous soyez une simple personne, une organisation ou une personne charg\u00e9e de l\u2019\u00e9laboration politique, votre voix et vos actions comptent.<\/p>\n\n\n\n<p class=\"has-18-font-size\">Ensemble, nous pouvons habiliter les personnes et les communaut\u00e9s \u00e0 faire des choix plus s\u00fbrs, plaider pour le changement et r\u00e9tablir la confiance envers l\u2019Internet en tant que ressource publique mondiale.<\/p>\n\n\n\n<div style=\"height:20px\" aria-hidden=\"true\" class=\"wp-block-spacer\"><\/div>\n\n\n\n<div class=\"wp-block-buttons is-horizontal is-content-justification-left is-layout-flex wp-container-core-buttons-is-layout-92fc3979 wp-block-buttons-is-layout-flex\">\n<div class=\"wp-block-button hover-background-transparent hover-border-white is-style-fill\"><a class=\"wp-block-button__link has-ground-navy-color has-accent-yellow-background-color has-text-color has-background wp-element-button\" href=\"https:\/\/www.internetsociety.org\/fr\/get-involved\/\"><strong>Participer<\/strong><\/a><\/div>\n<\/div>\n<\/div>\n<\/div><\/section>\n\n\n\n<p class=\"has-text-align-center has-neutral-white-color has-ground-navy-background-color has-text-color has-background has-12-font-size\">Image copyright:<br>\u00a9 Thomas Park via Unsplash, \u00a9 Internet Society Mexico Chapter, \u00a9 Welfare Association for New Generation, \u00a9 Jos\u00e9 Elizeche<\/p>\n","protected":false},"excerpt":{"rendered":"<p>En collaboration avec notre communaut\u00e9 mondiale, nous veillons \u00e0 ce qu\u2019Internet reste un espace s\u00fbr, s\u00e9curis\u00e9 et digne de confiance pour tout le monde.<\/p>\n","protected":false},"author":46,"featured_media":113657,"parent":47369,"menu_order":0,"comment_status":"closed","ping_status":"closed","template":"page-wide.php","meta":{"_acf_changed":false,"_uag_custom_page_level_css":"","footnotes":""},"categories":[118,4909],"tags":[],"region_news_regions":[],"content_category":[],"ppma_author":[4057],"class_list":["post-223219","page","type-page","status-publish","has-post-thumbnail","hentry","category-qui-sommes-nous","category-renforcer-internet"],"acf":[],"uagb_featured_image_src":{"full":["https:\/\/www.internetsociety.org\/wp-content\/uploads\/2020\/04\/Kids-Need-Encryption.jpg",1280,550,false],"thumbnail":["https:\/\/www.internetsociety.org\/wp-content\/uploads\/2020\/04\/Kids-Need-Encryption-150x150.jpg",150,150,true],"medium":["https:\/\/www.internetsociety.org\/wp-content\/uploads\/2020\/04\/Kids-Need-Encryption-450x193.jpg",450,193,true],"medium_large":["https:\/\/www.internetsociety.org\/wp-content\/uploads\/2020\/04\/Kids-Need-Encryption-768x330.jpg",768,330,true],"large":["https:\/\/www.internetsociety.org\/wp-content\/uploads\/2020\/04\/Kids-Need-Encryption-1024x440.jpg",1024,440,true],"1536x1536":["https:\/\/www.internetsociety.org\/wp-content\/uploads\/2020\/04\/Kids-Need-Encryption.jpg",1280,550,false],"2048x2048":["https:\/\/www.internetsociety.org\/wp-content\/uploads\/2020\/04\/Kids-Need-Encryption.jpg",1280,550,false],"post-thumbnail":["https:\/\/www.internetsociety.org\/wp-content\/uploads\/2020\/04\/Kids-Need-Encryption-250x107.jpg",250,107,true],"square":["https:\/\/www.internetsociety.org\/wp-content\/uploads\/2020\/04\/Kids-Need-Encryption-600x550.jpg",600,550,true],"gform-image-choice-sm":["https:\/\/www.internetsociety.org\/wp-content\/uploads\/2020\/04\/Kids-Need-Encryption.jpg",300,129,false],"gform-image-choice-md":["https:\/\/www.internetsociety.org\/wp-content\/uploads\/2020\/04\/Kids-Need-Encryption.jpg",400,172,false],"gform-image-choice-lg":["https:\/\/www.internetsociety.org\/wp-content\/uploads\/2020\/04\/Kids-Need-Encryption.jpg",600,258,false]},"uagb_author_info":{"display_name":"Ivana Trbovic","author_link":"https:\/\/www.internetsociety.org\/fr\/author\/trbovic\/"},"uagb_comment_info":0,"uagb_excerpt":"En collaboration avec notre communaut\u00e9 mondiale, nous veillons \u00e0 ce qu\u2019Internet reste un espace s\u00fbr, s\u00e9curis\u00e9 et digne de confiance pour tout le monde.","_links":{"self":[{"href":"https:\/\/www.internetsociety.org\/fr\/wp-json\/wp\/v2\/pages\/223219","targetHints":{"allow":["GET"]}}],"collection":[{"href":"https:\/\/www.internetsociety.org\/fr\/wp-json\/wp\/v2\/pages"}],"about":[{"href":"https:\/\/www.internetsociety.org\/fr\/wp-json\/wp\/v2\/types\/page"}],"author":[{"embeddable":true,"href":"https:\/\/www.internetsociety.org\/fr\/wp-json\/wp\/v2\/users\/46"}],"replies":[{"embeddable":true,"href":"https:\/\/www.internetsociety.org\/fr\/wp-json\/wp\/v2\/comments?post=223219"}],"version-history":[{"count":0,"href":"https:\/\/www.internetsociety.org\/fr\/wp-json\/wp\/v2\/pages\/223219\/revisions"}],"up":[{"embeddable":true,"href":"https:\/\/www.internetsociety.org\/fr\/wp-json\/wp\/v2\/pages\/47369"}],"wp:featuredmedia":[{"embeddable":true,"href":"https:\/\/www.internetsociety.org\/fr\/wp-json\/wp\/v2\/media\/113657"}],"wp:attachment":[{"href":"https:\/\/www.internetsociety.org\/fr\/wp-json\/wp\/v2\/media?parent=223219"}],"wp:term":[{"taxonomy":"category","embeddable":true,"href":"https:\/\/www.internetsociety.org\/fr\/wp-json\/wp\/v2\/categories?post=223219"},{"taxonomy":"post_tag","embeddable":true,"href":"https:\/\/www.internetsociety.org\/fr\/wp-json\/wp\/v2\/tags?post=223219"},{"taxonomy":"region_news_regions","embeddable":true,"href":"https:\/\/www.internetsociety.org\/fr\/wp-json\/wp\/v2\/region_news_regions?post=223219"},{"taxonomy":"content_category","embeddable":true,"href":"https:\/\/www.internetsociety.org\/fr\/wp-json\/wp\/v2\/content_category?post=223219"},{"taxonomy":"author","embeddable":true,"href":"https:\/\/www.internetsociety.org\/fr\/wp-json\/wp\/v2\/ppma_author?post=223219"}],"curies":[{"name":"wp","href":"https:\/\/api.w.org\/{rel}","templated":true}]}}