{"id":223191,"date":"2025-03-06T16:48:23","date_gmt":"2025-03-06T16:48:23","guid":{"rendered":"https:\/\/www.internetsociety.org\/?page_id=223191"},"modified":"2025-09-16T16:06:05","modified_gmt":"2025-09-16T16:06:05","slug":"allocation-du-spectre-il-y-a-de-la-place-pour-tout-le-monde","status":"publish","type":"page","link":"https:\/\/www.internetsociety.org\/fr\/resources\/advancing-community-connectivity\/spectrum-allocation\/","title":{"rendered":"Allocation du spectre : il y a de la place pour tout le monde"},"content":{"rendered":"\n<section class=\"wp-block-uagb-columns uagb-columns__wrap uagb-columns__background-image uagb-columns__stack-mobile uagb-columns__valign- uagb-columns__gap-10 align uagb-block-1b60d478 uagb-columns__columns-1 uagb-columns__max_width-theme background-image-fallback-black\"><div class=\"uagb-columns__overlay\"><\/div><div class=\"uagb-columns__inner-wrap uagb-columns__columns-1\">\n<div class=\"wp-block-uagb-column uagb-column__wrap uagb-column__background-undefined uagb-block-6da44868\"><div class=\"uagb-column__overlay\"><\/div>\n<p class=\"has-neutral-white-color has-text-color has-18-font-size\"><a href=\"https:\/\/www.internetsociety.org\/fr\/resources\/advancing-community-connectivity\/overview\/\">Am\u00e9liorer la connectivit\u00e9 au sein des communaut\u00e9s<\/a> > Allocation du spectre : il y a de la place pour tout le monde<\/p>\n\n\n\n<div style=\"height:30px\" aria-hidden=\"true\" class=\"wp-block-spacer\"><\/div>\n\n\n\n<h1 class=\"wp-block-heading has-neutral-white-color has-text-color\">Allocation du spectre : il y a de la place pour tout le monde<\/h1>\n\n\n\n<section class=\"wp-block-uagb-columns uagb-columns__wrap uagb-columns__background-color uagb-columns__stack-tablet uagb-columns__valign-center uagb-columns__gap-10 align uagb-block-f5cc051d uagb-columns__columns-1 uagb-columns__max_width-theme\"><div class=\"uagb-columns__overlay\"><\/div><div class=\"uagb-columns__inner-wrap uagb-columns__columns-1\">\n<div class=\"wp-block-uagb-column uagb-column__wrap uagb-column__background-undefined uagb-block-b5e92d07\"><div class=\"uagb-column__overlay\"><\/div>\n<p class=\"has-neutral-white-color has-text-color has-28-font-size\"><strong><strong>D\u00e9couvrez comment une gestion plus intelligente du spectre peut \u00e9tendre l\u2019acc\u00e8s \u00e0 Internet. D\u00e9couvrez comment les changements de politique peuvent lib\u00e9rer du spectre inutilis\u00e9, permettant aux r\u00e9seaux grands et petits d\u2019offrir une connectivit\u00e9 de qualit\u00e9 \u00e0 un plus grand nombre de communaut\u00e9s.<\/strong><br><\/strong><\/p>\n<\/div>\n<\/div><\/section>\n<\/div>\n<\/div><\/section>\n\n\n\n<section class=\"wp-block-uagb-columns uagb-columns__wrap uagb-columns__background-none uagb-columns__stack-tablet uagb-columns__valign-top uagb-columns__gap-10 align uagb-block-de3d1d5d uagb-columns__columns-2 uagb-columns__max_width-theme\"><div class=\"uagb-columns__overlay\"><\/div><div class=\"uagb-columns__inner-wrap uagb-columns__columns-2\">\n<div class=\"wp-block-uagb-column uagb-column__wrap uagb-column__background-undefined uagb-block-f338041f\"><div class=\"uagb-column__overlay\"><\/div>\n<p class=\"has-18-font-size\">Il existe une id\u00e9e re\u00e7ue selon laquelle le spectre est en p\u00e9nurie, mais ce n\u2019est pas le cas. Le spectre offre amplement de capacit\u00e9 pour que tout le monde puisse l\u2019utiliser. Mais d\u00e9finir les conditions pour un acc\u00e8s abordable implique de comprendre comment le g\u00e9rer efficacement. Il est possible d\u2019\u00e9tablir des cadres qui permettent \u00e0 la fois aux grands et aux petits acteurs de partager le spectre, afin de garantir \u00e0 plus de communaut\u00e9s un acc\u00e8s \u00e0 une connectivit\u00e9 de qualit\u00e9 et significative. Voici plusieurs moyens d\u2019exploiter les changements de politique pour lib\u00e9rer du spectre sous-utilis\u00e9 ou inutilis\u00e9, et ouvrir ainsi de nouvelles opportunit\u00e9s.<\/p>\n<\/div>\n\n\n\n<div class=\"wp-block-uagb-column uagb-column__wrap uagb-column__background-color uagb-block-526f2fae uag-hide-tab uag-hide-mob\"><div class=\"uagb-column__overlay\"><\/div>\n<section class=\"wp-block-uagb-columns uagb-columns__wrap uagb-columns__background-color uagb-columns__stack-mobile uagb-columns__valign- uagb-columns__gap-10 align uagb-block-fdf24225 uagb-columns__columns-1 uagb-columns__max_width-theme uag-hide-tab uag-hide-mob\"><div class=\"uagb-columns__overlay\"><\/div><div class=\"uagb-columns__inner-wrap uagb-columns__columns-1\">\n<div class=\"wp-block-uagb-column uagb-column__wrap uagb-column__background-undefined uagb-block-97d3e113\"><div class=\"uagb-column__overlay\"><\/div>\n<p class=\"has-text-align-left has-depth-green-color has-text-color has-link-color has-18-font-size wp-elements-55af1e1a47061d78884c48537aeb5927\"><strong>Retour \u00e0 <a href=\"https:\/\/www.internetsociety.org\/fr\/resources\/advancing-community-connectivity\/overview\/\">Am\u00e9liorer la connectivit\u00e9 au sein des communaut\u00e9s : Strat\u00e9gies politiques visant \u00e0 r\u00e9duire la fracture num\u00e9rique<\/a><\/strong><\/p>\n<\/div>\n<\/div><\/section>\n<\/div>\n<\/div><\/section>\n\n\n\n<section class=\"wp-block-uagb-columns uagb-columns__wrap uagb-columns__background-none uagb-columns__stack-tablet uagb-columns__valign-center uagb-columns__gap-10 align uagb-columns__reverse-tablet uagb-block-90bee086 uagb-columns__columns-2 uagb-columns__max_width-theme\"><div class=\"uagb-columns__overlay\"><\/div><div class=\"uagb-columns__inner-wrap uagb-columns__columns-2\">\n<div class=\"wp-block-uagb-column uagb-column__wrap uagb-column__background-color uagb-block-709bb893\"><div class=\"uagb-column__overlay\"><\/div>\n<h2 class=\"wp-block-heading has-32-font-size\">Attribuer du spectre au Wi-Fi<\/h2>\n\n\n\n<div style=\"height:20px\" aria-hidden=\"true\" class=\"wp-block-spacer\"><\/div>\n\n\n\n<p class=\"has-18-font-size\">Le Wi-Fi est g\u00e9n\u00e9ralement la solution la plus abordable pour installer un petit r\u00e9seau, en particulier dans une communaut\u00e9 non connect\u00e9e. Cette partie du spectre peut \u00eatre utilis\u00e9e pour cr\u00e9er un r\u00e9seau maill\u00e9 communautaire bas\u00e9 sur des routeurs domestiques standards et des r\u00e9p\u00e9teurs, apportant un Internet de qualit\u00e9 \u00e0 faible co\u00fbt, m\u00eame dans les zones recul\u00e9es.<\/p>\n\n\n\n<p class=\"has-18-font-size\">Le Wi-Fi est une utilisation du spectre sans licence, ce qui signifie que l\u2019attribution de spectre pour cette technologie permet \u00e9galement de simplifier les d\u00e9marches administratives li\u00e9es aux licences, souvent un obstacle majeur au succ\u00e8s. Et gr\u00e2ce \u00e0 cette exon\u00e9ration de licence, il peut \u00eatre partag\u00e9 \u00e0 la fois par les acteurs communautaires et par les grandes entreprises de t\u00e9l\u00e9communications.<\/p>\n\n\n\n<p class=\"has-18-font-size\"><img decoding=\"async\" style=\"width: 45px; vertical-align: middle;\" src=\"https:\/\/www.internetsociety.org\/wp-content\/uploads\/2024\/12\/Iconography-Innovation-Dark-RGB-1.png\" alt=\"lightbulb icon\"><strong><strong>Fonctionne le mieux lorsque<\/strong>:<\/strong> Cela fonctionne particuli\u00e8rement bien dans une communaut\u00e9 o\u00f9 les gens sont compl\u00e8tement d\u00e9pourvus de connexion, surtout si les entreprises de t\u00e9l\u00e9communications existantes ne consid\u00e8rent pas la zone comme une opportunit\u00e9 de march\u00e9 viable.<\/p>\n\n\n\n<p class=\"has-18-font-size\"><img decoding=\"async\" style=\"width: 45px; vertical-align: middle; margin-right: 10px;\" src=\"https:\/\/www.internetsociety.org\/wp-content\/uploads\/2025\/02\/Icon-National-Internet-Gateways-Dark.png\" alt=\"wifi behind the bars\"><strong><strong><strong>Des obstacles peuvent surgir si<\/strong><\/strong>:<\/strong> Cela peut repr\u00e9senter un d\u00e9fi dans les zones o\u00f9 de grandes entreprises de t\u00e9l\u00e9communications sont d\u00e9j\u00e0 \u00e9tablies, mais o\u00f9 l\u2019acc\u00e8s abordable n\u2019est pas offert \u00e0 toutes personnes qui en ont besoin.<br><\/p>\n\n\n\n<div style=\"height:10px\" aria-hidden=\"true\" class=\"wp-block-spacer\"><\/div>\n\n\n\n<p class=\"has-18-font-size\"><strong><strong>En savoir plus<\/strong><\/strong><\/p>\n\n\n\n<ul class=\"wp-block-list has-18-font-size\">\n<li><a href=\"https:\/\/www.larcg.com\/wp-content\/uploads\/2021\/05\/ALCA87_30_04_2021.pdf\">Le Costa Rica a allou\u00e9 l\u2019int\u00e9gralit\u00e9 de la bande des 6 GHz pour le Wi-Fi<\/a> (en espagnol)<\/li>\n\n\n\n<li><a href=\"https:\/\/www.wi-fi.org\/regulations-enabling-6-ghz-wi-fi\">Carte mondiale montrant o\u00f9 la totalit\u00e9 de la bande 6 GHz est adopt\u00e9e ou envisag\u00e9e pour le Wi-Fi<\/a><\/li>\n<\/ul>\n<\/div>\n\n\n\n<div class=\"wp-block-uagb-column uagb-column__wrap uagb-column__background-color uagb-block-f344f435\"><div class=\"uagb-column__overlay\"><\/div><div class=\"wp-block-image\">\n<figure class=\"aligncenter size-full\"><img loading=\"lazy\" decoding=\"async\" width=\"578\" height=\"664\" src=\"https:\/\/www.internetsociety.org\/wp-content\/uploads\/2025\/02\/Sherpa-people-Nepal-1.jpg\" alt=\"A man and woman stand together in front of a stove\" class=\"wp-image-220587\" style=\"aspect-ratio:2\/3;object-fit:cover\" srcset=\"https:\/\/www.internetsociety.org\/wp-content\/uploads\/2025\/02\/Sherpa-people-Nepal-1.jpg 578w, https:\/\/www.internetsociety.org\/wp-content\/uploads\/2025\/02\/Sherpa-people-Nepal-1-392x450.jpg 392w, https:\/\/www.internetsociety.org\/wp-content\/uploads\/2025\/02\/Sherpa-people-Nepal-1-250x287.jpg 250w\" sizes=\"auto, (max-width: 578px) 100vw, 578px\" \/><\/figure>\n<\/div><\/div>\n<\/div><\/section>\n\n\n\n<section class=\"wp-block-uagb-columns uagb-columns__wrap uagb-columns__background-none uagb-columns__stack-tablet uagb-columns__valign-center uagb-columns__gap-10 align uagb-block-3b1e54b4 uagb-columns__columns-2 uagb-columns__max_width-theme\"><div class=\"uagb-columns__overlay\"><\/div><div class=\"uagb-columns__inner-wrap uagb-columns__columns-2\">\n<div class=\"wp-block-uagb-column uagb-column__wrap uagb-column__background-color uagb-block-5eca0fa2\"><div class=\"uagb-column__overlay\"><\/div><div class=\"wp-block-image\">\n<figure class=\"aligncenter size-full\"><img loading=\"lazy\" decoding=\"async\" width=\"667\" height=\"1000\" src=\"https:\/\/www.internetsociety.org\/wp-content\/uploads\/2025\/02\/antenna-installation-NYC.jpg\" alt=\"Two people collaborating on a rooftop, utilizing a ladder for their work tasks.\" class=\"wp-image-220583\" style=\"aspect-ratio:2\/3;object-fit:cover\" srcset=\"https:\/\/www.internetsociety.org\/wp-content\/uploads\/2025\/02\/antenna-installation-NYC.jpg 667w, https:\/\/www.internetsociety.org\/wp-content\/uploads\/2025\/02\/antenna-installation-NYC-300x450.jpg 300w, https:\/\/www.internetsociety.org\/wp-content\/uploads\/2025\/02\/antenna-installation-NYC-250x375.jpg 250w\" sizes=\"auto, (max-width: 667px) 100vw, 667px\" \/><\/figure>\n<\/div><\/div>\n\n\n\n<div class=\"wp-block-uagb-column uagb-column__wrap uagb-column__background-color uagb-block-d3713cd7\"><div class=\"uagb-column__overlay\"><\/div>\n<h2 class=\"wp-block-heading has-28-font-size\">Gestion dynamique du spectre<\/h2>\n\n\n\n<div style=\"height:20px\" aria-hidden=\"true\" class=\"wp-block-spacer\"><\/div>\n\n\n\n<p class=\"has-18-font-size\">C\u2019est l\u2019un des objectifs les plus difficiles \u00e0 atteindre, mais c\u2019est aussi le meilleur moyen de pr\u00e9parer votre spectre \u00e0 r\u00e9pondre aux exigences de connectivit\u00e9 et de trafic du futur.<\/p>\n\n\n\n<p class=\"has-18-font-size\">Un bon exemple est ce qu\u2019on appelle le spectre radio\u00e9lectrique \u00e0 large bande citoyenne, ou CBRS, aux \u00c9tats-Unis. Il s\u2019agit de conserver une base de donn\u00e9es de tous les utilisateurs du spectre dans une zone g\u00e9ographique et de l\u2019utiliser pour g\u00e9rer la fa\u00e7on dont ils l\u2019utilisent, \u00e0 un niveau granulaire. Lorsqu\u2019un utilisateur n\u2019utilise pas le spectre, celui-ci est disponible pour d\u2019autres, comme dans une conversation \u00e0 tour de r\u00f4le, mais pour les signaux.<\/p>\n\n\n\n<p class=\"has-18-font-size\">G\u00e9rer le spectre de cette mani\u00e8re permet \u00e9galement aux utilisateurs finaux d\u2019avoir des transitions transparentes lorsqu\u2019ils utilisent la connectivit\u00e9, par exemple en utilisant un t\u00e9l\u00e9phone sur le Wi-Fi domestique, puis en sortant et en passant \u00e0 un r\u00e9seau mobile.<\/p>\n\n\n\n<p class=\"has-18-font-size\"><img decoding=\"async\" style=\"width: 45px; vertical-align: middle;\" src=\"https:\/\/www.internetsociety.org\/wp-content\/uploads\/2024\/12\/Iconography-Innovation-Dark-RGB-1.png\" alt=\"lightbulb icon\"><strong>Fonctionne le mieux lorsque :<\/strong> Cette m\u00e9thode est efficace lorsqu\u2019il est possible d\u2019identifier toutes les organisations et tous les fournisseurs dans une zone g\u00e9ographique. Elle peut \u00eatre utilis\u00e9e avec succ\u00e8s par les communaut\u00e9s autochtones aux \u00c9tats-Unis et pr\u00e9sente un potentiel \u00e0 l\u2019\u00e9chelle mondiale.<\/p>\n\n\n\n<p class=\"has-18-font-size\"><img decoding=\"async\" style=\"width: 45px; vertical-align: middle; margin-right: 10px;\" src=\"https:\/\/www.internetsociety.org\/wp-content\/uploads\/2025\/02\/Icon-National-Internet-Gateways-Dark.png\" alt=\"wifi behind the bars\"><strong>Des obstacles peuvent surgir si :<\/strong> Il est essentiel d\u2019\u00e9viter les interf\u00e9rences entre les diff\u00e9rents fournisseurs. Ainsi, s\u2019il n\u2019est pas possible de tous les identifier et de cr\u00e9er la base de donn\u00e9es, cela ne sera pas r\u00e9alisable.<\/p>\n\n\n\n<div style=\"height:10px\" aria-hidden=\"true\" class=\"wp-block-spacer\"><\/div>\n\n\n\n<p class=\"has-18-font-size\"><strong><strong>En savoir plus<\/strong><\/strong><\/p>\n\n\n\n<ul class=\"wp-block-list has-18-font-size\">\n<li><a href=\"https:\/\/www.fcc.gov\/wireless\/bureau-divisions\/mobility-division\/35-ghz-band\/35-ghz-band-overview\">Mise en \u0153uvre r\u00e9ussie de l\u2019acc\u00e8s dynamique au spectre en utilisant le CBRS aux \u00c9tats-Unis<\/a><\/li>\n<\/ul>\n<\/div>\n<\/div><\/section>\n\n\n\n<section class=\"wp-block-uagb-columns uagb-columns__wrap uagb-columns__background-none uagb-columns__stack-tablet uagb-columns__valign-center uagb-columns__gap-10 align uagb-columns__reverse-tablet uagb-block-28598c2e uagb-columns__columns-2 uagb-columns__max_width-theme\"><div class=\"uagb-columns__overlay\"><\/div><div class=\"uagb-columns__inner-wrap uagb-columns__columns-2\">\n<div class=\"wp-block-uagb-column uagb-column__wrap uagb-column__background-color uagb-block-0876264a\"><div class=\"uagb-column__overlay\"><\/div>\n<h2 class=\"wp-block-heading has-32-font-size\">Politiques qui favorisent le partage<\/h2>\n\n\n\n<div style=\"height:20px\" aria-hidden=\"true\" class=\"wp-block-spacer\"><\/div>\n\n\n\n<p class=\"has-18-font-size\">Les politiques favorisant le partage du spectre entre les diff\u00e9rents acteurs profitent \u00e0 tout le monde. Dans de nombreux pays, les politiques li\u00e9es au spectre sont encore domin\u00e9es par une ou deux grandes entreprises de t\u00e9l\u00e9communications, qui peuvent se voir attribuer des fr\u00e9quences \u00e0 l\u2019\u00e9chelle nationale, m\u00eame dans des r\u00e9gions o\u00f9 il n\u2019est pas \u00e9conomiquement viable pour elles d\u2019intervenir.<\/p>\n\n\n\n<p class=\"has-18-font-size\">Aujourd\u2019hui, le march\u00e9 offre tellement de possibilit\u00e9s de diversit\u00e9 que cette approche uniforme peut entra\u00eener des zones non connect\u00e9es, alors qu\u2019il y a du spectre disponible, mais qui n\u2019est tout simplement pas exploit\u00e9. Les organismes de r\u00e9glementation peuvent cr\u00e9er des politiques stipulant que les fournisseurs doivent utiliser leur spectre attribu\u00e9 ou le c\u00e9der \u00e0 un utilisateur potentiel qui l\u2019exploitera.<\/p>\n\n\n\n<p class=\"has-18-font-size\"><img decoding=\"async\" style=\"width: 45px; vertical-align: middle;\" src=\"https:\/\/www.internetsociety.org\/wp-content\/uploads\/2024\/12\/Iconography-Innovation-Dark-RGB-1.png\" alt=\"lightbulb icon\"><strong>Fonctionne le mieux lorsque :<\/strong> Cette approche est efficace lorsque les acteurs \u00e9tablis sont impliqu\u00e9s dans la discussion et qu\u2019il y a assez de temps pour \u00e9laborer de nouveaux accords.<\/p>\n\n\n\n<p class=\"has-18-font-size\"><img decoding=\"async\" style=\"width: 45px; vertical-align: middle; margin-right: 10px;\" src=\"https:\/\/www.internetsociety.org\/wp-content\/uploads\/2025\/02\/Icon-National-Internet-Gateways-Dark.png\" alt=\"wifi behind the bars\"><strong>Des obstacles peuvent surgir si :<\/strong> Dans les pays o\u00f9 les frais d\u2019attribution de spectre des grands op\u00e9rateurs jouent un r\u00f4le majeur, il peut \u00eatre plus complexe d\u2019offrir des incitations pour les impliquer dans les am\u00e9liorations.<\/p>\n\n\n\n<div style=\"height:10px\" aria-hidden=\"true\" class=\"wp-block-spacer\"><\/div>\n\n\n\n<p class=\"has-18-font-size\"><strong><strong>En savoir plus<\/strong><\/strong><\/p>\n\n\n\n<ul class=\"wp-block-list has-18-font-size\">\n<li><a href=\"https:\/\/www.icasa.org.za\/legislation-and-regulations\/inquiries\/dynamic-spectrum-access-and-opportunistic-spectrum-management\">L\u2019Afrique du Sud ouvre la voie au partage du spectre en Afrique<\/a><\/li>\n\n\n\n<li><a href=\"https:\/\/www.ofcom.org.uk\/spectrum\/frequencies\/consultation-supporting-increased-use-of-shared-spectrum\/\">Le Royaume-Uni poursuit l\u2019am\u00e9lioration de son syst\u00e8me d\u2019acc\u00e8s partag\u00e9<\/a><\/li>\n<\/ul>\n<\/div>\n\n\n\n<div class=\"wp-block-uagb-column uagb-column__wrap uagb-column__background-color uagb-block-e26e6e61\"><div class=\"uagb-column__overlay\"><\/div><div class=\"wp-block-image\">\n<figure class=\"aligncenter size-full\"><img loading=\"lazy\" decoding=\"async\" width=\"1000\" height=\"667\" src=\"https:\/\/www.internetsociety.org\/wp-content\/uploads\/2025\/02\/Medium-DSCF8032.jpg\" alt=\"Two men collaborating on a tower against a backdrop of a clear blue sky\" class=\"wp-image-220507\" style=\"aspect-ratio:2\/3;object-fit:cover\" srcset=\"https:\/\/www.internetsociety.org\/wp-content\/uploads\/2025\/02\/Medium-DSCF8032.jpg 1000w, https:\/\/www.internetsociety.org\/wp-content\/uploads\/2025\/02\/Medium-DSCF8032-450x300.jpg 450w, https:\/\/www.internetsociety.org\/wp-content\/uploads\/2025\/02\/Medium-DSCF8032-768x512.jpg 768w, https:\/\/www.internetsociety.org\/wp-content\/uploads\/2025\/02\/Medium-DSCF8032-250x167.jpg 250w\" sizes=\"auto, (max-width: 1000px) 100vw, 1000px\" \/><\/figure>\n<\/div><\/div>\n<\/div><\/section>\n\n\n\n<section class=\"wp-block-uagb-columns uagb-columns__wrap uagb-columns__background-color uagb-columns__stack-mobile uagb-columns__valign- uagb-columns__gap-10 align uagb-block-952da590 uagb-columns__columns-1 uagb-columns__max_width-theme uag-hide-desktop\"><div class=\"uagb-columns__overlay\"><\/div><div class=\"uagb-columns__inner-wrap uagb-columns__columns-1\">\n<div class=\"wp-block-uagb-column uagb-column__wrap uagb-column__background-color uagb-block-f77d880c\"><div class=\"uagb-column__overlay\"><\/div>\n<p class=\"has-text-align-center has-depth-green-color has-text-color has-link-color has-18-font-size wp-elements-23ecd48bd6e54ec586c824800bc285d0\"><strong>Retour \u00e0 <a href=\"https:\/\/www.internetsociety.org\/fr\/resources\/advancing-community-connectivity\/overview\/\">Am\u00e9liorer la connectivit\u00e9 au sein des communaut\u00e9s : Strat\u00e9gies politiques visant \u00e0 r\u00e9duire la fracture num\u00e9rique<\/a><\/strong><\/p>\n<\/div>\n<\/div><\/section>\n\n\n\n<p class=\"has-text-align-center has-neutral-white-color has-ground-navy-background-color has-text-color has-background has-12-font-size\">Droits d\u00e1uteur: <br>\u00a9 Nyani Quarmyne, \u00a9 Chris Gregory, \u00a9 Nyani Quarmyne<\/p>\n","protected":false},"excerpt":{"rendered":"<p>D\u00e9couvrez comment une gestion plus intelligente du spectre peut \u00e9tendre l\u2019acc\u00e8s \u00e0 Internet. D\u00e9couvrez comment les changements de politique peuvent lib\u00e9rer du spectre inutilis\u00e9.<\/p>\n","protected":false},"author":46,"featured_media":0,"parent":223916,"menu_order":0,"comment_status":"closed","ping_status":"closed","template":"page-wide.php","meta":{"_acf_changed":false,"_uag_custom_page_level_css":"","footnotes":""},"categories":[120],"tags":[],"region_news_regions":[6029],"content_category":[6105],"ppma_author":[4057],"class_list":["post-223191","page","type-page","status-publish","hentry","category-acces","region_news_regions-mondial","content_category-resources-type"],"acf":[],"uagb_featured_image_src":{"full":false,"thumbnail":false,"medium":false,"medium_large":false,"large":false,"1536x1536":false,"2048x2048":false,"post-thumbnail":false,"square":false,"gform-image-choice-sm":false,"gform-image-choice-md":false,"gform-image-choice-lg":false},"uagb_author_info":{"display_name":"Ivana Trbovic","author_link":"https:\/\/www.internetsociety.org\/fr\/author\/trbovic\/"},"uagb_comment_info":0,"uagb_excerpt":"D\u00e9couvrez comment une gestion plus intelligente du spectre peut \u00e9tendre l\u2019acc\u00e8s \u00e0 Internet. D\u00e9couvrez comment les changements de politique peuvent lib\u00e9rer du spectre inutilis\u00e9.","_links":{"self":[{"href":"https:\/\/www.internetsociety.org\/fr\/wp-json\/wp\/v2\/pages\/223191","targetHints":{"allow":["GET"]}}],"collection":[{"href":"https:\/\/www.internetsociety.org\/fr\/wp-json\/wp\/v2\/pages"}],"about":[{"href":"https:\/\/www.internetsociety.org\/fr\/wp-json\/wp\/v2\/types\/page"}],"author":[{"embeddable":true,"href":"https:\/\/www.internetsociety.org\/fr\/wp-json\/wp\/v2\/users\/46"}],"replies":[{"embeddable":true,"href":"https:\/\/www.internetsociety.org\/fr\/wp-json\/wp\/v2\/comments?post=223191"}],"version-history":[{"count":0,"href":"https:\/\/www.internetsociety.org\/fr\/wp-json\/wp\/v2\/pages\/223191\/revisions"}],"up":[{"embeddable":true,"href":"https:\/\/www.internetsociety.org\/fr\/wp-json\/wp\/v2\/pages\/223916"}],"wp:attachment":[{"href":"https:\/\/www.internetsociety.org\/fr\/wp-json\/wp\/v2\/media?parent=223191"}],"wp:term":[{"taxonomy":"category","embeddable":true,"href":"https:\/\/www.internetsociety.org\/fr\/wp-json\/wp\/v2\/categories?post=223191"},{"taxonomy":"post_tag","embeddable":true,"href":"https:\/\/www.internetsociety.org\/fr\/wp-json\/wp\/v2\/tags?post=223191"},{"taxonomy":"region_news_regions","embeddable":true,"href":"https:\/\/www.internetsociety.org\/fr\/wp-json\/wp\/v2\/region_news_regions?post=223191"},{"taxonomy":"content_category","embeddable":true,"href":"https:\/\/www.internetsociety.org\/fr\/wp-json\/wp\/v2\/content_category?post=223191"},{"taxonomy":"author","embeddable":true,"href":"https:\/\/www.internetsociety.org\/fr\/wp-json\/wp\/v2\/ppma_author?post=223191"}],"curies":[{"name":"wp","href":"https:\/\/api.w.org\/{rel}","templated":true}]}}