{"id":223181,"date":"2025-03-06T16:47:58","date_gmt":"2025-03-06T16:47:58","guid":{"rendered":"https:\/\/www.internetsociety.org\/ameliorer-la-connectivite-au-sein-des-communautes\/licensing-frameworks-for-the-21st-century-and-beyond\/"},"modified":"2025-09-16T16:06:12","modified_gmt":"2025-09-16T16:06:12","slug":"licensing-frameworks-for-the-21st-century-and-beyond","status":"publish","type":"page","link":"https:\/\/www.internetsociety.org\/fr\/resources\/advancing-community-connectivity\/licensing\/","title":{"rendered":"Octroi de licences : vers des cadres r\u00e9glementaires adapt\u00e9s au XXIe si\u00e8cle et au-del\u00e0"},"content":{"rendered":"\n<section class=\"wp-block-uagb-columns uagb-columns__wrap uagb-columns__background-image uagb-columns__stack-mobile uagb-columns__valign- uagb-columns__gap-10 align uagb-block-1b60d478 uagb-columns__columns-1 uagb-columns__max_width-theme background-image-fallback-black\"><div class=\"uagb-columns__overlay\"><\/div><div class=\"uagb-columns__inner-wrap uagb-columns__columns-1\">\n<div class=\"wp-block-uagb-column uagb-column__wrap uagb-column__background-undefined uagb-block-6da44868\"><div class=\"uagb-column__overlay\"><\/div>\n<p class=\"has-neutral-white-color has-text-color has-18-font-size\"><a href=\"https:\/\/www.internetsociety.org\/fr\/resources\/advancing-community-connectivity\/overview\/\">Am\u00e9liorer la connectivit\u00e9 au sein des communaut\u00e9s<\/a> > Octroi de licences : vers des cadres r\u00e9glementaires adapt\u00e9s au XXIe si\u00e8cle et au-del\u00e0<\/p>\n\n\n\n<div style=\"height:30px\" aria-hidden=\"true\" class=\"wp-block-spacer\"><\/div>\n\n\n\n<h1 class=\"wp-block-heading has-neutral-white-color has-text-color\">Octroi de licences : vers des cadres r\u00e9glementaires adapt\u00e9s au XXIe si\u00e8cle et au-del\u00e0<\/h1>\n\n\n\n<section class=\"wp-block-uagb-columns uagb-columns__wrap uagb-columns__background-color uagb-columns__stack-tablet uagb-columns__valign-center uagb-columns__gap-10 align uagb-block-f5cc051d uagb-columns__columns-1 uagb-columns__max_width-theme\"><div class=\"uagb-columns__overlay\"><\/div><div class=\"uagb-columns__inner-wrap uagb-columns__columns-1\">\n<div class=\"wp-block-uagb-column uagb-column__wrap uagb-column__background-undefined uagb-block-b5e92d07\"><div class=\"uagb-column__overlay\"><\/div>\n<p class=\"has-neutral-white-color has-text-color has-28-font-size\"><strong><strong>Promouvoir l\u2019inclusion num\u00e9rique en mettant en place des cadres r\u00e9glementaires favorables aux r\u00e9seaux communautaires et aux petits fournisseurs d\u2019acc\u00e8s. D\u00e9couvrez comment la modernisation de la r\u00e9glementation peut rendre Internet plus comp\u00e9titif et accessible pour tout le monde.<\/strong><\/strong><\/p>\n<\/div>\n<\/div><\/section>\n<\/div>\n<\/div><\/section>\n\n\n\n<section class=\"wp-block-uagb-columns uagb-columns__wrap uagb-columns__background-none uagb-columns__stack-tablet uagb-columns__valign-top uagb-columns__gap-10 align uagb-block-de3d1d5d uagb-columns__columns-2 uagb-columns__max_width-theme\"><div class=\"uagb-columns__overlay\"><\/div><div class=\"uagb-columns__inner-wrap uagb-columns__columns-2\">\n<div class=\"wp-block-uagb-column uagb-column__wrap uagb-column__background-undefined uagb-block-f338041f\"><div class=\"uagb-column__overlay\"><\/div>\n<p class=\"has-18-font-size\">\u00c0 moins d\u2019avoir \u00e9t\u00e9 sp\u00e9cifiquement mis \u00e0 jour pour l\u2019\u00e8re d\u2019Internet, les cadres r\u00e9glementaires de la plupart des pays restent fond\u00e9s sur un mod\u00e8le ancien, h\u00e9rit\u00e9 de l\u2019\u00e9poque o\u00f9 quelques compagnies de t\u00e9l\u00e9phone dominaient le secteur. Par d\u00e9faut, cela se traduit par une pr\u00e9f\u00e9rence pour des approches centralis\u00e9es et une limitation de l\u2019octroi de licences, souvent assortie de restrictions s\u00e9v\u00e8res. Un cadre de licences int\u00e9grant des approches ascendantes, y compris pour les r\u00e9seaux communautaires et les petits op\u00e9rateurs, permet d\u2019\u00e9largir la participation au march\u00e9, au b\u00e9n\u00e9fice de l\u2019ensemble de l\u2019\u00e9cosyst\u00e8me.<\/p>\n<\/div>\n\n\n\n<div class=\"wp-block-uagb-column uagb-column__wrap uagb-column__background-color uagb-block-526f2fae uag-hide-tab uag-hide-mob\"><div class=\"uagb-column__overlay\"><\/div>\n<section class=\"wp-block-uagb-columns uagb-columns__wrap uagb-columns__background-color uagb-columns__stack-mobile uagb-columns__valign- uagb-columns__gap-10 align uagb-block-fdf24225 uagb-columns__columns-1 uagb-columns__max_width-theme uag-hide-tab uag-hide-mob\"><div class=\"uagb-columns__overlay\"><\/div><div class=\"uagb-columns__inner-wrap uagb-columns__columns-1\">\n<div class=\"wp-block-uagb-column uagb-column__wrap uagb-column__background-undefined uagb-block-97d3e113\"><div class=\"uagb-column__overlay\"><\/div>\n<p class=\"has-text-align-left has-depth-green-color has-text-color has-link-color has-18-font-size wp-elements-3379915f31ff61a6c09ec9db5ca45073\"><strong>Poursuivre la lecture: <a href=\"https:\/\/www.internetsociety.org\/fr\/resources\/advancing-community-connectivity\/spectrum-allocation\/\">Attribution du spectre : il y a de la place pour tout le monde<\/a><\/strong><\/p>\n<\/div>\n<\/div><\/section>\n<\/div>\n<\/div><\/section>\n\n\n\n<section class=\"wp-block-uagb-columns uagb-columns__wrap uagb-columns__background-none uagb-columns__stack-tablet uagb-columns__valign-center uagb-columns__gap-10 align uagb-columns__reverse-tablet uagb-block-90bee086 uagb-columns__columns-2 uagb-columns__max_width-theme\"><div class=\"uagb-columns__overlay\"><\/div><div class=\"uagb-columns__inner-wrap uagb-columns__columns-2\">\n<div class=\"wp-block-uagb-column uagb-column__wrap uagb-column__background-color uagb-block-709bb893\"><div class=\"uagb-column__overlay\"><\/div>\n<h2 class=\"wp-block-heading has-32-font-size\">Licences pour les solutions communautaires<\/h2>\n\n\n\n<div style=\"height:20px\" aria-hidden=\"true\" class=\"wp-block-spacer\"><\/div>\n\n\n\n<p class=\"has-18-font-size\">Dans certains pays, l\u2019acc\u00e8s aux licences est r\u00e9serv\u00e9 aux grands op\u00e9rateurs, ou bien le nombre de licences disponibles est tr\u00e8s limit\u00e9. Adapter les politiques pour rendre l\u2019obtention de licences plus abordable et accessible peut favoriser l\u2019\u00e9mergence de projets de connectivit\u00e9 communautaires, sous toutes leurs formes.<\/p>\n\n\n\n<p class=\"has-18-font-size\">Dans les r\u00e9gions o\u00f9 prolif\u00e8rent des r\u00e9seaux non autoris\u00e9s, la possibilit\u00e9 de r\u00e9gulariser leur situation par l\u2019octroi de licences contribue \u00e0 leur p\u00e9rennit\u00e9, notamment en emp\u00eachant leur d\u00e9mant\u00e8lement. Cela permet \u00e9galement aux organismes de r\u00e9glementation et aux fournisseurs d\u2019identifier les zones de d\u00e9ploiement des infrastructures et de r\u00e9v\u00e9ler que certaines zones consid\u00e9r\u00e9es comme non couvertes disposent en r\u00e9alit\u00e9 d\u2019un acc\u00e8s, rectifiant ainsi la cartographie des populations r\u00e9ellement non connect\u00e9es.<\/p>\n\n\n\n<p class=\"has-18-font-size\">Le travail conjoint entre les communaut\u00e9s locales et les fournisseurs traditionnels peut aboutir \u00e0 un march\u00e9 plus \u00e9quilibr\u00e9, stimulant la concurrence et contribuant \u00e0 r\u00e9duire la fracture num\u00e9rique.<\/p>\n\n\n\n<p class=\"has-18-font-size\"><img decoding=\"async\" style=\"width: 45px; vertical-align: middle;\" src=\"https:\/\/www.internetsociety.org\/wp-content\/uploads\/2024\/12\/Iconography-Innovation-Dark-RGB-1.png\" alt=\"lightbulb icon\"><strong><strong>Fonctionne le mieux lorsque<\/strong>:<\/strong> Une l\u00e9gislation explicite en faveur de licences \u00e0 l\u2019\u00e9chelle communautaire peut s\u2019av\u00e9rer particuli\u00e8rement utile dans les zones qui ne seront probablement jamais rentables pour les op\u00e9rateurs traditionnels, ou l\u00e0 o\u00f9 les r\u00e9seaux ill\u00e9gaux sont nombreux.<\/p>\n\n\n\n<p class=\"has-18-font-size\"><img decoding=\"async\" style=\"width: 45px; vertical-align: middle; margin-right: 10px;\" src=\"https:\/\/www.internetsociety.org\/wp-content\/uploads\/2025\/02\/Icon-National-Internet-Gateways-Dark.png\" alt=\"wifi behind the bars\"><strong><strong>Des obstacles peuvent surgir si<\/strong>:<\/strong> Si les communaut\u00e9s ne sont pas inform\u00e9es des \u00e9volutions r\u00e9glementaires, elles risquent de rester d\u00e9pourvues de connexion ou de se tourner vers des r\u00e9seaux ill\u00e9gaux. Les mises \u00e0 jour des politiques doivent \u00eatre transmises aux populations les plus concern\u00e9es par le besoin de connectivit\u00e9.<\/p>\n\n\n\n<div style=\"height:10px\" aria-hidden=\"true\" class=\"wp-block-spacer\"><\/div>\n\n\n\n<p class=\"has-18-font-size\"><strong><strong>En savoir plus<\/strong><\/strong><\/p>\n\n\n\n<ul class=\"wp-block-list has-18-font-size\">\n<li><a href=\"https:\/\/www.kictanet.or.ke\/kenya-ratifies-the-community-networks-licensing-framework\/\">Un cadre r\u00e9glementaire pour l\u2019octroi de licences aux r\u00e9seaux communautaires au Kenya<\/a><\/li>\n\n\n\n<li><a href=\"https:\/\/www.enacom.gob.ar\/multimedia\/normativas\/2018\/res4958.pdf\">R\u00e9solution de l\u2019Argentine mettant \u00e0 jour son cadre r\u00e9glementaire pour l\u2019octroi de licences afin d\u2019inclure les r\u00e9seaux communautaires 4958\/2018<\/a> (en espagnol)<\/li>\n<\/ul>\n<\/div>\n\n\n\n<div class=\"wp-block-uagb-column uagb-column__wrap uagb-column__background-color uagb-block-f344f435\"><div class=\"uagb-column__overlay\"><\/div><div class=\"wp-block-image\">\n<figure class=\"aligncenter size-full\"><img loading=\"lazy\" decoding=\"async\" width=\"566\" height=\"721\" src=\"https:\/\/www.internetsociety.org\/wp-content\/uploads\/2025\/02\/Elcuy-pole-installation-1.jpg\" alt=\"Three men are collaborating on a pole installation in a vast desert landscape\" class=\"wp-image-220573\" style=\"aspect-ratio:2\/3;object-fit:cover\" srcset=\"https:\/\/www.internetsociety.org\/wp-content\/uploads\/2025\/02\/Elcuy-pole-installation-1.jpg 566w, https:\/\/www.internetsociety.org\/wp-content\/uploads\/2025\/02\/Elcuy-pole-installation-1-353x450.jpg 353w, https:\/\/www.internetsociety.org\/wp-content\/uploads\/2025\/02\/Elcuy-pole-installation-1-250x318.jpg 250w\" sizes=\"auto, (max-width: 566px) 100vw, 566px\" \/><\/figure>\n<\/div><\/div>\n<\/div><\/section>\n\n\n\n<section class=\"wp-block-uagb-columns uagb-columns__wrap uagb-columns__background-none uagb-columns__stack-tablet uagb-columns__valign-center uagb-columns__gap-10 align uagb-block-3b1e54b4 uagb-columns__columns-2 uagb-columns__max_width-theme\"><div class=\"uagb-columns__overlay\"><\/div><div class=\"uagb-columns__inner-wrap uagb-columns__columns-2\">\n<div class=\"wp-block-uagb-column uagb-column__wrap uagb-column__background-color uagb-block-5eca0fa2\"><div class=\"uagb-column__overlay\"><\/div><div class=\"wp-block-image\">\n<figure class=\"aligncenter size-full\"><img loading=\"lazy\" decoding=\"async\" width=\"666\" height=\"507\" src=\"https:\/\/www.internetsociety.org\/wp-content\/uploads\/2019\/11\/Medium-WaimanaloInternetSociety057-e1682072686264.jpg\" alt=\"Three men talking Waimanalo Internet\" class=\"wp-image-107819\" style=\"aspect-ratio:2\/3;object-fit:cover\" srcset=\"https:\/\/www.internetsociety.org\/wp-content\/uploads\/2019\/11\/Medium-WaimanaloInternetSociety057-e1682072686264.jpg 666w, https:\/\/www.internetsociety.org\/wp-content\/uploads\/2019\/11\/Medium-WaimanaloInternetSociety057-e1682072686264-450x343.jpg 450w, https:\/\/www.internetsociety.org\/wp-content\/uploads\/2019\/11\/Medium-WaimanaloInternetSociety057-e1682072686264-250x190.jpg 250w\" sizes=\"auto, (max-width: 666px) 100vw, 666px\" \/><\/figure>\n<\/div><\/div>\n\n\n\n<div class=\"wp-block-uagb-column uagb-column__wrap uagb-column__background-color uagb-block-d3713cd7\"><div class=\"uagb-column__overlay\"><\/div>\n<h2 class=\"wp-block-heading has-28-font-size\">Proc\u00e9dures de demande simplifi\u00e9es<\/h2>\n\n\n\n<div style=\"height:20px\" aria-hidden=\"true\" class=\"wp-block-spacer\"><\/div>\n\n\n\n<p class=\"has-18-font-size\">L\u2019obtention d\u2019une licence est un processus en plusieurs \u00e9tapes. Cela peut impliquer la cr\u00e9ation d\u2019une nouvelle entreprise, la gestion du financement, et la recherche d\u2019informations qui ne sont pas facilement accessibles.<\/p>\n\n\n\n<p class=\"has-18-font-size\">Simplifier les proc\u00e9dures de demande et les rendre plus compr\u00e9hensibles peut r\u00e9duire les obstacles et profiter \u00e0 tout le monde. Dans les zones mal desservies ou non connect\u00e9es, les demandeurs peuvent ne pas avoir acc\u00e8s \u00e0 Internet. Il est donc important de proposer des alternatives aux formulaires et notifications en ligne.<\/p>\n\n\n\n<p class=\"has-18-font-size\">Mettre \u00e0 disposition des lieux physiques avec les formulaires et un accompagnement en pr\u00e9sentiel rend la proc\u00e9dure plus flexible et accessible aux acteurs engag\u00e9s dans la connectivit\u00e9 de leur communaut\u00e9.<\/p>\n\n\n\n<p class=\"has-18-font-size\"><img decoding=\"async\" style=\"width: 45px; vertical-align: middle;\" src=\"https:\/\/www.internetsociety.org\/wp-content\/uploads\/2024\/12\/Iconography-Innovation-Dark-RGB-1.png\" alt=\"lightbulb icon\"><strong><strong>Fonctionne le mieux lorsque<\/strong>:<\/strong> Disposer de lieux physiques est particuli\u00e8rement pertinent en zone rurale, o\u00f9 les gens se rendent souvent dans des centres urbains pour acc\u00e9der \u00e0 l\u2019information et entreprendre les d\u00e9marches n\u00e9cessaires.<\/p>\n\n\n\n<p class=\"has-18-font-size\"><img decoding=\"async\" style=\"width: 45px; vertical-align: middle; margin-right: 10px;\" src=\"https:\/\/www.internetsociety.org\/wp-content\/uploads\/2025\/02\/Icon-National-Internet-Gateways-Dark.png\" alt=\"wifi behind the bars\"><strong><strong>Des obstacles peuvent surgir si<\/strong>:<\/strong> Si un lieu physique est mis \u00e0 disposition, il est essentiel que les gens s\u2019y sentent bien et en s\u00e9curit\u00e9. Une population marginalis\u00e9e ne se sent pas toujours \u00e0 l\u2019aise dans certains b\u00e2timents municipaux ou administratifs.<\/p>\n\n\n\n<div style=\"height:10px\" aria-hidden=\"true\" class=\"wp-block-spacer\"><\/div>\n\n\n\n<p class=\"has-18-font-size\"><strong><strong>En savoir plus<\/strong><\/strong><\/p>\n\n\n\n<ul class=\"wp-block-list has-18-font-size\">\n<li><a href=\"https:\/\/www.internetsociety.org\/indigenet\/tribal-priority-window\/\">La Commission f\u00e9d\u00e9rale des communications (FCC) a autoris\u00e9 les tribus reconnues aux \u00c9tats-Unis \u00e0 utiliser le spectre inutilis\u00e9 sur leurs terres<\/a><\/li>\n\n\n\n<li><a href=\"https:\/\/www.isocfoundation.org\/story\/course-guides-brazilian-community-networks-on-how-to-get-legal-recognition\/\">Comment les r\u00e9seaux communautaires au Br\u00e9sil ont surmont\u00e9 les obstacles bureaucratiques<\/a><\/li>\n<\/ul>\n<\/div>\n<\/div><\/section>\n\n\n\n<section class=\"wp-block-uagb-columns uagb-columns__wrap uagb-columns__background-none uagb-columns__stack-tablet uagb-columns__valign-center uagb-columns__gap-10 align uagb-columns__reverse-tablet uagb-block-28598c2e uagb-columns__columns-2 uagb-columns__max_width-theme\"><div class=\"uagb-columns__overlay\"><\/div><div class=\"uagb-columns__inner-wrap uagb-columns__columns-2\">\n<div class=\"wp-block-uagb-column uagb-column__wrap uagb-column__background-color uagb-block-0876264a\"><div class=\"uagb-column__overlay\"><\/div>\n<h2 class=\"wp-block-heading has-32-font-size\">Lib\u00e9rer plus de spectre exempt de licence<\/h2>\n\n\n\n<div style=\"height:20px\" aria-hidden=\"true\" class=\"wp-block-spacer\"><\/div>\n\n\n\n<p class=\"has-18-font-size\">Pour utiliser un spectre sous licence ou cr\u00e9er un FAI, les op\u00e9rateurs doivent obtenir une licence, payer des frais \u00e9lev\u00e9s et investir dans un \u00e9quipement co\u00fbteux, ce qui n\u2019est pas toujours faisable. La d\u00e9signation de plus de spectre comme \u00ab sans licence \u00bb ou \u00ab exempt de licence \u00bb, destin\u00e9 \u00e0 des technologies comme le Wi-Fi, \u00e9limine compl\u00e8tement la n\u00e9cessit\u00e9 d\u2019une licence pour les petits r\u00e9seaux communautaires et autres acteurs, pour lesquels l\u2019obtention d\u2019une licence et l\u2019achat d\u2019\u00e9quipements co\u00fbteux ne sont pas toujours des options r\u00e9alisables.<\/p>\n\n\n\n<p class=\"has-18-font-size\">Pour ce faire, il est souvent possible de lib\u00e9rer des parties du spectre qui ne sont plus utilis\u00e9es, comme celles r\u00e9serv\u00e9es \u00e0 des op\u00e9rations militaires obsol\u00e8tes ou \u00e0 des technologies d\u00e9pass\u00e9es. L\u00e0 o\u00f9 il existe du spectre inutilis\u00e9 ou sous-utilis\u00e9, s\u2019il n\u2019est pas explicitement exempt\u00e9 de licence, ce spectre peut finir par \u00eatre r\u00e9attribu\u00e9 aux grands fournisseurs de t\u00e9l\u00e9communications, et ne sera pas disponible comme un bien public.<\/p>\n\n\n\n<p class=\"has-18-font-size\"><img decoding=\"async\" style=\"width: 45px; vertical-align: middle;\" src=\"https:\/\/www.internetsociety.org\/wp-content\/uploads\/2024\/12\/Iconography-Innovation-Dark-RGB-1.png\" alt=\"lightbulb icon\"><strong><strong>Fonctionne le mieux lorsque<\/strong>:<\/strong> Dans les pays \u00e0 faible d\u00e9veloppement d\u2019Internet, disposer de spectre exempt de licence permet de d\u00e9bloquer des opportunit\u00e9s pour une connectivit\u00e9 fiable et \u00e0 faible co\u00fbt, ce qui peut m\u00eame, \u00e0 terme, stimuler le march\u00e9 pour les grands acteurs.<\/p>\n\n\n\n<p class=\"has-18-font-size\"><img decoding=\"async\" style=\"width: 45px; vertical-align: middle; margin-right: 10px;\" src=\"https:\/\/www.internetsociety.org\/wp-content\/uploads\/2025\/02\/Icon-National-Internet-Gateways-Dark.png\" alt=\"wifi behind the bars\"><strong><strong>Des obstacles peuvent surgir si<\/strong>:<\/strong> Dans les cas o\u00f9 les grands op\u00e9rateurs ont pay\u00e9 des frais \u00e9lev\u00e9s pour des droits de licence exclusifs, il peut \u00eatre compliqu\u00e9 pour l\u2019organisme de r\u00e9glementation de lib\u00e9rer davantage de spectre en tant que spectre exempt de licence.<\/p>\n\n\n\n<div style=\"height:10px\" aria-hidden=\"true\" class=\"wp-block-spacer\"><\/div>\n\n\n\n<p class=\"has-18-font-size\"><strong><strong>En savoir plus<\/strong><\/strong><\/p>\n\n\n\n<ul class=\"wp-block-list has-18-font-size\">\n<li><a href=\"https:\/\/www.larcg.com\/wp-content\/uploads\/2021\/05\/ALCA87_30_04_2021.pdf\">Le Costa Rica a allou\u00e9 l\u2019int\u00e9gralit\u00e9 de la bande des 6 GHz pour le Wi-Fi<\/a> (en espagnol)<\/li>\n<\/ul>\n<\/div>\n\n\n\n<div class=\"wp-block-uagb-column uagb-column__wrap uagb-column__background-color uagb-block-e26e6e61\"><div class=\"uagb-column__overlay\"><\/div><div class=\"wp-block-image\">\n<figure class=\"aligncenter size-full\"><img loading=\"lazy\" decoding=\"async\" width=\"1440\" height=\"1080\" src=\"https:\/\/www.internetsociety.org\/wp-content\/uploads\/2024\/05\/NANUM-community.jpg\" alt=\"Multicultural individuals posing in front of an urban structure\" class=\"wp-image-210674\" style=\"aspect-ratio:2\/3;object-fit:cover\" srcset=\"https:\/\/www.internetsociety.org\/wp-content\/uploads\/2024\/05\/NANUM-community.jpg 1440w, https:\/\/www.internetsociety.org\/wp-content\/uploads\/2024\/05\/NANUM-community-450x338.jpg 450w, https:\/\/www.internetsociety.org\/wp-content\/uploads\/2024\/05\/NANUM-community-1024x768.jpg 1024w, https:\/\/www.internetsociety.org\/wp-content\/uploads\/2024\/05\/NANUM-community-768x576.jpg 768w, https:\/\/www.internetsociety.org\/wp-content\/uploads\/2024\/05\/NANUM-community-250x188.jpg 250w\" sizes=\"auto, (max-width: 1440px) 100vw, 1440px\" \/><\/figure>\n<\/div><\/div>\n<\/div><\/section>\n\n\n\n<section class=\"wp-block-uagb-columns uagb-columns__wrap uagb-columns__background-color uagb-columns__stack-mobile uagb-columns__valign- uagb-columns__gap-10 align uagb-block-952da590 uagb-columns__columns-1 uagb-columns__max_width-theme uag-hide-desktop\"><div class=\"uagb-columns__overlay\"><\/div><div class=\"uagb-columns__inner-wrap uagb-columns__columns-1\">\n<div class=\"wp-block-uagb-column uagb-column__wrap uagb-column__background-color uagb-block-f77d880c\"><div class=\"uagb-column__overlay\"><\/div>\n<p class=\"has-text-align-center has-depth-green-color has-text-color has-link-color has-18-font-size wp-elements-26397b4bd0f9fa3ad4b60582d7ead1b6\"><strong>Poursuivre la lecture: <a href=\"https:\/\/www.internetsociety.org\/fr\/resources\/advancing-community-connectivity\/spectrum-allocation\/\">Attribution du spectre : il y a de la place pour tout le monde<\/a><\/strong><\/p>\n<\/div>\n<\/div><\/section>\n\n\n\n<p class=\"has-text-align-center has-neutral-white-color has-ground-navy-background-color has-text-color has-background has-12-font-size\">Droits d&rsquo;auteur : <br>\u00a9 Christian O&rsquo;Flaherty\/Internet Society, \u00a9 Elyse Butler, \u00a9 Jos\u00e9 Elizeche<\/p>\n","protected":false},"excerpt":{"rendered":"<p>Promouvoir l\u2019inclusion num\u00e9rique en mettant en place des cadres r\u00e9glementaires favorables aux r\u00e9seaux communautaires et aux petits fournisseurs d\u2019acc\u00e8s.<\/p>\n","protected":false},"author":46,"featured_media":218919,"parent":223916,"menu_order":0,"comment_status":"closed","ping_status":"closed","template":"page-wide.php","meta":{"_acf_changed":false,"_uag_custom_page_level_css":"","footnotes":""},"categories":[120],"tags":[],"region_news_regions":[6029],"content_category":[6105],"ppma_author":[4057],"class_list":["post-223181","page","type-page","status-publish","has-post-thumbnail","hentry","category-acces","region_news_regions-mondial","content_category-resources-type"],"acf":[],"uagb_featured_image_src":{"full":["https:\/\/www.internetsociety.org\/wp-content\/uploads\/2025\/01\/Ruth-and-others.png",938,514,false],"thumbnail":["https:\/\/www.internetsociety.org\/wp-content\/uploads\/2025\/01\/Ruth-and-others-150x150.png",150,150,true],"medium":["https:\/\/www.internetsociety.org\/wp-content\/uploads\/2025\/01\/Ruth-and-others-450x247.png",450,247,true],"medium_large":["https:\/\/www.internetsociety.org\/wp-content\/uploads\/2025\/01\/Ruth-and-others-768x421.png",768,421,true],"large":["https:\/\/www.internetsociety.org\/wp-content\/uploads\/2025\/01\/Ruth-and-others.png",938,514,false],"1536x1536":["https:\/\/www.internetsociety.org\/wp-content\/uploads\/2025\/01\/Ruth-and-others.png",938,514,false],"2048x2048":["https:\/\/www.internetsociety.org\/wp-content\/uploads\/2025\/01\/Ruth-and-others.png",938,514,false],"post-thumbnail":["https:\/\/www.internetsociety.org\/wp-content\/uploads\/2025\/01\/Ruth-and-others-250x137.png",250,137,true],"square":["https:\/\/www.internetsociety.org\/wp-content\/uploads\/2025\/01\/Ruth-and-others-600x514.png",600,514,true],"gform-image-choice-sm":["https:\/\/www.internetsociety.org\/wp-content\/uploads\/2025\/01\/Ruth-and-others-300x300.png",300,300,true],"gform-image-choice-md":["https:\/\/www.internetsociety.org\/wp-content\/uploads\/2025\/01\/Ruth-and-others-400x400.png",400,400,true],"gform-image-choice-lg":["https:\/\/www.internetsociety.org\/wp-content\/uploads\/2025\/01\/Ruth-and-others-600x514.png",600,514,true]},"uagb_author_info":{"display_name":"Ivana Trbovic","author_link":"https:\/\/www.internetsociety.org\/fr\/author\/trbovic\/"},"uagb_comment_info":0,"uagb_excerpt":"Promouvoir l\u2019inclusion num\u00e9rique en mettant en place des cadres r\u00e9glementaires favorables aux r\u00e9seaux communautaires et aux petits fournisseurs d\u2019acc\u00e8s.","_links":{"self":[{"href":"https:\/\/www.internetsociety.org\/fr\/wp-json\/wp\/v2\/pages\/223181","targetHints":{"allow":["GET"]}}],"collection":[{"href":"https:\/\/www.internetsociety.org\/fr\/wp-json\/wp\/v2\/pages"}],"about":[{"href":"https:\/\/www.internetsociety.org\/fr\/wp-json\/wp\/v2\/types\/page"}],"author":[{"embeddable":true,"href":"https:\/\/www.internetsociety.org\/fr\/wp-json\/wp\/v2\/users\/46"}],"replies":[{"embeddable":true,"href":"https:\/\/www.internetsociety.org\/fr\/wp-json\/wp\/v2\/comments?post=223181"}],"version-history":[{"count":0,"href":"https:\/\/www.internetsociety.org\/fr\/wp-json\/wp\/v2\/pages\/223181\/revisions"}],"up":[{"embeddable":true,"href":"https:\/\/www.internetsociety.org\/fr\/wp-json\/wp\/v2\/pages\/223916"}],"wp:featuredmedia":[{"embeddable":true,"href":"https:\/\/www.internetsociety.org\/fr\/wp-json\/wp\/v2\/media\/218919"}],"wp:attachment":[{"href":"https:\/\/www.internetsociety.org\/fr\/wp-json\/wp\/v2\/media?parent=223181"}],"wp:term":[{"taxonomy":"category","embeddable":true,"href":"https:\/\/www.internetsociety.org\/fr\/wp-json\/wp\/v2\/categories?post=223181"},{"taxonomy":"post_tag","embeddable":true,"href":"https:\/\/www.internetsociety.org\/fr\/wp-json\/wp\/v2\/tags?post=223181"},{"taxonomy":"region_news_regions","embeddable":true,"href":"https:\/\/www.internetsociety.org\/fr\/wp-json\/wp\/v2\/region_news_regions?post=223181"},{"taxonomy":"content_category","embeddable":true,"href":"https:\/\/www.internetsociety.org\/fr\/wp-json\/wp\/v2\/content_category?post=223181"},{"taxonomy":"author","embeddable":true,"href":"https:\/\/www.internetsociety.org\/fr\/wp-json\/wp\/v2\/ppma_author?post=223181"}],"curies":[{"name":"wp","href":"https:\/\/api.w.org\/{rel}","templated":true}]}}