{"id":223177,"date":"2025-03-06T16:47:43","date_gmt":"2025-03-06T16:47:43","guid":{"rendered":"https:\/\/www.internetsociety.org\/ameliorer-la-connectivite-au-sein-des-communautes\/financing-sustainable-pathways-to-affordable-access\/"},"modified":"2025-09-16T16:13:17","modified_gmt":"2025-09-16T16:13:17","slug":"financing-sustainable-pathways-to-affordable-access","status":"publish","type":"page","link":"https:\/\/www.internetsociety.org\/fr\/resources\/advancing-community-connectivity\/financing\/","title":{"rendered":"Financement : des approches durables pour un acc\u00e8s abordable"},"content":{"rendered":"\n<section class=\"wp-block-uagb-columns uagb-columns__wrap uagb-columns__background-image uagb-columns__stack-mobile uagb-columns__valign- uagb-columns__gap-10 align uagb-block-1b60d478 uagb-columns__columns-1 uagb-columns__max_width-theme background-image-fallback-black\"><div class=\"uagb-columns__overlay\"><\/div><div class=\"uagb-columns__inner-wrap uagb-columns__columns-1\">\n<div class=\"wp-block-uagb-column uagb-column__wrap uagb-column__background-undefined uagb-block-6da44868\"><div class=\"uagb-column__overlay\"><\/div>\n<p class=\"has-neutral-white-color has-text-color has-18-font-size\"><a href=\"\/fr\/resources\/advancing-community-connectivity\/overview\/\">Am\u00e9liorer la connectivit\u00e9 au sein des communaut\u00e9s<\/a> &gt; Financement : des approches durables pour un acc\u00e8s abordable<\/p>\n\n\n\n<div style=\"height:30px\" aria-hidden=\"true\" class=\"wp-block-spacer\"><\/div>\n\n\n\n<h1 class=\"wp-block-heading has-neutral-white-color has-text-color\">Financement : des approches durables pour un acc\u00e8s abordable<\/h1>\n\n\n\n<section class=\"wp-block-uagb-columns uagb-columns__wrap uagb-columns__background-color uagb-columns__stack-tablet uagb-columns__valign-center uagb-columns__gap-10 align uagb-block-f5cc051d uagb-columns__columns-1 uagb-columns__max_width-theme\"><div class=\"uagb-columns__overlay\"><\/div><div class=\"uagb-columns__inner-wrap uagb-columns__columns-1\">\n<div class=\"wp-block-uagb-column uagb-column__wrap uagb-column__background-undefined uagb-block-b5e92d07\"><div class=\"uagb-column__overlay\"><\/div>\n<p class=\"has-neutral-white-color has-text-color has-28-font-size\"><strong><strong>D\u00e9couvrez les strat\u00e9gies de financement pour les r\u00e9seaux communautaires et les fournisseurs d\u2019acc\u00e8s Internet locaux. Apprenez \u00e0 concilier viabilit\u00e9 financi\u00e8re, inclusion r\u00e9glementaire et solutions de financement innovantes, au-del\u00e0 des Fonds de service et d\u2019acc\u00e8s universels.<\/strong><\/strong><\/p>\n<\/div>\n<\/div><\/section>\n<\/div>\n<\/div><\/section>\n\n\n\n<section class=\"wp-block-uagb-columns uagb-columns__wrap uagb-columns__background-none uagb-columns__stack-tablet uagb-columns__valign-top uagb-columns__gap-10 align uagb-block-de3d1d5d uagb-columns__columns-2 uagb-columns__max_width-theme\"><div class=\"uagb-columns__overlay\"><\/div><div class=\"uagb-columns__inner-wrap uagb-columns__columns-2\">\n<div class=\"wp-block-uagb-column uagb-column__wrap uagb-column__background-undefined uagb-block-f338041f\"><div class=\"uagb-column__overlay\"><\/div>\n<p class=\"has-18-font-size\">Pour d\u00e9marrer, les r\u00e9seaux ont besoin de financements pour faire face aux d\u00e9penses administratives, aux obligations r\u00e9glementaires et \u00e0 l\u2019achat d\u2019\u00e9quipements. Ensuite, pour continuer \u00e0 fonctionner, il leur faut des fonds pour entretenir et am\u00e9liorer les syst\u00e8mes, ainsi que pour assurer le service aux clients, y compris la gestion des paiements. Ils doivent \u00eatre financi\u00e8rement viables, m\u00eame s\u2019ils n\u2019ont pas l\u2019intention de g\u00e9n\u00e9rer des b\u00e9n\u00e9fices. Il est important de cr\u00e9er un environnement r\u00e9glementaire qui reconnaisse clairement leur existence, plut\u00f4t que de reproduire les conditions qui ont conduit aux \u00e9checs du march\u00e9. Mais il existe de nombreuses opportunit\u00e9s pour relever ces diff\u00e9rents d\u00e9fis de financement, bien au-del\u00e0 des Fonds de service et d\u2019acc\u00e8s universels.<\/p>\n<\/div>\n\n\n\n<div class=\"wp-block-uagb-column uagb-column__wrap uagb-column__background-color uagb-block-526f2fae uag-hide-tab uag-hide-mob\"><div class=\"uagb-column__overlay\"><\/div>\n<section class=\"wp-block-uagb-columns uagb-columns__wrap uagb-columns__background-color uagb-columns__stack-mobile uagb-columns__valign- uagb-columns__gap-10 align uagb-block-fdf24225 uagb-columns__columns-1 uagb-columns__max_width-theme uag-hide-tab uag-hide-mob\"><div class=\"uagb-columns__overlay\"><\/div><div class=\"uagb-columns__inner-wrap uagb-columns__columns-1\">\n<div class=\"wp-block-uagb-column uagb-column__wrap uagb-column__background-undefined uagb-block-97d3e113\"><div class=\"uagb-column__overlay\"><\/div>\n<p class=\"has-text-align-left has-depth-green-color has-text-color has-link-color has-18-font-size wp-elements-68d315f8e12625e70196c43929aee2b7\"><strong><strong><strong>Poursuivez votre lecture : <\/strong><a href=\"https:\/\/www.internetsociety.org\/resources\/advancing-community-connectivity\/licensing\/\">Octroi de licences : vers des cadres r\u00e9glementaires adapt\u00e9s au XXIe si\u00e8cle et au-del\u00e0<\/a><\/strong><\/strong><\/p>\n<\/div>\n<\/div><\/section>\n<\/div>\n<\/div><\/section>\n\n\n\n<section class=\"wp-block-uagb-columns uagb-columns__wrap uagb-columns__background-none uagb-columns__stack-tablet uagb-columns__valign-center uagb-columns__gap-10 align uagb-columns__reverse-tablet uagb-block-28598c2e uagb-columns__columns-2 uagb-columns__max_width-theme\"><div class=\"uagb-columns__overlay\"><\/div><div class=\"uagb-columns__inner-wrap uagb-columns__columns-2\">\n<div class=\"wp-block-uagb-column uagb-column__wrap uagb-column__background-color uagb-block-0876264a\"><div class=\"uagb-column__overlay\"><\/div>\n<h2 class=\"wp-block-heading has-32-font-size\">Assurer la p\u00e9rennit\u00e9 du r\u00e9seau<\/h2>\n\n\n\n<div style=\"height:20px\" aria-hidden=\"true\" class=\"wp-block-spacer\"><\/div>\n\n\n\n<p class=\"has-18-font-size\">Qu\u2019il s\u2019agisse d\u2019un r\u00e9seau communautaire, d\u2019un r\u00e9seau municipal ou d\u2019un petit fournisseur d\u2019acc\u00e8s, un projet port\u00e9 par la communaut\u00e9 doit disposer d\u2019un plan pour g\u00e9n\u00e9rer des revenus, m\u00eame s\u2019il repose enti\u00e8rement sur le b\u00e9n\u00e9volat et n\u2019a pas vocation \u00e0 faire du profit. La maintenance et la mise \u00e0 niveau du mat\u00e9riel devront \u00eatre assur\u00e9es. Un support client, des syst\u00e8mes de facturation et de paiement, ainsi que des services Web tels que la messagerie \u00e9lectronique et des outils de gestion, seront indispensables. Certains r\u00e9seaux adoptent un mod\u00e8le de franchise \u00e0 vocation entrepreneuriale, investissent ou fonctionnent m\u00eame comme un cybercaf\u00e9, o\u00f9 les utilisateurs ne paient que pour la nourriture, les boissons ou d\u2019autres services comme l\u2019impression.&nbsp;<\/p>\n\n\n\n<p class=\"has-18-font-size\">Am\u00e9liorer l\u2019environnement politique pour les petites entreprises, notamment en proposant des formations en gestion aux r\u00e9seaux communautaires, peut aider ces initiatives essentielles \u00e0 r\u00e9ussir sur le long terme.<\/p>\n\n\n\n<p class=\"has-18-font-size\"><img decoding=\"async\" style=\"width: 45px; vertical-align: middle;\" src=\"https:\/\/www.internetsociety.org\/wp-content\/uploads\/2024\/12\/Iconography-Innovation-Dark-RGB-1.png\" alt=\"lightbulb icon\"><strong><strong>Fonctionne le mieux lorsque<\/strong>:<\/strong> Une approche r\u00e9ussie est celle qui reconna\u00eet que les communaut\u00e9s ont souvent leurs propres solutions, uniques pour chacune d\u2019elles. N\u2019ayez pas peur de vous appuyer sur ce qui fonctionne d\u00e9j\u00e0.<\/p>\n\n\n\n<p class=\"has-18-font-size\"><img decoding=\"async\" style=\"width: 45px; vertical-align: middle; margin-right: 10px;\" src=\"https:\/\/www.internetsociety.org\/wp-content\/uploads\/2025\/02\/Icon-National-Internet-Gateways-Dark.png\" alt=\"wifi behind the bars\"><strong><strong>Des obstacles peuvent surgir si<\/strong>:<\/strong> L\u2019\u00e9lan b\u00e9n\u00e9vole du d\u00e9but peut s\u2019essouffler avec le temps. Veillez \u00e0 ce que l\u2019enthousiasme initial ne se transforme pas en frustration, notamment si certains b\u00e9n\u00e9voles se retrouvent \u00e0 faire un travail cons\u00e9quent sans contrepartie financi\u00e8re.<\/p>\n\n\n\n<div style=\"height:10px\" aria-hidden=\"true\" class=\"wp-block-spacer\"><\/div>\n\n\n\n<p class=\"has-18-font-size\"><strong><strong>En savoir plus<\/strong><\/strong><\/p>\n\n\n\n<ul class=\"wp-block-list has-18-font-size\">\n<li><a href=\"https:\/\/b4rn.org.uk\/support\/faqs\">B4RN, une coop\u00e9rative britannique qui finance son r\u00e9seau \u00e0 l\u2019aide de bons fournis par le gouvernement<\/a><\/li>\n\n\n\n<li><a href=\"https:\/\/www.internetsociety.org\/wp-content\/uploads\/2022\/10\/Financing-Mechanisms-for-Locally-Owned-Internet-Infrastructure.pdf\">En Afrique du Sud, Zenzeleni s\u2019appuie sur un mod\u00e8le coop\u00e9ratif pour assurer sa croissance<\/a> (PDF, page 116)<\/li>\n<\/ul>\n<\/div>\n\n\n\n<div class=\"wp-block-uagb-column uagb-column__wrap uagb-column__background-color uagb-block-e26e6e61\"><div class=\"uagb-column__overlay\"><\/div><div class=\"wp-block-image\">\n<figure class=\"aligncenter size-full\"><img loading=\"lazy\" decoding=\"async\" width=\"400\" height=\"661\" src=\"https:\/\/www.internetsociety.org\/wp-content\/uploads\/2025\/02\/Medium-Community-Networks-Zenzelini-S.Africa-June-2018.jpg\" alt=\"A family gathers outside their home \" class=\"wp-image-220562\" style=\"aspect-ratio:2\/3;object-fit:cover\" srcset=\"https:\/\/www.internetsociety.org\/wp-content\/uploads\/2025\/02\/Medium-Community-Networks-Zenzelini-S.Africa-June-2018.jpg 400w, https:\/\/www.internetsociety.org\/wp-content\/uploads\/2025\/02\/Medium-Community-Networks-Zenzelini-S.Africa-June-2018-272x450.jpg 272w, https:\/\/www.internetsociety.org\/wp-content\/uploads\/2025\/02\/Medium-Community-Networks-Zenzelini-S.Africa-June-2018-250x413.jpg 250w\" sizes=\"auto, (max-width: 400px) 100vw, 400px\" \/><\/figure>\n<\/div><\/div>\n<\/div><\/section>\n\n\n\n<section class=\"wp-block-uagb-columns uagb-columns__wrap uagb-columns__background-none uagb-columns__stack-tablet uagb-columns__valign-center uagb-columns__gap-10 align uagb-block-3b1e54b4 uagb-columns__columns-2 uagb-columns__max_width-theme\"><div class=\"uagb-columns__overlay\"><\/div><div class=\"uagb-columns__inner-wrap uagb-columns__columns-2\">\n<div class=\"wp-block-uagb-column uagb-column__wrap uagb-column__background-color uagb-block-5eca0fa2\"><div class=\"uagb-column__overlay\"><\/div><div class=\"wp-block-image\">\n<figure class=\"aligncenter size-full\"><img loading=\"lazy\" decoding=\"async\" width=\"1000\" height=\"667\" src=\"https:\/\/www.internetsociety.org\/wp-content\/uploads\/2025\/02\/person-assembles-antenna.jpg\" alt=\"A man is engaged in assembling an antenna within a room\" class=\"wp-image-220568\" style=\"aspect-ratio:2\/3;object-fit:cover\" srcset=\"https:\/\/www.internetsociety.org\/wp-content\/uploads\/2025\/02\/person-assembles-antenna.jpg 1000w, https:\/\/www.internetsociety.org\/wp-content\/uploads\/2025\/02\/person-assembles-antenna-450x300.jpg 450w, https:\/\/www.internetsociety.org\/wp-content\/uploads\/2025\/02\/person-assembles-antenna-768x512.jpg 768w, https:\/\/www.internetsociety.org\/wp-content\/uploads\/2025\/02\/person-assembles-antenna-250x167.jpg 250w\" sizes=\"auto, (max-width: 1000px) 100vw, 1000px\" \/><\/figure>\n<\/div><\/div>\n\n\n\n<div class=\"wp-block-uagb-column uagb-column__wrap uagb-column__background-color uagb-block-d3713cd7\"><div class=\"uagb-column__overlay\"><\/div>\n<h2 class=\"wp-block-heading has-28-font-size\">All\u00e9ger les contraintes financi\u00e8res pour d\u00e9marrer plus facilement<\/h2>\n\n\n\n<div style=\"height:20px\" aria-hidden=\"true\" class=\"wp-block-spacer\"><\/div>\n\n\n\n<p class=\"has-18-font-size\">Les dispositifs de financement de la connectivit\u00e9 locale diff\u00e8rent selon les pays, et parfois m\u00eame selon les r\u00e9gions ou localit\u00e9s. Les opportunit\u00e9s pour am\u00e9liorer l\u2019acc\u00e8s vont du financement commercial classique et des pr\u00eats aupr\u00e8s de coop\u00e9ratives de cr\u00e9dit, jusqu\u2019\u00e0 des mesures plus sp\u00e9cifiques au secteur des t\u00e9l\u00e9communications, comme la simplification des licences ou l\u2019all\u00e8gement des obligations administratives et des proc\u00e9dures de subvention. Cela peut \u00e9galement inclure des syst\u00e8mes de bons, des exon\u00e9rations de frais pour l\u2019importation d\u2019\u00e9quipements, une assistance technique certifi\u00e9e pour les \u00e9tudes de faisabilit\u00e9, ainsi que des subventions pour l\u2019installation. Des subventions plus importantes peuvent \u00e9galement \u00eatre mises en \u0153uvre, sous forme de versements \u00e9chelonn\u00e9s lib\u00e9r\u00e9s \u00e0 mesure que des \u00e9tapes cl\u00e9s sont franchies.&nbsp;<\/p>\n\n\n\n<p class=\"has-18-font-size\">Mais il n\u2019existe pas de solution universelle. L\u2019essentiel est d&rsquo;identifier toutes les ressources dont dispose d\u00e9j\u00e0 une communaut\u00e9, m\u00eame les plus inattendues, et de partir de l\u00e0.<\/p>\n\n\n\n<p class=\"has-18-font-size\"><img decoding=\"async\" style=\"width: 45px; vertical-align: middle;\" src=\"https:\/\/www.internetsociety.org\/wp-content\/uploads\/2024\/12\/Iconography-Innovation-Dark-RGB-1.png\" alt=\"lightbulb icon\"><strong><strong>Fonctionne le mieux lorsque<\/strong>:<\/strong> Un projet dirig\u00e9 par la communaut\u00e9 aura toujours plus de chances de r\u00e9ussir s\u2019il est men\u00e9 par et pour les personnes qui connaissent r\u00e9ellement les besoins et les capacit\u00e9s de la population et du territoire.<\/p>\n\n\n\n<p class=\"has-18-font-size\"><img decoding=\"async\" style=\"width: 45px; vertical-align: middle; margin-right: 10px;\" src=\"https:\/\/www.internetsociety.org\/wp-content\/uploads\/2025\/02\/Icon-National-Internet-Gateways-Dark.png\" alt=\"wifi behind the bars\"><strong><strong>Des obstacles peuvent surgir si<\/strong>:<\/strong> M\u00eame si les co\u00fbts de d\u00e9marrage peuvent \u00eatre couverts par des dons ou des subventions, et qu\u2019un r\u00e9seau communautaire peut choisir de ne pas facturer l\u2019acc\u00e8s aux utilisateurs finaux, il doit n\u00e9anmoins \u00eatre con\u00e7u dans une logique de viabilit\u00e9 financi\u00e8re.<\/p>\n<\/div>\n<\/div><\/section>\n\n\n\n<section class=\"wp-block-uagb-columns uagb-columns__wrap uagb-columns__background-none uagb-columns__stack-tablet uagb-columns__valign-center uagb-columns__gap-10 align uagb-columns__reverse-tablet uagb-block-90bee086 uagb-columns__columns-2 uagb-columns__max_width-theme\"><div class=\"uagb-columns__overlay\"><\/div><div class=\"uagb-columns__inner-wrap uagb-columns__columns-2\">\n<div class=\"wp-block-uagb-column uagb-column__wrap uagb-column__background-color uagb-block-709bb893\"><div class=\"uagb-column__overlay\"><\/div>\n<h2 class=\"wp-block-heading has-32-font-size\">Fonds d\u2019acc\u00e8s et de service universels<\/h2>\n\n\n\n<div style=\"height:20px\" aria-hidden=\"true\" class=\"wp-block-spacer\"><\/div>\n\n\n\n<p class=\"has-18-font-size\">La plupart des pays disposent d\u2019un fonds aliment\u00e9 par un pourcentage des b\u00e9n\u00e9fices r\u00e9alis\u00e9s par les grands op\u00e9rateurs de t\u00e9l\u00e9communications. Ce fonds peut \u00eatre utilis\u00e9 pour financer l\u2019acc\u00e8s universel \u00e0 Internet, mais il est souvent difficile d\u2019y acc\u00e9der. Il reste souvent inutilis\u00e9, ou est attribu\u00e9 \u00e0 d\u2019autres usages sans lien avec Internet.&nbsp;<br><\/p>\n\n\n\n<p class=\"has-18-font-size\">Des politiques doivent \u00eatre mises en place afin de permettre l\u2019investissement de ces fonds au profit des acteurs plus modestes et des initiatives locales. Cela peut inclure des aspects administratifs, comme la mise en place d\u2019un processus de demande de fonds standardis\u00e9, ou encore l\u2019ajout d\u2019exigences telles que l\u2019obligation de connecter une zone non desservie avec le m\u00eame niveau de qualit\u00e9 de service que celui offert dans une zone plus rentable.<\/p>\n\n\n\n<p class=\"has-18-font-size\"><img decoding=\"async\" style=\"width: 45px; vertical-align: middle;\" src=\"https:\/\/www.internetsociety.org\/wp-content\/uploads\/2024\/12\/Iconography-Innovation-Dark-RGB-1.png\" alt=\"lightbulb icon\"><strong><strong>Fonctionne le mieux lorsque<\/strong>:<\/strong> Ces fonds sont accessibles \u00e0 tous les types de solutions reconnues, y compris celles port\u00e9es par les communaut\u00e9s.<\/p>\n\n\n\n<p class=\"has-18-font-size\"><img decoding=\"async\" style=\"width: 45px; vertical-align: middle; margin-right: 10px;\" src=\"https:\/\/www.internetsociety.org\/wp-content\/uploads\/2025\/02\/Icon-National-Internet-Gateways-Dark.png\" alt=\"wifi behind the bars\"><strong><strong>Des obstacles peuvent surgir si<\/strong>:<\/strong> &nbsp;Si l\u2019acc\u00e8s \u00e0 ces fonds est r\u00e9serv\u00e9 aux grands op\u00e9rateurs, il devient beaucoup plus difficile pour les groupes ou les communaut\u00e9s locales de cr\u00e9er des r\u00e9seaux communautaires \u00e0 petite \u00e9chelle.<\/p>\n\n\n\n<div style=\"height:10px\" aria-hidden=\"true\" class=\"wp-block-spacer\"><\/div>\n\n\n\n<p class=\"has-18-font-size\"><strong><strong>En savoir plus<\/strong><\/strong><\/p>\n\n\n\n<ul class=\"wp-block-list has-18-font-size\">\n<li><a href=\"https:\/\/pulse.internetsociety.org\/blog\/modernizing-the-universal-service-fund-the-appropriate-path-forward\">Recommandations g\u00e9n\u00e9rales pour moderniser un Fonds de service universel<\/a><\/li>\n\n\n\n<li><a href=\"https:\/\/a4ai.org\/wp-content\/uploads\/2022\/01\/USAF-Report-English.pdf\">Comment les pays d\u2019Am\u00e9rique latine et des Cara\u00efbes utilisent les Fonds de service universel<\/a><\/li>\n<\/ul>\n<\/div>\n\n\n\n<div class=\"wp-block-uagb-column uagb-column__wrap uagb-column__background-color uagb-block-f344f435\"><div class=\"uagb-column__overlay\"><\/div><div class=\"wp-block-image\">\n<figure class=\"aligncenter size-full\"><img loading=\"lazy\" decoding=\"async\" width=\"1500\" height=\"1125\" src=\"https:\/\/www.internetsociety.org\/wp-content\/uploads\/2025\/02\/P1104593-1.jpg\" alt=\"\" class=\"wp-image-220282\" style=\"aspect-ratio:2\/3;object-fit:cover\" srcset=\"https:\/\/www.internetsociety.org\/wp-content\/uploads\/2025\/02\/P1104593-1.jpg 1500w, https:\/\/www.internetsociety.org\/wp-content\/uploads\/2025\/02\/P1104593-1-450x338.jpg 450w, https:\/\/www.internetsociety.org\/wp-content\/uploads\/2025\/02\/P1104593-1-1024x768.jpg 1024w, https:\/\/www.internetsociety.org\/wp-content\/uploads\/2025\/02\/P1104593-1-768x576.jpg 768w, https:\/\/www.internetsociety.org\/wp-content\/uploads\/2025\/02\/P1104593-1-250x188.jpg 250w\" sizes=\"auto, (max-width: 1500px) 100vw, 1500px\" \/><\/figure>\n<\/div><\/div>\n<\/div><\/section>\n\n\n\n<section class=\"wp-block-uagb-columns uagb-columns__wrap uagb-columns__background-color uagb-columns__stack-mobile uagb-columns__valign- uagb-columns__gap-10 align uagb-block-952da590 uagb-columns__columns-1 uagb-columns__max_width-theme uag-hide-desktop\"><div class=\"uagb-columns__overlay\"><\/div><div class=\"uagb-columns__inner-wrap uagb-columns__columns-1\">\n<div class=\"wp-block-uagb-column uagb-column__wrap uagb-column__background-color uagb-block-f77d880c\"><div class=\"uagb-column__overlay\"><\/div>\n<p class=\"has-text-align-center has-depth-green-color has-text-color has-link-color has-18-font-size wp-elements-a920fc410a0d3c0f45eaed6c018e478c\"><strong>Poursuivez votre lecture : <a href=\"https:\/\/www.internetsociety.org\/resources\/advancing-community-connectivity\/licensing\/\">Octroi de licences : vers des cadres r\u00e9glementaires adapt\u00e9s au XXIe si\u00e8cle et au-del\u00e0<\/a><\/strong><\/p>\n<\/div>\n<\/div><\/section>\n\n\n\n<p class=\"has-text-align-center has-neutral-white-color has-ground-navy-background-color has-text-color has-background has-12-font-size\">Droits d\u00e1uteur: <br>\u00a9 Jos\u00e9 Elizeche, \u00a9 Atul Loke, \u00a9 Nyani Quarmyne<\/p>\n","protected":false},"excerpt":{"rendered":"<p>D\u00e9couvrez les strat\u00e9gies de financement pour les r\u00e9seaux communautaires et les fournisseurs d\u2019acc\u00e8s Internet locaux. Apprenez \u00e0 concilier viabilit\u00e9 financi\u00e8re, inclusion r\u00e9glementaire et solutions de financement innovantes.<\/p>\n","protected":false},"author":46,"featured_media":220563,"parent":223916,"menu_order":0,"comment_status":"closed","ping_status":"closed","template":"page-wide.php","meta":{"_acf_changed":false,"_uag_custom_page_level_css":"","footnotes":""},"categories":[120],"tags":[],"region_news_regions":[6029],"content_category":[6105],"ppma_author":[4057],"class_list":["post-223177","page","type-page","status-publish","has-post-thumbnail","hentry","category-acces","region_news_regions-mondial","content_category-resources-type"],"acf":[],"uagb_featured_image_src":{"full":["https:\/\/www.internetsociety.org\/wp-content\/uploads\/2025\/02\/Medium-Community-Networks-Zenzelini-S.Africa-June-2018.jpg",400,661,false],"thumbnail":["https:\/\/www.internetsociety.org\/wp-content\/uploads\/2025\/02\/Medium-Community-Networks-Zenzelini-S.Africa-June-2018-150x150.jpg",150,150,true],"medium":["https:\/\/www.internetsociety.org\/wp-content\/uploads\/2025\/02\/Medium-Community-Networks-Zenzelini-S.Africa-June-2018-272x450.jpg",272,450,true],"medium_large":["https:\/\/www.internetsociety.org\/wp-content\/uploads\/2025\/02\/Medium-Community-Networks-Zenzelini-S.Africa-June-2018.jpg",400,661,false],"large":["https:\/\/www.internetsociety.org\/wp-content\/uploads\/2025\/02\/Medium-Community-Networks-Zenzelini-S.Africa-June-2018.jpg",400,661,false],"1536x1536":["https:\/\/www.internetsociety.org\/wp-content\/uploads\/2025\/02\/Medium-Community-Networks-Zenzelini-S.Africa-June-2018.jpg",400,661,false],"2048x2048":["https:\/\/www.internetsociety.org\/wp-content\/uploads\/2025\/02\/Medium-Community-Networks-Zenzelini-S.Africa-June-2018.jpg",400,661,false],"post-thumbnail":["https:\/\/www.internetsociety.org\/wp-content\/uploads\/2025\/02\/Medium-Community-Networks-Zenzelini-S.Africa-June-2018-250x413.jpg",250,413,true],"square":["https:\/\/www.internetsociety.org\/wp-content\/uploads\/2025\/02\/Medium-Community-Networks-Zenzelini-S.Africa-June-2018-400x600.jpg",400,600,true],"gform-image-choice-sm":["https:\/\/www.internetsociety.org\/wp-content\/uploads\/2025\/02\/Medium-Community-Networks-Zenzelini-S.Africa-June-2018.jpg",182,300,false],"gform-image-choice-md":["https:\/\/www.internetsociety.org\/wp-content\/uploads\/2025\/02\/Medium-Community-Networks-Zenzelini-S.Africa-June-2018.jpg",242,400,false],"gform-image-choice-lg":["https:\/\/www.internetsociety.org\/wp-content\/uploads\/2025\/02\/Medium-Community-Networks-Zenzelini-S.Africa-June-2018.jpg",363,600,false]},"uagb_author_info":{"display_name":"Ivana Trbovic","author_link":"https:\/\/www.internetsociety.org\/fr\/author\/trbovic\/"},"uagb_comment_info":0,"uagb_excerpt":"D\u00e9couvrez les strat\u00e9gies de financement pour les r\u00e9seaux communautaires et les fournisseurs d\u2019acc\u00e8s Internet locaux. Apprenez \u00e0 concilier viabilit\u00e9 financi\u00e8re, inclusion r\u00e9glementaire et solutions de financement innovantes.","_links":{"self":[{"href":"https:\/\/www.internetsociety.org\/fr\/wp-json\/wp\/v2\/pages\/223177","targetHints":{"allow":["GET"]}}],"collection":[{"href":"https:\/\/www.internetsociety.org\/fr\/wp-json\/wp\/v2\/pages"}],"about":[{"href":"https:\/\/www.internetsociety.org\/fr\/wp-json\/wp\/v2\/types\/page"}],"author":[{"embeddable":true,"href":"https:\/\/www.internetsociety.org\/fr\/wp-json\/wp\/v2\/users\/46"}],"replies":[{"embeddable":true,"href":"https:\/\/www.internetsociety.org\/fr\/wp-json\/wp\/v2\/comments?post=223177"}],"version-history":[{"count":0,"href":"https:\/\/www.internetsociety.org\/fr\/wp-json\/wp\/v2\/pages\/223177\/revisions"}],"up":[{"embeddable":true,"href":"https:\/\/www.internetsociety.org\/fr\/wp-json\/wp\/v2\/pages\/223916"}],"wp:featuredmedia":[{"embeddable":true,"href":"https:\/\/www.internetsociety.org\/fr\/wp-json\/wp\/v2\/media\/220563"}],"wp:attachment":[{"href":"https:\/\/www.internetsociety.org\/fr\/wp-json\/wp\/v2\/media?parent=223177"}],"wp:term":[{"taxonomy":"category","embeddable":true,"href":"https:\/\/www.internetsociety.org\/fr\/wp-json\/wp\/v2\/categories?post=223177"},{"taxonomy":"post_tag","embeddable":true,"href":"https:\/\/www.internetsociety.org\/fr\/wp-json\/wp\/v2\/tags?post=223177"},{"taxonomy":"region_news_regions","embeddable":true,"href":"https:\/\/www.internetsociety.org\/fr\/wp-json\/wp\/v2\/region_news_regions?post=223177"},{"taxonomy":"content_category","embeddable":true,"href":"https:\/\/www.internetsociety.org\/fr\/wp-json\/wp\/v2\/content_category?post=223177"},{"taxonomy":"author","embeddable":true,"href":"https:\/\/www.internetsociety.org\/fr\/wp-json\/wp\/v2\/ppma_author?post=223177"}],"curies":[{"name":"wp","href":"https:\/\/api.w.org\/{rel}","templated":true}]}}