{"id":222103,"date":"2025-04-04T15:24:01","date_gmt":"2025-04-04T15:24:01","guid":{"rendered":"https:\/\/www.internetsociety.org\/?page_id=222103"},"modified":"2025-09-19T17:39:50","modified_gmt":"2025-09-19T17:39:50","slug":"la-bourse-peering","status":"publish","type":"page","link":"https:\/\/www.internetsociety.org\/fr\/fellowships\/peering\/","title":{"rendered":"La Bourse Peering"},"content":{"rendered":"\n<div class=\"wp-block-cover\" style=\"min-height:600px;aspect-ratio:unset;\"><span aria-hidden=\"true\" class=\"wp-block-cover__background has-background-dim-0 has-background-dim\" style=\"background-color:#8b6a5e\"><\/span><img loading=\"lazy\" decoding=\"async\" width=\"2000\" height=\"1500\" class=\"wp-block-cover__image-background wp-image-222179\" alt=\"A group of people wearing black shirts pose excitedly for a photo\" src=\"https:\/\/www.internetsociety.org\/wp-content\/uploads\/2025\/04\/afpif-group.jpg\" style=\"object-position:50% 37%\" data-object-fit=\"cover\" data-object-position=\"50% 37%\" srcset=\"https:\/\/www.internetsociety.org\/wp-content\/uploads\/2025\/04\/afpif-group.jpg 2000w, https:\/\/www.internetsociety.org\/wp-content\/uploads\/2025\/04\/afpif-group-450x338.jpg 450w, https:\/\/www.internetsociety.org\/wp-content\/uploads\/2025\/04\/afpif-group-1024x768.jpg 1024w, https:\/\/www.internetsociety.org\/wp-content\/uploads\/2025\/04\/afpif-group-768x576.jpg 768w, https:\/\/www.internetsociety.org\/wp-content\/uploads\/2025\/04\/afpif-group-1536x1152.jpg 1536w, https:\/\/www.internetsociety.org\/wp-content\/uploads\/2025\/04\/afpif-group-250x188.jpg 250w\" sizes=\"auto, (max-width: 2000px) 100vw, 2000px\" \/><div class=\"wp-block-cover__inner-container is-layout-flow wp-block-cover-is-layout-flow\">\n<p class=\"has-text-align-center has-large-font-size\"><\/p>\n<\/div><\/div>\n\n\n\n<section class=\"wp-block-uagb-columns uagb-columns__wrap uagb-columns__background-color uagb-columns__stack-mobile uagb-columns__valign- uagb-columns__gap-10 align uagb-block-483db077 uagb-columns__columns-2 uagb-columns__max_width-theme\"><div class=\"uagb-columns__overlay\"><\/div><div class=\"uagb-columns__inner-wrap uagb-columns__columns-2\">\n<div class=\"wp-block-uagb-column uagb-column__wrap uagb-column__background-color uagb-block-a520f38e\"><div class=\"uagb-column__overlay\"><\/div>\n<h1 class=\"wp-block-heading has-accent-purple-color has-text-color uag-hide-desktop uag-hide-tab\">Bourse peering<\/h1>\n\n\n\n<div style=\"height:20px\" aria-hidden=\"true\" class=\"wp-block-spacer uag-hide-desktop uag-hide-tab\"><\/div>\n\n\n\n<section class=\"wp-block-uagb-columns uagb-columns__wrap uagb-columns__background-color uagb-columns__stack-mobile uagb-columns__valign- uagb-columns__gap-10 align uagb-block-d419938b uagb-columns__columns-1 uagb-columns__max_width-theme background-image-fallback-black\"><div class=\"uagb-columns__overlay\"><\/div><div class=\"uagb-columns__inner-wrap uagb-columns__columns-1\">\n<div class=\"wp-block-uagb-column uagb-column__wrap uagb-column__background-undefined uagb-block-595c3f5a\"><div class=\"uagb-column__overlay\"><\/div>\n<h2 class=\"wp-block-heading has-neutral-white-color has-text-color has-28-font-size\" id=\"at-a-glance\">En bref<\/h2>\n\n\n\n<div style=\"height:20px\" aria-hidden=\"true\" class=\"wp-block-spacer\"><\/div>\n\n\n\n\n\n\n<p class=\"has-neutral-white-color has-text-color has-link-color has-18-font-size wp-elements-3d9600bacb4bcafea2e5fa8bc7cf5685\">Statut actuel:<br>ferm\u00e9<\/p>\n\n\n\n\n<div class=\"wp-block-buttons is-content-justification-left is-layout-flex wp-container-core-buttons-is-layout-fdcfc74e wp-block-buttons-is-layout-flex\">\n<div class=\"wp-block-button is-style-fill\"><a class=\"wp-block-button__link has-accent-purple-color has-neutral-white-background-color has-text-color has-background wp-element-button\" href=\"https:\/\/www.internetsociety.org\/fellowships\/peering\/\"><strong>En savoir plus<\/strong><\/a><\/div>\n<\/div>\n<\/div>\n<\/div><\/section>\n<\/div>\n\n\n\n<div class=\"wp-block-uagb-column uagb-column__wrap uagb-column__background-undefined uagb-block-5c672ad5\"><div class=\"uagb-column__overlay\"><\/div>\n<h1 class=\"wp-block-heading has-accent-purple-color has-text-color uag-hide-mob\" id=\"early-career-fellowship\">Bourse peering<\/h1>\n\n\n\n<div style=\"height:20px\" aria-hidden=\"true\" class=\"wp-block-spacer uag-hide-mob\"><\/div>\n\n\n\n<h2 class=\"wp-block-heading has-accent-purple-color has-text-color has-48-font-size\" id=\"about-the-program\">\u00c0 propos de cette bourse<\/h2>\n\n\n\n<div style=\"height:20px\" aria-hidden=\"true\" class=\"wp-block-spacer\"><\/div>\n\n\n\n<p>Dans le monde actuel, o\u00f9 les d\u00e9fis s\u2019entrem\u00ealent, se rep\u00e9rer dans l\u2019univers complexe de l\u2019Internet n\u00e9cessite une compr\u00e9hension approfondie de la dynamique du peering et de l\u2019\u00e9change de trafic. La bourse Peering soutient les personnes qui rendent l\u2019acc\u00e8s \u00e0 Internet abordable, fiable et r\u00e9silient en am\u00e9liorant l\u2019infrastructure locale d\u2019interconnexion \u00e0 Internet et en plaidant en faveur d\u2019un environnement politique favorable \u00e0 un \u00e9cosyst\u00e8me Internet prosp\u00e8re.<\/p>\n\n\n\n<p>Ce programme engageant de six mois vise \u00e0 doter 15 professionnels du peering et de l\u2019interconnexion des comp\u00e9tences, des connaissances et des outils n\u00e9cessaires pour relever les d\u00e9fis de l\u2019interconnexion et du peering tout en maximisant les opportunit\u00e9s de faire \u00e9voluer Internet et de d\u00e9velopper la communaut\u00e9 lors des \u00e9v\u00e9nements de peering. Cette bourse est l\u2019un des moyens utilis\u00e9s par l\u2019Internet Society pour soutenir les efforts en faveur d\u2019un acc\u00e8s abordable et fiable.<\/p>\n\n\n\n<p>Attentes :<\/p>\n\n\n\n<ul class=\"wp-block-list\">\n<li><strong>Couverture du contenu virtuel :<\/strong>&nbsp;Participer \u00e0 des sessions en ligne et \u00e0 des forums de collaboration.<\/li>\n\n\n\n<li><strong>Assister \u00e0 un \u00e9v\u00e9nement d\u2019\u00e9change de trafic en personne :<\/strong>&nbsp;Jouer un r\u00f4le direct dans la communaut\u00e9 mondiale du peering.<\/li>\n\n\n\n<li><strong>Formation technique et de sensibilisation :<\/strong>&nbsp;Accro\u00eetre l\u2019expertise en mati\u00e8re de routage, d\u2019IXP et de politique d\u2019Internet.<\/li>\n\n\n\n<li><strong>Interactions avec des professionnels du secteur :<\/strong>&nbsp;Tisser des liens qui \u00e9largiront votre impact r\u00e9gional et mondial.<\/li>\n\n\n\n<li><strong>Avoir un impact local :<\/strong>&nbsp;R\u00e9aliser des travaux qui soutiennent les progr\u00e8s en mati\u00e8re de peering et d\u2019interconnexion dans votre pays ou votre r\u00e9gion.<\/li>\n<\/ul>\n\n\n\n<div style=\"height:20px\" aria-hidden=\"true\" class=\"wp-block-spacer\"><\/div>\n\n\n\n<h3 class=\"wp-block-heading has-accent-purple-color has-text-color\" id=\"about-the-program\">Pourquoi postuler<\/h3>\n\n\n\n<div style=\"height:20px\" aria-hidden=\"true\" class=\"wp-block-spacer\"><\/div>\n\n\n\n<p>Ce programme vous offre la possibilit\u00e9 de :<\/p>\n\n\n\n<ul class=\"wp-block-list\">\n<li>Rejoindre un r\u00e9seau de leaders de l\u2019Internet qui continuent \u00e0 d\u00e9velopper leurs aptitudes et leurs comp\u00e9tences, soutiennent activement la mission de l\u2019Internet Society et plaident en faveur d\u2019un Internet ouvert, mondialement connect\u00e9, s\u00e9curis\u00e9 et digne de confiance.<\/li>\n\n\n\n<li>Approfondir votre expertise en la mati\u00e8re gr\u00e2ce \u00e0 des formations dispens\u00e9es par des professionnels du peering exp\u00e9riment\u00e9s.<\/li>\n\n\n\n<li>B\u00e9n\u00e9ficier du partage des r\u00e9seaux, apprendre des approches des uns et des autres, travailler ensemble et forger des relations qui am\u00e9lioreront de mani\u00e8re significative les efforts de peering et d\u2019interconnexion dans votre communaut\u00e9, votre pays et votre r\u00e9gion au cours d\u2019\u00e9v\u00e9nements de peering efficaces.<\/li>\n\n\n\n<li>Rendre l\u2019acc\u00e8s \u00e0 Internet abordable, fiable et r\u00e9silient en am\u00e9liorant l\u2019infrastructure locale d\u2019interconnexion \u00e0 Internet et en plaidant en faveur d\u2019un environnement politique favorable \u00e0 un \u00e9cosyst\u00e8me Internet prosp\u00e8re.<\/li>\n<\/ul>\n\n\n\n<div style=\"height:20px\" aria-hidden=\"true\" class=\"wp-block-spacer\"><\/div>\n\n\n\n<h2 class=\"wp-block-heading has-accent-purple-color has-text-color has-26-font-size\"><span style=\"line-height: 1.4\"><span class=\"tadv-color\" style=\"color:#7e245c\">Si vous r\u00e9pondez \u00e0 ces crit\u00e8res, veuillez vous rendre sur la <a href=\"https:\/\/www.internetsociety.org\/fellowships\/peering\/\"><span style=\"text-decoration: underline;\">page Web en anglais<\/span><\/a><\/span><\/span>.<\/h2>\n<\/div>\n<\/div><\/section>\n\n\n\n<p class=\"has-text-align-center has-neutral-white-color has-ground-navy-background-color has-text-color has-background has-link-color has-12-font-size wp-elements-c714c91d47c28f9001a418bdd13a9dc4\">Cr\u00e9dit d&rsquo;image: \u00a9 Victor Ndonnang<\/p>\n","protected":false},"excerpt":{"rendered":"<p>La bourse Peering soutient les personnes qui rendent l\u2019acc\u00e8s \u00e0 Internet abordable, fiable et r\u00e9silient.<\/p>\n","protected":false},"author":1844,"featured_media":222179,"parent":224071,"menu_order":0,"comment_status":"closed","ping_status":"closed","template":"page-wide.php","meta":{"_acf_changed":false,"_uag_custom_page_level_css":"","footnotes":""},"categories":[5695,5674,118],"tags":[6193,6157],"region_news_regions":[6029],"content_category":[],"ppma_author":[5969],"class_list":["post-222103","page","type-page","status-publish","has-post-thumbnail","hentry","category-communaute","category-faconner-le-futur-de-linternet","category-qui-sommes-nous","tag-anciens-eleves","tag-bourses","region_news_regions-mondial"],"acf":[],"uagb_featured_image_src":{"full":["https:\/\/www.internetsociety.org\/wp-content\/uploads\/2025\/04\/afpif-group.jpg",2000,1500,false],"thumbnail":["https:\/\/www.internetsociety.org\/wp-content\/uploads\/2025\/04\/afpif-group-150x150.jpg",150,150,true],"medium":["https:\/\/www.internetsociety.org\/wp-content\/uploads\/2025\/04\/afpif-group-450x338.jpg",450,338,true],"medium_large":["https:\/\/www.internetsociety.org\/wp-content\/uploads\/2025\/04\/afpif-group-768x576.jpg",768,576,true],"large":["https:\/\/www.internetsociety.org\/wp-content\/uploads\/2025\/04\/afpif-group-1024x768.jpg",1024,768,true],"1536x1536":["https:\/\/www.internetsociety.org\/wp-content\/uploads\/2025\/04\/afpif-group-1536x1152.jpg",1536,1152,true],"2048x2048":["https:\/\/www.internetsociety.org\/wp-content\/uploads\/2025\/04\/afpif-group.jpg",2000,1500,false],"post-thumbnail":["https:\/\/www.internetsociety.org\/wp-content\/uploads\/2025\/04\/afpif-group-250x188.jpg",250,188,true],"square":["https:\/\/www.internetsociety.org\/wp-content\/uploads\/2025\/04\/afpif-group-600x600.jpg",600,600,true],"gform-image-choice-sm":["https:\/\/www.internetsociety.org\/wp-content\/uploads\/2025\/04\/afpif-group.jpg",300,225,false],"gform-image-choice-md":["https:\/\/www.internetsociety.org\/wp-content\/uploads\/2025\/04\/afpif-group.jpg",400,300,false],"gform-image-choice-lg":["https:\/\/www.internetsociety.org\/wp-content\/uploads\/2025\/04\/afpif-group.jpg",600,450,false]},"uagb_author_info":{"display_name":"Celia Richardson","author_link":"https:\/\/www.internetsociety.org\/fr\/author\/richardson\/"},"uagb_comment_info":0,"uagb_excerpt":"La bourse Peering soutient les personnes qui rendent l\u2019acc\u00e8s \u00e0 Internet abordable, fiable et r\u00e9silient.","_links":{"self":[{"href":"https:\/\/www.internetsociety.org\/fr\/wp-json\/wp\/v2\/pages\/222103","targetHints":{"allow":["GET"]}}],"collection":[{"href":"https:\/\/www.internetsociety.org\/fr\/wp-json\/wp\/v2\/pages"}],"about":[{"href":"https:\/\/www.internetsociety.org\/fr\/wp-json\/wp\/v2\/types\/page"}],"author":[{"embeddable":true,"href":"https:\/\/www.internetsociety.org\/fr\/wp-json\/wp\/v2\/users\/1844"}],"replies":[{"embeddable":true,"href":"https:\/\/www.internetsociety.org\/fr\/wp-json\/wp\/v2\/comments?post=222103"}],"version-history":[{"count":0,"href":"https:\/\/www.internetsociety.org\/fr\/wp-json\/wp\/v2\/pages\/222103\/revisions"}],"up":[{"embeddable":true,"href":"https:\/\/www.internetsociety.org\/fr\/wp-json\/wp\/v2\/pages\/224071"}],"wp:featuredmedia":[{"embeddable":true,"href":"https:\/\/www.internetsociety.org\/fr\/wp-json\/wp\/v2\/media\/222179"}],"wp:attachment":[{"href":"https:\/\/www.internetsociety.org\/fr\/wp-json\/wp\/v2\/media?parent=222103"}],"wp:term":[{"taxonomy":"category","embeddable":true,"href":"https:\/\/www.internetsociety.org\/fr\/wp-json\/wp\/v2\/categories?post=222103"},{"taxonomy":"post_tag","embeddable":true,"href":"https:\/\/www.internetsociety.org\/fr\/wp-json\/wp\/v2\/tags?post=222103"},{"taxonomy":"region_news_regions","embeddable":true,"href":"https:\/\/www.internetsociety.org\/fr\/wp-json\/wp\/v2\/region_news_regions?post=222103"},{"taxonomy":"content_category","embeddable":true,"href":"https:\/\/www.internetsociety.org\/fr\/wp-json\/wp\/v2\/content_category?post=222103"},{"taxonomy":"author","embeddable":true,"href":"https:\/\/www.internetsociety.org\/fr\/wp-json\/wp\/v2\/ppma_author?post=222103"}],"curies":[{"name":"wp","href":"https:\/\/api.w.org\/{rel}","templated":true}]}}