{"id":221350,"date":"2025-02-19T21:48:19","date_gmt":"2025-02-19T21:48:19","guid":{"rendered":"https:\/\/www.internetsociety.org\/?page_id=221350"},"modified":"2026-04-14T10:34:32","modified_gmt":"2026-04-14T10:34:32","slug":"bourse-communautaire","status":"publish","type":"page","link":"https:\/\/www.internetsociety.org\/fr\/fellowships\/community\/","title":{"rendered":"Bourse communautaire\u00a0"},"content":{"rendered":"\n<div class=\"wp-block-cover\" style=\"min-height:800px;aspect-ratio:unset;\"><img decoding=\"async\" class=\"wp-block-cover__image-background wp-image-229444 size-full\" alt=\"A group of people smile and throw up peace signs and thumbs up.\" src=\"https:\/\/www.internetsociety.org\/wp-content\/uploads\/2025\/08\/Fellows-1.jpg\" data-object-fit=\"cover\"\/><span aria-hidden=\"true\" class=\"wp-block-cover__background has-background-dim-0 has-background-dim\" style=\"background-color:#7b6a69\"><\/span><div class=\"wp-block-cover__inner-container is-layout-flow wp-block-cover-is-layout-flow\">\n<p class=\"has-text-align-center has-large-font-size\"><\/p>\n<\/div><\/div>\n\n\n\n<section class=\"wp-block-uagb-columns uagb-columns__wrap uagb-columns__background-color uagb-columns__stack-mobile uagb-columns__valign- uagb-columns__gap-10 align uagb-block-483db077 uagb-columns__columns-2 uagb-columns__max_width-theme\"><div class=\"uagb-columns__overlay\"><\/div><div class=\"uagb-columns__inner-wrap uagb-columns__columns-2\">\n<div class=\"wp-block-uagb-column uagb-column__wrap uagb-column__background-color uagb-block-a520f38e\"><div class=\"uagb-column__overlay\"><\/div>\n<h1 class=\"wp-block-heading has-accent-purple-color has-text-color uag-hide-desktop uag-hide-tab\">Bourse communautaire&nbsp;<\/h1>\n\n\n\n<div style=\"height:20px\" aria-hidden=\"true\" class=\"wp-block-spacer uag-hide-desktop uag-hide-tab\"><\/div>\n\n\n\n<section class=\"wp-block-uagb-columns uagb-columns__wrap uagb-columns__background-color uagb-columns__stack-mobile uagb-columns__valign- uagb-columns__gap-10 align uagb-block-d419938b uagb-columns__columns-1 uagb-columns__max_width-theme background-image-fallback-black\"><div class=\"uagb-columns__overlay\"><\/div><div class=\"uagb-columns__inner-wrap uagb-columns__columns-1\">\n<div class=\"wp-block-uagb-column uagb-column__wrap uagb-column__background-undefined uagb-block-595c3f5a\"><div class=\"uagb-column__overlay\"><\/div>\n<h2 class=\"wp-block-heading has-neutral-white-color has-text-color has-28-font-size\" id=\"at-a-glance\">En bref<\/h2>\n\n\n\n<div style=\"height:20px\" aria-hidden=\"true\" class=\"wp-block-spacer\"><\/div>\n\n\n\n<p class=\"has-neutral-white-color has-text-color has-18-font-size\">Statut actuel:<br>ouvert<\/p>\n\n\n\n<p class=\"has-neutral-white-color has-text-color has-18-font-size\"><\/p>\n\n\n\n<div class=\"wp-block-buttons is-content-justification-left is-layout-flex wp-container-core-buttons-is-layout-fdcfc74e wp-block-buttons-is-layout-flex\">\n<div class=\"wp-block-button is-style-fill\"><a class=\"wp-block-button__link has-accent-purple-color has-neutral-white-background-color has-text-color has-background wp-element-button\" href=\"https:\/\/www.internetsociety.org\/fr\/community\/\"><strong>En savoir plus<\/strong><\/a><\/div>\n<\/div>\n\n\n\n<p class=\"has-neutral-white-color has-text-color has-18-font-size\"><\/p>\n<\/div>\n<\/div><\/section>\n<\/div>\n\n\n\n<div class=\"wp-block-uagb-column uagb-column__wrap uagb-column__background-undefined uagb-block-5c672ad5\"><div class=\"uagb-column__overlay\"><\/div>\n<h1 class=\"wp-block-heading has-accent-purple-color has-text-color uag-hide-mob\" id=\"early-career-fellowship\">Bourse communautaire&nbsp;<\/h1>\n\n\n\n<div style=\"height:20px\" aria-hidden=\"true\" class=\"wp-block-spacer uag-hide-mob\"><\/div>\n\n\n\n<p>La Bourse communautaire a pour objectif d\u2019aider notre communaut\u00e9 en lui apportant des connaissances en plaidoyer et des comp\u00e9tences pratiques pour construire et d\u00e9fendre un Internet fiable, abordable, s\u00e9curis\u00e9 et digne de confiance pour tout le monde.<\/p>\n\n\n\n<p>Les candidat(e)s retenu(e)s pour cette bourse suivront six mois d\u2019apprentissage en ligne et participeront \u00e0 une rencontre en pr\u00e9sentiel, aboutissant \u00e0 l\u2019\u00e9laboration d\u2019un plan de plaidoyer adapt\u00e9 aux probl\u00e9matiques Internet de leur pays, r\u00e9gion ou domaine d\u2019expertise.<\/p>\n\n\n\n<p>Tous les candidats et candidates doivent r\u00e9pondre aux crit\u00e8res suivants :<\/p>\n\n\n\n<ul class=\"wp-block-list\">\n<li>\u00catre un leader ou membre d\u2019un&nbsp;<a href=\"https:\/\/www.internetsociety.org\/fr\/chapters\/\"><strong>chapitre<\/strong><\/a>, d\u2019un&nbsp;<a href=\"https:\/\/www.internetsociety.org\/sigs\/\"><strong>groupe d\u2019int\u00e9r\u00eat sp\u00e9cial<\/strong><\/a>, d\u2019un&nbsp;<a href=\"https:\/\/www.internetsociety.org\/sigs\/\"><strong>groupe permanent<\/strong><\/a>&nbsp;ou <a href=\"https:\/\/www.internetsociety.org\/fr\/about-internet-society\/organization-members\/\"><strong>repr\u00e9senter une organisation<\/strong><\/a>.<\/li>\n\n\n\n<li>\u00catre disponible pour suivre une formation en ligne et participer \u00e0 un atelier en pr\u00e9sentiel.<\/li>\n\n\n\n<li>Avoir une bonne ma\u00eetrise de l\u2019anglais \u00e9crit et oral.<\/li>\n\n\n\n<li>Avoir un passeport valide (jusqu\u2019en avril 2026) et \u00eatre en mesure de voyager.<\/li>\n\n\n\n<li>Avoir un acc\u00e8s continu \u00e0 Internet.<\/li>\n\n\n\n<li>\u00catre en mesure de consacrer environ 2 heures par semaine pendant toute la dur\u00e9e du programme.<\/li>\n\n\n\n<li>Assister \u00e0 toutes les sessions obligatoires, qui auront lieu entre 13h00 et 17h00 UTC.<\/li>\n\n\n\n<li>R\u00e9aliser toutes les t\u00e2ches requises au cours du programme.<\/li>\n\n\n\n<li>Participer \u00e0 l\u2019atelier en pr\u00e9sentiel (voyage n\u00e9cessaire).<\/li>\n\n\n\n<li>S\u2019int\u00e9resser au plaidoyer.<\/li>\n<\/ul>\n\n\n\n<div style=\"height:20px\" aria-hidden=\"true\" class=\"wp-block-spacer\"><\/div>\n\n\n\n<h2 class=\"wp-block-heading has-accent-purple-color has-text-color has-link-color has-26-font-size wp-elements-a816215df05be7767784fdfb9175f72a\">Si vous r\u00e9pondez \u00e0 ces crit\u00e8res, <span style=\"text-decoration: underline;\"><a href=\"https:\/\/www.internetsociety.org\/fr\/community\/\">consultez notre page en anglais pour en savoir plus<\/a>.<\/span><\/h2>\n<\/div>\n<\/div><\/section>\n","protected":false},"excerpt":{"rendered":"<p>Bourse communautaire&nbsp; En bref Statut actuel:ouvert Bourse communautaire&nbsp; La Bourse communautaire a pour objectif d\u2019aider notre communaut\u00e9 en lui apportant des connaissances en plaidoyer et des comp\u00e9tences pratiques pour construire et d\u00e9fendre un Internet fiable, abordable, s\u00e9curis\u00e9 et digne de confiance pour tout le monde. Les candidat(e)s retenu(e)s pour cette bourse suivront six mois d\u2019apprentissage [&hellip;]<\/p>\n","protected":false},"author":48,"featured_media":0,"parent":224071,"menu_order":0,"comment_status":"closed","ping_status":"closed","template":"page-wide.php","meta":{"_acf_changed":false,"_uag_custom_page_level_css":"","footnotes":""},"categories":[5695,118],"tags":[6193,6157],"region_news_regions":[6029],"content_category":[],"ppma_author":[4039],"class_list":["post-221350","page","type-page","status-publish","hentry","category-communaute","category-qui-sommes-nous","tag-anciens-eleves","tag-bourses","region_news_regions-mondial"],"acf":[],"uagb_featured_image_src":{"full":false,"thumbnail":false,"medium":false,"medium_large":false,"large":false,"1536x1536":false,"2048x2048":false,"post-thumbnail":false,"square":false,"gform-image-choice-sm":false,"gform-image-choice-md":false,"gform-image-choice-lg":false},"uagb_author_info":{"display_name":"Henri Wohlfarth","author_link":"https:\/\/www.internetsociety.org\/fr\/author\/wohlfarth\/"},"uagb_comment_info":0,"uagb_excerpt":"Bourse communautaire&nbsp; En bref Statut actuel:ouvert Bourse communautaire&nbsp; La Bourse communautaire a pour objectif d\u2019aider notre communaut\u00e9 en lui apportant des connaissances en plaidoyer et des comp\u00e9tences pratiques pour construire et d\u00e9fendre un Internet fiable, abordable, s\u00e9curis\u00e9 et digne de confiance pour tout le monde. Les candidat(e)s retenu(e)s pour cette bourse suivront six mois d\u2019apprentissage\u2026","_links":{"self":[{"href":"https:\/\/www.internetsociety.org\/fr\/wp-json\/wp\/v2\/pages\/221350","targetHints":{"allow":["GET"]}}],"collection":[{"href":"https:\/\/www.internetsociety.org\/fr\/wp-json\/wp\/v2\/pages"}],"about":[{"href":"https:\/\/www.internetsociety.org\/fr\/wp-json\/wp\/v2\/types\/page"}],"author":[{"embeddable":true,"href":"https:\/\/www.internetsociety.org\/fr\/wp-json\/wp\/v2\/users\/48"}],"replies":[{"embeddable":true,"href":"https:\/\/www.internetsociety.org\/fr\/wp-json\/wp\/v2\/comments?post=221350"}],"version-history":[{"count":0,"href":"https:\/\/www.internetsociety.org\/fr\/wp-json\/wp\/v2\/pages\/221350\/revisions"}],"up":[{"embeddable":true,"href":"https:\/\/www.internetsociety.org\/fr\/wp-json\/wp\/v2\/pages\/224071"}],"wp:attachment":[{"href":"https:\/\/www.internetsociety.org\/fr\/wp-json\/wp\/v2\/media?parent=221350"}],"wp:term":[{"taxonomy":"category","embeddable":true,"href":"https:\/\/www.internetsociety.org\/fr\/wp-json\/wp\/v2\/categories?post=221350"},{"taxonomy":"post_tag","embeddable":true,"href":"https:\/\/www.internetsociety.org\/fr\/wp-json\/wp\/v2\/tags?post=221350"},{"taxonomy":"region_news_regions","embeddable":true,"href":"https:\/\/www.internetsociety.org\/fr\/wp-json\/wp\/v2\/region_news_regions?post=221350"},{"taxonomy":"content_category","embeddable":true,"href":"https:\/\/www.internetsociety.org\/fr\/wp-json\/wp\/v2\/content_category?post=221350"},{"taxonomy":"author","embeddable":true,"href":"https:\/\/www.internetsociety.org\/fr\/wp-json\/wp\/v2\/ppma_author?post=221350"}],"curies":[{"name":"wp","href":"https:\/\/api.w.org\/{rel}","templated":true}]}}