{"id":221137,"date":"2022-10-12T09:45:56","date_gmt":"2022-10-12T09:45:56","guid":{"rendered":"https:\/\/www.internetsociety.org\/programme-amicus\/"},"modified":"2025-03-19T12:46:03","modified_gmt":"2025-03-19T12:46:03","slug":"programme-amicus","status":"publish","type":"page","link":"https:\/\/www.internetsociety.org\/fr\/amicus-program\/","title":{"rendered":"Programme Amicus"},"content":{"rendered":"\n<section class=\"wp-block-uagb-columns uagb-columns__wrap uagb-columns__background-image uagb-columns__stack-mobile uagb-columns__valign- uagb-columns__gap-10 align uagb-block-d6a40f3e uagb-columns__columns-1 uagb-columns__max_width-theme background-image-fallback-black uag-hide-tab uag-hide-mob\"><div class=\"uagb-columns__overlay\"><\/div><div class=\"uagb-columns__inner-wrap uagb-columns__columns-1\">\n<div class=\"wp-block-uagb-column uagb-column__wrap uagb-column__background-undefined uagb-block-87a6a79b\"><div class=\"uagb-column__overlay\"><\/div>\n<h1 class=\"wp-block-heading has-neutral-white-color has-text-color\">Influencer <br\/>le droit de l&rsquo;Internet<\/h1>\n<\/div>\n<\/div><\/section>\n\n<div class=\"wp-block-columns is-layout-flex wp-container-core-columns-is-layout-9d6595d7 wp-block-columns-is-layout-flex\">\n<div class=\"wp-block-column is-layout-flow wp-block-column-is-layout-flow\" style=\"flex-basis:10%\"><\/div>\n\n\n\n<div class=\"wp-block-column is-layout-flow wp-block-column-is-layout-flow\" style=\"flex-basis:80%\">\n<div style=\"height:30px\" aria-hidden=\"true\" class=\"wp-block-spacer uag-hide-desktop\"><\/div>\n\n\n\n<h1 class=\"wp-block-heading uag-hide-desktop\">Influencer le droit de l&rsquo;Internet<\/h1>\n\n\n\n<div style=\"height:30px\" aria-hidden=\"true\" class=\"wp-block-spacer uag-hide-desktop\"><\/div>\n\n\n\n<figure class=\"wp-block-image size-full uag-hide-desktop\"><img loading=\"lazy\" decoding=\"async\" width=\"1498\" height=\"617\" src=\"https:\/\/www.internetsociety.org\/wp-content\/uploads\/2022\/08\/people-talk-e1661869350107.jpg\" alt=\"Des gens discutent en se montrant des notes\" class=\"wp-image-177059\" srcset=\"https:\/\/www.internetsociety.org\/wp-content\/uploads\/2022\/08\/people-talk-e1661869350107.jpg 1498w, https:\/\/www.internetsociety.org\/wp-content\/uploads\/2022\/08\/people-talk-e1661869350107-450x185.jpg 450w, https:\/\/www.internetsociety.org\/wp-content\/uploads\/2022\/08\/people-talk-e1661869350107-1024x422.jpg 1024w, https:\/\/www.internetsociety.org\/wp-content\/uploads\/2022\/08\/people-talk-e1661869350107-768x316.jpg 768w, https:\/\/www.internetsociety.org\/wp-content\/uploads\/2022\/08\/people-talk-e1661869350107-250x103.jpg 250w\" sizes=\"auto, (max-width: 1498px) 100vw, 1498px\" \/><\/figure>\n\n\n\n<div style=\"height:40px\" aria-hidden=\"true\" class=\"wp-block-spacer uag-hide-mob\"><\/div>\n\n\n\n<div style=\"height:30px\" aria-hidden=\"true\" class=\"wp-block-spacer uag-hide-desktop\"><\/div>\n\n\n\n<h2 class=\"wp-block-heading has-accent-purple-color has-text-color has-48-font-size\">Notre programme Amicus permet \u00e0 Internet de se faire entendre devant les tribunaux.<\/h2>\n\n\n\n<div style=\"height:30px\" aria-hidden=\"true\" class=\"wp-block-spacer\"><\/div>\n\n\n\n<p class=\"has-18-font-size\">Nous croyons en un monde o\u00f9 Internet est synonyme d&rsquo;opportunit\u00e9s. Nous nous soucions de son avenir. <\/p>\n\n\n\n<p class=\"has-18-font-size\">Les tribunaux se prononcent fr\u00e9quemment sur des questions juridiques et interpr\u00e8tent des lois et des r\u00e8glements qui ont une incidence sur le fonctionnement de l&rsquo;Internet. Il arrive souvent que les tribunaux soient confront\u00e9s \u00e0 des questions concernant l&rsquo;application des lois face \u00e0 l&rsquo;\u00e9volution rapide de la technologie de l&rsquo;Internet. Le programme Amicus de l&rsquo;Internet Society permet de partager notre vision des choses avec les tribunaux afin de s&rsquo;assurer que les lois adopt\u00e9es soutiennent l&rsquo;Internet ouvert, mondialement connect\u00e9, s\u00e9curis\u00e9 et digne de confiance.<\/p>\n\n\n\n<p class=\"has-18-font-size\">Gr\u00e2ce au programme Amicus, l&rsquo;Internet Society partage son expertise technique et politique en vue d&rsquo;aider les tribunaux \u00e0 comprendre l&rsquo;impact de leurs d\u00e9cisions juridiques sur l&rsquo;Internet, et notamment la mani\u00e8re dont les d\u00e9cisions favoriseront ou entraveront l&rsquo;ouverture, la connectivit\u00e9 et la s\u00e9curit\u00e9 sur l&rsquo;Internet. Gr\u00e2ce \u00e0 ses efforts, l&rsquo;Internet Society fait entendre un point de vue cr\u00e9dible sur des dossiers essentiels au fonctionnement de l&rsquo;Internet.<\/p>\n\n\n\n<div style=\"height:10px\" aria-hidden=\"true\" class=\"wp-block-spacer\"><\/div>\n\n\n\n<h3 class=\"wp-block-heading has-green-color has-text-color has-32-font-size\">De quelle mani\u00e8re nous est-il possible d&rsquo;influencer la l\u00e9gislation relative \u00e0 Internet ?<\/h3>\n\n\n\n<div style=\"height:20px\" aria-hidden=\"true\" class=\"wp-block-spacer\"><\/div>\n\n\n\n<p class=\"has-18-font-size\">Un m\u00e9moire d&rsquo;amicus curiae est une soumission \u00e9crite \u00e0 un tribunal dans laquelle une personne ou une entreprise ext\u00e9rieure \u00e0 la proc\u00e9dure pr\u00e9sente des informations et des observations pertinentes en vue d&rsquo;aider le tribunal \u00e0 statuer sur la question soulev\u00e9e dans l&rsquo;affaire.<\/p>\n\n\n\n<div style=\"height:10px\" aria-hidden=\"true\" class=\"wp-block-spacer\"><\/div>\n\n\n\n<h3 class=\"wp-block-heading has-green-color has-text-color has-32-font-size\">De quelle mani\u00e8re pouvons-nous intervenir en tant qu&rsquo;amicus curiae ?<\/h3>\n\n\n\n<div style=\"height:20px\" aria-hidden=\"true\" class=\"wp-block-spacer\"><\/div>\n\n\n\n<p class=\"has-18-font-size\">Les amici curiae jouant un r\u00f4le essentiel dans les litiges aux \u00c9tats-Unis o\u00f9 ils sont express\u00e9ment autoris\u00e9s par l&rsquo;ordre judiciaire, l&rsquo;Internet Society a jusqu&rsquo;\u00e0 pr\u00e9sent d\u00e9pos\u00e9 des m\u00e9moires d&rsquo;amicus curiae aupr\u00e8s des tribunaux am\u00e9ricains. Cependant, l&rsquo;Internet Society \u00e9tant une organisation mondiale, elle envisage la possibilit\u00e9 de d\u00e9poser des m\u00e9moires d&rsquo;amicus curiae ou des documents \u00e9quivalents dans d&rsquo;autres juridictions, dans la mesure o\u00f9 celles-ci autorisent de tels d\u00e9p\u00f4ts.<\/p>\n<\/div>\n\n\n\n<div class=\"wp-block-column is-layout-flow wp-block-column-is-layout-flow\" style=\"flex-basis:10%\"><\/div>\n<\/div>\n\n<div style=\"height:30px\" aria-hidden=\"true\" class=\"wp-block-spacer uag-hide-mob\"><\/div>\n\n<div class=\"wp-block-columns margin-bottom-0 has-neutral-white-background-color has-background is-layout-flex wp-container-core-columns-is-layout-9d6595d7 wp-block-columns-is-layout-flex\">\n<div class=\"wp-block-column is-layout-flow wp-block-column-is-layout-flow\" style=\"flex-basis:5.5%\"><\/div>\n\n\n\n<div class=\"wp-block-column is-layout-flow wp-block-column-is-layout-flow\" style=\"flex-basis:84%\">\n<div style=\"height:40px\" aria-hidden=\"true\" class=\"wp-block-spacer uag-hide-mob\"><\/div>\n\n\n\n<div class=\"wp-block-media-text alignwide has-media-on-the-right is-stacked-on-mobile is-vertically-aligned-top is-image-fill\" style=\"grid-template-columns:auto 30%\"><div class=\"wp-block-media-text__content\">\n<div class=\"wp-block-uagb-info-box uagb-block-857ebf06 uagb-infobox__content-wrap  uagb-infobox-icon-above-title uagb-infobox-image-valign-top\"><div class=\"uagb-ifb-content\"><div class=\"uagb-ifb-title-wrap\"><h3 class=\"uagb-ifb-title\">Domaines d&rsquo;int\u00e9r\u00eat<\/h3><\/div><p class=\"uagb-ifb-desc\">Parmi nos domaines d&rsquo;int\u00e9r\u00eats, citons :<br\/><br\/><strong>Responsabilit\u00e9 des interm\u00e9diaires<\/strong><br\/>Section 230 de la loi sur la d\u00e9cence dans les communications.<br\/><br\/><strong>La s\u00e9curit\u00e9 du routage<br\/><\/strong>Le routage du flux de donn\u00e9es, notamment le protocole BGP (Border Gateway Protocol), et les efforts continus pour s\u00e9curiser le routage.<br\/><br\/><strong>Les politiques d&rsquo;acc\u00e8s \u00e0 Internet<br\/><\/strong>Les lois qui encouragent ou d\u00e9couragent les efforts d\u00e9ploy\u00e9s pour atteindre les communaut\u00e9s mal desservies.<br\/><br\/><strong>Le splinternet\/U.S. Clean Network<br\/><\/strong>Les lois qui restreignent la capacit\u00e9 d&rsquo;un r\u00e9seau \u00e0 s&rsquo;interconnecter et limitent l&rsquo;acc\u00e8s direct \u00e0 l&rsquo;information ou \u00e0 la connectivit\u00e9.<br\/><br\/><strong>Le cryptage<\/strong><br\/>Les lois ou autres efforts gouvernementaux susceptibles de restreindre la capacit\u00e9 des personnes ou des entreprises \u00e0 proposer des produits assurant le cryptage des donn\u00e9es, en particulier les communications chiffr\u00e9es de bout en bout.<br\/><br\/><strong>Autre<\/strong><br\/>D&rsquo;autres lois ou r\u00e9glementations qui imposent une responsabilit\u00e9 aux participants \u00e0 Internet de mani\u00e8re \u00e0 promouvoir ou \u00e0 entraver un Internet ouvert, connect\u00e9 \u00e0 l&rsquo;\u00e9chelle mondiale, s\u00e9curis\u00e9 et fiable.<br\/><br\/>Si vous souhaitez en savoir plus ou b\u00e9n\u00e9ficier du soutien de notre programme Amicus, n&rsquo;h\u00e9sitez pas \u00e0 <a href=\"mailto:amicus@isoc.org\">nous contacter<\/a>.<\/p><\/div><\/div>\n<\/div><figure class=\"wp-block-media-text__media\" style=\"background-image:url(https:\/\/www.internetsociety.org\/wp-content\/uploads\/2024\/02\/girl-at-school.jpg);background-position:51% 35%\"><img loading=\"lazy\" decoding=\"async\" width=\"667\" height=\"1000\" src=\"https:\/\/www.internetsociety.org\/wp-content\/uploads\/2024\/02\/girl-at-school.jpg\" alt=\"Une jeune fille aux dreadlocks assise \u00e0 une table, l&#039;air concentr\u00e9e\" class=\"wp-image-207523 size-large\" srcset=\"https:\/\/www.internetsociety.org\/wp-content\/uploads\/2024\/02\/girl-at-school.jpg 667w, https:\/\/www.internetsociety.org\/wp-content\/uploads\/2024\/02\/girl-at-school-300x450.jpg 300w, https:\/\/www.internetsociety.org\/wp-content\/uploads\/2024\/02\/girl-at-school-250x375.jpg 250w\" sizes=\"auto, (max-width: 667px) 100vw, 667px\" \/><\/figure><\/div>\n\n\n\n<div style=\"height:40px\" aria-hidden=\"true\" class=\"wp-block-spacer uag-hide-mob\"><\/div>\n<\/div>\n\n\n\n<div class=\"wp-block-column is-layout-flow wp-block-column-is-layout-flow\" style=\"flex-basis:10%\"><\/div>\n<\/div>\n\n<div class=\"wp-block-columns is-layout-flex wp-container-core-columns-is-layout-9d6595d7 wp-block-columns-is-layout-flex\">\n<div class=\"wp-block-column is-layout-flow wp-block-column-is-layout-flow\" style=\"flex-basis:10%\"><\/div>\n\n\n\n<div class=\"wp-block-column is-layout-flow wp-block-column-is-layout-flow\" style=\"flex-basis:80%\">\n<div style=\"height:40px\" aria-hidden=\"true\" class=\"wp-block-spacer uag-hide-mob\"><\/div>\n\n\n\n<h4 class=\"wp-block-heading has-green-color has-text-color\">M\u00e9moires d&rsquo;amicus curiae pr\u00e9sent\u00e9s<\/h4>\n\n\n\n<section class=\"wp-block-uagb-columns uagb-columns__wrap uagb-columns__background-none uagb-columns__stack-tablet uagb-columns__valign- uagb-columns__gap-10 align uagb-block-2d74f363 uagb-columns__columns-3 uagb-columns__max_width-theme\"><div class=\"uagb-columns__overlay\"><\/div><div class=\"uagb-columns__inner-wrap uagb-columns__columns-3\">\n<div class=\"wp-block-uagb-column uagb-column__wrap uagb-column__background-color uagb-block-e6dea899\"><div class=\"uagb-column__overlay\"><\/div>\n<p class=\"has-18-font-size\">Le 23 septembre 2024, l&rsquo;Internet Society <a href=\"https:\/\/www.internetsociety.org\/blog\/2024\/09\/texas-mandatory-age-verification-law-will-weaken-privacy-and-security-on-the-internet\/\">a rejoint un m\u00e9moire d&rsquo;amicus curiae dirig\u00e9 par le Center for Democracy and Technology (CDT) dans l&rsquo;affaire Free Speech Coalition contre Paxton devant la Cour supr\u00eame des \u00c9tats-Unis<\/a>. Nous expliquons les d\u00e9fis des technologies actuelles de v\u00e9rification de l&rsquo;\u00e2ge et abordons la mani\u00e8re dont le maintien de la loi du Texas exigeant la v\u00e9rification de l&rsquo;\u00e2ge compromettra en r\u00e9alit\u00e9 la confidentialit\u00e9 et la s\u00e9curit\u00e9 des utilisateurs.<\/p>\n<\/div>\n\n\n\n<div class=\"wp-block-uagb-column uagb-column__wrap uagb-column__background-color uagb-block-8658c666\"><div class=\"uagb-column__overlay\"><\/div>\n<p class=\"has-18-font-size\">Le 6 mai 2024, <a href=\"https:\/\/www.internetsociety.org\/wp-content\/uploads\/2024\/05\/Amicus-Brief-TikTok-v.-Knudsen_05.06.24.pdf\">l&rsquo;Internet Society a d\u00e9pos\u00e9 un m\u00e9moire d&rsquo;amicus curiae dans l&rsquo;affaire \u00ab Alario et TikTok contre Knudsen \u00bb devant la 9\u1d49 cour d&rsquo;appel des \u00c9tats-Unis<\/a>, en lien avec la loi SB 419 du Montana interdisant TikTok. Nous sommes d&rsquo;avis que si la loi entre en vigueur, elle pourrait entra\u00eener une fragmentation de l&rsquo;exp\u00e9rience Internet aux \u00c9tats-Unis, car d&rsquo;autres \u00c9tats pourraient commencer \u00e0 interdire des applis. Nous avons \u00e9galement expliqu\u00e9 pourquoi l&rsquo;interdiction ne fonctionnera pas techniquement. <a href=\"https:\/\/www.internetsociety.org\/blog\/2024\/05\/montanas-tiktok-ban-breaking-the-internet-and-undermining-online-privacy\/\">En lire les grandes lignes<\/a>.<\/p>\n<\/div>\n\n\n\n<div class=\"wp-block-uagb-column uagb-column__wrap uagb-column__background-color uagb-block-3b069bbc\"><div class=\"uagb-column__overlay\"><\/div>\n<p class=\"has-18-font-size\">Le 3 avril 2024, l&rsquo;Internet Society <a href=\"https:\/\/www.internetsociety.org\/blog\/2024\/04\/protection-for-intermediaries-is-vital-for-the-internet-in-mexico\/\">a d\u00e9pos\u00e9 un m\u00e9moire d&rsquo;amicus curiae dans l&rsquo;affaire Richter c. Google devant la Cour supr\u00eame du Mexique<\/a> (officiellement, Amparo Directo num\u00e9ro 8\/2023, en cours de proc\u00e9dure devant la premi\u00e8re chambre de la Cour supr\u00eame). Nous avons pr\u00e9sent\u00e9 notre point de vue sur l&rsquo;importance pour Internet de maintenir la protection des interm\u00e9diaires contre toute responsabilit\u00e9 pour les contenus g\u00e9n\u00e9r\u00e9s par les utilisateurs, y compris la protection de leurs d\u00e9cisions de mod\u00e9ration de contenu.<\/p>\n<\/div>\n<\/div><\/section>\n\n\n\n<section class=\"wp-block-uagb-columns uagb-columns__wrap uagb-columns__background-none uagb-columns__stack-tablet uagb-columns__valign- uagb-columns__gap-10 align uagb-block-ad56e15f uagb-columns__columns-3 uagb-columns__max_width-theme\"><div class=\"uagb-columns__overlay\"><\/div><div class=\"uagb-columns__inner-wrap uagb-columns__columns-3\">\n<div class=\"wp-block-uagb-column uagb-column__wrap uagb-column__background-color uagb-block-7a76ba25\"><div class=\"uagb-column__overlay\"><\/div>\n<p class=\"has-18-font-size\">Le 11 mars 2024, l&rsquo;Internet Society <a href=\"https:\/\/www.internetsociety.org\/blog\/2024\/03\/nevada-wants-to-reduce-online-protections-for-children\/\">a rejoint sept autres entreprises pour d\u00e9poser un m\u00e9moire d&rsquo;amicus curiae dans l&rsquo;affaire Nevada contre Meta devant le tribunal de district du comt\u00e9 de Clark, Nevada<\/a>. Nous soutenons que le tribunal devrait rejeter la requ\u00eate du Nevada visant \u00e0 obtenir une injonction pr\u00e9liminaire pour emp\u00eacher que le cryptage de bout en bout ne soit activ\u00e9 par d\u00e9faut dans Facebook Messenger.<\/p>\n<\/div>\n\n\n\n<div class=\"wp-block-uagb-column uagb-column__wrap uagb-column__background-color uagb-block-dac5a527\"><div class=\"uagb-column__overlay\"><\/div>\n<p class=\"has-18-font-size\">Le 7 d\u00e9cembre 2023, l&rsquo;Internet Society <a href=\"https:\/\/www.internetsociety.org\/blog\/2023\/12\/can-you-kick-the-trolls-out-of-your-online-forum-u-s-supreme-court-to-decide\/\">a d\u00e9pos\u00e9 un m\u00e9moire d&rsquo;amicus curiae devant la Cour supr\u00eame des \u00c9tats-Unis dans les affaires combin\u00e9es Moody contre NetChoice et NetChoice contre Paxton<\/a>. Nous soutenons que la capacit\u00e9 \u00e0 mod\u00e9rer le contenu d&rsquo;une discussion en ligne est essentielle pour cr\u00e9er des communaut\u00e9s en ligne fortes, et qu&rsquo;elle offre une meilleure exp\u00e9rience utilisateur, permet des discussions s\u00fbres, supprime les publications nuisibles et pr\u00e9vient les menaces.<\/p>\n<\/div>\n\n\n\n<div class=\"wp-block-uagb-column uagb-column__wrap uagb-column__background-color uagb-block-019d9445\"><div class=\"uagb-column__overlay\"><\/div>\n<p class=\"has-18-font-size\">Le 19 janvier 2023, l&rsquo;Internet Society <a href=\"https:\/\/www.internetsociety.org\/wp-content\/uploads\/2023\/01\/Internet-Society-Gonzalez-v-Google-Amicus-Brief.pdf\">a d\u00e9pos\u00e9 un m\u00e9moire d&rsquo;amicus curiae devant la Cour supr\u00eame des \u00c9tats-Unis dans l&rsquo;affaire Gonzalez contre Google<\/a>. Nous soutenons que les mesures de protection en mati\u00e8re de responsabilit\u00e9, telles que pr\u00e9vues par la \u00ab Section 230 \u00bb de la l\u00e9gislation am\u00e9ricaine, sont essentielles au maintien de la vaste gamme de commentaires, d&rsquo;\u0153uvres artistiques et d&rsquo;autres contenus publi\u00e9s par des individus du monde entier par de nombreux types de fournisseurs de services sur Internet. <a href=\"https:\/\/www.internetsociety.org\/wp-content\/uploads\/2023\/01\/Quick-Overview-of-Amicus-Brief-Gonzalez-v-Google.pdf\">En lire les grandes lignes.<\/a><\/p>\n<\/div>\n<\/div><\/section>\n\n\n\n<section class=\"wp-block-uagb-columns uagb-columns__wrap uagb-columns__background-none uagb-columns__stack-tablet uagb-columns__valign- uagb-columns__gap-10 align uagb-block-3c4f5609 uagb-columns__columns-3 uagb-columns__max_width-theme\"><div class=\"uagb-columns__overlay\"><\/div><div class=\"uagb-columns__inner-wrap uagb-columns__columns-3\">\n<div class=\"wp-block-uagb-column uagb-column__wrap uagb-column__background-color uagb-block-3591c3c9\"><div class=\"uagb-column__overlay\"><\/div>\n<p class=\"has-18-font-size\">Le 11 octobre 2022, l&rsquo;Internet Society <a href=\"https:\/\/www.internetsociety.org\/wp-content\/uploads\/2022\/10\/Hunley_v._Instagram-Amicus_Brief_of_Internet_Society.pdf\">a d\u00e9pos\u00e9 un m\u00e9moire d&rsquo;amicus curiae devant la Cour d&rsquo;appel des \u00c9tats-Unis pour le neuvi\u00e8me circuit dans l&rsquo;affaire <em><strong>Hunley contre Instagram<\/strong><\/em><\/a>. Dans notre m\u00e9moire, nous soutenons que l&rsquo;acte d&rsquo;int\u00e9grer du contenu ou du code est essentiel \u00e0 la capacit\u00e9 g\u00e9n\u00e9rative et modulaire d&rsquo;Internet, sans laquelle Internet et le Web ne seraient que de p\u00e2les copies de ce qu&rsquo;ils sont aujourd&rsquo;hui.<\/p>\n<\/div>\n\n\n\n<div class=\"wp-block-uagb-column uagb-column__wrap uagb-column__background-color uagb-block-cc30cb1f\"><div class=\"uagb-column__overlay\"><\/div>\n<p class=\"has-18-font-size\">Le 4 d\u00e9cembre 2020, l&rsquo;Internet Society, l&rsquo;Electronic Frontier Foundation et le Center for Democracy &amp; Technology <a href=\"https:\/\/cdt.org\/wp-content\/uploads\/2020\/12\/2020-12-04-WeChat-EFF-CDT-Internet-Society-amicus-stamped.pdf\">ont d\u00e9pos\u00e9 un m\u00e9moire d&rsquo;amicus curiae devant la Cour d&rsquo;appel du neuvi\u00e8me circuit des \u00c9tats-Unis<\/a> dans l&rsquo;affaire U.S. WeChat Users Alliance. Cette affaire remet en question l&rsquo;ordonnance de septembre du minist\u00e8re am\u00e9ricain du commerce interdisant aux entreprises am\u00e9ricaines de s&rsquo;engager dans certaines transactions techniques avec WeChat ou l&rsquo;application WeChat. <a href=\"https:\/\/www.internetsociety.org\/news\/statements\/2020\/internet-society-files-brief-arguing-u-s-wechat-ban-would-damage-internet-harm-users\/\">Lire notre d\u00e9claration.<\/a><\/p>\n<\/div>\n\n\n\n<div class=\"wp-block-uagb-column uagb-column__wrap uagb-column__background-color uagb-block-7dba31a1\"><div class=\"uagb-column__overlay\"><\/div>\n<p class=\"has-18-font-size\">Le 30 septembre 2016, des entreprises et des particuliers appartenant aux communaut\u00e9s techniques et commerciales de l&rsquo;Internet ont d\u00e9pos\u00e9 <a href=\"https:\/\/www.internetsociety.org\/resources\/doc\/2016\/iana-amicus-brief\/\">un m\u00e9moire d&rsquo;amicus curiae<\/a> dans le cadre du proc\u00e8s intent\u00e9 par les procureurs g\u00e9n\u00e9raux de l&rsquo;Arizona, du Texas, de l&rsquo;Oklahoma et du Nevada pour emp\u00eacher la t<a href=\"https:\/\/www.internetsociety.org\/iana-transition\/\">ransition de la supervision de l&rsquo;IANA<\/a>.<\/p>\n\n\n\n<p class=\"has-18-font-size uag-hide-desktop uag-hide-tab uag-hide-mob\"><\/p>\n<\/div>\n<\/div><\/section>\n<\/div>\n\n\n\n<div class=\"wp-block-column uag-hide-tab uag-hide-mob is-layout-flow wp-block-column-is-layout-flow\" style=\"flex-basis:10%\"><\/div>\n<\/div>\n\n<p class=\"has-text-align-center has-neutral-white-color has-ground-navy-background-color has-text-color has-background has-12-font-size\">Droits d&rsquo;auteur des images : \u00a9 Urban Pixel Lebanon, \u00a9 Nyani Quarmyne<\/p>\n","protected":false},"excerpt":{"rendered":"<p>Nos efforts dans le cadre du programme Amicus visent \u00e0 sensibiliser le public au fait que l&rsquo;\u00e9volution rapide du domaine juridique peut avoir des cons\u00e9quences impr\u00e9vues sur l&rsquo;Internet.<\/p>\n","protected":false},"author":46,"featured_media":177060,"parent":223219,"menu_order":0,"comment_status":"closed","ping_status":"closed","template":"page-wide.php","meta":{"_acf_changed":false,"_uag_custom_page_level_css":"","footnotes":""},"categories":[4898,4909],"tags":[6066,5939],"region_news_regions":[],"content_category":[],"ppma_author":[4057],"class_list":["post-221137","page","type-page","status-publish","has-post-thumbnail","hentry","category-strong-internet","category-renforcer-internet","tag-actionplan-fr","tag-plan-daction"],"acf":[],"uagb_featured_image_src":{"full":["https:\/\/www.internetsociety.org\/wp-content\/uploads\/2022\/08\/people-talk-e1661869350107.jpg",1498,777,false],"thumbnail":["https:\/\/www.internetsociety.org\/wp-content\/uploads\/2022\/08\/people-talk-150x150.jpg",150,150,true],"medium":["https:\/\/www.internetsociety.org\/wp-content\/uploads\/2022\/08\/people-talk-450x233.jpg",450,233,true],"medium_large":["https:\/\/www.internetsociety.org\/wp-content\/uploads\/2022\/08\/people-talk-768x398.jpg",768,398,true],"large":["https:\/\/www.internetsociety.org\/wp-content\/uploads\/2022\/08\/people-talk-1024x531.jpg",1024,531,true],"1536x1536":["https:\/\/www.internetsociety.org\/wp-content\/uploads\/2022\/08\/people-talk-e1661869350107.jpg",1498,777,false],"2048x2048":["https:\/\/www.internetsociety.org\/wp-content\/uploads\/2022\/08\/people-talk-e1661869350107.jpg",1498,777,false],"post-thumbnail":["https:\/\/www.internetsociety.org\/wp-content\/uploads\/2022\/08\/people-talk-250x130.jpg",250,130,true],"square":["https:\/\/www.internetsociety.org\/wp-content\/uploads\/2022\/08\/people-talk-600x600.jpg",600,600,true],"gform-image-choice-sm":["https:\/\/www.internetsociety.org\/wp-content\/uploads\/2022\/08\/people-talk-e1661869350107.jpg",300,156,false],"gform-image-choice-md":["https:\/\/www.internetsociety.org\/wp-content\/uploads\/2022\/08\/people-talk-e1661869350107.jpg",400,207,false],"gform-image-choice-lg":["https:\/\/www.internetsociety.org\/wp-content\/uploads\/2022\/08\/people-talk-e1661869350107.jpg",600,311,false]},"uagb_author_info":{"display_name":"Ivana Trbovic","author_link":"https:\/\/www.internetsociety.org\/fr\/author\/trbovic\/"},"uagb_comment_info":0,"uagb_excerpt":"Nos efforts dans le cadre du programme Amicus visent \u00e0 sensibiliser le public au fait que l'\u00e9volution rapide du domaine juridique peut avoir des cons\u00e9quences impr\u00e9vues sur l'Internet.","_links":{"self":[{"href":"https:\/\/www.internetsociety.org\/fr\/wp-json\/wp\/v2\/pages\/221137","targetHints":{"allow":["GET"]}}],"collection":[{"href":"https:\/\/www.internetsociety.org\/fr\/wp-json\/wp\/v2\/pages"}],"about":[{"href":"https:\/\/www.internetsociety.org\/fr\/wp-json\/wp\/v2\/types\/page"}],"author":[{"embeddable":true,"href":"https:\/\/www.internetsociety.org\/fr\/wp-json\/wp\/v2\/users\/46"}],"replies":[{"embeddable":true,"href":"https:\/\/www.internetsociety.org\/fr\/wp-json\/wp\/v2\/comments?post=221137"}],"version-history":[{"count":0,"href":"https:\/\/www.internetsociety.org\/fr\/wp-json\/wp\/v2\/pages\/221137\/revisions"}],"up":[{"embeddable":true,"href":"https:\/\/www.internetsociety.org\/fr\/wp-json\/wp\/v2\/pages\/223219"}],"wp:featuredmedia":[{"embeddable":true,"href":"https:\/\/www.internetsociety.org\/fr\/wp-json\/wp\/v2\/media\/177060"}],"wp:attachment":[{"href":"https:\/\/www.internetsociety.org\/fr\/wp-json\/wp\/v2\/media?parent=221137"}],"wp:term":[{"taxonomy":"category","embeddable":true,"href":"https:\/\/www.internetsociety.org\/fr\/wp-json\/wp\/v2\/categories?post=221137"},{"taxonomy":"post_tag","embeddable":true,"href":"https:\/\/www.internetsociety.org\/fr\/wp-json\/wp\/v2\/tags?post=221137"},{"taxonomy":"region_news_regions","embeddable":true,"href":"https:\/\/www.internetsociety.org\/fr\/wp-json\/wp\/v2\/region_news_regions?post=221137"},{"taxonomy":"content_category","embeddable":true,"href":"https:\/\/www.internetsociety.org\/fr\/wp-json\/wp\/v2\/content_category?post=221137"},{"taxonomy":"author","embeddable":true,"href":"https:\/\/www.internetsociety.org\/fr\/wp-json\/wp\/v2\/ppma_author?post=221137"}],"curies":[{"name":"wp","href":"https:\/\/api.w.org\/{rel}","templated":true}]}}