{"id":221135,"date":"2025-03-04T07:30:00","date_gmt":"2025-03-04T07:30:00","guid":{"rendered":"https:\/\/www.internetsociety.org\/inititative-de-co-financement-de-la-connectivite\/"},"modified":"2026-02-17T11:09:29","modified_gmt":"2026-02-17T11:09:29","slug":"inititative-de-co-financement-de-la-connectivite","status":"publish","type":"page","link":"https:\/\/www.internetsociety.org\/fr\/issues\/access\/connectivity-co-funding-initiative\/","title":{"rendered":"Inititative de co-financement de la connectivit\u00e9"},"content":{"rendered":"\n<section class=\"wp-block-uagb-columns uagb-columns__wrap uagb-columns__background-image uagb-columns__stack-mobile uagb-columns__valign- uagb-columns__gap-10 align uagb-block-ffc93ebd uagb-columns__columns-1 uagb-columns__max_width-custom background-image-fallback-black uag-hide-mob\"><div class=\"uagb-columns__overlay\"><\/div><div class=\"uagb-columns__inner-wrap uagb-columns__columns-1\">\n<div class=\"wp-block-uagb-column uagb-column__wrap uagb-column__background-undefined uagb-block-c95947c4\"><div class=\"uagb-column__overlay\"><\/div>\n<h1 class=\"wp-block-heading animated fadeIn has-neutral-white-color has-text-color\">Initiative de co-financement de la connectivit\u00e9<\/h1>\n\n\n\n<div style=\"height:50px\" aria-hidden=\"true\" class=\"wp-block-spacer\"><\/div>\n\n\n\n<section class=\"wp-block-uagb-columns uagb-columns__wrap uagb-columns__background-color uagb-columns__stack-mobile uagb-columns__valign- uagb-columns__gap-10 align uagb-block-77f5da99 uagb-columns__columns-1 uagb-columns__max_width-theme animated fadeIn background-image-fallback-white\"><div class=\"uagb-columns__overlay\"><\/div><div class=\"uagb-columns__inner-wrap uagb-columns__columns-1\">\n<div class=\"wp-block-uagb-column uagb-column__wrap uagb-column__background-undefined uagb-block-bf6c64fb\"><div class=\"uagb-column__overlay\"><\/div>\n<p class=\"has-18-font-size\">Nous pensons qu\u2019Internet est une ressource qui favorise l\u2019\u00e9panouissement des individus et constitue une force au service du bien dans la soci\u00e9t\u00e9. Malheureusement, des milliards de personnes dans le monde n\u2019ont toujours pas acc\u00e8s \u00e0 Internet ni aux opportunit\u00e9s qu\u2019il offre.<\/p>\n\n\n\n<p class=\"has-18-font-size\">C\u2019est pourquoi nous avons cr\u00e9\u00e9 l\u2019initiative de cofinancement de la connectivit\u00e9, afin d\u2019atteindre notre objectif : garantir que chaque personne, partout dans le monde, ait acc\u00e8s \u00e0 un Internet abordable, fiable et r\u00e9silient.<\/p>\n\n\n\n<h2 class=\"wp-block-heading has-depth-green-color has-text-color has-28-font-size uag-hide-tab uag-hide-mob\"><strong style=\"line-height:1.4\">Au cours des cinq prochaines ann\u00e9es, l\u2019Internet Society et la Fondation Internet Society investiront dans des initiatives ax\u00e9es sur la connectivit\u00e9. Elles chercheront \u00e9galement \u00e0 \u00e9tablir des partenariats avec d\u2019autres organisations qui croient en l\u2019impact positif de l\u2019Internet pour tout le monde.<\/strong><\/h2>\n\n\n\n<h2 class=\"wp-block-heading has-depth-green-color has-text-color has-32-font-size uag-hide-desktop\"><strong>Au cours des cinq prochaines ann\u00e9es, l\u2019Internet Society et la Fondation Internet Society investiront dans des initiatives ax\u00e9es sur la connectivit\u00e9. Elles chercheront \u00e9galement \u00e0 \u00e9tablir des partenariats avec d\u2019autres organisations qui croient en l\u2019impact positif de l\u2019Internet pour tout le monde.<\/strong><\/h2>\n<\/div>\n<\/div><\/section>\n<\/div>\n<\/div><\/section>\n\n\n\n<section class=\"wp-block-uagb-columns uagb-columns__wrap uagb-columns__background-color uagb-columns__stack-tablet uagb-columns__valign-top uagb-columns__gap-10 align uagb-block-de3d1d5d uagb-columns__columns-1 uagb-columns__max_width-theme uag-hide-desktop uag-hide-tab\"><div class=\"uagb-columns__overlay\"><\/div><div class=\"uagb-columns__inner-wrap uagb-columns__columns-1\">\n<div class=\"wp-block-uagb-column uagb-column__wrap uagb-column__background-undefined uagb-block-f338041f\"><div class=\"uagb-column__overlay\"><\/div>\n<h1 class=\"wp-block-heading has-text-align-left\">Initiative de co-financement de la connectivit\u00e9<\/h1>\n\n\n\n<div style=\"height:30px\" aria-hidden=\"true\" class=\"wp-block-spacer\"><\/div>\n\n\n\n<figure class=\"wp-block-image size-full\"><img loading=\"lazy\" decoding=\"async\" width=\"1000\" height=\"667\" src=\"https:\/\/www.internetsociety.org\/wp-content\/uploads\/2020\/08\/Medium-CTG3876.jpg\" alt=\"Deux personnes se tiennent sur un toit, fixant intens\u00e9ment un objet invisible.\" class=\"wp-image-121440\" srcset=\"https:\/\/www.internetsociety.org\/wp-content\/uploads\/2020\/08\/Medium-CTG3876.jpg 1000w, https:\/\/www.internetsociety.org\/wp-content\/uploads\/2020\/08\/Medium-CTG3876-450x300.jpg 450w, https:\/\/www.internetsociety.org\/wp-content\/uploads\/2020\/08\/Medium-CTG3876-768x512.jpg 768w, https:\/\/www.internetsociety.org\/wp-content\/uploads\/2020\/08\/Medium-CTG3876-250x167.jpg 250w\" sizes=\"auto, (max-width: 1000px) 100vw, 1000px\" \/><\/figure>\n\n\n\n<div style=\"height:20px\" aria-hidden=\"true\" class=\"wp-block-spacer\"><\/div>\n\n\n\n<p class=\"has-18-font-size\">Nous pensons qu\u2019Internet est une ressource qui favorise l\u2019\u00e9panouissement des individus et constitue une force au service du bien dans la soci\u00e9t\u00e9. Malheureusement, des milliards de personnes dans le monde n\u2019ont toujours pas acc\u00e8s \u00e0 Internet ni aux opportunit\u00e9s qu\u2019il offre.<\/p>\n\n\n\n<p class=\"has-18-font-size\">C\u2019est pourquoi nous avons cr\u00e9\u00e9 l\u2019initiative de cofinancement de la connectivit\u00e9, afin d\u2019atteindre notre objectif : garantir que chaque personne, partout dans le monde, ait acc\u00e8s \u00e0 un Internet abordable, fiable et r\u00e9silient.<\/p>\n\n\n\n<h2 class=\"wp-block-heading has-depth-green-color has-text-color has-26-font-size\"><strong style=\"line-height:1.4\">Au cours des cinq prochaines ann\u00e9es, l\u2019Internet Society et la Fondation Internet Society investiront dans des initiatives ax\u00e9es sur la connectivit\u00e9. Elles chercheront \u00e9galement \u00e0 \u00e9tablir des partenariats avec d\u2019autres organisations qui croient en l\u2019impact positif de l\u2019Internet pour tout le monde.<\/strong><\/h2>\n<\/div>\n<\/div><\/section>\n\n\n\n<section class=\"wp-block-uagb-columns uagb-columns__wrap uagb-columns__background-color uagb-columns__stack-mobile uagb-columns__valign- uagb-columns__gap-10 align uagb-columns__reverse-mobile uagb-block-774cf726 uagb-columns__columns-2 uagb-columns__max_width-custom\"><div class=\"uagb-columns__overlay\"><\/div><div class=\"uagb-columns__inner-wrap uagb-columns__columns-2\">\n<div class=\"wp-block-uagb-column uagb-column__wrap uagb-column__background-undefined uagb-block-e1fd0b78\"><div class=\"uagb-column__overlay\"><\/div>\n<h3 class=\"wp-block-heading has-32-font-size uag-hide-tab uag-hide-mob\"><strong>Voici ce que soutiendra l\u2019initiative de cofinancement de la connectivit\u00e9<\/strong><\/h3>\n\n\n\n<h3 class=\"wp-block-heading uag-hide-desktop\"><strong>Voici ce que soutiendra l\u2019initiative de cofinancement de la connectivit\u00e9<\/strong><\/h3>\n\n\n\n<div style=\"height:20px\" aria-hidden=\"true\" class=\"wp-block-spacer\"><\/div>\n\n\n\n<p class=\"has-18-font-size\">L\u2019initiative de cofinancement de la connectivit\u00e9 se concentrera sur le soutien aux populations marginalis\u00e9es et mal desservies. Conform\u00e9ment \u00e0 notre strat\u00e9gie 2030, elle financera des projets qui favorisent la connectivit\u00e9 communautaire et rendent l\u2019acc\u00e8s \u00e0 Internet abordable et r\u00e9silient. Parmi ces projets, citons :<\/p>\n\n\n\n<ul class=\"wp-block-list has-18-font-size\">\n<li>Le soutien au d\u00e9ploiement d\u2019infrastructures et \u00e0 la formation des communaut\u00e9s pour qu\u2019elles puissent g\u00e9rer leurs propres r\u00e9seaux.<\/li>\n\n\n\n<li>La connexion des communaut\u00e9s laiss\u00e9es pour compte par les fournisseurs d\u2019acc\u00e8s \u00e0 Internet commerciaux.<\/li>\n\n\n\n<li>Les programmes de formation pour renforcer les capacit\u00e9s techniques, autonomiser les groupes marginalis\u00e9s et former la prochaine g\u00e9n\u00e9ration de leaders de l\u2019Internet.<\/li>\n\n\n\n<li>La mise en place et le renforcement de solutions de connectivit\u00e9 de proximit\u00e9 pour les particuliers, les entreprises, les \u00e9coles et les \u00e9tablissements de sant\u00e9 dans les zones mal desservies.<\/li>\n\n\n\n<li>Le soutien aux r\u00e9seaux locaux qui cr\u00e9ent des emplois et favorisent les initiatives entrepreneuriales, pr\u00e9servent la valeur au sein des communaut\u00e9s et encouragent leurs membres \u00e0 devenir autosuffisants.<\/li>\n\n\n\n<li>Le renforcement de l\u2019impact mondial en collaboration avec le r\u00e9seau fort de plus de 130 chapitres locaux et plus de 133 000 membres de l\u2019Internet Society dans le monde.<\/li>\n<\/ul>\n<\/div>\n\n\n\n<div class=\"wp-block-uagb-column uagb-column__wrap uagb-column__background-undefined uagb-block-9ec2654d\"><div class=\"uagb-column__overlay\"><\/div>\n<figure class=\"wp-block-image size-full\"><img loading=\"lazy\" decoding=\"async\" width=\"674\" height=\"887\" src=\"https:\/\/www.internetsociety.org\/wp-content\/uploads\/2026\/02\/DSC00294.jpg\" alt=\"Une femme se tient pr\u00e8s d'une tour rouge saisissante\" class=\"wp-image-244949\" srcset=\"https:\/\/www.internetsociety.org\/wp-content\/uploads\/2026\/02\/DSC00294.jpg 674w, https:\/\/www.internetsociety.org\/wp-content\/uploads\/2026\/02\/DSC00294-342x450.jpg 342w, https:\/\/www.internetsociety.org\/wp-content\/uploads\/2026\/02\/DSC00294-250x329.jpg 250w\" sizes=\"auto, (max-width: 674px) 100vw, 674px\" \/><\/figure>\n<\/div>\n<\/div><\/section>\n\n\n\n<section class=\"wp-block-uagb-columns uagb-columns__wrap uagb-columns__background-image uagb-columns__stack-mobile uagb-columns__valign- uagb-columns__gap-10 align uagb-block-d53d1486 uagb-columns__columns-1 uagb-columns__max_width-custom background-image-fallback-white uag-hide-mob\"><div class=\"uagb-columns__overlay\"><\/div><div class=\"uagb-columns__inner-wrap uagb-columns__columns-1\">\n<div class=\"wp-block-uagb-column uagb-column__wrap uagb-column__background-color uagb-block-e5f1ee51\"><div class=\"uagb-column__overlay\"><\/div>\n<h3 class=\"wp-block-heading has-text-align-left has-32-font-size uag-hide-tab uag-hide-mob\"><strong>Le r\u00f4le des cofinanceurs Faire la diff\u00e9rence<\/strong><\/h3>\n\n\n\n<h3 class=\"wp-block-heading uag-hide-desktop\"><strong><strong>Le r\u00f4le des cofinanceurs Faire la diff\u00e9rence<\/strong><\/strong><\/h3>\n\n\n\n<div style=\"height:30px\" aria-hidden=\"true\" class=\"wp-block-spacer\"><\/div>\n\n\n\n<p class=\"has-ground-navy-color has-text-color has-18-font-size\">Ensemble, notre impact est d\u00e9cupl\u00e9. Fid\u00e8les \u00e0 la vision d\u2019un monde plus \u00e9quitable et connect\u00e9, les cofinanceurs, notre communaut\u00e9 et nos partenaires contribuent \u00e0 renforcer l\u2019impact des travaux r\u00e9alis\u00e9s en participant \u00e0 tout ou partie des programmes couverts par l\u2019initiative de cofinancement de la connectivit\u00e9. Nous annoncerons les partenaires de notre initiative \u00e0 mesure que notre communaut\u00e9 s\u2019agrandira.<\/p>\n\n\n\n<p class=\"has-ground-navy-color has-text-color has-link-color has-18-font-size wp-elements-d9e67df44c9c1496f212df56107da663\"><a href=\"https:\/\/www.internetsociety.org\/fr\/news\/press-releases\/2025\/internet-society-extends-multi-year-partnership-with-meta-and-announces-connectivity-co-funding-initiative\/\" type=\"link\" id=\"https:\/\/www.internetsociety.org\/fr\/news\/press-releases\/2025\/internet-society-extends-multi-year-partnership-with-meta-and-announces-connectivity-co-funding-initiative\/\">D\u00e9couvrez l\u2019engagement de Meta<\/a> aupr\u00e8s de l\u2019initiative de cofinancement de la connectivit\u00e9, en tant que premier cofinanceur.<\/p>\n\n\n\n<div style=\"height:20px\" aria-hidden=\"true\" class=\"wp-block-spacer\"><\/div>\n\n\n\n<p class=\"has-depth-green-color has-text-color has-link-color has-26-font-size wp-elements-51da871bfe56cdc363c70fcc2f9b5e85\"><strong>Envie \u00e0 votre tour de faire la diff\u00e9rence \u00e0 l\u2019\u00e9chelle mondiale ?<\/strong><br><strong><a href=\"maito:giving@isoc.org\">Contactez-nous<\/a>\u00a0pour discuter d\u2019un partenariat avec l\u2019Internet Society et devenir cofinanceur.<\/strong><\/p>\n<\/div>\n<\/div><\/section>\n\n\n\n<section class=\"wp-block-uagb-columns uagb-columns__wrap uagb-columns__background-color uagb-columns__stack-tablet uagb-columns__valign-top uagb-columns__gap-10 align uagb-block-09b50100 uagb-columns__columns-1 uagb-columns__max_width-theme uag-hide-desktop uag-hide-tab\"><div class=\"uagb-columns__overlay\"><\/div><div class=\"uagb-columns__inner-wrap uagb-columns__columns-1\">\n<div class=\"wp-block-uagb-column uagb-column__wrap uagb-column__background-color uagb-block-187c2f04 animated fadeIn slow\"><div class=\"uagb-column__overlay\"><\/div>\n<figure class=\"wp-block-image size-large uag-hide-desktop\"><img decoding=\"async\" src=\"https:\/\/www.internetsociety.org\/wp-content\/uploads\/2025\/02\/Medium-DSCF7665.jpg\" alt=\"Plusieurs jeunes v\u00eatus de v\u00eatements traditionnels se pr\u00e9parent pour une danse\"\/><\/figure>\n\n\n\n<div style=\"height:30px\" aria-hidden=\"true\" class=\"wp-block-spacer\"><\/div>\n\n\n\n<h3 class=\"wp-block-heading\"><strong>Le r\u00f4le des cofinanceurs Faire la diff\u00e9rence<\/strong><\/h3>\n\n\n\n<div style=\"height:30px\" aria-hidden=\"true\" class=\"wp-block-spacer\"><\/div>\n\n\n\n<p class=\"has-18-font-size\">Ensemble, notre impact est d\u00e9cupl\u00e9. Fid\u00e8les \u00e0 la vision d\u2019un monde plus \u00e9quitable et connect\u00e9, les cofinanceurs, notre communaut\u00e9 et nos partenaires contribuent \u00e0 renforcer l\u2019impact des travaux r\u00e9alis\u00e9s en participant \u00e0 tout ou partie des programmes couverts par l\u2019initiative de cofinancement de la connectivit\u00e9. Nous annoncerons les partenaires de notre initiative \u00e0 mesure que notre communaut\u00e9 s\u2019agrandira.<\/p>\n\n\n\n<p class=\"has-18-font-size\"><a href=\"https:\/\/www.internetsociety.org\/fr\/news\/press-releases\/2025\/internet-society-extends-multi-year-partnership-with-meta-and-announces-connectivity-co-funding-initiative\/\" type=\"link\" id=\"https:\/\/www.internetsociety.org\/fr\/news\/press-releases\/2025\/internet-society-extends-multi-year-partnership-with-meta-and-announces-connectivity-co-funding-initiative\/\">D\u00e9couvrez l\u2019engagement de Meta aupr\u00e8s de l\u2019initiative de cofinancement de la connectivit\u00e9, en tant que premier cofinanceur.<\/a> <\/p>\n\n\n\n<div style=\"height:20px\" aria-hidden=\"true\" class=\"wp-block-spacer\"><\/div>\n\n\n\n<p class=\"has-green-color has-text-color has-link-color has-26-font-size wp-elements-e23c9fac338cee2b1efee17439b15034\"><strong>Envie \u00e0 votre tour de faire la diff\u00e9rence \u00e0 l\u2019\u00e9chelle mondiale ?<\/strong><br><strong><a href=\"maito:giving@isoc.org\">Contactez-nous<\/a>\u00a0pour discuter d\u2019un partenariat avec l\u2019Internet Society et devenir cofinanceur.<\/strong><\/p>\n<\/div>\n<\/div><\/section>\n\n\n\n<p class=\"has-text-align-center has-neutral-white-color has-ground-navy-background-color has-text-color has-background has-12-font-size\">Cr\u00e9dits photos :<br>\u00a9 Chris Gregory, \u00a9 Ed Mukoma\/Internet Society Foundation, \u00a9 Nyani Quarmyne<\/p>\n","protected":false},"excerpt":{"rendered":"<p><b>Nous faisons appel \u00e0 des partenaires pour nous rejoindre dans nos engagements \u00e0 augmenter la connectivit\u00e9 globale.<\/b><\/p>\n<p>Au cours des cinq prochaines ann\u00e9es, l\u2019Internet Society et la Fondation Internet Society investiront dans des initiatives ax\u00e9es sur la connectivit\u00e9, se focalisant sur le soutien des populations marginalis\u00e9es et mal desservies.<\/p>\n","protected":false},"author":46,"featured_media":221130,"parent":0,"menu_order":0,"comment_status":"closed","ping_status":"closed","template":"page-wide.php","meta":{"_acf_changed":false,"_uag_custom_page_level_css":"","footnotes":""},"categories":[118,120],"tags":[6034,5281],"region_news_regions":[],"content_category":[],"ppma_author":[4057],"class_list":["post-221135","page","type-page","status-publish","has-post-thumbnail","hentry","category-qui-sommes-nous","category-acces","tag-accueil","tag-partenaires"],"acf":[],"uagb_featured_image_src":{"full":["https:\/\/www.internetsociety.org\/wp-content\/uploads\/2025\/03\/connectivity-NY.jpg",800,367,false],"thumbnail":["https:\/\/www.internetsociety.org\/wp-content\/uploads\/2025\/03\/connectivity-NY-150x150.jpg",150,150,true],"medium":["https:\/\/www.internetsociety.org\/wp-content\/uploads\/2025\/03\/connectivity-NY-450x206.jpg",450,206,true],"medium_large":["https:\/\/www.internetsociety.org\/wp-content\/uploads\/2025\/03\/connectivity-NY-768x352.jpg",768,352,true],"large":["https:\/\/www.internetsociety.org\/wp-content\/uploads\/2025\/03\/connectivity-NY.jpg",800,367,false],"1536x1536":["https:\/\/www.internetsociety.org\/wp-content\/uploads\/2025\/03\/connectivity-NY.jpg",800,367,false],"2048x2048":["https:\/\/www.internetsociety.org\/wp-content\/uploads\/2025\/03\/connectivity-NY.jpg",800,367,false],"post-thumbnail":["https:\/\/www.internetsociety.org\/wp-content\/uploads\/2025\/03\/connectivity-NY-250x115.jpg",250,115,true],"square":["https:\/\/www.internetsociety.org\/wp-content\/uploads\/2025\/03\/connectivity-NY-600x367.jpg",600,367,true],"gform-image-choice-sm":["https:\/\/www.internetsociety.org\/wp-content\/uploads\/2025\/03\/connectivity-NY.jpg",300,138,false],"gform-image-choice-md":["https:\/\/www.internetsociety.org\/wp-content\/uploads\/2025\/03\/connectivity-NY.jpg",400,184,false],"gform-image-choice-lg":["https:\/\/www.internetsociety.org\/wp-content\/uploads\/2025\/03\/connectivity-NY.jpg",600,275,false]},"uagb_author_info":{"display_name":"Ivana Trbovic","author_link":"https:\/\/www.internetsociety.org\/fr\/author\/trbovic\/"},"uagb_comment_info":0,"uagb_excerpt":"Nous faisons appel \u00e0 des partenaires pour nous rejoindre dans nos engagements \u00e0 augmenter la connectivit\u00e9 globale. Au cours des cinq prochaines ann\u00e9es, l\u2019Internet Society et la Fondation Internet Society investiront dans des initiatives ax\u00e9es sur la connectivit\u00e9, se focalisant sur le soutien des populations marginalis\u00e9es et mal desservies.","_links":{"self":[{"href":"https:\/\/www.internetsociety.org\/fr\/wp-json\/wp\/v2\/pages\/221135","targetHints":{"allow":["GET"]}}],"collection":[{"href":"https:\/\/www.internetsociety.org\/fr\/wp-json\/wp\/v2\/pages"}],"about":[{"href":"https:\/\/www.internetsociety.org\/fr\/wp-json\/wp\/v2\/types\/page"}],"author":[{"embeddable":true,"href":"https:\/\/www.internetsociety.org\/fr\/wp-json\/wp\/v2\/users\/46"}],"replies":[{"embeddable":true,"href":"https:\/\/www.internetsociety.org\/fr\/wp-json\/wp\/v2\/comments?post=221135"}],"version-history":[{"count":0,"href":"https:\/\/www.internetsociety.org\/fr\/wp-json\/wp\/v2\/pages\/221135\/revisions"}],"wp:featuredmedia":[{"embeddable":true,"href":"https:\/\/www.internetsociety.org\/fr\/wp-json\/wp\/v2\/media\/221130"}],"wp:attachment":[{"href":"https:\/\/www.internetsociety.org\/fr\/wp-json\/wp\/v2\/media?parent=221135"}],"wp:term":[{"taxonomy":"category","embeddable":true,"href":"https:\/\/www.internetsociety.org\/fr\/wp-json\/wp\/v2\/categories?post=221135"},{"taxonomy":"post_tag","embeddable":true,"href":"https:\/\/www.internetsociety.org\/fr\/wp-json\/wp\/v2\/tags?post=221135"},{"taxonomy":"region_news_regions","embeddable":true,"href":"https:\/\/www.internetsociety.org\/fr\/wp-json\/wp\/v2\/region_news_regions?post=221135"},{"taxonomy":"content_category","embeddable":true,"href":"https:\/\/www.internetsociety.org\/fr\/wp-json\/wp\/v2\/content_category?post=221135"},{"taxonomy":"author","embeddable":true,"href":"https:\/\/www.internetsociety.org\/fr\/wp-json\/wp\/v2\/ppma_author?post=221135"}],"curies":[{"name":"wp","href":"https:\/\/api.w.org\/{rel}","templated":true}]}}