{"id":219124,"date":"2025-01-31T20:29:51","date_gmt":"2025-01-31T20:29:51","guid":{"rendered":"https:\/\/www.internetsociety.org\/?page_id=219124"},"modified":"2026-04-23T11:59:09","modified_gmt":"2026-04-23T11:59:09","slug":"building-wireless-community-networks","status":"publish","type":"page","link":"https:\/\/www.internetsociety.org\/fr\/learning\/building-wireless-community-networks\/","title":{"rendered":"Cr\u00e9ation de r\u00e9seaux communautaires sans fil"},"content":{"rendered":"\n<section class=\"wp-block-uagb-columns uagb-columns__wrap uagb-columns__background-image uagb-columns__stack-mobile uagb-columns__valign- uagb-columns__gap-10 align uagb-block-1a7e5ce8 uagb-columns__columns-1 uagb-columns__max_width-theme background-image-fallback-black\"><div class=\"uagb-columns__overlay\"><\/div><div class=\"uagb-columns__inner-wrap uagb-columns__columns-1\">\n<div class=\"wp-block-uagb-column uagb-column__wrap uagb-column__background-undefined uagb-block-4bd9a714\"><div class=\"uagb-column__overlay\"><\/div>\n<p class=\"has-neutral-white-color has-text-color has-18-font-size\"><a href=\"https:\/\/www.internetsociety.org\/fr\/learning\/\">Learning<\/a> &gt; Cr\u00e9ation de r\u00e9seaux communautaires sans fil<\/p>\n\n\n\n<div style=\"height:30px\" aria-hidden=\"true\" class=\"wp-block-spacer\"><\/div>\n\n\n\n<h1 class=\"wp-block-heading has-neutral-white-color has-text-color\">Cr\u00e9ation de r\u00e9seaux communautaires sans fil<\/h1>\n<\/div>\n<\/div><\/section>\n\n\n\n<section class=\"wp-block-uagb-columns uagb-columns__wrap uagb-columns__background-none uagb-columns__stack-tablet uagb-columns__valign- uagb-columns__gap-5 align uagb-columns__reverse-tablet uagb-block-d0bcf2c5 uagb-columns__columns-2 uagb-columns__max_width-theme\"><div class=\"uagb-columns__overlay\"><\/div><div class=\"uagb-columns__inner-wrap uagb-columns__columns-2\">\n<div class=\"wp-block-uagb-column uagb-column__wrap uagb-column__background-undefined uagb-block-a751419c\"><div class=\"uagb-column__overlay\"><\/div>\n<p class=\"has-neutral-white-color has-depth-green-background-color has-text-color has-background has-link-color uag-hide-desktop uag-hide-tab uag-hide-mob wp-elements-2cce0f64e7a4f702526512d09bd46010\"><strong>Mise \u00e0 jour importante<\/strong> : Nos cours avec mod\u00e9rateur sont d\u00e9sormais propos\u00e9s sous la forme d\u2019une exp\u00e9rience en autoformation. Apprenez \u00e0 votre rythme et selon votre emploi du temps.<\/p>\n\n\n\n<div style=\"height:40px\" aria-hidden=\"true\" class=\"wp-block-spacer uag-hide-desktop uag-hide-tab uag-hide-mob\"><\/div>\n\n\n\n<h2 class=\"wp-block-heading has-48-font-size\" id=\"what-is-this-course\">En quoi consiste cette formation ?<\/h2>\n\n\n\n<div style=\"height:20px\" aria-hidden=\"true\" class=\"wp-block-spacer\"><\/div>\n\n\n\n<p>Elle consiste \u00e0 former les membres de la communaut\u00e9 \u00e0 la technologie sans fil et aux \u00e9quipements Wi-Fi utilisant les bandes de fr\u00e9quences sans licence de 2,4 et 5,8 GHz. <\/p>\n\n\n\n<p>Le but est de cr\u00e9er des r\u00e9seaux sans fil communautaires, d\u00e9tenus et exploit\u00e9s par la communaut\u00e9 elle-m\u00eame, lui permettant ainsi non seulement de mettre en \u0153uvre et de g\u00e9rer ces r\u00e9seaux, mais \u00e9galement de favoriser le transfert de connaissances.<\/p>\n\n\n\n<div style=\"height:20px\" aria-hidden=\"true\" class=\"wp-block-spacer\"><\/div>\n\n\n\n<h3 class=\"wp-block-heading\" id=\"what-are-the-course-objectives\">Quels sont les objectifs de cette formation ?<\/h3>\n\n\n\n<div style=\"height:20px\" aria-hidden=\"true\" class=\"wp-block-spacer\"><\/div>\n\n\n\n<ul class=\"wp-block-list\">\n<li>Comprendre les concepts de base de la cr\u00e9ation de r\u00e9seaux communautaires sans fil.<\/li>\n\n\n\n<li>Se familiariser avec des exp\u00e9riences permettant aux apprenants d\u2019obtenir des r\u00e9f\u00e9rences pour la conception efficace de r\u00e9seaux communautaires sans fil.<\/li>\n\n\n\n<li>Acqu\u00e9rir les connaissances n\u00e9cessaires pour concevoir un plan de mise en \u0153uvre de r\u00e9seaux communautaires sans fil.<\/li>\n\n\n\n<li>Transmettre les connaissances sur les r\u00e9seaux communautaires sans fil aux autres membres de la communaut\u00e9.<\/li>\n<\/ul>\n\n\n\n<div style=\"height:30px\" aria-hidden=\"true\" class=\"wp-block-spacer\"><\/div>\n\n\n\n<h3 class=\"wp-block-heading\">Quels sont les r\u00e9sultats d\u2019apprentissage attendus de cette formation ?<\/h3>\n\n\n\n<div style=\"height:20px\" aria-hidden=\"true\" class=\"wp-block-spacer\"><\/div>\n\n\n\n<ul class=\"wp-block-list\">\n<li>Expliquer les diff\u00e9rences et les similitudes entre les principales normes IEEE 802.11 (a, b, g, n, ac), en identifiant leurs caract\u00e9ristiques techniques (vitesse, fr\u00e9quence, port\u00e9e) et en d\u00e9terminant les sc\u00e9narios les plus adapt\u00e9s \u00e0 chaque norme.<\/li>\n\n\n\n<li>Comprendre et appliquer les principes fondamentaux de la propagation des ondes radio dans les communications sans fil.<\/li>\n\n\n\n<li>Analyser l\u2019impact des conditions environnementales et des obstacles sur la propagation des ondes radio et concevoir des solutions pour att\u00e9nuer ces effets.<\/li>\n\n\n\n<li>\u00c9laborer un plan d\u2019affaires durable pour la conception, la mise en \u0153uvre et la gestion d\u2019un r\u00e9seau sans fil communautaire qui favorise l\u2019inclusion num\u00e9rique et la participation citoyenne, en tenant compte des aspects techniques, \u00e9conomiques et sociaux.<\/li>\n\n\n\n<li>Comparer le mod\u00e8le OSI et l\u2019architecture TCP\/IP, en analysant les fonctions de chaque couche et leur relation avec les protocoles r\u00e9seau couramment utilis\u00e9s.<\/li>\n\n\n\n<li>\u00c9valuer l\u2019importance de la couche de liaison de donn\u00e9es dans la communication de donn\u00e9es, en mettant l\u2019accent sur les m\u00e9canismes de contr\u00f4le d\u2019acc\u00e8s au support (CSMA et CA) utilis\u00e9s dans les r\u00e9seaux Ethernet et sans fil (IEEE 802.11).<\/li>\n\n\n\n<li>Analyser les avantages et les inconv\u00e9nients des diff\u00e9rents sch\u00e9mas d\u2019adressage IP (IPv4 et IPv6) dans le contexte des r\u00e9seaux sans fil communautaires, en tenant compte de facteurs tels que l\u2019efficacit\u00e9, l\u2019\u00e9volutivit\u00e9 et la s\u00e9curit\u00e9.<\/li>\n\n\n\n<li>Concevoir et configurer un r\u00e9seau comprenant plusieurs sous-r\u00e9seaux, un routage dynamique, NAT, un proxy Web et un tunnel VPN, en tenant compte des exigences de s\u00e9curit\u00e9, de performances et d&rsquo;\u00e9volutivit\u00e9 d&rsquo;un r\u00e9seau sans fil communautaire.<\/li>\n\n\n\n<li>Comparer et \u00e9valuer diff\u00e9rents protocoles de routage (RIP, OSPF, BGP) et technologies de tunnelage (IPsec, GRE) en fonction de leur applicabilit\u00e9 dans les r\u00e9seaux sans fil communautaires.<\/li>\n\n\n\n<li>Expliquer le but et la fonction des pare-feu au niveau de la couche de transport, en d\u00e9crivant les strat\u00e9gies de liste blanche et de liste noire pour la gestion du trafic de r\u00e9seau via le filtrage des ports.<\/li>\n\n\n\n<li>Analyser le r\u00f4le des filtres de couche d&rsquo;application (ALF) dans l\u2019identification et le blocage du contenu malveillant, en comparant leur efficacit\u00e9 aux pare-feu de couche de transport dans la protection contre les menaces de r\u00e9seau.<\/li>\n\n\n\n<li>D\u00e9crire les caract\u00e9ristiques et les diff\u00e9rences entre les topologies de r\u00e9seau courantes (\u00e9toile, bus, anneau, maillage et arbre) et leur pertinence dans les r\u00e9seaux sans fil, en soulignant l&rsquo;importance de la topologie en \u00e9toile dans les infrastructures de r\u00e9seau communautaire.<\/li>\n\n\n\n<li>Appliquer la connaissance des topologies de r\u00e9seau afin de s\u00e9lectionner la plus appropri\u00e9e pour divers sc\u00e9narios de r\u00e9seaux sans fil, en tenant compte de facteurs tels que l&rsquo;efficacit\u00e9, le co\u00fbt et la fiabilit\u00e9.<\/li>\n\n\n\n<li>Comprendre et analyser les fondamentaux de l\u2019IdO, y compris ses composants, ses protocoles de communication, ses d\u00e9fis et son potentiel de transformation dans tous les secteurs.<\/li>\n\n\n\n<li>Comprendre l\u2019\u00e9volution, les fonctionnalit\u00e9s et les technologies cl\u00e9s des diff\u00e9rentes g\u00e9n\u00e9rations Wi-Fi, \u00e9valuer leur impact sur les performances, la port\u00e9e et les applications, et anticiper les tendances futures.<\/li>\n\n\n\n<li>Configurer les appareils RF de mani\u00e8re efficace et s\u00e9curis\u00e9e, en appliquant les connaissances des couches physiques et de liaison ainsi que les mesures de s\u00e9curit\u00e9 appropri\u00e9es.<\/li>\n\n\n\n<li>Concevoir, mettre en \u0153uvre et \u00e9valuer des strat\u00e9gies de s\u00e9curit\u00e9 compl\u00e8tes pour les r\u00e9seaux sans fil, en utilisant des outils et des protocoles qui prot\u00e8gent l&rsquo;infrastructure et les donn\u00e9es des utilisateurs.<\/li>\n\n\n\n<li>D\u00e9velopper des comp\u00e9tences de configuration, d&rsquo;optimisation et de d\u00e9pannage des r\u00e9seaux sans fil \u00e0 l&rsquo;aide d&rsquo;outils modernes pour garantir une connectivit\u00e9, une s\u00e9curit\u00e9 et des performances optimales.<\/li>\n<\/ul>\n\n\n\n<div style=\"height:30px\" aria-hidden=\"true\" class=\"wp-block-spacer\"><\/div>\n\n\n\n<h3 class=\"wp-block-heading\" id=\"who-should-attend-this-course\">Qui peut suivre cette formation ?<\/h3>\n\n\n\n<div style=\"height:20px\" aria-hidden=\"true\" class=\"wp-block-spacer\"><\/div>\n\n\n\n<p>Techniciens, leaders communautaires ou toute autre partie prenante int\u00e9ress\u00e9e ou impliqu\u00e9e dans les initiatives des r\u00e9seaux communautaires.<br><br>Vous devez suivre cette formation si vous souhaitez devenir un expert en planification, d\u00e9ploiement ou gestion des r\u00e9seaux communautaires.<\/p>\n\n\n\n<div style=\"height:30px\" aria-hidden=\"true\" class=\"wp-block-spacer\"><\/div>\n\n\n\n<h3 class=\"wp-block-heading\" id=\"how-do-i-enroll-in-a-course\">Comment m\u2019inscrire \u00e0 cette formation ?<\/h3>\n\n\n\n<div style=\"height:20px\" aria-hidden=\"true\" class=\"wp-block-spacer\"><\/div>\n\n\n<div class=\"wp-block-uagb-faq uagb-faq__outer-wrap uagb-block-6ee02dd0 uagb-faq-icon-row-reverse uagb-faq-layout-accordion uagb-faq-expand-first-false uagb-faq-inactive-other-true uagb-faq__wrap uagb-buttons-layout-wrap uagb-faq-equal-height     \" data-faqtoggle=\"true\" role=\"tablist\"><div class=\"wp-block-uagb-faq-child uagb-faq-child__outer-wrap uagb-faq-item uagb-block-bf99015a \" role=\"tab\" tabindex=\"0\"><div class=\"uagb-faq-questions-button uagb-faq-questions\">\t\t\t<span class=\"uagb-icon uagb-faq-icon-wrap\">\n\t\t\t\t\t\t\t\t<svg xmlns=\"https:\/\/www.w3.org\/2000\/svg\" viewBox= \"0 0 448 512\"><path d=\"M432 256c0 17.69-14.33 32.01-32 32.01H256v144c0 17.69-14.33 31.99-32 31.99s-32-14.3-32-31.99v-144H48c-17.67 0-32-14.32-32-32.01s14.33-31.99 32-31.99H192v-144c0-17.69 14.33-32.01 32-32.01s32 14.32 32 32.01v144h144C417.7 224 432 238.3 432 256z\"><\/path><\/svg>\n\t\t\t\t\t\t\t<\/span>\n\t\t\t\t\t\t<span class=\"uagb-icon-active uagb-faq-icon-wrap\">\n\t\t\t\t\t\t\t\t<svg xmlns=\"https:\/\/www.w3.org\/2000\/svg\" viewBox= \"0 0 448 512\"><path d=\"M400 288h-352c-17.69 0-32-14.32-32-32.01s14.31-31.99 32-31.99h352c17.69 0 32 14.3 32 31.99S417.7 288 400 288z\"><\/path><\/svg>\n\t\t\t\t\t\t\t<\/span>\n\t\t\t<h3 class=\"uagb-question\">Comment puis-je acc\u00e9der \u00e0 la plateforme d&rsquo;apprentissage en tant que membre de l&rsquo;Internet Society ?<\/h3><\/div><div class=\"uagb-faq-content\"><p>En tant que membre de l&rsquo;Internet Society, vous pouvez acc\u00e9der au lien suivant : <a href=\"https:\/\/learning.internetsociety.org\/\">learning.internetsociety.org<\/a>, avec vos identifiants de connexion de membre. Il n&rsquo;est pas n\u00e9cessaire de cr\u00e9er un nouveau compte. Si vous ne vous souvenez pas de vos informations de connexion, s\u00e9lectionnez <strong>Forgot Login ?<\/strong> pour recevoir votre nom d&rsquo;utilisateur et un lien pour r\u00e9initialiser votre mot de passe. Une fois connect\u00e9, vous allez pouvoir consulter le catalogue des cours et s\u00e9lectionner le cours auquel vous souhaitez vous inscrire.<\/p><\/div><\/div><div class=\"wp-block-uagb-faq-child uagb-faq-child__outer-wrap uagb-faq-item uagb-block-3f0a0153 \" role=\"tab\" tabindex=\"0\"><div class=\"uagb-faq-questions-button uagb-faq-questions\">\t\t\t<span class=\"uagb-icon uagb-faq-icon-wrap\">\n\t\t\t\t\t\t\t\t<svg xmlns=\"https:\/\/www.w3.org\/2000\/svg\" viewBox= \"0 0 448 512\"><path d=\"M432 256c0 17.69-14.33 32.01-32 32.01H256v144c0 17.69-14.33 31.99-32 31.99s-32-14.3-32-31.99v-144H48c-17.67 0-32-14.32-32-32.01s14.33-31.99 32-31.99H192v-144c0-17.69 14.33-32.01 32-32.01s32 14.32 32 32.01v144h144C417.7 224 432 238.3 432 256z\"><\/path><\/svg>\n\t\t\t\t\t\t\t<\/span>\n\t\t\t\t\t\t<span class=\"uagb-icon-active uagb-faq-icon-wrap\">\n\t\t\t\t\t\t\t\t<svg xmlns=\"https:\/\/www.w3.org\/2000\/svg\" viewBox= \"0 0 448 512\"><path d=\"M400 288h-352c-17.69 0-32-14.32-32-32.01s14.31-31.99 32-31.99h352c17.69 0 32 14.3 32 31.99S417.7 288 400 288z\"><\/path><\/svg>\n\t\t\t\t\t\t\t<\/span>\n\t\t\t<h3 class=\"uagb-question\">Comment puis-je acc\u00e9der \u00e0 la plateforme d&rsquo;apprentissage en tant que non-membre ?<\/h3><\/div><div class=\"uagb-faq-content\"><p>Tant les visiteurs que les membres de l&rsquo;Internet Society peuvent acc\u00e9der \u00e0 la plateforme d&rsquo;apprentissage. Pour s&rsquo;inscrire comme l&rsquo;un ou l&rsquo;autre, cliquez sur <strong>Register <\/strong>dans la case de connexion \u00e0 <a href=\"https:\/\/learning.internetsociety.org\/\">learning.internetsociety.org<\/a>. Ensuite, soit inscrivez-vous en tant que membre, ou cliquez sur <strong>le formulaire d&rsquo;inscription<\/strong> pour vous inscrire en tant que visiteur. Une fois que vous avez cr\u00e9\u00e9 un compte, vous pouvez utiliser les informations d&rsquo;identification que vous avez cr\u00e9\u00e9es (nom d&rsquo;utilisateur et mot de passe) pour vous connecter \u00e0 <a href=\"https:\/\/learning.internetsociety.org\/\">learning.internetsociety.org<\/a>. Une fois connect\u00e9, vous allez pouvoir consulter le catalogue des cours et vous inscrire \u00e0 des cours.<\/p><\/div><\/div><div class=\"wp-block-uagb-faq-child uagb-faq-child__outer-wrap uagb-faq-item uagb-block-092e9d23 \" role=\"tab\" tabindex=\"0\"><div class=\"uagb-faq-questions-button uagb-faq-questions\">\t\t\t<span class=\"uagb-icon uagb-faq-icon-wrap\">\n\t\t\t\t\t\t\t\t<svg xmlns=\"https:\/\/www.w3.org\/2000\/svg\" viewBox= \"0 0 448 512\"><path d=\"M432 256c0 17.69-14.33 32.01-32 32.01H256v144c0 17.69-14.33 31.99-32 31.99s-32-14.3-32-31.99v-144H48c-17.67 0-32-14.32-32-32.01s14.33-31.99 32-31.99H192v-144c0-17.69 14.33-32.01 32-32.01s32 14.32 32 32.01v144h144C417.7 224 432 238.3 432 256z\"><\/path><\/svg>\n\t\t\t\t\t\t\t<\/span>\n\t\t\t\t\t\t<span class=\"uagb-icon-active uagb-faq-icon-wrap\">\n\t\t\t\t\t\t\t\t<svg xmlns=\"https:\/\/www.w3.org\/2000\/svg\" viewBox= \"0 0 448 512\"><path d=\"M400 288h-352c-17.69 0-32-14.32-32-32.01s14.31-31.99 32-31.99h352c17.69 0 32 14.3 32 31.99S417.7 288 400 288z\"><\/path><\/svg>\n\t\t\t\t\t\t\t<\/span>\n\t\t\t<h3 class=\"uagb-question\">Comment puis-je m\u2019inscrire \u00e0 un cours ?<\/h3><\/div><div class=\"uagb-faq-content\"><p>Parcourez les cours disponibles dans le catalogue des cours ou utilisez la barre de recherche pour trouver le cours auquel vous souhaitez vous inscrire. Sur chaque page de cours, cliquez sur le bouton \u00ab <strong>Enroll <\/strong>\u00bb dans le coin en haut, \u00e0 droite de la page pour \u00eatre imm\u00e9diatement ajout\u00e9 \u00e0 un cours. Une fois votre inscription r\u00e9ussie, vous pourrez voir le cours sous \u00ab <strong>My Courses and Learning Plans<\/strong> \u00bb. Vous allez \u00e9galement voir des informations sur le formateur du cours, consulter les forums du cours et acc\u00e9der \u00e0 tous les modules qui sont disponibles. Si le cours n&rsquo;a pas encore commenc\u00e9, vous ne verrez aucun module tant que ce dernier n&rsquo;aura pas commenc\u00e9.\u00a0\u00a0<\/p><\/div><\/div><div class=\"wp-block-uagb-faq-child uagb-faq-child__outer-wrap uagb-faq-item uagb-block-7c96f335 \" role=\"tab\" tabindex=\"0\"><div class=\"uagb-faq-questions-button uagb-faq-questions\">\t\t\t<span class=\"uagb-icon uagb-faq-icon-wrap\">\n\t\t\t\t\t\t\t\t<svg xmlns=\"https:\/\/www.w3.org\/2000\/svg\" viewBox= \"0 0 448 512\"><path d=\"M432 256c0 17.69-14.33 32.01-32 32.01H256v144c0 17.69-14.33 31.99-32 31.99s-32-14.3-32-31.99v-144H48c-17.67 0-32-14.32-32-32.01s14.33-31.99 32-31.99H192v-144c0-17.69 14.33-32.01 32-32.01s32 14.32 32 32.01v144h144C417.7 224 432 238.3 432 256z\"><\/path><\/svg>\n\t\t\t\t\t\t\t<\/span>\n\t\t\t\t\t\t<span class=\"uagb-icon-active uagb-faq-icon-wrap\">\n\t\t\t\t\t\t\t\t<svg xmlns=\"https:\/\/www.w3.org\/2000\/svg\" viewBox= \"0 0 448 512\"><path d=\"M400 288h-352c-17.69 0-32-14.32-32-32.01s14.31-31.99 32-31.99h352c17.69 0 32 14.3 32 31.99S417.7 288 400 288z\"><\/path><\/svg>\n\t\t\t\t\t\t\t<\/span>\n\t\t\t<h3 class=\"uagb-question\">Comment puis-je m&rsquo;inscrire sur la liste d&rsquo;attente d&rsquo;un cours ?<\/h3><\/div><div class=\"uagb-faq-content\"><p>Si vous \u00eates sur la page d&rsquo;un cours et que le bouton en haut \u00e0 droite de la page indique \u00ab <strong>Enroll (Waiting List)<\/strong> \u00bb cela signifie que le cours a atteint le nombre maximum de participants pouvant s&rsquo;inscrire. Vous pouvez cliquer sur le bouton pour vous inscrire sur la liste d&rsquo;attente du cours et vous serez notifi\u00e9 si une place se lib\u00e8re.<\/p><\/div><\/div><div class=\"wp-block-uagb-faq-child uagb-faq-child__outer-wrap uagb-faq-item uagb-block-4ea29835 \" role=\"tab\" tabindex=\"0\"><div class=\"uagb-faq-questions-button uagb-faq-questions\">\t\t\t<span class=\"uagb-icon uagb-faq-icon-wrap\">\n\t\t\t\t\t\t\t\t<svg xmlns=\"https:\/\/www.w3.org\/2000\/svg\" viewBox= \"0 0 448 512\"><path d=\"M432 256c0 17.69-14.33 32.01-32 32.01H256v144c0 17.69-14.33 31.99-32 31.99s-32-14.3-32-31.99v-144H48c-17.67 0-32-14.32-32-32.01s14.33-31.99 32-31.99H192v-144c0-17.69 14.33-32.01 32-32.01s32 14.32 32 32.01v144h144C417.7 224 432 238.3 432 256z\"><\/path><\/svg>\n\t\t\t\t\t\t\t<\/span>\n\t\t\t\t\t\t<span class=\"uagb-icon-active uagb-faq-icon-wrap\">\n\t\t\t\t\t\t\t\t<svg xmlns=\"https:\/\/www.w3.org\/2000\/svg\" viewBox= \"0 0 448 512\"><path d=\"M400 288h-352c-17.69 0-32-14.32-32-32.01s14.31-31.99 32-31.99h352c17.69 0 32 14.3 32 31.99S417.7 288 400 288z\"><\/path><\/svg>\n\t\t\t\t\t\t\t<\/span>\n\t\t\t<h3 class=\"uagb-question\">Comment puis-je choisir le bon format de cours ?<\/h3><\/div><div class=\"uagb-faq-content\"><p>En parcourant le catalogue de cours, vous verrez plusieurs versions d&rsquo;un m\u00eame cours mises \u00e0 disposition. Tous les cours \u00e9tant disponibles en anglais, en fran\u00e7ais et en espagnol, vous devez d&rsquo;abord s\u00e9lectionner la langue qui vous convient. Vous pouvez le faire en s\u00e9lectionnant la langue de votre choix dans le filtre de gauche du catalogue de cours ou en choisissant le cours qui indique la bonne langue (EN=Anglais, FR=Fran\u00e7ais, ES=Espagnol).<br>\u00a0<br>Vous avez \u00e9galement la possibilit\u00e9 de choisir le format qui convient le mieux \u00e0 votre type de connexion. Tous les cours ont trois options de format : haut d\u00e9bit, bas d\u00e9bit et \u00e0 base de texte pour toutes les connexions. Vous pouvez filtrer par option de bande passante dans le filtre de gauche du catalogue de cours ou s\u00e9lectionner l&rsquo;onglet \u00ab <strong>Additional Information<\/strong> \u00bb lorsque vous consultez un cours pour voir quelle connexion de bande passante vous avez s\u00e9lectionn\u00e9e.<br>\u00a0<br>Si vous avez des questions sur la version qui vous correspond le mieux, n&rsquo;h\u00e9sitez pas \u00e0 nous contacter \u00e0 l&rsquo;adresse <a href=\"mailto:learning@isoc.org\" target=\"_blank\" rel=\"noreferrer noopener\">learning@isoc.org<\/a> pour obtenir de l&rsquo;aide.<\/p><\/div><\/div><\/div>\n\n\n<div style=\"height:20px\" aria-hidden=\"true\" class=\"wp-block-spacer\"><\/div>\n\n\n\n\n<div class=\"wp-block-buttons is-vertical is-content-justification-left is-layout-flex wp-container-core-buttons-is-layout-c0ca7d81 wp-block-buttons-is-layout-flex\">\n<div class=\"wp-block-button\"><a class=\"wp-block-button__link has-depth-teal-background-color has-background wp-element-button\" href=\"https:\/\/learning.internetsociety.org\/learn\/lp\/1808\/creation-de-reseaux-communautaires-sans-fil-fevrier-2026?generated_by=19202&amp;hash=f72a8e356fda613e3e0a7e19d9a1633d3a570f45\">S&rsquo;inscrivez-vous maintenant<\/a><\/div>\n<\/div>\n\n\n\n<div style=\"height:40px\" aria-hidden=\"true\" class=\"wp-block-spacer\"><\/div>\n\n\n\n\n<h3 class=\"wp-block-heading\" id=\"timeline\">Par o\u00f9 commencer ?<\/h3>\n\n\n\n<div style=\"height:20px\" aria-hidden=\"true\" class=\"wp-block-spacer\"><\/div>\n\n\n\n<p>La formation dure six semaines. La p\u00e9riode d\u2019inscription ouvre trois semaines avant la date de d\u00e9but de la formation.<\/p>\n\n\n\n<div class=\"wp-block-buttons uag-hide-desktop uag-hide-tab uag-hide-mob is-layout-flex wp-block-buttons-is-layout-flex\">\n<div class=\"wp-block-button\"><a class=\"wp-block-button__link has-depth-teal-background-color has-background wp-element-button\" href=\"https:\/\/learning.internetsociety.org\/learn\/lp\/1808\/creation-de-reseaux-communautaires-sans-fil-fevrier-2026?generated_by=19202&amp;hash=f72a8e356fda613e3e0a7e19d9a1633d3a570f45\">Inscrivez-vous maintenant<\/a><\/div>\n<\/div>\n\n\n<\/div>\n\n\n\n<div class=\"wp-block-uagb-column uagb-column__wrap uagb-column__background-none uagb-block-6891ab3a\"><div class=\"uagb-column__overlay\"><\/div>\n<div class=\"wp-block-cover is-light\" style=\"min-height:200px;aspect-ratio:unset;\"><span aria-hidden=\"true\" class=\"wp-block-cover__background has-neutral-white-background-color has-background-dim-100 has-background-dim\"><\/span><div class=\"wp-block-cover__inner-container is-layout-flow wp-block-cover-is-layout-flow\">\n<p class=\"has-text-align-center\">Formation anim\u00e9e par un mod\u00e9rateur<\/p>\n\n\n\n<p class=\"has-text-align-center\">Dur\u00e9e approximative :<br> 6 semaines<\/p>\n\n\n\n<p class=\"has-text-align-center\">Disponible en<br>anglais et espagnol<\/p>\n\n\n\n\n<div class=\"wp-block-buttons is-vertical is-content-justification-center is-layout-flex wp-container-core-buttons-is-layout-4b2eccd6 wp-block-buttons-is-layout-flex\">\n<div class=\"wp-block-button\"><a class=\"wp-block-button__link has-depth-teal-background-color has-background wp-element-button\" href=\"https:\/\/learning.internetsociety.org\/learn\/lp\/1808\/creation-de-reseaux-communautaires-sans-fil-fevrier-2026?generated_by=19202&amp;hash=f72a8e356fda613e3e0a7e19d9a1633d3a570f45\">S&rsquo;inscrivez-vous maintenant<\/a><\/div>\n<\/div>\n\n<\/div><\/div>\n<\/div>\n<\/div><\/section>\n","protected":false},"excerpt":{"rendered":"<p>Cette formation vise \u00e0 cr\u00e9er des r\u00e9seaux sans fil qui appartiennent \u00e0 la communaut\u00e9 et sont exploit\u00e9s par elle.<\/p>\n","protected":false},"author":1844,"featured_media":219098,"parent":133586,"menu_order":0,"comment_status":"closed","ping_status":"closed","template":"page-wide.php","meta":{"_acf_changed":false,"_uag_custom_page_level_css":"","footnotes":""},"categories":[],"tags":[6024],"region_news_regions":[],"content_category":[],"ppma_author":[5969],"class_list":["post-219124","page","type-page","status-publish","has-post-thumbnail","hentry","tag-cours-avec-moderateur"],"acf":[],"uagb_featured_image_src":{"full":["https:\/\/www.internetsociety.org\/wp-content\/uploads\/2025\/01\/Building-Wireless-CNs.jpg",1600,800,false],"thumbnail":["https:\/\/www.internetsociety.org\/wp-content\/uploads\/2025\/01\/Building-Wireless-CNs-150x150.jpg",150,150,true],"medium":["https:\/\/www.internetsociety.org\/wp-content\/uploads\/2025\/01\/Building-Wireless-CNs-450x225.jpg",450,225,true],"medium_large":["https:\/\/www.internetsociety.org\/wp-content\/uploads\/2025\/01\/Building-Wireless-CNs-768x384.jpg",768,384,true],"large":["https:\/\/www.internetsociety.org\/wp-content\/uploads\/2025\/01\/Building-Wireless-CNs-1024x512.jpg",1024,512,true],"1536x1536":["https:\/\/www.internetsociety.org\/wp-content\/uploads\/2025\/01\/Building-Wireless-CNs-1536x768.jpg",1536,768,true],"2048x2048":["https:\/\/www.internetsociety.org\/wp-content\/uploads\/2025\/01\/Building-Wireless-CNs.jpg",1600,800,false],"post-thumbnail":["https:\/\/www.internetsociety.org\/wp-content\/uploads\/2025\/01\/Building-Wireless-CNs-250x125.jpg",250,125,true],"square":["https:\/\/www.internetsociety.org\/wp-content\/uploads\/2025\/01\/Building-Wireless-CNs-600x600.jpg",600,600,true],"gform-image-choice-sm":["https:\/\/www.internetsociety.org\/wp-content\/uploads\/2025\/01\/Building-Wireless-CNs-300x300.jpg",300,300,true],"gform-image-choice-md":["https:\/\/www.internetsociety.org\/wp-content\/uploads\/2025\/01\/Building-Wireless-CNs-400x400.jpg",400,400,true],"gform-image-choice-lg":["https:\/\/www.internetsociety.org\/wp-content\/uploads\/2025\/01\/Building-Wireless-CNs-600x600.jpg",600,600,true]},"uagb_author_info":{"display_name":"Celia Richardson","author_link":"https:\/\/www.internetsociety.org\/fr\/author\/richardson\/"},"uagb_comment_info":0,"uagb_excerpt":"Cette formation vise \u00e0 cr\u00e9er des r\u00e9seaux sans fil qui appartiennent \u00e0 la communaut\u00e9 et sont exploit\u00e9s par elle.","_links":{"self":[{"href":"https:\/\/www.internetsociety.org\/fr\/wp-json\/wp\/v2\/pages\/219124","targetHints":{"allow":["GET"]}}],"collection":[{"href":"https:\/\/www.internetsociety.org\/fr\/wp-json\/wp\/v2\/pages"}],"about":[{"href":"https:\/\/www.internetsociety.org\/fr\/wp-json\/wp\/v2\/types\/page"}],"author":[{"embeddable":true,"href":"https:\/\/www.internetsociety.org\/fr\/wp-json\/wp\/v2\/users\/1844"}],"replies":[{"embeddable":true,"href":"https:\/\/www.internetsociety.org\/fr\/wp-json\/wp\/v2\/comments?post=219124"}],"version-history":[{"count":1,"href":"https:\/\/www.internetsociety.org\/fr\/wp-json\/wp\/v2\/pages\/219124\/revisions"}],"predecessor-version":[{"id":247935,"href":"https:\/\/www.internetsociety.org\/fr\/wp-json\/wp\/v2\/pages\/219124\/revisions\/247935"}],"up":[{"embeddable":true,"href":"https:\/\/www.internetsociety.org\/fr\/wp-json\/wp\/v2\/pages\/133586"}],"wp:featuredmedia":[{"embeddable":true,"href":"https:\/\/www.internetsociety.org\/fr\/wp-json\/wp\/v2\/media\/219098"}],"wp:attachment":[{"href":"https:\/\/www.internetsociety.org\/fr\/wp-json\/wp\/v2\/media?parent=219124"}],"wp:term":[{"taxonomy":"category","embeddable":true,"href":"https:\/\/www.internetsociety.org\/fr\/wp-json\/wp\/v2\/categories?post=219124"},{"taxonomy":"post_tag","embeddable":true,"href":"https:\/\/www.internetsociety.org\/fr\/wp-json\/wp\/v2\/tags?post=219124"},{"taxonomy":"region_news_regions","embeddable":true,"href":"https:\/\/www.internetsociety.org\/fr\/wp-json\/wp\/v2\/region_news_regions?post=219124"},{"taxonomy":"content_category","embeddable":true,"href":"https:\/\/www.internetsociety.org\/fr\/wp-json\/wp\/v2\/content_category?post=219124"},{"taxonomy":"author","embeddable":true,"href":"https:\/\/www.internetsociety.org\/fr\/wp-json\/wp\/v2\/ppma_author?post=219124"}],"curies":[{"name":"wp","href":"https:\/\/api.w.org\/{rel}","templated":true}]}}