{"id":218520,"date":"2024-12-18T18:33:23","date_gmt":"2024-12-18T18:33:23","guid":{"rendered":"https:\/\/www.internetsociety.org\/?page_id=218520"},"modified":"2025-02-21T22:28:28","modified_gmt":"2025-02-21T22:28:28","slug":"structure-et-organisations-affiliees","status":"publish","type":"page","link":"https:\/\/www.internetsociety.org\/fr\/transparence\/structure-et-organisations-affiliees\/","title":{"rendered":"Structure et organisations affili\u00e9es"},"content":{"rendered":"\n<section class=\"wp-block-uagb-columns uagb-columns__wrap uagb-columns__background-image uagb-columns__stack-mobile uagb-columns__valign- uagb-columns__gap-10 align uagb-block-d6a40f3e uagb-columns__columns-1 uagb-columns__max_width-theme background-image-fallback-black\"><div class=\"uagb-columns__overlay\"><\/div><div class=\"uagb-columns__inner-wrap uagb-columns__columns-1\">\n<div class=\"wp-block-uagb-column uagb-column__wrap uagb-column__background-undefined uagb-block-87a6a79b\"><div class=\"uagb-column__overlay\"><\/div>\n<p class=\"has-neutral-white-color has-text-color has-18-font-size\"><a href=\"https:\/\/www.internetsociety.org\/fr\/transparence\/\">Transparence<\/a> &gt; Structure et organisations affili\u00e9es<\/p>\n\n\n\n<div style=\"height:30px\" aria-hidden=\"true\" class=\"wp-block-spacer\"><\/div>\n\n\n\n<h1 class=\"wp-block-heading has-neutral-white-color has-text-color\">Structure et organisations affili\u00e9es<\/h1>\n<\/div>\n<\/div><\/section>\n\n\n\n<section class=\"wp-block-uagb-columns uagb-columns__wrap uagb-columns__background-none uagb-columns__stack-tablet uagb-columns__valign- uagb-columns__gap-10 align uagb-block-f5cc051d uagb-columns__columns-1 uagb-columns__max_width-theme\"><div class=\"uagb-columns__overlay\"><\/div><div class=\"uagb-columns__inner-wrap uagb-columns__columns-1\">\n<div class=\"wp-block-uagb-column uagb-column__wrap uagb-column__background-undefined uagb-block-b5e92d07\"><div class=\"uagb-column__overlay\"><\/div>\n<p class=\"has-18-font-size\">L\u2019Internet Society est une organisation \u00e0 but non lucratif du District de Columbia et un organisme de bienfaisance public am\u00e9ricain r\u00e9gi par le statut 501(c)(3). L\u2019Internet Society est le seul membre de l\u2019Internet Engineering Task Force Administration LLC (IETF LLC), du Registre d\u2019int\u00e9r\u00eat public (PIR), de la Fondation Internet Society et de la Connected Giving Foundation (CGF).<\/p>\n\n\n\n<div style=\"height:40px\" aria-hidden=\"true\" class=\"wp-block-spacer\"><\/div>\n\n\n<div class=\"wp-block-image is-style-default\">\n<figure class=\"aligncenter size-full is-resized\"><img loading=\"lazy\" decoding=\"async\" width=\"924\" height=\"563\" src=\"https:\/\/www.internetsociety.org\/wp-content\/uploads\/2025\/02\/structure-chart-fr.png\" alt=\"Organigramme montrant la structure de l'Internet Society et de ses organisations apparent\u00e9es. L'Internet Society est l'organisation m\u00e8re, l'IETF \u00e9tant sur la m\u00eame ligne en tant qu'entit\u00e9 ignor\u00e9e. Le PIR (Financement de l'Internet Society et de ses filiales), la Fondation Internet Society (octroi de subventions, collecte de fonds, communications, d\u00e9veloppement communautaire et formation) et la Connected Giving Foundation (gestion des investissements) sont toutes des organisations apparent\u00e9es.\n\" class=\"wp-image-220039\" style=\"width:800px\" srcset=\"https:\/\/www.internetsociety.org\/wp-content\/uploads\/2025\/02\/structure-chart-fr.png 924w, https:\/\/www.internetsociety.org\/wp-content\/uploads\/2025\/02\/structure-chart-fr-450x274.png 450w, https:\/\/www.internetsociety.org\/wp-content\/uploads\/2025\/02\/structure-chart-fr-768x468.png 768w, https:\/\/www.internetsociety.org\/wp-content\/uploads\/2025\/02\/structure-chart-fr-250x152.png 250w\" sizes=\"auto, (max-width: 924px) 100vw, 924px\" \/><\/figure>\n<\/div>\n\n\n<div style=\"height:60px\" aria-hidden=\"true\" class=\"wp-block-spacer\"><\/div>\n\n\n\n<h2 class=\"wp-block-heading has-32-font-size\" id=\"cgf\">Connected Giving Foundation<\/h2>\n\n\n\n<div style=\"height:20px\" aria-hidden=\"true\" class=\"wp-block-spacer\"><\/div>\n\n\n\n<p class=\"has-18-font-size\">La Connected Giving Foundation est une organisation \u00e0 but non lucratif de Pennsylvanie et un organisme de bienfaisance public am\u00e9ricain r\u00e9gi par le statut 501(c)(3). La CGF est une filiale de l\u2019Internet Society et soutient la mission de l\u2019Internet Society. La CGF g\u00e8re les actifs d\u2019investissement au profit de l\u2019Internet Society et de la Fondation Internet Society.<\/p>\n\n\n\n<div style=\"height:20px\" aria-hidden=\"true\" class=\"wp-block-spacer\"><\/div>\n\n\n\n<h2 class=\"wp-block-heading has-32-font-size\" id=\"ietf\">Internet Engineering Task Force Administration LLC (IETF LLC)<\/h2>\n\n\n\n<div style=\"height:20px\" aria-hidden=\"true\" class=\"wp-block-spacer\"><\/div>\n\n\n\n<p class=\"has-18-font-size\">L\u2019IETF LLC est une soci\u00e9t\u00e9 \u00e0 responsabilit\u00e9 limit\u00e9e du Delaware. Depuis 1992, l\u2019Internet Society soutient l\u2019<a href=\"https:\/\/www.internetsociety.org\/fr\/about-the-ietf\/\">Internet Engineering Task Force (IETF)<\/a> en lui fournissant un cadre institutionnel. En 2018, l\u2019IETF LLC a \u00e9t\u00e9 cr\u00e9\u00e9 pour fournir un cadre juridique distinct aux groupes responsables des normes d\u2019infrastructure Internet, notamment l\u2019IETF et l\u2019IAB.<\/p>\n\n\n\n<p class=\"has-18-font-size\">L\u2019IETF LLC est une \u00ab LLC \u00e0 membre unique \u00bb et est une \u00ab entit\u00e9 ignor\u00e9e \u00bb de l\u2019<a href=\"https:\/\/www.internetsociety.org\/fr\/\">Internet Society<\/a>. Lorsqu\u2019une LLC (c&rsquo;est-\u00e0-dire une \u00ab soci\u00e9t\u00e9 \u00e0 responsabilit\u00e9 limit\u00e9e \u00bb) est \u00ab ignor\u00e9e \u00bb, cela signifie qu\u2019\u00e0 des fins fiscales f\u00e9d\u00e9rales aux \u00c9tats-Unis, la LLC est trait\u00e9e comme une division ou une branche de son membre unique. \u00c9tant donn\u00e9 que l\u2019Internet Society est le seul membre de l\u2019IETF LLC, l\u2019administration fiscale des \u00c9tats-Unis (IRS, Internal Revenue Service) consid\u00e8re l\u2019IETF LLC comme une division ou une branche de l\u2019Internet Society, m\u00eame si l\u2019IETF est techniquement une entit\u00e9 distincte et fonctionne g\u00e9n\u00e9ralement ind\u00e9pendamment de l\u2019Internet Society.&nbsp;<\/p>\n\n\n\n<p class=\"has-18-font-size\">En tant que LLC ignor\u00e9e de l\u2019Internet Society, l\u2019IETF est \u00e9galement trait\u00e9 comme un organisme de bienfaisance public r\u00e9gi par le statut 501(c)(3). L\u2019IETF b\u00e9n\u00e9ficie du statut d\u2019organisme de bienfaisance public de l\u2019Internet Society, m\u00eame s\u2019il ne dispose pas d\u2019un enregistrement distinct aupr\u00e8s de l\u2019IRS. Ce statut sp\u00e9cial permet \u00e9galement \u00e0 l\u2019IETF de recevoir des dons d\u00e9ductibles des imp\u00f4ts f\u00e9d\u00e9raux am\u00e9ricains sans avoir d\u2019enregistrement distinct aupr\u00e8s de l\u2019IRS. Un donateur peut faire des dons directement \u00e0 l\u2019IETF ou directement \u00e0 l\u2019Internet Society au profit de l\u2019IETF. Dans les deux cas, l\u2019IRS consid\u00e8re les dons comme des dons \u00e0 l\u2019Internet Society \u00e0 des fins fiscales f\u00e9d\u00e9rales, mais les dons sont destin\u00e9s \u00e0 soutenir les activit\u00e9s de l\u2019IETF plut\u00f4t que celles de l\u2019Internet Society.<\/p>\n\n\n\n<p class=\"has-18-font-size\">Le statut sp\u00e9cial de l\u2019IETF LLC signifie \u00e9galement que l\u2019IETF ne d\u00e9pose pas son propre formulaire 990 ; il est int\u00e9gr\u00e9 au formulaire 990 de l\u2019Internet Society.&nbsp;&nbsp;<\/p>\n\n\n\n<div style=\"height:20px\" aria-hidden=\"true\" class=\"wp-block-spacer\"><\/div>\n\n\n\n<h2 class=\"wp-block-heading has-32-font-size\" id=\"foundation\">Fondation Internet Society<\/h2>\n\n\n\n<div style=\"height:20px\" aria-hidden=\"true\" class=\"wp-block-spacer\"><\/div>\n\n\n\n<p class=\"has-18-font-size\"><a href=\"https:\/\/www.isocfoundation.org\/fr\/\">La Fondation Internet Society<\/a> est une organisation \u00e0 but non lucratif du District de Columbia et un organisme de bienfaisance public am\u00e9ricain r\u00e9gi par le statut 501(c)(3). C\u2019est une filiale de l\u2019Internet Society qui soutient la mission de l\u2019Internet Society. En tant que ressource centrale pour les <a href=\"https:\/\/www.isocfoundation.org\/fr\/programmes-de-bourses\/\">programmes de subventions<\/a>, la Fondation s\u2019efforce d\u2019\u00e9largir l\u2019acc\u00e8s et la connectivit\u00e9 \u00e0 Internet, de renforcer la r\u00e9silience de l\u2019Internet, de promouvoir l\u2019inclusion num\u00e9rique et de favoriser la recherche sur l&rsquo;avenir et la durabilit\u00e9 de l\u2019Internet. De plus, la Fondation soutient d\u2019importants travaux visant \u00e0 promouvoir la gouvernance de l\u2019Internet et assurer la s\u00e9curit\u00e9 de&nbsp;l\u2019Internet.<\/p>\n\n\n\n<p class=\"has-18-font-size\">La Fondation g\u00e8re \u00e9galement les subventions au nom des programmes de subventions de l\u2019Internet Society, participe \u00e0 la collecte de fonds pour soutenir l\u2019Internet Society, organise des programmes de formation et d\u2019apprentissage en ligne, g\u00e8re les communications et contribue par ailleurs \u00e0 accro\u00eetre l\u2019impact de l\u2019Internet Society.<\/p>\n\n\n\n<div style=\"height:20px\" aria-hidden=\"true\" class=\"wp-block-spacer\"><\/div>\n\n\n\n<h2 class=\"wp-block-heading has-32-font-size\" id=\"pir\">Registre d\u2019int\u00e9r\u00eat public (PIR, Public Interest Registry)<\/h2>\n\n\n\n<div style=\"height:20px\" aria-hidden=\"true\" class=\"wp-block-spacer\"><\/div>\n\n\n\n<p class=\"has-18-font-size\"><a href=\"https:\/\/www.internetsociety.org\/pir\/\" target=\"_blank\" rel=\"noreferrer noopener\">Le Registre d\u2019int\u00e9r\u00eat public (PIR, Public Interest Registry)<\/a> est une organisation \u00e0 but non lucratif de Pennsylvanie et un organisme de bienfaisance public am\u00e9ricain r\u00e9gi par le statut 501(c)(3). Le PIR est une filiale de l\u2019Internet Society et soutient la mission de l\u2019Internet Society. Le PIR est un op\u00e9rateur de registre qui g\u00e8re le domaine de premier niveau (TLD, Top-Level Domain) .ORG ainsi que d\u2019autres TLD pour les organisations \u00e0 but non lucratif. Le PIR g\u00e9n\u00e8re \u00e9galement des fonds au profit de l\u2019Internet Society et de la Fondation Internet Society.<\/p>\n<\/div>\n<\/div><\/section>\n","protected":false},"excerpt":{"rendered":"<p>Transparence &gt; Structure et organisations affili\u00e9es Structure et organisations affili\u00e9es L\u2019Internet Society est une organisation \u00e0 but non lucratif du District de Columbia et un organisme de bienfaisance public am\u00e9ricain r\u00e9gi par le statut 501(c)(3). L\u2019Internet Society est le seul membre de l\u2019Internet Engineering Task Force Administration LLC (IETF LLC), du Registre d\u2019int\u00e9r\u00eat public (PIR), [&hellip;]<\/p>\n","protected":false},"author":46,"featured_media":0,"parent":218513,"menu_order":0,"comment_status":"closed","ping_status":"closed","template":"page-wide.php","meta":{"_acf_changed":false,"_uag_custom_page_level_css":"","footnotes":""},"categories":[118],"tags":[],"region_news_regions":[],"content_category":[],"ppma_author":[4057],"class_list":["post-218520","page","type-page","status-publish","hentry","category-qui-sommes-nous"],"acf":[],"uagb_featured_image_src":{"full":false,"thumbnail":false,"medium":false,"medium_large":false,"large":false,"1536x1536":false,"2048x2048":false,"post-thumbnail":false,"square":false,"gform-image-choice-sm":false,"gform-image-choice-md":false,"gform-image-choice-lg":false},"uagb_author_info":{"display_name":"Ivana Trbovic","author_link":"https:\/\/www.internetsociety.org\/fr\/author\/trbovic\/"},"uagb_comment_info":0,"uagb_excerpt":"Transparence &gt; Structure et organisations affili\u00e9es Structure et organisations affili\u00e9es L\u2019Internet Society est une organisation \u00e0 but non lucratif du District de Columbia et un organisme de bienfaisance public am\u00e9ricain r\u00e9gi par le statut 501(c)(3). L\u2019Internet Society est le seul membre de l\u2019Internet Engineering Task Force Administration LLC (IETF LLC), du Registre d\u2019int\u00e9r\u00eat public (PIR),\u2026","_links":{"self":[{"href":"https:\/\/www.internetsociety.org\/fr\/wp-json\/wp\/v2\/pages\/218520","targetHints":{"allow":["GET"]}}],"collection":[{"href":"https:\/\/www.internetsociety.org\/fr\/wp-json\/wp\/v2\/pages"}],"about":[{"href":"https:\/\/www.internetsociety.org\/fr\/wp-json\/wp\/v2\/types\/page"}],"author":[{"embeddable":true,"href":"https:\/\/www.internetsociety.org\/fr\/wp-json\/wp\/v2\/users\/46"}],"replies":[{"embeddable":true,"href":"https:\/\/www.internetsociety.org\/fr\/wp-json\/wp\/v2\/comments?post=218520"}],"version-history":[{"count":0,"href":"https:\/\/www.internetsociety.org\/fr\/wp-json\/wp\/v2\/pages\/218520\/revisions"}],"up":[{"embeddable":true,"href":"https:\/\/www.internetsociety.org\/fr\/wp-json\/wp\/v2\/pages\/218513"}],"wp:attachment":[{"href":"https:\/\/www.internetsociety.org\/fr\/wp-json\/wp\/v2\/media?parent=218520"}],"wp:term":[{"taxonomy":"category","embeddable":true,"href":"https:\/\/www.internetsociety.org\/fr\/wp-json\/wp\/v2\/categories?post=218520"},{"taxonomy":"post_tag","embeddable":true,"href":"https:\/\/www.internetsociety.org\/fr\/wp-json\/wp\/v2\/tags?post=218520"},{"taxonomy":"region_news_regions","embeddable":true,"href":"https:\/\/www.internetsociety.org\/fr\/wp-json\/wp\/v2\/region_news_regions?post=218520"},{"taxonomy":"content_category","embeddable":true,"href":"https:\/\/www.internetsociety.org\/fr\/wp-json\/wp\/v2\/content_category?post=218520"},{"taxonomy":"author","embeddable":true,"href":"https:\/\/www.internetsociety.org\/fr\/wp-json\/wp\/v2\/ppma_author?post=218520"}],"curies":[{"name":"wp","href":"https:\/\/api.w.org\/{rel}","templated":true}]}}