{"id":216278,"date":"2024-11-18T17:03:42","date_gmt":"2024-11-18T17:03:42","guid":{"rendered":"https:\/\/www.internetsociety.org\/?page_id=216278"},"modified":"2026-02-26T16:11:04","modified_gmt":"2026-02-26T16:11:04","slug":"archives","status":"publish","type":"page","link":"https:\/\/www.internetsociety.org\/fr\/about-internet-society\/rapports-de-lorganisation\/archives\/","title":{"rendered":"Archives des rapports de l&rsquo;organisation plus ancienne"},"content":{"rendered":"\n<section class=\"wp-block-uagb-columns uagb-columns__wrap uagb-columns__background-image uagb-columns__stack-mobile uagb-columns__valign- uagb-columns__gap-10 align uagb-block-d6a40f3e uagb-columns__columns-1 uagb-columns__max_width-custom background-image-fallback-white\"><div class=\"uagb-columns__overlay\"><\/div><div class=\"uagb-columns__inner-wrap uagb-columns__columns-1\">\n<div class=\"wp-block-uagb-column uagb-column__wrap uagb-column__background-undefined uagb-block-87a6a79b\"><div class=\"uagb-column__overlay\"><\/div>\n<h1 class=\"wp-block-heading\">Archives des rapports de l&rsquo;organisation plus ancienne<\/h1>\n<\/div>\n<\/div><\/section>\n\n\n\n<section class=\"wp-block-uagb-columns uagb-columns__wrap uagb-columns__background-color uagb-columns__stack-tablet uagb-columns__valign- uagb-columns__gap-10 align uagb-block-29daa086 uagb-columns__columns-1 uagb-columns__max_width-custom grid-post-filter-view\"><div class=\"uagb-columns__overlay\"><\/div><div class=\"uagb-columns__inner-wrap uagb-columns__columns-1\">\n<div class=\"wp-block-uagb-column uagb-column__wrap uagb-column__background-undefined uagb-block-48634806\"><div class=\"uagb-column__overlay\"><\/div>\n<h2 class=\"wp-block-heading has-depth-blue-color has-text-color has-32-font-size\">Rapports annuels (2015-2019)<\/h2>\n\n\n\n<div style=\"height:20px\" aria-hidden=\"true\" class=\"wp-block-spacer\"><\/div>\n\n\n\n<div class=\"wp-block-columns is-layout-flex wp-container-core-columns-is-layout-9d6595d7 wp-block-columns-is-layout-flex\">\n<div class=\"wp-block-column is-layout-flow wp-block-column-is-layout-flow\">\n<h3 class=\"wp-block-heading has-28-font-size\" id=\"annual-reports\">Plans d\u2019action<\/h3>\n\n\n\n<div style=\"height:20px\" aria-hidden=\"true\" class=\"wp-block-spacer\"><\/div>\n\n\n\n<ul class=\"wp-block-list has-18-font-size\">\n<li>Plan d\u2019action 2020, <span class=\"tadv-color\" style=\"color:#2b72d6\"><a href=\"https:\/\/www.internetsociety.org\/wp-content\/uploads\/2019\/12\/ActionPlan2020_FR.pdf\">PDF<\/a><\/span>, <span class=\"tadv-color\" style=\"color:#2b72d6\"><a href=\"https:\/\/web.archive.org\/web\/20250216151222\/https:\/\/www.internetsociety.org\/fr\/action-plan\/2020\/\">version archiv\u00e9e en ligne<\/a><\/span><span class=\"tadv-color\" style=\"color:#2b72d6\"><\/span><\/li>\n\n\n\n<li>Plan d\u2019action 2019, <span class=\"tadv-color\" style=\"color:#2b72d6\"><a href=\"https:\/\/www.internetsociety.org\/wp-content\/uploads\/2018\/12\/2019-ISOC-Action-Plan-FR.pdf\">PDF<\/a><\/span>, <span class=\"tadv-color\" style=\"color:#2b72d6\"><a href=\"https:\/\/web.archive.org\/web\/20240522114130\/https:\/\/www.internetsociety.org\/fr\/action-plan\/2019\/\">version archiv\u00e9e en ligne<\/a><\/span><span class=\"tadv-color\" style=\"color:#2b72d6\"><\/span><\/li>\n\n\n\n<li>Plan d\u2019action 2018, <span class=\"tadv-color\" style=\"color:#2b72d6\"><a href=\"https:\/\/www.internetsociety.org\/wp-content\/uploads\/2017\/09\/New-ISOC-2018-Action-Plan_BoT-Singapore_FINAL2-R.pdf\">PDF<\/a><\/span>,<span class=\"tadv-color\" style=\"color:#2b72d6\"><a href=\"https:\/\/web.archive.org\/web\/20220515031038\/https:\/\/www.internetsociety.org\/fr\/action-plan-2018\/\">version archiv\u00e9e en ligne<\/a><\/span><span class=\"tadv-color\" style=\"color:#2b72d6\"><\/span><\/li>\n\n\n\n<li>Plan d\u2019action 2017, <span class=\"tadv-color\" style=\"color:#2b72d6\"><a href=\"https:\/\/www.internetsociety.org\/wp-content\/uploads\/2017\/06\/Internet-Society-Action-Plan-2017.pdf\">PDF<\/a><\/span>, <span class=\"tadv-color\" style=\"color:#2b72d6\"><a href=\"https:\/\/web.archive.org\/web\/20240710172609\/https:\/\/www.internetsociety.org\/action-plan\/2017\/\">version archiv\u00e9e en ligne<\/a><\/span> (en anglais)<span class=\"tadv-color\" style=\"color:#2b72d6\"><\/span><\/li>\n\n\n\n<li>Plan d\u2019action 2016, <span class=\"tadv-color\" style=\"color:#2b72d6\"><a href=\"https:\/\/www.internetsociety.org\/wp-content\/uploads\/2017\/08\/2016-InternetSociety-Plan-Approved_0.pdf\">PDF<\/a><\/span>, <span class=\"tadv-color\" style=\"color:#2b72d6\"><a href=\"https:\/\/web.archive.org\/web\/20240719114151\/https:\/\/www.internetsociety.org\/resources\/doc\/2015\/internet-society-2016-action-plan\">version archiv\u00e9e en ligne<\/a><\/span> (en anglais)<span class=\"tadv-color\" style=\"color:#2b72d6\"><\/span><\/li>\n\n\n\n<li>Plan d\u2019action 2015, <span class=\"tadv-color\" style=\"color:#2b72d6\"><a href=\"https:\/\/www.internetsociety.org\/wp-content\/uploads\/2017\/08\/11_2015-InternetSociety-Plan-Approved2028229.pdf\">PDF<\/a><\/span>, <span class=\"tadv-color\" style=\"color:#2b72d6\"><a href=\"https:\/\/web.archive.org\/web\/20240420034236\/https:\/\/www.internetsociety.org\/resources\/doc\/2014\/internet-society-2015-action-plan\/\">version archiv\u00e9e en ligne<\/a><\/span> (en anglais)<span class=\"tadv-color\" style=\"color:#2b72d6\"><\/span><\/li>\n<\/ul>\n<\/div>\n\n\n\n<div class=\"wp-block-column is-layout-flow wp-block-column-is-layout-flow\">\n<h3 class=\"wp-block-heading has-28-font-size\" id=\"annual-reports\">Revues annuelles<\/h3>\n\n\n\n<div style=\"height:20px\" aria-hidden=\"true\" class=\"wp-block-spacer\"><\/div>\n\n\n\n<ul class=\"wp-block-list has-18-font-size\">\n<li>Rapport d\u2019impact 2020, <span class=\"tadv-color\" style=\"color:#2b72d6\"><a href=\"https:\/\/www.internetsociety.org\/wp-content\/uploads\/2021\/05\/Impact_Report_2020-FR.pdf\">PDF<\/a><\/span>, <span class=\"tadv-color\" style=\"color:#2b72d6\"><a href=\"https:\/\/web.archive.org\/web\/20250624005025\/https:\/\/www.internetsociety.org\/fr\/impact-report\/2020\/\">version archiv\u00e9e en ligne<\/a><\/span><span class=\"tadv-color\" style=\"color:#2b72d6\"><\/span><\/li>\n\n\n\n<li>Rapport d\u2019impact 2019, <span class=\"tadv-color\" style=\"color:#2b72d6\"><a href=\"https:\/\/www.internetsociety.org\/wp-content\/uploads\/2020\/03\/2019_ImpactReport-FR.pdf\">PDF<\/a><\/span>, <span class=\"tadv-color\" style=\"color:#2b72d6\"><a href=\"https:\/\/web.archive.org\/web\/20230625053018\/https:\/\/www.internetsociety.org\/fr\/impact-report\/2019\/\">version archiv\u00e9e en ligne<\/a><\/span><span class=\"tadv-color\" style=\"color:#2b72d6\"><\/span><\/li>\n\n\n\n<li>L\u2019ann\u00e9e en chiffres 2018, <span class=\"tadv-color\" style=\"color:#2b72d6\"><a href=\"https:\/\/www.internetsociety.org\/wp-content\/uploads\/2024\/12\/ISOC-2018-End-of-Year-FR.pdf\">PDF<\/a><\/span>, <span class=\"tadv-color\" style=\"color:#2b72d6\"><a href=\"https:\/\/web.archive.org\/web\/20220514021804\/https:\/\/www.internetsociety.org\/fr\/isoc-in-numbers\/2018\/\">version archiv\u00e9e en ligne<\/a><\/span><span class=\"tadv-color\" style=\"color:#2b72d6\"><\/span><\/li>\n\n\n\n<li>L\u2019ann\u00e9e en chiffres 2017, <span class=\"tadv-color\" style=\"color:#2b72d6\"><a href=\"https:\/\/www.internetsociety.org\/wp-content\/uploads\/2024\/12\/ISOC-2017-End-of-Year-FR.pdf\">PDF<\/a><\/span>, <span class=\"tadv-color\" style=\"color:#2b72d6\"><a href=\"https:\/\/web.archive.org\/web\/20231204132540\/https:\/\/www.internetsociety.org\/fr\/isoc-in-numbers\/2017\/\">version archiv\u00e9e en ligne<\/a><\/span><span class=\"tadv-color\" style=\"color:#2b72d6\"><\/span><\/li>\n\n\n\n<li>L\u2019ann\u00e9e en chiffres 2016, <span class=\"tadv-color\" style=\"color:#2b72d6\"><a href=\"https:\/\/www.internetsociety.org\/wp-content\/uploads\/2024\/12\/ISOC-2016-End-of-Year-EN.pdf\">PDF<\/a><\/span>, <span class=\"tadv-color\" style=\"color:#2b72d6\"><a href=\"https:\/\/web.archive.org\/web\/20240206071014\/https:\/\/www.internetsociety.org\/isoc-in-numbers\/2016\/\">version archiv\u00e9e en ligne<\/a><\/span> (en anglais)<span class=\"tadv-color\" style=\"color:#2b72d6\"><\/span><\/li>\n\n\n\n<li>L\u2019ann\u00e9e en chiffres 2015, <span class=\"tadv-color\" style=\"color:#2b72d6\"><a href=\"https:\/\/www.internetsociety.org\/wp-content\/uploads\/2017\/10\/ISOCinNumbers2015.pdf\">PDF<\/a><\/span>, <span class=\"tadv-color\" style=\"color:#2b72d6\"><a href=\"https:\/\/web.archive.org\/web\/20240225212635\/https:\/\/www.internetsociety.org\/isoc-in-numbers\/2015\/\">version archiv\u00e9e en ligne<\/a><\/span> (en anglais)<span class=\"tadv-color\" style=\"color:#2b72d6\"><\/span><\/li>\n<\/ul>\n<\/div>\n<\/div>\n\n\n\n<div style=\"height:30px\" aria-hidden=\"true\" class=\"wp-block-spacer\"><\/div>\n\n\n\n<p class=\"has-18-font-size\"><a href=\"https:\/\/www.internetsociety.org\/about-internet-society\/organization-reports\/archives\/#2003-2014\">Visitez la page en anglais<\/a> pour les revues annuelles 2003-2014, car ils ont \u00e9t\u00e9 publi\u00e9s en anglais seulement.<\/p>\n<\/div>\n<\/div><\/section>\n\n\n\n<section class=\"wp-block-uagb-columns uagb-columns__wrap uagb-columns__background-color uagb-columns__stack-tablet uagb-columns__valign- uagb-columns__gap-10 align uagb-block-8d4710c6 uagb-columns__columns-1 uagb-columns__max_width-custom grid-post-filter-view\"><div class=\"uagb-columns__overlay\"><\/div><div class=\"uagb-columns__inner-wrap uagb-columns__columns-1\">\n<div class=\"wp-block-uagb-column uagb-column__wrap uagb-column__background-undefined uagb-block-6f1bcead\"><div class=\"uagb-column__overlay\"><\/div>\n<h2 class=\"wp-block-heading has-depth-blue-color has-text-color has-32-font-size\">Derniers rapports et finances<\/h2>\n\n\n\n<div style=\"height:20px\" aria-hidden=\"true\" class=\"wp-block-spacer\"><\/div>\n\n\n\n<p class=\"has-18-font-size\">Nous nous engageons \u00e0 une responsabilit\u00e9 et une transparence continues. <a href=\"https:\/\/www.internetsociety.org\/fr\/about-internet-society\/rapports-de-lorganisation\/\" type=\"link\" id=\"https:\/\/www.internetsociety.org\/fr\/about-internet-society\/rapports-de-lorganisation\/\">Trouvez les derniers rapports annuels, \u00e9tats financiers annuels et formulaires 990.<\/a> <\/p>\n\n\n\n<div class=\"wp-block-columns is-layout-flex wp-container-core-columns-is-layout-9d6595d7 wp-block-columns-is-layout-flex\">\n<div class=\"wp-block-column is-vertically-aligned-center is-layout-flow wp-block-column-is-layout-flow\" style=\"flex-basis:11%\"><div class=\"wp-block-image is-style-default\">\n<figure class=\"alignright size-full\"><a href=\"https:\/\/www.charitynavigator.org\/ein\/54-1650477\"><img loading=\"lazy\" decoding=\"async\" width=\"500\" height=\"500\" src=\"https:\/\/www.internetsociety.org\/wp-content\/uploads\/2024\/02\/Four-Star-Rating-Badge-CN.png\" alt=\"Label quatre \u00e9toiles de Charity Navigator\" class=\"wp-image-207155\" style=\"object-fit:cover\" srcset=\"https:\/\/www.internetsociety.org\/wp-content\/uploads\/2024\/02\/Four-Star-Rating-Badge-CN.png 500w, https:\/\/www.internetsociety.org\/wp-content\/uploads\/2024\/02\/Four-Star-Rating-Badge-CN-450x450.png 450w, https:\/\/www.internetsociety.org\/wp-content\/uploads\/2024\/02\/Four-Star-Rating-Badge-CN-150x150.png 150w, https:\/\/www.internetsociety.org\/wp-content\/uploads\/2024\/02\/Four-Star-Rating-Badge-CN-250x250.png 250w\" sizes=\"auto, (max-width: 500px) 100vw, 500px\" \/><\/a><\/figure>\n<\/div><\/div>\n\n\n\n<div class=\"wp-block-column is-vertically-aligned-center is-layout-flow wp-block-column-is-layout-flow\" style=\"flex-basis:10%\">\n<figure class=\"wp-block-image size-medium is-style-default\"><a href=\"https:\/\/www.guidestar.org\/profile\/54-1650477\"><img loading=\"lazy\" decoding=\"async\" width=\"450\" height=\"450\" src=\"https:\/\/www.internetsociety.org\/wp-content\/uploads\/2024\/02\/candid-platinum-2024-450x450.png\" alt=\"Transparence Platine 2024 Candid\" class=\"wp-image-207159\" style=\"object-fit:cover\" srcset=\"https:\/\/www.internetsociety.org\/wp-content\/uploads\/2024\/02\/candid-platinum-2024-450x450.png 450w, https:\/\/www.internetsociety.org\/wp-content\/uploads\/2024\/02\/candid-platinum-2024-150x150.png 150w, https:\/\/www.internetsociety.org\/wp-content\/uploads\/2024\/02\/candid-platinum-2024-250x250.png 250w, https:\/\/www.internetsociety.org\/wp-content\/uploads\/2024\/02\/candid-platinum-2024.png 500w\" sizes=\"auto, (max-width: 450px) 100vw, 450px\" \/><\/a><\/figure>\n<\/div>\n<\/div>\n<\/div>\n<\/div><\/section>\n","protected":false},"excerpt":{"rendered":"<p>Archives des rapports de l&rsquo;organisation plus ancienne Rapports annuels (2015-2019) Plans d\u2019action Revues annuelles Visitez la page en anglais pour les revues annuelles 2003-2014, car ils ont \u00e9t\u00e9 publi\u00e9s en anglais seulement. Derniers rapports et finances Nous nous engageons \u00e0 une responsabilit\u00e9 et une transparence continues. Trouvez les derniers rapports annuels, \u00e9tats financiers annuels et [&hellip;]<\/p>\n","protected":false},"author":46,"featured_media":125494,"parent":149341,"menu_order":0,"comment_status":"closed","ping_status":"closed","template":"page-wide.php","meta":{"_acf_changed":false,"_uag_custom_page_level_css":"","footnotes":""},"categories":[118],"tags":[],"region_news_regions":[6029],"content_category":[6105],"ppma_author":[4057],"class_list":["post-216278","page","type-page","status-publish","has-post-thumbnail","hentry","category-qui-sommes-nous","region_news_regions-mondial","content_category-resources-type"],"acf":[],"uagb_featured_image_src":{"full":["https:\/\/www.internetsociety.org\/wp-content\/uploads\/2020\/11\/internet-society-logo-bg.jpg",1280,554,false],"thumbnail":["https:\/\/www.internetsociety.org\/wp-content\/uploads\/2020\/11\/internet-society-logo-bg-150x150.jpg",150,150,true],"medium":["https:\/\/www.internetsociety.org\/wp-content\/uploads\/2020\/11\/internet-society-logo-bg-450x195.jpg",450,195,true],"medium_large":["https:\/\/www.internetsociety.org\/wp-content\/uploads\/2020\/11\/internet-society-logo-bg-768x332.jpg",768,332,true],"large":["https:\/\/www.internetsociety.org\/wp-content\/uploads\/2020\/11\/internet-society-logo-bg-1024x443.jpg",1024,443,true],"1536x1536":["https:\/\/www.internetsociety.org\/wp-content\/uploads\/2020\/11\/internet-society-logo-bg.jpg",1280,554,false],"2048x2048":["https:\/\/www.internetsociety.org\/wp-content\/uploads\/2020\/11\/internet-society-logo-bg.jpg",1280,554,false],"post-thumbnail":["https:\/\/www.internetsociety.org\/wp-content\/uploads\/2020\/11\/internet-society-logo-bg-250x108.jpg",250,108,true],"square":["https:\/\/www.internetsociety.org\/wp-content\/uploads\/2020\/11\/internet-society-logo-bg-600x554.jpg",600,554,true],"gform-image-choice-sm":["https:\/\/www.internetsociety.org\/wp-content\/uploads\/2020\/11\/internet-society-logo-bg.jpg",300,130,false],"gform-image-choice-md":["https:\/\/www.internetsociety.org\/wp-content\/uploads\/2020\/11\/internet-society-logo-bg.jpg",400,173,false],"gform-image-choice-lg":["https:\/\/www.internetsociety.org\/wp-content\/uploads\/2020\/11\/internet-society-logo-bg.jpg",600,260,false]},"uagb_author_info":{"display_name":"Ivana Trbovic","author_link":"https:\/\/www.internetsociety.org\/fr\/author\/trbovic\/"},"uagb_comment_info":0,"uagb_excerpt":"Archives des rapports de l&rsquo;organisation plus ancienne Rapports annuels (2015-2019) Plans d\u2019action Revues annuelles Visitez la page en anglais pour les revues annuelles 2003-2014, car ils ont \u00e9t\u00e9 publi\u00e9s en anglais seulement. Derniers rapports et finances Nous nous engageons \u00e0 une responsabilit\u00e9 et une transparence continues. Trouvez les derniers rapports annuels, \u00e9tats financiers annuels et\u2026","_links":{"self":[{"href":"https:\/\/www.internetsociety.org\/fr\/wp-json\/wp\/v2\/pages\/216278","targetHints":{"allow":["GET"]}}],"collection":[{"href":"https:\/\/www.internetsociety.org\/fr\/wp-json\/wp\/v2\/pages"}],"about":[{"href":"https:\/\/www.internetsociety.org\/fr\/wp-json\/wp\/v2\/types\/page"}],"author":[{"embeddable":true,"href":"https:\/\/www.internetsociety.org\/fr\/wp-json\/wp\/v2\/users\/46"}],"replies":[{"embeddable":true,"href":"https:\/\/www.internetsociety.org\/fr\/wp-json\/wp\/v2\/comments?post=216278"}],"version-history":[{"count":0,"href":"https:\/\/www.internetsociety.org\/fr\/wp-json\/wp\/v2\/pages\/216278\/revisions"}],"up":[{"embeddable":true,"href":"https:\/\/www.internetsociety.org\/fr\/wp-json\/wp\/v2\/pages\/149341"}],"wp:featuredmedia":[{"embeddable":true,"href":"https:\/\/www.internetsociety.org\/fr\/wp-json\/wp\/v2\/media\/125494"}],"wp:attachment":[{"href":"https:\/\/www.internetsociety.org\/fr\/wp-json\/wp\/v2\/media?parent=216278"}],"wp:term":[{"taxonomy":"category","embeddable":true,"href":"https:\/\/www.internetsociety.org\/fr\/wp-json\/wp\/v2\/categories?post=216278"},{"taxonomy":"post_tag","embeddable":true,"href":"https:\/\/www.internetsociety.org\/fr\/wp-json\/wp\/v2\/tags?post=216278"},{"taxonomy":"region_news_regions","embeddable":true,"href":"https:\/\/www.internetsociety.org\/fr\/wp-json\/wp\/v2\/region_news_regions?post=216278"},{"taxonomy":"content_category","embeddable":true,"href":"https:\/\/www.internetsociety.org\/fr\/wp-json\/wp\/v2\/content_category?post=216278"},{"taxonomy":"author","embeddable":true,"href":"https:\/\/www.internetsociety.org\/fr\/wp-json\/wp\/v2\/ppma_author?post=216278"}],"curies":[{"name":"wp","href":"https:\/\/api.w.org\/{rel}","templated":true}]}}