{"id":215436,"date":"2024-10-18T14:45:11","date_gmt":"2024-10-18T14:45:11","guid":{"rendered":"https:\/\/www.internetsociety.org\/donate-2\/diverses-facons-de-faire-un-don\/"},"modified":"2025-11-26T11:49:14","modified_gmt":"2025-11-26T11:49:14","slug":"diverses-facons-de-faire-un-don","status":"publish","type":"page","link":"https:\/\/www.internetsociety.org\/fr\/donate\/more-ways-to-give\/","title":{"rendered":"Diverses fa\u00e7ons de faire un don"},"content":{"rendered":"\n<section class=\"wp-block-uagb-columns uagb-columns__wrap uagb-columns__background-image uagb-columns__stack-mobile uagb-columns__valign- uagb-columns__gap-10 align uagb-block-d6a40f3e uagb-columns__columns-1 uagb-columns__max_width-theme background-image-fallback-black\"><div class=\"uagb-columns__overlay\"><\/div><div class=\"uagb-columns__inner-wrap uagb-columns__columns-1\">\n<div class=\"wp-block-uagb-column uagb-column__wrap uagb-column__background-color uagb-block-87a6a79b\"><div class=\"uagb-column__overlay\"><\/div>\n<h1 class=\"wp-block-heading has-neutral-white-color has-text-color\">Diverses fa\u00e7ons de faire un don<\/h1>\n\n\n\n<div style=\"height:30px\" aria-hidden=\"true\" class=\"wp-block-spacer\"><\/div>\n\n\n\n<p class=\"has-neutral-white-color has-text-color has-32-font-size\"><strong>Le soutien que vous nous apportez est essentiel pour garantir que l&rsquo;Internet est une ressource qui enrichit la vie des gens et une force pour le bien dans la soci\u00e9t\u00e9.<\/strong><\/p>\n\n\n\n<p class=\"has-neutral-white-color has-text-color has-link-color has-32-font-size wp-elements-a6271eadd948a5fc50cc5da9c5b3d71e\">Choisissez la m\u00e9thode de don qui vous convient le mieux.<\/p>\n\n\n\n<!-- Fundraise Up: the new standard for online giving -->\n<script>(function(w,d,s,n,a){if(!w[n]){var l='call,catch,on,once,set,then,track'\n.split(','),i,o=function(n){return'function'==typeof n?o.l.push([arguments])&&o\n:function(){return o.l.push([n,arguments])&&o}},t=d.getElementsByTagName(s)[0],\nj=d.createElement(s);j.async=!0;j.src='https:\/\/cdn.fundraiseup.com\/widget\/'+a;\nt.parentNode.insertBefore(j,t);o.s=Date.now();o.v=4;o.h=w.location.href;o.l=[];\nfor(i=0;i<7;i++)o[l[i]]=o(l[i]);w[n]=o} })(window,document,'script','FundraiseUp','AZGRHYPJ'); window.fundraiseup_livemode = true; <\/script>\n<!-- End Fundraise Up -->\n\n<p><a href=\"#XERZJGLJ\" style=\"display: none\"><\/a><\/p>\n<\/div>\n<\/div><\/section>\n\n\n\n<section class=\"wp-block-uagb-columns uagb-columns__wrap uagb-columns__background-color uagb-columns__stack-tablet uagb-columns__valign- uagb-columns__gap-10 align uagb-block-81a1ee11 uagb-columns__columns-1 uagb-columns__max_width-custom\"><div class=\"uagb-columns__overlay\"><\/div><div class=\"uagb-columns__inner-wrap uagb-columns__columns-1\">\n<div class=\"wp-block-uagb-column uagb-column__wrap uagb-column__background-color uagb-block-3cd5ef6d\"><div class=\"uagb-column__overlay\"><\/div>\n<h2 class=\"wp-block-heading has-28-font-size\">1. Collectes de fonds<\/h2>\n\n\n\n<div style=\"height:20px\" aria-hidden=\"true\" class=\"wp-block-spacer\"><\/div>\n\n\n\n<p class=\"has-18-font-size\">Ensemble, nous pouvons accomplir une multitude de projets d'envergure. Soutenez nos efforts \u00e0 travers votre r\u00e9seau en faisant conna\u00eetre davantage notre mission. <a href=\"https:\/\/donate.internetsociety.org\/start-a-fundraiser\/\">Lancez votre propre collecte de fonds via notre plateforme de dons<\/a> ou <a href=\"https:\/\/www.facebook.com\/fund\/InternetSociety\/\">via Facebook<\/a> afin de r\u00e9colter des fonds pour l'Internet Society. <\/p>\n\n\n\n<div style=\"height:20px\" aria-hidden=\"true\" class=\"wp-block-spacer\"><\/div>\n\n\n\n<h2 class=\"wp-block-heading has-28-font-size\">2. \u00c9quivalence de dons<\/h2>\n\n\n\n<div style=\"height:20px\" aria-hidden=\"true\" class=\"wp-block-spacer\"><\/div>\n\n\n\n<p class=\"has-18-font-size\">Maximisez votre impact caritatif ! De nombreuses entreprises proposent des d\u00e9ductions salariales ou une donation \u00e9quivalente permettant de doubler ou de tripler le montant de votre don. Vous pouvez \u00e9galement convertir vos heures de b\u00e9n\u00e9volat en don en esp\u00e8ces. Utilisez le champ de recherche ci-dessous pour savoir si votre employeur offre ces programmes.<\/p>\n\n\n\n<section class=\"wp-block-uagb-columns uagb-columns__wrap uagb-columns__background-none uagb-columns__stack-mobile uagb-columns__valign- uagb-columns__gap-10 align uagb-block-16312600 uagb-columns__columns-1 uagb-columns__max_width-theme\"><div class=\"uagb-columns__overlay\"><\/div><div class=\"uagb-columns__inner-wrap uagb-columns__columns-1\">\n<div class=\"wp-block-uagb-column uagb-column__wrap uagb-column__background-undefined uagb-block-c35e2973\"><div class=\"uagb-column__overlay\"><\/div>\n<script>var DDCONF = { API_KEY: \"hBGPMIhYqJHJDzbt\" };<\/script> <script src=\"https:\/\/doublethedonation.com\/api\/js\/ddplugin.js\"><\/script> <div id=\"dd-container\"> Informations sur les <a href=\"https:\/\/doublethedonation.com\/matching-grant-resources\/matching-gift-basics\/\">\u00e9quivalences de dons<\/a> et les <a href=\"https:\/\/doublethedonation.com\/matching-grant-resources\/volunteer-grant-basics\/\">subventions aux b\u00e9n\u00e9voles<\/a> fournies par <br\/> <a href=\"https:\/\/doublethedonation.com\">Doubler le don<\/a> <\/div>\n<\/div>\n<\/div><\/section>\n\n\n\n<h2 class=\"wp-block-heading has-28-font-size\">3. Don d'actions<\/h2>\n\n\n\n<div style=\"height:20px\" aria-hidden=\"true\" class=\"wp-block-spacer\"><\/div>\n\n\n\n<p class=\"has-18-font-size\">Nous acceptons les dons sous forme d'actions, \u00e0 partir de la plupart des comptes de courtage. Pour faciliter le transfert d'actions, veuillez contacter <a href=\"mailto:giving@isoc.org\" target=\"_blank\" rel=\"noreferrer noopener\">giving@isoc.org<\/a>.<\/p>\n\n\n\n<div style=\"height:20px\" aria-hidden=\"true\" class=\"wp-block-spacer\"><\/div>\n\n\n\n<h2 class=\"wp-block-heading has-28-font-size\">4. Don via IRA Charitable Rollover (transfert de fonds \u00e0 des fins caritatives)<\/h2>\n\n\n\n<div style=\"height:20px\" aria-hidden=\"true\" class=\"wp-block-spacer\"><\/div>\n\n\n\n<p class=\"has-18-font-size\">Les transferts de fonds \u00e0 des fins caritatives (IRA Charitable Rollovers) permettent aux personnes \u00e2g\u00e9es de 70,5 ans ou plus d'utiliser leurs IRA traditionnels ou Roth pour r\u00e9aliser des dons \u00e0 des fins caritatives tout en b\u00e9n\u00e9ficiant de conditions avantageuses sur le plan fiscal. Pour effectuer un tel transfert \u00e0 l'Internet Society, remplissez ce formulaire et demandez au fiduciaire de votre IRA <a href=\"https:\/\/www.internetsociety.org\/wp-content\/uploads\/2025\/11\/QCD-2025-Instructions.pdf\">de l'envoyer<\/a>, ainsi que votre don, \u00e0 l'Internet Society.<\/p>\n\n\n\n<div style=\"height:20px\" aria-hidden=\"true\" class=\"wp-block-spacer\"><\/div>\n\n\n\n<h2 class=\"wp-block-heading has-28-font-size\">5. Don depuis l'Union europ\u00e9enne<\/h2>\n\n\n\n<div style=\"height:20px\" aria-hidden=\"true\" class=\"wp-block-spacer\"><\/div>\n\n\n\n<p class=\"has-18-font-size\">Les donateurs de certains pays de l'Union europ\u00e9enne qui effectuent une donation de plus de 40 euros peuvent b\u00e9n\u00e9ficier d'un cr\u00e9dit d'imp\u00f4t par l'interm\u00e9diaire de nos partenaires, la Fondation Roi Baudouin et le Transnational Giving Network, par l'interm\u00e9diaire du <a href=\"https:\/\/donate.transnationalgiving.eu\/landing\/Internet_Society_ISOC?lang=en_EN\" target=\"_blank\" rel=\"noreferrer noopener\">Fonds europ\u00e9en des amis d'Internet<\/a>. Un certificat fiscal vous sera adress\u00e9 directement, \u00e0 vous ou \u00e0 votre administration fiscale locale. Si votre pays de r\u00e9sidence fiscale n'est pas disponible dans la liste s\u00e9lectionn\u00e9e, veuillez contacter <a href=\"mailto:giving@isoc.org\" target=\"_blank\" rel=\"noreferrer noopener\">giving@isoc.org<\/a>.<\/p>\n\n\n\n<p class=\"has-18-font-size\">Les dons sans certificat fiscal ni Gift Aid en provenance de l'UE et du Royaume-Uni peuvent \u00eatre effectu\u00e9s par carte, Google Pay ou PayPal, ou par virement bancaire suisse. Pour un transfert bancaire, veuillez contacter <a href=\"mailto:giving@isoc.org\" target=\"_blank\" rel=\"noreferrer noopener\">giving@isoc.org<\/a>.<\/p>\n\n\n\n<div style=\"height:20px\" aria-hidden=\"true\" class=\"wp-block-spacer\"><\/div>\n\n\n\n<h2 class=\"wp-block-heading has-28-font-size\">6. Don par ch\u00e8que<\/h2>\n\n\n\n<div style=\"height:20px\" aria-hidden=\"true\" class=\"wp-block-spacer\"><\/div>\n\n\n\n<p class=\"has-18-font-size\">Si vous pr\u00e9f\u00e9rez faire un don par ch\u00e8que, veuillez le libeller \u00e0 l'ordre de \"Internet Society\". Si vous faites un don en l'honneur de quelqu'un, veuillez l'indiquer dans le m\u00e9mo de votre ch\u00e8que. Les re\u00e7us fiscaux seront envoy\u00e9s dans les quatre \u00e0 six semaines suivant le traitement du don.<\/p>\n\n\n\n<p class=\"has-18-font-size\">Internet Society<br>\u00c0 l'attention du service de dons<br>11710 Plaza America Drive, Suite 400, Reston, Virginie, 20190, \u00c9tats-Unis<\/p>\n\n\n\n<div style=\"height:20px\" aria-hidden=\"true\" class=\"wp-block-spacer\"><\/div>\n\n\n\n<h2 class=\"wp-block-heading has-28-font-size\">7. Don par le biais d'une subvention<\/h2>\n\n\n\n<div style=\"height:20px\" aria-hidden=\"true\" class=\"wp-block-spacer\"><\/div>\n\n\n\n<p class=\"has-18-font-size\">Les dons vers\u00e9s par les institutions et les organismes subventionnaires nous permettent de cr\u00e9er des solutions transformatrices, de renforcer l'impact et d'en faire b\u00e9n\u00e9ficier les communaut\u00e9s du monde entier. Veuillez <a href=\"mailto:fundraising@isocfoundation.org\">nous contacter<\/a> pour discuter des possibilit\u00e9s de soutien et de partenariat.<\/p>\n<\/div>\n<\/div><\/section>\n\n\n\n<div class=\"wp-block-columns is-layout-flex wp-container-core-columns-is-layout-9d6595d7 wp-block-columns-is-layout-flex\">\n<div class=\"wp-block-column uag-hide-mob is-layout-flow wp-block-column-is-layout-flow\" style=\"flex-basis:10%\"><\/div>\n\n\n\n<div class=\"wp-block-column is-vertically-aligned-top is-layout-flow wp-block-column-is-layout-flow\" style=\"flex-basis:50%\"><\/div>\n\n\n\n<div class=\"wp-block-column uag-hide-mob is-layout-flow wp-block-column-is-layout-flow\" style=\"flex-basis:30%\"><\/div>\n\n\n\n<div class=\"wp-block-column is-layout-flow wp-block-column-is-layout-flow\" style=\"flex-basis:10%\"><\/div>\n<\/div>\n\n\n\n<div class=\"wp-block-columns are-vertically-aligned-top is-not-stacked-on-mobile margin-bottom-0 is-layout-flex wp-container-core-columns-is-layout-9d6595d7 wp-block-columns-is-layout-flex\">\n<div class=\"wp-block-column is-vertically-aligned-top is-layout-flow wp-block-column-is-layout-flow\" style=\"flex-basis:10%\"><\/div>\n\n\n\n<div class=\"wp-block-column is-vertically-aligned-top is-layout-flow wp-block-column-is-layout-flow\" style=\"flex-basis:80%\">\n<div style=\"height:60px\" aria-hidden=\"true\" class=\"wp-block-spacer uag-hide-tab uag-hide-mob\"><\/div>\n\n\n\n<div style=\"height:40px\" aria-hidden=\"true\" class=\"wp-block-spacer uag-hide-desktop\"><\/div>\n\n\n\n<div class=\"wp-block-media-text is-stacked-on-mobile is-image-fill-element\"><figure class=\"wp-block-media-text__media\"><img loading=\"lazy\" decoding=\"async\" width=\"1000\" height=\"650\" src=\"https:\/\/www.internetsociety.org\/wp-content\/uploads\/2024\/08\/group-with-computers.jpg\" alt=\"Un groupe de personnes assises devant des ordinateurs\" class=\"wp-image-213444 size-full\" style=\"object-position:50% 50%\" srcset=\"https:\/\/www.internetsociety.org\/wp-content\/uploads\/2024\/08\/group-with-computers.jpg 1000w, https:\/\/www.internetsociety.org\/wp-content\/uploads\/2024\/08\/group-with-computers-450x293.jpg 450w, https:\/\/www.internetsociety.org\/wp-content\/uploads\/2024\/08\/group-with-computers-768x499.jpg 768w, https:\/\/www.internetsociety.org\/wp-content\/uploads\/2024\/08\/group-with-computers-250x163.jpg 250w\" sizes=\"auto, (max-width: 1000px) 100vw, 1000px\" \/><\/figure><div class=\"wp-block-media-text__content\">\n<div style=\"height:40px\" aria-hidden=\"true\" class=\"wp-block-spacer uag-hide-tab uag-hide-mob\"><\/div>\n\n\n\n<h2 class=\"wp-block-heading has-depth-green-color has-text-color has-link-color uag-hide-tab uag-hide-mob wp-elements-60f41b9aaae7825496a8b390d09b92b2\" style=\"font-size:32px\"><strong>Pourquoi \u00e9pauler l'Internet Society ?<\/strong><\/h2>\n\n\n\n<div style=\"height:20px\" aria-hidden=\"true\" class=\"wp-block-spacer uag-hide-desktop\"><\/div>\n\n\n\n<h2 class=\"wp-block-heading has-text-align-left has-depth-green-color has-text-color uag-hide-desktop\" style=\"font-size:26px\"><strong>Pourquoi \u00e9pauler l'Internet Society ?<\/strong><\/h2>\n\n\n\n<div style=\"height:20px\" aria-hidden=\"true\" class=\"wp-block-spacer\"><\/div>\n\n\n\n<p style=\"font-size:18px\">En tant qu'organisme caritatif mondial, nous collaborons avec notre communaut\u00e9 de plus de 120 000 personnes et partenaires partageant les m\u00eames convictions, \u00e0 savoir que l\u2019Internet est une ressource essentielle \u00e0 laquelle tout le monde devrait avoir acc\u00e8s et qu\u2019il nous faut prot\u00e9ger. Nous comprenons la valeur qu'apporte l'Internet car nous avons \u00e9t\u00e9 fond\u00e9s par les personnes qui ont contribu\u00e9 \u00e0 sa construction.<\/p>\n\n\n\n<p class=\"has-18-font-size\">Contrairement \u00e0 de nombreuses organisations caritatives, nos co\u00fbts de fonctionnement sont enti\u00e8rement couverts par une entreprise \u00e0 but non lucratif, ce qui signifie que l\u2019int\u00e9gralit\u00e9 de votre don finance directement nos efforts pour rendre l\u2019Internet accessible \u00e0 tous. Sauf indication contraire, les dons sont utilis\u00e9s par l'Internet Society l\u00e0 o\u00f9 ils sont le plus utiles et sont d\u00e9ductibles des imp\u00f4ts dans la pleine mesure pr\u00e9vue par la loi.<\/p>\n\n\n\n<p class=\"has-18-font-size\">Nous nous engageons \u00e0 respecter les principes de responsabilit\u00e9 et de transparence, <a href=\"https:\/\/www.internetsociety.org\/fr\/about-internet-society\/rapports-de-lorganisation\/#financial-reports\">consultez nos comptes<\/a>.<\/p>\n\n\n\n<div style=\"height:40px\" aria-hidden=\"true\" class=\"wp-block-spacer uag-hide-tab uag-hide-mob\"><\/div>\n<\/div><\/div>\n\n\n\n<div style=\"height:40px\" aria-hidden=\"true\" class=\"wp-block-spacer uag-hide-desktop\"><\/div>\n\n\n\n<div style=\"height:60px\" aria-hidden=\"true\" class=\"wp-block-spacer uag-hide-tab uag-hide-mob\"><\/div>\n<\/div>\n\n\n\n<div class=\"wp-block-column is-vertically-aligned-top is-layout-flow wp-block-column-is-layout-flow\" style=\"flex-basis:10%\"><\/div>\n<\/div>\n\n\n\n<p class=\"has-text-align-center has-neutral-white-color has-ground-navy-background-color has-text-color has-background has-link-color has-12-font-size wp-elements-3b968f5caa29945579e944458b4135d0\">Cr\u00e9dits photo :<br>\u00a9 Jos\u00e9 Elizeche, \u00a9 Internet Society<\/p>\n","protected":false},"excerpt":{"rendered":"<p>Diverses fa\u00e7ons de faire un don Le soutien que vous nous apportez est essentiel pour garantir que l&rsquo;Internet est une ressource qui enrichit la vie des gens et une force pour le bien dans la soci\u00e9t\u00e9. Choisissez la m\u00e9thode de don qui vous convient le mieux. 1. Collectes de fonds Ensemble, nous pouvons accomplir une [&hellip;]<\/p>\n","protected":false},"author":46,"featured_media":0,"parent":192701,"menu_order":0,"comment_status":"closed","ping_status":"closed","template":"page-wide.php","meta":{"_acf_changed":false,"_uag_custom_page_level_css":"","footnotes":""},"categories":[],"tags":[],"region_news_regions":[],"content_category":[],"ppma_author":[4057],"class_list":["post-215436","page","type-page","status-publish","hentry"],"acf":[],"uagb_featured_image_src":{"full":false,"thumbnail":false,"medium":false,"medium_large":false,"large":false,"1536x1536":false,"2048x2048":false,"post-thumbnail":false,"square":false,"gform-image-choice-sm":false,"gform-image-choice-md":false,"gform-image-choice-lg":false},"uagb_author_info":{"display_name":"Ivana Trbovic","author_link":"https:\/\/www.internetsociety.org\/fr\/author\/trbovic\/"},"uagb_comment_info":0,"uagb_excerpt":"Diverses fa\u00e7ons de faire un don Le soutien que vous nous apportez est essentiel pour garantir que l&rsquo;Internet est une ressource qui enrichit la vie des gens et une force pour le bien dans la soci\u00e9t\u00e9. Choisissez la m\u00e9thode de don qui vous convient le mieux. 1. Collectes de fonds Ensemble, nous pouvons accomplir une\u2026","_links":{"self":[{"href":"https:\/\/www.internetsociety.org\/fr\/wp-json\/wp\/v2\/pages\/215436","targetHints":{"allow":["GET"]}}],"collection":[{"href":"https:\/\/www.internetsociety.org\/fr\/wp-json\/wp\/v2\/pages"}],"about":[{"href":"https:\/\/www.internetsociety.org\/fr\/wp-json\/wp\/v2\/types\/page"}],"author":[{"embeddable":true,"href":"https:\/\/www.internetsociety.org\/fr\/wp-json\/wp\/v2\/users\/46"}],"replies":[{"embeddable":true,"href":"https:\/\/www.internetsociety.org\/fr\/wp-json\/wp\/v2\/comments?post=215436"}],"version-history":[{"count":0,"href":"https:\/\/www.internetsociety.org\/fr\/wp-json\/wp\/v2\/pages\/215436\/revisions"}],"up":[{"embeddable":true,"href":"https:\/\/www.internetsociety.org\/fr\/wp-json\/wp\/v2\/pages\/192701"}],"wp:attachment":[{"href":"https:\/\/www.internetsociety.org\/fr\/wp-json\/wp\/v2\/media?parent=215436"}],"wp:term":[{"taxonomy":"category","embeddable":true,"href":"https:\/\/www.internetsociety.org\/fr\/wp-json\/wp\/v2\/categories?post=215436"},{"taxonomy":"post_tag","embeddable":true,"href":"https:\/\/www.internetsociety.org\/fr\/wp-json\/wp\/v2\/tags?post=215436"},{"taxonomy":"region_news_regions","embeddable":true,"href":"https:\/\/www.internetsociety.org\/fr\/wp-json\/wp\/v2\/region_news_regions?post=215436"},{"taxonomy":"content_category","embeddable":true,"href":"https:\/\/www.internetsociety.org\/fr\/wp-json\/wp\/v2\/content_category?post=215436"},{"taxonomy":"author","embeddable":true,"href":"https:\/\/www.internetsociety.org\/fr\/wp-json\/wp\/v2\/ppma_author?post=215436"}],"curies":[{"name":"wp","href":"https:\/\/api.w.org\/{rel}","templated":true}]}}