{"id":213350,"date":"2024-08-13T18:32:57","date_gmt":"2024-08-13T18:32:57","guid":{"rendered":"https:\/\/www.internetsociety.org\/?page_id=213350"},"modified":"2024-08-29T16:45:26","modified_gmt":"2024-08-29T16:45:26","slug":"faire-un-don-soutenez-les-chapitres-de-linternet-society","status":"publish","type":"page","link":"https:\/\/www.internetsociety.org\/fr\/donate\/beyond-the-net\/","title":{"rendered":"Faire un don: soutenez les chapitres de l&rsquo;Internet Society"},"content":{"rendered":"\n<section class=\"wp-block-uagb-columns uagb-columns__wrap uagb-columns__background-image uagb-columns__stack-none uagb-columns__valign- uagb-columns__gap-10 align uagb-block-2d0e1fc4 uagb-columns__columns-1 uagb-columns__max_width-theme background-image-fallback-black uag-hide-tab uag-hide-mob\"><div class=\"uagb-columns__overlay\"><\/div><div class=\"uagb-columns__inner-wrap uagb-columns__columns-1\">\n<div class=\"wp-block-uagb-column uagb-column__wrap uagb-column__background-color uagb-block-95543dee\"><div class=\"uagb-column__overlay\"><\/div>\n<h1 class=\"wp-block-heading has-text-align-left has-neutral-white-color has-text-color\">Soutenir le programme Beyond the Net<\/h1>\n\n\n\n<div style=\"height:20px\" aria-hidden=\"true\" class=\"wp-block-spacer\"><\/div>\n\n\n\n<!-- Fundraise Up: the new standard for online giving -->\n<script>(function(w,d,s,n,a){if(!w[n]){var l='call,catch,on,once,set,then,track'\n.split(','),i,o=function(n){return'function'==typeof n?o.l.push([arguments])&&o\n:function(){return o.l.push([n,arguments])&&o}},t=d.getElementsByTagName(s)[0],\nj=d.createElement(s);j.async=!0;j.src='https:\/\/cdn.fundraiseup.com\/widget\/'+a;\nt.parentNode.insertBefore(j,t);o.s=Date.now();o.v=4;o.h=w.location.href;o.l=[];\nfor(i=0;i<7;i++)o[l[i]]=o(l[i]);w[n]=o}\n})(window,document,'script','FundraiseUp','AZGRHYPJ');\nwindow.fundraiseup_livemode = true;\n<\/script>\n<!-- End Fundraise Up -->\n\n<p><a href=\"#XVJKRFJC\" style=\"display: none\"><\/a><\/p>\n<\/div>\n<\/div><\/section>\n\n\n\n<figure class=\"wp-block-image size-large uag-hide-desktop\"><img decoding=\"async\" src=\"https:\/\/www.internetsociety.org\/wp-content\/uploads\/2023\/08\/Works-in-Nepal.jpg\" alt=\"Workers with spades posing for a photo\"\/><\/figure>\n\n\n\n<div class=\"wp-block-columns is-not-stacked-on-mobile uag-hide-desktop is-layout-flex wp-container-core-columns-is-layout-9d6595d7 wp-block-columns-is-layout-flex\">\n<div class=\"wp-block-column is-layout-flow wp-block-column-is-layout-flow\" style=\"flex-basis:1%\"><\/div>\n\n\n\n<div class=\"wp-block-column is-layout-flow wp-block-column-is-layout-flow\" style=\"flex-basis:98%\">\n<div style=\"height:40px\" aria-hidden=\"true\" class=\"wp-block-spacer\"><\/div>\n\n\n\n<h1 class=\"wp-block-heading has-text-align-center\">Soutenir le programme Beyond the Net<\/h1>\n<\/div>\n\n\n\n<div class=\"wp-block-column is-layout-flow wp-block-column-is-layout-flow\" style=\"flex-basis:1%\"><\/div>\n<\/div>\n\n\n\n<div class=\"wp-block-columns are-vertically-aligned-top is-not-stacked-on-mobile margin-bottom-0 is-layout-flex wp-container-core-columns-is-layout-9d6595d7 wp-block-columns-is-layout-flex\">\n<div class=\"wp-block-column is-vertically-aligned-top is-layout-flow wp-block-column-is-layout-flow\" style=\"flex-basis:7%\"><\/div>\n\n\n\n<div class=\"wp-block-column is-vertically-aligned-top is-layout-flow wp-block-column-is-layout-flow\" style=\"flex-basis:83%\">\n<div style=\"height:40px\" aria-hidden=\"true\" class=\"wp-block-spacer uag-hide-tab uag-hide-mob\"><\/div>\n\n\n\n<div style=\"height:40px\" aria-hidden=\"true\" class=\"wp-block-spacer\"><\/div>\n\n\n\n<div class=\"wp-block-media-text has-media-on-the-right is-stacked-on-mobile is-vertically-aligned-center is-image-fill\" style=\"grid-template-columns:auto 47%\"><div class=\"wp-block-media-text__content\">\n<div style=\"height:30px\" aria-hidden=\"true\" class=\"wp-block-spacer uag-hide-desktop\"><\/div>\n\n\n\n<h2 class=\"wp-block-heading has-depth-blue-color has-text-color has-link-color has-32-font-size uag-hide-tab uag-hide-mob wp-elements-03053c425a23645517237d2bbfbe2013\"><strong>En tant que b\u00e9n\u00e9vole d\u00e9vou\u00e9 au sein de notre communaut\u00e9 de chapitres, votre engagement envers un monde dot\u00e9 d\u2019un Internet ouvert, connect\u00e9 \u00e0 l\u2019\u00e9chelle mondiale, s\u00e9curis\u00e9 et digne de confiance est au c\u0153ur de notre mission commune.<\/strong><\/h2>\n\n\n\n<div style=\"height:20px\" aria-hidden=\"true\" class=\"wp-block-spacer\"><\/div>\n\n\n\n<h2 class=\"wp-block-heading has-text-align-left has-depth-blue-color has-text-color uag-hide-desktop\" style=\"font-size:26px\"><strong>En tant que b\u00e9n\u00e9vole d\u00e9vou\u00e9 au sein de notre communaut\u00e9 de chapitres, votre engagement envers un monde dot\u00e9 d\u2019un Internet ouvert, connect\u00e9 \u00e0 l\u2019\u00e9chelle mondiale, s\u00e9curis\u00e9 et digne de confiance est au c\u0153ur de notre mission commune.<\/strong><\/h2>\n\n\n\n<div style=\"height:20px\" aria-hidden=\"true\" class=\"wp-block-spacer\"><\/div>\n\n\n\n<p class=\"has-18-font-size\"><strong>Nous sommes l'Internet Society.<\/strong><\/p>\n\n\n\n<p class=\"has-18-font-size\">Ensemble, nous d\u00e9fendons un monde o\u00f9 Internet est v\u00e9ritablement accessible \u00e0 tous. Bien que nous partagions une vision globale, chaque communaut\u00e9 trace son propre chemin vers l\u2019avenir.<\/p>\n\n\n\n<p class=\"has-18-font-size\">Vos id\u00e9es et vos exp\u00e9riences locales alimentent notre mission collective pour un Internet qui enrichit la vie des individus.<\/p>\n\n\n\n<p class=\"uag-hide-desktop\"><a href=\"#XVJKRFJC\" style=\"display: none\"><\/a><\/p>\n\n\n\n<div style=\"height:20px\" aria-hidden=\"true\" class=\"wp-block-spacer\"><\/div>\n\n\n\n<h2 class=\"wp-block-heading has-depth-blue-color has-text-color has-link-color uag-hide-tab uag-hide-mob wp-elements-15c0985c45b83d203103688e31763807\" style=\"font-size:32px\"><strong>Beyond the Net se d\u00e9veloppe pour donner davantage de moyens \u00e0 notre communaut\u00e9 de chapitres<\/strong><\/h2>\n\n\n\n<h2 class=\"wp-block-heading has-text-align-left has-depth-blue-color has-text-color uag-hide-desktop\" style=\"font-size:26px\"><strong>Beyond the Net se d\u00e9veloppe pour donner davantage de moyens \u00e0 notre communaut\u00e9 de chapitres<\/strong><\/h2>\n\n\n\n<div style=\"height:20px\" aria-hidden=\"true\" class=\"wp-block-spacer\"><\/div>\n\n\n\n<p class=\"has-18-font-size\">En 2023, <a href=\"https:\/\/www.isocfoundation.org\/wp-content\/uploads\/2024\/02\/20240229_Beyond-the-Net-Grant-Program.pdf\">plus de 50 subventions Beyond the Net ont \u00e9t\u00e9 accord\u00e9es<\/a> dans 32 pays, promouvant un Internet ouvert, fiable et connect\u00e9 \u00e0 l\u2019\u00e9chelle mondiale avec pr\u00e8s de 700 000 dollars am\u00e9ricains de fonds. Beyond the Net se d\u00e9veloppe pour r\u00e9pondre aux besoins des projets critiques men\u00e9s par les chapitres de l\u2019Internet Society.<\/p>\n\n\n\n<p class=\"has-18-font-size\"><a href=\"https:\/\/www.internetsociety.org\/fr\/donate\/beyond-the-net\/?form=btn\">Rejoignez-nous pour collecter <strong>40 000 dollars am\u00e9ricains<\/strong> cette ann\u00e9e<\/a> afin de doter les chapitres des outils essentiels permettant un changement durable. Chaque dollar de don permet de donner \u00e0 un chapitre les moyens de mettre en \u0153uvre des projets transformateurs qui font progresser l\u2019apprentissage, l\u2019engagement et la connectivit\u00e9 au sein de la communaut\u00e9.<\/p>\n\n\n\n<div style=\"height:40px\" aria-hidden=\"true\" class=\"wp-block-spacer uag-hide-tab uag-hide-mob\"><\/div>\n<\/div><figure class=\"wp-block-media-text__media\" style=\"background-image:url(https:\/\/www.internetsociety.org\/wp-content\/uploads\/2024\/06\/digital-skills-training.jpg);background-position:50% 50%\"><img loading=\"lazy\" decoding=\"async\" width=\"1000\" height=\"854\" src=\"https:\/\/www.internetsociety.org\/wp-content\/uploads\/2024\/06\/digital-skills-training.jpg\" alt=\"A group of adults sit at computers.\" class=\"wp-image-212056 size-full\" srcset=\"https:\/\/www.internetsociety.org\/wp-content\/uploads\/2024\/06\/digital-skills-training.jpg 1000w, https:\/\/www.internetsociety.org\/wp-content\/uploads\/2024\/06\/digital-skills-training-450x384.jpg 450w, https:\/\/www.internetsociety.org\/wp-content\/uploads\/2024\/06\/digital-skills-training-768x656.jpg 768w, https:\/\/www.internetsociety.org\/wp-content\/uploads\/2024\/06\/digital-skills-training-250x214.jpg 250w\" sizes=\"auto, (max-width: 1000px) 100vw, 1000px\" \/><\/figure><\/div>\n\n\n\n<div style=\"height:40px\" aria-hidden=\"true\" class=\"wp-block-spacer uag-hide-desktop\"><\/div>\n<\/div>\n\n\n\n<div class=\"wp-block-column is-vertically-aligned-top is-layout-flow wp-block-column-is-layout-flow\" style=\"flex-basis:10%\"><\/div>\n<\/div>\n\n\n\n<div style=\"height:20px\" aria-hidden=\"true\" class=\"wp-block-spacer uag-hide-desktop\"><\/div>\n\n\n\n<div style=\"height:50px\" aria-hidden=\"true\" class=\"wp-block-spacer uag-hide-tab uag-hide-mob\"><\/div>\n\n\n\n<section class=\"wp-block-uagb-columns uagb-columns__wrap uagb-columns__background-image uagb-columns__stack-mobile uagb-columns__valign- uagb-columns__gap-10 align uagb-block-97cd7c03 uagb-columns__columns-1 uagb-columns__max_width-theme background-image-fallback-black uag-hide-tab uag-hide-mob\"><div class=\"uagb-columns__overlay\"><\/div><div class=\"uagb-columns__inner-wrap uagb-columns__columns-1\">\n<div class=\"wp-block-uagb-column uagb-column__wrap uagb-column__background-color uagb-block-6c4fbb6d\"><div class=\"uagb-column__overlay\"><\/div>\n<h3 class=\"wp-block-heading has-white-color has-text-color has-28-font-size\"><strong>Port\u00e9e mondiale, impact local.<\/strong><\/h3>\n\n\n\n<div style=\"height:30px\" aria-hidden=\"true\" class=\"wp-block-spacer\"><\/div>\n\n\n\n<p class=\"has-neutral-white-color has-text-color has-link-color has-18-font-size wp-elements-77bdb8340cfdb2725cbc1e8a239d98b8\">Votre don soutient \u00e0 la fois l\u2019Internet Society et notre communaut\u00e9 de chapitres.<\/p>\n\n\n\n<p class=\"has-neutral-white-color has-text-color has-link-color has-18-font-size wp-elements-aedfdcb43defedd49e08f600108918e4\">En devenant vous-m\u00eame donateur de l\u2019Internet Society, vous pouvez contribuer \u00e0 consolider notre vision commune d\u2019un Internet qui est une force positive dans le monde.<\/p>\n\n\n\n<div style=\"height:20px\" aria-hidden=\"true\" class=\"wp-block-spacer\"><\/div>\n\n\n\n<p><a href=\"#XVJKRFJC\" style=\"display: none\"><\/a><\/p>\n<\/div>\n<\/div><\/section>\n\n\n\n<figure class=\"wp-block-image size-large uag-hide-desktop\"><img loading=\"lazy\" decoding=\"async\" width=\"1024\" height=\"704\" src=\"https:\/\/www.internetsociety.org\/wp-content\/uploads\/2024\/08\/IMG_6451-1-1024x704.jpg\" alt=\"kids playing in a backyard\" class=\"wp-image-213305\" srcset=\"https:\/\/www.internetsociety.org\/wp-content\/uploads\/2024\/08\/IMG_6451-1-1024x704.jpg 1024w, https:\/\/www.internetsociety.org\/wp-content\/uploads\/2024\/08\/IMG_6451-1-450x309.jpg 450w, https:\/\/www.internetsociety.org\/wp-content\/uploads\/2024\/08\/IMG_6451-1-768x528.jpg 768w, https:\/\/www.internetsociety.org\/wp-content\/uploads\/2024\/08\/IMG_6451-1-250x172.jpg 250w, https:\/\/www.internetsociety.org\/wp-content\/uploads\/2024\/08\/IMG_6451-1.jpg 1440w\" sizes=\"auto, (max-width: 1024px) 100vw, 1024px\" \/><\/figure>\n\n\n\n<div class=\"wp-block-columns is-not-stacked-on-mobile margin-bottom-0 has-neutral-white-background-color has-background uag-hide-desktop is-layout-flex wp-container-core-columns-is-layout-9d6595d7 wp-block-columns-is-layout-flex\">\n<div class=\"wp-block-column is-layout-flow wp-block-column-is-layout-flow\" style=\"flex-basis:1%\"><\/div>\n\n\n\n<div class=\"wp-block-column is-layout-flow wp-block-column-is-layout-flow\" style=\"flex-basis:98%\">\n<div style=\"height:40px\" aria-hidden=\"true\" class=\"wp-block-spacer\"><\/div>\n\n\n\n<h3 class=\"wp-block-heading has-28-font-size uag-hide-desktop\"><strong>Port\u00e9e mondiale, impact local.<\/strong><\/h3>\n\n\n\n<div style=\"height:30px\" aria-hidden=\"true\" class=\"wp-block-spacer uag-hide-desktop\"><\/div>\n\n\n\n<p class=\"has-18-font-size uag-hide-desktop\">Votre don soutient \u00e0 la fois l\u2019Internet Society et notre communaut\u00e9 de chapitres.<\/p>\n\n\n\n<p class=\"has-18-font-size uag-hide-desktop\">En devenant vous-m\u00eame donateur de l\u2019Internet Society, vous pouvez contribuer \u00e0 consolider notre vision commune d\u2019un Internet qui est une force positive dans le monde.<\/p>\n\n\n\n<p><a href=\"#XVJKRFJC\"><\/a><\/p>\n\n\n\n<div style=\"height:30px\" aria-hidden=\"true\" class=\"wp-block-spacer uag-hide-desktop\"><\/div>\n<\/div>\n\n\n\n<div class=\"wp-block-column is-layout-flow wp-block-column-is-layout-flow\" style=\"flex-basis:1%\"><\/div>\n<\/div>\n\n\n\n<p class=\"has-text-align-center has-white-color has-ground-navy-background-color has-text-color has-background has-12-font-size\">Droits d'auteur:<br> \u00a9 Naveed Haq, \u00a9 Victor Ndonnang, \u00a9Internet Society Kyrgyzstan Chapter<\/p>\n","protected":false},"excerpt":{"rendered":"<p>Rejoignez-nous pour collecter 40 000 dollars am\u00e9ricains cette ann\u00e9e afin de doter les chapitres des outils essentiels permettant un changement durable. <\/p>\n","protected":false},"author":46,"featured_media":213306,"parent":192701,"menu_order":0,"comment_status":"closed","ping_status":"closed","template":"page-wide.php","meta":{"_acf_changed":false,"_uag_custom_page_level_css":"","footnotes":""},"categories":[],"tags":[],"region_news_regions":[],"content_category":[],"ppma_author":[4057],"class_list":["post-213350","page","type-page","status-publish","has-post-thumbnail","hentry"],"acf":[],"uagb_featured_image_src":{"full":["https:\/\/www.internetsociety.org\/wp-content\/uploads\/2024\/08\/IMG_6451-1.jpg",1440,990,false],"thumbnail":["https:\/\/www.internetsociety.org\/wp-content\/uploads\/2024\/08\/IMG_6451-1-150x150.jpg",150,150,true],"medium":["https:\/\/www.internetsociety.org\/wp-content\/uploads\/2024\/08\/IMG_6451-1-450x309.jpg",450,309,true],"medium_large":["https:\/\/www.internetsociety.org\/wp-content\/uploads\/2024\/08\/IMG_6451-1-768x528.jpg",768,528,true],"large":["https:\/\/www.internetsociety.org\/wp-content\/uploads\/2024\/08\/IMG_6451-1-1024x704.jpg",1024,704,true],"1536x1536":["https:\/\/www.internetsociety.org\/wp-content\/uploads\/2024\/08\/IMG_6451-1.jpg",1440,990,false],"2048x2048":["https:\/\/www.internetsociety.org\/wp-content\/uploads\/2024\/08\/IMG_6451-1.jpg",1440,990,false],"post-thumbnail":["https:\/\/www.internetsociety.org\/wp-content\/uploads\/2024\/08\/IMG_6451-1-250x172.jpg",250,172,true],"square":["https:\/\/www.internetsociety.org\/wp-content\/uploads\/2024\/08\/IMG_6451-1-600x600.jpg",600,600,true],"gform-image-choice-sm":["https:\/\/www.internetsociety.org\/wp-content\/uploads\/2024\/08\/IMG_6451-1.jpg",300,206,false],"gform-image-choice-md":["https:\/\/www.internetsociety.org\/wp-content\/uploads\/2024\/08\/IMG_6451-1.jpg",400,275,false],"gform-image-choice-lg":["https:\/\/www.internetsociety.org\/wp-content\/uploads\/2024\/08\/IMG_6451-1.jpg",600,413,false]},"uagb_author_info":{"display_name":"Ivana Trbovic","author_link":"https:\/\/www.internetsociety.org\/fr\/author\/trbovic\/"},"uagb_comment_info":0,"uagb_excerpt":"Rejoignez-nous pour collecter 40 000 dollars am\u00e9ricains cette ann\u00e9e afin de doter les chapitres des outils essentiels permettant un changement durable.","_links":{"self":[{"href":"https:\/\/www.internetsociety.org\/fr\/wp-json\/wp\/v2\/pages\/213350","targetHints":{"allow":["GET"]}}],"collection":[{"href":"https:\/\/www.internetsociety.org\/fr\/wp-json\/wp\/v2\/pages"}],"about":[{"href":"https:\/\/www.internetsociety.org\/fr\/wp-json\/wp\/v2\/types\/page"}],"author":[{"embeddable":true,"href":"https:\/\/www.internetsociety.org\/fr\/wp-json\/wp\/v2\/users\/46"}],"replies":[{"embeddable":true,"href":"https:\/\/www.internetsociety.org\/fr\/wp-json\/wp\/v2\/comments?post=213350"}],"version-history":[{"count":0,"href":"https:\/\/www.internetsociety.org\/fr\/wp-json\/wp\/v2\/pages\/213350\/revisions"}],"up":[{"embeddable":true,"href":"https:\/\/www.internetsociety.org\/fr\/wp-json\/wp\/v2\/pages\/192701"}],"wp:featuredmedia":[{"embeddable":true,"href":"https:\/\/www.internetsociety.org\/fr\/wp-json\/wp\/v2\/media\/213306"}],"wp:attachment":[{"href":"https:\/\/www.internetsociety.org\/fr\/wp-json\/wp\/v2\/media?parent=213350"}],"wp:term":[{"taxonomy":"category","embeddable":true,"href":"https:\/\/www.internetsociety.org\/fr\/wp-json\/wp\/v2\/categories?post=213350"},{"taxonomy":"post_tag","embeddable":true,"href":"https:\/\/www.internetsociety.org\/fr\/wp-json\/wp\/v2\/tags?post=213350"},{"taxonomy":"region_news_regions","embeddable":true,"href":"https:\/\/www.internetsociety.org\/fr\/wp-json\/wp\/v2\/region_news_regions?post=213350"},{"taxonomy":"content_category","embeddable":true,"href":"https:\/\/www.internetsociety.org\/fr\/wp-json\/wp\/v2\/content_category?post=213350"},{"taxonomy":"author","embeddable":true,"href":"https:\/\/www.internetsociety.org\/fr\/wp-json\/wp\/v2\/ppma_author?post=213350"}],"curies":[{"name":"wp","href":"https:\/\/api.w.org\/{rel}","templated":true}]}}