{"id":209406,"date":"2024-04-17T16:04:23","date_gmt":"2024-04-17T16:04:23","guid":{"rendered":"https:\/\/www.internetsociety.org\/?page_id=209406"},"modified":"2025-09-19T17:40:56","modified_gmt":"2025-09-19T17:40:56","slug":"cursus-de-bourse-afpif","status":"publish","type":"page","link":"https:\/\/www.internetsociety.org\/fr\/fellowships\/afpif\/curriculum\/","title":{"rendered":"Cursus de Bourse AfPIF"},"content":{"rendered":"\n<section class=\"wp-block-uagb-columns uagb-columns__wrap uagb-columns__background-image uagb-columns__stack-mobile uagb-columns__valign- uagb-columns__gap-10 align uagb-block-1d92beb0 uagb-columns__columns-1 uagb-columns__max_width-theme background-image-fallback-black\"><div class=\"uagb-columns__overlay\"><\/div><div class=\"uagb-columns__inner-wrap uagb-columns__columns-1\">\n<div class=\"wp-block-uagb-column uagb-column__wrap uagb-column__background-undefined uagb-block-8517b357\"><div class=\"uagb-column__overlay\"><\/div>\n<div style=\"height:60px\" aria-hidden=\"true\" class=\"wp-block-spacer\"><\/div>\n\n\n\n<p class=\"has-neutral-white-color has-text-color has-18-font-size\"><mark style=\"background-color:rgba(0, 0, 0, 0)\" class=\"has-inline-color has-neutral-white-color\"><\/mark><span class=\"tadv-color\" style=\"color:#eff2ec\"><a href=\"https:\/\/www.internetsociety.org\/fr\/fellowships\/afpif\/\">Bourse AfPIF<\/a><\/span> &gt; Cursus<\/p>\n\n\n\n<div style=\"height:30px\" aria-hidden=\"true\" class=\"wp-block-spacer\"><\/div>\n\n\n\n<h1 class=\"wp-block-heading has-neutral-white-color has-text-color\">Cursus<\/h1>\n\n\n\n<div style=\"height:60px\" aria-hidden=\"true\" class=\"wp-block-spacer\"><\/div>\n<\/div>\n<\/div><\/section>\n\n\n\n<div class=\"wp-block-columns has-neutral-white-background-color has-background is-layout-flex wp-container-core-columns-is-layout-9d6595d7 wp-block-columns-is-layout-flex\">\n<div class=\"wp-block-column is-layout-flow wp-block-column-is-layout-flow\" style=\"flex-basis:10%\"><\/div>\n\n\n\n<div class=\"wp-block-column is-layout-flow wp-block-column-is-layout-flow\" style=\"flex-basis:80%\">\n<div style=\"height:60px\" aria-hidden=\"true\" class=\"wp-block-spacer uag-hide-mob\"><\/div>\n\n\n\n<p>La bourse AfPIF est une plateforme dynamique visant \u00e0 encourager la collaboration, le partage des connaissances et le renforcement des capacit\u00e9s au sein de l\u2019\u00e9cosyst\u00e8me Internet africain, afin d\u2019approfondir leur expertise et d\u2019avoir un impact significatif dans des domaines cl\u00e9s. Les cours sont dispens\u00e9s par une combinaison de cours en ligne, de tutoriels, de s\u00e9minaires interactifs en direct, d\u2019\u00e9v\u00e9nements et de sessions de discussion avec des professeurs, des experts et des conf\u00e9renciers invit\u00e9s.<\/p>\n\n\n\n<p>Le contenu sera disponible en anglais et en fran\u00e7ais, mais les sessions en direct seront uniquement en anglais.<\/p>\n\n\n\n<div style=\"height:20px\" aria-hidden=\"true\" class=\"wp-block-spacer\"><\/div>\n\n\n\n<h2 class=\"wp-block-heading has-accent-purple-color has-text-color has-link-color has-32-font-size wp-elements-fa93d029392d1c30656c4b7bb5100bf4\" id=\"onboarding\">Module 1: IXP 2.0<\/h2>\n\n\n\n<div style=\"height:20px\" aria-hidden=\"true\" class=\"wp-block-spacer\"><\/div>\n\n\n\n<p>Ce module permet aux participants de comprendre les aspects fondamentaux de l\u2019exploitation d\u2019un point d\u2019\u00e9change Internet (IXP). Il couvre les notions de bases et l\u2019introduction des op\u00e9rations IXP ; les questions commerciales et strat\u00e9giques ; la gouvernance, la politique et les aspects r\u00e9glementaires et techniques.<\/p>\n\n\n\n<h3 class=\"wp-block-heading has-28-font-size\">Quels sont les objectifs de ce programme ?<\/h3>\n\n\n\n<div style=\"height:10px\" aria-hidden=\"true\" class=\"wp-block-spacer\"><\/div>\n\n\n\n<ul class=\"wp-block-list\">\n<li>Acqu\u00e9rir une compr\u00e9hension compl\u00e8te de la fa\u00e7on d\u2019\u00e9tablir et de g\u00e9rer un IXP et les \u00e9l\u00e9ments de base qui constituent un \u00e9cosyst\u00e8me dynamique de peering et d\u2019interconnexion.<\/li>\n\n\n\n<li>D\u00e9velopper une bonne compr\u00e9hension de ce qui est n\u00e9cessaire pour construire et faire \u00e9voluer un IXP, les diff\u00e9rents mod\u00e8les de gouvernance et d\u2019exploitation, et les principaux aspects techniques essentiels au fonctionnement d\u2019une plateforme r\u00e9siliente et s\u00e9curis\u00e9e.<\/li>\n\n\n\n<li>Comprendre les diff\u00e9rents mod\u00e8les commerciaux d\u2019IXP et comment \u00e9laborer un plan strat\u00e9gique de croissance pour faire passer un IXP nouveau ou existant de son stade de d\u00e9veloppement actuel \u00e0 un stade avanc\u00e9.<\/li>\n<\/ul>\n\n\n\n<div style=\"height:40px\" aria-hidden=\"true\" class=\"wp-block-spacer\"><\/div>\n\n\n\n<h4 class=\"wp-block-heading has-accent-purple-color has-text-color has-link-color wp-elements-a61ae58ad31f110e0e273d9076ffb411\">Module 2: Op\u00e9rations avanc\u00e9es sur les r\u00e9seaux 2.0<\/h4>\n\n\n\n<div style=\"height:20px\" aria-hidden=\"true\" class=\"wp-block-spacer\"><\/div>\n\n\n\n<p>Cette formation vient \u00e0 la suite du cours intitul\u00e9 \u00ab&nbsp;Introduction aux op\u00e9rations r\u00e9seau&nbsp;\u00bb et vise \u00e0 renforcer les connaissances des participants sur des aspects plus avanc\u00e9s des services Internet fondamentaux et des nouvelles technologies. Les th\u00e8mes abord\u00e9s comprennent un traitement approfondi du DNS, et des introductions aux services de messagerie, et aux services Web s\u00e9curis\u00e9s ainsi qu\u2019au suivi du r\u00e9seau.<\/p>\n\n\n\n<h5 class=\"wp-block-heading\">Quels sont les objectifs de ce programme ?<\/h5>\n\n\n\n<div style=\"height:10px\" aria-hidden=\"true\" class=\"wp-block-spacer\"><\/div>\n\n\n\n<ul class=\"wp-block-list\">\n<li>Comprendre les configurations DNS avanc\u00e9es pour le d\u00e9ploiement d\u2019un serveur DNS faisant autorit\u00e9.<\/li>\n\n\n\n<li>Approfondir les connaissances sur le fonctionnement des services Web et de messagerie \u00e9lectronique, notamment sur la mani\u00e8re de configurer un serveur Web et un serveur de messagerie de base, avec des pages respectant le protocole de s\u00e9curit\u00e9 TLS.<\/li>\n\n\n\n<li>Comprendre le suivi d\u2019un r\u00e9seau et son importance pour les op\u00e9rations du r\u00e9seau, afin de configurer un service de surveillance du r\u00e9seau pour suivre divers p\u00e9riph\u00e9riques r\u00e9seau et services Internet.<\/li>\n<\/ul>\n\n\n\n<div style=\"height:10px\" aria-hidden=\"true\" class=\"wp-block-spacer\"><\/div>\n\n\n\n<div style=\"height:40px\" aria-hidden=\"true\" class=\"wp-block-spacer\"><\/div>\n\n\n\n<h4 class=\"wp-block-heading has-accent-purple-color has-text-color has-link-color wp-elements-f36cf353c706049d182be5af6f65b3a8\">Module 3: Peering Roadshow<\/h4>\n\n\n\n<div style=\"height:20px\" aria-hidden=\"true\" class=\"wp-block-spacer\"><\/div>\n\n\n\n<p>Ce module d\u00e9crit les sp\u00e9cifications techniques, les politiques de connexion et les lignes directrices op\u00e9rationnelles pour les participants IXP. Il vise \u00e0 assurer une interconnexion efficace, s\u00e9curis\u00e9e et \u00e9quitable pour tous les membres en plus de soutenir le d\u00e9veloppement de l\u2019\u00e9cosyst\u00e8me du peering.<\/p>\n\n\n\n<h5 class=\"wp-block-heading\">Quels sont les objectifs de ce programme ?<\/h5>\n\n\n\n<div style=\"height:10px\" aria-hidden=\"true\" class=\"wp-block-spacer\"><\/div>\n\n\n\n<ul class=\"wp-block-list\">\n<li>Comprendre le paysage r\u00e9gional du peering et de l\u2019\u00e9cosyst\u00e8me des coordinateurs de peering.<\/li>\n\n\n\n<li>D\u00e9couvrir la conception et les sp\u00e9cifications de l\u2019infrastructure.<\/li>\n\n\n\n<li>Apprendre le d\u00e9veloppement de politiques de peering et de politiques op\u00e9rationnelles.<\/li>\n\n\n\n<li>Effectuer l\u2019analyse et la mesure du trafic.<\/li>\n<\/ul>\n\n\n\n<div style=\"height:40px\" aria-hidden=\"true\" class=\"wp-block-spacer\"><\/div>\n<\/div>\n\n\n\n<div class=\"wp-block-column uag-hide-mob is-layout-flow wp-block-column-is-layout-flow\" style=\"flex-basis:10%\"><\/div>\n<\/div>\n\n\n\n<section class=\"wp-block-uagb-columns uagb-columns__wrap uagb-columns__background-color uagb-columns__stack-mobile uagb-columns__valign- uagb-columns__gap-10 align uagb-block-b88b2b19 uagb-columns__columns-1 uagb-columns__max_width-theme background-image-fallback-white\"><div class=\"uagb-columns__overlay\"><\/div><div class=\"uagb-columns__inner-wrap uagb-columns__columns-1\">\n<div class=\"wp-block-uagb-column uagb-column__wrap uagb-column__background-undefined uagb-block-dff7e7d4\"><div class=\"uagb-column__overlay\"><\/div>\n<h3 class=\"wp-block-heading has-accent-purple-color has-text-color\" id=\"2022-program-partners\">Sponsors des bourses 2024<\/h3>\n\n\n\n<div style=\"height:20px\" aria-hidden=\"true\" class=\"wp-block-spacer uag-hide-mob\"><\/div>\n\n\n\n<div class=\"wp-block-columns is-layout-flex wp-container-core-columns-is-layout-9d6595d7 wp-block-columns-is-layout-flex\">\n<div class=\"wp-block-column is-vertically-aligned-center margin-bottom-0 is-layout-flow wp-block-column-is-layout-flow\" style=\"flex-basis:17%\">\n<div style=\"height:15px\" aria-hidden=\"true\" class=\"wp-block-spacer\"><\/div>\n\n\n\n<figure class=\"wp-block-image size-full is-resized is-style-default\"><a href=\"https:\/\/www.linx.net\/\"><img loading=\"lazy\" decoding=\"async\" width=\"390\" height=\"173\" src=\"https:\/\/www.internetsociety.org\/wp-content\/uploads\/2019\/04\/LINXNewBrand.png\" alt=\"Linx - home\" class=\"wp-image-98411\" style=\"width:auto;height:90px\" srcset=\"https:\/\/www.internetsociety.org\/wp-content\/uploads\/2019\/04\/LINXNewBrand.png 390w, https:\/\/www.internetsociety.org\/wp-content\/uploads\/2019\/04\/LINXNewBrand-250x111.png 250w\" sizes=\"auto, (max-width: 390px) 100vw, 390px\" \/><\/a><\/figure>\n<\/div>\n\n\n\n<div class=\"wp-block-column is-vertically-aligned-center is-layout-flow wp-block-column-is-layout-flow\" style=\"flex-basis:17%\">\n<div style=\"height:15px\" aria-hidden=\"true\" class=\"wp-block-spacer\"><\/div>\n\n\n\n<figure class=\"wp-block-image size-full is-resized is-style-default\"><a href=\"https:\/\/www.de-cix.net\/\"><img loading=\"lazy\" decoding=\"async\" width=\"800\" height=\"733\" src=\"https:\/\/www.internetsociety.org\/wp-content\/uploads\/2020\/07\/DE-CIX_Logo.png\" alt=\"DE CIX home\" class=\"wp-image-118803\" style=\"width:90px\" srcset=\"https:\/\/www.internetsociety.org\/wp-content\/uploads\/2020\/07\/DE-CIX_Logo.png 800w, https:\/\/www.internetsociety.org\/wp-content\/uploads\/2020\/07\/DE-CIX_Logo-450x412.png 450w, https:\/\/www.internetsociety.org\/wp-content\/uploads\/2020\/07\/DE-CIX_Logo-768x704.png 768w, https:\/\/www.internetsociety.org\/wp-content\/uploads\/2020\/07\/DE-CIX_Logo-250x229.png 250w\" sizes=\"auto, (max-width: 800px) 100vw, 800px\" \/><\/a><\/figure>\n<\/div>\n<\/div>\n<\/div>\n<\/div><\/section>\n\n\n\n<p class=\"has-text-align-center has-neutral-white-color has-ground-navy-background-color has-text-color has-background has-12-font-size\">Cr\u00e9dit image\u00a0: \u00a9 Aubrey Attuquaye Korley<\/p>\n","protected":false},"excerpt":{"rendered":"<p>Am\u00e9liorez votre expertise dans l&rsquo;\u00e9cosyst\u00e8me Internet africain : rejoignez des conf\u00e9rences, des s\u00e9minaires et des discussions en ligne pour approfondir vos connaissances et g\u00e9n\u00e9rer un impact.<\/p>\n","protected":false},"author":46,"featured_media":209378,"parent":209400,"menu_order":0,"comment_status":"closed","ping_status":"closed","template":"page-wide.php","meta":{"_acf_changed":false,"_uag_custom_page_level_css":"","footnotes":""},"categories":[5674,154,118],"tags":[],"region_news_regions":[113],"content_category":[],"ppma_author":[4057],"class_list":["post-209406","page","type-page","status-publish","has-post-thumbnail","hentry","category-faconner-le-futur-de-linternet","category-points-dechange-internet","category-qui-sommes-nous","region_news_regions-afrique"],"acf":[],"uagb_featured_image_src":{"full":["https:\/\/www.internetsociety.org\/wp-content\/uploads\/2024\/04\/AFPIF-2024-participants-2-1.jpg",1440,700,false],"thumbnail":["https:\/\/www.internetsociety.org\/wp-content\/uploads\/2024\/04\/AFPIF-2024-participants-2-1-150x150.jpg",150,150,true],"medium":["https:\/\/www.internetsociety.org\/wp-content\/uploads\/2024\/04\/AFPIF-2024-participants-2-1-450x219.jpg",450,219,true],"medium_large":["https:\/\/www.internetsociety.org\/wp-content\/uploads\/2024\/04\/AFPIF-2024-participants-2-1-768x373.jpg",768,373,true],"large":["https:\/\/www.internetsociety.org\/wp-content\/uploads\/2024\/04\/AFPIF-2024-participants-2-1-1024x498.jpg",1024,498,true],"1536x1536":["https:\/\/www.internetsociety.org\/wp-content\/uploads\/2024\/04\/AFPIF-2024-participants-2-1.jpg",1440,700,false],"2048x2048":["https:\/\/www.internetsociety.org\/wp-content\/uploads\/2024\/04\/AFPIF-2024-participants-2-1.jpg",1440,700,false],"post-thumbnail":["https:\/\/www.internetsociety.org\/wp-content\/uploads\/2024\/04\/AFPIF-2024-participants-2-1-250x122.jpg",250,122,true],"square":["https:\/\/www.internetsociety.org\/wp-content\/uploads\/2024\/04\/AFPIF-2024-participants-2-1-600x600.jpg",600,600,true],"gform-image-choice-sm":["https:\/\/www.internetsociety.org\/wp-content\/uploads\/2024\/04\/AFPIF-2024-participants-2-1.jpg",300,146,false],"gform-image-choice-md":["https:\/\/www.internetsociety.org\/wp-content\/uploads\/2024\/04\/AFPIF-2024-participants-2-1.jpg",400,194,false],"gform-image-choice-lg":["https:\/\/www.internetsociety.org\/wp-content\/uploads\/2024\/04\/AFPIF-2024-participants-2-1.jpg",600,292,false]},"uagb_author_info":{"display_name":"Ivana Trbovic","author_link":"https:\/\/www.internetsociety.org\/fr\/author\/trbovic\/"},"uagb_comment_info":0,"uagb_excerpt":"Am\u00e9liorez votre expertise dans l'\u00e9cosyst\u00e8me Internet africain : rejoignez des conf\u00e9rences, des s\u00e9minaires et des discussions en ligne pour approfondir vos connaissances et g\u00e9n\u00e9rer un impact.","_links":{"self":[{"href":"https:\/\/www.internetsociety.org\/fr\/wp-json\/wp\/v2\/pages\/209406","targetHints":{"allow":["GET"]}}],"collection":[{"href":"https:\/\/www.internetsociety.org\/fr\/wp-json\/wp\/v2\/pages"}],"about":[{"href":"https:\/\/www.internetsociety.org\/fr\/wp-json\/wp\/v2\/types\/page"}],"author":[{"embeddable":true,"href":"https:\/\/www.internetsociety.org\/fr\/wp-json\/wp\/v2\/users\/46"}],"replies":[{"embeddable":true,"href":"https:\/\/www.internetsociety.org\/fr\/wp-json\/wp\/v2\/comments?post=209406"}],"version-history":[{"count":0,"href":"https:\/\/www.internetsociety.org\/fr\/wp-json\/wp\/v2\/pages\/209406\/revisions"}],"up":[{"embeddable":true,"href":"https:\/\/www.internetsociety.org\/fr\/wp-json\/wp\/v2\/pages\/209400"}],"wp:featuredmedia":[{"embeddable":true,"href":"https:\/\/www.internetsociety.org\/fr\/wp-json\/wp\/v2\/media\/209378"}],"wp:attachment":[{"href":"https:\/\/www.internetsociety.org\/fr\/wp-json\/wp\/v2\/media?parent=209406"}],"wp:term":[{"taxonomy":"category","embeddable":true,"href":"https:\/\/www.internetsociety.org\/fr\/wp-json\/wp\/v2\/categories?post=209406"},{"taxonomy":"post_tag","embeddable":true,"href":"https:\/\/www.internetsociety.org\/fr\/wp-json\/wp\/v2\/tags?post=209406"},{"taxonomy":"region_news_regions","embeddable":true,"href":"https:\/\/www.internetsociety.org\/fr\/wp-json\/wp\/v2\/region_news_regions?post=209406"},{"taxonomy":"content_category","embeddable":true,"href":"https:\/\/www.internetsociety.org\/fr\/wp-json\/wp\/v2\/content_category?post=209406"},{"taxonomy":"author","embeddable":true,"href":"https:\/\/www.internetsociety.org\/fr\/wp-json\/wp\/v2\/ppma_author?post=209406"}],"curies":[{"name":"wp","href":"https:\/\/api.w.org\/{rel}","templated":true}]}}