{"id":205700,"date":"2023-12-14T13:31:03","date_gmt":"2023-12-14T13:31:03","guid":{"rendered":"https:\/\/www.internetsociety.org\/?page_id=205700"},"modified":"2023-12-14T20:29:21","modified_gmt":"2023-12-14T20:29:21","slug":"devenir-partenaire-avec-linternet-society","status":"publish","type":"page","link":"https:\/\/www.internetsociety.org\/fr\/partnerships\/","title":{"rendered":"Devenir partenaire avec l\u2019Internet Society"},"content":{"rendered":"\n<section class=\"wp-block-uagb-columns uagb-columns__wrap uagb-columns__background-image uagb-columns__stack-mobile uagb-columns__valign- uagb-columns__gap-10 align uagb-block-72793661 uagb-columns__columns-1 uagb-columns__max_width-theme background-image-fallback-black\"><div class=\"uagb-columns__overlay\"><\/div><div class=\"uagb-columns__inner-wrap uagb-columns__columns-1\">\n<div class=\"wp-block-uagb-column uagb-column__wrap uagb-column__background-undefined uagb-block-3d6f7098\"><div class=\"uagb-column__overlay\"><\/div>\n<h1 class=\"wp-block-heading has-neutral-white-color has-text-color\">Partenariats de l\u2019Internet Society<\/h1>\n<\/div>\n<\/div><\/section>\n\n\n\n<div class=\"wp-block-columns is-layout-flex wp-container-core-columns-is-layout-9d6595d7 wp-block-columns-is-layout-flex\">\n<div class=\"wp-block-column is-layout-flow wp-block-column-is-layout-flow\" style=\"flex-basis:10%\"><\/div>\n\n\n\n<div class=\"wp-block-column is-layout-flow wp-block-column-is-layout-flow\" style=\"flex-basis:80%\">\n<div style=\"height:40px\" aria-hidden=\"true\" class=\"wp-block-spacer\"><\/div>\n\n\n\n<h2 class=\"wp-block-heading has-accent-purple-color has-text-color has-link-color has-32-font-size wp-elements-c246c5a786069431615505ddc3fa6769\">Nous consid\u00e9rons que l&rsquo;Internet est pour tout le monde et qu&rsquo;il a besoin de la participation de chacun pour fonctionner au mieux.<\/h2>\n\n\n\n<div style=\"height:20px\" aria-hidden=\"true\" class=\"wp-block-spacer\"><\/div>\n\n\n\n<p class=\"has-18-font-size\">Nous atteignons un plus grand impact et allons plus loin avec des partenaires qui se focalisent sur la mission et qui sont \u00e0 nos c\u00f4t\u00e9s.<\/p>\n\n\n\n<p class=\"has-18-font-size\">Il s\u2019agit l\u00e0 plus qu\u2019une simple fa\u00e7on de travailler.<\/p>\n\n\n\n<p class=\"has-18-font-size\">La notion de partenariat est une partie int\u00e9grale de notre culture. Faire quelque chose en collaboration avec d\u2019autres organisations nous est encore plus pr\u00e9cieux que de faire les choses par nous-m\u00eame.<\/p>\n\n\n\n<p class=\"has-18-font-size\">Nous travaillons avec une grande diversit\u00e9 d\u2019organisations, notamment des gouvernements, des organisations internationales, des entreprises priv\u00e9es, des organisations de la soci\u00e9t\u00e9 civile, des institutions universitaires, des organisations de la communaut\u00e9 technique, etc.<\/p>\n\n\n\n<h3 class=\"wp-block-heading has-26-font-size\">Pour discuter \u00e0 propos de partenariats avec nous, envoyez-nous un courriel sur\u00a0<a href=\"mailto:partnerships@isoc.org\">partnerships@isoc.org.<\/a><\/h3>\n\n\n\n<div style=\"height:30px\" aria-hidden=\"true\" class=\"wp-block-spacer\"><\/div>\n<\/div>\n\n\n\n<div class=\"wp-block-column is-layout-flow wp-block-column-is-layout-flow\" style=\"flex-basis:10%\"><\/div>\n<\/div>\n\n\n\n<div class=\"wp-block-columns margin-bottom-0 has-neutral-white-background-color has-background is-layout-flex wp-container-core-columns-is-layout-9d6595d7 wp-block-columns-is-layout-flex\">\n<div class=\"wp-block-column is-layout-flow wp-block-column-is-layout-flow\" style=\"flex-basis:10%\"><\/div>\n\n\n\n<div class=\"wp-block-column is-layout-flow wp-block-column-is-layout-flow\" style=\"flex-basis:80%\">\n<div style=\"height:40px\" aria-hidden=\"true\" class=\"wp-block-spacer\"><\/div>\n\n\n\n<h4 class=\"wp-block-heading has-green-color has-text-color has-link-color wp-elements-f09788a967bf4760a7c1a590f2f09b37\">Actualit\u00e9s<\/h4>\n\n\n\n<div style=\"height:30px\" aria-hidden=\"true\" class=\"wp-block-spacer\"><\/div>\n\n\n\n\t\t\t<div class=\"wp-block-uagb-post-grid uagb-post-grid  uagb-post__image-position-top uagb-post__image-disabled uagb-block-dc931352     uagb-post__items uagb-post__columns-3 is-grid uagb-post__columns-tablet-2 uagb-post__columns-mobile-1 uagb-post__equal-height\" data-total=\"2\" style=\"\">\n\n\t\t\t\t\t\t\t\t\t\t\t\t<article class=\"uagb-post__inner-wrap\">\t\t\t\t\t\t\t\t<h5 class=\"uagb-post__title uagb-post__text\">\n\t\t\t\t<a href=\"https:\/\/www.internetsociety.org\/fr\/blog\/2021\/08\/un-partenariat-pour-faire-progresser-les-droits-numeriques-et-le-developpement-de-linternet-en-afrique\/\" target=\"_self\" rel=\"bookmark noopener noreferrer\">Un partenariat pour faire progresser les droits num\u00e9riques et le d\u00e9veloppement de l&rsquo;Internet en Afrique<\/a>\n\t\t\t<\/h5>\n\t\t\t\t\t\t<div class='uagb-post__text uagb-post-grid-byline'>\n\t\t\t\t\t\t\t\t<time datetime=\"2021-08-19T14:28:52+00:00\" class=\"uagb-post__date\">\n\t\t\t\t<span class=\"dashicons-calendar dashicons\"><\/span>\t\t\t\t\t19 ao\u00fbt 2021\t\t\t\t<\/time>\n\t\t\t\t\t\t<\/div>\n\t\t\t\n\t\t\t\t\t\t\t\t\t<\/article>\n\t\t\t\t\t\t\t\t\t\t\t\t\t\t\t\t<article class=\"uagb-post__inner-wrap\">\t\t\t\t\t\t\t\t<h5 class=\"uagb-post__title uagb-post__text\">\n\t\t\t\t<a href=\"https:\/\/www.internetsociety.org\/fr\/blog\/2021\/06\/soutenir-les-ixp-en-asie-pacifique-nouveau-partenariat-avec-lasia-pacific-internet-exchange-association\/\" target=\"_self\" rel=\"bookmark noopener noreferrer\">Soutenir les IXP en Asie-Pacifique : Nouveau partenariat avec l&rsquo;Asia Pacific Internet Exchange Association<\/a>\n\t\t\t<\/h5>\n\t\t\t\t\t\t<div class='uagb-post__text uagb-post-grid-byline'>\n\t\t\t\t\t\t\t\t<time datetime=\"2021-06-10T15:22:51+00:00\" class=\"uagb-post__date\">\n\t\t\t\t<span class=\"dashicons-calendar dashicons\"><\/span>\t\t\t\t\t10 juin 2021\t\t\t\t<\/time>\n\t\t\t\t\t\t<\/div>\n\t\t\t\n\t\t\t\t\t\t\t\t\t<\/article>\n\t\t\t\t\t\t\t\t\t\t\t\t\t\t\t\t<article class=\"uagb-post__inner-wrap\">\t\t\t\t\t\t\t\t<h5 class=\"uagb-post__title uagb-post__text\">\n\t\t\t\t<a href=\"https:\/\/www.internetsociety.org\/fr\/blog\/2021\/05\/les-femmes-africaines-actrices-de-la-numerisation-et-de-la-transformation-lafchix-et-linternet-society-renouvellent-leur-partenariat\/\" target=\"_self\" rel=\"bookmark noopener noreferrer\">Les femmes africaines, actrices de la num\u00e9risation et de la transformation : l&rsquo;AfChix et l&rsquo;Internet Society renouvellent leur partenariat<\/a>\n\t\t\t<\/h5>\n\t\t\t\t\t\t<div class='uagb-post__text uagb-post-grid-byline'>\n\t\t\t\t\t\t\t\t<time datetime=\"2021-05-27T11:00:00+00:00\" class=\"uagb-post__date\">\n\t\t\t\t<span class=\"dashicons-calendar dashicons\"><\/span>\t\t\t\t\t27 mai 2021\t\t\t\t<\/time>\n\t\t\t\t\t\t<\/div>\n\t\t\t\n\t\t\t\t\t\t\t\t\t<\/article>\n\t\t\t\t\t\t\t\t\t\t\t\t\t\t\t\t<article class=\"uagb-post__inner-wrap\">\t\t\t\t\t\t\t\t<h5 class=\"uagb-post__title uagb-post__text\">\n\t\t\t\t<a href=\"https:\/\/www.internetsociety.org\/fr\/blog\/2021\/01\/pour-une-meilleure-equite-la-subvention-epic-de-truist-vise-a-developper-le-potentiel-des-communautes-en-leur-facilitant-lacces-au-haut-debit\/\" target=\"_self\" rel=\"bookmark noopener noreferrer\">Pour une meilleure \u00e9quit\u00e9 : La subvention EPIC de Truist vise \u00e0 d\u00e9velopper le potentiel des communaut\u00e9s en leur facilitant l&rsquo;acc\u00e8s au haut d\u00e9bit<\/a>\n\t\t\t<\/h5>\n\t\t\t\t\t\t<div class='uagb-post__text uagb-post-grid-byline'>\n\t\t\t\t\t\t\t\t<time datetime=\"2021-01-25T13:00:00+00:00\" class=\"uagb-post__date\">\n\t\t\t\t<span class=\"dashicons-calendar dashicons\"><\/span>\t\t\t\t\t25 janvier 2021\t\t\t\t<\/time>\n\t\t\t\t\t\t<\/div>\n\t\t\t\n\t\t\t\t\t\t\t\t\t<\/article>\n\t\t\t\t\t\t\t\t\t\t\t\t\t\t\t\t<article class=\"uagb-post__inner-wrap\">\t\t\t\t\t\t\t\t<h5 class=\"uagb-post__title uagb-post__text\">\n\t\t\t\t<a href=\"https:\/\/www.internetsociety.org\/fr\/blog\/2020\/08\/linternet-society-et-lassociation-for-progressive-communications-concluent-un-protocole-daccord\/\" target=\"_self\" rel=\"bookmark noopener noreferrer\">L&rsquo;Internet Society et l&rsquo;Association for Progressive Communications concluent un protocole d&rsquo;accord<\/a>\n\t\t\t<\/h5>\n\t\t\t\t\t\t<div class='uagb-post__text uagb-post-grid-byline'>\n\t\t\t\t\t\t\t\t<time datetime=\"2020-08-20T13:01:50+00:00\" class=\"uagb-post__date\">\n\t\t\t\t<span class=\"dashicons-calendar dashicons\"><\/span>\t\t\t\t\t20 ao\u00fbt 2020\t\t\t\t<\/time>\n\t\t\t\t\t\t<\/div>\n\t\t\t\n\t\t\t\t\t\t\t\t\t<\/article>\n\t\t\t\t\t\t\t\t\t\t\t\t\t\t\t\t<article class=\"uagb-post__inner-wrap\">\t\t\t\t\t\t\t\t<h5 class=\"uagb-post__title uagb-post__text\">\n\t\t\t\t<a href=\"https:\/\/www.internetsociety.org\/fr\/blog\/2020\/08\/partenariat-avec-euro-ix-en-matiere-notamment-de-developpement-des-infrastructures-et-de-securite-des-routages\/\" target=\"_self\" rel=\"bookmark noopener noreferrer\">Partenariat avec Euro-IX en mati\u00e8re notamment de d\u00e9veloppement des infrastructures et de s\u00e9curit\u00e9 des routages<\/a>\n\t\t\t<\/h5>\n\t\t\t\t\t\t<div class='uagb-post__text uagb-post-grid-byline'>\n\t\t\t\t\t\t\t\t<time datetime=\"2020-08-11T14:12:13+00:00\" class=\"uagb-post__date\">\n\t\t\t\t<span class=\"dashicons-calendar dashicons\"><\/span>\t\t\t\t\t11 ao\u00fbt 2020\t\t\t\t<\/time>\n\t\t\t\t\t\t<\/div>\n\t\t\t\n\t\t\t\t\t\t\t\t\t<\/article>\n\t\t\t\t\t\t\t\t\t\t\t\t\t<div class=\"uagb-post-pagination-wrap\">\n\t\t\t\t\t\t<span aria-current=\"page\" class=\"page-numbers current\">1<\/span>\n<a class=\"page-numbers\" href=\"https:\/\/www.internetsociety.org\/fr\/wp-json\/wp\/v2\/pages\/205700\/page\/2\/\">2<\/a>\n<a class=\"next page-numbers\" href=\"https:\/\/www.internetsociety.org\/fr\/wp-json\/wp\/v2\/pages\/205700\/page\/2\/\">\u00bb<\/a>\t\t\t\t\t<\/div>\n\t\t\t\t\t\t\t\t<\/div>\n\t\t\t\n\n\n<div style=\"height:40px\" aria-hidden=\"true\" class=\"wp-block-spacer\"><\/div>\n<\/div>\n\n\n\n<div class=\"wp-block-column is-layout-flow wp-block-column-is-layout-flow\" style=\"flex-basis:10%\"><\/div>\n<\/div>\n\n\n\n<p class=\"has-text-align-center has-neutral-white-color has-ground-navy-background-color has-text-color has-background has-12-font-size\">Droits d\u2019auteur:<br>\u00a9 Internet Society \/ Nyani Quarmyne \/ Panos Pictures<\/p>\n","protected":false},"excerpt":{"rendered":"<p>Partenariats de l\u2019Internet Society Nous consid\u00e9rons que l&rsquo;Internet est pour tout le monde et qu&rsquo;il a besoin de la participation de chacun pour fonctionner au mieux. Nous atteignons un plus grand impact et allons plus loin avec des partenaires qui se focalisent sur la mission et qui sont \u00e0 nos c\u00f4t\u00e9s. Il s\u2019agit l\u00e0 plus [&hellip;]<\/p>\n","protected":false},"author":46,"featured_media":124206,"parent":0,"menu_order":0,"comment_status":"closed","ping_status":"closed","template":"page-wide.php","meta":{"_acf_changed":false,"_uag_custom_page_level_css":"","footnotes":""},"categories":[118],"tags":[],"region_news_regions":[],"content_category":[],"ppma_author":[4057],"class_list":["post-205700","page","type-page","status-publish","has-post-thumbnail","hentry","category-qui-sommes-nous"],"acf":[],"uagb_featured_image_src":{"full":["https:\/\/www.internetsociety.org\/wp-content\/uploads\/2017\/08\/AfPIF-2016-1-1-e1601056788194.jpg",1400,594,false],"thumbnail":["https:\/\/www.internetsociety.org\/wp-content\/uploads\/2017\/08\/AfPIF-2016-1-1-150x150.jpg",150,150,true],"medium":["https:\/\/www.internetsociety.org\/wp-content\/uploads\/2017\/08\/AfPIF-2016-1-1-300x127.jpg",300,127,true],"medium_large":["https:\/\/www.internetsociety.org\/wp-content\/uploads\/2017\/08\/AfPIF-2016-1-1-768x326.jpg",768,326,true],"large":["https:\/\/www.internetsociety.org\/wp-content\/uploads\/2017\/08\/AfPIF-2016-1-1-1024x434.jpg",1024,434,true],"1536x1536":["https:\/\/www.internetsociety.org\/wp-content\/uploads\/2017\/08\/AfPIF-2016-1-1-e1601056788194.jpg",1400,594,false],"2048x2048":["https:\/\/www.internetsociety.org\/wp-content\/uploads\/2017\/08\/AfPIF-2016-1-1-e1601056788194.jpg",1400,594,false],"post-thumbnail":["https:\/\/www.internetsociety.org\/wp-content\/uploads\/2017\/08\/AfPIF-2016-1-1-250x106.jpg",250,106,true],"square":["https:\/\/www.internetsociety.org\/wp-content\/uploads\/2017\/08\/AfPIF-2016-1-1-600x600.jpg",600,600,true],"gform-image-choice-sm":["https:\/\/www.internetsociety.org\/wp-content\/uploads\/2017\/08\/AfPIF-2016-1-1-e1601056788194.jpg",300,127,false],"gform-image-choice-md":["https:\/\/www.internetsociety.org\/wp-content\/uploads\/2017\/08\/AfPIF-2016-1-1-e1601056788194.jpg",400,170,false],"gform-image-choice-lg":["https:\/\/www.internetsociety.org\/wp-content\/uploads\/2017\/08\/AfPIF-2016-1-1-e1601056788194.jpg",600,255,false]},"uagb_author_info":{"display_name":"Ivana Trbovic","author_link":"https:\/\/www.internetsociety.org\/fr\/author\/trbovic\/"},"uagb_comment_info":0,"uagb_excerpt":"Partenariats de l\u2019Internet Society Nous consid\u00e9rons que l&rsquo;Internet est pour tout le monde et qu&rsquo;il a besoin de la participation de chacun pour fonctionner au mieux. Nous atteignons un plus grand impact et allons plus loin avec des partenaires qui se focalisent sur la mission et qui sont \u00e0 nos c\u00f4t\u00e9s. Il s\u2019agit l\u00e0 plus\u2026","_links":{"self":[{"href":"https:\/\/www.internetsociety.org\/fr\/wp-json\/wp\/v2\/pages\/205700","targetHints":{"allow":["GET"]}}],"collection":[{"href":"https:\/\/www.internetsociety.org\/fr\/wp-json\/wp\/v2\/pages"}],"about":[{"href":"https:\/\/www.internetsociety.org\/fr\/wp-json\/wp\/v2\/types\/page"}],"author":[{"embeddable":true,"href":"https:\/\/www.internetsociety.org\/fr\/wp-json\/wp\/v2\/users\/46"}],"replies":[{"embeddable":true,"href":"https:\/\/www.internetsociety.org\/fr\/wp-json\/wp\/v2\/comments?post=205700"}],"version-history":[{"count":0,"href":"https:\/\/www.internetsociety.org\/fr\/wp-json\/wp\/v2\/pages\/205700\/revisions"}],"wp:featuredmedia":[{"embeddable":true,"href":"https:\/\/www.internetsociety.org\/fr\/wp-json\/wp\/v2\/media\/124206"}],"wp:attachment":[{"href":"https:\/\/www.internetsociety.org\/fr\/wp-json\/wp\/v2\/media?parent=205700"}],"wp:term":[{"taxonomy":"category","embeddable":true,"href":"https:\/\/www.internetsociety.org\/fr\/wp-json\/wp\/v2\/categories?post=205700"},{"taxonomy":"post_tag","embeddable":true,"href":"https:\/\/www.internetsociety.org\/fr\/wp-json\/wp\/v2\/tags?post=205700"},{"taxonomy":"region_news_regions","embeddable":true,"href":"https:\/\/www.internetsociety.org\/fr\/wp-json\/wp\/v2\/region_news_regions?post=205700"},{"taxonomy":"content_category","embeddable":true,"href":"https:\/\/www.internetsociety.org\/fr\/wp-json\/wp\/v2\/content_category?post=205700"},{"taxonomy":"author","embeddable":true,"href":"https:\/\/www.internetsociety.org\/fr\/wp-json\/wp\/v2\/ppma_author?post=205700"}],"curies":[{"name":"wp","href":"https:\/\/api.w.org\/{rel}","templated":true}]}}