{"id":198719,"date":"2023-09-05T17:07:31","date_gmt":"2023-09-05T17:07:31","guid":{"rendered":"https:\/\/www.internetsociety.org\/pourquoi-linternet\/"},"modified":"2025-02-18T11:05:12","modified_gmt":"2025-02-18T11:05:12","slug":"pourquoi-linternet","status":"publish","type":"page","link":"https:\/\/www.internetsociety.org\/fr\/why-the-internet\/","title":{"rendered":"Pourquoi l&rsquo;Internet ?"},"content":{"rendered":"\n<section class=\"wp-block-uagb-columns uagb-columns__wrap uagb-columns__background-image uagb-columns__stack-mobile uagb-columns__valign- uagb-columns__gap-10 align uagb-block-72793661 uagb-columns__columns-1 uagb-columns__max_width-theme background-image-fallback-black\"><div class=\"uagb-columns__overlay\"><\/div><div class=\"uagb-columns__inner-wrap uagb-columns__columns-1\">\n<div class=\"wp-block-uagb-column uagb-column__wrap uagb-column__background-undefined uagb-block-3d6f7098\"><div class=\"uagb-column__overlay\"><\/div>\n<h1 class=\"wp-block-heading has-neutral-white-color has-text-color\">Pourquoi l&rsquo;Internet ?<\/h1>\n<\/div>\n<\/div><\/section>\n\n\n\n<div class=\"wp-block-columns is-layout-flex wp-container-core-columns-is-layout-9d6595d7 wp-block-columns-is-layout-flex\">\n<div class=\"wp-block-column is-layout-flow wp-block-column-is-layout-flow\" style=\"flex-basis:10%\"><\/div>\n\n\n\n<div class=\"wp-block-column is-layout-flow wp-block-column-is-layout-flow\" style=\"flex-basis:80%\">\n<div style=\"height:50px\" aria-hidden=\"true\" class=\"wp-block-spacer uag-hide-tab uag-hide-mob\"><\/div>\n\n\n\n<h2 class=\"wp-block-heading has-accent-purple-color has-text-color has-26-font-size\"><strong>Lorsque nous nous connectons \u00e0 l&rsquo;Internet, tout devient possible.<\/strong><\/h2>\n\n\n\n<div style=\"height:20px\" aria-hidden=\"true\" class=\"wp-block-spacer\"><\/div>\n\n\n\n<p class=\"has-18-font-size\">L&rsquo;Internet nous rapproche de ce qui nous tient le plus \u00e0 c\u0153ur.<\/p>\n\n\n\n<p class=\"has-18-font-size\">Il nous offre, par exemple, la possibilit\u00e9 d&rsquo;\u00e9tudier ou de cr\u00e9er une entreprise, afin d&rsquo;am\u00e9liorer nos vies et de renforcer nos communaut\u00e9s. Il nous permet aussi de communiquer, de rendre le sourire \u00e0 nos proches qui vivent loin de nous, ou de partager nos connaissances afin d&rsquo;am\u00e9liorer notre compr\u00e9hension du monde. Il nous aide m\u00eame \u00e0 trouver l&rsquo;\u00e9mission parfaite qui m\u00e9rite d&rsquo;\u00eatre regard\u00e9e en boucle ou \u00e0 faire d\u00e9filer des vid\u00e9os sans fin, si bien que nous n&rsquo;avons plus souvent l&rsquo;occasion de nous ennuyer.<\/p>\n\n\n\n<p class=\"has-18-font-size\">L&rsquo;Internet transforme nos vies et notre soci\u00e9t\u00e9 pour le meilleur. Il n\u2019appartient ni \u00e0 une seule personne, ni \u00e0 un seul gouvernement, ni \u00e0 une seule entreprise, mais \u00e0 chacun d\u2019entre nous.<\/p>\n\n\n\n<div style=\"height:20px\" aria-hidden=\"true\" class=\"wp-block-spacer uag-hide-tab uag-hide-mob\"><\/div>\n<\/div>\n\n\n\n<div class=\"wp-block-column uag-hide-tab uag-hide-mob is-layout-flow wp-block-column-is-layout-flow\" style=\"flex-basis:10%\"><\/div>\n<\/div>\n\n\n\n<figure class=\"wp-block-image size-large uag-hide-desktop\"><img loading=\"lazy\" decoding=\"async\" width=\"1024\" height=\"498\" src=\"https:\/\/www.internetsociety.org\/wp-content\/uploads\/2023\/08\/woman-canada-1024x498.jpg\" alt=\"Une jeune femme aux cheveux noirs et courts debout sur un balcon avec vue sur la ville.\" class=\"wp-image-197985\" srcset=\"https:\/\/www.internetsociety.org\/wp-content\/uploads\/2023\/08\/woman-canada-1024x498.jpg 1024w, https:\/\/www.internetsociety.org\/wp-content\/uploads\/2023\/08\/woman-canada-450x219.jpg 450w, https:\/\/www.internetsociety.org\/wp-content\/uploads\/2023\/08\/woman-canada-768x374.jpg 768w, https:\/\/www.internetsociety.org\/wp-content\/uploads\/2023\/08\/woman-canada-250x122.jpg 250w, https:\/\/www.internetsociety.org\/wp-content\/uploads\/2023\/08\/woman-canada.jpg 1440w\" sizes=\"auto, (max-width: 1024px) 100vw, 1024px\" \/><\/figure>\n\n\n\n<div style=\"height:30px\" aria-hidden=\"true\" class=\"wp-block-spacer uag-hide-desktop\"><\/div>\n\n\n\n<h3 class=\"wp-block-heading has-26-font-size uag-hide-desktop\"><strong>Des milliards de personnes sont priv\u00e9es des possibilit\u00e9s qu&rsquo;offre Internet.<\/strong><\/h3>\n\n\n\n<div style=\"height:30px\" aria-hidden=\"true\" class=\"wp-block-spacer uag-hide-desktop\"><\/div>\n\n\n\n<p class=\"has-32-font-size uag-hide-desktop\"><span style=\" color: #7e245c;\">1<\/span><span style=\"font-size: 16px;\">\/<\/span><span style=\" color: #7e245c;\">3<\/span><br><span style=\"font-size: 16px;\"><span style=\"font-size: 16px;\">des personnes vivent du mauvais c\u00f4t\u00e9 de la fracture num\u00e9rique.<\/span><\/span><\/p>\n\n\n\n<p class=\"has-32-font-size uag-hide-desktop\"><mark style=\"background-color:rgba(0, 0, 0, 0)\" class=\"has-inline-color has-accent-purple-color\"><span style=\" color: #7e245c;\">20<\/span><\/mark><br><span style=\"font-size: 16px;\">des pays ont bloqu\u00e9 l&rsquo;acc\u00e8s aux r\u00e9seaux sociaux ou aux plateformes de communication en 2024.<\/span><\/p>\n\n\n\n<p class=\"has-32-font-size uag-hide-desktop\"><span style=\" color: #7e245c;\">124<\/span><br><span style=\"font-size: 16px;\">des coupures d&rsquo;Internet ont eu lieu en 2024.<\/span><\/p>\n\n\n\n<div style=\"height:10px\" aria-hidden=\"true\" class=\"wp-block-spacer\"><\/div>\n\n\n\n<div class=\"wp-block-uagb-counter uagb-block-bc4175e2 wp-block-uagb-counter--number uag-hide-desktop\"><div class=\"wp-block-uagb-counter__number\"><span class=\"uagb-counter-block-number\" data-duration=\"1.5\" data-to-value=\"2360000000\" data-from-value=\"0\" data-delimiter=\",\"><\/span><\/div><div class=\"wp-block-uagb-counter__title\">Perte \u00e9conomique mondiale (en dollars am\u00e9ricains) due aux coupures et perturbations de l&rsquo;Internet en 2024.<\/div><\/div>\n\n\n\n<p class=\"has-12-font-size uag-hide-desktop\">Sources : <br>Facts and Figures 2022 &#8211; Internet use (<a href=\"https:\/\/www.itu.int\/itu-d\/reports\/statistics\/2022\/11\/24\/ff22-internet-use\/\">ITU<\/a>), Acc\u00e8s bloqu\u00e9, Coupures d&rsquo;Internet et NetLoss Calculator (<a href=\"https:\/\/pulse.internetsociety.org\/fr\">Internet Society Pulse<\/a>)<\/p>\n\n\n\n<div style=\"height:10px\" aria-hidden=\"true\" class=\"wp-block-spacer uag-hide-desktop\"><\/div>\n\n\n\n<section class=\"wp-block-uagb-columns uagb-columns__wrap uagb-columns__background-image uagb-columns__stack-none uagb-columns__valign- uagb-columns__gap-10 align uagb-block-9a8ef2fd uagb-columns__columns-1 uagb-columns__max_width-theme background-image-fallback-black uag-hide-tab uag-hide-mob\"><div class=\"uagb-columns__overlay\"><\/div><div class=\"uagb-columns__inner-wrap uagb-columns__columns-1\">\n<div class=\"wp-block-uagb-column uagb-column__wrap uagb-column__background-undefined uagb-block-9d52efac\"><div class=\"uagb-column__overlay\"><\/div>\n<h3 class=\"wp-block-heading has-neutral-white-color has-text-color has-26-font-size\"><strong>Des milliards de personnes sont priv\u00e9es des possibilit\u00e9s qu&rsquo;offre Internet.<\/strong><\/h3>\n\n\n\n<div style=\"height:30px\" aria-hidden=\"true\" class=\"wp-block-spacer\"><\/div>\n\n\n\n<p class=\"has-neutral-white-color has-text-color has-32-font-size\"><span style=\" color: #eeca4a;\">1<\/span><span style=\"font-size: 18px;\">\/<\/span><span style=\" color: #eeca4a;\">3<\/span><br><span style=\"font-size: 18px;\"><span style=\"font-size: 18px;\">des personnes vivent du mauvais c\u00f4t\u00e9 de la fracture num\u00e9rique.<\/span><\/span><\/p>\n\n\n\n<p class=\"has-neutral-white-color has-text-color has-32-font-size\"><mark style=\"background-color:rgba(0, 0, 0, 0)\" class=\"has-inline-color has-accent-yellow-color\">20<\/mark><br><span style=\"font-size: 18px;\">des pays ont bloqu\u00e9 l&rsquo;acc\u00e8s aux r\u00e9seaux sociaux ou aux plateformes de communication en 2024.<\/span><\/p>\n\n\n\n<p class=\"has-neutral-white-color has-text-color has-32-font-size\"><span style=\" color: #eeca4a;\">124<\/span><br><span style=\"font-size: 18px;\">des coupures d&rsquo;Internet ont eu lieu en 2024.<\/span><\/p>\n\n\n\n<div style=\"height:10px\" aria-hidden=\"true\" class=\"wp-block-spacer\"><\/div>\n\n\n\n<div class=\"wp-block-uagb-counter uagb-block-8978fe88 wp-block-uagb-counter--number\"><div class=\"wp-block-uagb-counter__number\"><span class=\"uagb-counter-block-number\" data-duration=\"1.5\" data-to-value=\"2360000000\" data-from-value=\"0\" data-delimiter=\",\"><\/span><\/div><div class=\"wp-block-uagb-counter__title\">Perte \u00e9conomique mondiale (en dollars am\u00e9ricains) due aux coupures et perturbations de l&rsquo;Internet en 2024.<\/div><\/div>\n\n\n\n<p class=\"has-text-align-right has-neutral-white-color has-text-color has-12-font-size\">Sources : Facts and Figures 2022 &#8211; Internet use (<a href=\"https:\/\/www.itu.int\/itu-d\/reports\/statistics\/2022\/11\/24\/ff22-internet-use\/\">ITU<\/a>), Acc\u00e8s bloqu\u00e9, <br>Coupures d&rsquo;Internet et NetLoss Calculator (<a href=\"https:\/\/pulse.internetsociety.org\/fr\">Internet Society Pulse<\/a>)<\/p>\n<\/div>\n<\/div><\/section>\n\n\n\n<div class=\"wp-block-columns margin-bottom-0 has-neutral-white-background-color has-background is-layout-flex wp-container-core-columns-is-layout-9d6595d7 wp-block-columns-is-layout-flex\">\n<div class=\"wp-block-column is-layout-flow wp-block-column-is-layout-flow\" style=\"flex-basis:10%\"><\/div>\n\n\n\n<div class=\"wp-block-column is-layout-flow wp-block-column-is-layout-flow\" style=\"flex-basis:80%\">\n<div style=\"height:40px\" aria-hidden=\"true\" class=\"wp-block-spacer uag-hide-tab uag-hide-mob\"><\/div>\n\n\n\n<h4 class=\"wp-block-heading\">Comment l&rsquo;Internet nous aide<\/h4>\n\n\n\n<div style=\"height:20px\" aria-hidden=\"true\" class=\"wp-block-spacer\"><\/div>\n\n\n\n<p class=\"has-18-font-size\">D\u00e9couvrez comment l&rsquo;Internet transforme la vie des gens.<\/p>\n\n\n\n<div style=\"height:10px\" aria-hidden=\"true\" class=\"wp-block-spacer uag-hide-tab uag-hide-mob\"><\/div>\n<\/div>\n\n\n\n<div class=\"wp-block-column uag-hide-tab uag-hide-mob is-layout-flow wp-block-column-is-layout-flow\" style=\"flex-basis:10%\"><\/div>\n<\/div>\n\n\n\n<div class=\"wp-block-columns is-not-stacked-on-mobile margin-bottom-0 has-neutral-white-background-color has-background is-layout-flex wp-container-core-columns-is-layout-9d6595d7 wp-block-columns-is-layout-flex\">\n<div class=\"wp-block-column uag-hide-tab uag-hide-mob is-layout-flow wp-block-column-is-layout-flow\" style=\"flex-basis:7%\"><\/div>\n\n\n\n<div class=\"wp-block-column is-layout-flow wp-block-column-is-layout-flow\" style=\"flex-basis:100%\">\n<div class=\"wp-block-uagb-slider uagb-block-6182d2c4 uagb-slider-container\"><div class=\"uagb-slides uagb-swiper\"><div class=\"swiper-wrapper\">\n<div class=\"wp-block-uagb-slider-child uagb-slider-child-wrap swiper-slide uagb-block-a39106d5\"><div class=\"swiper-content\">\n<div class=\"wp-block-uagb-container uagb-block-0fca7e47 default uagb-is-root-container\">\n<div class=\"wp-block-media-text alignwide has-media-on-the-right is-stacked-on-mobile\"><div class=\"wp-block-media-text__content\">\n<div style=\"height:20px\" aria-hidden=\"true\" class=\"wp-block-spacer uag-hide-desktop uag-hide-tab\"><\/div>\n\n\n\n<h5 class=\"wp-block-heading\">De nouvelles opportunit\u00e9s au sommet du monde<\/h5>\n\n\n\n<div style=\"height:20px\" aria-hidden=\"true\" class=\"wp-block-spacer\"><\/div>\n\n\n\n<p class=\"has-18-font-size\">Lorsque Chhepal Sherpa s&rsquo;est rendu compte que de nombreux jeunes quittaient les communaut\u00e9s du mont Everest pour trouver de meilleures perspectives de vie, il a su que l&rsquo;Internet pourrait venir \u00e0 la rescousse des villes que lui et ses anc\u00eatres ont toujours consid\u00e9r\u00e9es chez eux.<\/p>\n<\/div><figure class=\"wp-block-media-text__media\"><img loading=\"lazy\" decoding=\"async\" width=\"1024\" height=\"683\" src=\"https:\/\/www.internetsociety.org\/wp-content\/uploads\/2023\/05\/man-at-everest-1024x683.jpg\" alt=\"Paysage montagneux et un homme qui sourit \u00e0 l'appareil photo\" class=\"wp-image-191125 size-medium\" srcset=\"https:\/\/www.internetsociety.org\/wp-content\/uploads\/2023\/05\/man-at-everest-1024x683.jpg 1024w, https:\/\/www.internetsociety.org\/wp-content\/uploads\/2023\/05\/man-at-everest-450x300.jpg 450w, https:\/\/www.internetsociety.org\/wp-content\/uploads\/2023\/05\/man-at-everest-768x512.jpg 768w, https:\/\/www.internetsociety.org\/wp-content\/uploads\/2023\/05\/man-at-everest-250x167.jpg 250w, https:\/\/www.internetsociety.org\/wp-content\/uploads\/2023\/05\/man-at-everest.jpg 1200w\" sizes=\"auto, (max-width: 1024px) 100vw, 1024px\" \/><\/figure><\/div>\n<\/div>\n<\/div><\/div>\n\n\n\n<div class=\"wp-block-uagb-slider-child uagb-slider-child-wrap swiper-slide uagb-block-c272a6fb\"><div class=\"swiper-content\">\n<div class=\"wp-block-uagb-container uagb-block-e5361e55 default uagb-is-root-container\">\n<div class=\"wp-block-media-text alignwide has-media-on-the-right is-stacked-on-mobile\"><div class=\"wp-block-media-text__content\">\n<div style=\"height:20px\" aria-hidden=\"true\" class=\"wp-block-spacer uag-hide-desktop uag-hide-tab\"><\/div>\n\n\n\n<h5 class=\"wp-block-heading\">Une bou\u00e9e de sauvetage lors d&rsquo;une pand\u00e9mie<\/h5>\n\n\n\n<div style=\"height:20px\" aria-hidden=\"true\" class=\"wp-block-spacer\"><\/div>\n\n\n\n<p class=\"has-18-font-size\">La ville de New York, l&rsquo;une des plus grandes m\u00e9tropoles du monde, \u00e9tait en crise lors de l&rsquo;\u00e9pid\u00e9mie de COVID-19. Jillian Murphy s&rsquo;est demand\u00e9e comment ils feraient pour survivre aux premiers jours de la pand\u00e9mie sans Internet.<\/p>\n<\/div><figure class=\"wp-block-media-text__media\"><img loading=\"lazy\" decoding=\"async\" width=\"800\" height=\"500\" src=\"https:\/\/www.internetsociety.org\/wp-content\/uploads\/2021\/06\/Medium-CTG4533.jpeg\" alt=\"une femme qui tient des c\u00e2bles en souriant\" class=\"wp-image-145564 size-medium\" srcset=\"https:\/\/www.internetsociety.org\/wp-content\/uploads\/2021\/06\/Medium-CTG4533.jpeg 800w, https:\/\/www.internetsociety.org\/wp-content\/uploads\/2021\/06\/Medium-CTG4533-450x281.jpeg 450w, https:\/\/www.internetsociety.org\/wp-content\/uploads\/2021\/06\/Medium-CTG4533-768x480.jpeg 768w, https:\/\/www.internetsociety.org\/wp-content\/uploads\/2021\/06\/Medium-CTG4533-250x156.jpeg 250w\" sizes=\"auto, (max-width: 800px) 100vw, 800px\" \/><\/figure><\/div>\n<\/div>\n<\/div><\/div>\n\n\n\n<div class=\"wp-block-uagb-slider-child uagb-slider-child-wrap swiper-slide uagb-block-50b78914\"><div class=\"swiper-content\">\n<div class=\"wp-block-uagb-container uagb-block-089d7223 default uagb-is-root-container\">\n<div class=\"wp-block-media-text alignwide has-media-on-the-right is-stacked-on-mobile\"><div class=\"wp-block-media-text__content\">\n<div style=\"height:20px\" aria-hidden=\"true\" class=\"wp-block-spacer uag-hide-desktop uag-hide-tab\"><\/div>\n\n\n\n<h5 class=\"wp-block-heading\">La protection d&rsquo;un mode de vie et une source d&rsquo;espoir<\/h5>\n\n\n\n<div style=\"height:20px\" aria-hidden=\"true\" class=\"wp-block-spacer\"><\/div>\n\n\n\n<p class=\"has-18-font-size\">Jorge Elias Oliveira Farias est un agriculteur de la campagne br\u00e9silienne qui exerce une activit\u00e9 secondaire peu commune : la cr\u00e9ation de contenu. Une nouvelle connexion Internet \u00e0 haut d\u00e9bit lui permet d&rsquo;apprendre les derni\u00e8res techniques agricoles.<\/p>\n<\/div><figure class=\"wp-block-media-text__media\"><img loading=\"lazy\" decoding=\"async\" width=\"800\" height=\"533\" src=\"https:\/\/www.internetsociety.org\/wp-content\/uploads\/2023\/08\/Copia-de-IMG_9194-min.jpg\" alt=\"un homme avec une casquette dans un champ expliquant quelque chose\" class=\"wp-image-196961 size-medium\" srcset=\"https:\/\/www.internetsociety.org\/wp-content\/uploads\/2023\/08\/Copia-de-IMG_9194-min.jpg 800w, https:\/\/www.internetsociety.org\/wp-content\/uploads\/2023\/08\/Copia-de-IMG_9194-min-450x300.jpg 450w, https:\/\/www.internetsociety.org\/wp-content\/uploads\/2023\/08\/Copia-de-IMG_9194-min-768x512.jpg 768w, https:\/\/www.internetsociety.org\/wp-content\/uploads\/2023\/08\/Copia-de-IMG_9194-min-250x167.jpg 250w\" sizes=\"auto, (max-width: 800px) 100vw, 800px\" \/><\/figure><\/div>\n<\/div>\n<\/div><\/div>\n\n\n\n<div class=\"wp-block-uagb-slider-child uagb-slider-child-wrap swiper-slide uagb-block-9d102e7f\"><div class=\"swiper-content\">\n<div class=\"wp-block-uagb-container uagb-block-46506fd3 default uagb-is-root-container\">\n<div class=\"wp-block-media-text alignwide has-media-on-the-right is-stacked-on-mobile\"><div class=\"wp-block-media-text__content\">\n<div style=\"height:20px\" aria-hidden=\"true\" class=\"wp-block-spacer uag-hide-desktop uag-hide-tab\"><\/div>\n\n\n\n<h5 class=\"wp-block-heading\">Cr\u00e9er des opportunit\u00e9s dans une nation ind\u00e9pendante et souveraine<\/h5>\n\n\n\n<div style=\"height:20px\" aria-hidden=\"true\" class=\"wp-block-spacer\"><\/div>\n\n\n\n<p class=\"has-18-font-size\">L&rsquo;\u00c9tat ind\u00e9pendant et souverain d&rsquo;Hawa\u00ef avait besoin d&rsquo;Internet, mais il n&rsquo;obtenait pas de ressources de son \u00c9tat ni de sa nation. Brandon Makawa&rsquo;awa&rsquo;a et les habitants de Waimanalo ont construit un r\u00e9seau communautaire qui aide leur population \u00e0 briller dans les domaines de l&rsquo;\u00e9ducation et de l&rsquo;entrepreneuriat.<\/p>\n<\/div><figure class=\"wp-block-media-text__media\"><img loading=\"lazy\" decoding=\"async\" width=\"1000\" height=\"667\" src=\"https:\/\/www.internetsociety.org\/wp-content\/uploads\/2021\/04\/Medium-WaimanaloPortraits27.jpg\" alt=\"a man holding 'Sovereign Kingdom of Hawaii' yellow sign\" class=\"wp-image-138156 size-full\" srcset=\"https:\/\/www.internetsociety.org\/wp-content\/uploads\/2021\/04\/Medium-WaimanaloPortraits27.jpg 1000w, https:\/\/www.internetsociety.org\/wp-content\/uploads\/2021\/04\/Medium-WaimanaloPortraits27-450x300.jpg 450w, https:\/\/www.internetsociety.org\/wp-content\/uploads\/2021\/04\/Medium-WaimanaloPortraits27-768x512.jpg 768w, https:\/\/www.internetsociety.org\/wp-content\/uploads\/2021\/04\/Medium-WaimanaloPortraits27-250x167.jpg 250w\" sizes=\"auto, (max-width: 1000px) 100vw, 1000px\" \/><\/figure><\/div>\n<\/div>\n<\/div><\/div>\n<\/div><\/div><div class=\"swiper-pagination\"><\/div><div class=\"swiper-button-prev\"><\/div><div class=\"swiper-button-next\"><\/div><\/div>\n\n\n\n<div style=\"height:40px\" aria-hidden=\"true\" class=\"wp-block-spacer\"><\/div>\n<\/div>\n\n\n\n<div class=\"wp-block-column uag-hide-tab uag-hide-mob is-layout-flow wp-block-column-is-layout-flow\" style=\"flex-basis:7%\"><\/div>\n<\/div>\n\n\n\n<div style=\"height:30px\" aria-hidden=\"true\" class=\"wp-block-spacer uag-hide-desktop\"><\/div>\n\n\n\n<h3 class=\"wp-block-heading has-26-font-size uag-hide-desktop\"><strong><strong>Vous aussi pouvez concr\u00e9tiser les promesses de l&rsquo;Internet.<\/strong><\/strong><\/h3>\n\n\n\n<div style=\"height:30px\" aria-hidden=\"true\" class=\"wp-block-spacer uag-hide-desktop\"><\/div>\n\n\n\n<p class=\"has-18-font-size uag-hide-desktop\">Faites la diff\u00e9rence dans la vie des gens comme Jorge, Chhepal et Jillian.<\/p>\n\n\n\n<div class=\"wp-block-buttons uag-hide-desktop is-vertical is-layout-flex wp-container-core-buttons-is-layout-8cf370e7 wp-block-buttons-is-layout-flex\">\n<div class=\"wp-block-button hover-background-transparent hover-border-white is-style-fill\"><a class=\"wp-block-button__link has-ground-navy-color has-accent-yellow-background-color has-text-color has-background wp-element-button\" href=\"https:\/\/www.internetsociety.org\/fr\/donate\/\"><strong>Faites un don maintenant<\/strong><\/a><\/div>\n<\/div>\n\n\n\n<div style=\"height:30px\" aria-hidden=\"true\" class=\"wp-block-spacer uag-hide-desktop\"><\/div>\n\n\n\n<figure class=\"wp-block-image size-large uag-hide-desktop\"><img loading=\"lazy\" decoding=\"async\" width=\"1439\" height=\"550\" src=\"https:\/\/www.internetsociety.org\/wp-content\/uploads\/2023\/08\/man-three-kids-e1692697649218.jpeg\" alt=\"un homme emmenant trois enfants \u00e0 l'\u00e9cole maternelle\" class=\"wp-image-197992\" srcset=\"https:\/\/www.internetsociety.org\/wp-content\/uploads\/2023\/08\/man-three-kids-e1692697649218.jpeg 1439w, https:\/\/www.internetsociety.org\/wp-content\/uploads\/2023\/08\/man-three-kids-e1692697649218-450x172.jpeg 450w, https:\/\/www.internetsociety.org\/wp-content\/uploads\/2023\/08\/man-three-kids-e1692697649218-1024x391.jpeg 1024w, https:\/\/www.internetsociety.org\/wp-content\/uploads\/2023\/08\/man-three-kids-e1692697649218-768x294.jpeg 768w, https:\/\/www.internetsociety.org\/wp-content\/uploads\/2023\/08\/man-three-kids-e1692697649218-250x96.jpeg 250w\" sizes=\"auto, (max-width: 1439px) 100vw, 1439px\" \/><\/figure>\n\n\n\n<section class=\"wp-block-uagb-columns uagb-columns__wrap uagb-columns__background-image uagb-columns__stack-mobile uagb-columns__valign- uagb-columns__gap-10 align uagb-block-97cd7c03 uagb-columns__columns-1 uagb-columns__max_width-theme background-image-fallback-black uag-hide-tab uag-hide-mob\"><div class=\"uagb-columns__overlay\"><\/div><div class=\"uagb-columns__inner-wrap uagb-columns__columns-1\">\n<div class=\"wp-block-uagb-column uagb-column__wrap uagb-column__background-undefined uagb-block-6c4fbb6d\"><div class=\"uagb-column__overlay\"><\/div>\n<h4 class=\"wp-block-heading has-white-color has-text-color has-26-font-size\"><strong>Vous aussi pouvez concr\u00e9tiser les promesses de l&rsquo;Internet.<\/strong><\/h4>\n\n\n\n<div style=\"height:30px\" aria-hidden=\"true\" class=\"wp-block-spacer\"><\/div>\n\n\n\n<p class=\"has-neutral-white-color has-text-color has-18-font-size\">Faites la diff\u00e9rence dans la vie des gens comme Jorge, Chhepal et Jillian.<\/p>\n\n\n\n<div style=\"height:20px\" aria-hidden=\"true\" class=\"wp-block-spacer\"><\/div>\n\n\n\n<div class=\"wp-block-buttons is-vertical is-layout-flex wp-container-core-buttons-is-layout-8cf370e7 wp-block-buttons-is-layout-flex\">\n<div class=\"wp-block-button hover-background-transparent hover-border-white is-style-fill\"><a class=\"wp-block-button__link has-ground-navy-color has-accent-yellow-background-color has-text-color has-background wp-element-button\" href=\"https:\/\/www.internetsociety.org\/fr\/donate\/\"><strong>Faites un don maintenant<\/strong><\/a><\/div>\n<\/div>\n\n\n\n<div style=\"height:60px\" aria-hidden=\"true\" class=\"wp-block-spacer\"><\/div>\n<\/div>\n<\/div><\/section>\n\n\n\n<p class=\"has-text-align-center has-neutral-white-color has-ground-navy-background-color has-text-color has-background has-12-font-size\">Cr\u00e9dits photo :<br>\u00a9 Nyani Quarmyne, \u00a9Ian Willms\/Boreal\/Panos, \u00a9 Jo\u00e3o Aguiar, \u00a9 Chris Gregory, \u00a9 IBEBrasil, \u00a9 Nyani Quarmyne, \u00a9 Nyani Quarmyne <\/p>\n","protected":false},"excerpt":{"rendered":"<p>Internet nous maintient en bonne sant\u00e9, inform\u00e9s et connect\u00e9s, nous permet d&rsquo;\u00e9duquer et \u00e9largit l&rsquo;acc\u00e8s aux opportunit\u00e9s \u00e9conomiques.<\/p>\n","protected":false},"author":46,"featured_media":0,"parent":0,"menu_order":0,"comment_status":"closed","ping_status":"closed","template":"page-wide.php","meta":{"_acf_changed":false,"_uag_custom_page_level_css":"","footnotes":""},"categories":[],"tags":[],"region_news_regions":[],"content_category":[],"ppma_author":[4057],"class_list":["post-198719","page","type-page","status-publish","hentry"],"acf":[],"uagb_featured_image_src":{"full":false,"thumbnail":false,"medium":false,"medium_large":false,"large":false,"1536x1536":false,"2048x2048":false,"post-thumbnail":false,"square":false,"gform-image-choice-sm":false,"gform-image-choice-md":false,"gform-image-choice-lg":false},"uagb_author_info":{"display_name":"Ivana Trbovic","author_link":"https:\/\/www.internetsociety.org\/fr\/author\/trbovic\/"},"uagb_comment_info":0,"uagb_excerpt":"Internet nous maintient en bonne sant\u00e9, inform\u00e9s et connect\u00e9s, nous permet d'\u00e9duquer et \u00e9largit l'acc\u00e8s aux opportunit\u00e9s \u00e9conomiques.","_links":{"self":[{"href":"https:\/\/www.internetsociety.org\/fr\/wp-json\/wp\/v2\/pages\/198719","targetHints":{"allow":["GET"]}}],"collection":[{"href":"https:\/\/www.internetsociety.org\/fr\/wp-json\/wp\/v2\/pages"}],"about":[{"href":"https:\/\/www.internetsociety.org\/fr\/wp-json\/wp\/v2\/types\/page"}],"author":[{"embeddable":true,"href":"https:\/\/www.internetsociety.org\/fr\/wp-json\/wp\/v2\/users\/46"}],"replies":[{"embeddable":true,"href":"https:\/\/www.internetsociety.org\/fr\/wp-json\/wp\/v2\/comments?post=198719"}],"version-history":[{"count":0,"href":"https:\/\/www.internetsociety.org\/fr\/wp-json\/wp\/v2\/pages\/198719\/revisions"}],"wp:attachment":[{"href":"https:\/\/www.internetsociety.org\/fr\/wp-json\/wp\/v2\/media?parent=198719"}],"wp:term":[{"taxonomy":"category","embeddable":true,"href":"https:\/\/www.internetsociety.org\/fr\/wp-json\/wp\/v2\/categories?post=198719"},{"taxonomy":"post_tag","embeddable":true,"href":"https:\/\/www.internetsociety.org\/fr\/wp-json\/wp\/v2\/tags?post=198719"},{"taxonomy":"region_news_regions","embeddable":true,"href":"https:\/\/www.internetsociety.org\/fr\/wp-json\/wp\/v2\/region_news_regions?post=198719"},{"taxonomy":"content_category","embeddable":true,"href":"https:\/\/www.internetsociety.org\/fr\/wp-json\/wp\/v2\/content_category?post=198719"},{"taxonomy":"author","embeddable":true,"href":"https:\/\/www.internetsociety.org\/fr\/wp-json\/wp\/v2\/ppma_author?post=198719"}],"curies":[{"name":"wp","href":"https:\/\/api.w.org\/{rel}","templated":true}]}}