{"id":192701,"date":"2023-06-23T14:33:25","date_gmt":"2023-06-23T14:33:25","guid":{"rendered":"https:\/\/www.internetsociety.org\/?page_id=192701"},"modified":"2025-05-22T10:55:04","modified_gmt":"2025-05-22T10:55:04","slug":"donate-2","status":"publish","type":"page","link":"https:\/\/www.internetsociety.org\/fr\/donate\/","title":{"rendered":"Faire un don"},"content":{"rendered":"\n<div class=\"wp-block-cover is-light background-image-fallback-black uag-hide-mob\"><img loading=\"lazy\" decoding=\"async\" width=\"1500\" height=\"984\" class=\"wp-block-cover__image-background wp-image-200066\" alt=\"a girl with a long hair smiling while posing for a photo outdoors\" src=\"https:\/\/www.internetsociety.org\/wp-content\/uploads\/2023\/10\/girl-smiling-min.jpg\" style=\"object-position:49% 25%\" data-object-fit=\"cover\" data-object-position=\"49% 25%\" srcset=\"https:\/\/www.internetsociety.org\/wp-content\/uploads\/2023\/10\/girl-smiling-min.jpg 1500w, https:\/\/www.internetsociety.org\/wp-content\/uploads\/2023\/10\/girl-smiling-min-450x295.jpg 450w, https:\/\/www.internetsociety.org\/wp-content\/uploads\/2023\/10\/girl-smiling-min-1024x672.jpg 1024w, https:\/\/www.internetsociety.org\/wp-content\/uploads\/2023\/10\/girl-smiling-min-768x504.jpg 768w, https:\/\/www.internetsociety.org\/wp-content\/uploads\/2023\/10\/girl-smiling-min-250x164.jpg 250w\" sizes=\"auto, (max-width: 1500px) 100vw, 1500px\" \/><span aria-hidden=\"true\" class=\"wp-block-cover__background has-background-dim\"><\/span><div class=\"wp-block-cover__inner-container is-layout-flow wp-block-cover-is-layout-flow\">\n<div class=\"wp-block-columns is-not-stacked-on-mobile is-layout-flex wp-container-core-columns-is-layout-9d6595d7 wp-block-columns-is-layout-flex\">\n<div class=\"wp-block-column is-layout-flow wp-block-column-is-layout-flow\" style=\"flex-basis:8%\"><\/div>\n\n\n\n<div class=\"wp-block-column is-layout-flow wp-block-column-is-layout-flow\" style=\"flex-basis:42%\">\n<div style=\"height:40px\" aria-hidden=\"true\" class=\"wp-block-spacer\"><\/div>\n\n\n\n<p class=\"has-text-align-left has-neutral-white-color has-text-color has-32-font-size\"><strong>100 % de votre don sert \u00e0 financer des actions visant \u00e0 cr\u00e9er un Internet pour tous.<\/strong><\/p>\n\n\n\n<!-- Fundraise Up: the new standard for online giving -->\n<script>(function(w,d,s,n,a){if(!w[n]){var l='call,catch,on,once,set,then,track'\n.split(','),i,o=function(n){return'function'==typeof n?o.l.push([arguments])&&o\n:function(){return o.l.push([n,arguments])&&o}},t=d.getElementsByTagName(s)[0],\nj=d.createElement(s);j.async=!0;j.src='https:\/\/cdn.fundraiseup.com\/widget\/'+a;\nt.parentNode.insertBefore(j,t);o.s=Date.now();o.v=4;o.h=w.location.href;o.l=[];\nfor(i=0;i<7;i++)o[l[i]]=o(l[i]);w[n]=o}\n})(window,document,'script','FundraiseUp','AZGRHYPJ');\nwindow.fundraiseup_livemode = true;\n<\/script>\n<!-- End Fundraise Up -->\n\n<p><a href=\"#XWURKWAK\" style=\"display: none\"><\/a><\/p>\n<\/div>\n\n\n\n<div class=\"wp-block-column is-layout-flow wp-block-column-is-layout-flow\" style=\"flex-basis:50%\"><\/div>\n<\/div>\n<\/div><\/div>\n\n\n\n<div class=\"wp-block-columns is-not-stacked-on-mobile uag-hide-mob is-layout-flex wp-container-core-columns-is-layout-9d6595d7 wp-block-columns-is-layout-flex\">\n<div class=\"wp-block-column is-layout-flow wp-block-column-is-layout-flow\" style=\"flex-basis:10%\"><\/div>\n\n\n\n<div class=\"wp-block-column is-layout-flow wp-block-column-is-layout-flow\" style=\"flex-basis:80%\">\n<div style=\"height:40px\" aria-hidden=\"true\" class=\"wp-block-spacer uag-hide-tab\"><\/div>\n\n\n\n<div style=\"height:20px\" aria-hidden=\"true\" class=\"wp-block-spacer uag-hide-desktop\"><\/div>\n\n\n\n<h1 class=\"wp-block-heading has-accent-purple-color has-text-color has-60-font-size uag-hide-tab uag-hide-mob\">Offrez une opportunit\u00e9.<\/h1>\n\n\n\n<h1 class=\"wp-block-heading has-accent-purple-color has-text-color uag-hide-desktop\">Offrez une opportunit\u00e9.<\/h1>\n\n\n\n<div style=\"height:20px\" aria-hidden=\"true\" class=\"wp-block-spacer\"><\/div>\n\n\n\n<p class=\"has-18-font-size\">Internet a apport\u00e9 des possibilit\u00e9s et des am\u00e9liorations incommensurables \u00e0 notre vie quotidienne. C\u2019est gr\u00e2ce \u00e0 Internet que nous sommes rest\u00e9s en contact alors que la pand\u00e9mie mondiale nous s\u00e9parait, que nous avons \u00e9largi nos possibilit\u00e9s de travail et d\u2019\u00e9ducation, et que nous avons eu la chance d\u2019explorer des coins du monde que beaucoup d\u2019entre nous n\u2019ont fait que r\u00eaver de d\u00e9couvrir.<\/p>\n\n\n\n<p class=\"has-18-font-size\">Malgr\u00e9 ses nombreux avantages, pr\u00e8s de trois milliards de personnes ne sont toujours pas connect\u00e9es \u00e0 cette ressource vitale. En outre, ceux qui y ont acc\u00e8s risquent de perdre Internet mondial qu\u2019ils connaissent et aiment, car des gouvernements et des organisations font des avances qui menacent les fondements dont il a besoin pour exister et prosp\u00e9rer.<\/p>\n\n\n\n<div style=\"height:10px\" aria-hidden=\"true\" class=\"wp-block-spacer\"><\/div>\n\n\n\n<h2 class=\"wp-block-heading o-typing-fast has-depth-blue-color has-text-color has-32-font-size\"><strong>Votre aide est pr\u00e9cieuse.<\/strong><\/h2>\n\n\n\n<div style=\"height:20px\" aria-hidden=\"true\" class=\"wp-block-spacer\"><\/div>\n\n\n\n<p class=\"has-18-font-size\">Quel que soit le montant que vous choisirez de donner, vous contribuerez au travail qui vise \u00e0 d\u00e9velopper et \u00e0 prot\u00e9ger Internet. Votre don peut contribuer \u00e0 fournir de nouvelles solutions d\u2019acc\u00e8s et \u00e0 d\u00e9fendre la protection de notre Internet.<\/p>\n\n\n\n<a href=\"#XJKMCNGZ\" style=\"display: none\"><\/a>\n\n\n\n<div style=\"height:30px\" aria-hidden=\"true\" class=\"wp-block-spacer\"><\/div>\n<\/div>\n\n\n\n<div class=\"wp-block-column is-layout-flow wp-block-column-is-layout-flow\" style=\"flex-basis:10%\"><\/div>\n<\/div>\n\n\n\n<div class=\"wp-block-columns are-vertically-aligned-top is-not-stacked-on-mobile margin-bottom-0 has-neutral-white-background-color has-background uag-hide-mob is-layout-flex wp-container-core-columns-is-layout-9d6595d7 wp-block-columns-is-layout-flex\">\n<div class=\"wp-block-column is-vertically-aligned-top is-layout-flow wp-block-column-is-layout-flow\" style=\"flex-basis:10%\"><\/div>\n\n\n\n<div class=\"wp-block-column is-vertically-aligned-top is-layout-flow wp-block-column-is-layout-flow\" style=\"flex-basis:80%\">\n<div style=\"height:40px\" aria-hidden=\"true\" class=\"wp-block-spacer\"><\/div>\n\n\n\n<div class=\"wp-block-columns are-vertically-aligned-center uag-hide-tab is-layout-flex wp-container-core-columns-is-layout-9d6595d7 wp-block-columns-is-layout-flex\">\n<div class=\"wp-block-column is-vertically-aligned-center is-layout-flow wp-block-column-is-layout-flow\" style=\"flex-basis:84%\">\n<p class=\"has-18-font-size uag-hide-tab uag-hide-mob\"><a href=\"https:\/\/www.internetsociety.org\/fr\/donate\/more-ways-to-give\/\">D\u00e9couvrez d\u2019autres fa\u00e7ons de faire un don<\/a> ou <a href=\"https:\/\/www.internetsociety.org\/fr\/donate\/faq\/\">lisez notre FAQ<\/a> pour plus d\u2019informations. Si vous avez des questions \u00e0 propos des dons, vous pouvez <a href=\"mailto:giving@isoc.org\">nous contacter<\/a>.<\/p>\n\n\n\n<p class=\"has-18-font-size\"><span style=\"font-size: 16px;\">Internet Society est une organisation enregistr\u00e9e sous le num\u00e9ro d\u2019identification fiscale f\u00e9d\u00e9rale 501(c)(3) 54-1650477. Les dons sont d\u00e9ductibles des imp\u00f4ts dans la mesure permise par la loi am\u00e9ricaine.<\/span><\/p>\n<\/div>\n\n\n\n<div class=\"wp-block-column is-vertically-aligned-center uag-hide-mob is-layout-flow wp-block-column-is-layout-flow\" style=\"flex-basis:8%\">\n<figure class=\"wp-block-image size-full is-style-default\"><a href=\"https:\/\/www.charitynavigator.org\/ein\/54-1650477\"><img loading=\"lazy\" decoding=\"async\" width=\"500\" height=\"500\" src=\"https:\/\/www.internetsociety.org\/wp-content\/uploads\/2024\/02\/Four-Star-Rating-Badge-CN.png\" alt=\"Charity Navigator Four-Star Seal\" class=\"wp-image-207155\" style=\"object-fit:cover\" srcset=\"https:\/\/www.internetsociety.org\/wp-content\/uploads\/2024\/02\/Four-Star-Rating-Badge-CN.png 500w, https:\/\/www.internetsociety.org\/wp-content\/uploads\/2024\/02\/Four-Star-Rating-Badge-CN-450x450.png 450w, https:\/\/www.internetsociety.org\/wp-content\/uploads\/2024\/02\/Four-Star-Rating-Badge-CN-150x150.png 150w, https:\/\/www.internetsociety.org\/wp-content\/uploads\/2024\/02\/Four-Star-Rating-Badge-CN-250x250.png 250w\" sizes=\"auto, (max-width: 500px) 100vw, 500px\" \/><\/a><\/figure>\n<\/div>\n\n\n\n<div class=\"wp-block-column is-vertically-aligned-center uag-hide-mob is-layout-flow wp-block-column-is-layout-flow\" style=\"flex-basis:8%\">\n<figure class=\"wp-block-image size-full is-style-default\"><a href=\"https:\/\/www.guidestar.org\/profile\/54-1650477\"><img decoding=\"async\" src=\"https:\/\/www.internetsociety.org\/wp-content\/uploads\/2025\/05\/candid-seal-platinum.png\" alt=\"Platinum Transparency Candid 2025\" class=\"wp-image-223861\" style=\"object-fit:cover\"\/><\/a><\/figure>\n<\/div>\n<\/div>\n\n\n\n<p class=\"has-18-font-size uag-hide-desktop\"><a href=\"https:\/\/www.internetsociety.org\/fr\/donate\/more-ways-to-give\/\">D\u00e9couvrez d\u2019autres fa\u00e7ons de faire un don<\/a> ou <a href=\"https:\/\/www.internetsociety.org\/fr\/donate\/faq\/\">lisez notre FAQ<\/a> pour plus d\u2019informations. Si vous avez des questions \u00e0 propos des dons, vous pouvez <a href=\"mailto:giving@isoc.org\">nous contacter<\/a>.<\/p>\n\n\n\n<p class=\"has-18-font-size uag-hide-desktop\"><span style=\"font-size: 16px;\">Internet Society est une organisation enregistr\u00e9e sous le num\u00e9ro d\u2019identification fiscale f\u00e9d\u00e9rale 501(c)(3) 54-1650477. Les dons sont d\u00e9ductibles des imp\u00f4ts dans la mesure permise par la loi am\u00e9ricaine.<\/span><\/p>\n\n\n\n<div class=\"wp-block-columns are-vertically-aligned-center is-not-stacked-on-mobile uag-hide-desktop is-layout-flex wp-container-core-columns-is-layout-9d6595d7 wp-block-columns-is-layout-flex\">\n<div class=\"wp-block-column is-vertically-aligned-center is-layout-flow wp-block-column-is-layout-flow\" style=\"flex-basis:20%\"><\/div>\n\n\n\n<div class=\"wp-block-column is-vertically-aligned-center uag-hide-mob is-layout-flow wp-block-column-is-layout-flow\" style=\"flex-basis:20%\">\n<figure class=\"wp-block-image size-full is-style-default\"><a href=\"https:\/\/www.charitynavigator.org\/ein\/54-1650477\"><img loading=\"lazy\" decoding=\"async\" width=\"500\" height=\"500\" src=\"https:\/\/www.internetsociety.org\/wp-content\/uploads\/2024\/02\/Four-Star-Rating-Badge-CN.png\" alt=\"Charity Navigator Four-Star Seal\" class=\"wp-image-207155\" style=\"object-fit:cover\" srcset=\"https:\/\/www.internetsociety.org\/wp-content\/uploads\/2024\/02\/Four-Star-Rating-Badge-CN.png 500w, https:\/\/www.internetsociety.org\/wp-content\/uploads\/2024\/02\/Four-Star-Rating-Badge-CN-450x450.png 450w, https:\/\/www.internetsociety.org\/wp-content\/uploads\/2024\/02\/Four-Star-Rating-Badge-CN-150x150.png 150w, https:\/\/www.internetsociety.org\/wp-content\/uploads\/2024\/02\/Four-Star-Rating-Badge-CN-250x250.png 250w\" sizes=\"auto, (max-width: 500px) 100vw, 500px\" \/><\/a><\/figure>\n<\/div>\n\n\n\n<div class=\"wp-block-column is-vertically-aligned-center is-layout-flow wp-block-column-is-layout-flow\" style=\"flex-basis:20%\"><\/div>\n\n\n\n<div class=\"wp-block-column is-vertically-aligned-center uag-hide-mob is-layout-flow wp-block-column-is-layout-flow\" style=\"flex-basis:20%\">\n<figure class=\"wp-block-image size-full is-style-default\"><a href=\"https:\/\/www.guidestar.org\/profile\/54-1650477\"><img decoding=\"async\" src=\"https:\/\/www.internetsociety.org\/wp-content\/uploads\/2025\/05\/candid-seal-platinum.png\" alt=\"Platinum Transparency Candid 2025\" class=\"wp-image-223861\" style=\"object-fit:cover\"\/><\/a><\/figure>\n<\/div>\n\n\n\n<div class=\"wp-block-column is-vertically-aligned-center is-layout-flow wp-block-column-is-layout-flow\" style=\"flex-basis:20%\"><\/div>\n<\/div>\n\n\n\n<div style=\"height:30px\" aria-hidden=\"true\" class=\"wp-block-spacer\"><\/div>\n<\/div>\n\n\n\n<div class=\"wp-block-column is-vertically-aligned-top is-layout-flow wp-block-column-is-layout-flow\" style=\"flex-basis:10%\"><\/div>\n<\/div>\n\n\n\n<figure class=\"wp-block-image size-large uag-hide-desktop uag-hide-tab\"><img loading=\"lazy\" decoding=\"async\" width=\"1024\" height=\"672\" src=\"https:\/\/www.internetsociety.org\/wp-content\/uploads\/2023\/10\/girl-smiling-min-1024x672.jpg\" alt=\"une fille aux cheveux longs souriant en posant pour une photo \u00e0 l'ext\u00e9rieur\" class=\"wp-image-200066\" srcset=\"https:\/\/www.internetsociety.org\/wp-content\/uploads\/2023\/10\/girl-smiling-min-1024x672.jpg 1024w, https:\/\/www.internetsociety.org\/wp-content\/uploads\/2023\/10\/girl-smiling-min-450x295.jpg 450w, https:\/\/www.internetsociety.org\/wp-content\/uploads\/2023\/10\/girl-smiling-min-768x504.jpg 768w, https:\/\/www.internetsociety.org\/wp-content\/uploads\/2023\/10\/girl-smiling-min-250x164.jpg 250w, https:\/\/www.internetsociety.org\/wp-content\/uploads\/2023\/10\/girl-smiling-min.jpg 1500w\" sizes=\"auto, (max-width: 1024px) 100vw, 1024px\" \/><\/figure>\n\n\n\n<div class=\"wp-block-columns is-not-stacked-on-mobile uag-hide-desktop uag-hide-tab is-layout-flex wp-container-core-columns-is-layout-9d6595d7 wp-block-columns-is-layout-flex\">\n<div class=\"wp-block-column is-layout-flow wp-block-column-is-layout-flow\" style=\"flex-basis:1%\"><\/div>\n\n\n\n<div class=\"wp-block-column is-layout-flow wp-block-column-is-layout-flow\" style=\"flex-basis:98%\">\n<div style=\"height:20px\" aria-hidden=\"true\" class=\"wp-block-spacer\"><\/div>\n\n\n\n<p class=\"has-text-align-left has-32-font-size\">100 % de votre don sert \u00e0 financer des actions visant \u00e0 cr\u00e9er un Internet pour tous.<\/p>\n<\/div>\n\n\n\n<div class=\"wp-block-column is-layout-flow wp-block-column-is-layout-flow\" style=\"flex-basis:1%\"><\/div>\n<\/div>\n\n\n\n<p class=\"uag-hide-desktop uag-hide-tab\"><a href=\"#XWURKWAK\" style=\"display: none\"><\/a><\/p>\n\n\n\n<div class=\"wp-block-columns is-not-stacked-on-mobile uag-hide-desktop uag-hide-tab is-layout-flex wp-container-core-columns-is-layout-9d6595d7 wp-block-columns-is-layout-flex\">\n<div class=\"wp-block-column is-layout-flow wp-block-column-is-layout-flow\" style=\"flex-basis:1%\"><\/div>\n\n\n\n<div class=\"wp-block-column is-layout-flow wp-block-column-is-layout-flow\" style=\"flex-basis:98%\">\n<div style=\"height:20px\" aria-hidden=\"true\" class=\"wp-block-spacer\"><\/div>\n\n\n\n<h1 class=\"wp-block-heading has-accent-purple-color has-text-color has-60-font-size\">Offrez une opportunit\u00e9.<\/h1>\n\n\n\n<div style=\"height:20px\" aria-hidden=\"true\" class=\"wp-block-spacer\"><\/div>\n\n\n\n<p class=\"has-18-font-size\">Internet a apport\u00e9 des possibilit\u00e9s et des am\u00e9liorations incommensurables \u00e0 notre vie quotidienne. C\u2019est gr\u00e2ce \u00e0 Internet que nous sommes rest\u00e9s en contact alors que la pand\u00e9mie mondiale nous s\u00e9parait, que nous avons \u00e9largi nos possibilit\u00e9s de travail et d\u2019\u00e9ducation, et que nous avons eu la chance d\u2019explorer des coins du monde que beaucoup d\u2019entre nous n\u2019ont fait que r\u00eaver de d\u00e9couvrir.<\/p>\n\n\n\n<p class=\"has-18-font-size\">Malgr\u00e9 ses nombreux avantages, pr\u00e8s de trois milliards de personnes ne sont toujours pas connect\u00e9es \u00e0 cette ressource vitale. En outre, ceux qui y ont acc\u00e8s risquent de perdre Internet mondial qu\u2019ils connaissent et aiment, car des gouvernements et des organisations font des avances qui menacent les fondements dont il a besoin pour exister et prosp\u00e9rer.<\/p>\n\n\n\n<h2 class=\"wp-block-heading o-typing-fast has-depth-blue-color has-text-color has-32-font-size\"><strong><strong>Votre aide est pr\u00e9cieuse.<\/strong><\/strong><\/h2>\n\n\n\n<div style=\"height:20px\" aria-hidden=\"true\" class=\"wp-block-spacer\"><\/div>\n\n\n\n<p class=\"has-18-font-size\">Quel que soit le montant que vous choisirez de donner, vous contribuerez au travail qui vise \u00e0 d\u00e9velopper et \u00e0 prot\u00e9ger Internet. Votre don peut contribuer \u00e0 fournir de nouvelles solutions d\u2019acc\u00e8s et \u00e0 d\u00e9fendre la protection de notre Internet.<\/p>\n\n\n\n<a href=\"#XJKMCNGZ\" style=\"display: none\"><\/a>\n\n\n\n<div style=\"height:20px\" aria-hidden=\"true\" class=\"wp-block-spacer\"><\/div>\n<\/div>\n\n\n\n<div class=\"wp-block-column is-layout-flow wp-block-column-is-layout-flow\" style=\"flex-basis:1%\"><\/div>\n<\/div>\n\n\n\n<div class=\"wp-block-columns are-vertically-aligned-center is-not-stacked-on-mobile margin-bottom-0 has-neutral-white-background-color has-background uag-hide-desktop uag-hide-tab is-layout-flex wp-container-core-columns-is-layout-9d6595d7 wp-block-columns-is-layout-flex\">\n<div class=\"wp-block-column is-vertically-aligned-center is-layout-flow wp-block-column-is-layout-flow\" style=\"flex-basis:1%\"><\/div>\n\n\n\n<div class=\"wp-block-column is-vertically-aligned-center is-layout-flow wp-block-column-is-layout-flow\" style=\"flex-basis:98%\">\n<div style=\"height:40px\" aria-hidden=\"true\" class=\"wp-block-spacer\"><\/div>\n\n\n\n<p class=\"has-18-font-size\"><a href=\"https:\/\/www.internetsociety.org\/fr\/donate\/more-ways-to-give\/\">D\u00e9couvrez d\u2019autres fa\u00e7ons de faire un don<\/a> ou <a href=\"https:\/\/www.internetsociety.org\/fr\/donate\/faq\/\">lisez notre FAQ<\/a> pour plus d\u2019informations. Si vous avez des questions \u00e0 propos des dons, vous pouvez <a href=\"mailto:giving@isoc.org\">nous contacter<\/a>.<\/p>\n\n\n\n<p class=\"has-18-font-size\"><span style=\"font-size: 16px;\">Internet Society est une organisation enregistr\u00e9e sous le num\u00e9ro d\u2019identification fiscale f\u00e9d\u00e9rale 501(c)(3) 54-1650477. Les dons sont d\u00e9ductibles des imp\u00f4ts dans la mesure permise par la loi am\u00e9ricaine.<\/span><\/p>\n\n\n\n<div class=\"wp-block-columns is-not-stacked-on-mobile is-layout-flex wp-container-core-columns-is-layout-9d6595d7 wp-block-columns-is-layout-flex\">\n<div class=\"wp-block-column is-layout-flow wp-block-column-is-layout-flow\"><div class=\"wp-block-image is-style-default\">\n<figure class=\"aligncenter size-full\"><a href=\"https:\/\/www.charitynavigator.org\/ein\/54-1650477\"><img loading=\"lazy\" decoding=\"async\" width=\"500\" height=\"500\" src=\"https:\/\/www.internetsociety.org\/wp-content\/uploads\/2024\/02\/Four-Star-Rating-Badge-CN.png\" alt=\"Charity Navigator Four-Star Seal\" class=\"wp-image-207155\" style=\"object-fit:cover\" srcset=\"https:\/\/www.internetsociety.org\/wp-content\/uploads\/2024\/02\/Four-Star-Rating-Badge-CN.png 500w, https:\/\/www.internetsociety.org\/wp-content\/uploads\/2024\/02\/Four-Star-Rating-Badge-CN-450x450.png 450w, https:\/\/www.internetsociety.org\/wp-content\/uploads\/2024\/02\/Four-Star-Rating-Badge-CN-150x150.png 150w, https:\/\/www.internetsociety.org\/wp-content\/uploads\/2024\/02\/Four-Star-Rating-Badge-CN-250x250.png 250w\" sizes=\"auto, (max-width: 500px) 100vw, 500px\" \/><\/a><\/figure>\n<\/div><\/div>\n\n\n\n<div class=\"wp-block-column is-layout-flow wp-block-column-is-layout-flow\"><div class=\"wp-block-image is-style-default\">\n<figure class=\"aligncenter size-full\"><a href=\"https:\/\/www.guidestar.org\/profile\/54-1650477\"><img decoding=\"async\" src=\"https:\/\/www.internetsociety.org\/wp-content\/uploads\/2025\/05\/candid-seal-platinum.png\" alt=\"Platinum Transparency Candid 2025\" class=\"wp-image-223861\" style=\"object-fit:cover\"\/><\/a><\/figure>\n<\/div><\/div>\n<\/div>\n\n\n\n<div style=\"height:20px\" aria-hidden=\"true\" class=\"wp-block-spacer\"><\/div>\n<\/div>\n\n\n\n<div class=\"wp-block-column is-vertically-aligned-center is-layout-flow wp-block-column-is-layout-flow\" style=\"flex-basis:1%\"><\/div>\n<\/div>\n\n\n\n<p class=\"has-text-align-center has-neutral-white-color has-ground-navy-background-color has-text-color has-background has-12-font-size\">Droits d\u2019auteur: \u00a9 Frederic Courbet\/Panos Pictures<\/p>\n","protected":false},"excerpt":{"rendered":"<p>Rejoignez les milliers de personnes qui contribuent \u00e0 construire, renforcer et fa\u00e7onner l\u2019avenir de l\u2019Internet en faisant un don aujourd\u2019hui.<\/p>\n","protected":false},"author":46,"featured_media":200067,"parent":0,"menu_order":0,"comment_status":"closed","ping_status":"closed","template":"page-wide.php","meta":{"_acf_changed":false,"_uag_custom_page_level_css":"","footnotes":""},"categories":[],"tags":[],"region_news_regions":[],"content_category":[],"ppma_author":[4057],"class_list":["post-192701","page","type-page","status-publish","has-post-thumbnail","hentry"],"acf":[],"uagb_featured_image_src":{"full":["https:\/\/www.internetsociety.org\/wp-content\/uploads\/2023\/10\/girl-smiling-min.jpg",1500,984,false],"thumbnail":["https:\/\/www.internetsociety.org\/wp-content\/uploads\/2023\/10\/girl-smiling-min-150x150.jpg",150,150,true],"medium":["https:\/\/www.internetsociety.org\/wp-content\/uploads\/2023\/10\/girl-smiling-min-450x295.jpg",450,295,true],"medium_large":["https:\/\/www.internetsociety.org\/wp-content\/uploads\/2023\/10\/girl-smiling-min-768x504.jpg",768,504,true],"large":["https:\/\/www.internetsociety.org\/wp-content\/uploads\/2023\/10\/girl-smiling-min-1024x672.jpg",1024,672,true],"1536x1536":["https:\/\/www.internetsociety.org\/wp-content\/uploads\/2023\/10\/girl-smiling-min.jpg",1500,984,false],"2048x2048":["https:\/\/www.internetsociety.org\/wp-content\/uploads\/2023\/10\/girl-smiling-min.jpg",1500,984,false],"post-thumbnail":["https:\/\/www.internetsociety.org\/wp-content\/uploads\/2023\/10\/girl-smiling-min-250x164.jpg",250,164,true],"square":["https:\/\/www.internetsociety.org\/wp-content\/uploads\/2023\/10\/girl-smiling-min-600x600.jpg",600,600,true],"gform-image-choice-sm":["https:\/\/www.internetsociety.org\/wp-content\/uploads\/2023\/10\/girl-smiling-min.jpg",300,197,false],"gform-image-choice-md":["https:\/\/www.internetsociety.org\/wp-content\/uploads\/2023\/10\/girl-smiling-min.jpg",400,262,false],"gform-image-choice-lg":["https:\/\/www.internetsociety.org\/wp-content\/uploads\/2023\/10\/girl-smiling-min.jpg",600,394,false]},"uagb_author_info":{"display_name":"Ivana Trbovic","author_link":"https:\/\/www.internetsociety.org\/fr\/author\/trbovic\/"},"uagb_comment_info":0,"uagb_excerpt":"Rejoignez les milliers de personnes qui contribuent \u00e0 construire, renforcer et fa\u00e7onner l\u2019avenir de l\u2019Internet en faisant un don aujourd\u2019hui.","_links":{"self":[{"href":"https:\/\/www.internetsociety.org\/fr\/wp-json\/wp\/v2\/pages\/192701","targetHints":{"allow":["GET"]}}],"collection":[{"href":"https:\/\/www.internetsociety.org\/fr\/wp-json\/wp\/v2\/pages"}],"about":[{"href":"https:\/\/www.internetsociety.org\/fr\/wp-json\/wp\/v2\/types\/page"}],"author":[{"embeddable":true,"href":"https:\/\/www.internetsociety.org\/fr\/wp-json\/wp\/v2\/users\/46"}],"replies":[{"embeddable":true,"href":"https:\/\/www.internetsociety.org\/fr\/wp-json\/wp\/v2\/comments?post=192701"}],"version-history":[{"count":0,"href":"https:\/\/www.internetsociety.org\/fr\/wp-json\/wp\/v2\/pages\/192701\/revisions"}],"wp:featuredmedia":[{"embeddable":true,"href":"https:\/\/www.internetsociety.org\/fr\/wp-json\/wp\/v2\/media\/200067"}],"wp:attachment":[{"href":"https:\/\/www.internetsociety.org\/fr\/wp-json\/wp\/v2\/media?parent=192701"}],"wp:term":[{"taxonomy":"category","embeddable":true,"href":"https:\/\/www.internetsociety.org\/fr\/wp-json\/wp\/v2\/categories?post=192701"},{"taxonomy":"post_tag","embeddable":true,"href":"https:\/\/www.internetsociety.org\/fr\/wp-json\/wp\/v2\/tags?post=192701"},{"taxonomy":"region_news_regions","embeddable":true,"href":"https:\/\/www.internetsociety.org\/fr\/wp-json\/wp\/v2\/region_news_regions?post=192701"},{"taxonomy":"content_category","embeddable":true,"href":"https:\/\/www.internetsociety.org\/fr\/wp-json\/wp\/v2\/content_category?post=192701"},{"taxonomy":"author","embeddable":true,"href":"https:\/\/www.internetsociety.org\/fr\/wp-json\/wp\/v2\/ppma_author?post=192701"}],"curies":[{"name":"wp","href":"https:\/\/api.w.org\/{rel}","templated":true}]}}