{"id":192453,"date":"2023-05-22T16:18:36","date_gmt":"2023-05-22T16:18:36","guid":{"rendered":"https:\/\/www.internetsociety.org\/?page_id=192453"},"modified":"2024-07-15T20:29:58","modified_gmt":"2024-07-15T20:29:58","slug":"la-vision-50-50-pour-le-trafic-sur-internet","status":"publish","type":"page","link":"https:\/\/www.internetsociety.org\/fr\/issues\/access\/50-50-vision\/","title":{"rendered":"La Vision 50\/50 pour le trafic sur Internet"},"content":{"rendered":"\n<section class=\"wp-block-uagb-columns uagb-columns__wrap uagb-columns__background-image uagb-columns__stack-mobile uagb-columns__valign- uagb-columns__gap-10 align uagb-block-e4a2acd8 uagb-columns__columns-1 uagb-columns__max_width-theme background-image-fallback-black\"><div class=\"uagb-columns__overlay\"><\/div><div class=\"uagb-columns__inner-wrap uagb-columns__columns-1\">\n<div class=\"wp-block-uagb-column uagb-column__wrap uagb-column__background-undefined uagb-block-d25421a4\"><div class=\"uagb-column__overlay\"><\/div>\n<div style=\"height:100px\" aria-hidden=\"true\" class=\"wp-block-spacer\"><\/div>\n\n\n\n<h1 class=\"wp-block-heading has-neutral-white-color has-text-color\">La Vision 50\/50 <br>pour le trafic sur Internet<\/h1>\n\n\n\n<div style=\"height:100px\" aria-hidden=\"true\" class=\"wp-block-spacer\"><\/div>\n<\/div>\n<\/div><\/section>\n\n\n\n<div class=\"wp-block-columns is-layout-flex wp-container-core-columns-is-layout-9d6595d7 wp-block-columns-is-layout-flex\">\n<div class=\"wp-block-column is-layout-flow wp-block-column-is-layout-flow\" style=\"flex-basis:10%\"><\/div>\n\n\n\n<div class=\"wp-block-column is-layout-flow wp-block-column-is-layout-flow\" style=\"flex-basis:80%\">\n<div style=\"height:40px\" aria-hidden=\"true\" class=\"wp-block-spacer uag-hide-mob\"><\/div>\n\n\n\n<h2 class=\"wp-block-heading has-text-align-left has-accent-purple-color has-text-color has-48-font-size\">Garder la moiti\u00e9 du trafic en local dans les \u00e9conomies s\u00e9lectionn\u00e9es d&rsquo;ici 2025<\/h2>\n\n\n\n<div style=\"height:30px\" aria-hidden=\"true\" class=\"wp-block-spacer\"><\/div>\n\n\n\n<p class=\"has-18-font-size\">C&rsquo;est simple: le trajet le plus court d&rsquo;un point A \u00e0 un point B est une ligne droite. Mais que se passe-t-il lorsque le trafic Internet part du point A et suit un parcours en dents de scie, en passant par des points tr\u00e8s \u00e9loign\u00e9s, pour atteindre le point B? L&rsquo;acc\u00e8s \u00e0 Internet devient plus lent et plus on\u00e9reux. C&rsquo;est une r\u00e9alit\u00e9 pour de nombreuses personnes qui vivent dans des zones o\u00f9 l&rsquo;infrastructure Internet est insuffisante.<\/p>\n\n\n\n<p class=\"has-18-font-size\">Voici la Vision 50\/50: un plan ambitieux visant \u00e0 conserver au moins la moiti\u00e9 du trafic Internet au niveau local dans les \u00e9conomies s\u00e9lectionn\u00e9es \u00e0 l&rsquo;horizon 2025. En atteignant cet objectif, nous rendrons Internet plus rapide, plus robuste et moins on\u00e9reux. <\/p>\n\n\n\n<p class=\"has-18-font-size\">Depuis de nombreuses ann\u00e9es, l&rsquo;Internet Society aide \u00e0 combler les lacunes en mati\u00e8re de connectivit\u00e9, notamment en cr\u00e9ant des points d\u2019\u00e9change Internet (IXP) pour am\u00e9liorer le flux du trafic et la qualit\u00e9 du service Internet. Les IXP cr\u00e9ent des routes plus courtes et plus directes pour le trafic Internet. Ils offrent une alternative plus abordable au transfert du trafic Internet local via des liaisons internationales, qui peut s&rsquo;av\u00e9rer on\u00e9reux. <\/p>\n\n\n\n<div style=\"height:20px\" aria-hidden=\"true\" class=\"wp-block-spacer\"><\/div>\n\n\n\n<h3 class=\"wp-block-heading has-26-font-size\"><strong>\u00c0 pr\u00e9sent, nous devons en faire encore plus.<\/strong><\/h3>\n\n\n\n<div style=\"height:20px\" aria-hidden=\"true\" class=\"wp-block-spacer\"><\/div>\n\n\n\n<p class=\"has-18-font-size\">Pour donner vie \u00e0 cette vision, nous devons soutenir et nous associer aux partenaires concern\u00e9s, tels que les d\u00e9cideurs politiques, les communaut\u00e9s techniques et la communaut\u00e9 de l&rsquo;Internet Society.<\/p>\n<\/div>\n\n\n\n<div class=\"wp-block-column is-layout-flow wp-block-column-is-layout-flow\" style=\"flex-basis:10%\"><\/div>\n<\/div>\n\n\n\n<div class=\"wp-block-columns is-layout-flex wp-container-core-columns-is-layout-9d6595d7 wp-block-columns-is-layout-flex\">\n<div class=\"wp-block-column uag-hide-mob is-layout-flow wp-block-column-is-layout-flow\" style=\"flex-basis:10%\"><\/div>\n\n\n\n<div class=\"wp-block-column is-layout-flow wp-block-column-is-layout-flow\" style=\"flex-basis:26%\">\n<figure class=\"wp-block-image size-full is-style-default margin-bottom-0 vertical-align-bottom\"><img loading=\"lazy\" decoding=\"async\" width=\"600\" height=\"267\" src=\"https:\/\/www.internetsociety.org\/wp-content\/uploads\/2023\/05\/suriname-ixp.jpg\" alt=\"a man in a suit and tie standing in front of two other men\" class=\"wp-image-192316\" srcset=\"https:\/\/www.internetsociety.org\/wp-content\/uploads\/2023\/05\/suriname-ixp.jpg 600w, https:\/\/www.internetsociety.org\/wp-content\/uploads\/2023\/05\/suriname-ixp-450x200.jpg 450w, https:\/\/www.internetsociety.org\/wp-content\/uploads\/2023\/05\/suriname-ixp-250x111.jpg 250w\" sizes=\"auto, (max-width: 600px) 100vw, 600px\" \/><\/figure>\n\n\n\n<div class=\"wp-block-cover is-light\" style=\"min-height:100px;aspect-ratio:unset;\"><span aria-hidden=\"true\" class=\"wp-block-cover__background has-neutral-white-background-color has-background-dim-100 has-background-dim\"><\/span><div class=\"wp-block-cover__inner-container is-layout-flow wp-block-cover-is-layout-flow\">\n<p class=\"has-depth-green-color has-text-color has-18-font-size\">Pour les <strong>d\u00e9cideurs politiques<\/strong>, nous visons des politiques qui:<\/p>\n\n\n\n<ul class=\"has-18-font-size wp-block-list\">\n<li class=\"has-18-font-size\">Encouragent l&rsquo;ouverture et la prosp\u00e9rit\u00e9 du march\u00e9 et soutiennent des communaut\u00e9s techniques robustes<\/li>\n\n\n\n<li>Rationalisent les processus politiques et r\u00e9glementaires afin d&rsquo;inciter des entit\u00e9s r\u00e9gionales et internationales \u00e0 participer \u00e0 l&rsquo;environnement d&rsquo;interconnexion local<\/li>\n\n\n\n<li>Soutiennent l&rsquo;augmentation du trafic et de contenu local<\/li>\n<\/ul>\n\n\n\n<div style=\"height:40px\" aria-hidden=\"true\" class=\"wp-block-spacer\"><\/div>\n<\/div><\/div>\n\n\n\n<div style=\"height:30px\" aria-hidden=\"true\" class=\"wp-block-spacer\"><\/div>\n<\/div>\n\n\n\n<div class=\"wp-block-column is-layout-flow wp-block-column-is-layout-flow\" style=\"flex-basis:26%\">\n<figure class=\"wp-block-image size-full is-style-default margin-bottom-0 vertical-align-bottom\"><img loading=\"lazy\" decoding=\"async\" width=\"600\" height=\"267\" src=\"https:\/\/www.internetsociety.org\/wp-content\/uploads\/2023\/05\/man-with-cables-decix-small.jpg\" alt=\"a man with glasses adjusting cables in a patchpanel\" class=\"wp-image-192320\" srcset=\"https:\/\/www.internetsociety.org\/wp-content\/uploads\/2023\/05\/man-with-cables-decix-small.jpg 600w, https:\/\/www.internetsociety.org\/wp-content\/uploads\/2023\/05\/man-with-cables-decix-small-450x200.jpg 450w, https:\/\/www.internetsociety.org\/wp-content\/uploads\/2023\/05\/man-with-cables-decix-small-250x111.jpg 250w\" sizes=\"auto, (max-width: 600px) 100vw, 600px\" \/><\/figure>\n\n\n\n<div class=\"wp-block-cover is-light\" style=\"min-height:100px;aspect-ratio:unset;\"><span aria-hidden=\"true\" class=\"wp-block-cover__background has-neutral-white-background-color has-background-dim-100 has-background-dim\"><\/span><div class=\"wp-block-cover__inner-container is-layout-flow wp-block-cover-is-layout-flow\">\n<p class=\"has-depth-green-color has-text-color has-18-font-size\">Pour les <strong>communaut\u00e9s techniques<\/strong>, nous cherchons \u00e0 renforcer les interactions entre les acteurs locaux pour: <\/p>\n\n\n\n<ul class=\"has-18-font-size wp-block-list\">\n<li>Soutenir activement l&rsquo;\u00e9change de connaissances&nbsp;<\/li>\n\n\n\n<li>H\u00e9berger des listes de discussion et de diffusion ouvertes&nbsp;<\/li>\n\n\n\n<li>Organiser des rencontres et des forums sur le peering afin de pr\u00e9senter les bonnes pratiques et de trouver des partenaires de peering&nbsp;<\/li>\n\n\n\n<li>Partager cette vision et contribuer \u00e0 ce qu&rsquo;au moins 50 pour cent du trafic local reste local au sein des communaut\u00e9s concern\u00e9es<\/li>\n<\/ul>\n<\/div><\/div>\n\n\n\n<div style=\"height:30px\" aria-hidden=\"true\" class=\"wp-block-spacer\"><\/div>\n<\/div>\n\n\n\n<div class=\"wp-block-column is-layout-flow wp-block-column-is-layout-flow\" style=\"flex-basis:26%\">\n<figure class=\"wp-block-image size-full is-style-default margin-bottom-0 vertical-align-bottom\"><img loading=\"lazy\" decoding=\"async\" width=\"450\" height=\"200\" src=\"https:\/\/www.internetsociety.org\/wp-content\/uploads\/2023\/05\/proyecto-ixp-do.jpg\" alt=\"a group of people smiling at camera\" class=\"wp-image-192310\" srcset=\"https:\/\/www.internetsociety.org\/wp-content\/uploads\/2023\/05\/proyecto-ixp-do.jpg 450w, https:\/\/www.internetsociety.org\/wp-content\/uploads\/2023\/05\/proyecto-ixp-do-250x111.jpg 250w\" sizes=\"auto, (max-width: 450px) 100vw, 450px\" \/><\/figure>\n\n\n\n<div class=\"wp-block-cover is-light\" style=\"min-height:100px;aspect-ratio:unset;\"><span aria-hidden=\"true\" class=\"wp-block-cover__background has-neutral-white-background-color has-background-dim-100 has-background-dim\"><\/span><div class=\"wp-block-cover__inner-container is-layout-flow wp-block-cover-is-layout-flow\">\n<p class=\"has-depth-green-color has-text-color has-18-font-size\">En compl\u00e9ment de ce travail, <strong>les membres organisationnels et individuels, les chapitres, les groupes d&rsquo;int\u00e9r\u00eats sp\u00e9ciaux (GIS) et les partenaires de l&rsquo;Internet Society<\/strong> jouent un r\u00f4le essentiel en: <\/p>\n\n\n\n<ul class=\"has-18-font-size wp-block-list\">\n<li>Suivant des cours de formation sur l&rsquo;importance des IXP et les moyens de les cr\u00e9er et de les soutenir&nbsp;<\/li>\n\n\n\n<li>D\u00e9fendant le peering et l&rsquo;interconnexion au sein de leur communaut\u00e9 locale&nbsp;<\/li>\n\n\n\n<li>Interagissant avec les IXP locaux pour comprendre leur impact sur l&rsquo;\u00e9cosyst\u00e8me Internet local<\/li>\n<\/ul>\n<\/div><\/div>\n\n\n\n<div style=\"height:30px\" aria-hidden=\"true\" class=\"wp-block-spacer\"><\/div>\n<\/div>\n\n\n\n<div class=\"wp-block-column uag-hide-mob is-layout-flow wp-block-column-is-layout-flow\" style=\"flex-basis:10%\"><\/div>\n<\/div>\n\n\n\n<div class=\"wp-block-columns is-layout-flex wp-container-core-columns-is-layout-9d6595d7 wp-block-columns-is-layout-flex\">\n<div class=\"wp-block-column uag-hide-mob is-layout-flow wp-block-column-is-layout-flow\" style=\"flex-basis:10%\"><\/div>\n\n\n\n<div class=\"wp-block-column is-layout-flow wp-block-column-is-layout-flow\" style=\"flex-basis:80%\">\n<h4 class=\"wp-block-heading\">Comment quantifier cette vision?<\/h4>\n\n\n\n<div style=\"height:20px\" aria-hidden=\"true\" class=\"wp-block-spacer\"><\/div>\n\n\n\n<p class=\"has-18-font-size\"><a href=\"https:\/\/www.internetsociety.org\/wp-content\/uploads\/2024\/07\/50-50-Methodology-v2-Jan-2024_FR.pdf\">Nous avons con\u00e7u une m\u00e9thodologie<\/a> pour comprendre d&rsquo;o\u00f9 proviennent les contenus afin de pouvoir mesurer notre progression vers la Vision 50\/50.<\/p>\n\n\n\n<p class=\"has-18-font-size\">Mais la mesure du trafic local par rapport au trafic non local n&rsquo;est pas toujours ais\u00e9e. Les fournisseurs d&rsquo;acc\u00e8s savent g\u00e9n\u00e9ralement quels services sont les plus usit\u00e9s, mais ne diff\u00e9rencient pas le trafic local et le trafic non local, et les donn\u00e9es qu&rsquo;ils recueillent sont rarement partag\u00e9es publiquement.<\/p>\n\n\n\n<p class=\"has-18-font-size\">Pour cartographier les flux du trafic, nous utilisons des donn\u00e9es issues de deux outils open-source, propos\u00e9s par l&rsquo;Open Observatory of Network Interference (OONI, Observatoire ouvert sur les interf\u00e9rences du r\u00e9seau) et le RIPE NCC (le registre Internet r\u00e9gional pour l&rsquo;Europe, le Moyen-Orient et une partie de l&rsquo;Asie).<\/p>\n\n\n\n<p class=\"has-18-font-size\">Notre m\u00e9thodologie quantifie la part de contenus que les services Over The Top (OTT, streaming vid\u00e9o, navigation Web, r\u00e9seaux sociaux, etc.) obtiennent d&rsquo;un serveur ou d&rsquo;un cache local plut\u00f4t qu&rsquo;en externe (depuis l&rsquo;\u00e9tranger).<\/p>\n\n\n\n<p class=\"has-18-font-size\"><a href=\"https:\/\/pulse.internetsociety.org\/blog\/measure-the-health-of-the-internet-help-collect-local-traffic-measurements\">En savour plus sur la m\u00e9thodologie et le mode de d\u00e9ploiement de votre propre sonde OONI ou RIPE Atlas.<\/a><\/p>\n\n\n\n<div style=\"height:20px\" aria-hidden=\"true\" class=\"wp-block-spacer\"><\/div>\n<\/div>\n\n\n\n<div class=\"wp-block-column uag-hide-mob is-layout-flow wp-block-column-is-layout-flow\" style=\"flex-basis:10%\"><\/div>\n<\/div>\n\n\n\n<div class=\"wp-block-columns are-vertically-aligned-center margin-bottom-0 has-neutral-white-background-color has-background is-layout-flex wp-container-core-columns-is-layout-9d6595d7 wp-block-columns-is-layout-flex\">\n<div class=\"wp-block-column is-layout-flow wp-block-column-is-layout-flow\" style=\"flex-basis:6%\"><\/div>\n\n\n\n<div class=\"wp-block-column is-layout-flow wp-block-column-is-layout-flow\" style=\"flex-basis:84%\">\n<div style=\"height:40px\" aria-hidden=\"true\" class=\"wp-block-spacer uag-hide-mob\"><\/div>\n\n\n\n<div class=\"wp-block-media-text alignwide has-media-on-the-right is-stacked-on-mobile is-vertically-aligned-top is-image-fill\" style=\"grid-template-columns:auto 40%\"><div class=\"wp-block-media-text__content\">\n<div style=\"height:40px\" aria-hidden=\"true\" class=\"wp-block-spacer uag-hide-desktop uag-hide-tab\"><\/div>\n\n\n\n<h4 class=\"wp-block-heading animated zoomIn has-green-color has-text-color\">Rejoignez le mouvement 50\/50!<\/h4>\n\n\n\n<div style=\"height:20px\" aria-hidden=\"true\" class=\"wp-block-spacer\"><\/div>\n\n\n\n<p class=\"has-18-font-size\">Cet objectif est ambitieux. Nous en sommes bien conscients. Et nous ne pouvons pas y arriver seuls. Nous voulons \u00eatre rejoints par votre organisation, votre FAI, votre communaut\u00e9 technique, vous-m\u00eame et tout le monde afin de donner vie \u00e0 notre vision. <\/p>\n\n\n\n<p class=\"has-18-font-size\">Aidez-nous \u00e0 rendre Internet plus rapide et plus fiable pour tous, en conservant le trafic \u00e9chang\u00e9 aussi proche que possible de son lieu d&rsquo;origine. <\/p>\n\n\n\n<p class=\"has-18-font-size\"><a href=\"https:\/\/pulse.internetsociety.org\/blog\/measure-the-health-of-the-internet-help-collect-local-traffic-measurements\">D\u00e9ployez une sonde OONI ou Atlas RIPE<\/a>. <a href=\"https:\/\/www.internetsociety.org\/fr\/events\/upcoming\/\">Participez \u00e0 un forum sur le peering<\/a>. <a href=\"https:\/\/www.internetsociety.org\/fr\/learning\/ixp-2-0\/\">Assistez \u00e0 une formation sur les IXP<\/a>. Ou contactez-nous \u00e0 l&rsquo;adresse <a href=\"mailto:ixp@isoc.org\">ixp@isoc.org<\/a> et dites-nous comment vous souhaiteriez participer.<\/p>\n\n\n\n<div style=\"height:10px\" aria-hidden=\"true\" class=\"wp-block-spacer\"><\/div>\n<\/div><figure class=\"wp-block-media-text__media\" style=\"background-image:url(https:\/\/www.internetsociety.org\/wp-content\/uploads\/2023\/05\/Medium-1AFPIF_2.jpg);background-position:50% 50%\"><img loading=\"lazy\" decoding=\"async\" width=\"1000\" height=\"800\" src=\"https:\/\/www.internetsociety.org\/wp-content\/uploads\/2023\/05\/Medium-1AFPIF_2.jpg\" alt=\"\" class=\"wp-image-192279 size-large\" srcset=\"https:\/\/www.internetsociety.org\/wp-content\/uploads\/2023\/05\/Medium-1AFPIF_2.jpg 1000w, https:\/\/www.internetsociety.org\/wp-content\/uploads\/2023\/05\/Medium-1AFPIF_2-450x360.jpg 450w, https:\/\/www.internetsociety.org\/wp-content\/uploads\/2023\/05\/Medium-1AFPIF_2-768x614.jpg 768w, https:\/\/www.internetsociety.org\/wp-content\/uploads\/2023\/05\/Medium-1AFPIF_2-250x200.jpg 250w\" sizes=\"auto, (max-width: 1000px) 100vw, 1000px\" \/><\/figure><\/div>\n\n\n\n<div style=\"height:50px\" aria-hidden=\"true\" class=\"wp-block-spacer uag-hide-mob\"><\/div>\n<\/div>\n\n\n\n<div class=\"wp-block-column is-layout-flow wp-block-column-is-layout-flow\" style=\"flex-basis:10%\"><\/div>\n<\/div>\n\n\n\n<p class=\"has-text-align-center has-neutral-white-color has-ground-navy-background-color has-text-color has-background has-12-font-size\">Droits d\u2019auteur: \u00a9 Nyani Quarmyne, \u00a9 Randy Berghout, \u00a9 DE-CIX, \u00a9 Internet Society, \u00a9 Lewis IHORINDEBA<\/p>\n","protected":false},"excerpt":{"rendered":"<p>Voici la Vision 50\/50: un plan ambitieux visant \u00e0 conserver au moins la moiti\u00e9 du trafic Internet au niveau local dans les \u00e9conomies s\u00e9lectionn\u00e9es \u00e0 l&rsquo;horizon 2025.<\/p>\n","protected":false},"author":46,"featured_media":192297,"parent":167597,"menu_order":0,"comment_status":"closed","ping_status":"closed","template":"page-wide.php","meta":{"_acf_changed":false,"_uag_custom_page_level_css":"","footnotes":""},"categories":[120],"tags":[],"region_news_regions":[],"content_category":[],"ppma_author":[4057],"class_list":["post-192453","page","type-page","status-publish","has-post-thumbnail","hentry","category-acces"],"acf":[],"uagb_featured_image_src":{"full":["https:\/\/www.internetsociety.org\/wp-content\/uploads\/2023\/05\/AfPIF_Day2-e1684480317252.jpg",1450,640,false],"thumbnail":["https:\/\/www.internetsociety.org\/wp-content\/uploads\/2023\/05\/AfPIF_Day2-150x150.jpg",150,150,true],"medium":["https:\/\/www.internetsociety.org\/wp-content\/uploads\/2023\/05\/AfPIF_Day2-450x199.jpg",450,199,true],"medium_large":["https:\/\/www.internetsociety.org\/wp-content\/uploads\/2023\/05\/AfPIF_Day2-768x339.jpg",768,339,true],"large":["https:\/\/www.internetsociety.org\/wp-content\/uploads\/2023\/05\/AfPIF_Day2-1024x452.jpg",1024,452,true],"1536x1536":["https:\/\/www.internetsociety.org\/wp-content\/uploads\/2023\/05\/AfPIF_Day2-e1684480317252.jpg",1450,640,false],"2048x2048":["https:\/\/www.internetsociety.org\/wp-content\/uploads\/2023\/05\/AfPIF_Day2-e1684480317252.jpg",1450,640,false],"post-thumbnail":["https:\/\/www.internetsociety.org\/wp-content\/uploads\/2023\/05\/AfPIF_Day2-250x110.jpg",250,110,true],"square":["https:\/\/www.internetsociety.org\/wp-content\/uploads\/2023\/05\/AfPIF_Day2-600x600.jpg",600,600,true],"gform-image-choice-sm":["https:\/\/www.internetsociety.org\/wp-content\/uploads\/2023\/05\/AfPIF_Day2-e1684480317252.jpg",300,132,false],"gform-image-choice-md":["https:\/\/www.internetsociety.org\/wp-content\/uploads\/2023\/05\/AfPIF_Day2-e1684480317252.jpg",400,177,false],"gform-image-choice-lg":["https:\/\/www.internetsociety.org\/wp-content\/uploads\/2023\/05\/AfPIF_Day2-e1684480317252.jpg",600,265,false]},"uagb_author_info":{"display_name":"Ivana Trbovic","author_link":"https:\/\/www.internetsociety.org\/fr\/author\/trbovic\/"},"uagb_comment_info":0,"uagb_excerpt":"Voici la Vision 50\/50: un plan ambitieux visant \u00e0 conserver au moins la moiti\u00e9 du trafic Internet au niveau local dans les \u00e9conomies s\u00e9lectionn\u00e9es \u00e0 l'horizon 2025.","_links":{"self":[{"href":"https:\/\/www.internetsociety.org\/fr\/wp-json\/wp\/v2\/pages\/192453","targetHints":{"allow":["GET"]}}],"collection":[{"href":"https:\/\/www.internetsociety.org\/fr\/wp-json\/wp\/v2\/pages"}],"about":[{"href":"https:\/\/www.internetsociety.org\/fr\/wp-json\/wp\/v2\/types\/page"}],"author":[{"embeddable":true,"href":"https:\/\/www.internetsociety.org\/fr\/wp-json\/wp\/v2\/users\/46"}],"replies":[{"embeddable":true,"href":"https:\/\/www.internetsociety.org\/fr\/wp-json\/wp\/v2\/comments?post=192453"}],"version-history":[{"count":0,"href":"https:\/\/www.internetsociety.org\/fr\/wp-json\/wp\/v2\/pages\/192453\/revisions"}],"up":[{"embeddable":true,"href":"https:\/\/www.internetsociety.org\/fr\/wp-json\/wp\/v2\/pages\/167597"}],"wp:featuredmedia":[{"embeddable":true,"href":"https:\/\/www.internetsociety.org\/fr\/wp-json\/wp\/v2\/media\/192297"}],"wp:attachment":[{"href":"https:\/\/www.internetsociety.org\/fr\/wp-json\/wp\/v2\/media?parent=192453"}],"wp:term":[{"taxonomy":"category","embeddable":true,"href":"https:\/\/www.internetsociety.org\/fr\/wp-json\/wp\/v2\/categories?post=192453"},{"taxonomy":"post_tag","embeddable":true,"href":"https:\/\/www.internetsociety.org\/fr\/wp-json\/wp\/v2\/tags?post=192453"},{"taxonomy":"region_news_regions","embeddable":true,"href":"https:\/\/www.internetsociety.org\/fr\/wp-json\/wp\/v2\/region_news_regions?post=192453"},{"taxonomy":"content_category","embeddable":true,"href":"https:\/\/www.internetsociety.org\/fr\/wp-json\/wp\/v2\/content_category?post=192453"},{"taxonomy":"author","embeddable":true,"href":"https:\/\/www.internetsociety.org\/fr\/wp-json\/wp\/v2\/ppma_author?post=192453"}],"curies":[{"name":"wp","href":"https:\/\/api.w.org\/{rel}","templated":true}]}}