{"id":190283,"date":"2023-04-07T15:19:12","date_gmt":"2023-04-07T15:19:12","guid":{"rendered":"https:\/\/www.internetsociety.org\/proteger-linternet-contre-la-fragmentation\/"},"modified":"2025-09-05T16:23:15","modified_gmt":"2025-09-05T16:23:15","slug":"proteger-linternet-contre-la-fragmentation","status":"publish","type":"page","link":"https:\/\/www.internetsociety.org\/fr\/action-plan\/protecting-the-internet-against-fragmentation\/","title":{"rendered":"Prot\u00e9ger l&rsquo;Internet de la fragmentation"},"content":{"rendered":"\n<section class=\"wp-block-uagb-columns uagb-columns__wrap uagb-columns__background-image uagb-columns__stack-mobile uagb-columns__valign- uagb-columns__gap-10 align uagb-block-0b3fcf70 uagb-columns__columns-1 uagb-columns__max_width-theme background-image-fallback-black\"><div class=\"uagb-columns__overlay\"><\/div><div class=\"uagb-columns__inner-wrap uagb-columns__columns-1\">\n<div class=\"wp-block-uagb-column uagb-column__wrap uagb-column__background-undefined uagb-block-c4a72edf\"><div class=\"uagb-column__overlay\"><\/div>\n<div style=\"height:100px\" aria-hidden=\"true\" class=\"wp-block-spacer\"><\/div>\n\n\n\n<h1 class=\"wp-block-heading has-neutral-white-color has-text-color\">Prot\u00e9ger l&rsquo;Internet de la fragmentation<\/h1>\n\n\n\n<div style=\"height:100px\" aria-hidden=\"true\" class=\"wp-block-spacer\"><\/div>\n<\/div>\n<\/div><\/section>\n\n\n\n<div class=\"wp-block-columns is-layout-flex wp-container-core-columns-is-layout-9d6595d7 wp-block-columns-is-layout-flex\">\n<div class=\"wp-block-column is-layout-flow wp-block-column-is-layout-flow\" style=\"flex-basis:10%\"><\/div>\n\n\n\n<div class=\"wp-block-column is-layout-flow wp-block-column-is-layout-flow\" style=\"flex-basis:80%\">\n<div style=\"height:40px\" aria-hidden=\"true\" class=\"wp-block-spacer\"><\/div>\n\n\n\n<h2 class=\"wp-block-heading has-accent-purple-color has-text-color has-32-font-size\" id=\"we-will-equip-the-global-encryption-coalition-and-the-internet-society-community-with-the-tools-needed-to-help-increase-awareness-of-the-value-of-encryption\">Un Internet fragment\u00e9 n&rsquo;est plus l&rsquo;Internet. Nous croyons en un Internet unifi\u00e9, ouvert et mondial auquel tout le monde peut acc\u00e9der et dont chacun peut b\u00e9n\u00e9ficier. Nous nous effor\u00e7ons de d\u00e9fendre l&rsquo;Internet contre toute d\u00e9cision susceptible de le fragmenter.<\/h2>\n\n\n\n<div style=\"height:40px\" aria-hidden=\"true\" class=\"wp-block-spacer\"><\/div>\n\n\n\n<p class=\"has-18-font-size\">L&rsquo;Internet est une grande force au service du bien. Il cr\u00e9e des opportunit\u00e9s quasi infinies pour tous ceux qui l&rsquo;utilisent. Pourtant, les gouvernements et les entreprises du monde entier prennent de plus en plus de d\u00e9cisions p\u00e9rilleuses susceptibles d&rsquo;avoir un impact n\u00e9gatif sur l&rsquo;Internet ouvert et mondial, sans m\u00eame s&rsquo;en rendre compte.<\/p>\n\n\n\n<p class=\"has-18-font-size\">Notre vision est celle d&rsquo;un Internet plus global \u00e0 l&rsquo;avenir, pas moins. Un Internet o\u00f9 un plus grand nombre de personnes auront acc\u00e8s \u00e0 cette ressource vitale, quelle que soit leur situation g\u00e9ographique. Pour ce faire, nous devons imp\u00e9rativement prot\u00e9ger et d\u00e9fendre l&rsquo;Internet contre son fractionnement en r\u00e9seaux isol\u00e9s qui risquent fortement de ne pas \u00eatre en mesure de se connecter ou d&rsquo;interop\u00e9rer les uns avec les autres de mani\u00e8re efficace. Nous d\u00e9fendons l&rsquo;Internet contre les menaces les plus imp\u00e9rieuses capables de compromettre les propri\u00e9t\u00e9s fondamentales dont l&rsquo;Internet a besoin pour <a href=\"https:\/\/www.internetsociety.org\/fr\/resources\/doc\/2020\/internet-impact-assessment-toolkit\/critical-properties-of-the-internet\/\" target=\"_blank\" rel=\"noreferrer noopener\">exister<\/a> et <a href=\"https:\/\/www.internetsociety.org\/fr\/resources\/doc\/2021\/enablers-of-open-globally-connected-secure-trustworthy-internet\/\" target=\"_blank\" rel=\"noreferrer noopener\">prosp\u00e9rer<\/a>.<\/p>\n<\/div>\n\n\n\n<div class=\"wp-block-column is-layout-flow wp-block-column-is-layout-flow\" style=\"flex-basis:10%\"><\/div>\n<\/div>\n\n\n\n<div style=\"height:30px\" aria-hidden=\"true\" class=\"wp-block-spacer\"><\/div>\n\n\n\n<div class=\"wp-block-columns margin-bottom-0 has-neutral-white-background-color has-background is-layout-flex wp-container-core-columns-is-layout-9d6595d7 wp-block-columns-is-layout-flex\">\n<div class=\"wp-block-column is-layout-flow wp-block-column-is-layout-flow\" style=\"flex-basis:5.5%\"><\/div>\n\n\n\n<div class=\"wp-block-column is-layout-flow wp-block-column-is-layout-flow\" style=\"flex-basis:89%\">\n<div style=\"height:40px\" aria-hidden=\"true\" class=\"wp-block-spacer\"><\/div>\n\n\n\n<div class=\"wp-block-media-text alignwide has-media-on-the-right is-stacked-on-mobile is-vertically-aligned-top is-image-fill-element\" style=\"grid-template-columns:auto 33%\"><div class=\"wp-block-media-text__content\">\n<div class=\"wp-block-uagb-info-box uagb-block-b2286d71 uagb-infobox__content-wrap  uagb-infobox-icon-above-title uagb-infobox-image-valign-top\"><div class=\"uagb-ifb-content\"><div class=\"uagb-ifb-title-wrap\"><h3 class=\"uagb-ifb-title\">Nous avons besoin de tout le monde pour emp\u00eacher l\u2019Internet de se fracturer.<\/h3><\/div><p class=\"uagb-ifb-desc\">L\u2019Internet est pour tout le monde. C\u2019est le m\u00e9dia du peuple.<br><br>Il faut s\u2019opposer aux politiques et aux d\u00e9cisions qui menacent de fragmenter l\u2019Internet. L\u2019Internet nous appartient.<\/p><\/div><\/div>\n\n\n\n<div style=\"height:20px\" aria-hidden=\"true\" class=\"wp-block-spacer\"><\/div>\n\n\n\n<div class=\"wp-block-buttons is-layout-flex wp-block-buttons-is-layout-flex\">\n<div class=\"wp-block-button\"><a class=\"wp-block-button__link has-neutral-white-color has-depth-green-background-color has-text-color has-background wp-element-button\" href=\"https:\/\/www.internetsociety.org\/action-plan\/protecting-the-internet-against-fragmentation\/our-net\/\">Aidez-nous \u00e0 prot\u00e9ger l\u2019Internet de la fragmentation<\/a><\/div>\n<\/div>\n<\/div><figure class=\"wp-block-media-text__media\"><img decoding=\"async\" src=\"https:\/\/www.internetsociety.org\/wp-content\/uploads\/2023\/11\/two-women-Africa-summit-600.jpg\" alt=\"two women at a balcony hugged smiling\" class=\"wp-image-202756 size-large\" style=\"object-position:67% 37%\"\/><\/figure><\/div>\n\n\n\n<div style=\"height:40px\" aria-hidden=\"true\" class=\"wp-block-spacer\"><\/div>\n<\/div>\n\n\n\n<div class=\"wp-block-column is-layout-flow wp-block-column-is-layout-flow\" style=\"flex-basis:7%\"><\/div>\n<\/div>\n\n\n\n<div class=\"wp-block-columns is-layout-flex wp-container-core-columns-is-layout-9d6595d7 wp-block-columns-is-layout-flex\">\n<div class=\"wp-block-column is-layout-flow wp-block-column-is-layout-flow\" style=\"flex-basis:10%\"><\/div>\n\n\n\n<div class=\"wp-block-column is-layout-flow wp-block-column-is-layout-flow\" style=\"flex-basis:80%\">\n<div style=\"height:40px\" aria-hidden=\"true\" class=\"wp-block-spacer\"><\/div>\n\n\n\n<h4 class=\"wp-block-heading has-green-color has-text-color\" id=\"how-the-ndss-symposium-helps-to-strengthen-the-internet\">Renforcer l&rsquo;Internet <\/h4>\n\n\n\n<div style=\"height:30px\" aria-hidden=\"true\" class=\"wp-block-spacer\"><\/div>\n\n\n\n<p class=\"has-18-font-size\">Nous renfor\u00e7ons l&rsquo;Internet en :<\/p>\n\n\n\n<ul class=\"wp-block-list has-18-font-size\">\n<li>sensibilisant les responsables et d\u00e9cideurs politiques \u00e0 l&rsquo;importance d&rsquo;un Internet ouvert et mondial<\/li>\n\n\n\n<li>en collaborant avec des d\u00e9fenseurs du monde entier pour lutter contre la fragmentation de l&rsquo;Internet<\/li>\n\n\n\n<li>en faisant comprendre au public la n\u00e9cessit\u00e9 de pr\u00e9server l&rsquo;Internet ouvert et interop\u00e9rable<\/li>\n\n\n\n<li>en d\u00e9veloppant un r\u00e9seau d&rsquo;organisations et d&rsquo;entreprises pour promouvoir et d\u00e9fendre l&rsquo;Internet<\/li>\n<\/ul>\n\n\n\n<div style=\"height:40px\" aria-hidden=\"true\" class=\"wp-block-spacer\"><\/div>\n\n\n\n<h4 class=\"wp-block-heading has-green-color has-text-color\" id=\"how-the-ndss-symposium-helps-to-strengthen-the-internet\">Participer <\/h4>\n\n\n\n<div style=\"height:20px\" aria-hidden=\"true\" class=\"wp-block-spacer\"><\/div>\n<\/div>\n\n\n\n<div class=\"wp-block-column is-layout-flow wp-block-column-is-layout-flow\" style=\"flex-basis:10%\"><\/div>\n<\/div>\n\n\n\n<div class=\"wp-block-columns is-layout-flex wp-container-core-columns-is-layout-9d6595d7 wp-block-columns-is-layout-flex\">\n<div class=\"wp-block-column is-layout-flow wp-block-column-is-layout-flow\" style=\"flex-basis:11%\"><\/div>\n\n\n\n<div class=\"wp-block-column is-layout-flow wp-block-column-is-layout-flow\" style=\"flex-basis:20%\">\n<figure class=\"wp-block-image size-full is-style-default margin-bottom-0 vertical-align-bottom\"><img loading=\"lazy\" decoding=\"async\" width=\"450\" height=\"200\" src=\"https:\/\/www.internetsociety.org\/wp-content\/uploads\/2023\/08\/two-girls-computer-small.jpg\" alt=\"deux filles assises regardant des \u00e9crans d'ordinateurs portables\" class=\"wp-image-196121\" srcset=\"https:\/\/www.internetsociety.org\/wp-content\/uploads\/2023\/08\/two-girls-computer-small.jpg 450w, https:\/\/www.internetsociety.org\/wp-content\/uploads\/2023\/08\/two-girls-computer-small-250x111.jpg 250w\" sizes=\"auto, (max-width: 450px) 100vw, 450px\" \/><\/figure>\n\n\n\n<div class=\"wp-block-cover is-light\" style=\"min-height:100px;aspect-ratio:unset;\"><span aria-hidden=\"true\" class=\"wp-block-cover__background has-neutral-white-background-color has-background-dim-100 has-background-dim\"><\/span><div class=\"wp-block-cover__inner-container is-layout-flow wp-block-cover-is-layout-flow\">\n<div class=\"wp-block-uagb-info-box uagb-block-d3370bf1 uagb-infobox__content-wrap  uagb-infobox_cta-type-all uagb-infobox-icon-above-title uagb-infobox-image-valign-top\"><a href=\"https:\/\/internetsociety.org\/resources\/internet-fragmentation\/\" class=\"uagb-infobox-link-wrap uagb-infbox__link-to-all\" target=\"_self\" aria-label=\"Infobox Link\" rel=\"noopener noreferrer\" onclick=\"return true;\"><\/a><div class=\"uagb-ifb-content\"><div class=\"uagb-ifb-title-wrap\"><h5 class=\"uagb-ifb-title\">Comprendre la fragmentation de l\u2019Internet<\/h5><\/div><p class=\"uagb-ifb-desc\">La fragmentation de l\u2019Internet nous affecte tous. Renseignez-vous sur les diff\u00e9rentes mani\u00e8res dont elle brise l\u2019Internet.<\/p><div class=\"uagb-ifb-button-wrapper wp-block-button\"><\/div><\/div><\/div>\n<\/div><\/div>\n\n\n\n<div style=\"height:30px\" aria-hidden=\"true\" class=\"wp-block-spacer\"><\/div>\n<\/div>\n\n\n\n<div class=\"wp-block-column is-layout-flow wp-block-column-is-layout-flow\" style=\"flex-basis:20%\">\n<figure class=\"wp-block-image size-full is-style-default margin-bottom-0 vertical-align-bottom\"><img loading=\"lazy\" decoding=\"async\" width=\"450\" height=\"200\" src=\"https:\/\/www.internetsociety.org\/wp-content\/uploads\/2023\/03\/forest-trees.jpg\" alt=\"Les arbres de la for\u00eat vus d'en haut\" class=\"wp-image-188848\" srcset=\"https:\/\/www.internetsociety.org\/wp-content\/uploads\/2023\/03\/forest-trees.jpg 450w, https:\/\/www.internetsociety.org\/wp-content\/uploads\/2023\/03\/forest-trees-250x111.jpg 250w\" sizes=\"auto, (max-width: 450px) 100vw, 450px\" \/><\/figure>\n\n\n\n<div class=\"wp-block-cover is-light\" style=\"min-height:100px;aspect-ratio:unset;\"><span aria-hidden=\"true\" class=\"wp-block-cover__background has-neutral-white-background-color has-background-dim-100 has-background-dim\"><\/span><div class=\"wp-block-cover__inner-container is-layout-flow wp-block-cover-is-layout-flow\">\n<div class=\"wp-block-uagb-info-box uagb-block-faa1138e uagb-infobox__content-wrap  uagb-infobox_cta-type-all uagb-infobox-icon-above-title uagb-infobox-image-valign-top\"><a href=\"https:\/\/internetsociety.org\/resources\/internet-impact-assessment-toolkit\/\" class=\"uagb-infobox-link-wrap uagb-infbox__link-to-all\" target=\"_self\" aria-label=\"Infobox Link\" rel=\"noopener noreferrer\" onclick=\"return true;\"><\/a><div class=\"uagb-ifb-content\"><div class=\"uagb-ifb-title-wrap\"><h5 class=\"uagb-ifb-title\">D\u00e9couvrez ce dont l&rsquo;Internet a besoin pour exister et prosp\u00e9rer<\/h5><\/div><p class=\"uagb-ifb-desc\">Acc\u00e9dez \u00e0 un outil pratique qui nous aide \u00e0 \u00e9valuer si une politique ou une d\u00e9cision pourrait avoir un impact sur l&rsquo;Internet.<\/p><div class=\"uagb-ifb-button-wrapper wp-block-button\"><\/div><\/div><\/div>\n<\/div><\/div>\n\n\n\n<div style=\"height:30px\" aria-hidden=\"true\" class=\"wp-block-spacer\"><\/div>\n<\/div>\n\n\n\n<div class=\"wp-block-column is-layout-flow wp-block-column-is-layout-flow\" style=\"flex-basis:20%\">\n<figure class=\"wp-block-image size-full is-style-default margin-bottom-0 vertical-align-bottom\"><img loading=\"lazy\" decoding=\"async\" width=\"450\" height=\"200\" src=\"https:\/\/www.internetsociety.org\/wp-content\/uploads\/2023\/03\/fellow_portraitsmall.jpg\" alt=\"un homme souriant face \u00e0 l'objectif\" class=\"wp-image-188842\" srcset=\"https:\/\/www.internetsociety.org\/wp-content\/uploads\/2023\/03\/fellow_portraitsmall.jpg 450w, https:\/\/www.internetsociety.org\/wp-content\/uploads\/2023\/03\/fellow_portraitsmall-250x111.jpg 250w\" sizes=\"auto, (max-width: 450px) 100vw, 450px\" \/><\/figure>\n\n\n\n<div class=\"wp-block-cover is-light\" style=\"min-height:100px;aspect-ratio:unset;\"><span aria-hidden=\"true\" class=\"wp-block-cover__background has-neutral-white-background-color has-background-dim-100 has-background-dim\"><\/span><div class=\"wp-block-cover__inner-container is-layout-flow wp-block-cover-is-layout-flow\">\n<div class=\"wp-block-uagb-info-box uagb-block-3ec34ed2 uagb-infobox__content-wrap  uagb-infobox_cta-type-all uagb-infobox-icon-above-title uagb-infobox-image-valign-top\"><a href=\"https:\/\/www.internetsociety.org\/get-involved\/advocate\/\" class=\"uagb-infobox-link-wrap uagb-infbox__link-to-all\" target=\"_self\" aria-label=\"Infobox Link\" rel=\"noopener noreferrer\" onclick=\"return true;\"><\/a><div class=\"uagb-ifb-content\"><div class=\"uagb-ifb-title-wrap\"><h5 class=\"uagb-ifb-title\">Devenir un d\u00e9fenseur de l&rsquo;Internet<\/h5><\/div><p class=\"uagb-ifb-desc\">Existe-t-il, \u00e0 votre connaissance, une menace contre l&rsquo;Internet ouvert ?<br>Faites-le nous savoir.<\/p><div class=\"uagb-ifb-button-wrapper wp-block-button\"><\/div><\/div><\/div>\n<\/div><\/div>\n\n\n\n<div style=\"height:30px\" aria-hidden=\"true\" class=\"wp-block-spacer\"><\/div>\n<\/div>\n\n\n\n<div class=\"wp-block-column is-layout-flow wp-block-column-is-layout-flow\" style=\"flex-basis:20%\">\n<figure class=\"wp-block-image size-full is-style-default margin-bottom-0 vertical-align-bottom\"><img loading=\"lazy\" decoding=\"async\" width=\"449\" height=\"200\" src=\"https:\/\/www.internetsociety.org\/wp-content\/uploads\/2023\/03\/people-smiling-small.jpg\" alt=\"trois femmes debout et un homme tenant un t\u00e9l\u00e9phone\" class=\"wp-image-188852\" srcset=\"https:\/\/www.internetsociety.org\/wp-content\/uploads\/2023\/03\/people-smiling-small.jpg 449w, https:\/\/www.internetsociety.org\/wp-content\/uploads\/2023\/03\/people-smiling-small-250x111.jpg 250w\" sizes=\"auto, (max-width: 449px) 100vw, 449px\" \/><\/figure>\n\n\n\n<div class=\"wp-block-cover is-light\" style=\"min-height:100px;aspect-ratio:unset;\"><span aria-hidden=\"true\" class=\"wp-block-cover__background has-neutral-white-background-color has-background-dim-100 has-background-dim\"><\/span><div class=\"wp-block-cover__inner-container is-layout-flow wp-block-cover-is-layout-flow\">\n<div class=\"wp-block-uagb-info-box uagb-block-a14074fa uagb-infobox__content-wrap  uagb-infobox_cta-type-all uagb-infobox-icon-above-title uagb-infobox-image-valign-top\"><a href=\"mailto:stopfragmentation@isoc.org\" class=\"uagb-infobox-link-wrap uagb-infbox__link-to-all\" target=\"_self\" aria-label=\"Infobox Link\" rel=\"noopener noreferrer\" onclick=\"return true;\"><\/a><div class=\"uagb-ifb-content\"><div class=\"uagb-ifb-title-wrap\"><h5 class=\"uagb-ifb-title\">Nous contacter<\/h5><\/div><p class=\"uagb-ifb-desc\">Contactez notre \u00e9quipe pour en savoir plus sur la mani\u00e8re dont nous pouvons prot\u00e9ger l&rsquo;Internet de la fragmentation.<\/p><div class=\"uagb-ifb-button-wrapper wp-block-button\"><\/div><\/div><\/div>\n<\/div><\/div>\n\n\n\n<div style=\"height:30px\" aria-hidden=\"true\" class=\"wp-block-spacer\"><\/div>\n<\/div>\n\n\n\n<div class=\"wp-block-column is-layout-flow wp-block-column-is-layout-flow\" style=\"flex-basis:11%\"><\/div>\n<\/div>\n\n\n\n<div class=\"wp-block-columns margin-bottom-0 has-neutral-white-background-color has-background is-layout-flex wp-container-core-columns-is-layout-9d6595d7 wp-block-columns-is-layout-flex\">\n<div class=\"wp-block-column is-layout-flow wp-block-column-is-layout-flow\" style=\"flex-basis:10%\"><\/div>\n\n\n\n<div class=\"wp-block-column is-layout-flow wp-block-column-is-layout-flow\" style=\"flex-basis:80%\">\n<div style=\"height:40px\" aria-hidden=\"true\" class=\"wp-block-spacer\"><\/div>\n\n\n\n<h4 class=\"wp-block-heading has-depth-teal-color has-text-color\" id=\"how-the-ndss-symposium-helps-to-strengthen-the-internet\">Actualit\u00e9s<\/h4>\n\n\n\n<div style=\"height:30px\" aria-hidden=\"true\" class=\"wp-block-spacer\"><\/div>\n\n\n\n\t\t\t<div class=\"wp-block-uagb-post-grid uagb-post-grid  uagb-post__image-position-top uagb-post__image-disabled uagb-block-a0bfab28     uagb-post__items uagb-post__columns-3 is-grid uagb-post__columns-tablet-2 uagb-post__columns-mobile-1 uagb-post__equal-height\" data-total=\"1\" style=\"\">\n\n\t\t\t\t\t\t\t\t\t\t\t\t<article class=\"uagb-post__inner-wrap\">\t\t\t\t\t\t\t\t<h5 class=\"uagb-post__title uagb-post__text\">\n\t\t\t\t<a href=\"https:\/\/www.internetsociety.org\/fr\/blog\/2022\/09\/en-cas-de-sanctions-les-citoyens-peuvent-se-voir-refuser-lacces-a-internet-au-moment-ou-ils-en-ont-le-plus-besoin\/\" target=\"_self\" rel=\"bookmark noopener noreferrer\">En cas de sanctions, les citoyens peuvent se voir refuser l&rsquo;acc\u00e8s \u00e0 Internet au moment o\u00f9 ils en ont le plus besoin.<\/a>\n\t\t\t<\/h5>\n\t\t\t\t\t\t<div class='uagb-post__text uagb-post-grid-byline'>\n\t\t\t\t\t\t\t\t<time datetime=\"2022-09-28T16:17:12+00:00\" class=\"uagb-post__date\">\n\t\t\t\t<span class=\"dashicons-calendar dashicons\"><\/span>\t\t\t\t\t28 septembre 2022\t\t\t\t<\/time>\n\t\t\t\t\t\t<\/div>\n\t\t\t\n\t\t\t\t\t\t\t\t\t<\/article>\n\t\t\t\t\t\t\t\t\t\t\t\t\t\t\t\t<article class=\"uagb-post__inner-wrap\">\t\t\t\t\t\t\t\t<h5 class=\"uagb-post__title uagb-post__text\">\n\t\t\t\t<a href=\"https:\/\/www.internetsociety.org\/fr\/blog\/2022\/05\/deux-mois-de-guerre-limpact-sur-le-coeur-dinternet\/\" target=\"_self\" rel=\"bookmark noopener noreferrer\">Deux mois de guerre : l&rsquo;impact sur le c\u0153ur d&rsquo;Internet<\/a>\n\t\t\t<\/h5>\n\t\t\t\t\t\t<div class='uagb-post__text uagb-post-grid-byline'>\n\t\t\t\t\t\t\t\t<time datetime=\"2022-05-11T13:35:31+00:00\" class=\"uagb-post__date\">\n\t\t\t\t<span class=\"dashicons-calendar dashicons\"><\/span>\t\t\t\t\t11 mai 2022\t\t\t\t<\/time>\n\t\t\t\t\t\t<\/div>\n\t\t\t\n\t\t\t\t\t\t\t\t\t<\/article>\n\t\t\t\t\t\t\t\t\t\t\t\t\t\t\t\t<article class=\"uagb-post__inner-wrap\">\t\t\t\t\t\t\t\t<h5 class=\"uagb-post__title uagb-post__text\">\n\t\t\t\t<a href=\"https:\/\/www.internetsociety.org\/fr\/blog\/2022\/04\/lengagement-des-etats-unis-de-lue-et-du-g7-ralentira-le-splinternet-toutefois-des-efforts-supplementaires-sont-necessaires\/\" target=\"_self\" rel=\"bookmark noopener noreferrer\">L&rsquo;engagement des \u00c9tats-Unis, de l&rsquo;UE et du G7 ralentira le Splinternet, toutefois des efforts suppl\u00e9mentaires sont n\u00e9cessaires<\/a>\n\t\t\t<\/h5>\n\t\t\t\t\t\t<div class='uagb-post__text uagb-post-grid-byline'>\n\t\t\t\t\t\t\t\t<time datetime=\"2022-04-14T13:54:43+00:00\" class=\"uagb-post__date\">\n\t\t\t\t<span class=\"dashicons-calendar dashicons\"><\/span>\t\t\t\t\t14 avril 2022\t\t\t\t<\/time>\n\t\t\t\t\t\t<\/div>\n\t\t\t\n\t\t\t\t\t\t\t\t\t<\/article>\n\t\t\t\t\t\t\t\t\t\t\t\t\t\t\t\t<article class=\"uagb-post__inner-wrap\">\t\t\t\t\t\t\t\t<h5 class=\"uagb-post__title uagb-post__text\">\n\t\t\t\t<a href=\"https:\/\/www.internetsociety.org\/fr\/blog\/2022\/03\/quest-ce-que-le-splinternet-et-les-raisons-pour-lesquelles-il-faut-sy-interesser\/\" target=\"_self\" rel=\"bookmark noopener noreferrer\">Qu\u2019est-ce que le Splinternet ? Et les raisons pour lesquelles il faut s\u2019y int\u00e9resser<\/a>\n\t\t\t<\/h5>\n\t\t\t\t\t\t<div class='uagb-post__text uagb-post-grid-byline'>\n\t\t\t\t\t\t\t\t<time datetime=\"2022-03-23T12:58:36+00:00\" class=\"uagb-post__date\">\n\t\t\t\t<span class=\"dashicons-calendar dashicons\"><\/span>\t\t\t\t\t23 mars 2022\t\t\t\t<\/time>\n\t\t\t\t\t\t<\/div>\n\t\t\t\n\t\t\t\t\t\t\t\t\t<\/article>\n\t\t\t\t\t\t\t\t\t\t\t\t\t<div class=\"uagb-post-pagination-wrap\">\n\t\t\t\t\t\t\t\t\t\t\t<\/div>\n\t\t\t\t\t\t\t\t<\/div>\n\t\t\t\n\n\n\n\n<div style=\"height:40px\" aria-hidden=\"true\" class=\"wp-block-spacer\"><\/div>\n<\/div>\n\n\n\n<div class=\"wp-block-column is-layout-flow wp-block-column-is-layout-flow\" style=\"flex-basis:10%\"><\/div>\n<\/div>\n\n\n\n<p class=\"has-text-align-center has-neutral-white-color has-ground-navy-background-color has-text-color has-background has-12-font-size\">cr\u00e9dit photo : <br>L&rsquo;union faisant la force, rejoignez Uncoalition : \u00a9 Nyani Quarmyne \/ Panos Pictures, Devenez un d\u00e9fenseur de l&rsquo;Internet : \u00a9Frederic Courbet\/Panos Pictures<\/p>\n","protected":false},"excerpt":{"rendered":"<p>Un Internet fragment\u00e9 n&rsquo;est plus l&rsquo;Internet. Nous nous effor\u00e7ons de d\u00e9fendre l&rsquo;Internet contre toute d\u00e9cision susceptible de le fragmenter. <\/p>\n","protected":false},"author":46,"featured_media":179810,"parent":181933,"menu_order":0,"comment_status":"closed","ping_status":"closed","template":"page-wide.php","meta":{"_acf_changed":false,"_uag_custom_page_level_css":"","footnotes":""},"categories":[4909],"tags":[],"region_news_regions":[],"content_category":[],"ppma_author":[4057],"class_list":["post-190283","page","type-page","status-publish","has-post-thumbnail","hentry","category-renforcer-internet"],"acf":[],"uagb_featured_image_src":{"full":["https:\/\/www.internetsociety.org\/wp-content\/uploads\/2022\/10\/chuttersnap-cGXdjyP6-NU-unsplash-1280x550-1.jpg",1280,550,false],"thumbnail":["https:\/\/www.internetsociety.org\/wp-content\/uploads\/2022\/10\/chuttersnap-cGXdjyP6-NU-unsplash-1280x550-1-150x150.jpg",150,150,true],"medium":["https:\/\/www.internetsociety.org\/wp-content\/uploads\/2022\/10\/chuttersnap-cGXdjyP6-NU-unsplash-1280x550-1-450x193.jpg",450,193,true],"medium_large":["https:\/\/www.internetsociety.org\/wp-content\/uploads\/2022\/10\/chuttersnap-cGXdjyP6-NU-unsplash-1280x550-1-768x330.jpg",768,330,true],"large":["https:\/\/www.internetsociety.org\/wp-content\/uploads\/2022\/10\/chuttersnap-cGXdjyP6-NU-unsplash-1280x550-1-1024x440.jpg",1024,440,true],"1536x1536":["https:\/\/www.internetsociety.org\/wp-content\/uploads\/2022\/10\/chuttersnap-cGXdjyP6-NU-unsplash-1280x550-1.jpg",1280,550,false],"2048x2048":["https:\/\/www.internetsociety.org\/wp-content\/uploads\/2022\/10\/chuttersnap-cGXdjyP6-NU-unsplash-1280x550-1.jpg",1280,550,false],"post-thumbnail":["https:\/\/www.internetsociety.org\/wp-content\/uploads\/2022\/10\/chuttersnap-cGXdjyP6-NU-unsplash-1280x550-1-250x107.jpg",250,107,true],"square":["https:\/\/www.internetsociety.org\/wp-content\/uploads\/2022\/10\/chuttersnap-cGXdjyP6-NU-unsplash-1280x550-1-600x550.jpg",600,550,true],"gform-image-choice-sm":["https:\/\/www.internetsociety.org\/wp-content\/uploads\/2022\/10\/chuttersnap-cGXdjyP6-NU-unsplash-1280x550-1.jpg",300,129,false],"gform-image-choice-md":["https:\/\/www.internetsociety.org\/wp-content\/uploads\/2022\/10\/chuttersnap-cGXdjyP6-NU-unsplash-1280x550-1.jpg",400,172,false],"gform-image-choice-lg":["https:\/\/www.internetsociety.org\/wp-content\/uploads\/2022\/10\/chuttersnap-cGXdjyP6-NU-unsplash-1280x550-1.jpg",600,258,false]},"uagb_author_info":{"display_name":"Ivana Trbovic","author_link":"https:\/\/www.internetsociety.org\/fr\/author\/trbovic\/"},"uagb_comment_info":0,"uagb_excerpt":"Un Internet fragment\u00e9 n'est plus l'Internet. Nous nous effor\u00e7ons de d\u00e9fendre l'Internet contre toute d\u00e9cision susceptible de le fragmenter.","_links":{"self":[{"href":"https:\/\/www.internetsociety.org\/fr\/wp-json\/wp\/v2\/pages\/190283","targetHints":{"allow":["GET"]}}],"collection":[{"href":"https:\/\/www.internetsociety.org\/fr\/wp-json\/wp\/v2\/pages"}],"about":[{"href":"https:\/\/www.internetsociety.org\/fr\/wp-json\/wp\/v2\/types\/page"}],"author":[{"embeddable":true,"href":"https:\/\/www.internetsociety.org\/fr\/wp-json\/wp\/v2\/users\/46"}],"replies":[{"embeddable":true,"href":"https:\/\/www.internetsociety.org\/fr\/wp-json\/wp\/v2\/comments?post=190283"}],"version-history":[{"count":0,"href":"https:\/\/www.internetsociety.org\/fr\/wp-json\/wp\/v2\/pages\/190283\/revisions"}],"up":[{"embeddable":true,"href":"https:\/\/www.internetsociety.org\/fr\/wp-json\/wp\/v2\/pages\/181933"}],"wp:featuredmedia":[{"embeddable":true,"href":"https:\/\/www.internetsociety.org\/fr\/wp-json\/wp\/v2\/media\/179810"}],"wp:attachment":[{"href":"https:\/\/www.internetsociety.org\/fr\/wp-json\/wp\/v2\/media?parent=190283"}],"wp:term":[{"taxonomy":"category","embeddable":true,"href":"https:\/\/www.internetsociety.org\/fr\/wp-json\/wp\/v2\/categories?post=190283"},{"taxonomy":"post_tag","embeddable":true,"href":"https:\/\/www.internetsociety.org\/fr\/wp-json\/wp\/v2\/tags?post=190283"},{"taxonomy":"region_news_regions","embeddable":true,"href":"https:\/\/www.internetsociety.org\/fr\/wp-json\/wp\/v2\/region_news_regions?post=190283"},{"taxonomy":"content_category","embeddable":true,"href":"https:\/\/www.internetsociety.org\/fr\/wp-json\/wp\/v2\/content_category?post=190283"},{"taxonomy":"author","embeddable":true,"href":"https:\/\/www.internetsociety.org\/fr\/wp-json\/wp\/v2\/ppma_author?post=190283"}],"curies":[{"name":"wp","href":"https:\/\/api.w.org\/{rel}","templated":true}]}}