{"id":187535,"date":"2023-03-14T09:53:27","date_gmt":"2023-03-14T09:53:27","guid":{"rendered":"https:\/\/www.internetsociety.org\/?page_id=187535"},"modified":"2025-12-23T17:35:13","modified_gmt":"2025-12-23T17:35:13","slug":"comment-elaborer-une-presentation-dimpact-sur-internet","status":"publish","type":"page","link":"https:\/\/www.internetsociety.org\/fr\/learning\/internet-impact-brief\/","title":{"rendered":"Comment \u00e9laborer une pr\u00e9sentation d\u2019impact sur Internet"},"content":{"rendered":"\n<section class=\"wp-block-uagb-columns uagb-columns__wrap uagb-columns__background-image uagb-columns__stack-mobile uagb-columns__valign- uagb-columns__gap-10 align uagb-block-a2dc8191 uagb-columns__columns-1 uagb-columns__max_width-theme background-image-fallback-black\"><div class=\"uagb-columns__overlay\"><\/div><div class=\"uagb-columns__inner-wrap uagb-columns__columns-1\">\n<div class=\"wp-block-uagb-column uagb-column__wrap uagb-column__background-undefined uagb-block-8cf6c3c0\"><div class=\"uagb-column__overlay\"><\/div>\n<p class=\"has-neutral-white-color has-text-color has-18-font-size\"><a href=\"https:\/\/www.internetsociety.org\/fr\/learning\/\">Learning<\/a> &gt; Comment \u00e9laborer une pr\u00e9sentation d\u2019impact sur Internet<\/p>\n\n\n\n<div style=\"height:30px\" aria-hidden=\"true\" class=\"wp-block-spacer\"><\/div>\n\n\n\n<h1 class=\"wp-block-heading has-neutral-white-color has-text-color\">Comment \u00e9laborer une pr\u00e9sentation d\u2019impact sur Internet<\/h1>\n<\/div>\n<\/div><\/section>\n\n\n\n<section class=\"wp-block-uagb-columns uagb-columns__wrap uagb-columns__background-none uagb-columns__stack-tablet uagb-columns__valign- uagb-columns__gap-5 align uagb-columns__reverse-tablet uagb-block-25662177 uagb-columns__columns-2 uagb-columns__max_width-theme\"><div class=\"uagb-columns__overlay\"><\/div><div class=\"uagb-columns__inner-wrap uagb-columns__columns-2\">\n<div class=\"wp-block-uagb-column uagb-column__wrap uagb-column__background-undefined uagb-block-1f4bb19b\"><div class=\"uagb-column__overlay\"><\/div>\n<h3 class=\"wp-block-heading\" id=\"en-quoi-consiste-mode-de-fonctionnement-du-reseau-internet\">En quoi consiste cette formation?<\/h3>\n\n\n\n<div style=\"height:20px\" aria-hidden=\"true\" class=\"wp-block-spacer\"><\/div>\n\n\n\n<p>Il s\u2019agit du troisi\u00e8me module de la s\u00e9rie de cours en ligne Internet Way of Networking de l\u2019Internet Society. Dans ce module, nous donnons un aper\u00e7u de la fa\u00e7on dont les propri\u00e9t\u00e9s critiques et les catalyseurs d\u2019Internet peuvent vous aider \u00e0 effectuer une \u00e9valuation et \u00e0 r\u00e9diger votre propre dossier sur l\u2019impact d\u2019Internet.<\/p>\n\n\n\n<div style=\"height:30px\" aria-hidden=\"true\" class=\"wp-block-spacer\"><\/div>\n\n\n\n<h3 class=\"wp-block-heading\" id=\"quels-sont-les-objectifs-de-la-formation\">Quels sont les objectifs de la formation?<\/h3>\n\n\n\n<div style=\"height:20px\" aria-hidden=\"true\" class=\"wp-block-spacer\"><\/div>\n\n\n\n<p>Apr\u00e8s avoir termin\u00e9 ce module, vous devriez \u00eatre en mesure de:<\/p>\n\n\n\n<div style=\"height:20px\" aria-hidden=\"true\" class=\"wp-block-spacer\"><\/div>\n\n\n\n<ul class=\"wp-block-list\">\n<li>D\u00e9crire les types de probl\u00e8mes et les tendances politiques pour lesquels une note sur l\u2019impact d\u2019Internet pourrait \u00eatre appropri\u00e9e<\/li>\n\n\n\n<li>Comprendre les comp\u00e9tences et les ressources n\u00e9cessaires pour r\u00e9diger un Internet Impact Brief<\/li>\n\n\n\n<li>Utilisez la bo\u00eete \u00e0 outils d\u2019\u00e9valuation de l\u2019impact d\u2019Internet pour analyser les probl\u00e8mes li\u00e9s \u00e0 Internet<\/li>\n\n\n\n<li>Structurez un Internet Impact Brief pour maximiser son impact sur votre public cible<\/li>\n<\/ul>\n\n\n\n<div style=\"height:30px\" aria-hidden=\"true\" class=\"wp-block-spacer\"><\/div>\n\n\n\n<h3 class=\"wp-block-heading\" id=\"a-qui-est-destinee-cette-formation\">Quels sont les acquis attendus de ce cours ?<\/h3>\n\n\n\n<div style=\"height:20px\" aria-hidden=\"true\" class=\"wp-block-spacer\"><\/div>\n\n\n\n<ul class=\"wp-block-list\">\n<li>Reconna\u00eetre les types de probl\u00e8mes et tendances des politiques pertinents pour un rapport d&rsquo;impact sur Internet.<\/li>\n\n\n\n<li>Identifier les probl\u00e8mes pertinents dans les sujets actuels et \u00e9mergents du monde num\u00e9rique Internet.<\/li>\n\n\n\n<li>Faire preuve des comp\u00e9tences requises et utiliser les ressources n\u00e9cessaires pour r\u00e9diger un rapport pertinent et ax\u00e9 sur l&rsquo;impact, en suivant le mod\u00e8le de l&rsquo;ISOC. <\/li>\n\n\n\n<li>D\u00e9velopper les comp\u00e9tences requises, notamment en mati\u00e8re de recherche, d\u2019analyse, de r\u00e9daction et de communication.<\/li>\n\n\n\n<li>Utiliser la bo\u00eete \u00e0 outils sur l&rsquo;\u00e9valuation de l&rsquo;impact sur Internet de l&rsquo;ISOC pour \u00e9valuer et analyser les probl\u00e8mes d&rsquo;impact li\u00e9s \u00e0 Internet.<\/li>\n\n\n\n<li>Appliquer la bo\u00eete \u00e0 outils d\u2019\u00e9valuation : tirer des enseignements et des conclusions \u00e0 partir des donn\u00e9es et des outils mis \u00e0 disposition.<\/li>\n\n\n\n<li>Structurer et pr\u00e9senter le dossier d&rsquo;impact sur Internet  pour maximiser son efficacit\u00e9 et son influence sur le public cible et les acteurs cl\u00e9s.<\/li>\n\n\n\n<li>Cr\u00e9er une pr\u00e9sentation d\u2019impact sur Internet : bas\u00e9 sur la clart\u00e9, la pertinence et la force de persuasion.<\/li>\n<\/ul>\n\n\n\n<div style=\"height:30px\" aria-hidden=\"true\" class=\"wp-block-spacer\"><\/div>\n\n\n\n<h3 class=\"wp-block-heading\" id=\"a-qui-est-destinee-cette-formation\">Qui peut suivre cette formation ?<\/h3>\n\n\n\n<div style=\"height:20px\" aria-hidden=\"true\" class=\"wp-block-spacer\"><\/div>\n\n\n\n<p>Vous pouvez suivre cette formation si :<\/p>\n\n\n\n<ul class=\"wp-block-list\">\n<li>Le soutien d&rsquo;un Internet ouvert, connect\u00e9 \u00e0 l&rsquo;\u00e9chelle mondiale, s\u00e9curis\u00e9 et digne de confiance vous passionne.<\/li>\n<\/ul>\n\n\n\n<p>Pr\u00e9requis:<\/p>\n\n\n\n<p>Vous devez avoir suivi deux autres formations :<\/p>\n\n\n\n<ul class=\"wp-block-list\">\n<li><a href=\"https:\/\/www.internetsociety.org\/learning\/iwn\/\">Ce dont l\u2019Internet a besoin pour exister<\/a><\/li>\n\n\n\n<li><a href=\"https:\/\/www.internetsociety.org\/learning\/what-internet-needs-to-thrive\/\">Ce dont l\u2019Internet a besoin pour prosp\u00e9rer<\/a><\/li>\n<\/ul>\n\n\n\n<div style=\"height:30px\" aria-hidden=\"true\" class=\"wp-block-spacer\"><\/div>\n\n\n\n<h3 class=\"wp-block-heading\" id=\"comment-s-inscrire-a-un-cours\">Comment s\u2019inscrire \u00e0 un cours?<\/h3>\n\n\n\n<div style=\"height:20px\" aria-hidden=\"true\" class=\"wp-block-spacer\"><\/div>\n\n\n<div class=\"wp-block-uagb-faq uagb-faq__outer-wrap uagb-block-73f46e11 uagb-faq-icon-row-reverse uagb-faq-layout-accordion uagb-faq-expand-first-false uagb-faq-inactive-other-true uagb-faq__wrap uagb-buttons-layout-wrap uagb-faq-equal-height     \" data-faqtoggle=\"true\" role=\"tablist\"><div class=\"wp-block-uagb-faq-child uagb-faq-child__outer-wrap uagb-faq-item uagb-block-23481361 \" role=\"tab\" tabindex=\"0\"><div class=\"uagb-faq-questions-button uagb-faq-questions\">\t\t\t<span class=\"uagb-icon uagb-faq-icon-wrap\">\n\t\t\t\t\t\t\t\t<svg xmlns=\"https:\/\/www.w3.org\/2000\/svg\" viewBox= \"0 0 448 512\"><path d=\"M432 256c0 17.69-14.33 32.01-32 32.01H256v144c0 17.69-14.33 31.99-32 31.99s-32-14.3-32-31.99v-144H48c-17.67 0-32-14.32-32-32.01s14.33-31.99 32-31.99H192v-144c0-17.69 14.33-32.01 32-32.01s32 14.32 32 32.01v144h144C417.7 224 432 238.3 432 256z\"><\/path><\/svg>\n\t\t\t\t\t\t\t<\/span>\n\t\t\t\t\t\t<span class=\"uagb-icon-active uagb-faq-icon-wrap\">\n\t\t\t\t\t\t\t\t<svg xmlns=\"https:\/\/www.w3.org\/2000\/svg\" viewBox= \"0 0 448 512\"><path d=\"M400 288h-352c-17.69 0-32-14.32-32-32.01s14.31-31.99 32-31.99h352c17.69 0 32 14.3 32 31.99S417.7 288 400 288z\"><\/path><\/svg>\n\t\t\t\t\t\t\t<\/span>\n\t\t\t<h3 class=\"uagb-question\">Comment puis-je acc\u00e9der \u00e0 la plateforme d&rsquo;apprentissage en tant que membre de l&rsquo;Internet Society ?<\/h3><\/div><div class=\"uagb-faq-content\"><p>En tant que membre de l&rsquo;Internet Society, vous pouvez acc\u00e9der au lien suivant : <a href=\"https:\/\/learning.internetsociety.org\/\">learning.internetsociety.org<\/a>, avec vos identifiants de connexion de membre. Il n&rsquo;est pas n\u00e9cessaire de cr\u00e9er un nouveau compte. Si vous ne vous souvenez pas de vos informations de connexion, s\u00e9lectionnez <strong>Forgot Login ?<\/strong> pour recevoir votre nom d&rsquo;utilisateur et un lien pour r\u00e9initialiser votre mot de passe. Une fois connect\u00e9, vous allez pouvoir consulter le catalogue des cours et s\u00e9lectionner le cours auquel vous souhaitez vous inscrire.<\/p><\/div><\/div><div class=\"wp-block-uagb-faq-child uagb-faq-child__outer-wrap uagb-faq-item uagb-block-289de919 \" role=\"tab\" tabindex=\"0\"><div class=\"uagb-faq-questions-button uagb-faq-questions\">\t\t\t<span class=\"uagb-icon uagb-faq-icon-wrap\">\n\t\t\t\t\t\t\t\t<svg xmlns=\"https:\/\/www.w3.org\/2000\/svg\" viewBox= \"0 0 448 512\"><path d=\"M432 256c0 17.69-14.33 32.01-32 32.01H256v144c0 17.69-14.33 31.99-32 31.99s-32-14.3-32-31.99v-144H48c-17.67 0-32-14.32-32-32.01s14.33-31.99 32-31.99H192v-144c0-17.69 14.33-32.01 32-32.01s32 14.32 32 32.01v144h144C417.7 224 432 238.3 432 256z\"><\/path><\/svg>\n\t\t\t\t\t\t\t<\/span>\n\t\t\t\t\t\t<span class=\"uagb-icon-active uagb-faq-icon-wrap\">\n\t\t\t\t\t\t\t\t<svg xmlns=\"https:\/\/www.w3.org\/2000\/svg\" viewBox= \"0 0 448 512\"><path d=\"M400 288h-352c-17.69 0-32-14.32-32-32.01s14.31-31.99 32-31.99h352c17.69 0 32 14.3 32 31.99S417.7 288 400 288z\"><\/path><\/svg>\n\t\t\t\t\t\t\t<\/span>\n\t\t\t<h3 class=\"uagb-question\">Comment puis-je acc\u00e9der \u00e0 la plateforme d&rsquo;apprentissage en tant que non-membre ?<\/h3><\/div><div class=\"uagb-faq-content\"><p>Tant les visiteurs que les membres de l&rsquo;Internet Society peuvent acc\u00e9der \u00e0 la plateforme d&rsquo;apprentissage. Pour s&rsquo;inscrire comme l&rsquo;un ou l&rsquo;autre, cliquez sur <strong>Register <\/strong>dans la case de connexion \u00e0 <a href=\"https:\/\/learning.internetsociety.org\/\">learning.internetsociety.org<\/a>. Ensuite, soit inscrivez-vous en tant que membre, ou cliquez sur <strong>le formulaire d&rsquo;inscription<\/strong> pour vous inscrire en tant que visiteur. Une fois que vous avez cr\u00e9\u00e9 un compte, vous pouvez utiliser les informations d&rsquo;identification que vous avez cr\u00e9\u00e9es (nom d&rsquo;utilisateur et mot de passe) pour vous connecter \u00e0 <a href=\"https:\/\/learning.internetsociety.org\/\">learning.internetsociety.org<\/a>. Une fois connect\u00e9, vous allez pouvoir consulter le catalogue des cours et vous inscrire \u00e0 des cours.<\/p><\/div><\/div><div class=\"wp-block-uagb-faq-child uagb-faq-child__outer-wrap uagb-faq-item uagb-block-01ac0b91 \" role=\"tab\" tabindex=\"0\"><div class=\"uagb-faq-questions-button uagb-faq-questions\">\t\t\t<span class=\"uagb-icon uagb-faq-icon-wrap\">\n\t\t\t\t\t\t\t\t<svg xmlns=\"https:\/\/www.w3.org\/2000\/svg\" viewBox= \"0 0 448 512\"><path d=\"M432 256c0 17.69-14.33 32.01-32 32.01H256v144c0 17.69-14.33 31.99-32 31.99s-32-14.3-32-31.99v-144H48c-17.67 0-32-14.32-32-32.01s14.33-31.99 32-31.99H192v-144c0-17.69 14.33-32.01 32-32.01s32 14.32 32 32.01v144h144C417.7 224 432 238.3 432 256z\"><\/path><\/svg>\n\t\t\t\t\t\t\t<\/span>\n\t\t\t\t\t\t<span class=\"uagb-icon-active uagb-faq-icon-wrap\">\n\t\t\t\t\t\t\t\t<svg xmlns=\"https:\/\/www.w3.org\/2000\/svg\" viewBox= \"0 0 448 512\"><path d=\"M400 288h-352c-17.69 0-32-14.32-32-32.01s14.31-31.99 32-31.99h352c17.69 0 32 14.3 32 31.99S417.7 288 400 288z\"><\/path><\/svg>\n\t\t\t\t\t\t\t<\/span>\n\t\t\t<h3 class=\"uagb-question\">Comment puis-je m\u2019inscrire \u00e0 un cours ?<\/h3><\/div><div class=\"uagb-faq-content\"><p>Parcourez les cours disponibles dans le catalogue des cours ou utilisez la barre de recherche pour trouver le cours auquel vous souhaitez vous inscrire. Sur chaque page de cours, cliquez sur le bouton \u00ab <strong>Enroll <\/strong>\u00bb dans le coin en haut, \u00e0 droite de la page pour \u00eatre imm\u00e9diatement ajout\u00e9 \u00e0 un cours. Une fois votre inscription r\u00e9ussie, vous pourrez voir le cours sous \u00ab <strong>My Courses and Learning Plans<\/strong> \u00bb. Vous allez \u00e9galement voir des informations sur le formateur du cours, consulter les forums du cours et acc\u00e9der \u00e0 tous les modules qui sont disponibles. Si le cours n&rsquo;a pas encore commenc\u00e9, vous ne verrez aucun module tant que ce dernier n&rsquo;aura pas commenc\u00e9.\u00a0\u00a0<\/p><\/div><\/div><div class=\"wp-block-uagb-faq-child uagb-faq-child__outer-wrap uagb-faq-item uagb-block-6550c43b \" role=\"tab\" tabindex=\"0\"><div class=\"uagb-faq-questions-button uagb-faq-questions\">\t\t\t<span class=\"uagb-icon uagb-faq-icon-wrap\">\n\t\t\t\t\t\t\t\t<svg xmlns=\"https:\/\/www.w3.org\/2000\/svg\" viewBox= \"0 0 448 512\"><path d=\"M432 256c0 17.69-14.33 32.01-32 32.01H256v144c0 17.69-14.33 31.99-32 31.99s-32-14.3-32-31.99v-144H48c-17.67 0-32-14.32-32-32.01s14.33-31.99 32-31.99H192v-144c0-17.69 14.33-32.01 32-32.01s32 14.32 32 32.01v144h144C417.7 224 432 238.3 432 256z\"><\/path><\/svg>\n\t\t\t\t\t\t\t<\/span>\n\t\t\t\t\t\t<span class=\"uagb-icon-active uagb-faq-icon-wrap\">\n\t\t\t\t\t\t\t\t<svg xmlns=\"https:\/\/www.w3.org\/2000\/svg\" viewBox= \"0 0 448 512\"><path d=\"M400 288h-352c-17.69 0-32-14.32-32-32.01s14.31-31.99 32-31.99h352c17.69 0 32 14.3 32 31.99S417.7 288 400 288z\"><\/path><\/svg>\n\t\t\t\t\t\t\t<\/span>\n\t\t\t<h3 class=\"uagb-question\">Comment puis-je m&rsquo;inscrire sur la liste d&rsquo;attente d&rsquo;un cours ?<\/h3><\/div><div class=\"uagb-faq-content\"><p>Si vous \u00eates sur la page d&rsquo;un cours et que le bouton en haut \u00e0 droite de la page indique \u00ab <strong>Enroll (Waiting List)<\/strong> \u00bb cela signifie que le cours a atteint le nombre maximum de participants pouvant s&rsquo;inscrire. Vous pouvez cliquer sur le bouton pour vous inscrire sur la liste d&rsquo;attente du cours et vous serez notifi\u00e9 si une place se lib\u00e8re.<\/p><\/div><\/div><div class=\"wp-block-uagb-faq-child uagb-faq-child__outer-wrap uagb-faq-item uagb-block-98d06cba \" role=\"tab\" tabindex=\"0\"><div class=\"uagb-faq-questions-button uagb-faq-questions\">\t\t\t<span class=\"uagb-icon uagb-faq-icon-wrap\">\n\t\t\t\t\t\t\t\t<svg xmlns=\"https:\/\/www.w3.org\/2000\/svg\" viewBox= \"0 0 448 512\"><path d=\"M432 256c0 17.69-14.33 32.01-32 32.01H256v144c0 17.69-14.33 31.99-32 31.99s-32-14.3-32-31.99v-144H48c-17.67 0-32-14.32-32-32.01s14.33-31.99 32-31.99H192v-144c0-17.69 14.33-32.01 32-32.01s32 14.32 32 32.01v144h144C417.7 224 432 238.3 432 256z\"><\/path><\/svg>\n\t\t\t\t\t\t\t<\/span>\n\t\t\t\t\t\t<span class=\"uagb-icon-active uagb-faq-icon-wrap\">\n\t\t\t\t\t\t\t\t<svg xmlns=\"https:\/\/www.w3.org\/2000\/svg\" viewBox= \"0 0 448 512\"><path d=\"M400 288h-352c-17.69 0-32-14.32-32-32.01s14.31-31.99 32-31.99h352c17.69 0 32 14.3 32 31.99S417.7 288 400 288z\"><\/path><\/svg>\n\t\t\t\t\t\t\t<\/span>\n\t\t\t<h3 class=\"uagb-question\">Comment puis-je choisir le bon format de cours ?<\/h3><\/div><div class=\"uagb-faq-content\"><p>En parcourant le catalogue de cours, vous verrez plusieurs versions d&rsquo;un m\u00eame cours mises \u00e0 disposition. Tous les cours \u00e9tant disponibles en anglais, en fran\u00e7ais et en espagnol, vous devez d&rsquo;abord s\u00e9lectionner la langue qui vous convient. Vous pouvez le faire en s\u00e9lectionnant la langue de votre choix dans le filtre de gauche du catalogue de cours ou en choisissant le cours qui indique la bonne langue (EN=Anglais, FR=Fran\u00e7ais, ES=Espagnol).<br>\u00a0<br>Vous avez \u00e9galement la possibilit\u00e9 de choisir le format qui convient le mieux \u00e0 votre type de connexion. Tous les cours ont trois options de format : haut d\u00e9bit, bas d\u00e9bit et \u00e0 base de texte pour toutes les connexions. Vous pouvez filtrer par option de bande passante dans le filtre de gauche du catalogue de cours ou s\u00e9lectionner l&rsquo;onglet \u00ab <strong>Additional Information<\/strong> \u00bb lorsque vous consultez un cours pour voir quelle connexion de bande passante vous avez s\u00e9lectionn\u00e9e.<br>\u00a0<br>Si vous avez des questions sur la version qui vous correspond le mieux, n&rsquo;h\u00e9sitez pas \u00e0 nous contacter \u00e0 l&rsquo;adresse <a href=\"mailto:learning@isoc.org\" target=\"_blank\" rel=\"noreferrer noopener\">learning@isoc.org<\/a> pour obtenir de l&rsquo;aide.<\/p><\/div><\/div><\/div>\n\n\n<div style=\"height:20px\" aria-hidden=\"true\" class=\"wp-block-spacer\"><\/div>\n\n\n\n\n<div class=\"wp-block-buttons is-vertical is-content-justification-left is-layout-flex wp-container-core-buttons-is-layout-c0ca7d81 wp-block-buttons-is-layout-flex\">\n<div class=\"wp-block-button\"><a class=\"wp-block-button__link has-depth-teal-background-color has-background wp-element-button\" href=\"https:\/\/learning.internetsociety.org\/learn\/lp\/1756\/comment-elaborer-une-presentation-dimpact-sur-internet-2026?generated_by=13044&amp;hash=e9ec9e64bef923060cf91af4a25535d67c655b7f\">Inscrivez-vous maintenant<\/a><\/div>\n<\/div>\n\n<\/div>\n\n\n\n<div class=\"wp-block-uagb-column uagb-column__wrap uagb-column__background-none uagb-block-84734d2f\"><div class=\"uagb-column__overlay\"><\/div>\n<div class=\"wp-block-cover is-light\" style=\"min-height:200px;aspect-ratio:unset;\"><span aria-hidden=\"true\" class=\"wp-block-cover__background has-neutral-white-background-color has-background-dim-100 has-background-dim\"><\/span><div class=\"wp-block-cover__inner-container is-layout-flow wp-block-cover-is-layout-flow\">\n<p class=\"has-text-align-center\">Tutoriel<br>\u00e0 suivre \u00e0 votre propre rythme<\/p>\n\n\n\n<p class=\"has-text-align-center\">Dur\u00e9e : <br>10 heures<\/p>\n\n\n\n<p class=\"has-text-align-center\">Disponibles en<br> anglais, fran\u00e7ais et espagnol<\/p>\n\n\n\n<p class=\"has-text-align-center\">Offert en ligne toute l\u2019ann\u00e9e<\/p>\n\n\n\n\n<div class=\"wp-block-buttons is-vertical is-content-justification-center is-layout-flex wp-container-core-buttons-is-layout-4b2eccd6 wp-block-buttons-is-layout-flex\">\n<div class=\"wp-block-button\"><a class=\"wp-block-button__link has-depth-teal-background-color has-background wp-element-button\" href=\"https:\/\/learning.internetsociety.org\/learn\/lp\/1756\/comment-elaborer-une-presentation-dimpact-sur-internet-2026?generated_by=13044&amp;hash=e9ec9e64bef923060cf91af4a25535d67c655b7f\">Inscrivez-vous maintenant<\/a><\/div>\n<\/div>\n\n<\/div><\/div>\n<\/div>\n<\/div><\/section>\n","protected":false},"excerpt":{"rendered":"<p>Cette formation donne un aper\u00e7u de la fa\u00e7on dont les propri\u00e9t\u00e9s critiques et les catalyseurs d\u2019Internet peuvent vous aider \u00e0 effectuer une \u00e9valuation et \u00e0 r\u00e9diger votre propre dossier sur l\u2019impact d\u2019Internet.<\/p>\n","protected":false},"author":1720,"featured_media":187528,"parent":133586,"menu_order":15,"comment_status":"closed","ping_status":"closed","template":"page-wide.php","meta":{"_acf_changed":false,"_uag_custom_page_level_css":"","footnotes":""},"categories":[],"tags":[6028],"region_news_regions":[6029],"content_category":[],"ppma_author":[5657],"class_list":["post-187535","page","type-page","status-publish","has-post-thumbnail","hentry","tag-cours-en-autoformation","region_news_regions-mondial"],"acf":[],"uagb_featured_image_src":{"full":["https:\/\/www.internetsociety.org\/wp-content\/uploads\/2023\/03\/TeL-How-to-Develop-IIB-Course.jpg",800,400,false],"thumbnail":["https:\/\/www.internetsociety.org\/wp-content\/uploads\/2023\/03\/TeL-How-to-Develop-IIB-Course-150x150.jpg",150,150,true],"medium":["https:\/\/www.internetsociety.org\/wp-content\/uploads\/2023\/03\/TeL-How-to-Develop-IIB-Course-450x225.jpg",450,225,true],"medium_large":["https:\/\/www.internetsociety.org\/wp-content\/uploads\/2023\/03\/TeL-How-to-Develop-IIB-Course-768x384.jpg",768,384,true],"large":["https:\/\/www.internetsociety.org\/wp-content\/uploads\/2023\/03\/TeL-How-to-Develop-IIB-Course.jpg",800,400,false],"1536x1536":["https:\/\/www.internetsociety.org\/wp-content\/uploads\/2023\/03\/TeL-How-to-Develop-IIB-Course.jpg",800,400,false],"2048x2048":["https:\/\/www.internetsociety.org\/wp-content\/uploads\/2023\/03\/TeL-How-to-Develop-IIB-Course.jpg",800,400,false],"post-thumbnail":["https:\/\/www.internetsociety.org\/wp-content\/uploads\/2023\/03\/TeL-How-to-Develop-IIB-Course-250x125.jpg",250,125,true],"square":["https:\/\/www.internetsociety.org\/wp-content\/uploads\/2023\/03\/TeL-How-to-Develop-IIB-Course-600x400.jpg",600,400,true],"gform-image-choice-sm":["https:\/\/www.internetsociety.org\/wp-content\/uploads\/2023\/03\/TeL-How-to-Develop-IIB-Course.jpg",300,150,false],"gform-image-choice-md":["https:\/\/www.internetsociety.org\/wp-content\/uploads\/2023\/03\/TeL-How-to-Develop-IIB-Course.jpg",400,200,false],"gform-image-choice-lg":["https:\/\/www.internetsociety.org\/wp-content\/uploads\/2023\/03\/TeL-How-to-Develop-IIB-Course.jpg",600,300,false]},"uagb_author_info":{"display_name":"Jelena Mirkovic","author_link":"https:\/\/www.internetsociety.org\/fr\/author\/"},"uagb_comment_info":0,"uagb_excerpt":"Cette formation donne un aper\u00e7u de la fa\u00e7on dont les propri\u00e9t\u00e9s critiques et les catalyseurs d\u2019Internet peuvent vous aider \u00e0 effectuer une \u00e9valuation et \u00e0 r\u00e9diger votre propre dossier sur l\u2019impact d\u2019Internet.","_links":{"self":[{"href":"https:\/\/www.internetsociety.org\/fr\/wp-json\/wp\/v2\/pages\/187535","targetHints":{"allow":["GET"]}}],"collection":[{"href":"https:\/\/www.internetsociety.org\/fr\/wp-json\/wp\/v2\/pages"}],"about":[{"href":"https:\/\/www.internetsociety.org\/fr\/wp-json\/wp\/v2\/types\/page"}],"author":[{"embeddable":true,"href":"https:\/\/www.internetsociety.org\/fr\/wp-json\/wp\/v2\/users\/1720"}],"replies":[{"embeddable":true,"href":"https:\/\/www.internetsociety.org\/fr\/wp-json\/wp\/v2\/comments?post=187535"}],"version-history":[{"count":0,"href":"https:\/\/www.internetsociety.org\/fr\/wp-json\/wp\/v2\/pages\/187535\/revisions"}],"up":[{"embeddable":true,"href":"https:\/\/www.internetsociety.org\/fr\/wp-json\/wp\/v2\/pages\/133586"}],"wp:featuredmedia":[{"embeddable":true,"href":"https:\/\/www.internetsociety.org\/fr\/wp-json\/wp\/v2\/media\/187528"}],"wp:attachment":[{"href":"https:\/\/www.internetsociety.org\/fr\/wp-json\/wp\/v2\/media?parent=187535"}],"wp:term":[{"taxonomy":"category","embeddable":true,"href":"https:\/\/www.internetsociety.org\/fr\/wp-json\/wp\/v2\/categories?post=187535"},{"taxonomy":"post_tag","embeddable":true,"href":"https:\/\/www.internetsociety.org\/fr\/wp-json\/wp\/v2\/tags?post=187535"},{"taxonomy":"region_news_regions","embeddable":true,"href":"https:\/\/www.internetsociety.org\/fr\/wp-json\/wp\/v2\/region_news_regions?post=187535"},{"taxonomy":"content_category","embeddable":true,"href":"https:\/\/www.internetsociety.org\/fr\/wp-json\/wp\/v2\/content_category?post=187535"},{"taxonomy":"author","embeddable":true,"href":"https:\/\/www.internetsociety.org\/fr\/wp-json\/wp\/v2\/ppma_author?post=187535"}],"curies":[{"name":"wp","href":"https:\/\/api.w.org\/{rel}","templated":true}]}}