{"id":186749,"date":"2023-02-10T11:53:21","date_gmt":"2023-02-10T11:53:21","guid":{"rendered":"https:\/\/www.internetsociety.org\/programme-de-financement-des-communautes-techniques-durables\/"},"modified":"2026-01-08T17:24:14","modified_gmt":"2026-01-08T17:24:14","slug":"programme-de-financement-des-communautes-techniques-durables","status":"publish","type":"page","link":"https:\/\/www.internetsociety.org\/fr\/funding-areas\/sustainable-technical-communities\/","title":{"rendered":"Programme de financement des communaut\u00e9s techniques durables"},"content":{"rendered":"\n<div class=\"wp-block-cover is-light\" style=\"min-height:400px;aspect-ratio:unset;\"><img loading=\"lazy\" decoding=\"async\" width=\"1280\" height=\"550\" class=\"wp-block-cover__image-background wp-image-176609\" alt=\"Peering bilateral discussions at AfPIF in Balaclava, Mauritius on 21 August 2019.\" src=\"https:\/\/www.internetsociety.org\/wp-content\/uploads\/2022\/08\/20190821_162551_DSCF2362.jpeg\" style=\"object-position:51% 29%\" data-object-fit=\"cover\" data-object-position=\"51% 29%\" srcset=\"https:\/\/www.internetsociety.org\/wp-content\/uploads\/2022\/08\/20190821_162551_DSCF2362.jpeg 1280w, https:\/\/www.internetsociety.org\/wp-content\/uploads\/2022\/08\/20190821_162551_DSCF2362-450x193.jpeg 450w, https:\/\/www.internetsociety.org\/wp-content\/uploads\/2022\/08\/20190821_162551_DSCF2362-1024x440.jpeg 1024w, https:\/\/www.internetsociety.org\/wp-content\/uploads\/2022\/08\/20190821_162551_DSCF2362-768x330.jpeg 768w, https:\/\/www.internetsociety.org\/wp-content\/uploads\/2022\/08\/20190821_162551_DSCF2362-250x107.jpeg 250w\" sizes=\"auto, (max-width: 1280px) 100vw, 1280px\" \/><span aria-hidden=\"true\" class=\"wp-block-cover__background has-background-dim-0 has-background-dim\"><\/span><div class=\"wp-block-cover__inner-container is-layout-flow wp-block-cover-is-layout-flow\">\n<p class=\"has-large-font-size\"><\/p>\n<\/div><\/div>\n\n\n\n<section class=\"wp-block-uagb-columns uagb-columns__wrap uagb-columns__background-color uagb-columns__stack-mobile uagb-columns__valign- uagb-columns__gap-10 align uagb-block-b55eefca uagb-columns__columns-2 uagb-columns__max_width-theme\"><div class=\"uagb-columns__overlay\"><\/div><div class=\"uagb-columns__inner-wrap uagb-columns__columns-2\">\n<div class=\"wp-block-uagb-column uagb-column__wrap uagb-column__background-color uagb-block-17e8ea99\"><div class=\"uagb-column__overlay\"><\/div>\n<div style=\"height:40px\" aria-hidden=\"true\" class=\"wp-block-spacer\"><\/div>\n\n\n\n<section class=\"wp-block-uagb-columns uagb-columns__wrap uagb-columns__background-color uagb-columns__stack-mobile uagb-columns__valign- uagb-columns__gap-10 align uagb-block-84d6bf44 uagb-columns__columns-1 uagb-columns__max_width-theme background-image-fallback-black\"><div class=\"uagb-columns__overlay\"><\/div><div class=\"uagb-columns__inner-wrap uagb-columns__columns-1\">\n<div class=\"wp-block-uagb-column uagb-column__wrap uagb-column__background-color uagb-block-eef112de\"><div class=\"uagb-column__overlay\"><\/div>\n<h5 class=\"wp-block-heading has-white-color has-text-color\" id=\"at-a-glance\">En un coup d&rsquo;\u0153il<\/h5>\n\n\n\n<div style=\"height:20px\" aria-hidden=\"true\" class=\"wp-block-spacer\"><\/div>\n\n\n\n<p class=\"has-white-color has-text-color has-18-font-size\">Statut actuel :<br>ferm\u00e9<\/p>\n\n\n\n<p class=\"has-neutral-white-color has-text-color has-18-font-size\"><a href=\"#eligibility\">Admissibilit\u00e9<\/a><\/p>\n<p class=\"has-neutral-white-color has-text-color has-18-font-size\"><a href=\"#apply\">Comment pr\u00e9senter sa candidature ?<\/a><\/p>\n<\/div>\n<\/div><\/section>\n<\/div>\n\n\n\n<div class=\"wp-block-uagb-column uagb-column__wrap uagb-column__background-undefined uagb-block-bec0643b\"><div class=\"uagb-column__overlay\"><\/div>\n<div style=\"height:40px\" aria-hidden=\"true\" class=\"wp-block-spacer\"><\/div>\n\n\n\n<h1 class=\"wp-block-heading has-text-align-left has-depth-teal-color has-text-color\">Programme de financement des communaut\u00e9s techniques durables<\/h1>\n\n\n\n<div style=\"height:20px\" aria-hidden=\"true\" class=\"wp-block-spacer\"><\/div>\n\n\n\n<h2 class=\"wp-block-heading has-green-color has-text-color has-32-font-size\">Veuillez noter que le programme de financement des communaut\u00e9s techniques durables a pris fin et n\u2019est plus disponible. La Fondation Internet Society continue de soutenir les communaut\u00e9s techniques gr\u00e2ce \u00e0 d\u2019autres sources de financement. Consultez notre page\u00a0<a href=\"https:\/\/www.isocfoundation.org\/fr\/programmes-de-bourses\/\">Domaines de financement<\/a>\u00a0pour d\u00e9couvrir les programmes et les opportunit\u00e9s actuels.<\/h2>\n\n\n\n<div style=\"height:20px\" aria-hidden=\"true\" class=\"wp-block-spacer\"><\/div>\n\n\n\n<p>Le programme de financement des communaut\u00e9s techniques durables permet de soutenir l&rsquo;organisation d&rsquo;\u00e9v\u00e9nements techniques, afin de permettre la cr\u00e9ation de communaut\u00e9s techniques fortes et durables. <\/p>\n\n\n\n<div style=\"height:20px\" aria-hidden=\"true\" class=\"wp-block-spacer\"><\/div>\n\n\n\n<h3 class=\"wp-block-heading has-depth-teal-color has-text-color\">Objectifs du programme<\/h3>\n\n\n\n<div style=\"height:20px\" aria-hidden=\"true\" class=\"wp-block-spacer\"><\/div>\n\n\n\n<ul class=\"wp-block-list\">\n<li>Contribuer \u00e0 l&rsquo;\u00e9change de connaissances et de meilleures pratiques sur des sujets techniques li\u00e9s au d\u00e9veloppement et \u00e0 l&rsquo;\u00e9volution de l&rsquo;Internet, notamment l&rsquo;appairage.<\/li>\n\n\n\n<li>Contribuer au renforcement de la position des communaut\u00e9s techniques pour offrir des conseils sur la mise en \u0153uvre des politiques et r\u00e9glementations li\u00e9es \u00e0 l&rsquo;Internet, et pour servir de point focal sur l&rsquo;expertise technique pour leur\u00b7s \u00e9cosyst\u00e8me\u00b7s identifi\u00e9\u00b7s.<\/li>\n\n\n\n<li>Soutenir les communaut\u00e9s techniques pour accro\u00eetre l&rsquo;expertise technique dans leur\u00b7s \u00e9cosyst\u00e8me\u00b7s par le biais de formations, de contenu et de meilleures pratiques sur la gouvernance et les op\u00e9rations administratives.<\/li>\n\n\n\n<li>Renforcer l&rsquo;impact de la mission de l&rsquo;Internet Society Foundation par un dialogue ouvert et collaboratif ainsi que par des actions de suivi des \u00e9v\u00e9nements financ\u00e9s.<\/li>\n<\/ul>\n\n\n\n<p>Le financement permet de couvrir les co\u00fbts associ\u00e9s \u00e0 l&rsquo;organisation de l&rsquo;\u00e9v\u00e9nement (location du lieu, restauration) et\/ou les co\u00fbts associ\u00e9s \u00e0 l&rsquo;encouragement d&rsquo;une participation diversifi\u00e9e (publicit\u00e9, sensibilisation).<\/p>\n\n\n\n<div style=\"height:20px\" aria-hidden=\"true\" class=\"wp-block-spacer\"><\/div>\n\n\n\n<h3 class=\"wp-block-heading has-depth-teal-color has-text-color\" id=\"definition\">Qu\u2019est-ce qu\u2019une communaut\u00e9 technique?<\/h3>\n\n\n\n<div style=\"height:20px\" aria-hidden=\"true\" class=\"wp-block-spacer\"><\/div>\n\n\n\n<p>Une communaut\u00e9 technique est un groupe de personnes partageant les m\u00eames id\u00e9es et disposant d\u2019un certain niveau de connaissances techniques, qui se rassemblent \u00e0 travers diff\u00e9rents canaux avec l\u2019objectif de construire, de promouvoir et de d\u00e9fendre un Internet ouvert, connect\u00e9 \u00e0 l\u2019\u00e9chelle mondiale, digne de confiance et s\u00e9curis\u00e9, en fonction des besoins locaux et r\u00e9gionaux. Les gens peuvent \u00e9galement se rassembler autour de th\u00e8mes pr\u00e9cis, sans pour autant \u00eatre bas\u00e9s dans le m\u00eame pays ou territoire. Pour atteindre ses objectifs, une communaut\u00e9 technique peut mener des activit\u00e9s de renforcement des capacit\u00e9s, tirer parti de partenariats avec des acteurs pertinents au niveau local\/r\u00e9gional, offrir des conseils sur la mise en \u0153uvre de politiques et de r\u00e9glementations li\u00e9es \u00e0 l\u2019Internet, et servir de point focal en mati\u00e8re d\u2019expertise technique pour son \u00e9cosyst\u00e8me local\/r\u00e9gional. Parmi les exemples de communaut\u00e9s techniques, on peut citer les groupes d\u2019op\u00e9rateurs de r\u00e9seaux (NOG), les r\u00e9seaux nationaux de recherche et d\u2019\u00e9ducation (NREN), les op\u00e9rateurs de domaines de premier niveau par code de pays (ccTLD), et les CSIRT, entre autres.<\/p>\n\n\n\n<div class=\"wp-block-buttons is-layout-flex wp-block-buttons-is-layout-flex\">\n<div class=\"wp-block-button\"><a class=\"wp-block-button__link has-ground-navy-color has-ground-green-background-color has-text-color has-background wp-element-button\" href=\"https:\/\/www.internetsociety.org\/fr\/blog\/2023\/10\/ressources-et-outils-pour-lancer-une-communaute-technique\/\"><strong>Apprenez \u00e0 cr\u00e9er et maintenir une communaut\u00e9 technique<\/strong><\/a><\/div>\n<\/div>\n\n\n\n<div style=\"height:40px\" aria-hidden=\"true\" class=\"wp-block-spacer\"><\/div>\n\n\n\n<h3 class=\"wp-block-heading has-text-align-left has-depth-teal-color has-text-color\">Des questions ?<\/h3>\n\n\n\n<div style=\"height:20px\" aria-hidden=\"true\" class=\"wp-block-spacer\"><\/div>\n\n\n\n<p>Si vous avez des questions sur ce programme ou sur le processus de candidature, <a href=\"mailto:foundation@isocfoundation.org\">contactez-nous<\/a>.<\/p>\n\n\n\n<p>Si vous souhaitez en savoir plus sur les op\u00e9rations r\u00e9seau et l&rsquo;appairage, nous proposons un \u00e9ventail de cours en ligne \u00e0 toute personne d\u00e9sireuse de renforcer ses connaissances sur ces sujets : <a href=\"https:\/\/www.internetsociety.org\/learning\/ddcn\/\">Principes fondamentaux de la conception et du d\u00e9ploiement de r\u00e9seaux informatiques<\/a>, <a href=\"https:\/\/www.internetsociety.org\/learning\/network-operations\/\">Introduction aux op\u00e9rations r\u00e9seau<\/a>, <a href=\"https:\/\/www.internetsociety.org\/learning\/advanced-network-operations\/\">Op\u00e9rations r\u00e9seau avanc\u00e9es 2.0<\/a> et <a href=\"https:\/\/www.internetsociety.org\/fr\/learning\/ixp-2-0\/\">IXP 2.0<\/a>.<\/p>\n<\/div>\n<\/div><\/section>\n\n\n\n<p class=\"has-text-align-center has-white-color has-ground-navy-background-color has-text-color has-background has-12-font-size\">Cr\u00e9dit image : \u00a9 Nyani Quarmyne<\/p>\n","protected":false},"excerpt":{"rendered":"<p>Ce programme de financement permet de soutenir l&rsquo;organisation d&rsquo;\u00e9v\u00e9nements techniques, afin de permettre la cr\u00e9ation de communaut\u00e9s techniques fortes et durables. <\/p>\n","protected":false},"author":46,"featured_media":176610,"parent":166745,"menu_order":0,"comment_status":"closed","ping_status":"closed","template":"page-wide.php","meta":{"_acf_changed":false,"_uag_custom_page_level_css":"","footnotes":""},"categories":[118,120],"tags":[],"region_news_regions":[],"content_category":[],"ppma_author":[4057],"class_list":["post-186749","page","type-page","status-publish","has-post-thumbnail","hentry","category-qui-sommes-nous","category-acces"],"acf":[],"uagb_featured_image_src":{"full":["https:\/\/www.internetsociety.org\/wp-content\/uploads\/2022\/08\/20190821_162551_DSCF2362.jpeg",1280,550,false],"thumbnail":["https:\/\/www.internetsociety.org\/wp-content\/uploads\/2022\/08\/20190821_162551_DSCF2362-150x150.jpeg",150,150,true],"medium":["https:\/\/www.internetsociety.org\/wp-content\/uploads\/2022\/08\/20190821_162551_DSCF2362-450x193.jpeg",450,193,true],"medium_large":["https:\/\/www.internetsociety.org\/wp-content\/uploads\/2022\/08\/20190821_162551_DSCF2362-768x330.jpeg",768,330,true],"large":["https:\/\/www.internetsociety.org\/wp-content\/uploads\/2022\/08\/20190821_162551_DSCF2362-1024x440.jpeg",1024,440,true],"1536x1536":["https:\/\/www.internetsociety.org\/wp-content\/uploads\/2022\/08\/20190821_162551_DSCF2362.jpeg",1280,550,false],"2048x2048":["https:\/\/www.internetsociety.org\/wp-content\/uploads\/2022\/08\/20190821_162551_DSCF2362.jpeg",1280,550,false],"post-thumbnail":["https:\/\/www.internetsociety.org\/wp-content\/uploads\/2022\/08\/20190821_162551_DSCF2362-250x107.jpeg",250,107,true],"square":["https:\/\/www.internetsociety.org\/wp-content\/uploads\/2022\/08\/20190821_162551_DSCF2362-600x550.jpeg",600,550,true],"gform-image-choice-sm":["https:\/\/www.internetsociety.org\/wp-content\/uploads\/2022\/08\/20190821_162551_DSCF2362.jpeg",300,129,false],"gform-image-choice-md":["https:\/\/www.internetsociety.org\/wp-content\/uploads\/2022\/08\/20190821_162551_DSCF2362.jpeg",400,172,false],"gform-image-choice-lg":["https:\/\/www.internetsociety.org\/wp-content\/uploads\/2022\/08\/20190821_162551_DSCF2362.jpeg",600,258,false]},"uagb_author_info":{"display_name":"Ivana Trbovic","author_link":"https:\/\/www.internetsociety.org\/fr\/author\/trbovic\/"},"uagb_comment_info":0,"uagb_excerpt":"Ce programme de financement permet de soutenir l'organisation d'\u00e9v\u00e9nements techniques, afin de permettre la cr\u00e9ation de communaut\u00e9s techniques fortes et durables.","_links":{"self":[{"href":"https:\/\/www.internetsociety.org\/fr\/wp-json\/wp\/v2\/pages\/186749","targetHints":{"allow":["GET"]}}],"collection":[{"href":"https:\/\/www.internetsociety.org\/fr\/wp-json\/wp\/v2\/pages"}],"about":[{"href":"https:\/\/www.internetsociety.org\/fr\/wp-json\/wp\/v2\/types\/page"}],"author":[{"embeddable":true,"href":"https:\/\/www.internetsociety.org\/fr\/wp-json\/wp\/v2\/users\/46"}],"replies":[{"embeddable":true,"href":"https:\/\/www.internetsociety.org\/fr\/wp-json\/wp\/v2\/comments?post=186749"}],"version-history":[{"count":0,"href":"https:\/\/www.internetsociety.org\/fr\/wp-json\/wp\/v2\/pages\/186749\/revisions"}],"up":[{"embeddable":true,"href":"https:\/\/www.internetsociety.org\/fr\/wp-json\/wp\/v2\/pages\/166745"}],"wp:featuredmedia":[{"embeddable":true,"href":"https:\/\/www.internetsociety.org\/fr\/wp-json\/wp\/v2\/media\/176610"}],"wp:attachment":[{"href":"https:\/\/www.internetsociety.org\/fr\/wp-json\/wp\/v2\/media?parent=186749"}],"wp:term":[{"taxonomy":"category","embeddable":true,"href":"https:\/\/www.internetsociety.org\/fr\/wp-json\/wp\/v2\/categories?post=186749"},{"taxonomy":"post_tag","embeddable":true,"href":"https:\/\/www.internetsociety.org\/fr\/wp-json\/wp\/v2\/tags?post=186749"},{"taxonomy":"region_news_regions","embeddable":true,"href":"https:\/\/www.internetsociety.org\/fr\/wp-json\/wp\/v2\/region_news_regions?post=186749"},{"taxonomy":"content_category","embeddable":true,"href":"https:\/\/www.internetsociety.org\/fr\/wp-json\/wp\/v2\/content_category?post=186749"},{"taxonomy":"author","embeddable":true,"href":"https:\/\/www.internetsociety.org\/fr\/wp-json\/wp\/v2\/ppma_author?post=186749"}],"curies":[{"name":"wp","href":"https:\/\/api.w.org\/{rel}","templated":true}]}}