{"id":183829,"date":"2022-12-21T19:03:12","date_gmt":"2022-12-21T19:03:12","guid":{"rendered":"https:\/\/www.internetsociety.org\/?page_id=183829"},"modified":"2025-09-16T16:19:19","modified_gmt":"2025-09-16T16:19:19","slug":"global-internet-report","status":"publish","type":"page","link":"https:\/\/www.internetsociety.org\/fr\/globalinternetreport\/","title":{"rendered":"Rapport mondial sur l\u2019Internet"},"content":{"rendered":"\n<section class=\"wp-block-uagb-columns uagb-columns__wrap uagb-columns__background-image uagb-columns__stack-mobile uagb-columns__valign- uagb-columns__gap-10 align uagb-block-c8eb28c5 uagb-columns__columns-1 uagb-columns__max_width-theme background-image-fallback-black\"><div class=\"uagb-columns__overlay\"><\/div><div class=\"uagb-columns__inner-wrap uagb-columns__columns-1\">\n<div class=\"wp-block-uagb-column uagb-column__wrap uagb-column__background-undefined uagb-block-65a31bf3\"><div class=\"uagb-column__overlay\"><\/div>\n<div style=\"height:100px\" aria-hidden=\"true\" class=\"wp-block-spacer\"><\/div>\n\n\n\n<h1 class=\"wp-block-heading has-white-color has-text-color\">Rapport mondial  <br>sur l\u2019Internet<\/h1>\n\n\n\n<div style=\"height:100px\" aria-hidden=\"true\" class=\"wp-block-spacer\"><\/div>\n<\/div>\n<\/div><\/section>\n\n\n\n<div class=\"wp-block-columns is-layout-flex wp-container-core-columns-is-layout-9d6595d7 wp-block-columns-is-layout-flex\">\n<div class=\"wp-block-column uag-hide-tab uag-hide-mob is-layout-flow wp-block-column-is-layout-flow\" style=\"flex-basis:10%\"><\/div>\n\n\n\n<div class=\"wp-block-column is-layout-flow wp-block-column-is-layout-flow\" style=\"flex-basis:80%\">\n<div style=\"height:40px\" aria-hidden=\"true\" class=\"wp-block-spacer\"><\/div>\n\n\n\n<h2 class=\"wp-block-heading has-accent-purple-color has-text-color has-48-font-size\">De la confiance \u00e0 la consolidation, de l\u2019acc\u00e8s \u00e0 la viabilit\u00e9, un regard approfondi sur les forces qui fa\u00e7onnent notre avenir num\u00e9rique.<\/h2>\n\n\n\n<div style=\"height:20px\" aria-hidden=\"true\" class=\"wp-block-spacer\"><\/div>\n\n\n\n<p class=\"has-18-font-size\">Initialement lanc\u00e9s en 2014, nos Rapports mondiaux sur l\u2019Internet sont d\u00e9velopp\u00e9s pour attirer l\u2019attention de la communaut\u00e9 Internet mondiale sur des aspects significatifs de l\u2019\u00e9volution d\u2019Internet. Le rapport pr\u00e9sente g\u00e9n\u00e9ralement certaines recommandations sur le sujet et propose des actions \u00e0 entreprendre ou \u00e0 \u00e9viter, selon la th\u00e9matique et les conditions.<\/p>\n\n\n\n<div style=\"height:20px\" aria-hidden=\"true\" class=\"wp-block-spacer\"><\/div>\n<\/div>\n\n\n\n<div class=\"wp-block-column uag-hide-tab uag-hide-mob is-layout-flow wp-block-column-is-layout-flow\" style=\"flex-basis:10%\"><\/div>\n<\/div>\n\n\n\n<section class=\"wp-block-uagb-columns uagb-columns__wrap uagb-columns__background-color uagb-columns__stack-mobile uagb-columns__valign- uagb-columns__gap-10 align uagb-block-d24ca2e2 uagb-columns__columns-2 uagb-columns__max_width-theme\"><div class=\"uagb-columns__overlay\"><\/div><div class=\"uagb-columns__inner-wrap uagb-columns__columns-2\">\n<div class=\"wp-block-uagb-column uagb-column__wrap uagb-column__background-undefined uagb-block-b5edac1e\"><div class=\"uagb-column__overlay\"><\/div>\n<h3 class=\"wp-block-heading has-depth-green-color has-text-color has-32-font-size\">Rapport mondial sur l\u2019Internet 2019: Consolidation de l\u2019\u00e9conomie d\u2019Internet<\/h3>\n\n\n\n<div style=\"height:20px\" aria-hidden=\"true\" class=\"wp-block-spacer\"><\/div>\n\n\n\n<p class=\"has-18-font-size\">Dans son rapport de 2019, l\u2019Internet Society&nbsp;cherche \u00e0 d\u00e9terminer si l\u2019\u00e9conomie d\u2019Internet se consolide, et, le cas \u00e9ch\u00e9ant, quelles seraient les r\u00e9percussions potentielles de cette \u00e9volution. Avec la domination de Facebook dans la messagerie sociale, de Google dans la recherche sur Internet et d\u2019Amazon&nbsp;dans le commerce en ligne, les principales plateformes&nbsp;en ligne s\u2019accaparent des interactions humaines fondamentales. Cette position dominante, les ressources financi\u00e8res et la port\u00e9e qui l\u2019accompagnent permettent aux plateformes d\u2019\u00e9tendre leur influence et d\u2019acc\u00e9der \u00e0 de nouveaux espaces de march\u00e9, des v\u00e9hicules autonomes \u00e0 l\u2019intelligence artificielle en passant par les services infonuagiques et plus encore. Cette influence s\u2019appuie sur les effets sans pr\u00e9c\u00e9dent des r\u00e9seaux, les vastes r\u00e9serves de donn\u00e9es sur les utilisateurs, l\u2019agilit\u00e9 commerciale et la faiblesse du cadre r\u00e9glementaire, facteurs rarement accessibles \u00e0 d\u2019autres types d\u2019entreprises.<\/p>\n\n\n\n<p class=\"has-18-font-size\">Dans ce rapport, l\u2019Internet Society&nbsp;reconna\u00eet les aspects extr\u00eamement pratiques qu\u2019apportent ces plateformes&nbsp;aux internautes. Par ailleurs, l\u2019Internet Society&nbsp;reconna\u00eet \u00e9galement les inqui\u00e9tudes exprim\u00e9es par certains au sujet de cette position dominante et de la responsabilit\u00e9 de ces entreprises vis-\u00e0-vis de la soci\u00e9t\u00e9 et de l\u2019\u00e9conomie. Le rapport de 2019 \u00e9tudie ces probl\u00e9matiques et examine cinq tendances et th\u00e8mes cl\u00e9s qui sont ressortis au cours des nombreux \u00e9changes avec la communaut\u00e9 de l\u2019Internet Society, ainsi que&nbsp;dans les enqu\u00eates et les entretiens avec des experts, des leaders d\u2019opinion et des influenceurs.<\/p>\n\n\n\n<div class=\"wp-block-buttons is-vertical is-layout-flex wp-container-core-buttons-is-layout-8cf370e7 wp-block-buttons-is-layout-flex\">\n<div class=\"wp-block-button\"><a class=\"wp-block-button__link has-white-color has-green-background-color has-text-color has-background wp-element-button\" href=\"https:\/\/www.internetsociety.org\/fr\/resources\/doc\/2019\/global-internet-report-2019\/\">Lire notre rapport 2019<\/a><\/div>\n<\/div>\n<\/div>\n\n\n\n<div class=\"wp-block-uagb-column uagb-column__wrap uagb-column__background-undefined uagb-block-67964f97\"><div class=\"uagb-column__overlay\"><\/div>\n<figure class=\"wp-block-image size-large\"><img decoding=\"async\" src=\"https:\/\/www.internetsociety.org\/wp-content\/uploads\/2022\/12\/internet-economy-illustration-FR.png\" alt=\"illustration en forme de triangle ayant l'\u00e9conomie Internet au centre et les applications Internet, la fourniture d'acc\u00e8s et l'infrastructure de service dans les coins\"\/><\/figure>\n\n\n\n<p class=\"has-12-font-size\">L\u2019\u00e9conomie d\u2019Internet, telle qu\u2019on l\u2019entend dans le pr\u00e9sent rapport, est d\u00e9finie au sens large comme les activit\u00e9s \u00e9conomiques qui soit soutiennent Internet, soit d\u00e9pendent fondamentalement de son existence.<\/p>\n<\/div>\n<\/div><\/section>\n\n\n\n<section class=\"wp-block-uagb-columns uagb-columns__wrap uagb-columns__background-none uagb-columns__stack-mobile uagb-columns__valign- uagb-columns__gap-10 align uagb-block-d10306da uagb-columns__columns-2 uagb-columns__max_width-theme\"><div class=\"uagb-columns__overlay\"><\/div><div class=\"uagb-columns__inner-wrap uagb-columns__columns-2\">\n<div class=\"wp-block-uagb-column uagb-column__wrap uagb-column__background-undefined uagb-block-8cc9dbf0\"><div class=\"uagb-column__overlay\"><\/div>\n<h4 class=\"wp-block-heading has-depth-green-color has-text-color\">Rapport mondial sur l\u2019Internet 2017: Chemins vers notre avenir num\u00e9rique<\/h4>\n\n\n\n<div style=\"height:20px\" aria-hidden=\"true\" class=\"wp-block-spacer\"><\/div>\n\n\n\n<p class=\"has-18-font-size\">L&rsquo;humanit\u00e9 doit \u00eatre au centre de l&rsquo;Internet de demain. C&rsquo;est \u00e0 nous de fa\u00e7onner son avenir le mieux possible pour la prochaine g\u00e9n\u00e9ration. Nous ne pouvons pas consid\u00e9rer Internet comme acquis. Le chemin vers notre futur num\u00e9rique repose entre nos mains. Nous pouvons commencer aujourd\u2019hui en prenant des mesures qui pr\u00e9servent les valeurs sous-jacentes d\u2019Internet et le maintiennent ouvert, connect\u00e9 et s\u00e9curis\u00e9 au niveau mondial.<\/p>\n\n\n\n<div class=\"wp-block-buttons is-vertical is-layout-flex wp-container-core-buttons-is-layout-8cf370e7 wp-block-buttons-is-layout-flex\">\n<div class=\"wp-block-button\"><a class=\"wp-block-button__link has-white-color has-green-background-color has-text-color has-background wp-element-button\" href=\"https:\/\/www.internetsociety.org\/fr\/resources\/doc\/2017\/global-internet-report-2017\/\">Lire notre rapport 2017<\/a><\/div>\n<\/div>\n<\/div>\n\n\n\n<div class=\"wp-block-uagb-column uagb-column__wrap uagb-column__background-undefined uagb-block-36bddee1\"><div class=\"uagb-column__overlay\"><\/div>\n<figure class=\"wp-block-embed is-type-video is-provider-youtube wp-block-embed-youtube wp-embed-aspect-16-9 wp-has-aspect-ratio\"><div class=\"wp-block-embed__wrapper\">\n<iframe loading=\"lazy\" title=\"Hopes and Fears for the Future Internet\" width=\"500\" height=\"281\" src=\"https:\/\/www.youtube.com\/embed\/ncawg-7RwBA?feature=oembed\" frameborder=\"0\" allow=\"accelerometer; autoplay; clipboard-write; encrypted-media; gyroscope; picture-in-picture; web-share\" referrerpolicy=\"strict-origin-when-cross-origin\" allowfullscreen><\/iframe>\n<\/div><\/figure>\n<\/div>\n<\/div><\/section>\n\n\n\n<section class=\"wp-block-uagb-columns uagb-columns__wrap uagb-columns__background-none uagb-columns__stack-mobile uagb-columns__valign- uagb-columns__gap-10 align uagb-block-ced2bf4d uagb-columns__columns-2 uagb-columns__max_width-theme\"><div class=\"uagb-columns__overlay\"><\/div><div class=\"uagb-columns__inner-wrap uagb-columns__columns-2\">\n<div class=\"wp-block-uagb-column uagb-column__wrap uagb-column__background-undefined uagb-block-742c1e1d\"><div class=\"uagb-column__overlay\"><\/div>\n<h4 class=\"wp-block-heading has-depth-green-color has-text-color\">Rapport mondial sur l\u2019Internet 2016: L&rsquo;\u00e9conomie de la confiance en ligne de construction: Pr\u00e9vention des violations de donn\u00e9es<\/h4>\n\n\n\n<div style=\"height:20px\" aria-hidden=\"true\" class=\"wp-block-spacer\"><\/div>\n\n\n\n<p class=\"has-18-font-size\">Nous sommes aujourd\u2019hui \u00e0 un moment d\u2019\u00e9volution dans l\u2019\u00e9volution d\u2019Internet. Les violations de donn\u00e9es \u00e0 grande \u00e9chelle, les incertitudes sur l\u2019utilisation de nos donn\u00e9es, la cybercriminalit\u00e9, la surveillance et autres menaces en ligne \u00e9rodent la confiance des utilisateurs et la fa\u00e7on dont ils utilisent Internet. L\u2019\u00e9rosion de la confiance affecte ainsi Internet et fa\u00e7onne l\u2019environnement politique d\u2019Internet dans le monde entier. Le Global Internet Report 2016 examine de pr\u00e8s les donn\u00e9es d\u00e9cisives et fournit des recommandations claires sur la voie \u00e0 suivre.<\/p>\n\n\n\n<div class=\"wp-block-buttons is-vertical is-layout-flex wp-container-core-buttons-is-layout-8cf370e7 wp-block-buttons-is-layout-flex\">\n<div class=\"wp-block-button\"><a class=\"wp-block-button__link has-white-color has-green-background-color has-text-color has-background wp-element-button\" href=\"https:\/\/www.internetsociety.org\/resources\/doc\/2016\/global-internet-report-2016\/\">Lire notre rapport 2016<\/a><\/div>\n<\/div>\n<\/div>\n\n\n\n<div class=\"wp-block-uagb-column uagb-column__wrap uagb-column__background-undefined uagb-block-5b541c99\"><div class=\"uagb-column__overlay\"><\/div>\n<figure class=\"wp-block-embed is-type-video is-provider-youtube wp-block-embed-youtube wp-embed-aspect-16-9 wp-has-aspect-ratio\"><div class=\"wp-block-embed__wrapper\">\n<iframe loading=\"lazy\" title=\"The Economics Of Trust: Data Breaches and How To Prevent Them\" width=\"500\" height=\"281\" src=\"https:\/\/www.youtube.com\/embed\/FxPRGDF-9iY?feature=oembed\" frameborder=\"0\" allow=\"accelerometer; autoplay; clipboard-write; encrypted-media; gyroscope; picture-in-picture; web-share\" referrerpolicy=\"strict-origin-when-cross-origin\" allowfullscreen><\/iframe>\n<\/div><\/figure>\n<\/div>\n<\/div><\/section>\n\n\n\n<section class=\"wp-block-uagb-columns uagb-columns__wrap uagb-columns__background-none uagb-columns__stack-mobile uagb-columns__valign- uagb-columns__gap-10 align uagb-block-c9601f76 uagb-columns__columns-2 uagb-columns__max_width-theme\"><div class=\"uagb-columns__overlay\"><\/div><div class=\"uagb-columns__inner-wrap uagb-columns__columns-2\">\n<div class=\"wp-block-uagb-column uagb-column__wrap uagb-column__background-undefined uagb-block-85e12d02\"><div class=\"uagb-column__overlay\"><\/div>\n<h4 class=\"wp-block-heading has-depth-green-color has-text-color\">Rapport mondial sur l&rsquo;Internet 2015&nbsp;: \u00c9volution de la t\u00e9l\u00e9phonie mobile et d\u00e9veloppement de l&rsquo;Internet mondial<\/h4>\n\n\n\n<div style=\"height:20px\" aria-hidden=\"true\" class=\"wp-block-spacer\"><\/div>\n\n\n\n<p class=\"has-18-font-size\">Bien qu&rsquo;il ne fasse aucun doute que l&rsquo;Internet mobile change tout, il existe encore de grandes raisons pour lesquelles les gens ne se connectent pas. Le Rapport mondial sur l&rsquo;Internet 2015 pr\u00e9sente des donn\u00e9es qui montrent qu&rsquo;il ne s&rsquo;agit pas toujours de savoir s&rsquo;il est disponible, mais plut\u00f4t de savoir \u00e0 quel point le co\u00fbt et le manque de contenu utile sont au c\u0153ur des raisons pour lesquelles les gens n&rsquo;optent pas.<\/p>\n\n\n\n<div class=\"wp-block-buttons is-vertical is-layout-flex wp-container-core-buttons-is-layout-8cf370e7 wp-block-buttons-is-layout-flex\">\n<div class=\"wp-block-button\"><a class=\"wp-block-button__link has-white-color has-green-background-color has-text-color has-background wp-element-button\" href=\"https:\/\/www.internetsociety.org\/resources\/doc\/2015\/global-internet-report-2015\/\">Lire notre rapport 2015<\/a><\/div>\n<\/div>\n<\/div>\n\n\n\n<div class=\"wp-block-uagb-column uagb-column__wrap uagb-column__background-undefined uagb-block-946209d8\"><div class=\"uagb-column__overlay\"><\/div>\n<figure class=\"wp-block-embed is-type-video is-provider-youtube wp-block-embed-youtube wp-embed-aspect-16-9 wp-has-aspect-ratio\"><div class=\"wp-block-embed__wrapper\">\n<iframe loading=\"lazy\" title=\"Global Internet Report 2015\" width=\"500\" height=\"281\" src=\"https:\/\/www.youtube.com\/embed\/NWnwn8RXOtE?feature=oembed\" frameborder=\"0\" allow=\"accelerometer; autoplay; clipboard-write; encrypted-media; gyroscope; picture-in-picture; web-share\" referrerpolicy=\"strict-origin-when-cross-origin\" allowfullscreen><\/iframe>\n<\/div><\/figure>\n<\/div>\n<\/div><\/section>\n\n\n\n<section class=\"wp-block-uagb-columns uagb-columns__wrap uagb-columns__background-none uagb-columns__stack-mobile uagb-columns__valign- uagb-columns__gap-10 align uagb-block-8422be71 uagb-columns__columns-2 uagb-columns__max_width-theme\"><div class=\"uagb-columns__overlay\"><\/div><div class=\"uagb-columns__inner-wrap uagb-columns__columns-2\">\n<div class=\"wp-block-uagb-column uagb-column__wrap uagb-column__background-undefined uagb-block-5b5c44ab\"><div class=\"uagb-column__overlay\"><\/div>\n<h4 class=\"wp-block-heading has-depth-green-color has-text-color\">Rapport mondial sur l&rsquo;Internet 2014 : Acc\u00e8s ouvert et durable pour tous<\/h4>\n\n\n\n<div style=\"height:20px\" aria-hidden=\"true\" class=\"wp-block-spacer\"><\/div>\n\n\n\n<p class=\"has-18-font-size\">Le premier de la s\u00e9rie, Rapport mondial sur l&rsquo;Internet 2014 se concentre sur l&rsquo;Internet ouvert et durable &#8211; ce que nous entendons par l\u00e0, quels avantages il apporte, et comment surmonter les menaces qui emp\u00eachent ceux d&rsquo;entre nous d\u00e9j\u00e0 en ligne de profiter de tous les avantages, et ce qui emp\u00eache les non-utilisateurs d&rsquo;aller en ligne en premier lieu.<\/p>\n\n\n\n<div class=\"wp-block-buttons is-vertical is-layout-flex wp-container-core-buttons-is-layout-8cf370e7 wp-block-buttons-is-layout-flex\">\n<div class=\"wp-block-button\"><a class=\"wp-block-button__link has-white-color has-green-background-color has-text-color has-background wp-element-button\" href=\"https:\/\/www.internetsociety.org\/resources\/doc\/2015\/global-internet-report-2014\/\">Lire notre rapport 2014<\/a><\/div>\n<\/div>\n<\/div>\n\n\n\n<div class=\"wp-block-uagb-column uagb-column__wrap uagb-column__background-undefined uagb-block-8f157b37\"><div class=\"uagb-column__overlay\"><\/div>\n<figure class=\"wp-block-image size-large\"><img decoding=\"async\" src=\"https:\/\/www.internetsociety.org\/wp-content\/uploads\/2018\/03\/gir2014-1.png\" alt=\"une carte du monde montrant les niveaux de p\u00e9n\u00e9tration d'Internet en 2012\"\/><\/figure>\n<\/div>\n<\/div><\/section>\n\n\n\n<div class=\"wp-block-columns margin-bottom-0 has-neutral-white-background-color has-background is-layout-flex wp-container-core-columns-is-layout-9d6595d7 wp-block-columns-is-layout-flex\">\n<div class=\"wp-block-column uag-hide-tab uag-hide-mob is-layout-flow wp-block-column-is-layout-flow\" style=\"flex-basis:10%\"><\/div>\n\n\n\n<div class=\"wp-block-column is-layout-flow wp-block-column-is-layout-flow\" style=\"flex-basis:80%\">\n<div style=\"height:40px\" aria-hidden=\"true\" class=\"wp-block-spacer\"><\/div>\n\n\n\n<h4 class=\"wp-block-heading has-depth-green-color has-text-color\">Actualit\u00e9s <\/h4>\n\n\n\n<div style=\"height:30px\" aria-hidden=\"true\" class=\"wp-block-spacer\"><\/div>\n\n\n\n\t\t\t<div class=\"wp-block-uagb-post-grid uagb-post-grid  uagb-post__image-position-top uagb-post__image-disabled uagb-block-b31b9914     uagb-post__items uagb-post__columns-3 is-grid uagb-post__columns-tablet-2 uagb-post__columns-mobile-1 uagb-post__equal-height\" data-total=\"0\" style=\"\">\n\n\t\t\t\t\t\t\t\t\t<p class=\"uagb-post__no-posts\">\n\t\t\t\t\t\tNo post found!\t\t\t\t\t<\/p>\n\t\t\t\t\t\t\t\t\t\t<div class=\"uagb-post-pagination-wrap\">\n\t\t\t\t\t\t\t\t\t\t\t<\/div>\n\t\t\t\t\t\t\t\t<\/div>\n\t\t\t\n\n\n<div style=\"height:40px\" aria-hidden=\"true\" class=\"wp-block-spacer\"><\/div>\n<\/div>\n\n\n\n<div class=\"wp-block-column uag-hide-tab uag-hide-mob is-layout-flow wp-block-column-is-layout-flow\" style=\"flex-basis:10%\"><\/div>\n<\/div>\n\n\n\n<div class=\"wp-block-columns are-vertically-aligned-center is-not-stacked-on-mobile margin-bottom-0 has-neutral-green-background-color has-background is-layout-flex wp-container-core-columns-is-layout-9d6595d7 wp-block-columns-is-layout-flex\">\n<div class=\"wp-block-column is-vertically-aligned-center is-layout-flow wp-block-column-is-layout-flow\" style=\"flex-basis:10%\"><\/div>\n\n\n\n<div class=\"wp-block-column is-vertically-aligned-center is-layout-flow wp-block-column-is-layout-flow\" style=\"flex-basis:80%\">\n<div style=\"height:30px\" aria-hidden=\"true\" class=\"wp-block-spacer\"><\/div>\n\n\n\n<div class=\"wp-block-columns are-vertically-aligned-center is-layout-flex wp-container-core-columns-is-layout-9d6595d7 wp-block-columns-is-layout-flex\">\n<div class=\"wp-block-column is-vertically-aligned-center is-layout-flow wp-block-column-is-layout-flow\" style=\"flex-basis:66.66%\">\n<h5 class=\"wp-block-heading has-depth-teal-color has-text-color\">Avez-vous trouv\u00e9 cette ressource utile ? Votre don, quel que soit son montant, nous aidera \u00e0 financer d&rsquo;autres recherches et contenus similaires.<\/h5>\n<\/div>\n\n\n\n<div class=\"wp-block-column is-vertically-aligned-center is-layout-flow wp-block-column-is-layout-flow\" style=\"flex-basis:33.33%\">\n<div class=\"wp-block-buttons is-horizontal is-content-justification-center is-layout-flex wp-container-core-buttons-is-layout-499968f5 wp-block-buttons-is-layout-flex\">\n<div class=\"wp-block-button animated fadeIn is-style-outline is-style-outline--1\"><a class=\"wp-block-button__link has-depth-teal-color has-text-color wp-element-button\" href=\"https:\/\/www.internetsociety.org\/fr\/donate\/\"><strong>\u2665 Faire un don<\/strong><\/a><\/div>\n<\/div>\n<\/div>\n<\/div>\n\n\n\n<div style=\"height:20px\" aria-hidden=\"true\" class=\"wp-block-spacer\"><\/div>\n<\/div>\n\n\n\n<div class=\"wp-block-column is-vertically-aligned-center is-layout-flow wp-block-column-is-layout-flow\" style=\"flex-basis:10%\"><\/div>\n<\/div>\n","protected":false},"excerpt":{"rendered":"<p>Rapport mondial sur l\u2019Internet De la confiance \u00e0 la consolidation, de l\u2019acc\u00e8s \u00e0 la viabilit\u00e9, un regard approfondi sur les forces qui fa\u00e7onnent notre avenir num\u00e9rique. Initialement lanc\u00e9s en 2014, nos Rapports mondiaux sur l\u2019Internet sont d\u00e9velopp\u00e9s pour attirer l\u2019attention de la communaut\u00e9 Internet mondiale sur des aspects significatifs de l\u2019\u00e9volution d\u2019Internet. Le rapport pr\u00e9sente [&hellip;]<\/p>\n","protected":false},"author":46,"featured_media":0,"parent":0,"menu_order":0,"comment_status":"closed","ping_status":"closed","template":"page-wide.php","meta":{"_acf_changed":false,"_uag_custom_page_level_css":"","footnotes":""},"categories":[118],"tags":[450],"region_news_regions":[6029],"content_category":[6105],"ppma_author":[4057],"class_list":["post-183829","page","type-page","status-publish","hentry","category-qui-sommes-nous","tag-future-of-the-internet","region_news_regions-mondial","content_category-resources-type"],"acf":[],"uagb_featured_image_src":{"full":false,"thumbnail":false,"medium":false,"medium_large":false,"large":false,"1536x1536":false,"2048x2048":false,"post-thumbnail":false,"square":false,"gform-image-choice-sm":false,"gform-image-choice-md":false,"gform-image-choice-lg":false},"uagb_author_info":{"display_name":"Ivana Trbovic","author_link":"https:\/\/www.internetsociety.org\/fr\/author\/trbovic\/"},"uagb_comment_info":0,"uagb_excerpt":"Rapport mondial sur l\u2019Internet De la confiance \u00e0 la consolidation, de l\u2019acc\u00e8s \u00e0 la viabilit\u00e9, un regard approfondi sur les forces qui fa\u00e7onnent notre avenir num\u00e9rique. Initialement lanc\u00e9s en 2014, nos Rapports mondiaux sur l\u2019Internet sont d\u00e9velopp\u00e9s pour attirer l\u2019attention de la communaut\u00e9 Internet mondiale sur des aspects significatifs de l\u2019\u00e9volution d\u2019Internet. Le rapport pr\u00e9sente\u2026","_links":{"self":[{"href":"https:\/\/www.internetsociety.org\/fr\/wp-json\/wp\/v2\/pages\/183829","targetHints":{"allow":["GET"]}}],"collection":[{"href":"https:\/\/www.internetsociety.org\/fr\/wp-json\/wp\/v2\/pages"}],"about":[{"href":"https:\/\/www.internetsociety.org\/fr\/wp-json\/wp\/v2\/types\/page"}],"author":[{"embeddable":true,"href":"https:\/\/www.internetsociety.org\/fr\/wp-json\/wp\/v2\/users\/46"}],"replies":[{"embeddable":true,"href":"https:\/\/www.internetsociety.org\/fr\/wp-json\/wp\/v2\/comments?post=183829"}],"version-history":[{"count":0,"href":"https:\/\/www.internetsociety.org\/fr\/wp-json\/wp\/v2\/pages\/183829\/revisions"}],"wp:attachment":[{"href":"https:\/\/www.internetsociety.org\/fr\/wp-json\/wp\/v2\/media?parent=183829"}],"wp:term":[{"taxonomy":"category","embeddable":true,"href":"https:\/\/www.internetsociety.org\/fr\/wp-json\/wp\/v2\/categories?post=183829"},{"taxonomy":"post_tag","embeddable":true,"href":"https:\/\/www.internetsociety.org\/fr\/wp-json\/wp\/v2\/tags?post=183829"},{"taxonomy":"region_news_regions","embeddable":true,"href":"https:\/\/www.internetsociety.org\/fr\/wp-json\/wp\/v2\/region_news_regions?post=183829"},{"taxonomy":"content_category","embeddable":true,"href":"https:\/\/www.internetsociety.org\/fr\/wp-json\/wp\/v2\/content_category?post=183829"},{"taxonomy":"author","embeddable":true,"href":"https:\/\/www.internetsociety.org\/fr\/wp-json\/wp\/v2\/ppma_author?post=183829"}],"curies":[{"name":"wp","href":"https:\/\/api.w.org\/{rel}","templated":true}]}}